{"id":5380,"date":"2021-01-02T20:19:36","date_gmt":"2021-01-02T20:19:36","guid":{"rendered":"https:\/\/advancetapes.com\/products\/at160-ruban-toile-mate-impermeable-qualite-superieure\/"},"modified":"2025-09-25T10:32:26","modified_gmt":"2025-09-25T10:32:26","slug":"at160-ruban-toile-mate-impermeable-qualite-superieure","status":"publish","type":"product","link":"https:\/\/advancetapes.com\/fr\/products\/at160-ruban-toile-mate-impermeable-qualite-superieure\/","title":{"rendered":"AT0160 Ruban Toile Mate Imperm\u00e9able Qualit\u00e9 Sup\u00e9rieure"},"content":{"rendered":"<div  class='tabcontainer av-kjftr0sh-5cbeaf8b0626cf654d5dd98b301fff40 top_tab  avia-builder-el-0  avia-builder-el-no-sibling '>\n<section class='av_tab_section av_tab_section av-12br42-4d43e06b4bb480a8e3a7d218576bfdf3'  itemscope=\"itemscope\" itemtype=\"https:\/\/schema.org\/CreativeWork\" ><div id='tab-id-1-tab' class='tab active_tab' role='tab' aria-selected=\"true\" tabindex=\"0\" data-fake-id='#tab-id-1' aria-controls='tab-id-1-content'  itemprop=\"headline\" >Fonctionnalit\u00e9s<\/div><div id='tab-id-1-content' class='tab_content active_tab_content' role='tabpanel' aria-labelledby='tab-id-1-tab' aria-hidden=\"false\"><div class='tab_inner_content invers-color'  itemprop=\"text\" ><ul>\n<li>R\u00e9sistant<\/li>\n<li>Conformable<\/li>\n<li>Bonne r\u00e9sistance \u00e0 l&#8217;eau<\/li>\n<li>Bonne r\u00e9sistance \u00e0 l&#8217;abrasion et \u00e0 la perforation<\/li>\n<li>Tr\u00e8s bonne r\u00e9sistance \u00e0 long terme \u00e0 l&#8217;exposition aux intemp\u00e9ries<\/li>\n<li>Large gamme de coloris<\/li>\n<li>Surface inscriptible<\/li>\n<\/ul>\n<\/div><\/div><\/section>\n<section class='av_tab_section av_tab_section av-zd90a-0967393b280bb1d96611d96b6aa60788'  itemscope=\"itemscope\" itemtype=\"https:\/\/schema.org\/CreativeWork\" ><div id='tab-id-2-tab' class='tab' role='tab' aria-selected=\"false\" tabindex=\"0\" data-fake-id='#tab-id-2' aria-controls='tab-id-2-content'  itemprop=\"headline\" >Applications<\/div><div id='tab-id-2-content' class='tab_content' role='tabpanel' aria-labelledby='tab-id-2-tab' aria-hidden=\"true\"><div class='tab_inner_content invers-color'  itemprop=\"text\" ><ul>\n<li>Protection des pales de turbine pendant les travaux de remise \u00e0 neuf<\/li>\n<li>Signalisation par couleur, fermeture des caisses de munitions et r\u00e9paration urgente pour les forces arm\u00e9es<\/li>\n<li>Assemblage des feuilles et panneaux de rev\u00eatement r\u00e9sistants en poly\u00e9thyl\u00e8ne<\/li>\n<li>\u00c9pissure et assemblage pendant les processus de fabrication<\/li>\n<li>Protection contre les \u00e9clats de pierre (AML)<\/li>\n<li>Scellage des f\u00fbts en fibres<\/li>\n<\/ul>\n<\/div><\/div><\/section>\n<section class='av_tab_section av_tab_section av-t8w4y-f4a6b0aee83851fda4744243de011925'  itemscope=\"itemscope\" itemtype=\"https:\/\/schema.org\/CreativeWork\" ><div id='tab-id-3-tab' class='tab' role='tab' aria-selected=\"false\" tabindex=\"0\" data-fake-id='#tab-id-3' aria-controls='tab-id-3-content'  itemprop=\"headline\" >Technical<\/div><div id='tab-id-3-content' class='tab_content' role='tabpanel' aria-labelledby='tab-id-3-tab' aria-hidden=\"true\"><div class='tab_inner_content invers-color'  itemprop=\"text\" ><div class=\"col-xs-24 col-sm-12\">\n<table cellspacing=\"0\" cellpadding=\"0\">\n<tbody>\n<tr>\n<td><strong>Type de Produit<\/strong><\/td>\n<td>Toile<\/td>\n<\/tr>\n<tr>\n<td><strong>Type d&#8217;Adh\u00e9sif<\/strong><\/td>\n<td>Masse adh\u00e9sive en r\u00e9sine de caoutchouc sans solvant<\/td>\n<\/tr>\n<tr>\n<td><strong>\u00c9paisseur<\/strong><\/td>\n<td>0.33 mm<\/td>\n<\/tr>\n<tr>\n<td><strong>R\u00e9sistance \u00e0 la rupture<\/strong><\/td>\n<td>85 N\/cm<\/td>\n<\/tr>\n<tr>\n<td><strong>Allongement<\/strong><\/td>\n<td>8%<\/td>\n<\/tr>\n<tr>\n<td><strong>Adh\u00e9sion sur acier<\/strong><\/td>\n<td>3.5 N\/cm<\/td>\n<\/tr>\n<tr>\n<td><strong>Adh\u00e9sion sur endos<\/strong><\/td>\n<td>2.2 N\/cm<\/td>\n<\/tr>\n<tr>\n<td><strong>Tenue en temp\u00e9rature<\/strong><\/td>\n<td>-50\u00b0C to +80\u00b0C<\/td>\n<\/tr>\n<tr>\n<td><strong>Conformit\u00e9 RoHS<\/strong><\/td>\n<td>Oui<\/td>\n<\/tr>\n<tr>\n<td><strong>Specification<\/strong><\/td>\n<td>DEF STAN 81-25<\/td>\n<\/tr>\n<\/tbody>\n<\/table>\n<\/div>\n<\/div><\/div><\/section>\n<section class='av_tab_section av_tab_section av-piqt-c78631c4603ff59fef417d06594d5e20'  itemscope=\"itemscope\" itemtype=\"https:\/\/schema.org\/CreativeWork\" ><div id='tab-id-4-tab' class='tab' role='tab' aria-selected=\"false\" tabindex=\"0\" data-fake-id='#tab-id-4' aria-controls='tab-id-4-content'  itemprop=\"headline\" >Colours<\/div><div id='tab-id-4-content' class='tab_content' role='tabpanel' aria-labelledby='tab-id-4-tab' aria-hidden=\"true\"><div class='tab_inner_content invers-color'  itemprop=\"text\" ><\/div><\/div><\/section>\n<\/div>\n","protected":false},"excerpt":{"rendered":"<div class=\"col-xs-24 col-sm-12 product-page__images\">\n<div class=\"sp-wrap sp-non-touch\">\n<div class=\"sp-thumbs sp-tb-active\"><strong>En conformit\u00e9 avec la norme DEF STAN 81-25\/4<\/strong><\/div>\n<\/div>\n<\/div>\n<div class=\"col-xs-24 col-sm-12\">\n<div class=\"first_para_desc\">\n<p>L\u2019AT160 est un ruban toile polyth\u00e8ne extrud\u00e9e, enduit d\u2019une finition imperm\u00e9able et de l\u2019autre c\u00f4t\u00e9 d\u2019une masse adh\u00e9sive en r\u00e9sine de caoutchouc sans solvant sensible \u00e0 la pression.<\/p>\n<\/div>\n<\/div>\n","protected":false},"featured_media":7924,"template":"","meta":{"_acf_changed":false},"product_brand":[],"product_cat":[530,327],"product_tag":[328,329,330,331,334],"class_list":{"0":"post-5380","1":"product","2":"type-product","3":"status-publish","4":"has-post-thumbnail","6":"product_cat-agriculture-fr","7":"product_cat-toile","8":"product_tag-agriculture-fr","9":"product_tag-building-fr","10":"product_tag-entertainment-fr","11":"product_tag-industrial-consumables-fr","12":"product_tag-nuclear-fr","14":"first","15":"instock","16":"shipping-taxable","17":"product-type-simple"},"acf":[],"yoast_head":"<!-- This site is optimized with the Yoast SEO plugin v27.4 - https:\/\/yoast.com\/product\/yoast-seo-wordpress\/ -->\n<title>AT0160 Ruban Toile Mate Imperm\u00e9able Qualit\u00e9 Sup\u00e9rieure - Advance Tapes<\/title>\n<meta name=\"robots\" content=\"index, follow, max-snippet:-1, max-image-preview:large, max-video-preview:-1\" \/>\n<link rel=\"canonical\" href=\"https:\/\/advancetapes.com\/fr\/products\/at160-ruban-toile-mate-impermeable-qualite-superieure\/\" \/>\n<meta property=\"og:locale\" content=\"fr_FR\" \/>\n<meta property=\"og:type\" content=\"article\" \/>\n<meta property=\"og:title\" content=\"AT0160 Ruban Toile Mate Imperm\u00e9able Qualit\u00e9 Sup\u00e9rieure - Advance Tapes\" \/>\n<meta property=\"og:description\" content=\"En conformit\u00e9 avec la norme DEF STAN 81-25\/4      L\u2019AT160 est un ruban toile polyth\u00e8ne extrud\u00e9e, enduit d\u2019une finition imperm\u00e9able et de l\u2019autre c\u00f4t\u00e9 d\u2019une masse adh\u00e9sive en r\u00e9sine de caoutchouc sans solvant sensible \u00e0 la pression.\" \/>\n<meta property=\"og:url\" content=\"https:\/\/advancetapes.com\/fr\/products\/at160-ruban-toile-mate-impermeable-qualite-superieure\/\" \/>\n<meta property=\"og:site_name\" content=\"Advance Tapes\" \/>\n<meta property=\"article:modified_time\" content=\"2025-09-25T10:32:26+00:00\" \/>\n<meta property=\"og:image\" content=\"https:\/\/advancetapes.com\/wp-content\/uploads\/2021\/01\/AT160-final-white-background-1030x687.png\" \/>\n\t<meta property=\"og:image:width\" content=\"1030\" \/>\n\t<meta property=\"og:image:height\" content=\"687\" \/>\n\t<meta property=\"og:image:type\" content=\"image\/png\" \/>\n<meta name=\"twitter:card\" content=\"summary_large_image\" \/>\n<meta name=\"twitter:label1\" content=\"Est. reading time\" \/>\n\t<meta name=\"twitter:data1\" content=\"1 minute\" \/>\n<!-- \/ Yoast SEO plugin. -->","yoast_head_json":{"title":"AT0160 Ruban Toile Mate Imperm\u00e9able Qualit\u00e9 Sup\u00e9rieure - Advance Tapes","robots":{"index":"index","follow":"follow","max-snippet":"max-snippet:-1","max-image-preview":"max-image-preview:large","max-video-preview":"max-video-preview:-1"},"canonical":"https:\/\/advancetapes.com\/fr\/products\/at160-ruban-toile-mate-impermeable-qualite-superieure\/","og_locale":"fr_FR","og_type":"article","og_title":"AT0160 Ruban Toile Mate Imperm\u00e9able Qualit\u00e9 Sup\u00e9rieure - Advance Tapes","og_description":"En conformit\u00e9 avec la norme DEF STAN 81-25\/4      L\u2019AT160 est un ruban toile polyth\u00e8ne extrud\u00e9e, enduit d\u2019une finition imperm\u00e9able et de l\u2019autre c\u00f4t\u00e9 d\u2019une masse adh\u00e9sive en r\u00e9sine de caoutchouc sans solvant sensible \u00e0 la pression.","og_url":"https:\/\/advancetapes.com\/fr\/products\/at160-ruban-toile-mate-impermeable-qualite-superieure\/","og_site_name":"Advance Tapes","article_modified_time":"2025-09-25T10:32:26+00:00","og_image":[{"width":1030,"height":687,"url":"https:\/\/advancetapes.com\/wp-content\/uploads\/2021\/01\/AT160-final-white-background-1030x687.png","type":"image\/png"}],"twitter_card":"summary_large_image","twitter_misc":{"Est. reading time":"1 minute"},"schema":{"@context":"https:\/\/schema.org","@graph":[{"@type":"WebPage","@id":"https:\/\/advancetapes.com\/fr\/products\/at160-ruban-toile-mate-impermeable-qualite-superieure\/","url":"https:\/\/advancetapes.com\/fr\/products\/at160-ruban-toile-mate-impermeable-qualite-superieure\/","name":"AT0160 Ruban Toile Mate Imperm\u00e9able Qualit\u00e9 Sup\u00e9rieure - Advance Tapes","isPartOf":{"@id":"https:\/\/advancetapes.com\/fr\/#website"},"primaryImageOfPage":{"@id":"https:\/\/advancetapes.com\/fr\/products\/at160-ruban-toile-mate-impermeable-qualite-superieure\/#primaryimage"},"image":{"@id":"https:\/\/advancetapes.com\/fr\/products\/at160-ruban-toile-mate-impermeable-qualite-superieure\/#primaryimage"},"thumbnailUrl":"https:\/\/advancetapes.com\/wp-content\/uploads\/2021\/01\/AT160-final-white-background.png","datePublished":"2021-01-02T20:19:36+00:00","dateModified":"2025-09-25T10:32:26+00:00","breadcrumb":{"@id":"https:\/\/advancetapes.com\/fr\/products\/at160-ruban-toile-mate-impermeable-qualite-superieure\/#breadcrumb"},"inLanguage":"fr-FR","potentialAction":[{"@type":"ReadAction","target":["https:\/\/advancetapes.com\/fr\/products\/at160-ruban-toile-mate-impermeable-qualite-superieure\/"]}]},{"@type":"ImageObject","inLanguage":"fr-FR","@id":"https:\/\/advancetapes.com\/fr\/products\/at160-ruban-toile-mate-impermeable-qualite-superieure\/#primaryimage","url":"https:\/\/advancetapes.com\/wp-content\/uploads\/2021\/01\/AT160-final-white-background.png","contentUrl":"https:\/\/advancetapes.com\/wp-content\/uploads\/2021\/01\/AT160-final-white-background.png","width":4896,"height":3264},{"@type":"BreadcrumbList","@id":"https:\/\/advancetapes.com\/fr\/products\/at160-ruban-toile-mate-impermeable-qualite-superieure\/#breadcrumb","itemListElement":[{"@type":"ListItem","position":1,"name":"Home","item":"https:\/\/advancetapes.com\/fr\/"},{"@type":"ListItem","position":2,"name":"Products","item":"https:\/\/advancetapes.com\/fr\/products\/"},{"@type":"ListItem","position":3,"name":"AT0160 Ruban Toile Mate Imperm\u00e9able Qualit\u00e9 Sup\u00e9rieure"}]},{"@type":"WebSite","@id":"https:\/\/advancetapes.com\/fr\/#website","url":"https:\/\/advancetapes.com\/fr\/","name":"Advance Tapes","description":"Adding more to adhesive tape","potentialAction":[{"@type":"SearchAction","target":{"@type":"EntryPoint","urlTemplate":"https:\/\/advancetapes.com\/fr\/?s={search_term_string}"},"query-input":{"@type":"PropertyValueSpecification","valueRequired":true,"valueName":"search_term_string"}}],"inLanguage":"fr-FR"}]}},"_links":{"self":[{"href":"https:\/\/advancetapes.com\/fr\/wp-json\/wp\/v2\/product\/5380","targetHints":{"allow":["GET"]}}],"collection":[{"href":"https:\/\/advancetapes.com\/fr\/wp-json\/wp\/v2\/product"}],"about":[{"href":"https:\/\/advancetapes.com\/fr\/wp-json\/wp\/v2\/types\/product"}],"wp:featuredmedia":[{"embeddable":true,"href":"https:\/\/advancetapes.com\/fr\/wp-json\/wp\/v2\/media\/7924"}],"wp:attachment":[{"href":"https:\/\/advancetapes.com\/fr\/wp-json\/wp\/v2\/media?parent=5380"}],"wp:term":[{"taxonomy":"product_brand","embeddable":true,"href":"https:\/\/advancetapes.com\/fr\/wp-json\/wp\/v2\/product_brand?post=5380"},{"taxonomy":"product_cat","embeddable":true,"href":"https:\/\/advancetapes.com\/fr\/wp-json\/wp\/v2\/product_cat?post=5380"},{"taxonomy":"product_tag","embeddable":true,"href":"https:\/\/advancetapes.com\/fr\/wp-json\/wp\/v2\/product_tag?post=5380"}],"curies":[{"name":"wp","href":"https:\/\/api.w.org\/{rel}","templated":true}]}}