{"id":5376,"date":"2021-01-02T20:11:14","date_gmt":"2021-01-02T20:11:14","guid":{"rendered":"https:\/\/advancetapes.com\/products\/at159-ruban-toile-mate-impermeable-haute-qualite\/"},"modified":"2025-04-02T08:46:49","modified_gmt":"2025-04-02T08:46:49","slug":"at159-ruban-toile-mate-impermeable-haute-qualite","status":"publish","type":"product","link":"https:\/\/advancetapes.com\/fr\/products\/at159-ruban-toile-mate-impermeable-haute-qualite\/","title":{"rendered":"AT0159 Ruban Toile Mate Imperm\u00e9able Haute Qualit\u00e9"},"content":{"rendered":"<p><span data-mce-type=\"bookmark\" style=\"display: inline-block; width: 0px; overflow: hidden; line-height: 0;\" class=\"mce_SELRES_start\">\ufeff<\/span><div  class='tabcontainer av-kjftr0sh-5cbeaf8b0626cf654d5dd98b301fff40 top_tab  avia-builder-el-0  avia-builder-el-no-sibling '>\n<section class='av_tab_section av_tab_section av-12f83v-3b0013ea112920d0743c89450f46b586'  itemscope=\"itemscope\" itemtype=\"https:\/\/schema.org\/CreativeWork\" ><div id='tab-id-1-tab' class='tab active_tab' role='tab' aria-selected=\"true\" tabindex=\"0\" data-fake-id='#tab-id-1' aria-controls='tab-id-1-content'  itemprop=\"headline\" >Fonctionnalit\u00e9s<\/div><div id='tab-id-1-content' class='tab_content active_tab_content' role='tabpanel' aria-labelledby='tab-id-1-tab' aria-hidden=\"false\"><div class='tab_inner_content invers-color'  itemprop=\"text\" ><ul>\n<li>R\u00e9sistant<\/li>\n<li>Adh\u00e9sif tr\u00e8s puissant<\/li>\n<li>D\u00e9roulement tr\u00e8s facile et d\u00e9coupe facile<\/li>\n<li>Conformable<\/li>\n<li>Bonne r\u00e9sistance \u00e0 l&#8217;eau<\/li>\n<li>Bonne r\u00e9sistance \u00e0 l\u2019abrasion<\/li>\n<li>Large gamme de coloris<\/li>\n<li>Surface inscriptible<\/li>\n<\/ul>\n<\/div><\/div><\/section>\n<section class='av_tab_section av_tab_section av-zkjcj-214e541fb49288f1568270ad90fa14d1'  itemscope=\"itemscope\" itemtype=\"https:\/\/schema.org\/CreativeWork\" ><div id='tab-id-2-tab' class='tab' role='tab' aria-selected=\"false\" tabindex=\"0\" data-fake-id='#tab-id-2' aria-controls='tab-id-2-content'  itemprop=\"headline\" >Applications<\/div><div id='tab-id-2-content' class='tab_content' role='tabpanel' aria-labelledby='tab-id-2-tab' aria-hidden=\"true\"><div class='tab_inner_content invers-color'  itemprop=\"text\" ><ul>\n<li>Reliure des livres, des dos de livre et des carnets de ch\u00e8que<\/li>\n<li>Maintien des pare brises en place pendant les traitements adh\u00e9sifs<\/li>\n<li>Marquage des sites sportifs (Melbourne Tennis Champs)<\/li>\n<li>Fixation et groupement des c\u00e2bles en faisceaux<\/li>\n<li>Fixer les luminaires et l&#8217;\u00e9quipement.<\/li>\n<li>Assembler et prot\u00e9ger les l\u00e9s de tapis de danse de couleur<\/li>\n<li>Scellage des f\u00fbts en fibres<\/li>\n<\/ul>\n<\/div><\/div><\/section>\n<section class='av_tab_section av_tab_section av-srq2r-07399bae8b0870d46be476acd1440a79'  itemscope=\"itemscope\" itemtype=\"https:\/\/schema.org\/CreativeWork\" ><div id='tab-id-3-tab' class='tab' role='tab' aria-selected=\"false\" tabindex=\"0\" data-fake-id='#tab-id-3' aria-controls='tab-id-3-content'  itemprop=\"headline\" >Technical<\/div><div id='tab-id-3-content' class='tab_content' role='tabpanel' aria-labelledby='tab-id-3-tab' aria-hidden=\"true\"><div class='tab_inner_content invers-color'  itemprop=\"text\" ><div class=\"col-xs-24 col-sm-12\">\n<table cellspacing=\"0\" cellpadding=\"0\">\n<tbody>\n<tr>\n<td><strong>Type de Produit<\/strong><\/td>\n<td>Toile<\/td>\n<\/tr>\n<tr>\n<td><strong>Type d&#8217;Adh\u00e9sif<\/strong><\/td>\n<td>Masse adh\u00e9sive en r\u00e9sine de caoutchouc sans solvant<\/td>\n<\/tr>\n<tr>\n<td><strong>\u00c9paisseur<\/strong><\/td>\n<td>0.28 mm<\/td>\n<\/tr>\n<tr>\n<td><strong>R\u00e9sistance \u00e0 la rupture<\/strong><\/td>\n<td>46 N\/cm<\/td>\n<\/tr>\n<tr>\n<td><strong>Allongement<\/strong><\/td>\n<td>16%<\/td>\n<\/tr>\n<tr>\n<td><strong>Adh\u00e9sion sur acier<\/strong><\/td>\n<td>4.0 N\/cm<\/td>\n<\/tr>\n<tr>\n<td><strong>Adh\u00e9sion sur endos<\/strong><\/td>\n<td>2.4 N\/cm<\/td>\n<\/tr>\n<tr>\n<td><strong>Tenue en temp\u00e9rature<\/strong><\/td>\n<td>-50\u00b0C \u00e0 +80\u00b0C<\/td>\n<\/tr>\n<tr>\n<td><strong>Conformit\u00e9 RoHS<\/strong><\/td>\n<td>Oui<\/td>\n<\/tr>\n<\/tbody>\n<\/table>\n<\/div>\n<\/div><\/div><\/section>\n<section class='av_tab_section av_tab_section av-piqt-48b82d9099e36577dd2c08fe8a3b94f7'  itemscope=\"itemscope\" itemtype=\"https:\/\/schema.org\/CreativeWork\" ><div id='tab-id-4-tab' class='tab' role='tab' aria-selected=\"false\" tabindex=\"0\" data-fake-id='#tab-id-4' aria-controls='tab-id-4-content'  itemprop=\"headline\" >Colours and Sizes<\/div><div id='tab-id-4-content' class='tab_content' role='tabpanel' aria-labelledby='tab-id-4-tab' aria-hidden=\"true\"><div class='tab_inner_content invers-color'  itemprop=\"text\" ><p><span id=\"uxm_tab_pro_color\" class=\"uxm_tab_pro_color\"><\/span><span id=\"uxm_tab_pro_color_2\" class=\"uxm_tab_pro_color\"><\/span><span id=\"uxm_tab_pro_color_3\" class=\"uxm_tab_pro_color\"><\/span><span id=\"uxm_tab_pro_color_4\" class=\"uxm_tab_pro_color\"><\/span><span id=\"uxm_tab_pro_color_5\" class=\"uxm_tab_pro_color\"><\/span><span id=\"uxm_tab_pro_color_6\" class=\"uxm_tab_pro_color\"><\/span><span id=\"uxm_tab_pro_color_7\" class=\"uxm_tab_pro_color\"><\/span><\/p>\n<table style=\"height: 50px;\" width=\"1356\" cellspacing=\"0\" cellpadding=\"0\">\n<tbody>\n<tr>\n<td><strong>Standard Stock Sizes<\/strong><\/td>\n<td>50mmx50m<\/td>\n<\/tr>\n<tr>\n<\/tr>\n<\/tbody>\n<\/table>\n<\/div><\/div><\/section>\n<\/div><span data-mce-type=\"bookmark\" style=\"display: inline-block; width: 0px; overflow: hidden; line-height: 0;\" class=\"mce_SELRES_end\">\ufeff<\/span><\/p>\n","protected":false},"excerpt":{"rendered":"<div class=\"col-xs-24 col-sm-12 product-page__images\">\n<div class=\"sp-wrap sp-non-touch\">\n<div class=\"sp-thumbs sp-tb-active\"><\/div>\n<\/div>\n<\/div>\n<div class=\"col-xs-24 col-sm-12\">\n<p>&nbsp;<\/p>\n<p><strong>L&#8217;AT159 est disponible dans la couleur de votre choix gr\u00e2ce \u00e0 notre service Advance Rapide Couleur (ARC)<\/strong><\/p>\n<p>&nbsp;<\/p>\n<div class=\"first_para_desc\">\n<p>AT159 is a strong polythene extruded, matt cloth tape coated with an aggressive, pressure sensitive solvent free rubber \u2013 resin adhesive designed for applications requiring strong adhesion and abrasion resistance.<\/p>\n<\/div>\n<div class=\"rest_of_desc\">\n<p>Suitable for external applications, this matt cloth tape offers high resistance against abrasion, water and adverse weather. AT159 can withstand the elements, so it adheres and conforms perfectly to smooth and rough surfaces over a wide temperature range from -50\u00b0C to +80\u00b0C.<\/p>\n<\/div>\n<\/div>\n","protected":false},"featured_media":8258,"template":"","meta":{"_acf_changed":false},"product_brand":[],"product_cat":[373,503,532,327],"product_tag":[329,330,331],"class_list":{"0":"post-5376","1":"product","2":"type-product","3":"status-publish","4":"has-post-thumbnail","6":"product_cat-entertainment-fr","7":"product_cat-stock-disponsible","8":"product_cat-stockatf-de-fr","9":"product_cat-toile","10":"product_tag-building-fr","11":"product_tag-entertainment-fr","12":"product_tag-industrial-consumables-fr","14":"first","15":"instock","16":"shipping-taxable","17":"product-type-simple"},"acf":[],"yoast_head":"<!-- This site is optimized with the Yoast SEO plugin v27.3 - https:\/\/yoast.com\/product\/yoast-seo-wordpress\/ -->\n<title>AT0159 Ruban Toile Mate Imperm\u00e9able Haute Qualit\u00e9 - Advance Tapes<\/title>\n<meta name=\"robots\" content=\"index, follow, max-snippet:-1, max-image-preview:large, max-video-preview:-1\" \/>\n<link rel=\"canonical\" href=\"https:\/\/advancetapes.com\/fr\/products\/at159-ruban-toile-mate-impermeable-haute-qualite\/\" \/>\n<meta property=\"og:locale\" content=\"fr_FR\" \/>\n<meta property=\"og:type\" content=\"article\" \/>\n<meta property=\"og:title\" content=\"AT0159 Ruban Toile Mate Imperm\u00e9able Haute Qualit\u00e9 - Advance Tapes\" \/>\n<meta property=\"og:description\" content=\"&nbsp;  L&#039;AT159 est disponible dans la couleur de votre choix gr\u00e2ce \u00e0 notre service Advance Rapide Couleur (ARC)  &nbsp;   AT159 is a strong polythene extruded, matt cloth tape coated with an aggressive, pressure sensitive solvent free rubber \u2013 resin adhesive designed for applications requiring strong adhesion and abrasion resistance.     Suitable for external applications, this matt cloth tape offers high resistance against abrasion, water and adverse weather. AT159 can withstand the elements, so it adheres and conforms perfectly to smooth and rough surfaces over a wide temperature range from -50\u00b0C to +80\u00b0C.\" \/>\n<meta property=\"og:url\" content=\"https:\/\/advancetapes.com\/fr\/products\/at159-ruban-toile-mate-impermeable-haute-qualite\/\" \/>\n<meta property=\"og:site_name\" content=\"Advance Tapes\" \/>\n<meta property=\"article:modified_time\" content=\"2025-04-02T08:46:49+00:00\" \/>\n<meta property=\"og:image\" content=\"https:\/\/advancetapes.com\/wp-content\/uploads\/2021\/01\/AT159-Black-1030x1030.jpg\" \/>\n\t<meta property=\"og:image:width\" content=\"1030\" \/>\n\t<meta property=\"og:image:height\" content=\"1030\" \/>\n\t<meta property=\"og:image:type\" content=\"image\/jpeg\" \/>\n<meta name=\"twitter:card\" content=\"summary_large_image\" \/>\n<meta name=\"twitter:label1\" content=\"Est. reading time\" \/>\n\t<meta name=\"twitter:data1\" content=\"1 minute\" \/>\n<!-- \/ Yoast SEO plugin. -->","yoast_head_json":{"title":"AT0159 Ruban Toile Mate Imperm\u00e9able Haute Qualit\u00e9 - Advance Tapes","robots":{"index":"index","follow":"follow","max-snippet":"max-snippet:-1","max-image-preview":"max-image-preview:large","max-video-preview":"max-video-preview:-1"},"canonical":"https:\/\/advancetapes.com\/fr\/products\/at159-ruban-toile-mate-impermeable-haute-qualite\/","og_locale":"fr_FR","og_type":"article","og_title":"AT0159 Ruban Toile Mate Imperm\u00e9able Haute Qualit\u00e9 - Advance Tapes","og_description":"&nbsp;  L'AT159 est disponible dans la couleur de votre choix gr\u00e2ce \u00e0 notre service Advance Rapide Couleur (ARC)  &nbsp;   AT159 is a strong polythene extruded, matt cloth tape coated with an aggressive, pressure sensitive solvent free rubber \u2013 resin adhesive designed for applications requiring strong adhesion and abrasion resistance.     Suitable for external applications, this matt cloth tape offers high resistance against abrasion, water and adverse weather. AT159 can withstand the elements, so it adheres and conforms perfectly to smooth and rough surfaces over a wide temperature range from -50\u00b0C to +80\u00b0C.","og_url":"https:\/\/advancetapes.com\/fr\/products\/at159-ruban-toile-mate-impermeable-haute-qualite\/","og_site_name":"Advance Tapes","article_modified_time":"2025-04-02T08:46:49+00:00","og_image":[{"width":1030,"height":1030,"url":"https:\/\/advancetapes.com\/wp-content\/uploads\/2021\/01\/AT159-Black-1030x1030.jpg","type":"image\/jpeg"}],"twitter_card":"summary_large_image","twitter_misc":{"Est. reading time":"1 minute"},"schema":{"@context":"https:\/\/schema.org","@graph":[{"@type":"WebPage","@id":"https:\/\/advancetapes.com\/fr\/products\/at159-ruban-toile-mate-impermeable-haute-qualite\/","url":"https:\/\/advancetapes.com\/fr\/products\/at159-ruban-toile-mate-impermeable-haute-qualite\/","name":"AT0159 Ruban Toile Mate Imperm\u00e9able Haute Qualit\u00e9 - Advance Tapes","isPartOf":{"@id":"https:\/\/advancetapes.com\/fr\/#website"},"primaryImageOfPage":{"@id":"https:\/\/advancetapes.com\/fr\/products\/at159-ruban-toile-mate-impermeable-haute-qualite\/#primaryimage"},"image":{"@id":"https:\/\/advancetapes.com\/fr\/products\/at159-ruban-toile-mate-impermeable-haute-qualite\/#primaryimage"},"thumbnailUrl":"https:\/\/advancetapes.com\/wp-content\/uploads\/2021\/01\/AT159-Black-scaled.jpg","datePublished":"2021-01-02T20:11:14+00:00","dateModified":"2025-04-02T08:46:49+00:00","breadcrumb":{"@id":"https:\/\/advancetapes.com\/fr\/products\/at159-ruban-toile-mate-impermeable-haute-qualite\/#breadcrumb"},"inLanguage":"fr-FR","potentialAction":[{"@type":"ReadAction","target":["https:\/\/advancetapes.com\/fr\/products\/at159-ruban-toile-mate-impermeable-haute-qualite\/"]}]},{"@type":"ImageObject","inLanguage":"fr-FR","@id":"https:\/\/advancetapes.com\/fr\/products\/at159-ruban-toile-mate-impermeable-haute-qualite\/#primaryimage","url":"https:\/\/advancetapes.com\/wp-content\/uploads\/2021\/01\/AT159-Black-scaled.jpg","contentUrl":"https:\/\/advancetapes.com\/wp-content\/uploads\/2021\/01\/AT159-Black-scaled.jpg","width":2560,"height":2560},{"@type":"BreadcrumbList","@id":"https:\/\/advancetapes.com\/fr\/products\/at159-ruban-toile-mate-impermeable-haute-qualite\/#breadcrumb","itemListElement":[{"@type":"ListItem","position":1,"name":"Home","item":"https:\/\/advancetapes.com\/fr\/"},{"@type":"ListItem","position":2,"name":"Products","item":"https:\/\/advancetapes.com\/fr\/products\/"},{"@type":"ListItem","position":3,"name":"AT0159 Ruban Toile Mate Imperm\u00e9able Haute Qualit\u00e9"}]},{"@type":"WebSite","@id":"https:\/\/advancetapes.com\/fr\/#website","url":"https:\/\/advancetapes.com\/fr\/","name":"Advance Tapes","description":"Adding more to adhesive tape","potentialAction":[{"@type":"SearchAction","target":{"@type":"EntryPoint","urlTemplate":"https:\/\/advancetapes.com\/fr\/?s={search_term_string}"},"query-input":{"@type":"PropertyValueSpecification","valueRequired":true,"valueName":"search_term_string"}}],"inLanguage":"fr-FR"}]}},"_links":{"self":[{"href":"https:\/\/advancetapes.com\/fr\/wp-json\/wp\/v2\/product\/5376","targetHints":{"allow":["GET"]}}],"collection":[{"href":"https:\/\/advancetapes.com\/fr\/wp-json\/wp\/v2\/product"}],"about":[{"href":"https:\/\/advancetapes.com\/fr\/wp-json\/wp\/v2\/types\/product"}],"wp:featuredmedia":[{"embeddable":true,"href":"https:\/\/advancetapes.com\/fr\/wp-json\/wp\/v2\/media\/8258"}],"wp:attachment":[{"href":"https:\/\/advancetapes.com\/fr\/wp-json\/wp\/v2\/media?parent=5376"}],"wp:term":[{"taxonomy":"product_brand","embeddable":true,"href":"https:\/\/advancetapes.com\/fr\/wp-json\/wp\/v2\/product_brand?post=5376"},{"taxonomy":"product_cat","embeddable":true,"href":"https:\/\/advancetapes.com\/fr\/wp-json\/wp\/v2\/product_cat?post=5376"},{"taxonomy":"product_tag","embeddable":true,"href":"https:\/\/advancetapes.com\/fr\/wp-json\/wp\/v2\/product_tag?post=5376"}],"curies":[{"name":"wp","href":"https:\/\/api.w.org\/{rel}","templated":true}]}}