{"id":9017,"date":"2023-11-06T08:56:23","date_gmt":"2023-11-06T08:56:23","guid":{"rendered":"https:\/\/advancetapes.com\/?page_id=9017"},"modified":"2023-11-23T12:04:37","modified_gmt":"2023-11-23T12:04:37","slug":"telechargez-nos-brochures","status":"publish","type":"page","link":"https:\/\/advancetapes.com\/fr\/telechargez-nos-brochures\/","title":{"rendered":"Brochures"},"content":{"rendered":"\n<style type=\"text\/css\" data-created_by=\"avia_inline_auto\" id=\"style-css-av-av_heading-b988232ba59b5d72fafa85e02a761313\">\n#top .av-special-heading.av-av_heading-b988232ba59b5d72fafa85e02a761313{\npadding-bottom:10px;\ncolor:#008b98;\n}\nbody .av-special-heading.av-av_heading-b988232ba59b5d72fafa85e02a761313 .av-special-heading-tag .heading-char{\nfont-size:25px;\n}\n.av-special-heading.av-av_heading-b988232ba59b5d72fafa85e02a761313 .special-heading-inner-border{\nborder-color:#008b98;\n}\n.av-special-heading.av-av_heading-b988232ba59b5d72fafa85e02a761313 .av-subheading{\nfont-size:15px;\n}\n<\/style>\n<div  class='av-special-heading av-av_heading-b988232ba59b5d72fafa85e02a761313 av-special-heading-h1 custom-color-heading blockquote modern-quote  avia-builder-el-0  el_before_av_table  avia-builder-el-first '><h1 class='av-special-heading-tag '  itemprop=\"headline\"  >T\u00e9l\u00e9chargez nos Brochures<\/h1><div class=\"special-heading-border\"><div class=\"special-heading-inner-border\"><\/div><\/div><\/div>\n<div class='avia-data-table-wrap av-av_table-d468729fa8178f72f522a624be40de2c avia_responsive_table avia-table-1'><table  class='avia-table avia-data-table avia_pricing_default  avia-builder-el-1  el_after_av_heading  avia-builder-el-last '  itemscope=\"itemscope\" itemtype=\"https:\/\/schema.org\/Table\" ><tbody><tr class=''><td class=''>T\u00e9l\u00e9chargez notre brochure sur l&#8217;amiante<\/td><td class=''>\n<style type=\"text\/css\" data-created_by=\"avia_inline_auto\" id=\"style-css-av-kjn90kc5-c1afaab7187f0be4a0aafbea97346648\">\n.av_font_icon.av-kjn90kc5-c1afaab7187f0be4a0aafbea97346648 .av-icon-char{\nfont-size:40px;\nline-height:40px;\n}\n<\/style>\n<span  class='av_font_icon av-kjn90kc5-c1afaab7187f0be4a0aafbea97346648 avia_animate_when_visible av-icon-style- avia-icon-pos-center avia-iconfont avia-font-entypo-fontello av-no-color avia-icon-animate'><a href='https:\/\/advancetapes.com\/wp-content\/uploads\/2023\/10\/Sep-2023-Advance-Tapes_Asbestos-Brochure_French.pdf'   class='av-icon-char' data-av_icon='\ue82d' data-av_iconfont='entypo-fontello' aria-hidden=\"false\" ><\/a><\/span><\/td><\/tr><tr class=''><td class=''>T\u00e9l\u00e9chargez notre brochure b\u00e2timent<\/td><td class=''>\n<style type=\"text\/css\" data-created_by=\"avia_inline_auto\" id=\"style-css-av-kjn90kc5-196fbf6c36ffcfe791d0ab6487e54a4e\">\n.av_font_icon.av-kjn90kc5-196fbf6c36ffcfe791d0ab6487e54a4e .av-icon-char{\nfont-size:40px;\nline-height:40px;\n}\n<\/style>\n<span  class='av_font_icon av-kjn90kc5-196fbf6c36ffcfe791d0ab6487e54a4e avia_animate_when_visible av-icon-style- avia-icon-pos-center avia-iconfont avia-font-entypo-fontello av-no-color avia-icon-animate'><a href='https:\/\/advancetapes.com\/wp-content\/uploads\/2023\/09\/French-Sep-2023-Advance-Tapes_Building-Brochure_French-1.pdf'   class='av-icon-char' data-av_icon='\ue82d' data-av_iconfont='entypo-fontello' aria-hidden=\"false\" ><\/a><\/span><\/td><\/tr><tr class=''><td class=''>T\u00e9l\u00e9chargez notre brochure divertissement<\/td><td class=''>\n<style type=\"text\/css\" data-created_by=\"avia_inline_auto\" id=\"style-css-av-kjn90kc5-0e98c323a7d05d061ea70cee2740920d\">\n.av_font_icon.av-kjn90kc5-0e98c323a7d05d061ea70cee2740920d .av-icon-char{\nfont-size:40px;\nline-height:40px;\n}\n<\/style>\n<span  class='av_font_icon av-kjn90kc5-0e98c323a7d05d061ea70cee2740920d avia_animate_when_visible av-icon-style- avia-icon-pos-center avia-iconfont avia-font-entypo-fontello av-no-color avia-icon-animate'><a href='https:\/\/advancetapes.com\/wp-content\/uploads\/2023\/11\/Nov-2023-Advance-Tapes_-New-Entertainment-Brochure_French.pdf'   class='av-icon-char' data-av_icon='\ue82d' data-av_iconfont='entypo-fontello' aria-hidden=\"false\" ><\/a><\/span><\/td><\/tr><tr class=''><td class=''>T\u00e9l\u00e9chargez notre brochure industrielle<\/td><td class=''>\n<style type=\"text\/css\" data-created_by=\"avia_inline_auto\" id=\"style-css-av-kjn90kc5-c075cf49cc7d8855deb5b24cf51cb3b4\">\n.av_font_icon.av-kjn90kc5-c075cf49cc7d8855deb5b24cf51cb3b4 .av-icon-char{\nfont-size:40px;\nline-height:40px;\n}\n<\/style>\n<span  class='av_font_icon av-kjn90kc5-c075cf49cc7d8855deb5b24cf51cb3b4 avia_animate_when_visible av-icon-style- avia-icon-pos-center avia-iconfont avia-font-entypo-fontello av-no-color avia-icon-animate'><a href='https:\/\/advancetapes.com\/wp-content\/uploads\/2023\/11\/Sep-2023-Advance-Tapes_Industrial-Brochure_French_Version-5.pdf'   class='av-icon-char' data-av_icon='\ue82d' data-av_iconfont='entypo-fontello' aria-hidden=\"false\" ><\/a><\/span> <\/td><\/tr><\/tbody><\/table><\/div>\n","protected":false},"excerpt":{"rendered":"","protected":false},"author":455,"featured_media":0,"parent":0,"menu_order":0,"comment_status":"closed","ping_status":"closed","template":"","meta":{"_acf_changed":false,"footnotes":""},"class_list":["post-9017","page","type-page","status-publish","hentry"],"acf":[],"yoast_head":"<!-- This site is optimized with the Yoast SEO plugin v27.5 - https:\/\/yoast.com\/product\/yoast-seo-wordpress\/ -->\n<title>Brochures - Advance Tapes<\/title>\n<meta name=\"robots\" content=\"index, follow, max-snippet:-1, max-image-preview:large, max-video-preview:-1\" \/>\n<link rel=\"canonical\" href=\"https:\/\/advancetapes.com\/fr\/telechargez-nos-brochures\/\" \/>\n<meta property=\"og:locale\" content=\"fr_FR\" \/>\n<meta property=\"og:type\" content=\"article\" \/>\n<meta property=\"og:title\" content=\"Brochures - Advance Tapes\" \/>\n<meta property=\"og:url\" content=\"https:\/\/advancetapes.com\/fr\/telechargez-nos-brochures\/\" \/>\n<meta property=\"og:site_name\" content=\"Advance Tapes\" \/>\n<meta property=\"article:modified_time\" content=\"2023-11-23T12:04:37+00:00\" \/>\n<meta name=\"twitter:card\" content=\"summary_large_image\" \/>\n<meta name=\"twitter:label1\" content=\"Est. reading time\" \/>\n\t<meta name=\"twitter:data1\" content=\"2 minutes\" \/>\n<!-- \/ Yoast SEO plugin. -->","yoast_head_json":{"title":"Brochures - Advance Tapes","robots":{"index":"index","follow":"follow","max-snippet":"max-snippet:-1","max-image-preview":"max-image-preview:large","max-video-preview":"max-video-preview:-1"},"canonical":"https:\/\/advancetapes.com\/fr\/telechargez-nos-brochures\/","og_locale":"fr_FR","og_type":"article","og_title":"Brochures - Advance Tapes","og_url":"https:\/\/advancetapes.com\/fr\/telechargez-nos-brochures\/","og_site_name":"Advance Tapes","article_modified_time":"2023-11-23T12:04:37+00:00","twitter_card":"summary_large_image","twitter_misc":{"Est. reading time":"2 minutes"},"schema":{"@context":"https:\/\/schema.org","@graph":[{"@type":"WebPage","@id":"https:\/\/advancetapes.com\/fr\/telechargez-nos-brochures\/","url":"https:\/\/advancetapes.com\/fr\/telechargez-nos-brochures\/","name":"Brochures - Advance Tapes","isPartOf":{"@id":"https:\/\/advancetapes.com\/fr\/#website"},"datePublished":"2023-11-06T08:56:23+00:00","dateModified":"2023-11-23T12:04:37+00:00","breadcrumb":{"@id":"https:\/\/advancetapes.com\/fr\/telechargez-nos-brochures\/#breadcrumb"},"inLanguage":"fr-FR","potentialAction":[{"@type":"ReadAction","target":["https:\/\/advancetapes.com\/fr\/telechargez-nos-brochures\/"]}]},{"@type":"BreadcrumbList","@id":"https:\/\/advancetapes.com\/fr\/telechargez-nos-brochures\/#breadcrumb","itemListElement":[{"@type":"ListItem","position":1,"name":"Home","item":"https:\/\/advancetapes.com\/fr\/"},{"@type":"ListItem","position":2,"name":"Brochures"}]},{"@type":"WebSite","@id":"https:\/\/advancetapes.com\/fr\/#website","url":"https:\/\/advancetapes.com\/fr\/","name":"Advance Tapes","description":"Adding more to adhesive tape","potentialAction":[{"@type":"SearchAction","target":{"@type":"EntryPoint","urlTemplate":"https:\/\/advancetapes.com\/fr\/?s={search_term_string}"},"query-input":{"@type":"PropertyValueSpecification","valueRequired":true,"valueName":"search_term_string"}}],"inLanguage":"fr-FR"}]}},"_links":{"self":[{"href":"https:\/\/advancetapes.com\/fr\/wp-json\/wp\/v2\/pages\/9017","targetHints":{"allow":["GET"]}}],"collection":[{"href":"https:\/\/advancetapes.com\/fr\/wp-json\/wp\/v2\/pages"}],"about":[{"href":"https:\/\/advancetapes.com\/fr\/wp-json\/wp\/v2\/types\/page"}],"author":[{"embeddable":true,"href":"https:\/\/advancetapes.com\/fr\/wp-json\/wp\/v2\/users\/455"}],"replies":[{"embeddable":true,"href":"https:\/\/advancetapes.com\/fr\/wp-json\/wp\/v2\/comments?post=9017"}],"version-history":[{"count":5,"href":"https:\/\/advancetapes.com\/fr\/wp-json\/wp\/v2\/pages\/9017\/revisions"}],"predecessor-version":[{"id":9172,"href":"https:\/\/advancetapes.com\/fr\/wp-json\/wp\/v2\/pages\/9017\/revisions\/9172"}],"wp:attachment":[{"href":"https:\/\/advancetapes.com\/fr\/wp-json\/wp\/v2\/media?parent=9017"}],"curies":[{"name":"wp","href":"https:\/\/api.w.org\/{rel}","templated":true}]}}