{"id":4879,"date":"2021-01-25T15:58:40","date_gmt":"2021-01-25T15:58:40","guid":{"rendered":"https:\/\/advancetapes.com\/contactez-nous\/"},"modified":"2021-04-13T19:38:01","modified_gmt":"2021-04-13T19:38:01","slug":"contactez-nous","status":"publish","type":"page","link":"https:\/\/advancetapes.com\/fr\/contactez-nous\/","title":{"rendered":"Contactez-nous"},"content":{"rendered":"\n<style type=\"text\/css\" data-created_by=\"avia_inline_auto\" id=\"style-css-av-49xwu-54c8c92d07e3b7d7dc9db539f8ab513d\">\n.flex_column.av-49xwu-54c8c92d07e3b7d7dc9db539f8ab513d{\nborder-radius:0px 0px 0px 0px;\npadding:0px 0px 0px 0px;\n}\n<\/style>\n<div  class='flex_column av-49xwu-54c8c92d07e3b7d7dc9db539f8ab513d av_one_full  avia-builder-el-0  el_before_av_section  avia-builder-el-no-sibling  first flex_column_div av-zero-column-padding  '     ><style type=\"text\/css\" data-created_by=\"avia_inline_auto\" id=\"style-css-av-kjfy24v8-be4966f41e466eca18846af534b5f284\">\n#top .av-special-heading.av-kjfy24v8-be4966f41e466eca18846af534b5f284{\npadding-bottom:10px;\n}\nbody .av-special-heading.av-kjfy24v8-be4966f41e466eca18846af534b5f284 .av-special-heading-tag .heading-char{\nfont-size:25px;\n}\n.av-special-heading.av-kjfy24v8-be4966f41e466eca18846af534b5f284 .av-subheading{\nfont-size:15px;\n}\n<\/style>\n<div  class='av-special-heading av-kjfy24v8-be4966f41e466eca18846af534b5f284 av-special-heading-h1 blockquote modern-quote  avia-builder-el-1  avia-builder-el-no-sibling '><h1 class='av-special-heading-tag '  itemprop=\"headline\"  >Contactez-nous<\/h1><div class='av-subheading av-subheading_below'><p>Contacte nous pour voir de quelle mani\u00e8re nous pouvons t&#8217;aider.<\/p>\n<\/div><div class=\"special-heading-border\"><div class=\"special-heading-inner-border\"><\/div><\/div><\/div><\/div>\n<\/div><\/div><\/div><!-- close content main div --><\/div><\/div>\n<style type=\"text\/css\" data-created_by=\"avia_inline_auto\" id=\"style-css-av-kj8eczvs-4a34dea25c22db65ad17d3983d93c25b\">\n.avia-section.av-kj8eczvs-4a34dea25c22db65ad17d3983d93c25b{\nbackground-color:#e6e7e8;\nbackground-image:unset;\n}\n<\/style>\n<div id='av_section_1'  class='avia-section av-kj8eczvs-4a34dea25c22db65ad17d3983d93c25b main_color avia-section-default avia-no-border-styling  avia-builder-el-2  el_after_av_one_full  el_before_av_section  avia-bg-style-scroll container_wrap fullsize'  ><div class='container av-section-cont-open' ><div class='template-page content  av-content-full alpha units'><div class='post-entry post-entry-type-page post-entry-4879'><div class='entry-content-wrapper clearfix'>\n<div class='flex_column_table av-3ojji-83a3786a52dd9400a9234336fed758c5 sc-av_one_half av-equal-height-column-flextable'>\n<style type=\"text\/css\" data-created_by=\"avia_inline_auto\" id=\"style-css-av-3ojji-83a3786a52dd9400a9234336fed758c5\">\n.flex_column.av-3ojji-83a3786a52dd9400a9234336fed758c5{\nborder-radius:0px 0px 0px 0px;\npadding:0px 0px 0px 0px;\n}\n<\/style>\n<div  class='flex_column av-3ojji-83a3786a52dd9400a9234336fed758c5 av_one_half  avia-builder-el-3  el_before_av_one_half  avia-builder-el-first  first flex_column_table_cell av-equal-height-column av-align-top av-zero-column-padding  '     ><p><form action=\"https:\/\/advancetapes.com\/fr\/contactez-nous\/\" method=\"post\" data-fields-with-error=\"Erreurs trouv\u00e9es dans les champs suivants :\" class=\"avia_ajax_form av-form-labels-hidden   avia-builder-el-4  el_before_av_sidebar  avia-builder-el-first    av-desktop-hide av-medium-hide av-small-hide av-mini-hide\" data-avia-form-id=\"1\" data-avia-redirect='' ><fieldset><p class='  first_form  form_element form_fullwidth' id='element_avia_1_1'><label for=\"avia_1_1\">Name <abbr class=\"required\" title=\"requis(e)\">*<\/abbr><\/label> <input name=\"avia_1_1\" class=\"text_input is_empty\" type=\"text\" id=\"avia_1_1\" value=\"\"  placeholder='Name*'\/><\/p><p class='  first_form  form_element form_fullwidth' id='element_avia_2_1'><label for=\"avia_2_1\">E-Mail <abbr class=\"required\" title=\"requis(e)\">*<\/abbr><\/label> <input name=\"avia_2_1\" class=\"text_input is_email\" type=\"text\" id=\"avia_2_1\" value=\"\"  placeholder='E-Mail*'\/><\/p><p class='  first_form  form_element form_fullwidth' id='element_avia_3_1'><label for=\"avia_3_1\">Company Name <abbr class=\"required\" title=\"requis(e)\">*<\/abbr><\/label> <input name=\"avia_3_1\" class=\"text_input is_empty\" type=\"text\" id=\"avia_3_1\" value=\"\"  placeholder='Company Name*'\/><\/p><p class='  first_form  form_element form_fullwidth av-last-visible-form-element' id='element_avia_4_1'><label for=\"avia_4_1\" class=\"textare_label hidden textare_label_avia_4_1\">Enquiry <abbr class=\"required\" title=\"requis(e)\">*<\/abbr><\/label><textarea  placeholder='Enquiry*' name=\"avia_4_1\" class=\"text_area is_empty\" cols=\"40\" rows=\"7\" id=\"avia_4_1\" ><\/textarea><\/p><p class=\"hidden\"><input type=\"text\" name=\"avia_5_1\" class=\"hidden \" id=\"avia_5_1\" value=\"\" \/><\/p><p class=\"form_element \"><input type=\"hidden\" value=\"1\" name=\"avia_generated_form1\" \/><input type=\"submit\" value=\"Submit\" class=\"button\"  data-sending-label=\"Envoi\"\/><\/p><\/fieldset><\/form><div id=\"ajaxresponse_1\" class=\"ajaxresponse ajaxresponse_1 hidden\"><\/div><br \/>\n<div  class='avia-builder-widget-area clearfix  avia-builder-el-5  el_after_av_contact  avia-builder-el-last '><div class=\"widget_text uxm_fr\"><div class=\"textwidget custom-html-widget\"><script>\n\tfunction get_action() \n{\n   var response = grecaptcha.getResponse();\n    if(response.length == 0) {\n\t\tdocument.getElementById(\"errorcaptcha\").innerHTML = \"Please verify you are human.\";\n        return false;\n    }\n\telse\n\t\t{\n\t\treturn true;\t\n\t\t}\n        \n   \n}\t\n\n<\/script>\n<form action=\"https:\/\/webto.salesforce.com\/servlet\/servlet.WebToLead?encoding=UTF-8\" method=\"POST\" onSubmit=\"return get_action()\" class=\"uxm_sales_force  get_help  req_sample uxm_contact\">\n\t<input type=hidden name='captcha_settings' value='{\"keyname\":\"ATreCaptcha\",\"fallback\":\"true\",\"orgId\":\"00D4K000003pag7\",\"ts\":\"\"}'>\n\t<input type=hidden name=\"oid\" value=\"00D4K000003pag7\">\n\t<input type=hidden name=\"retURL\" value=\"https:\/\/advancetapes.com\/merci-de\/\">\n\t<div class=\"uxm_form_container\">\n\t\t<div class=\"uxm_col\">\n\t\t\t<label for=\"first_name\" class=\"hide\">Nom<\/label>\n\t\t\t<input  id=\"first_name\" maxlength=\"40\" name=\"first_name\" size=\"20\" type=\"text\" placeholder=\"Pr\u00e9nom\" class=\"half one\" \/>\n\t\t\t<label for=\"last_name\" class=\"hide\">Last Name<\/label>\n\t\t\t<input  id=\"last_name\" maxlength=\"80\" name=\"last_name\" size=\"20\" type=\"text\" class=\"half last\" placeholder=\"Nom\" \/>\n\t\t\t<label for=\"company\" class=\"hide\">Company<\/label>\n\t\t\t<input  id=\"company\" maxlength=\"40\" name=\"company\" size=\"20\" type=\"text\" placeholder=\"Soci\u00e9t\u00e9\" \/>\n\t\t\t<label for=\"phone\" class=\"hide\">Phone<\/label>\n\t\t\t<input  id=\"phone\" maxlength=\"40\" name=\"phone\" size=\"20\" type=\"text\" placeholder=\"T\u00e9l\u00e9phone\" \/>\n\t\t\t<label for=\"email\" class=\"hide\">Email<\/label>\n\t\t\t<input  id=\"email\" maxlength=\"80\" name=\"email\" size=\"20\" type=\"text\" placeholder=\"Email\" \/>\n\t\t\t\n\t\t<\/div>\n\t\t<div class=\"uxm_col\">\n\t\t\t<label for=\"street\" class=\"hide\">Street<\/label>\n\t\t\t<textarea name=\"street\" placeholder=\"Adresse de la soci\u00e9t\u00e9\"><\/textarea>\n\t\t<\/div>\n\t\t<div class=\"uxm_col\">\n\t\t\t<label for=\"city\" class=\"hide\">City<\/label>\n\t\t\t<input id=\"city\" maxlength=\"40\" name=\"city\" size=\"20\" type=\"text\" placeholder=\"Ville\" \/>\n\t\t\t<label for=\"zip\" class=\"hide\">Zip<\/label>\n\t\t\t<input id=\"zip\" maxlength=\"20\" name=\"zip\" size=\"20\" type=\"text\" placeholder=\"Code postal\" \/>\n\t\t\n\t\t\t<label for=\"country\" class=\"hide\">Country<\/label>\n\t\t\t<input id=\"country\" maxlength=\"40\" name=\"country\" size=\"20\" type=\"text\" placeholder=\"Pays\" \/>\n\t\t\t<label  class=\"hide\">User or Distributor:<\/label>\n\t\t\t<select  id=\"00N4K000007yHQc\" name=\"00N4K000007yHQc\" title=\"User or Distributor\">\n\t\t\t\t<option value=\"\">\u00cates-vous un utilisateur final ou un distributeur?<\/option>\n\t\t\t\t<option value=\"User\">Utilisateur<\/option>\n\t\t\t\t<option value=\"Distributor\">distributeur<\/option>\n\t\t\t<\/select>\n\t\t<\/div>\n\t\t<div class=\"uxm_col\">\n\t\t\t<label  class=\"hide\">How can we help you today?:<\/label>\n\t\t\t<textarea  id=\"00N4K00000BTOO0\" name=\"00N4K00000BTOO0\" rows=\"3\" type=\"text\" wrap=\"soft\" placeholder=\"Que peut-on faire pour vous aider aujourd'hui?\"><\/textarea>\n\t\t<\/div>\n\n\t\t<div class=\"uxm_col\">\n\t\t\t<label  class=\"hide\">Privacy Policy Statement:<input  id=\"00N4K00000BTONg\" name=\"00N4K00000BTONg\" type=\"checkbox\" value=\"1\" \/><\/label>\n\t\t\t<label>Cochez ici pour recevoir des informations marketing d\u2019Advance Tape:<input  id=\"00N4K00000BTONl\" name=\"00N4K00000BTONl\" type=\"checkbox\" value=\"1\" \/><\/label><br>\n            <label>En soumettant le formulaire, vous acceptez nos conditions g\u00e9n\u00e9rales et notre politique de confidentialit\u00e9<input id=\"00N4K00000BTONl\" name=\"00N4K00000BTONl\" type=\"checkbox\" value=\"1\" required><\/label>\n\t\t<br>\n\n\t\t\t<label for=\"lead_source\" class=\"hide\">Lead Source<\/label>\n\t\t\t<select  id=\"lead_source\" name=\"lead_source\" class=\"hide\">\n\t\t\t\t<option value=\"\">Lead Source?<\/option>\n\t\t\t\t<option value=\"Advertisement\">Advertisement<\/option>\n\t\t\t\t<option value=\"Customer Event\">Customer Event<\/option>\n\t\t\t\t<option value=\"Employee Referral\">Employee Referral<\/option>\n\t\t\t\t<option value=\"Google AdWords\">Google AdWords<\/option>\n\t\t\t\t<option value=\"Other\">Other<\/option>\n\t\t\t\t<option value=\"Partner\">Partner<\/option>\n\t\t\t\t<option value=\"Purchased List\">Purchased List<\/option>\n\t\t\t\t<option value=\"Trade Show\">Trade Show<\/option>\n\t\t\t\t<option value=\"Webinar\">Webinar<\/option>\n\t\t\t\t<option value=\"Website\">Website<\/option>\n\t\t\t<\/select>\n\t\t\t<div class=\"g-recaptcha\" data-sitekey=\"6LfUEdUZAAAAABlSTsa-yxQgJF6j8ZLwJgigtqzP\"><\/div>\n\t\t\t<div id=\"errorcaptcha\" style=\"color:red\"><\/div>\n\t\t\t<div class=\"req_sample_btn\">\n\t\t\t\t<div class=\"uxmbtn_salse_force\"><input type=\"submit\" name=\"Commentaires \"><\/div>\n\t\t\t<\/div>\n\t\t<\/div>\n\t<\/div>\n<\/form><\/div><\/div><div class=\"uxm_fr\">\n<pre class=\"wp-block-code\"><code><\/code><\/pre>\n<\/div><div class=\"uxm_fr\">\n\n<\/div><\/div><\/p><\/div><div class='av-flex-placeholder'><\/div>\n<style type=\"text\/css\" data-created_by=\"avia_inline_auto\" id=\"style-css-av-s2cq-9e0ba6739cb710566e32e680038391e5\">\n.flex_column.av-s2cq-9e0ba6739cb710566e32e680038391e5{\nborder-radius:0px 0px 0px 0px;\npadding:0px 0px 0px 0px;\n}\n<\/style>\n<div  class='flex_column av-s2cq-9e0ba6739cb710566e32e680038391e5 av_one_half  avia-builder-el-6  el_after_av_one_half  avia-builder-el-last  flex_column_table_cell av-equal-height-column av-align-top av-zero-column-padding  '     ><p>\n<style type=\"text\/css\" data-created_by=\"avia_inline_auto\" id=\"style-css-av-kjfyaxlj-20fd06cad4723d83fd8ddbc3d6274226\">\n#top .avia-icon-list-container.av-kjfyaxlj-20fd06cad4723d83fd8ddbc3d6274226 .iconlist_icon{\nbackground-color:#008b98;\n}\n#top #wrap_all .avia-icon-list-container.av-kjfyaxlj-20fd06cad4723d83fd8ddbc3d6274226 .av_iconlist_title{\nfont-size:20px;\n}\n.avia-icon-list-container.av-kjfyaxlj-20fd06cad4723d83fd8ddbc3d6274226 .iconlist_content{\nfont-size:16px;\n}\n<\/style>\n<div  id=\"contact_info\"  class='avia-icon-list-container av-kjfyaxlj-20fd06cad4723d83fd8ddbc3d6274226  avia-builder-el-7  el_before_av_codeblock  avia-builder-el-first '><ul class='avia-icon-list avia_animate_when_almost_visible avia-icon-list-left av-iconlist-big av-kjfyaxlj-20fd06cad4723d83fd8ddbc3d6274226 avia-iconlist-animate'>\n<li><div class='iconlist_icon av-196ha-4b384df67742d362d40a9ac31aa3313d avia-font-entypo-fontello avia-iconfont avia-font-entypo-fontello'><span class='av-icon-char' data-av_icon='\ue854' data-av_iconfont='entypo-fontello' aria-hidden=\"true\"><\/span><\/div><article class=\"article-icon-entry \"  itemscope=\"itemscope\" itemtype=\"https:\/\/schema.org\/CreativeWork\" ><div class=\"iconlist_content_wrap\"><header class=\"entry-content-header\" aria-label=\"Ic\u00f4ne : Phone Number\"><h4 class='av_iconlist_title iconlist_title  '  itemprop=\"headline\" >Phone Number<\/h4><\/header><div class='iconlist_content '  itemprop=\"text\" ><p><a href=\"tel:00 33 1 60 38 11 00\" target=\"_blank\" rel=\"noopener\">00 33 1 60 38 11 00<\/a><\/p>\n<div id=\"gtx-trans\" style=\"position: absolute; left: -3px; top: -12.4062px;\">\n<div class=\"gtx-trans-icon\"><\/div>\n<\/div>\n<\/div><\/div><footer class=\"entry-footer\"><\/footer><\/article><div class=\"iconlist-timeline\"><\/div><\/li>\n<li><div class='iconlist_icon av-tevy-a7d1484b44cfd9fc91a050df9095ff94 avia-font-entypo-fontello avia-iconfont avia-font-entypo-fontello'><span class='av-icon-char' data-av_icon='\ue805' data-av_iconfont='entypo-fontello' aria-hidden=\"true\"><\/span><\/div><article class=\"article-icon-entry \"  itemscope=\"itemscope\" itemtype=\"https:\/\/schema.org\/CreativeWork\" ><div class=\"iconlist_content_wrap\"><header class=\"entry-content-header\" aria-label=\"Ic\u00f4ne : Email Address\"><h4 class='av_iconlist_title iconlist_title  '  itemprop=\"headline\" >Email Address<\/h4><\/header><div class='iconlist_content '  itemprop=\"text\" ><p><a href=\"mailto:verkauf@advancetapes.com\" target=\"_blank\" rel=\"noopener\">verkauf@advancetapes.com<\/a><\/p>\n<\/div><\/div><footer class=\"entry-footer\"><\/footer><\/article><div class=\"iconlist-timeline\"><\/div><\/li>\n<li><div class='iconlist_icon av-sz82-cefa5c7b9a1698acb44f58904691ba34 avia-font-entypo-fontello avia-iconfont avia-font-entypo-fontello'><span class='av-icon-char' data-av_icon='\ue821' data-av_iconfont='entypo-fontello' aria-hidden=\"true\"><\/span><\/div><article class=\"article-icon-entry \"  itemscope=\"itemscope\" itemtype=\"https:\/\/schema.org\/CreativeWork\" ><div class=\"iconlist_content_wrap\"><header class=\"entry-content-header\" aria-label=\"Ic\u00f4ne : Head Office &amp; Advance Converting Site\"><h4 class='av_iconlist_title iconlist_title  '  itemprop=\"headline\" >Head Office &amp; Advance Converting Site<\/h4><\/header><div class='iconlist_content '  itemprop=\"text\" ><p>Advance Tapes International Ltd<br \/>\nWestmoreland Avenue<br \/>\nThurmaston LE4 8PH England<\/p>\n<\/div><\/div><footer class=\"entry-footer\"><\/footer><\/article><div class=\"iconlist-timeline\"><\/div><\/li>\n<\/ul><\/div><br \/>\n<\/p><\/div><\/div><!--close column table wrapper. Autoclose: 1 --><\/div><\/div><\/div><!-- close content main div --><\/div><\/div>\n<style type=\"text\/css\" data-created_by=\"avia_inline_auto\" id=\"style-css-av-kjb2girg-8dd38f9721605f1ac2f220c34b8cdb9c\">\n.avia-section.av-kjb2girg-8dd38f9721605f1ac2f220c34b8cdb9c{\nbackground-color:#404042;\nbackground-image:unset;\n}\n<\/style>\n<div id='av_section_2'  class='avia-section av-kjb2girg-8dd38f9721605f1ac2f220c34b8cdb9c main_color avia-section-default avia-no-border-styling  avia-builder-el-9  el_after_av_section  avia-builder-el-last  av-desktop-hide av-medium-hide av-small-hide av-mini-hide avia-bg-style-scroll container_wrap fullsize'  ><div class='container av-section-cont-open' ><div class='template-page content  av-content-full alpha units'><div class='post-entry post-entry-type-page post-entry-4879'><div class='entry-content-wrapper clearfix'>\n\n<style type=\"text\/css\" data-created_by=\"avia_inline_auto\" id=\"style-css-av-1xoi2-456760221e1b0fd8345ad5a7fbc32dd4\">\n.flex_column.av-1xoi2-456760221e1b0fd8345ad5a7fbc32dd4{\nborder-radius:0px 0px 0px 0px;\npadding:0px 0px 0px 0px;\n}\n<\/style>\n<div  class='flex_column av-1xoi2-456760221e1b0fd8345ad5a7fbc32dd4 av_one_full  avia-builder-el-10  avia-builder-el-no-sibling  first flex_column_div av-zero-column-padding  '     ><style type=\"text\/css\" data-created_by=\"avia_inline_auto\" id=\"style-css-av-kj8eoccf-3f5f606b2bdff560851fc3a624874590\">\n#top .av_textblock_section.av-kj8eoccf-3f5f606b2bdff560851fc3a624874590 .avia_textblock{\ncolor:#008295;\n}\n<\/style>\n<section  class='av_textblock_section av-kj8eoccf-3f5f606b2bdff560851fc3a624874590 '   itemscope=\"itemscope\" itemtype=\"https:\/\/schema.org\/CreativeWork\" ><div class='avia_textblock av_inherit_color'  itemprop=\"text\" ><h4 id=\"help-message\" class=\"\">I NEED SOME HELP<\/h4>\n<\/div><\/section><\/div>\n<\/p>\n","protected":false},"excerpt":{"rendered":"","protected":false},"author":455,"featured_media":0,"parent":0,"menu_order":0,"comment_status":"closed","ping_status":"closed","template":"","meta":{"_acf_changed":false,"footnotes":""},"class_list":["post-4879","page","type-page","status-publish","hentry"],"acf":[],"yoast_head":"<!-- This site is optimized with the Yoast SEO plugin v27.4 - https:\/\/yoast.com\/product\/yoast-seo-wordpress\/ -->\n<title>Contactez-nous - Advance Tapes<\/title>\n<meta name=\"robots\" content=\"index, follow, max-snippet:-1, max-image-preview:large, max-video-preview:-1\" \/>\n<link rel=\"canonical\" href=\"https:\/\/advancetapes.com\/fr\/contactez-nous\/\" \/>\n<meta property=\"og:locale\" content=\"fr_FR\" \/>\n<meta property=\"og:type\" content=\"article\" \/>\n<meta property=\"og:title\" content=\"Contactez-nous - Advance Tapes\" \/>\n<meta property=\"og:url\" content=\"https:\/\/advancetapes.com\/fr\/contactez-nous\/\" \/>\n<meta property=\"og:site_name\" content=\"Advance Tapes\" \/>\n<meta property=\"article:modified_time\" content=\"2021-04-13T19:38:01+00:00\" \/>\n<meta name=\"twitter:card\" content=\"summary_large_image\" \/>\n<meta name=\"twitter:label1\" content=\"Est. reading time\" \/>\n\t<meta name=\"twitter:data1\" content=\"7 minutes\" \/>\n<!-- \/ Yoast SEO plugin. -->","yoast_head_json":{"title":"Contactez-nous - Advance Tapes","robots":{"index":"index","follow":"follow","max-snippet":"max-snippet:-1","max-image-preview":"max-image-preview:large","max-video-preview":"max-video-preview:-1"},"canonical":"https:\/\/advancetapes.com\/fr\/contactez-nous\/","og_locale":"fr_FR","og_type":"article","og_title":"Contactez-nous - Advance Tapes","og_url":"https:\/\/advancetapes.com\/fr\/contactez-nous\/","og_site_name":"Advance Tapes","article_modified_time":"2021-04-13T19:38:01+00:00","twitter_card":"summary_large_image","twitter_misc":{"Est. reading time":"7 minutes"},"schema":{"@context":"https:\/\/schema.org","@graph":[{"@type":"WebPage","@id":"https:\/\/advancetapes.com\/fr\/contactez-nous\/","url":"https:\/\/advancetapes.com\/fr\/contactez-nous\/","name":"Contactez-nous - Advance Tapes","isPartOf":{"@id":"https:\/\/advancetapes.com\/fr\/#website"},"datePublished":"2021-01-25T15:58:40+00:00","dateModified":"2021-04-13T19:38:01+00:00","breadcrumb":{"@id":"https:\/\/advancetapes.com\/fr\/contactez-nous\/#breadcrumb"},"inLanguage":"fr-FR","potentialAction":[{"@type":"ReadAction","target":["https:\/\/advancetapes.com\/fr\/contactez-nous\/"]}]},{"@type":"BreadcrumbList","@id":"https:\/\/advancetapes.com\/fr\/contactez-nous\/#breadcrumb","itemListElement":[{"@type":"ListItem","position":1,"name":"Home","item":"https:\/\/advancetapes.com\/fr\/"},{"@type":"ListItem","position":2,"name":"Contactez-nous"}]},{"@type":"WebSite","@id":"https:\/\/advancetapes.com\/fr\/#website","url":"https:\/\/advancetapes.com\/fr\/","name":"Advance Tapes","description":"Adding more to adhesive tape","potentialAction":[{"@type":"SearchAction","target":{"@type":"EntryPoint","urlTemplate":"https:\/\/advancetapes.com\/fr\/?s={search_term_string}"},"query-input":{"@type":"PropertyValueSpecification","valueRequired":true,"valueName":"search_term_string"}}],"inLanguage":"fr-FR"}]}},"_links":{"self":[{"href":"https:\/\/advancetapes.com\/fr\/wp-json\/wp\/v2\/pages\/4879","targetHints":{"allow":["GET"]}}],"collection":[{"href":"https:\/\/advancetapes.com\/fr\/wp-json\/wp\/v2\/pages"}],"about":[{"href":"https:\/\/advancetapes.com\/fr\/wp-json\/wp\/v2\/types\/page"}],"author":[{"embeddable":true,"href":"https:\/\/advancetapes.com\/fr\/wp-json\/wp\/v2\/users\/455"}],"replies":[{"embeddable":true,"href":"https:\/\/advancetapes.com\/fr\/wp-json\/wp\/v2\/comments?post=4879"}],"version-history":[{"count":0,"href":"https:\/\/advancetapes.com\/fr\/wp-json\/wp\/v2\/pages\/4879\/revisions"}],"wp:attachment":[{"href":"https:\/\/advancetapes.com\/fr\/wp-json\/wp\/v2\/media?parent=4879"}],"curies":[{"name":"wp","href":"https:\/\/api.w.org\/{rel}","templated":true}]}}