{"id":4649,"date":"2021-01-24T11:16:24","date_gmt":"2021-01-24T11:16:24","guid":{"rendered":"https:\/\/advancetapes.com\/nucleaire\/"},"modified":"2025-01-08T11:06:33","modified_gmt":"2025-01-08T11:06:33","slug":"nucleaire","status":"publish","type":"page","link":"https:\/\/advancetapes.com\/fr\/nucleaire\/","title":{"rendered":"Nucl\u00e9aire"},"content":{"rendered":"\n<style type=\"text\/css\" data-created_by=\"avia_inline_auto\" id=\"style-css-av-1m833-3ce70b3eafff02ef001514831f58d9f0\">\n.flex_column.av-1m833-3ce70b3eafff02ef001514831f58d9f0{\nborder-radius:0px 0px 0px 0px;\npadding:0px 0px 0px 0px;\n}\n<\/style>\n<div  class='flex_column av-1m833-3ce70b3eafff02ef001514831f58d9f0 av_one_half  avia-builder-el-0  el_before_av_one_half  avia-builder-el-first  first flex_column_div av-zero-column-padding  '     ><p>\n<style type=\"text\/css\" data-created_by=\"avia_inline_auto\" id=\"style-css-av-kj9s0fyg-62601b4ff84555800a401dafed39db5a\">\n#top .av-special-heading.av-kj9s0fyg-62601b4ff84555800a401dafed39db5a{\npadding-bottom:10px;\ncolor:#008b98;\n}\nbody .av-special-heading.av-kj9s0fyg-62601b4ff84555800a401dafed39db5a .av-special-heading-tag .heading-char{\nfont-size:25px;\n}\n.av-special-heading.av-kj9s0fyg-62601b4ff84555800a401dafed39db5a .special-heading-inner-border{\nborder-color:#008b98;\n}\n.av-special-heading.av-kj9s0fyg-62601b4ff84555800a401dafed39db5a .av-subheading{\nfont-size:15px;\n}\n<\/style>\n<div  class='av-special-heading av-kj9s0fyg-62601b4ff84555800a401dafed39db5a av-special-heading-h1 custom-color-heading blockquote modern-quote  avia-builder-el-1  el_before_av_textblock  avia-builder-el-first '><h1 class='av-special-heading-tag '  itemprop=\"headline\"  >Nucl\u00e9aire<\/h1><div class=\"special-heading-border\"><div class=\"special-heading-inner-border\"><\/div><\/div><\/div><br \/>\n<section  class='av_textblock_section av-kj8h65uf-edea984f2e0287259c52cc1cbe9cc71f '   itemscope=\"itemscope\" itemtype=\"https:\/\/schema.org\/CreativeWork\" ><div class='avia_textblock'  itemprop=\"text\" ><p>La performance du produit final et la conformit\u00e9 \u00e0 la l\u00e9gislation sont primordiales dans l&#8217;industrie nucl\u00e9aire.<\/p>\n<p>Le ruban toile Advance, AT712, a d&#8217;abord \u00e9t\u00e9 d\u00e9velopp\u00e9 en collaboration avec le leader mondial de l&#8217;autorit\u00e9 nucl\u00e9aire EDF, et depuis, nous avons \u00e9tendu la gamme pour r\u00e9pondre aux exigences sp\u00e9cifiques du march\u00e9 du nucl\u00e9aire \u00e0 travers l&#8217;Europe.<\/p>\n<p>Nos rubans peuvent \u00eatre utilis\u00e9s pour diverses applications, y compris :<br \/>\n\u2022 Scellage des sacs de d\u00e9chets et des EPI (Equipement de protection Individuel).<br \/>\n\u2022 Assemblage, scellage et fixation des b\u00e2ches.<br \/>\n\u2022 Protection des m\u00e9taux avant travaux de soudure.<br \/>\n\u2022 Protection des tuyauteries en acier inoxydable.<\/p>\n<p>D\u00e9couvrez ci-dessous notre gamme compl\u00e8te de rubans adh\u00e9sifs pour l&#8217;industrie nucl\u00e9aire.<\/p>\n<\/div><\/section><\/p><\/div>\n\n<style type=\"text\/css\" data-created_by=\"avia_inline_auto\" id=\"style-css-av-rukf-84d0dbd71e2f174eb2a263e0cb6bf5dc\">\n.flex_column.av-rukf-84d0dbd71e2f174eb2a263e0cb6bf5dc{\nborder-radius:0px 0px 0px 0px;\npadding:0px 0px 0px 0px;\n}\n<\/style>\n<div  class='flex_column av-rukf-84d0dbd71e2f174eb2a263e0cb6bf5dc av_one_half  avia-builder-el-3  el_after_av_one_half  el_before_av_section  avia-builder-el-last  flex_column_div av-zero-column-padding  '     ><style type=\"text\/css\" data-created_by=\"avia_inline_auto\" id=\"style-css-av-kj8h70yu-448bf1188e7c6eb6340b9c0aa40ce280\">\n.avia-image-container.av-kj8h70yu-448bf1188e7c6eb6340b9c0aa40ce280 img.avia_image{\nbox-shadow:none;\n}\n.avia-image-container.av-kj8h70yu-448bf1188e7c6eb6340b9c0aa40ce280 .av-image-caption-overlay-center{\ncolor:#ffffff;\n}\n<\/style>\n<div  class='avia-image-container av-kj8h70yu-448bf1188e7c6eb6340b9c0aa40ce280 av-styling- avia-align-center  avia-builder-el-4  avia-builder-el-no-sibling '   itemprop=\"image\" itemscope=\"itemscope\" itemtype=\"https:\/\/schema.org\/ImageObject\" ><div class=\"avia-image-container-inner\"><div class=\"avia-image-overlay-wrap\"><img decoding=\"async\" fetchpriority=\"high\" class='wp-image-2544 avia-img-lazy-loading-not-2544 avia_image ' src=\"https:\/\/advancetapes.com\/wp-content\/uploads\/2020\/12\/Nuclear-Market-Icon.jpg\" alt='' title='Nuclear-Market-Icon'  height=\"600\" width=\"800\"  itemprop=\"thumbnailUrl\" srcset=\"https:\/\/advancetapes.com\/wp-content\/uploads\/2020\/12\/Nuclear-Market-Icon.jpg 800w, https:\/\/advancetapes.com\/wp-content\/uploads\/2020\/12\/Nuclear-Market-Icon-600x450.jpg 600w, https:\/\/advancetapes.com\/wp-content\/uploads\/2020\/12\/Nuclear-Market-Icon-300x225.jpg 300w, https:\/\/advancetapes.com\/wp-content\/uploads\/2020\/12\/Nuclear-Market-Icon-768x576.jpg 768w, https:\/\/advancetapes.com\/wp-content\/uploads\/2020\/12\/Nuclear-Market-Icon-705x529.jpg 705w\" sizes=\"(max-width: 800px) 100vw, 800px\" \/><\/div><\/div><\/div><\/div>\n\n<style type=\"text\/css\" data-created_by=\"avia_inline_auto\" id=\"style-css-av-y686-e7e9eb145fbb87cb72a9b0137fd48f23\">\n.flex_column.av-y686-e7e9eb145fbb87cb72a9b0137fd48f23{\nborder-radius:0px 0px 0px 0px;\npadding:0px 0px 0px 0px;\n}\n<\/style>\n<div  class='flex_column av-y686-e7e9eb145fbb87cb72a9b0137fd48f23 av_one_half first flex_column_div av-zero-column-padding  '     ><section  class='av_textblock_section av-m5no451s-1b1244dce77f295dfb0378cc5bd669b7 '   itemscope=\"itemscope\" itemtype=\"https:\/\/schema.org\/CreativeWork\" ><div class='avia_textblock'  itemprop=\"text\" ><h4 style=\"text-align: center;\">Nuclear Products<\/h4>\n<\/div><\/section><br \/>\n<p>Aucun produit ne correspond \u00e0 votre s\u00e9lection.<\/p><div class=\"clear\"><\/div><\/p><\/div>\n\n<style type=\"text\/css\" data-created_by=\"avia_inline_auto\" id=\"style-css-av-wbkd1-083d30c7e4777c0e682f35a2f035531f\">\n.flex_column.av-wbkd1-083d30c7e4777c0e682f35a2f035531f{\nborder-radius:0px 0px 0px 0px;\npadding:0px 0px 0px 0px;\n}\n<\/style>\n<div  class='flex_column av-wbkd1-083d30c7e4777c0e682f35a2f035531f av_one_half flex_column_div av-zero-column-padding  '     ><section  class='av_textblock_section av-m5no3x62-737b9755d5522d36d37457edef0da9da '   itemscope=\"itemscope\" itemtype=\"https:\/\/schema.org\/CreativeWork\" ><div class='avia_textblock'  itemprop=\"text\" ><h4 style=\"text-align: center;\">Nuclear Literature<\/h4>\n<\/div><\/section><br \/>\n<div  class='avia-table av-qc4yl-e7e556ebeb7e3b2c9c2b76272099f062 main_color avia-pricing-table-container avia_pricing_default avia-table-1'  itemscope=\"itemscope\" itemtype=\"https:\/\/schema.org\/Table\" ><div class=\"pricing-table-wrap\"><ul class='pricing-table '><li class=''><div class='first-table-item'><a href=\"https:\/\/advancetapes.com\/nuclear\" target=\"_blank\" rel=\"noopener\" \n   style=\"display: block; width: 100%; height: 100%;\"><br \/>\n  <img decoding=\"async\" src=\"https:\/\/advancetapes.com\/wp-content\/uploads\/2025\/01\/Advance-Tapes-Coming-Soon.png\" \n       style=\"width: 100%; height: 100%; object-fit: contain; display: block;\"><br \/>\n<\/a><\/div><span class='pricing-extra'><\/span><\/li><\/ul><\/div><div class=\"pricing-table-wrap\"><ul class='pricing-table '><li class=''><div class='first-table-item'><a href=\"https:\/\/advancetapes.com\/nuclear\" target=\"_blank\" rel=\"noopener\" \n   style=\"display: block; width: 100%; height: 100%;\"><br \/>\n  <img decoding=\"async\" src=\"https:\/\/advancetapes.com\/wp-content\/uploads\/2025\/01\/Advance-Tapes-Coming-Soon.png\" \n       style=\"width: 100%; height: 100%; object-fit: contain; display: block;\"><br \/>\n<\/a><\/div><span class='pricing-extra'><\/span><\/li><\/ul><\/div><\/div><\/p><\/div><\/div><\/div><\/div><!-- close content main div --><\/div><\/div>\n<style type=\"text\/css\" data-created_by=\"avia_inline_auto\" id=\"style-css-av-kj9of43m-9f24bac2fce598f4fe9d74149666f53c\">\n.avia-section.av-kj9of43m-9f24bac2fce598f4fe9d74149666f53c{\nbackground-color:#e6e7e8;\nbackground-image:unset;\n}\n<\/style>\n<div id='av_section_1'  class='avia-section av-kj9of43m-9f24bac2fce598f4fe9d74149666f53c main_color avia-section-no-padding avia-no-border-styling  avia-builder-el-5  el_after_av_one_half  el_before_av_textblock  avia-bg-style-scroll av-minimum-height av-minimum-height-custom av-height-custom  container_wrap fullsize'   data-av_minimum_height_px='50'><div class='container av-section-cont-open' style='height:50px'><div class='template-page content  av-content-full alpha units'><div class='post-entry post-entry-type-page post-entry-4649'><div class='entry-content-wrapper clearfix'><\/div><\/div><\/div><!-- close content main div --><\/div><\/div><div id='after_section_1'  class='main_color av_default_container_wrap container_wrap fullsize'  ><div class='container av-section-cont-open' ><div class='template-page content  av-content-full alpha units'><div class='post-entry post-entry-type-page post-entry-4649'><div class='entry-content-wrapper clearfix'><\/p>\n","protected":false},"excerpt":{"rendered":"","protected":false},"author":455,"featured_media":0,"parent":0,"menu_order":0,"comment_status":"closed","ping_status":"closed","template":"","meta":{"_acf_changed":false,"footnotes":""},"class_list":["post-4649","page","type-page","status-publish","hentry"],"acf":[],"yoast_head":"<!-- This site is optimized with the Yoast SEO plugin v27.4 - https:\/\/yoast.com\/product\/yoast-seo-wordpress\/ -->\n<title>Nucl\u00e9aire - Advance Tapes<\/title>\n<meta name=\"robots\" content=\"index, follow, max-snippet:-1, max-image-preview:large, max-video-preview:-1\" \/>\n<link rel=\"canonical\" href=\"https:\/\/advancetapes.com\/fr\/nucleaire\/\" \/>\n<meta property=\"og:locale\" content=\"fr_FR\" \/>\n<meta property=\"og:type\" content=\"article\" \/>\n<meta property=\"og:title\" content=\"Nucl\u00e9aire - Advance Tapes\" \/>\n<meta property=\"og:url\" content=\"https:\/\/advancetapes.com\/fr\/nucleaire\/\" \/>\n<meta property=\"og:site_name\" content=\"Advance Tapes\" \/>\n<meta property=\"article:modified_time\" content=\"2025-01-08T11:06:33+00:00\" \/>\n<meta property=\"og:image\" content=\"https:\/\/advancetapes.com\/wp-content\/uploads\/2025\/01\/Advance-Tapes-Coming-Soon.png\" \/>\n<meta name=\"twitter:card\" content=\"summary_large_image\" \/>\n<meta name=\"twitter:label1\" content=\"Est. reading time\" \/>\n\t<meta name=\"twitter:data1\" content=\"7 minutes\" \/>\n<!-- \/ Yoast SEO plugin. -->","yoast_head_json":{"title":"Nucl\u00e9aire - Advance Tapes","robots":{"index":"index","follow":"follow","max-snippet":"max-snippet:-1","max-image-preview":"max-image-preview:large","max-video-preview":"max-video-preview:-1"},"canonical":"https:\/\/advancetapes.com\/fr\/nucleaire\/","og_locale":"fr_FR","og_type":"article","og_title":"Nucl\u00e9aire - Advance Tapes","og_url":"https:\/\/advancetapes.com\/fr\/nucleaire\/","og_site_name":"Advance Tapes","article_modified_time":"2025-01-08T11:06:33+00:00","og_image":[{"url":"https:\/\/advancetapes.com\/wp-content\/uploads\/2025\/01\/Advance-Tapes-Coming-Soon.png","type":"","width":"","height":""}],"twitter_card":"summary_large_image","twitter_misc":{"Est. reading time":"7 minutes"},"schema":{"@context":"https:\/\/schema.org","@graph":[{"@type":"WebPage","@id":"https:\/\/advancetapes.com\/fr\/nucleaire\/","url":"https:\/\/advancetapes.com\/fr\/nucleaire\/","name":"Nucl\u00e9aire - Advance Tapes","isPartOf":{"@id":"https:\/\/advancetapes.com\/fr\/#website"},"primaryImageOfPage":{"@id":"https:\/\/advancetapes.com\/fr\/nucleaire\/#primaryimage"},"image":{"@id":"https:\/\/advancetapes.com\/fr\/nucleaire\/#primaryimage"},"thumbnailUrl":"https:\/\/advancetapes.com\/wp-content\/uploads\/2025\/01\/Advance-Tapes-Coming-Soon.png","datePublished":"2021-01-24T11:16:24+00:00","dateModified":"2025-01-08T11:06:33+00:00","breadcrumb":{"@id":"https:\/\/advancetapes.com\/fr\/nucleaire\/#breadcrumb"},"inLanguage":"fr-FR","potentialAction":[{"@type":"ReadAction","target":["https:\/\/advancetapes.com\/fr\/nucleaire\/"]}]},{"@type":"ImageObject","inLanguage":"fr-FR","@id":"https:\/\/advancetapes.com\/fr\/nucleaire\/#primaryimage","url":"https:\/\/advancetapes.com\/wp-content\/uploads\/2025\/01\/Advance-Tapes-Coming-Soon.png","contentUrl":"https:\/\/advancetapes.com\/wp-content\/uploads\/2025\/01\/Advance-Tapes-Coming-Soon.png"},{"@type":"BreadcrumbList","@id":"https:\/\/advancetapes.com\/fr\/nucleaire\/#breadcrumb","itemListElement":[{"@type":"ListItem","position":1,"name":"Home","item":"https:\/\/advancetapes.com\/fr\/"},{"@type":"ListItem","position":2,"name":"Nucl\u00e9aire"}]},{"@type":"WebSite","@id":"https:\/\/advancetapes.com\/fr\/#website","url":"https:\/\/advancetapes.com\/fr\/","name":"Advance Tapes","description":"Adding more to adhesive tape","potentialAction":[{"@type":"SearchAction","target":{"@type":"EntryPoint","urlTemplate":"https:\/\/advancetapes.com\/fr\/?s={search_term_string}"},"query-input":{"@type":"PropertyValueSpecification","valueRequired":true,"valueName":"search_term_string"}}],"inLanguage":"fr-FR"}]}},"_links":{"self":[{"href":"https:\/\/advancetapes.com\/fr\/wp-json\/wp\/v2\/pages\/4649","targetHints":{"allow":["GET"]}}],"collection":[{"href":"https:\/\/advancetapes.com\/fr\/wp-json\/wp\/v2\/pages"}],"about":[{"href":"https:\/\/advancetapes.com\/fr\/wp-json\/wp\/v2\/types\/page"}],"author":[{"embeddable":true,"href":"https:\/\/advancetapes.com\/fr\/wp-json\/wp\/v2\/users\/455"}],"replies":[{"embeddable":true,"href":"https:\/\/advancetapes.com\/fr\/wp-json\/wp\/v2\/comments?post=4649"}],"version-history":[{"count":5,"href":"https:\/\/advancetapes.com\/fr\/wp-json\/wp\/v2\/pages\/4649\/revisions"}],"predecessor-version":[{"id":11137,"href":"https:\/\/advancetapes.com\/fr\/wp-json\/wp\/v2\/pages\/4649\/revisions\/11137"}],"wp:attachment":[{"href":"https:\/\/advancetapes.com\/fr\/wp-json\/wp\/v2\/media?parent=4649"}],"curies":[{"name":"wp","href":"https:\/\/api.w.org\/{rel}","templated":true}]}}