{"id":4560,"date":"2021-01-24T09:42:52","date_gmt":"2021-01-24T09:42:52","guid":{"rendered":"https:\/\/advancetapes.com\/tests-dapplication\/"},"modified":"2024-05-29T11:03:23","modified_gmt":"2024-05-29T11:03:23","slug":"tests-dapplication","status":"publish","type":"page","link":"https:\/\/advancetapes.com\/fr\/tests-dapplication\/","title":{"rendered":"Tests d&#8217;Application"},"content":{"rendered":"\n<style type=\"text\/css\" data-created_by=\"avia_inline_auto\" id=\"style-css-av-1m833-3ce70b3eafff02ef001514831f58d9f0\">\n.flex_column.av-1m833-3ce70b3eafff02ef001514831f58d9f0{\nborder-radius:0px 0px 0px 0px;\npadding:0px 0px 0px 0px;\n}\n<\/style>\n<div  class='flex_column av-1m833-3ce70b3eafff02ef001514831f58d9f0 av_one_half  avia-builder-el-0  el_before_av_one_half  avia-builder-el-first  first flex_column_div av-zero-column-padding  '     ><p>\n<style type=\"text\/css\" data-created_by=\"avia_inline_auto\" id=\"style-css-av-kj9ovvki-8355140fc16066b638e5090a34580c34\">\n#top .av-special-heading.av-kj9ovvki-8355140fc16066b638e5090a34580c34{\npadding-bottom:10px;\ncolor:#008b98;\n}\nbody .av-special-heading.av-kj9ovvki-8355140fc16066b638e5090a34580c34 .av-special-heading-tag .heading-char{\nfont-size:25px;\n}\n.av-special-heading.av-kj9ovvki-8355140fc16066b638e5090a34580c34 .special-heading-inner-border{\nborder-color:#008b98;\n}\n.av-special-heading.av-kj9ovvki-8355140fc16066b638e5090a34580c34 .av-subheading{\nfont-size:15px;\n}\n<\/style>\n<div  class='av-special-heading av-kj9ovvki-8355140fc16066b638e5090a34580c34 av-special-heading-h1 custom-color-heading blockquote modern-quote  avia-builder-el-1  el_before_av_textblock  avia-builder-el-first '><h1 class='av-special-heading-tag '  itemprop=\"headline\"  >Tests d\u2019Application<\/h1><div class=\"special-heading-border\"><div class=\"special-heading-inner-border\"><\/div><\/div><\/div><br \/>\n<section  class='av_textblock_section av-kj8h65uf-edea984f2e0287259c52cc1cbe9cc71f '   itemscope=\"itemscope\" itemtype=\"https:\/\/schema.org\/CreativeWork\" ><div class='avia_textblock'  itemprop=\"text\" ><p>Tout comme pour les tests industriels normalis\u00e9s d&#8217;AFERA, Advance Tapes voit \u00e9galement la n\u00e9cessit\u00e9 de tester des sc\u00e9narios en situation r\u00e9elle. Nous avons d\u00e9velopp\u00e9 une gamme de tests d&#8217;applications qui reproduisent les utilisations pratiques de nos rubans. Cela garantit que nos rubans sont non seulement conformes aux normes industrielles mais aussi, plus important, qu\u2019ils sont r\u00e9alis\u00e9s tels qu\u2019ils ont besoin de l\u2019\u00eatre pour leur utilisation.<\/p>\n<\/div><\/section><\/p><\/div>\n\n<style type=\"text\/css\" data-created_by=\"avia_inline_auto\" id=\"style-css-av-rukf-84d0dbd71e2f174eb2a263e0cb6bf5dc\">\n.flex_column.av-rukf-84d0dbd71e2f174eb2a263e0cb6bf5dc{\nborder-radius:0px 0px 0px 0px;\npadding:0px 0px 0px 0px;\n}\n<\/style>\n<div  class='flex_column av-rukf-84d0dbd71e2f174eb2a263e0cb6bf5dc av_one_half  avia-builder-el-3  el_after_av_one_half  el_before_av_section  avia-builder-el-last  flex_column_div av-zero-column-padding  '     ><style type=\"text\/css\" data-created_by=\"avia_inline_auto\" id=\"style-css-av-kj8h70yu-5def41562060e6429b959da89b16b68c\">\n.avia-image-container.av-kj8h70yu-5def41562060e6429b959da89b16b68c img.avia_image{\nbox-shadow:none;\n}\n.avia-image-container.av-kj8h70yu-5def41562060e6429b959da89b16b68c .av-image-caption-overlay-center{\ncolor:#ffffff;\n}\n<\/style>\n<div  class='avia-image-container av-kj8h70yu-5def41562060e6429b959da89b16b68c av-styling- avia-align-center  avia-builder-el-4  avia-builder-el-no-sibling '   itemprop=\"image\" itemscope=\"itemscope\" itemtype=\"https:\/\/schema.org\/ImageObject\" ><div class=\"avia-image-container-inner\"><div class=\"avia-image-overlay-wrap\"><img decoding=\"async\" fetchpriority=\"high\" class='wp-image-2510 avia-img-lazy-loading-not-2510 avia_image ' src=\"https:\/\/advancetapes.com\/wp-content\/uploads\/2020\/12\/Advance-application-testing.jpg\" alt='' title='Advance-application-testing'  height=\"600\" width=\"800\"  itemprop=\"thumbnailUrl\" srcset=\"https:\/\/advancetapes.com\/wp-content\/uploads\/2020\/12\/Advance-application-testing.jpg 800w, https:\/\/advancetapes.com\/wp-content\/uploads\/2020\/12\/Advance-application-testing-600x450.jpg 600w, https:\/\/advancetapes.com\/wp-content\/uploads\/2020\/12\/Advance-application-testing-300x225.jpg 300w, https:\/\/advancetapes.com\/wp-content\/uploads\/2020\/12\/Advance-application-testing-768x576.jpg 768w, https:\/\/advancetapes.com\/wp-content\/uploads\/2020\/12\/Advance-application-testing-705x529.jpg 705w\" sizes=\"(max-width: 800px) 100vw, 800px\" \/><\/div><\/div><\/div><\/div>\n<\/div><\/div><\/div><!-- close content main div --><\/div><\/div>\n<style type=\"text\/css\" data-created_by=\"avia_inline_auto\" id=\"style-css-av-kj9of43m-f4caf24faa3b9bcf41c54ae444273e13\">\n.avia-section.av-kj9of43m-f4caf24faa3b9bcf41c54ae444273e13{\nbackground-color:#e6e7e8;\nbackground-image:unset;\n}\n<\/style>\n<div id='av_section_1'  class='avia-section av-kj9of43m-f4caf24faa3b9bcf41c54ae444273e13 main_color avia-section-default avia-no-border-styling  avia-builder-el-5  el_after_av_one_half  el_before_av_section  avia-bg-style-scroll container_wrap fullsize'  ><div class='container av-section-cont-open' ><div class='template-page content  av-content-full alpha units'><div class='post-entry post-entry-type-page post-entry-4560'><div class='entry-content-wrapper clearfix'>\n<section  class='av_textblock_section av-kj8h65uf-edea984f2e0287259c52cc1cbe9cc71f '   itemscope=\"itemscope\" itemtype=\"https:\/\/schema.org\/CreativeWork\" ><div class='avia_textblock'  itemprop=\"text\" ><p>Parlez-nous de vos applications de rubans en remplissant notre questionnaire Etude sur le \u00a0ruban adh\u00e9sif\u00ab<\/p>\n<\/div><\/section>\n\n<\/div><\/div><\/div><!-- close content main div --><\/div><\/div>\n<style type=\"text\/css\" data-created_by=\"avia_inline_auto\" id=\"style-css-av-kj9of43m-043c3292053aa0a930d838437289a835\">\n.avia-section.av-kj9of43m-043c3292053aa0a930d838437289a835{\nbackground-color:#404042;\nbackground-image:unset;\n}\n<\/style>\n<div id='av_section_2'  class='avia-section av-kj9of43m-043c3292053aa0a930d838437289a835 main_color avia-section-default avia-no-border-styling  avia-builder-el-7  el_after_av_section  avia-builder-el-last  avia-bg-style-scroll container_wrap fullsize'  ><div class='container av-section-cont-open' ><div class='template-page content  av-content-full alpha units'><div class='post-entry post-entry-type-page post-entry-4560'><div class='entry-content-wrapper clearfix'>\n","protected":false},"excerpt":{"rendered":"","protected":false},"author":455,"featured_media":0,"parent":0,"menu_order":0,"comment_status":"closed","ping_status":"closed","template":"","meta":{"_acf_changed":false,"footnotes":""},"class_list":["post-4560","page","type-page","status-publish","hentry"],"acf":[],"yoast_head":"<!-- This site is optimized with the Yoast SEO plugin v27.5 - https:\/\/yoast.com\/product\/yoast-seo-wordpress\/ -->\n<title>Tests d&#039;Application - Advance Tapes<\/title>\n<meta name=\"robots\" content=\"index, follow, max-snippet:-1, max-image-preview:large, max-video-preview:-1\" \/>\n<link rel=\"canonical\" href=\"https:\/\/advancetapes.com\/fr\/tests-dapplication\/\" \/>\n<meta property=\"og:locale\" content=\"fr_FR\" \/>\n<meta property=\"og:type\" content=\"article\" \/>\n<meta property=\"og:title\" content=\"Tests d&#039;Application - Advance Tapes\" \/>\n<meta property=\"og:url\" content=\"https:\/\/advancetapes.com\/fr\/tests-dapplication\/\" \/>\n<meta property=\"og:site_name\" content=\"Advance Tapes\" \/>\n<meta property=\"article:modified_time\" content=\"2024-05-29T11:03:23+00:00\" \/>\n<meta name=\"twitter:card\" content=\"summary_large_image\" \/>\n<meta name=\"twitter:label1\" content=\"Est. reading time\" \/>\n\t<meta name=\"twitter:data1\" content=\"4 minutes\" \/>\n<!-- \/ Yoast SEO plugin. -->","yoast_head_json":{"title":"Tests d'Application - Advance Tapes","robots":{"index":"index","follow":"follow","max-snippet":"max-snippet:-1","max-image-preview":"max-image-preview:large","max-video-preview":"max-video-preview:-1"},"canonical":"https:\/\/advancetapes.com\/fr\/tests-dapplication\/","og_locale":"fr_FR","og_type":"article","og_title":"Tests d'Application - Advance Tapes","og_url":"https:\/\/advancetapes.com\/fr\/tests-dapplication\/","og_site_name":"Advance Tapes","article_modified_time":"2024-05-29T11:03:23+00:00","twitter_card":"summary_large_image","twitter_misc":{"Est. reading time":"4 minutes"},"schema":{"@context":"https:\/\/schema.org","@graph":[{"@type":"WebPage","@id":"https:\/\/advancetapes.com\/fr\/tests-dapplication\/","url":"https:\/\/advancetapes.com\/fr\/tests-dapplication\/","name":"Tests d'Application - Advance Tapes","isPartOf":{"@id":"https:\/\/advancetapes.com\/fr\/#website"},"datePublished":"2021-01-24T09:42:52+00:00","dateModified":"2024-05-29T11:03:23+00:00","breadcrumb":{"@id":"https:\/\/advancetapes.com\/fr\/tests-dapplication\/#breadcrumb"},"inLanguage":"fr-FR","potentialAction":[{"@type":"ReadAction","target":["https:\/\/advancetapes.com\/fr\/tests-dapplication\/"]}]},{"@type":"BreadcrumbList","@id":"https:\/\/advancetapes.com\/fr\/tests-dapplication\/#breadcrumb","itemListElement":[{"@type":"ListItem","position":1,"name":"Home","item":"https:\/\/advancetapes.com\/fr\/"},{"@type":"ListItem","position":2,"name":"Tests d&#8217;Application"}]},{"@type":"WebSite","@id":"https:\/\/advancetapes.com\/fr\/#website","url":"https:\/\/advancetapes.com\/fr\/","name":"Advance Tapes","description":"Adding more to adhesive tape","potentialAction":[{"@type":"SearchAction","target":{"@type":"EntryPoint","urlTemplate":"https:\/\/advancetapes.com\/fr\/?s={search_term_string}"},"query-input":{"@type":"PropertyValueSpecification","valueRequired":true,"valueName":"search_term_string"}}],"inLanguage":"fr-FR"}]}},"_links":{"self":[{"href":"https:\/\/advancetapes.com\/fr\/wp-json\/wp\/v2\/pages\/4560","targetHints":{"allow":["GET"]}}],"collection":[{"href":"https:\/\/advancetapes.com\/fr\/wp-json\/wp\/v2\/pages"}],"about":[{"href":"https:\/\/advancetapes.com\/fr\/wp-json\/wp\/v2\/types\/page"}],"author":[{"embeddable":true,"href":"https:\/\/advancetapes.com\/fr\/wp-json\/wp\/v2\/users\/455"}],"replies":[{"embeddable":true,"href":"https:\/\/advancetapes.com\/fr\/wp-json\/wp\/v2\/comments?post=4560"}],"version-history":[{"count":1,"href":"https:\/\/advancetapes.com\/fr\/wp-json\/wp\/v2\/pages\/4560\/revisions"}],"predecessor-version":[{"id":10063,"href":"https:\/\/advancetapes.com\/fr\/wp-json\/wp\/v2\/pages\/4560\/revisions\/10063"}],"wp:attachment":[{"href":"https:\/\/advancetapes.com\/fr\/wp-json\/wp\/v2\/media?parent=4560"}],"curies":[{"name":"wp","href":"https:\/\/api.w.org\/{rel}","templated":true}]}}