{"id":4542,"date":"2021-01-24T09:34:26","date_gmt":"2021-01-24T09:34:26","guid":{"rendered":"https:\/\/advancetapes.com\/personnalisation\/"},"modified":"2023-11-23T12:08:08","modified_gmt":"2023-11-23T12:08:08","slug":"personnalisation","status":"publish","type":"page","link":"https:\/\/advancetapes.com\/fr\/personnalisation\/","title":{"rendered":"Personnalisation"},"content":{"rendered":"\n<style type=\"text\/css\" data-created_by=\"avia_inline_auto\" id=\"style-css-av-1m833-3ce70b3eafff02ef001514831f58d9f0\">\n.flex_column.av-1m833-3ce70b3eafff02ef001514831f58d9f0{\nborder-radius:0px 0px 0px 0px;\npadding:0px 0px 0px 0px;\n}\n<\/style>\n<div  class='flex_column av-1m833-3ce70b3eafff02ef001514831f58d9f0 av_one_half  avia-builder-el-0  el_before_av_one_half  avia-builder-el-first  first flex_column_div av-zero-column-padding  '     ><p>\n<style type=\"text\/css\" data-created_by=\"avia_inline_auto\" id=\"style-css-av-kj9npfv0-2bd5713dc74e630a75f1231dc49ee267\">\n#top .av-special-heading.av-kj9npfv0-2bd5713dc74e630a75f1231dc49ee267{\npadding-bottom:10px;\ncolor:#008b98;\n}\nbody .av-special-heading.av-kj9npfv0-2bd5713dc74e630a75f1231dc49ee267 .av-special-heading-tag .heading-char{\nfont-size:25px;\n}\n.av-special-heading.av-kj9npfv0-2bd5713dc74e630a75f1231dc49ee267 .special-heading-inner-border{\nborder-color:#008b98;\n}\n.av-special-heading.av-kj9npfv0-2bd5713dc74e630a75f1231dc49ee267 .av-subheading{\nfont-size:15px;\n}\n<\/style>\n<div  class='av-special-heading av-kj9npfv0-2bd5713dc74e630a75f1231dc49ee267 av-special-heading-h1 custom-color-heading blockquote modern-quote  avia-builder-el-1  el_before_av_textblock  avia-builder-el-first '><h1 class='av-special-heading-tag '  itemprop=\"headline\"  >Personnalisation<\/h1><div class=\"special-heading-border\"><div class=\"special-heading-inner-border\"><\/div><\/div><\/div><br \/>\n<section  class='av_textblock_section av-kj8h65uf-edea984f2e0287259c52cc1cbe9cc71f '   itemscope=\"itemscope\" itemtype=\"https:\/\/schema.org\/CreativeWork\" ><div class='avia_textblock'  itemprop=\"text\" ><p>Avec 50 ans d&#8217;exp\u00e9rience dans la fabrication des rubans adh\u00e9sifs sp\u00e9cialis\u00e9s, Advance est fier de comprendre les exigences exactes du client. Nous travaillons en permanence pour offrir un service personnalis\u00e9. En tant que fabricant ind\u00e9pendant, nous avons un contr\u00f4le total sur toutes les \u00e9tapes de nos productions; \u00e0 partir de la formulation de nos propres adh\u00e9sifs sp\u00e9cialis\u00e9s par nos chimistes en interne tout au long du processus d&#8217;enduction jusqu&#8217;\u00e0 la fa\u00e7on dont les produits finis sont convertis et envoy\u00e9s. Cela nous donne la flexibilit\u00e9 de faire des produits personnalis\u00e9s pour r\u00e9pondre aux exigences du march\u00e9 de nos clients. Advance a la capacit\u00e9 d&#8217;offrir \u00e0 ses clients du sur mesure comme la personnalisation d&#8217;emballage, l&#8217;\u00e9tiquettage, l&#8217;impression des mandrins, la conception de carton, l&#8217;emballage de carton ou de la palettisation.<\/p>\n<\/div><\/section><\/p><\/div>\n\n<style type=\"text\/css\" data-created_by=\"avia_inline_auto\" id=\"style-css-av-rukf-84d0dbd71e2f174eb2a263e0cb6bf5dc\">\n.flex_column.av-rukf-84d0dbd71e2f174eb2a263e0cb6bf5dc{\nborder-radius:0px 0px 0px 0px;\npadding:0px 0px 0px 0px;\n}\n<\/style>\n<div  class='flex_column av-rukf-84d0dbd71e2f174eb2a263e0cb6bf5dc av_one_half  avia-builder-el-3  el_after_av_one_half  el_before_av_section  avia-builder-el-last  flex_column_div av-zero-column-padding  '     ><div  class='avia-slideshow av-kj9ntoqk-c64c56e57ec25f726f8c7df02c39a525 avia-slideshow-extra_large av_slideshow avia-slide-slider  avia-builder-el-4  avia-builder-el-no-sibling  av-slideshow-ui av-control-default av-slideshow-autoplay av-loop-endless av-loop-manual-endless av-default-height-applied avia-slideshow-1' data-slideshow-options=\"{&quot;animation&quot;:&quot;slide&quot;,&quot;autoplay&quot;:true,&quot;loop_autoplay&quot;:&quot;endless&quot;,&quot;interval&quot;:5,&quot;loop_manual&quot;:&quot;manual-endless&quot;,&quot;autoplay_stopper&quot;:false,&quot;noNavigation&quot;:false,&quot;bg_slider&quot;:false,&quot;keep_padding&quot;:false,&quot;hoverpause&quot;:false,&quot;show_slide_delay&quot;:0}\"  itemprop=\"image\" itemscope=\"itemscope\" itemtype=\"https:\/\/schema.org\/ImageObject\" ><ul class='avia-slideshow-inner ' style='padding-bottom: 75%;'><li  class='avia-slideshow-slide av-kj9ntoqk-c64c56e57ec25f726f8c7df02c39a525__0  slide-1 slide-odd'><div data-rel='slideshow-1' class='avia-slide-wrap '   ><img decoding=\"async\" fetchpriority=\"high\" class=\"wp-image-2494 avia-img-lazy-loading-not-2494\"  src=\"https:\/\/advancetapes.com\/wp-content\/uploads\/2020\/12\/Advance-Customisation-1.jpg\" width=\"800\" height=\"600\" title='Advance-Customisation (1)' alt=''  itemprop=\"thumbnailUrl\" srcset=\"https:\/\/advancetapes.com\/wp-content\/uploads\/2020\/12\/Advance-Customisation-1.jpg 800w, https:\/\/advancetapes.com\/wp-content\/uploads\/2020\/12\/Advance-Customisation-1-600x450.jpg 600w, https:\/\/advancetapes.com\/wp-content\/uploads\/2020\/12\/Advance-Customisation-1-300x225.jpg 300w, https:\/\/advancetapes.com\/wp-content\/uploads\/2020\/12\/Advance-Customisation-1-768x576.jpg 768w, https:\/\/advancetapes.com\/wp-content\/uploads\/2020\/12\/Advance-Customisation-1-705x529.jpg 705w\" sizes=\"(max-width: 800px) 100vw, 800px\" \/><\/div><\/li><li  class='avia-slideshow-slide av-kj9ntoqk-c64c56e57ec25f726f8c7df02c39a525__1  slide-2 slide-even'><div data-rel='slideshow-1' class='avia-slide-wrap '   ><img decoding=\"async\" fetchpriority=\"high\" class=\"wp-image-2496 avia-img-lazy-loading-not-2496\"  src=\"https:\/\/advancetapes.com\/wp-content\/uploads\/2020\/12\/Advance-offers-bespoke-service.jpg\" width=\"800\" height=\"600\" title='Advance-offers-bespoke-service' alt=''  itemprop=\"thumbnailUrl\" srcset=\"https:\/\/advancetapes.com\/wp-content\/uploads\/2020\/12\/Advance-offers-bespoke-service.jpg 800w, https:\/\/advancetapes.com\/wp-content\/uploads\/2020\/12\/Advance-offers-bespoke-service-600x450.jpg 600w, https:\/\/advancetapes.com\/wp-content\/uploads\/2020\/12\/Advance-offers-bespoke-service-300x225.jpg 300w, https:\/\/advancetapes.com\/wp-content\/uploads\/2020\/12\/Advance-offers-bespoke-service-768x576.jpg 768w, https:\/\/advancetapes.com\/wp-content\/uploads\/2020\/12\/Advance-offers-bespoke-service-705x529.jpg 705w\" sizes=\"(max-width: 800px) 100vw, 800px\" \/><\/div><\/li><\/ul><div class='avia-slideshow-arrows avia-slideshow-controls' ><a href='#prev' class='prev-slide  avia-svg-icon avia-font-svg_entypo-fontello' data-av_svg_icon='left-open-big' data-av_iconset='svg_entypo-fontello' tabindex='-1' title=\"Pr\u00e9c\u00e9dent\"><svg version=\"1.1\" xmlns=\"http:\/\/www.w3.org\/2000\/svg\" width=\"15\" height=\"32\" viewBox=\"0 0 15 32\" preserveAspectRatio=\"xMidYMid meet\" aria-labelledby='av-svg-title-1' aria-describedby='av-svg-desc-1' role=\"graphics-symbol\" aria-hidden=\"true\">\n<title id='av-svg-title-1'>Pr\u00e9c\u00e9dent<\/title>\n<desc id='av-svg-desc-1'>Pr\u00e9c\u00e9dent<\/desc>\n<path d=\"M14.464 27.84q0.832 0.832 0 1.536-0.832 0.832-1.536 0l-12.544-12.608q-0.768-0.768 0-1.6l12.544-12.608q0.704-0.832 1.536 0 0.832 0.704 0 1.536l-11.456 11.904z\"><\/path>\n<\/svg><span class='avia_hidden_link_text'>Pr\u00e9c\u00e9dent<\/span><\/a><a href='#next' class='next-slide  avia-svg-icon avia-font-svg_entypo-fontello' data-av_svg_icon='right-open-big' data-av_iconset='svg_entypo-fontello' tabindex='-1' title=\"Suivant\"><svg version=\"1.1\" xmlns=\"http:\/\/www.w3.org\/2000\/svg\" width=\"15\" height=\"32\" viewBox=\"0 0 15 32\" preserveAspectRatio=\"xMidYMid meet\" aria-labelledby='av-svg-title-2' aria-describedby='av-svg-desc-2' role=\"graphics-symbol\" aria-hidden=\"true\">\n<title id='av-svg-title-2'>Suivant<\/title>\n<desc id='av-svg-desc-2'>Suivant<\/desc>\n<path d=\"M0.416 27.84l11.456-11.84-11.456-11.904q-0.832-0.832 0-1.536 0.832-0.832 1.536 0l12.544 12.608q0.768 0.832 0 1.6l-12.544 12.608q-0.704 0.832-1.536 0-0.832-0.704 0-1.536z\"><\/path>\n<\/svg><span class='avia_hidden_link_text'>Suivant<\/span><\/a><\/div><div class='avia-slideshow-dots avia-slideshow-controls'><a href='#1' class='goto-slide active' >1<\/a><a href='#2' class='goto-slide ' >2<\/a><\/div><\/div><\/div>\n<\/div><\/div><\/div><!-- close content main div --><\/div><\/div>\n<style type=\"text\/css\" data-created_by=\"avia_inline_auto\" id=\"style-css-av-kj9od5q4-86d1f896adff162ea23ff14075f09fc5\">\n.avia-section.av-kj9od5q4-86d1f896adff162ea23ff14075f09fc5{\nbackground-color:#e6e7e8;\nbackground-image:unset;\n}\n<\/style>\n<div id='av_section_1'  class='avia-section av-kj9od5q4-86d1f896adff162ea23ff14075f09fc5 main_color avia-section-default avia-no-border-styling  avia-builder-el-5  el_after_av_one_half  avia-builder-el-last  avia-bg-style-scroll container_wrap fullsize'  ><div class='container av-section-cont-open' ><div class='template-page content  av-content-full alpha units'><div class='post-entry post-entry-type-page post-entry-4542'><div class='entry-content-wrapper clearfix'>\n\n","protected":false},"excerpt":{"rendered":"","protected":false},"author":455,"featured_media":0,"parent":0,"menu_order":0,"comment_status":"closed","ping_status":"closed","template":"","meta":{"_acf_changed":false,"footnotes":""},"class_list":["post-4542","page","type-page","status-publish","hentry"],"acf":[],"yoast_head":"<!-- This site is optimized with the Yoast SEO plugin v27.4 - https:\/\/yoast.com\/product\/yoast-seo-wordpress\/ -->\n<title>Personnalisation - Advance Tapes<\/title>\n<meta name=\"robots\" content=\"index, follow, max-snippet:-1, max-image-preview:large, max-video-preview:-1\" \/>\n<link rel=\"canonical\" href=\"https:\/\/advancetapes.com\/fr\/personnalisation\/\" \/>\n<meta property=\"og:locale\" content=\"fr_FR\" \/>\n<meta property=\"og:type\" content=\"article\" \/>\n<meta property=\"og:title\" content=\"Personnalisation - Advance Tapes\" \/>\n<meta property=\"og:url\" content=\"https:\/\/advancetapes.com\/fr\/personnalisation\/\" \/>\n<meta property=\"og:site_name\" content=\"Advance Tapes\" \/>\n<meta property=\"article:modified_time\" content=\"2023-11-23T12:08:08+00:00\" \/>\n<meta name=\"twitter:card\" content=\"summary_large_image\" \/>\n<meta name=\"twitter:label1\" content=\"Est. reading time\" \/>\n\t<meta name=\"twitter:data1\" content=\"4 minutes\" \/>\n<!-- \/ Yoast SEO plugin. -->","yoast_head_json":{"title":"Personnalisation - Advance Tapes","robots":{"index":"index","follow":"follow","max-snippet":"max-snippet:-1","max-image-preview":"max-image-preview:large","max-video-preview":"max-video-preview:-1"},"canonical":"https:\/\/advancetapes.com\/fr\/personnalisation\/","og_locale":"fr_FR","og_type":"article","og_title":"Personnalisation - Advance Tapes","og_url":"https:\/\/advancetapes.com\/fr\/personnalisation\/","og_site_name":"Advance Tapes","article_modified_time":"2023-11-23T12:08:08+00:00","twitter_card":"summary_large_image","twitter_misc":{"Est. reading time":"4 minutes"},"schema":{"@context":"https:\/\/schema.org","@graph":[{"@type":"WebPage","@id":"https:\/\/advancetapes.com\/fr\/personnalisation\/","url":"https:\/\/advancetapes.com\/fr\/personnalisation\/","name":"Personnalisation - Advance Tapes","isPartOf":{"@id":"https:\/\/advancetapes.com\/fr\/#website"},"datePublished":"2021-01-24T09:34:26+00:00","dateModified":"2023-11-23T12:08:08+00:00","breadcrumb":{"@id":"https:\/\/advancetapes.com\/fr\/personnalisation\/#breadcrumb"},"inLanguage":"fr-FR","potentialAction":[{"@type":"ReadAction","target":["https:\/\/advancetapes.com\/fr\/personnalisation\/"]}]},{"@type":"BreadcrumbList","@id":"https:\/\/advancetapes.com\/fr\/personnalisation\/#breadcrumb","itemListElement":[{"@type":"ListItem","position":1,"name":"Home","item":"https:\/\/advancetapes.com\/fr\/"},{"@type":"ListItem","position":2,"name":"Personnalisation"}]},{"@type":"WebSite","@id":"https:\/\/advancetapes.com\/fr\/#website","url":"https:\/\/advancetapes.com\/fr\/","name":"Advance Tapes","description":"Adding more to adhesive tape","potentialAction":[{"@type":"SearchAction","target":{"@type":"EntryPoint","urlTemplate":"https:\/\/advancetapes.com\/fr\/?s={search_term_string}"},"query-input":{"@type":"PropertyValueSpecification","valueRequired":true,"valueName":"search_term_string"}}],"inLanguage":"fr-FR"}]}},"_links":{"self":[{"href":"https:\/\/advancetapes.com\/fr\/wp-json\/wp\/v2\/pages\/4542","targetHints":{"allow":["GET"]}}],"collection":[{"href":"https:\/\/advancetapes.com\/fr\/wp-json\/wp\/v2\/pages"}],"about":[{"href":"https:\/\/advancetapes.com\/fr\/wp-json\/wp\/v2\/types\/page"}],"author":[{"embeddable":true,"href":"https:\/\/advancetapes.com\/fr\/wp-json\/wp\/v2\/users\/455"}],"replies":[{"embeddable":true,"href":"https:\/\/advancetapes.com\/fr\/wp-json\/wp\/v2\/comments?post=4542"}],"version-history":[{"count":2,"href":"https:\/\/advancetapes.com\/fr\/wp-json\/wp\/v2\/pages\/4542\/revisions"}],"predecessor-version":[{"id":9155,"href":"https:\/\/advancetapes.com\/fr\/wp-json\/wp\/v2\/pages\/4542\/revisions\/9155"}],"wp:attachment":[{"href":"https:\/\/advancetapes.com\/fr\/wp-json\/wp\/v2\/media?parent=4542"}],"curies":[{"name":"wp","href":"https:\/\/api.w.org\/{rel}","templated":true}]}}