{"id":4533,"date":"2021-01-24T09:27:22","date_gmt":"2021-01-24T09:27:22","guid":{"rendered":"https:\/\/advancetapes.com\/sante-securite\/"},"modified":"2021-01-24T09:27:23","modified_gmt":"2021-01-24T09:27:23","slug":"sante-securite","status":"publish","type":"page","link":"https:\/\/advancetapes.com\/fr\/sante-securite\/","title":{"rendered":"Sant\u00e9 &#038; S\u00e9curit\u00e9"},"content":{"rendered":"\n<style type=\"text\/css\" data-created_by=\"avia_inline_auto\" id=\"style-css-av-1m833-3ce70b3eafff02ef001514831f58d9f0\">\n.flex_column.av-1m833-3ce70b3eafff02ef001514831f58d9f0{\nborder-radius:0px 0px 0px 0px;\npadding:0px 0px 0px 0px;\n}\n<\/style>\n<div  class='flex_column av-1m833-3ce70b3eafff02ef001514831f58d9f0 av_one_half  avia-builder-el-0  el_before_av_one_half  avia-builder-el-first  first flex_column_div av-zero-column-padding  '     ><style type=\"text\/css\" data-created_by=\"avia_inline_auto\" id=\"style-css-av-kk8jqsi3-6b897f8902036d46621fcbdfb885a82c\">\n#top .av_textblock_section.av-kk8jqsi3-6b897f8902036d46621fcbdfb885a82c .avia_textblock{\ncolor:#008b98;\n}\n<\/style>\n<section  class='av_textblock_section av-kk8jqsi3-6b897f8902036d46621fcbdfb885a82c '   itemscope=\"itemscope\" itemtype=\"https:\/\/schema.org\/CreativeWork\" ><div class='avia_textblock our-health-safety-heading av_inherit_color'  itemprop=\"text\" ><h1>Sant\u00e9 &amp; S\u00e9curit\u00e9<\/h1>\n<\/div><\/section><br \/>\n<section  class='av_textblock_section av-kj8h65uf-edea984f2e0287259c52cc1cbe9cc71f '   itemscope=\"itemscope\" itemtype=\"https:\/\/schema.org\/CreativeWork\" ><div class='avia_textblock'  itemprop=\"text\" ><p>Chez Advance Tapes nous nous soucions du bien-\u00eatre de tous nos collaborateurs, sous-traitants, visiteurs et clients. Nous sommes d\u00e9termin\u00e9s \u00e0 maintenir la qualit\u00e9 de notre sant\u00e9 et de notre s\u00e9curit\u00e9 au travail \u00e0 travers nos responsabilit\u00e9s gr\u00e2ce \u00e0 une communication continue et une sensibilisation permanente de notre personnel.<\/p>\n<\/div><\/section><\/p><\/div>\n<style type=\"text\/css\" data-created_by=\"avia_inline_auto\" id=\"style-css-av-rukf-84d0dbd71e2f174eb2a263e0cb6bf5dc\">\n.flex_column.av-rukf-84d0dbd71e2f174eb2a263e0cb6bf5dc{\nborder-radius:0px 0px 0px 0px;\npadding:0px 0px 0px 0px;\n}\n<\/style>\n<div  class='flex_column av-rukf-84d0dbd71e2f174eb2a263e0cb6bf5dc av_one_half  avia-builder-el-3  el_after_av_one_half  el_before_av_section  avia-builder-el-last  flex_column_div av-zero-column-padding  '     ><style type=\"text\/css\" data-created_by=\"avia_inline_auto\" id=\"style-css-av-kj8h70yu-3590bd3301cde1e458f4f5c4c91d6992\">\n.avia-image-container.av-kj8h70yu-3590bd3301cde1e458f4f5c4c91d6992 img.avia_image{\nbox-shadow:none;\n}\n.avia-image-container.av-kj8h70yu-3590bd3301cde1e458f4f5c4c91d6992 .av-image-caption-overlay-center{\ncolor:#ffffff;\n}\n<\/style>\n<div  class='avia-image-container av-kj8h70yu-3590bd3301cde1e458f4f5c4c91d6992 av-styling- avia-align-center  avia-builder-el-4  avia-builder-el-no-sibling '   itemprop=\"image\" itemscope=\"itemscope\" itemtype=\"https:\/\/schema.org\/ImageObject\" ><div class=\"avia-image-container-inner\"><div class=\"avia-image-overlay-wrap\"><img decoding=\"async\" fetchpriority=\"high\" class='wp-image-2492 avia-img-lazy-loading-not-2492 avia_image ' src=\"https:\/\/advancetapes.com\/wp-content\/uploads\/2020\/12\/British-Safety-Council-Member-Logo.jpg\" alt='' title='British-Safety-Council-Member-Logo'  height=\"600\" width=\"800\"  itemprop=\"thumbnailUrl\" srcset=\"https:\/\/advancetapes.com\/wp-content\/uploads\/2020\/12\/British-Safety-Council-Member-Logo.jpg 800w, https:\/\/advancetapes.com\/wp-content\/uploads\/2020\/12\/British-Safety-Council-Member-Logo-600x450.jpg 600w, https:\/\/advancetapes.com\/wp-content\/uploads\/2020\/12\/British-Safety-Council-Member-Logo-300x225.jpg 300w, https:\/\/advancetapes.com\/wp-content\/uploads\/2020\/12\/British-Safety-Council-Member-Logo-768x576.jpg 768w, https:\/\/advancetapes.com\/wp-content\/uploads\/2020\/12\/British-Safety-Council-Member-Logo-705x529.jpg 705w\" sizes=\"(max-width: 800px) 100vw, 800px\" \/><\/div><\/div><\/div><\/div><\/p>\n<\/div><\/div><\/div><!-- close content main div --><\/div><\/div>\n<style type=\"text\/css\" data-created_by=\"avia_inline_auto\" id=\"style-css-av-kj8l72dk-43a8333cd71ddbcbb76e7d7bb6c4f034\">\n.avia-section.av-kj8l72dk-43a8333cd71ddbcbb76e7d7bb6c4f034{\nbackground-color:#e6e7e8;\nbackground-image:unset;\n}\n<\/style>\n<div id='av_section_1'  class='avia-section av-kj8l72dk-43a8333cd71ddbcbb76e7d7bb6c4f034 main_color avia-section-default avia-no-border-styling  avia-builder-el-5  el_after_av_one_half  avia-builder-el-last  avia-bg-style-scroll container_wrap fullsize'  ><div class='container av-section-cont-open' ><div class='template-page content  av-content-full alpha units'><div class='post-entry post-entry-type-page post-entry-4533'><div class='entry-content-wrapper clearfix'>\n<section  class='av_textblock_section av-kj8h65uf-edea984f2e0287259c52cc1cbe9cc71f '   itemscope=\"itemscope\" itemtype=\"https:\/\/schema.org\/CreativeWork\" ><div class='avia_textblock'  itemprop=\"text\" ><p>Nous utilisons une m\u00e9thode d\u2019\u00e9valuation des risques afin d\u2019identifier les probl\u00e8mes importants li\u00e9s \u00e0 nos activit\u00e9s et nous employons des mesures de contr\u00f4le efficaces pour r\u00e9duire la probabilit\u00e9 d\u2019incidents. Au cours des derni\u00e8res ann\u00e9es, nous avons apport\u00e9 des am\u00e9liorations significatives dans la gestion de la s\u00e9curit\u00e9 dans l\u2019entreprise.<\/p>\n<\/div><\/section>\n\n","protected":false},"excerpt":{"rendered":"","protected":false},"author":455,"featured_media":0,"parent":0,"menu_order":0,"comment_status":"closed","ping_status":"closed","template":"","meta":{"_acf_changed":false,"footnotes":""},"class_list":["post-4533","page","type-page","status-publish","hentry"],"acf":[],"yoast_head":"<!-- This site is optimized with the Yoast SEO plugin v27.3 - https:\/\/yoast.com\/product\/yoast-seo-wordpress\/ -->\n<title>Sant\u00e9 &amp; S\u00e9curit\u00e9 - Advance Tapes<\/title>\n<meta name=\"robots\" content=\"index, follow, max-snippet:-1, max-image-preview:large, max-video-preview:-1\" \/>\n<link rel=\"canonical\" href=\"https:\/\/advancetapes.com\/fr\/sante-securite\/\" \/>\n<meta property=\"og:locale\" content=\"fr_FR\" \/>\n<meta property=\"og:type\" content=\"article\" \/>\n<meta property=\"og:title\" content=\"Sant\u00e9 &amp; S\u00e9curit\u00e9 - Advance Tapes\" \/>\n<meta property=\"og:url\" content=\"https:\/\/advancetapes.com\/fr\/sante-securite\/\" \/>\n<meta property=\"og:site_name\" content=\"Advance Tapes\" \/>\n<meta property=\"article:modified_time\" content=\"2021-01-24T09:27:23+00:00\" \/>\n<meta name=\"twitter:card\" content=\"summary_large_image\" \/>\n<meta name=\"twitter:label1\" content=\"Est. reading time\" \/>\n\t<meta name=\"twitter:data1\" content=\"3 minutes\" \/>\n<!-- \/ Yoast SEO plugin. -->","yoast_head_json":{"title":"Sant\u00e9 & S\u00e9curit\u00e9 - Advance Tapes","robots":{"index":"index","follow":"follow","max-snippet":"max-snippet:-1","max-image-preview":"max-image-preview:large","max-video-preview":"max-video-preview:-1"},"canonical":"https:\/\/advancetapes.com\/fr\/sante-securite\/","og_locale":"fr_FR","og_type":"article","og_title":"Sant\u00e9 & S\u00e9curit\u00e9 - Advance Tapes","og_url":"https:\/\/advancetapes.com\/fr\/sante-securite\/","og_site_name":"Advance Tapes","article_modified_time":"2021-01-24T09:27:23+00:00","twitter_card":"summary_large_image","twitter_misc":{"Est. reading time":"3 minutes"},"schema":{"@context":"https:\/\/schema.org","@graph":[{"@type":"WebPage","@id":"https:\/\/advancetapes.com\/fr\/sante-securite\/","url":"https:\/\/advancetapes.com\/fr\/sante-securite\/","name":"Sant\u00e9 & S\u00e9curit\u00e9 - Advance Tapes","isPartOf":{"@id":"https:\/\/advancetapes.com\/fr\/#website"},"datePublished":"2021-01-24T09:27:22+00:00","dateModified":"2021-01-24T09:27:23+00:00","breadcrumb":{"@id":"https:\/\/advancetapes.com\/fr\/sante-securite\/#breadcrumb"},"inLanguage":"fr-FR","potentialAction":[{"@type":"ReadAction","target":["https:\/\/advancetapes.com\/fr\/sante-securite\/"]}]},{"@type":"BreadcrumbList","@id":"https:\/\/advancetapes.com\/fr\/sante-securite\/#breadcrumb","itemListElement":[{"@type":"ListItem","position":1,"name":"Home","item":"https:\/\/advancetapes.com\/fr\/"},{"@type":"ListItem","position":2,"name":"Sant\u00e9 &#038; S\u00e9curit\u00e9"}]},{"@type":"WebSite","@id":"https:\/\/advancetapes.com\/fr\/#website","url":"https:\/\/advancetapes.com\/fr\/","name":"Advance Tapes","description":"Adding more to adhesive tape","potentialAction":[{"@type":"SearchAction","target":{"@type":"EntryPoint","urlTemplate":"https:\/\/advancetapes.com\/fr\/?s={search_term_string}"},"query-input":{"@type":"PropertyValueSpecification","valueRequired":true,"valueName":"search_term_string"}}],"inLanguage":"fr-FR"}]}},"_links":{"self":[{"href":"https:\/\/advancetapes.com\/fr\/wp-json\/wp\/v2\/pages\/4533","targetHints":{"allow":["GET"]}}],"collection":[{"href":"https:\/\/advancetapes.com\/fr\/wp-json\/wp\/v2\/pages"}],"about":[{"href":"https:\/\/advancetapes.com\/fr\/wp-json\/wp\/v2\/types\/page"}],"author":[{"embeddable":true,"href":"https:\/\/advancetapes.com\/fr\/wp-json\/wp\/v2\/users\/455"}],"replies":[{"embeddable":true,"href":"https:\/\/advancetapes.com\/fr\/wp-json\/wp\/v2\/comments?post=4533"}],"version-history":[{"count":0,"href":"https:\/\/advancetapes.com\/fr\/wp-json\/wp\/v2\/pages\/4533\/revisions"}],"wp:attachment":[{"href":"https:\/\/advancetapes.com\/fr\/wp-json\/wp\/v2\/media?parent=4533"}],"curies":[{"name":"wp","href":"https:\/\/api.w.org\/{rel}","templated":true}]}}