{"id":4528,"date":"2021-01-24T09:25:19","date_gmt":"2021-01-24T09:25:19","guid":{"rendered":"https:\/\/advancetapes.com\/notre-environnement\/"},"modified":"2021-01-24T09:25:20","modified_gmt":"2021-01-24T09:25:20","slug":"notre-environnement","status":"publish","type":"page","link":"https:\/\/advancetapes.com\/fr\/notre-environnement\/","title":{"rendered":"Notre environnement"},"content":{"rendered":"\n<style type=\"text\/css\" data-created_by=\"avia_inline_auto\" id=\"style-css-av-kk8i8ffl-5f16e7f3e2847320149058787cab0192\">\n.avia-section.av-kk8i8ffl-5f16e7f3e2847320149058787cab0192{\nmargin-top:0px;\nmargin-bottom:0px;\n}\n<\/style>\n<div id='av_section_1'  class='avia-section av-kk8i8ffl-5f16e7f3e2847320149058787cab0192 main_color avia-section-no-padding avia-no-border-styling  avia-builder-el-0  el_before_av_section  avia-builder-el-first  avia-bg-style-scroll container_wrap fullsize'  ><div class='container av-section-cont-open' ><main  role=\"main\" itemprop=\"mainContentOfPage\"  class='template-page content  av-content-full alpha units'><div class='post-entry post-entry-type-page post-entry-4528'><div class='entry-content-wrapper clearfix'>\n\n<style type=\"text\/css\" data-created_by=\"avia_inline_auto\" id=\"style-css-av-1m833-7d264e26b9fb9fc87dca708eb8a26d22\">\n.flex_column.av-1m833-7d264e26b9fb9fc87dca708eb8a26d22{\nborder-radius:0px 0px 0px 0px;\npadding:0px 0px 0px 0px;\n}\n<\/style>\n<div  class='flex_column av-1m833-7d264e26b9fb9fc87dca708eb8a26d22 av_one_half  avia-builder-el-1  el_before_av_one_half  avia-builder-el-first  first flex_column_div av-zero-column-padding  '     ><p>\n<style type=\"text\/css\" data-created_by=\"avia_inline_auto\" id=\"style-css-av-kk8jg5bb-a866477fcf23f413831f8e62b4e1e411\">\n#top .av-special-heading.av-kk8jg5bb-a866477fcf23f413831f8e62b4e1e411{\npadding-bottom:10px;\ncolor:#008b98;\n}\nbody .av-special-heading.av-kk8jg5bb-a866477fcf23f413831f8e62b4e1e411 .av-special-heading-tag .heading-char{\nfont-size:25px;\n}\n.av-special-heading.av-kk8jg5bb-a866477fcf23f413831f8e62b4e1e411 .special-heading-inner-border{\nborder-color:#008b98;\n}\n.av-special-heading.av-kk8jg5bb-a866477fcf23f413831f8e62b4e1e411 .av-subheading{\nfont-size:15px;\n}\n<\/style>\n<div  class='av-special-heading av-kk8jg5bb-a866477fcf23f413831f8e62b4e1e411 av-special-heading-h1 custom-color-heading blockquote modern-quote  avia-builder-el-2  el_before_av_textblock  avia-builder-el-first  our-environment-heading'><h1 class='av-special-heading-tag '  itemprop=\"headline\"  >Notre environnement<\/h1><div class=\"special-heading-border\"><div class=\"special-heading-inner-border\"><\/div><\/div><\/div><br \/>\n<section  class='av_textblock_section av-kj8h65uf-edea984f2e0287259c52cc1cbe9cc71f '   itemscope=\"itemscope\" itemtype=\"https:\/\/schema.org\/CreativeWork\" ><div class='avia_textblock'  itemprop=\"text\" ><p>La Direction G\u00e9n\u00e9rale a conscience de sa responsabilit\u00e9 envers l&#8217;environnement. La pr\u00e9vention de la pollution est de la premi\u00e8re importance pour Advance Tapes et la Direction reconna\u00eet son obligation de respecter, comme une norme minimale, les exigences l\u00e9gislatives environnementales pertinentes.<\/p>\n<\/div><\/section><\/p><\/div>\n<style type=\"text\/css\" data-created_by=\"avia_inline_auto\" id=\"style-css-av-rukf-1aac1c33b715543cf184c1e789192474\">\n.flex_column.av-rukf-1aac1c33b715543cf184c1e789192474{\nborder-radius:0px 0px 0px 0px;\npadding:0px 0px 0px 0px;\n}\n<\/style>\n<div  class='flex_column av-rukf-1aac1c33b715543cf184c1e789192474 av_one_half  avia-builder-el-4  el_after_av_one_half  avia-builder-el-last  flex_column_div av-zero-column-padding  '     ><style type=\"text\/css\" data-created_by=\"avia_inline_auto\" id=\"style-css-av-kj8h70yu-c9f528352aed7b74abdd3aab38a60bc9\">\n.avia-image-container.av-kj8h70yu-c9f528352aed7b74abdd3aab38a60bc9 img.avia_image{\nbox-shadow:none;\n}\n.avia-image-container.av-kj8h70yu-c9f528352aed7b74abdd3aab38a60bc9 .av-image-caption-overlay-center{\ncolor:#ffffff;\n}\n<\/style>\n<div  class='avia-image-container av-kj8h70yu-c9f528352aed7b74abdd3aab38a60bc9 av-styling-no-styling avia-align-center  avia-builder-el-5  avia-builder-el-no-sibling '   itemprop=\"image\" itemscope=\"itemscope\" itemtype=\"https:\/\/schema.org\/ImageObject\" ><div class=\"avia-image-container-inner\"><div class=\"avia-image-overlay-wrap\"><img decoding=\"async\" fetchpriority=\"high\" class='wp-image-2490 avia-img-lazy-loading-not-2490 avia_image ' src=\"https:\/\/advancetapes.com\/wp-content\/uploads\/2020\/12\/Advance-Headquarters-2.jpg\" alt='' title='Advance-Headquarters (2)'  height=\"600\" width=\"800\"  itemprop=\"thumbnailUrl\" srcset=\"https:\/\/advancetapes.com\/wp-content\/uploads\/2020\/12\/Advance-Headquarters-2.jpg 800w, https:\/\/advancetapes.com\/wp-content\/uploads\/2020\/12\/Advance-Headquarters-2-600x450.jpg 600w, https:\/\/advancetapes.com\/wp-content\/uploads\/2020\/12\/Advance-Headquarters-2-300x225.jpg 300w, https:\/\/advancetapes.com\/wp-content\/uploads\/2020\/12\/Advance-Headquarters-2-768x576.jpg 768w, https:\/\/advancetapes.com\/wp-content\/uploads\/2020\/12\/Advance-Headquarters-2-705x529.jpg 705w\" sizes=\"(max-width: 800px) 100vw, 800px\" \/><\/div><\/div><\/div><\/div><\/div><\/div><\/main><!-- close content main element --><\/div><\/div>\n<style type=\"text\/css\" data-created_by=\"avia_inline_auto\" id=\"style-css-av-kj8k9bfl-3350ed9237a46e831189850c464c3525\">\n.avia-section.av-kj8k9bfl-3350ed9237a46e831189850c464c3525{\nbackground-color:#e6e7e8;\nbackground-image:unset;\n}\n<\/style>\n<div id='av_section_2'  class='avia-section av-kj8k9bfl-3350ed9237a46e831189850c464c3525 main_color avia-section-no-padding avia-no-border-styling  avia-builder-el-6  el_after_av_section  avia-builder-el-last  avia-bg-style-scroll container_wrap fullsize'  ><div class='container av-section-cont-open' ><div class='template-page content  av-content-full alpha units'><div class='post-entry post-entry-type-page post-entry-4528'><div class='entry-content-wrapper clearfix'>\n\n<style type=\"text\/css\" data-created_by=\"avia_inline_auto\" id=\"style-css-av-p0en-7a1c52205c75365d69bd833a591e01e9\">\n.flex_column.av-p0en-7a1c52205c75365d69bd833a591e01e9{\nborder-radius:0px 0px 0px 0px;\npadding:0px 0px 0px 0px;\n}\n<\/style>\n<div  class='flex_column av-p0en-7a1c52205c75365d69bd833a591e01e9 av_one_half  avia-builder-el-7  el_before_av_textblock  avia-builder-el-first  first flex_column_div av-zero-column-padding  '     ><style type=\"text\/css\" data-created_by=\"avia_inline_auto\" id=\"style-css-av-kj8i5oiy-18349b2a968e6a76532e5664309be3b0\">\n.avia-video.av-kj8i5oiy-18349b2a968e6a76532e5664309be3b0{\npadding-bottom:56%;\n}\n<\/style>\n<div  class='avia-video av-kj8i5oiy-18349b2a968e6a76532e5664309be3b0 avia-video-custom av-no-preview-image avia-video-load-always av-lazyload-immediate av-lazyload-video-embed'  itemprop=\"video\" itemtype=\"https:\/\/schema.org\/VideoObject\"  data-original_url='https:\/\/youtu.be\/LvN_O-XFw1A'><script type='text\/html' class='av-video-tmpl'><div class='avia-iframe-wrap'><iframe loading=\"lazy\" title=\"Working To Protect The Environment\" width=\"1500\" height=\"844\" src=\"https:\/\/www.youtube.com\/embed\/LvN_O-XFw1A?feature=oembed&autoplay=0&loop=0&controls=1&mute=0\" frameborder=\"0\" allow=\"accelerometer; autoplay; clipboard-write; encrypted-media; gyroscope; picture-in-picture\" allowfullscreen><\/iframe><\/div><\/script><div class='av-click-to-play-overlay'><div class=\"avia_playpause_icon\"><\/div><\/div><\/div><\/div><section  class='av_textblock_section av-kj8h65uf-edea984f2e0287259c52cc1cbe9cc71f '   itemscope=\"itemscope\" itemtype=\"https:\/\/schema.org\/CreativeWork\" ><div class='avia_textblock'  itemprop=\"text\" ><p>Advance Tapes s\u2019efforce d\u2019exploiter et d\u2019entretenir ses installations de mani\u00e8re \u00e0 \u00e9liminer les pratiques de gaspillage et minimiser l\u2019impact sur l\u2019environnement. Les solvants sont incin\u00e9r\u00e9s afin de minimiser leur impact sur l\u2019environnement.<\/p>\n<p>Advance travaille avec les clients, les fournisseurs et les entrepreneurs afin de r\u00e9duire l\u2019impact n\u00e9gatif sur l\u2019environnement. Advance est membre d\u2019une Organisation de Recyclage des Emballages et tous les mat\u00e9riaux d\u2019emballage utilis\u00e9s sont conformes aux diff\u00e9rentes r\u00e8glementations.<\/p>\n<p>Advance cherche \u00e0 minimiser les d\u00e9chets qui sont par ailleurs \u00e9limin\u00e9s conform\u00e9ment aux r\u00e8glements en vigueur.<\/p>\n<\/div><\/section>\n<\/p>\n","protected":false},"excerpt":{"rendered":"","protected":false},"author":455,"featured_media":0,"parent":0,"menu_order":0,"comment_status":"closed","ping_status":"closed","template":"","meta":{"_acf_changed":false,"footnotes":""},"class_list":["post-4528","page","type-page","status-publish","hentry"],"acf":[],"yoast_head":"<!-- This site is optimized with the Yoast SEO plugin v27.4 - https:\/\/yoast.com\/product\/yoast-seo-wordpress\/ -->\n<title>Notre environnement - Advance Tapes<\/title>\n<meta name=\"robots\" content=\"index, follow, max-snippet:-1, max-image-preview:large, max-video-preview:-1\" \/>\n<link rel=\"canonical\" href=\"https:\/\/advancetapes.com\/fr\/notre-environnement\/\" \/>\n<meta property=\"og:locale\" content=\"fr_FR\" \/>\n<meta property=\"og:type\" content=\"article\" \/>\n<meta property=\"og:title\" content=\"Notre environnement - Advance Tapes\" \/>\n<meta property=\"og:url\" content=\"https:\/\/advancetapes.com\/fr\/notre-environnement\/\" \/>\n<meta property=\"og:site_name\" content=\"Advance Tapes\" \/>\n<meta property=\"article:modified_time\" content=\"2021-01-24T09:25:20+00:00\" \/>\n<meta name=\"twitter:card\" content=\"summary_large_image\" \/>\n<meta name=\"twitter:label1\" content=\"Est. reading time\" \/>\n\t<meta name=\"twitter:data1\" content=\"5 minutes\" \/>\n<!-- \/ Yoast SEO plugin. -->","yoast_head_json":{"title":"Notre environnement - Advance Tapes","robots":{"index":"index","follow":"follow","max-snippet":"max-snippet:-1","max-image-preview":"max-image-preview:large","max-video-preview":"max-video-preview:-1"},"canonical":"https:\/\/advancetapes.com\/fr\/notre-environnement\/","og_locale":"fr_FR","og_type":"article","og_title":"Notre environnement - Advance Tapes","og_url":"https:\/\/advancetapes.com\/fr\/notre-environnement\/","og_site_name":"Advance Tapes","article_modified_time":"2021-01-24T09:25:20+00:00","twitter_card":"summary_large_image","twitter_misc":{"Est. reading time":"5 minutes"},"schema":{"@context":"https:\/\/schema.org","@graph":[{"@type":"WebPage","@id":"https:\/\/advancetapes.com\/fr\/notre-environnement\/","url":"https:\/\/advancetapes.com\/fr\/notre-environnement\/","name":"Notre environnement - Advance Tapes","isPartOf":{"@id":"https:\/\/advancetapes.com\/fr\/#website"},"datePublished":"2021-01-24T09:25:19+00:00","dateModified":"2021-01-24T09:25:20+00:00","breadcrumb":{"@id":"https:\/\/advancetapes.com\/fr\/notre-environnement\/#breadcrumb"},"inLanguage":"fr-FR","potentialAction":[{"@type":"ReadAction","target":["https:\/\/advancetapes.com\/fr\/notre-environnement\/"]}]},{"@type":"BreadcrumbList","@id":"https:\/\/advancetapes.com\/fr\/notre-environnement\/#breadcrumb","itemListElement":[{"@type":"ListItem","position":1,"name":"Home","item":"https:\/\/advancetapes.com\/fr\/"},{"@type":"ListItem","position":2,"name":"Notre environnement"}]},{"@type":"WebSite","@id":"https:\/\/advancetapes.com\/fr\/#website","url":"https:\/\/advancetapes.com\/fr\/","name":"Advance Tapes","description":"Adding more to adhesive tape","potentialAction":[{"@type":"SearchAction","target":{"@type":"EntryPoint","urlTemplate":"https:\/\/advancetapes.com\/fr\/?s={search_term_string}"},"query-input":{"@type":"PropertyValueSpecification","valueRequired":true,"valueName":"search_term_string"}}],"inLanguage":"fr-FR"}]}},"_links":{"self":[{"href":"https:\/\/advancetapes.com\/fr\/wp-json\/wp\/v2\/pages\/4528","targetHints":{"allow":["GET"]}}],"collection":[{"href":"https:\/\/advancetapes.com\/fr\/wp-json\/wp\/v2\/pages"}],"about":[{"href":"https:\/\/advancetapes.com\/fr\/wp-json\/wp\/v2\/types\/page"}],"author":[{"embeddable":true,"href":"https:\/\/advancetapes.com\/fr\/wp-json\/wp\/v2\/users\/455"}],"replies":[{"embeddable":true,"href":"https:\/\/advancetapes.com\/fr\/wp-json\/wp\/v2\/comments?post=4528"}],"version-history":[{"count":0,"href":"https:\/\/advancetapes.com\/fr\/wp-json\/wp\/v2\/pages\/4528\/revisions"}],"wp:attachment":[{"href":"https:\/\/advancetapes.com\/fr\/wp-json\/wp\/v2\/media?parent=4528"}],"curies":[{"name":"wp","href":"https:\/\/api.w.org\/{rel}","templated":true}]}}