{"id":4523,"date":"2021-01-24T09:22:48","date_gmt":"2021-01-24T09:22:48","guid":{"rendered":"https:\/\/advancetapes.com\/notre-communaute\/"},"modified":"2024-05-29T11:03:22","modified_gmt":"2024-05-29T11:03:22","slug":"notre-communaute","status":"publish","type":"page","link":"https:\/\/advancetapes.com\/fr\/notre-communaute\/","title":{"rendered":"Notre communaut\u00e9"},"content":{"rendered":"<div id='av_section_1'  class='avia-section av-1gmpd-0dada8bb8172dce83bdb336fce788782 main_color avia-section-default avia-no-border-styling  avia-builder-el-0  el_before_av_section  avia-builder-el-first  avia-bg-style-scroll container_wrap fullsize'  ><div class='container av-section-cont-open' ><main  role=\"main\" itemprop=\"mainContentOfPage\"  class='template-page content  av-content-full alpha units'><div class='post-entry post-entry-type-page post-entry-4523'><div class='entry-content-wrapper clearfix'>\n\n<style type=\"text\/css\" data-created_by=\"avia_inline_auto\" id=\"style-css-av-1m833-3ce70b3eafff02ef001514831f58d9f0\">\n.flex_column.av-1m833-3ce70b3eafff02ef001514831f58d9f0{\nborder-radius:0px 0px 0px 0px;\npadding:0px 0px 0px 0px;\n}\n<\/style>\n<div  class='flex_column av-1m833-3ce70b3eafff02ef001514831f58d9f0 av_one_half  avia-builder-el-1  el_before_av_one_half  avia-builder-el-first  first flex_column_div av-zero-column-padding  '     ><p>\n<style type=\"text\/css\" data-created_by=\"avia_inline_auto\" id=\"style-css-av-140uh-c121e4187c0cf519dd8c8a9e142da302\">\n#top .av-special-heading.av-140uh-c121e4187c0cf519dd8c8a9e142da302{\npadding-bottom:10px;\ncolor:#008b98;\n}\nbody .av-special-heading.av-140uh-c121e4187c0cf519dd8c8a9e142da302 .av-special-heading-tag .heading-char{\nfont-size:25px;\n}\n.av-special-heading.av-140uh-c121e4187c0cf519dd8c8a9e142da302 .special-heading-inner-border{\nborder-color:#008b98;\n}\n.av-special-heading.av-140uh-c121e4187c0cf519dd8c8a9e142da302 .av-subheading{\nfont-size:15px;\n}\n<\/style>\n<div  class='av-special-heading av-140uh-c121e4187c0cf519dd8c8a9e142da302 av-special-heading-h1 custom-color-heading blockquote modern-quote  avia-builder-el-2  el_before_av_textblock  avia-builder-el-first '><h1 class='av-special-heading-tag '  itemprop=\"headline\"  >Notre communaut\u00e9<\/h1><div class=\"special-heading-border\"><div class=\"special-heading-inner-border\"><\/div><\/div><\/div><br \/>\n<section  class='av_textblock_section av-kj8h65uf-edea984f2e0287259c52cc1cbe9cc71f '   itemscope=\"itemscope\" itemtype=\"https:\/\/schema.org\/CreativeWork\" ><div class='avia_textblock'  itemprop=\"text\" ><p>En tant qu&#8217;entreprise familiale qui emploie de nombreux locaux, Advance a toujours cherch\u00e9 \u00e0 soutenir sa communaut\u00e9 locale ici \u00e0 Leicester. Depuis la cr\u00e9ation d&#8217;Advance en 1964, nous avons organis\u00e9 des \u00e9v\u00e9nements caritatifs et parrain\u00e9 des \u00e9quipes sportives locales.<\/p>\n<\/div><\/section><\/p><\/div>\n<style type=\"text\/css\" data-created_by=\"avia_inline_auto\" id=\"style-css-av-rukf-84d0dbd71e2f174eb2a263e0cb6bf5dc\">\n.flex_column.av-rukf-84d0dbd71e2f174eb2a263e0cb6bf5dc{\nborder-radius:0px 0px 0px 0px;\npadding:0px 0px 0px 0px;\n}\n<\/style>\n<div  class='flex_column av-rukf-84d0dbd71e2f174eb2a263e0cb6bf5dc av_one_half  avia-builder-el-4  el_after_av_one_half  avia-builder-el-last  flex_column_div av-zero-column-padding  '     ><div  class='avia-slideshow av-kj8jv9rc-0d9aeab7e97d909fa8c010efd3985aaf avia-slideshow-extra_large av_slideshow avia-slide-slider  avia-builder-el-5  avia-builder-el-no-sibling  av-slideshow-ui av-control-default av-slideshow-autoplay av-loop-endless av-loop-manual-endless av-default-height-applied avia-slideshow-1' data-slideshow-options=\"{&quot;animation&quot;:&quot;slide&quot;,&quot;autoplay&quot;:true,&quot;loop_autoplay&quot;:&quot;endless&quot;,&quot;interval&quot;:5,&quot;loop_manual&quot;:&quot;manual-endless&quot;,&quot;autoplay_stopper&quot;:false,&quot;noNavigation&quot;:false,&quot;bg_slider&quot;:false,&quot;keep_padding&quot;:false,&quot;hoverpause&quot;:false,&quot;show_slide_delay&quot;:0}\"  itemprop=\"image\" itemscope=\"itemscope\" itemtype=\"https:\/\/schema.org\/ImageObject\" ><ul class='avia-slideshow-inner ' style='padding-bottom: 75%;'><li  class='avia-slideshow-slide av-kj8jv9rc-0d9aeab7e97d909fa8c010efd3985aaf__0  slide-1 slide-odd'><div data-rel='slideshow-1' class='avia-slide-wrap '   ><img decoding=\"async\" fetchpriority=\"high\" class=\"wp-image-2480 avia-img-lazy-loading-not-2480\"  src=\"https:\/\/advancetapes.com\/wp-content\/uploads\/2020\/12\/Advance-in-local-school_creativity_2.jpg\" width=\"800\" height=\"600\" title='Advance-in-local-school_creativity_2' alt=''  itemprop=\"thumbnailUrl\" srcset=\"https:\/\/advancetapes.com\/wp-content\/uploads\/2020\/12\/Advance-in-local-school_creativity_2.jpg 800w, https:\/\/advancetapes.com\/wp-content\/uploads\/2020\/12\/Advance-in-local-school_creativity_2-600x450.jpg 600w, https:\/\/advancetapes.com\/wp-content\/uploads\/2020\/12\/Advance-in-local-school_creativity_2-300x225.jpg 300w, https:\/\/advancetapes.com\/wp-content\/uploads\/2020\/12\/Advance-in-local-school_creativity_2-768x576.jpg 768w, https:\/\/advancetapes.com\/wp-content\/uploads\/2020\/12\/Advance-in-local-school_creativity_2-705x529.jpg 705w\" sizes=\"(max-width: 800px) 100vw, 800px\" \/><\/div><\/li><li  class='avia-slideshow-slide av-kj8jv9rc-0d9aeab7e97d909fa8c010efd3985aaf__1  slide-2 slide-even'><div data-rel='slideshow-1' class='avia-slide-wrap '   ><img decoding=\"async\" fetchpriority=\"high\" class=\"wp-image-2482 avia-img-lazy-loading-not-2482\"  src=\"https:\/\/advancetapes.com\/wp-content\/uploads\/2020\/12\/Advance-in-local-school_creativity_3.jpg\" width=\"800\" height=\"600\" title='Advance-in-local-school_creativity_3' alt=''  itemprop=\"thumbnailUrl\" srcset=\"https:\/\/advancetapes.com\/wp-content\/uploads\/2020\/12\/Advance-in-local-school_creativity_3.jpg 800w, https:\/\/advancetapes.com\/wp-content\/uploads\/2020\/12\/Advance-in-local-school_creativity_3-600x450.jpg 600w, https:\/\/advancetapes.com\/wp-content\/uploads\/2020\/12\/Advance-in-local-school_creativity_3-300x225.jpg 300w, https:\/\/advancetapes.com\/wp-content\/uploads\/2020\/12\/Advance-in-local-school_creativity_3-768x576.jpg 768w, https:\/\/advancetapes.com\/wp-content\/uploads\/2020\/12\/Advance-in-local-school_creativity_3-705x529.jpg 705w\" sizes=\"(max-width: 800px) 100vw, 800px\" \/><\/div><\/li><li  class='avia-slideshow-slide av-kj8jv9rc-0d9aeab7e97d909fa8c010efd3985aaf__2  slide-3 slide-odd'><div data-rel='slideshow-1' class='avia-slide-wrap '   ><img decoding=\"async\" fetchpriority=\"high\" class=\"wp-image-2484 avia-img-lazy-loading-not-2484\"  src=\"https:\/\/advancetapes.com\/wp-content\/uploads\/2020\/12\/Advance-participate-to-local-race.jpg\" width=\"800\" height=\"600\" title='Advance-participate-to-local-race' alt=''  itemprop=\"thumbnailUrl\" srcset=\"https:\/\/advancetapes.com\/wp-content\/uploads\/2020\/12\/Advance-participate-to-local-race.jpg 800w, https:\/\/advancetapes.com\/wp-content\/uploads\/2020\/12\/Advance-participate-to-local-race-600x450.jpg 600w, https:\/\/advancetapes.com\/wp-content\/uploads\/2020\/12\/Advance-participate-to-local-race-300x225.jpg 300w, https:\/\/advancetapes.com\/wp-content\/uploads\/2020\/12\/Advance-participate-to-local-race-768x576.jpg 768w, https:\/\/advancetapes.com\/wp-content\/uploads\/2020\/12\/Advance-participate-to-local-race-705x529.jpg 705w\" sizes=\"(max-width: 800px) 100vw, 800px\" \/><\/div><\/li><\/ul><div class='avia-slideshow-arrows avia-slideshow-controls' ><a href='#prev' class='prev-slide  avia-svg-icon avia-font-svg_entypo-fontello' data-av_svg_icon='left-open-big' data-av_iconset='svg_entypo-fontello' tabindex='-1' title=\"Pr\u00e9c\u00e9dent\"><svg version=\"1.1\" xmlns=\"http:\/\/www.w3.org\/2000\/svg\" width=\"15\" height=\"32\" viewBox=\"0 0 15 32\" preserveAspectRatio=\"xMidYMid meet\" aria-labelledby='av-svg-title-1' aria-describedby='av-svg-desc-1' role=\"graphics-symbol\" aria-hidden=\"true\">\n<title id='av-svg-title-1'>Pr\u00e9c\u00e9dent<\/title>\n<desc id='av-svg-desc-1'>Pr\u00e9c\u00e9dent<\/desc>\n<path d=\"M14.464 27.84q0.832 0.832 0 1.536-0.832 0.832-1.536 0l-12.544-12.608q-0.768-0.768 0-1.6l12.544-12.608q0.704-0.832 1.536 0 0.832 0.704 0 1.536l-11.456 11.904z\"><\/path>\n<\/svg><span class='avia_hidden_link_text'>Pr\u00e9c\u00e9dent<\/span><\/a><a href='#next' class='next-slide  avia-svg-icon avia-font-svg_entypo-fontello' data-av_svg_icon='right-open-big' data-av_iconset='svg_entypo-fontello' tabindex='-1' title=\"Suivant\"><svg version=\"1.1\" xmlns=\"http:\/\/www.w3.org\/2000\/svg\" width=\"15\" height=\"32\" viewBox=\"0 0 15 32\" preserveAspectRatio=\"xMidYMid meet\" aria-labelledby='av-svg-title-2' aria-describedby='av-svg-desc-2' role=\"graphics-symbol\" aria-hidden=\"true\">\n<title id='av-svg-title-2'>Suivant<\/title>\n<desc id='av-svg-desc-2'>Suivant<\/desc>\n<path d=\"M0.416 27.84l11.456-11.84-11.456-11.904q-0.832-0.832 0-1.536 0.832-0.832 1.536 0l12.544 12.608q0.768 0.832 0 1.6l-12.544 12.608q-0.704 0.832-1.536 0-0.832-0.704 0-1.536z\"><\/path>\n<\/svg><span class='avia_hidden_link_text'>Suivant<\/span><\/a><\/div><div class='avia-slideshow-dots avia-slideshow-controls'><a href='#1' class='goto-slide active' >1<\/a><a href='#2' class='goto-slide ' >2<\/a><a href='#3' class='goto-slide ' >3<\/a><\/div><\/div><\/div><\/div><\/div><\/main><!-- close content main element --><\/div><\/div>\n<style type=\"text\/css\" data-created_by=\"avia_inline_auto\" id=\"style-css-av-kj8k4lf8-96beeb5c1af9bb5fb7eae14f87fd08dd\">\n.avia-section.av-kj8k4lf8-96beeb5c1af9bb5fb7eae14f87fd08dd{\nbackground-color:#e6e7e8;\nbackground-image:unset;\n}\n<\/style>\n<div id='av_section_2'  class='avia-section av-kj8k4lf8-96beeb5c1af9bb5fb7eae14f87fd08dd main_color avia-section-no-padding avia-no-border-styling  avia-builder-el-6  el_after_av_section  avia-builder-el-last  our-community-before-footer avia-bg-style-scroll container_wrap fullsize'  ><div class='container av-section-cont-open' ><div class='template-page content  av-content-full alpha units'><div class='post-entry post-entry-type-page post-entry-4523'><div class='entry-content-wrapper clearfix'>\n\n<style type=\"text\/css\" data-created_by=\"avia_inline_auto\" id=\"style-css-av-p0en-7a1c52205c75365d69bd833a591e01e9\">\n.flex_column.av-p0en-7a1c52205c75365d69bd833a591e01e9{\nborder-radius:0px 0px 0px 0px;\npadding:0px 0px 0px 0px;\n}\n<\/style>\n<div  class='flex_column av-p0en-7a1c52205c75365d69bd833a591e01e9 av_one_half  avia-builder-el-7  el_before_av_textblock  avia-builder-el-first  first flex_column_div av-zero-column-padding  '     ><style type=\"text\/css\" data-created_by=\"avia_inline_auto\" id=\"style-css-av-kj8i5oiy-3af3822602f44f02548cf487acf8c257\">\n.avia-video.av-kj8i5oiy-3af3822602f44f02548cf487acf8c257{\npadding-bottom:56%;\n}\n<\/style>\n<div  class='avia-video av-kj8i5oiy-3af3822602f44f02548cf487acf8c257 avia-video-custom av-no-preview-image avia-video-load-always av-lazyload-immediate av-lazyload-video-embed'  itemprop=\"video\" itemtype=\"https:\/\/schema.org\/VideoObject\"  data-original_url='https:\/\/youtu.be\/ZfdTMIav3nI'><script type='text\/html' class='av-video-tmpl'><div class='avia-iframe-wrap'><iframe loading=\"lazy\" title=\"Advance -- In Schools\" width=\"1500\" height=\"844\" src=\"https:\/\/www.youtube.com\/embed\/ZfdTMIav3nI?feature=oembed&autoplay=0&loop=0&controls=1&mute=0\" frameborder=\"0\" allow=\"accelerometer; autoplay; clipboard-write; encrypted-media; gyroscope; picture-in-picture\" allowfullscreen><\/iframe><\/div><\/script><div class='av-click-to-play-overlay'><div class=\"avia_playpause_icon\"><\/div><\/div><\/div><\/div><section  class='av_textblock_section av-kj8hi49m-b12da2e1d8bed5d4bd6acf6e4f396603 '   itemscope=\"itemscope\" itemtype=\"https:\/\/schema.org\/CreativeWork\" ><div class='avia_textblock'  itemprop=\"text\" ><p>L\u2019\u00e9v\u00e9nement de l\u2019\u00e9t\u00e9 2012 a \u00e9t\u00e9 tr\u00e8s amusant car nous avions un aper\u00e7u de la fa\u00e7on dont les esprits des enfants travaillent quand il s\u2019agit de faire du ruban adh\u00e9sif! Voir leurs cr\u00e9ations dans la courte vid\u00e9o. Au cours des derni\u00e8res ann\u00e9es, nous avons fait \u00e9quipe avec\u00a0<a href=\"http:\/\/www.artwiz.co.uk\/\" target=\"_blank\" rel=\"noopener\">Dean the ArtWizard<\/a>,\u00a0un artiste communautaire bas\u00e9 \u00e0 Leicester, pour organiser des journ\u00e9es d\u2019animation dans des \u00e9coles locales qui ont \u00e9t\u00e9 appr\u00e9ci\u00e9es \u00e0 la fois par les \u00e9coles et les employ\u00e9s d\u2019Advance.\u00a0LOROS, le Leicestershire et Rutland Hospice, est l\u2019organisme de bienfaisance nomm\u00e9 par l\u2019entreprise. Chaque ann\u00e9e, des \u00e9v\u00e9nements sont organis\u00e9s pour lever des fonds pour LOROS et nous encourageons \u00e9galement les employ\u00e9s \u00e0 participer \u00e0 leurs activit\u00e9s organis\u00e9es. \u00a0Advance est fier de parrainer diverses \u00e9quipes sportives locales telles que Leicester Riders, le club de football Highfield Rangers, Birstall CC et bien d\u2019autres.<\/p>\n<\/div><\/section>\n\n<style type=\"text\/css\" data-created_by=\"avia_inline_auto\" id=\"style-css-av-kj8hcmal-bf907add4f97adcc486a184107357661\">\n.avia-image-container.av-kj8hcmal-bf907add4f97adcc486a184107357661 img.avia_image{\nbox-shadow:none;\n}\n.avia-image-container.av-kj8hcmal-bf907add4f97adcc486a184107357661 .av-image-caption-overlay-center{\ncolor:#ffffff;\n}\n<\/style>\n<div  class='avia-image-container av-kj8hcmal-bf907add4f97adcc486a184107357661 av-styling- avia-align-left  avia-builder-el-10  el_after_av_textblock  avia-builder-el-last '   itemprop=\"image\" itemscope=\"itemscope\" itemtype=\"https:\/\/schema.org\/ImageObject\" ><div class=\"avia-image-container-inner\"><div class=\"avia-image-overlay-wrap\"><img decoding=\"async\" fetchpriority=\"high\" class='wp-image-2486 avia-img-lazy-loading-not-2486 avia_image ' src=\"https:\/\/advancetapes.com\/wp-content\/uploads\/2020\/12\/Advance-sponsored-football-team-300x225-1.jpg\" alt='' title='Advance-sponsored-football-team-300x225'  height=\"225\" width=\"300\"  itemprop=\"thumbnailUrl\"  \/><\/div><\/div><\/div>\n<\/p>\n","protected":false},"excerpt":{"rendered":"","protected":false},"author":455,"featured_media":0,"parent":0,"menu_order":0,"comment_status":"closed","ping_status":"closed","template":"","meta":{"_acf_changed":false,"footnotes":""},"class_list":["post-4523","page","type-page","status-publish","hentry"],"acf":[],"yoast_head":"<!-- This site is optimized with the Yoast SEO plugin v27.4 - https:\/\/yoast.com\/product\/yoast-seo-wordpress\/ -->\n<title>Notre communaut\u00e9 - Advance Tapes<\/title>\n<meta name=\"robots\" content=\"index, follow, max-snippet:-1, max-image-preview:large, max-video-preview:-1\" \/>\n<link rel=\"canonical\" href=\"https:\/\/advancetapes.com\/fr\/notre-communaute\/\" \/>\n<meta property=\"og:locale\" content=\"fr_FR\" \/>\n<meta property=\"og:type\" content=\"article\" \/>\n<meta property=\"og:title\" content=\"Notre communaut\u00e9 - Advance Tapes\" \/>\n<meta property=\"og:url\" content=\"https:\/\/advancetapes.com\/fr\/notre-communaute\/\" \/>\n<meta property=\"og:site_name\" content=\"Advance Tapes\" \/>\n<meta property=\"article:modified_time\" content=\"2024-05-29T11:03:22+00:00\" \/>\n<meta name=\"twitter:card\" content=\"summary_large_image\" \/>\n<meta name=\"twitter:label1\" content=\"Est. reading time\" \/>\n\t<meta name=\"twitter:data1\" content=\"7 minutes\" \/>\n<!-- \/ Yoast SEO plugin. -->","yoast_head_json":{"title":"Notre communaut\u00e9 - Advance Tapes","robots":{"index":"index","follow":"follow","max-snippet":"max-snippet:-1","max-image-preview":"max-image-preview:large","max-video-preview":"max-video-preview:-1"},"canonical":"https:\/\/advancetapes.com\/fr\/notre-communaute\/","og_locale":"fr_FR","og_type":"article","og_title":"Notre communaut\u00e9 - Advance Tapes","og_url":"https:\/\/advancetapes.com\/fr\/notre-communaute\/","og_site_name":"Advance Tapes","article_modified_time":"2024-05-29T11:03:22+00:00","twitter_card":"summary_large_image","twitter_misc":{"Est. reading time":"7 minutes"},"schema":{"@context":"https:\/\/schema.org","@graph":[{"@type":"WebPage","@id":"https:\/\/advancetapes.com\/fr\/notre-communaute\/","url":"https:\/\/advancetapes.com\/fr\/notre-communaute\/","name":"Notre communaut\u00e9 - Advance Tapes","isPartOf":{"@id":"https:\/\/advancetapes.com\/fr\/#website"},"datePublished":"2021-01-24T09:22:48+00:00","dateModified":"2024-05-29T11:03:22+00:00","breadcrumb":{"@id":"https:\/\/advancetapes.com\/fr\/notre-communaute\/#breadcrumb"},"inLanguage":"fr-FR","potentialAction":[{"@type":"ReadAction","target":["https:\/\/advancetapes.com\/fr\/notre-communaute\/"]}]},{"@type":"BreadcrumbList","@id":"https:\/\/advancetapes.com\/fr\/notre-communaute\/#breadcrumb","itemListElement":[{"@type":"ListItem","position":1,"name":"Home","item":"https:\/\/advancetapes.com\/fr\/"},{"@type":"ListItem","position":2,"name":"Notre communaut\u00e9"}]},{"@type":"WebSite","@id":"https:\/\/advancetapes.com\/fr\/#website","url":"https:\/\/advancetapes.com\/fr\/","name":"Advance Tapes","description":"Adding more to adhesive tape","potentialAction":[{"@type":"SearchAction","target":{"@type":"EntryPoint","urlTemplate":"https:\/\/advancetapes.com\/fr\/?s={search_term_string}"},"query-input":{"@type":"PropertyValueSpecification","valueRequired":true,"valueName":"search_term_string"}}],"inLanguage":"fr-FR"}]}},"_links":{"self":[{"href":"https:\/\/advancetapes.com\/fr\/wp-json\/wp\/v2\/pages\/4523","targetHints":{"allow":["GET"]}}],"collection":[{"href":"https:\/\/advancetapes.com\/fr\/wp-json\/wp\/v2\/pages"}],"about":[{"href":"https:\/\/advancetapes.com\/fr\/wp-json\/wp\/v2\/types\/page"}],"author":[{"embeddable":true,"href":"https:\/\/advancetapes.com\/fr\/wp-json\/wp\/v2\/users\/455"}],"replies":[{"embeddable":true,"href":"https:\/\/advancetapes.com\/fr\/wp-json\/wp\/v2\/comments?post=4523"}],"version-history":[{"count":1,"href":"https:\/\/advancetapes.com\/fr\/wp-json\/wp\/v2\/pages\/4523\/revisions"}],"predecessor-version":[{"id":10061,"href":"https:\/\/advancetapes.com\/fr\/wp-json\/wp\/v2\/pages\/4523\/revisions\/10061"}],"wp:attachment":[{"href":"https:\/\/advancetapes.com\/fr\/wp-json\/wp\/v2\/media?parent=4523"}],"curies":[{"name":"wp","href":"https:\/\/api.w.org\/{rel}","templated":true}]}}