{"id":4513,"date":"2021-01-24T09:13:40","date_gmt":"2021-01-24T09:13:40","guid":{"rendered":"https:\/\/advancetapes.com\/comment-acheter\/"},"modified":"2021-04-20T20:04:04","modified_gmt":"2021-04-20T20:04:04","slug":"comment-acheter","status":"publish","type":"page","link":"https:\/\/advancetapes.com\/fr\/comment-acheter\/","title":{"rendered":"Comment acheter"},"content":{"rendered":"\n<style type=\"text\/css\" data-created_by=\"avia_inline_auto\" id=\"style-css-av-kk8d9azm-f6b26143ad8139935b83226c23833b13\">\n.avia-section.av-kk8d9azm-f6b26143ad8139935b83226c23833b13{\nmargin-top:0px;\nmargin-bottom:0px;\n}\n<\/style>\n<div id='av_section_1'  class='avia-section av-kk8d9azm-f6b26143ad8139935b83226c23833b13 main_color avia-section-no-padding avia-no-border-styling  avia-builder-el-0  el_before_av_section  avia-builder-el-first  how-to-buy-section-1 avia-bg-style-scroll container_wrap fullsize'  ><div class='container av-section-cont-open' ><main  role=\"main\" itemprop=\"mainContentOfPage\"  class='template-page content  av-content-full alpha units'><div class='post-entry post-entry-type-page post-entry-4513'><div class='entry-content-wrapper clearfix'>\n\n<style type=\"text\/css\" data-created_by=\"avia_inline_auto\" id=\"style-css-av-1m833-a33a21cdadffe6586152a80eed64e023\">\n.flex_column.av-1m833-a33a21cdadffe6586152a80eed64e023{\nborder-radius:0px 0px 0px 0px;\npadding:0px 0px 0px 0px;\n}\n<\/style>\n<div  class='flex_column av-1m833-a33a21cdadffe6586152a80eed64e023 av_one_half  avia-builder-el-1  el_before_av_one_half  avia-builder-el-first  how-to-buy-form first flex_column_div av-zero-column-padding  '     ><p>\n<style type=\"text\/css\" data-created_by=\"avia_inline_auto\" id=\"style-css-av-kk8gvz4r-7d2bd3eed0dbc08fec3d6e713f7c9101\">\n#top .av-special-heading.av-kk8gvz4r-7d2bd3eed0dbc08fec3d6e713f7c9101{\npadding-bottom:35px;\ncolor:#008b98;\n}\nbody .av-special-heading.av-kk8gvz4r-7d2bd3eed0dbc08fec3d6e713f7c9101 .av-special-heading-tag .heading-char{\nfont-size:25px;\n}\n.av-special-heading.av-kk8gvz4r-7d2bd3eed0dbc08fec3d6e713f7c9101 .special-heading-inner-border{\nborder-color:#008b98;\n}\n.av-special-heading.av-kk8gvz4r-7d2bd3eed0dbc08fec3d6e713f7c9101 .av-subheading{\nfont-size:15px;\n}\n<\/style>\n<div  class='av-special-heading av-kk8gvz4r-7d2bd3eed0dbc08fec3d6e713f7c9101 av-special-heading-h1 custom-color-heading blockquote modern-quote  avia-builder-el-2  el_before_av_textblock  avia-builder-el-first '><h1 class='av-special-heading-tag '  itemprop=\"headline\"  >Comment acheter<\/h1><div class=\"special-heading-border\"><div class=\"special-heading-inner-border\"><\/div><\/div><\/div><br \/>\n<section  class='av_textblock_section av-kj8h65uf-edea984f2e0287259c52cc1cbe9cc71f '   itemscope=\"itemscope\" itemtype=\"https:\/\/schema.org\/CreativeWork\" ><div class='avia_textblock'  itemprop=\"text\" ><p>Les produits Advance Tapes sont vendus par l&#8217;interm\u00e9diaire d&#8217;un r\u00e9seau mondial de distributeurs partenaires. Vous savez d\u00e9j\u00e0 quel produit correspond \u00e0 votre besoin? Contactez nous pour recevoir les informations du distribiteur le plus proche de chez vous. Vous ne savez pas quel produit choisir? Consultez la page &#8220;nos rubans&#8221; puis s\u00e9lectionnez &#8220;produit&#8221; sur notre site, ou bien contactez-nous directement et nous trouverons ensemble la solution la plus adapt\u00e9e. Vous pouvez nous contacter par e-mail ou par t\u00e9l\u00e9phone, le service commercial et technique sera \u00e0 votre enti\u00e8re disposition pour vous accompagner dans le choix de la solution la mieux adapt\u00e9e \u00e0 vos besoins.<\/p>\n<\/div><\/section><\/p><\/div>\n<style type=\"text\/css\" data-created_by=\"avia_inline_auto\" id=\"style-css-av-rukf-84d0dbd71e2f174eb2a263e0cb6bf5dc\">\n.flex_column.av-rukf-84d0dbd71e2f174eb2a263e0cb6bf5dc{\nborder-radius:0px 0px 0px 0px;\npadding:0px 0px 0px 0px;\n}\n<\/style>\n<div  class='flex_column av-rukf-84d0dbd71e2f174eb2a263e0cb6bf5dc av_one_half  avia-builder-el-4  el_after_av_one_half  avia-builder-el-last  flex_column_div av-zero-column-padding  '     ><p><br \/>\n\n<style type=\"text\/css\" data-created_by=\"avia_inline_auto\" id=\"style-css-av-kk8d8evi-c41c86cd4f5931b4be725ee560bbf7ec\">\n.avia-image-container.av-kk8d8evi-c41c86cd4f5931b4be725ee560bbf7ec img.avia_image{\nbox-shadow:none;\n}\n.avia-image-container.av-kk8d8evi-c41c86cd4f5931b4be725ee560bbf7ec .av-image-caption-overlay-center{\ncolor:#ffffff;\n}\n<\/style>\n<div  class='avia-image-container av-kk8d8evi-c41c86cd4f5931b4be725ee560bbf7ec av-styling- avia-align-center  avia-builder-el-6  el_after_av_image  avia-builder-el-last '   itemprop=\"image\" itemscope=\"itemscope\" itemtype=\"https:\/\/schema.org\/ImageObject\" ><div class=\"avia-image-container-inner\"><div class=\"avia-image-overlay-wrap\"><img decoding=\"async\" fetchpriority=\"high\" class='wp-image-4105 avia-img-lazy-loading-not-4105 avia_image ' src=\"https:\/\/advancetapes.com\/wp-content\/uploads\/2021\/01\/How-to-buy-our-tapes.jpg\" alt='How to buy our tapes' title='How-to-buy-our-tapes'  height=\"600\" width=\"800\"  itemprop=\"thumbnailUrl\" srcset=\"https:\/\/advancetapes.com\/wp-content\/uploads\/2021\/01\/How-to-buy-our-tapes.jpg 800w, https:\/\/advancetapes.com\/wp-content\/uploads\/2021\/01\/How-to-buy-our-tapes-300x225.jpg 300w, https:\/\/advancetapes.com\/wp-content\/uploads\/2021\/01\/How-to-buy-our-tapes-768x576.jpg 768w, https:\/\/advancetapes.com\/wp-content\/uploads\/2021\/01\/How-to-buy-our-tapes-705x529.jpg 705w, https:\/\/advancetapes.com\/wp-content\/uploads\/2021\/01\/How-to-buy-our-tapes-600x450.jpg 600w\" sizes=\"(max-width: 800px) 100vw, 800px\" \/><\/div><\/div><\/div><\/p><\/div>\n\n<\/div><\/div><\/main><!-- close content main element --><\/div><\/div>\n<style type=\"text\/css\" data-created_by=\"avia_inline_auto\" id=\"style-css-av-kj8j2rsd-af30aa70d1d6c8a0d01a72875c758c3a\">\n.avia-section.av-kj8j2rsd-af30aa70d1d6c8a0d01a72875c758c3a{\nbackground-color:#e6e7e8;\nbackground-image:unset;\n}\n<\/style>\n<div id='av_section_2'  class='avia-section av-kj8j2rsd-af30aa70d1d6c8a0d01a72875c758c3a main_color avia-section-default avia-no-border-styling  avia-builder-el-7  el_after_av_section  el_before_av_section  how-to-buy-form av-desktop-hide av-medium-hide av-small-hide av-mini-hide avia-bg-style-scroll container_wrap fullsize'  ><div class='container av-section-cont-open' ><div class='template-page content  av-content-full alpha units'><div class='post-entry post-entry-type-page post-entry-4513'><div class='entry-content-wrapper clearfix'>\n<form action=\"https:\/\/advancetapes.com\/fr\/comment-acheter\/\" method=\"post\" data-fields-with-error=\"Erreurs trouv\u00e9es dans les champs suivants :\" class=\"avia_ajax_form av-form-labels-visible   avia-builder-el-8  avia-builder-el-no-sibling   \" data-avia-form-id=\"1\" data-avia-redirect='' ><fieldset><p class='  first_form  form_element form_fullwidth' id='element_avia_1_1'><label for=\"avia_1_1\">Nom <abbr class=\"required\" title=\"requis(e)\">*<\/abbr><\/label> <input name=\"avia_1_1\" class=\"text_input is_empty\" type=\"text\" id=\"avia_1_1\" value=\"\" \/><\/p><p class='  first_form  form_element form_fullwidth' id='element_avia_2_1'><label for=\"avia_2_1\">Email <abbr class=\"required\" title=\"requis(e)\">*<\/abbr><\/label> <input name=\"avia_2_1\" class=\"text_input is_email\" type=\"text\" id=\"avia_2_1\" value=\"\" \/><\/p><p class='  first_form  form_element form_fullwidth' id='element_avia_3_1'><label for=\"avia_3_1\">Nom de l\u2019entreprise<\/label> <input name=\"avia_3_1\" class=\"text_input \" type=\"text\" id=\"avia_3_1\" value=\"\" \/><\/p><p class='  first_form  form_element form_fullwidth av-last-visible-form-element' id='element_avia_4_1'><label for=\"avia_4_1\" class=\"textare_label hidden textare_label_avia_4_1\">Message<\/label><textarea  name=\"avia_4_1\" class=\"text_area \" cols=\"40\" rows=\"7\" id=\"avia_4_1\" ><\/textarea><\/p><p class=\"hidden\"><input type=\"text\" name=\"avia_5_1\" class=\"hidden \" id=\"avia_5_1\" value=\"\" \/><\/p><p class=\"form_element \"><input type=\"hidden\" value=\"1\" name=\"avia_generated_form1\" \/><input type=\"submit\" value=\"Submit\" class=\"button\"  data-sending-label=\"Envoi\"\/><\/p><\/fieldset><\/form><div id=\"ajaxresponse_1\" class=\"ajaxresponse ajaxresponse_1 hidden\"><\/div>\n<\/div><\/div><\/div><!-- close content main div --><\/div><\/div>\n<style type=\"text\/css\" data-created_by=\"avia_inline_auto\" id=\"style-css-av-kj8eczvs-4a34dea25c22db65ad17d3983d93c25b\">\n.avia-section.av-kj8eczvs-4a34dea25c22db65ad17d3983d93c25b{\nbackground-color:#e6e7e8;\nbackground-image:unset;\n}\n<\/style>\n<div id='av_section_3'  class='avia-section av-kj8eczvs-4a34dea25c22db65ad17d3983d93c25b main_color avia-section-default avia-no-border-styling  avia-builder-el-9  el_after_av_section  avia-builder-el-last  avia-bg-style-scroll container_wrap fullsize'  ><div class='container av-section-cont-open' ><div class='template-page content  av-content-full alpha units'><div class='post-entry post-entry-type-page post-entry-4513'><div class='entry-content-wrapper clearfix'>\n<div class='flex_column_table av-3ojji-83a3786a52dd9400a9234336fed758c5 sc-av_one_full av-equal-height-column-flextable'>\n<style type=\"text\/css\" data-created_by=\"avia_inline_auto\" id=\"style-css-av-3ojji-83a3786a52dd9400a9234336fed758c5\">\n.flex_column.av-3ojji-83a3786a52dd9400a9234336fed758c5{\nborder-radius:0px 0px 0px 0px;\npadding:0px 0px 0px 0px;\n}\n<\/style>\n<div  class='flex_column av-3ojji-83a3786a52dd9400a9234336fed758c5 av_one_full  avia-builder-el-10  avia-builder-el-no-sibling  first flex_column_table_cell av-equal-height-column av-align-top av-zero-column-padding  '     ><p><form action=\"https:\/\/advancetapes.com\/fr\/comment-acheter\/\" method=\"post\" data-fields-with-error=\"Erreurs trouv\u00e9es dans les champs suivants :\" class=\"avia_ajax_form av-form-labels-hidden   avia-builder-el-11  el_before_av_textblock  avia-builder-el-first    av-desktop-hide av-medium-hide av-small-hide av-mini-hide\" data-avia-form-id=\"2\" data-avia-redirect='' ><fieldset><p class='  first_form  form_element form_fullwidth' id='element_avia_1_2'><label for=\"avia_1_2\">Name <abbr class=\"required\" title=\"requis(e)\">*<\/abbr><\/label> <input name=\"avia_1_2\" class=\"text_input is_empty\" type=\"text\" id=\"avia_1_2\" value=\"\"  placeholder='Name*'\/><\/p><p class='  first_form  form_element form_fullwidth' id='element_avia_2_2'><label for=\"avia_2_2\">E-Mail <abbr class=\"required\" title=\"requis(e)\">*<\/abbr><\/label> <input name=\"avia_2_2\" class=\"text_input is_email\" type=\"text\" id=\"avia_2_2\" value=\"\"  placeholder='E-Mail*'\/><\/p><p class='  first_form  form_element form_fullwidth' id='element_avia_3_2'><label for=\"avia_3_2\">Company Name <abbr class=\"required\" title=\"requis(e)\">*<\/abbr><\/label> <input name=\"avia_3_2\" class=\"text_input is_empty\" type=\"text\" id=\"avia_3_2\" value=\"\"  placeholder='Company Name*'\/><\/p><p class='  first_form  form_element form_fullwidth av-last-visible-form-element' id='element_avia_4_2'><label for=\"avia_4_2\" class=\"textare_label hidden textare_label_avia_4_2\">Enquiry <abbr class=\"required\" title=\"requis(e)\">*<\/abbr><\/label><textarea  placeholder='Enquiry*' name=\"avia_4_2\" class=\"text_area is_empty\" cols=\"40\" rows=\"7\" id=\"avia_4_2\" ><\/textarea><\/p><p class=\"hidden\"><input type=\"text\" name=\"avia_5_2\" class=\"hidden \" id=\"avia_5_2\" value=\"\" \/><\/p><p class=\"form_element \"><input type=\"hidden\" value=\"1\" name=\"avia_generated_form2\" \/><input type=\"submit\" value=\"Submit\" class=\"button\"  data-sending-label=\"Envoi\"\/><\/p><\/fieldset><\/form><div id=\"ajaxresponse_2\" class=\"ajaxresponse ajaxresponse_2 hidden\"><\/div><br \/>\n\n<style type=\"text\/css\" data-created_by=\"avia_inline_auto\" id=\"style-css-av-kj8h65uf-b3954cee224d3fc73b0aab151c505c77\">\n#top .av_textblock_section.av-kj8h65uf-b3954cee224d3fc73b0aab151c505c77 .avia_textblock{\ncolor:#0a0a0a;\n}\n<\/style>\n<section  class='av_textblock_section av-kj8h65uf-b3954cee224d3fc73b0aab151c505c77 '   itemscope=\"itemscope\" itemtype=\"https:\/\/schema.org\/CreativeWork\" ><div class='avia_textblock how-to-buy-detail-text av_inherit_color'  itemprop=\"text\" ><p style=\"text-align: center;\"><strong>Veuillez remplir tous les champs marqu\u00e9s d\u2019un * afin de nous permettre de vous r\u00e9pondre rapidement avec exactitude.<\/strong><\/p>\n<\/div><\/section><br \/>\n<div  class='avia-builder-widget-area clearfix  avia-builder-el-13  el_after_av_textblock  avia-builder-el-last '><div class=\"widget_text uxm_fr\"><div class=\"textwidget custom-html-widget\"><script>\n\tfunction get_action() \n{\n   var response = grecaptcha.getResponse();\n    if(response.length == 0) {\n\t\tdocument.getElementById(\"errorcaptcha\").innerHTML = \"Please verify you are human.\";\n        return false;\n    }\n\telse\n\t\t{\n\t\treturn true;\t\n\t\t}\n        \n   \n}\t\n\n<\/script>\n<form action=\"https:\/\/webto.salesforce.com\/servlet\/servlet.WebToLead?encoding=UTF-8\" method=\"POST\" onSubmit=\"return get_action()\" class=\"uxm_sales_force  get_help  req_sample uxm_contact\">\n\t<input type=hidden name='captcha_settings' value='{\"keyname\":\"ATreCaptcha\",\"fallback\":\"true\",\"orgId\":\"00D4K000003pag7\",\"ts\":\"\"}'>\n\t<input type=hidden name=\"oid\" value=\"00D4K000003pag7\">\n\t<input type=hidden name=\"retURL\" value=\"https:\/\/advancetapes.com\/merci-de\/\">\n\t<div class=\"uxm_form_container\">\n\t\t<div class=\"uxm_col\">\n\t\t\t<label for=\"first_name\" class=\"hide\">Nom<\/label>\n\t\t\t<input  id=\"first_name\" maxlength=\"40\" name=\"first_name\" size=\"20\" type=\"text\" placeholder=\"Pr\u00e9nom\" class=\"half one\" \/>\n\t\t\t<label for=\"last_name\" class=\"hide\">Last Name<\/label>\n\t\t\t<input  id=\"last_name\" maxlength=\"80\" name=\"last_name\" size=\"20\" type=\"text\" class=\"half last\" placeholder=\"Nom\" \/>\n\t\t\t<label for=\"company\" class=\"hide\">Company<\/label>\n\t\t\t<input  id=\"company\" maxlength=\"40\" name=\"company\" size=\"20\" type=\"text\" placeholder=\"Soci\u00e9t\u00e9\" \/>\n\t\t\t<label for=\"phone\" class=\"hide\">Phone<\/label>\n\t\t\t<input  id=\"phone\" maxlength=\"40\" name=\"phone\" size=\"20\" type=\"text\" placeholder=\"T\u00e9l\u00e9phone\" \/>\n\t\t\t<label for=\"email\" class=\"hide\">Email<\/label>\n\t\t\t<input  id=\"email\" maxlength=\"80\" name=\"email\" size=\"20\" type=\"text\" placeholder=\"Email\" \/>\n\t\t\t\n\t\t<\/div>\n\t\t<div class=\"uxm_col\">\n\t\t\t<label for=\"street\" class=\"hide\">Street<\/label>\n\t\t\t<textarea name=\"street\" placeholder=\"Adresse de la soci\u00e9t\u00e9\"><\/textarea>\n\t\t<\/div>\n\t\t<div class=\"uxm_col\">\n\t\t\t<label for=\"city\" class=\"hide\">City<\/label>\n\t\t\t<input id=\"city\" maxlength=\"40\" name=\"city\" size=\"20\" type=\"text\" placeholder=\"Ville\" \/>\n\t\t\t<label for=\"zip\" class=\"hide\">Zip<\/label>\n\t\t\t<input id=\"zip\" maxlength=\"20\" name=\"zip\" size=\"20\" type=\"text\" placeholder=\"Code postal\" \/>\n\t\t\n\t\t\t<label for=\"country\" class=\"hide\">Country<\/label>\n\t\t\t<input id=\"country\" maxlength=\"40\" name=\"country\" size=\"20\" type=\"text\" placeholder=\"Pays\" \/>\n\t\t\t<label  class=\"hide\">User or Distributor:<\/label>\n\t\t\t<select  id=\"00N4K000007yHQc\" name=\"00N4K000007yHQc\" title=\"User or Distributor\">\n\t\t\t\t<option value=\"\">\u00cates-vous un utilisateur final ou un distributeur?<\/option>\n\t\t\t\t<option value=\"User\">Utilisateur<\/option>\n\t\t\t\t<option value=\"Distributor\">distributeur<\/option>\n\t\t\t<\/select>\n\t\t<\/div>\n\t\t<div class=\"uxm_col\">\n\t\t\t<label  class=\"hide\">How can we help you today?:<\/label>\n\t\t\t<textarea  id=\"00N4K00000BTOO0\" name=\"00N4K00000BTOO0\" rows=\"3\" type=\"text\" wrap=\"soft\" placeholder=\"Que peut-on faire pour vous aider aujourd'hui?\"><\/textarea>\n\t\t<\/div>\n\n\t\t<div class=\"uxm_col\">\n\t\t\t<label  class=\"hide\">Privacy Policy Statement:<input  id=\"00N4K00000BTONg\" name=\"00N4K00000BTONg\" type=\"checkbox\" value=\"1\" \/><\/label>\n\t\t\t<label>Cochez ici pour recevoir des informations marketing d\u2019Advance Tape:<input  id=\"00N4K00000BTONl\" name=\"00N4K00000BTONl\" type=\"checkbox\" value=\"1\" \/><\/label><br>\n            <label>En soumettant le formulaire, vous acceptez nos conditions g\u00e9n\u00e9rales et notre politique de confidentialit\u00e9<input id=\"00N4K00000BTONl\" name=\"00N4K00000BTONl\" type=\"checkbox\" value=\"1\" required><\/label>\n\t\t<br>\n\n\t\t\t<label for=\"lead_source\" class=\"hide\">Lead Source<\/label>\n\t\t\t<select  id=\"lead_source\" name=\"lead_source\" class=\"hide\">\n\t\t\t\t<option value=\"\">Lead Source?<\/option>\n\t\t\t\t<option value=\"Advertisement\">Advertisement<\/option>\n\t\t\t\t<option value=\"Customer Event\">Customer Event<\/option>\n\t\t\t\t<option value=\"Employee Referral\">Employee Referral<\/option>\n\t\t\t\t<option value=\"Google AdWords\">Google AdWords<\/option>\n\t\t\t\t<option value=\"Other\">Other<\/option>\n\t\t\t\t<option value=\"Partner\">Partner<\/option>\n\t\t\t\t<option value=\"Purchased List\">Purchased List<\/option>\n\t\t\t\t<option value=\"Trade Show\">Trade Show<\/option>\n\t\t\t\t<option value=\"Webinar\">Webinar<\/option>\n\t\t\t\t<option value=\"Website\">Website<\/option>\n\t\t\t<\/select>\n\t\t\t<div class=\"g-recaptcha\" data-sitekey=\"6LfUEdUZAAAAABlSTsa-yxQgJF6j8ZLwJgigtqzP\"><\/div>\n\t\t\t<div id=\"errorcaptcha\" style=\"color:red\"><\/div>\n\t\t\t<div class=\"req_sample_btn\">\n\t\t\t\t<div class=\"uxmbtn_salse_force\"><input type=\"submit\" name=\"Commentaires \"><\/div>\n\t\t\t<\/div>\n\t\t<\/div>\n\t<\/div>\n<\/form><\/div><\/div><div class=\"uxm_fr\">\n<pre class=\"wp-block-code\"><code><\/code><\/pre>\n<\/div><div class=\"uxm_fr\">\n\n<\/div><\/div><\/p><\/div><\/div><!--close column table wrapper. Autoclose: 1 --><\/p>\n","protected":false},"excerpt":{"rendered":"","protected":false},"author":455,"featured_media":0,"parent":0,"menu_order":0,"comment_status":"closed","ping_status":"closed","template":"","meta":{"_acf_changed":false,"footnotes":""},"class_list":["post-4513","page","type-page","status-publish","hentry"],"acf":[],"yoast_head":"<!-- This site is optimized with the Yoast SEO plugin v27.4 - https:\/\/yoast.com\/product\/yoast-seo-wordpress\/ -->\n<title>Comment acheter - Advance Tapes<\/title>\n<meta name=\"robots\" content=\"index, follow, max-snippet:-1, max-image-preview:large, max-video-preview:-1\" \/>\n<link rel=\"canonical\" href=\"https:\/\/advancetapes.com\/fr\/comment-acheter\/\" \/>\n<meta property=\"og:locale\" content=\"fr_FR\" \/>\n<meta property=\"og:type\" content=\"article\" \/>\n<meta property=\"og:title\" content=\"Comment acheter - Advance Tapes\" \/>\n<meta property=\"og:url\" content=\"https:\/\/advancetapes.com\/fr\/comment-acheter\/\" \/>\n<meta property=\"og:site_name\" content=\"Advance Tapes\" \/>\n<meta property=\"article:modified_time\" content=\"2021-04-20T20:04:04+00:00\" \/>\n<meta name=\"twitter:card\" content=\"summary_large_image\" \/>\n<meta name=\"twitter:label1\" content=\"Est. reading time\" \/>\n\t<meta name=\"twitter:data1\" content=\"8 minutes\" \/>\n<!-- \/ Yoast SEO plugin. -->","yoast_head_json":{"title":"Comment acheter - Advance Tapes","robots":{"index":"index","follow":"follow","max-snippet":"max-snippet:-1","max-image-preview":"max-image-preview:large","max-video-preview":"max-video-preview:-1"},"canonical":"https:\/\/advancetapes.com\/fr\/comment-acheter\/","og_locale":"fr_FR","og_type":"article","og_title":"Comment acheter - Advance Tapes","og_url":"https:\/\/advancetapes.com\/fr\/comment-acheter\/","og_site_name":"Advance Tapes","article_modified_time":"2021-04-20T20:04:04+00:00","twitter_card":"summary_large_image","twitter_misc":{"Est. reading time":"8 minutes"},"schema":{"@context":"https:\/\/schema.org","@graph":[{"@type":"WebPage","@id":"https:\/\/advancetapes.com\/fr\/comment-acheter\/","url":"https:\/\/advancetapes.com\/fr\/comment-acheter\/","name":"Comment acheter - Advance Tapes","isPartOf":{"@id":"https:\/\/advancetapes.com\/fr\/#website"},"datePublished":"2021-01-24T09:13:40+00:00","dateModified":"2021-04-20T20:04:04+00:00","breadcrumb":{"@id":"https:\/\/advancetapes.com\/fr\/comment-acheter\/#breadcrumb"},"inLanguage":"fr-FR","potentialAction":[{"@type":"ReadAction","target":["https:\/\/advancetapes.com\/fr\/comment-acheter\/"]}]},{"@type":"BreadcrumbList","@id":"https:\/\/advancetapes.com\/fr\/comment-acheter\/#breadcrumb","itemListElement":[{"@type":"ListItem","position":1,"name":"Home","item":"https:\/\/advancetapes.com\/fr\/"},{"@type":"ListItem","position":2,"name":"Comment acheter"}]},{"@type":"WebSite","@id":"https:\/\/advancetapes.com\/fr\/#website","url":"https:\/\/advancetapes.com\/fr\/","name":"Advance Tapes","description":"Adding more to adhesive tape","potentialAction":[{"@type":"SearchAction","target":{"@type":"EntryPoint","urlTemplate":"https:\/\/advancetapes.com\/fr\/?s={search_term_string}"},"query-input":{"@type":"PropertyValueSpecification","valueRequired":true,"valueName":"search_term_string"}}],"inLanguage":"fr-FR"}]}},"_links":{"self":[{"href":"https:\/\/advancetapes.com\/fr\/wp-json\/wp\/v2\/pages\/4513","targetHints":{"allow":["GET"]}}],"collection":[{"href":"https:\/\/advancetapes.com\/fr\/wp-json\/wp\/v2\/pages"}],"about":[{"href":"https:\/\/advancetapes.com\/fr\/wp-json\/wp\/v2\/types\/page"}],"author":[{"embeddable":true,"href":"https:\/\/advancetapes.com\/fr\/wp-json\/wp\/v2\/users\/455"}],"replies":[{"embeddable":true,"href":"https:\/\/advancetapes.com\/fr\/wp-json\/wp\/v2\/comments?post=4513"}],"version-history":[{"count":0,"href":"https:\/\/advancetapes.com\/fr\/wp-json\/wp\/v2\/pages\/4513\/revisions"}],"wp:attachment":[{"href":"https:\/\/advancetapes.com\/fr\/wp-json\/wp\/v2\/media?parent=4513"}],"curies":[{"name":"wp","href":"https:\/\/api.w.org\/{rel}","templated":true}]}}