{"id":4509,"date":"2021-01-24T09:02:27","date_gmt":"2021-01-24T09:02:27","guid":{"rendered":"https:\/\/advancetapes.com\/enduction-et-transformation\/"},"modified":"2021-02-04T01:00:17","modified_gmt":"2021-02-04T01:00:17","slug":"enduction-et-transformation","status":"publish","type":"page","link":"https:\/\/advancetapes.com\/fr\/enduction-et-transformation\/","title":{"rendered":"Enduction et Transformation"},"content":{"rendered":"\n<style type=\"text\/css\" data-created_by=\"avia_inline_auto\" id=\"style-css-av-1m833-3ce70b3eafff02ef001514831f58d9f0\">\n.flex_column.av-1m833-3ce70b3eafff02ef001514831f58d9f0{\nborder-radius:0px 0px 0px 0px;\npadding:0px 0px 0px 0px;\n}\n<\/style>\n<div  class='flex_column av-1m833-3ce70b3eafff02ef001514831f58d9f0 av_three_fifth  avia-builder-el-0  el_before_av_two_fifth  avia-builder-el-first  first flex_column_div av-zero-column-padding  '     ><p>\n<style type=\"text\/css\" data-created_by=\"avia_inline_auto\" id=\"style-css-av-kjk3vlgm-ee353dd871089b7027cdd2b9f4d02f92\">\n#top .av-special-heading.av-kjk3vlgm-ee353dd871089b7027cdd2b9f4d02f92{\npadding-bottom:10px;\ncolor:#008b98;\n}\nbody .av-special-heading.av-kjk3vlgm-ee353dd871089b7027cdd2b9f4d02f92 .av-special-heading-tag .heading-char{\nfont-size:25px;\n}\n.av-special-heading.av-kjk3vlgm-ee353dd871089b7027cdd2b9f4d02f92 .special-heading-inner-border{\nborder-color:#008b98;\n}\n.av-special-heading.av-kjk3vlgm-ee353dd871089b7027cdd2b9f4d02f92 .av-subheading{\nfont-size:15px;\n}\n<\/style>\n<div  class='av-special-heading av-kjk3vlgm-ee353dd871089b7027cdd2b9f4d02f92 av-special-heading-h1 custom-color-heading blockquote modern-quote  avia-builder-el-1  el_before_av_textblock  avia-builder-el-first '><h1 class='av-special-heading-tag '  itemprop=\"headline\"  >Enduction et Transformation<\/h1><div class=\"special-heading-border\"><div class=\"special-heading-inner-border\"><\/div><\/div><\/div><br \/>\n<section  class='av_textblock_section av-kj8h65uf-edea984f2e0287259c52cc1cbe9cc71f '   itemscope=\"itemscope\" itemtype=\"https:\/\/schema.org\/CreativeWork\" ><div class='avia_textblock'  itemprop=\"text\" ><p>Tous les adh\u00e9sifs sont formul\u00e9s ou d\u00e9finis en interne, donnant \u00e0 Advance Tapes le contr\u00f4le total de la conception du produit. Son expertise inclut le type d&#8217;adh\u00e9sif qui peut \u00eatre enduit, ce qui signifie que les propri\u00e9t\u00e9s sp\u00e9cifiques du client peuvent \u00eatre introduites au produit final. Advance Tapes est en mesure de d\u00e9velopper continuellement les adh\u00e9sifs aussi bien lorsque la l\u00e9gislation environnementale l&#8217;impose que lorsque les besoins des clients changent.<\/p>\n<\/div><\/section><\/p><\/div>\n\n<style type=\"text\/css\" data-created_by=\"avia_inline_auto\" id=\"style-css-av-rukf-84d0dbd71e2f174eb2a263e0cb6bf5dc\">\n.flex_column.av-rukf-84d0dbd71e2f174eb2a263e0cb6bf5dc{\nborder-radius:0px 0px 0px 0px;\npadding:0px 0px 0px 0px;\n}\n<\/style>\n<div  class='flex_column av-rukf-84d0dbd71e2f174eb2a263e0cb6bf5dc av_two_fifth  avia-builder-el-3  el_after_av_three_fifth  el_before_av_section  avia-builder-el-last  flex_column_div av-zero-column-padding  '     ><style type=\"text\/css\" data-created_by=\"avia_inline_auto\" id=\"style-css-av-kj8h70yu-8f915dc8d52a5eafb96a3d97e2c6258e\">\n.avia-image-container.av-kj8h70yu-8f915dc8d52a5eafb96a3d97e2c6258e img.avia_image{\nbox-shadow:none;\n}\n.avia-image-container.av-kj8h70yu-8f915dc8d52a5eafb96a3d97e2c6258e .av-image-caption-overlay-center{\ncolor:#ffffff;\n}\n<\/style>\n<div  class='avia-image-container av-kj8h70yu-8f915dc8d52a5eafb96a3d97e2c6258e av-styling- avia-align-center  avia-builder-el-4  avia-builder-el-no-sibling '   itemprop=\"image\" itemscope=\"itemscope\" itemtype=\"https:\/\/schema.org\/ImageObject\" ><div class=\"avia-image-container-inner\"><div class=\"avia-image-overlay-wrap\"><img decoding=\"async\" fetchpriority=\"high\" class='wp-image-2464 avia-img-lazy-loading-not-2464 avia_image ' src=\"https:\/\/advancetapes.com\/wp-content\/uploads\/2020\/12\/Advance-Coating-and-Converting.jpg\" alt='' title='Advance-Coating-and-Converting'  height=\"600\" width=\"800\"  itemprop=\"thumbnailUrl\" srcset=\"https:\/\/advancetapes.com\/wp-content\/uploads\/2020\/12\/Advance-Coating-and-Converting.jpg 800w, https:\/\/advancetapes.com\/wp-content\/uploads\/2020\/12\/Advance-Coating-and-Converting-600x450.jpg 600w, https:\/\/advancetapes.com\/wp-content\/uploads\/2020\/12\/Advance-Coating-and-Converting-300x225.jpg 300w, https:\/\/advancetapes.com\/wp-content\/uploads\/2020\/12\/Advance-Coating-and-Converting-768x576.jpg 768w, https:\/\/advancetapes.com\/wp-content\/uploads\/2020\/12\/Advance-Coating-and-Converting-705x529.jpg 705w\" sizes=\"(max-width: 800px) 100vw, 800px\" \/><\/div><\/div><\/div><\/div>\n<\/div><\/div><\/div><!-- close content main div --><\/div><\/div>\n<style type=\"text\/css\" data-created_by=\"avia_inline_auto\" id=\"style-css-av-kj8h8zq6-4a5a731bdbc6235b6a331047f1cff24e\">\n.avia-section.av-kj8h8zq6-4a5a731bdbc6235b6a331047f1cff24e{\nbackground-color:#e6e7e8;\nbackground-image:unset;\n}\n<\/style>\n<div id='av_section_1'  class='avia-section av-kj8h8zq6-4a5a731bdbc6235b6a331047f1cff24e main_color avia-section-no-padding avia-no-border-styling  avia-builder-el-5  el_after_av_two_fifth  avia-builder-el-last  avia-bg-style-scroll container_wrap fullsize'  ><div class='container av-section-cont-open' ><div class='template-page content  av-content-full alpha units'><div class='post-entry post-entry-type-page post-entry-4509'><div class='entry-content-wrapper clearfix'>\n\n<style type=\"text\/css\" data-created_by=\"avia_inline_auto\" id=\"style-css-av-32e3f-7c7599832d882e9661557a89aee4111f\">\n#top .av-special-heading.av-32e3f-7c7599832d882e9661557a89aee4111f{\nmargin:30px 0 0 0;\npadding-bottom:10px;\ncolor:#008b98;\n}\nbody .av-special-heading.av-32e3f-7c7599832d882e9661557a89aee4111f .av-special-heading-tag .heading-char{\nfont-size:25px;\n}\n.av-special-heading.av-32e3f-7c7599832d882e9661557a89aee4111f .special-heading-inner-border{\nborder-color:#008b98;\n}\n.av-special-heading.av-32e3f-7c7599832d882e9661557a89aee4111f .av-subheading{\nfont-size:15px;\n}\n<\/style>\n<div  class='av-special-heading av-32e3f-7c7599832d882e9661557a89aee4111f av-special-heading-h1 custom-color-heading blockquote modern-quote  avia-builder-el-6  el_before_av_one_third  avia-builder-el-first '><h1 class='av-special-heading-tag '  itemprop=\"headline\"  >ENDUCTION<\/h1><div class=\"special-heading-border\"><div class=\"special-heading-inner-border\"><\/div><\/div><\/div>\n\n<style type=\"text\/css\" data-created_by=\"avia_inline_auto\" id=\"style-css-av-10bff-28af6979dc8cb5901ffc315c111debe3\">\n.flex_column.av-10bff-28af6979dc8cb5901ffc315c111debe3{\nborder-radius:0px 0px 0px 0px;\n}\n<\/style>\n<div  class='flex_column av-10bff-28af6979dc8cb5901ffc315c111debe3 av_one_third  avia-builder-el-7  el_after_av_heading  el_before_av_two_third  first no_margin flex_column_div  '     ><style type=\"text\/css\" data-created_by=\"avia_inline_auto\" id=\"style-css-av-kj8itaur-f0a9f42c5567e73f5e97bf9d3dde8ab7\">\n.avia-image-container.av-kj8itaur-f0a9f42c5567e73f5e97bf9d3dde8ab7 img.avia_image{\nbox-shadow:none;\n}\n.avia-image-container.av-kj8itaur-f0a9f42c5567e73f5e97bf9d3dde8ab7 .av-image-caption-overlay-center{\ncolor:#ffffff;\n}\n<\/style>\n<div  class='avia-image-container av-kj8itaur-f0a9f42c5567e73f5e97bf9d3dde8ab7 av-styling- avia-align-left  avia-builder-el-8  avia-builder-el-no-sibling '   itemprop=\"image\" itemscope=\"itemscope\" itemtype=\"https:\/\/schema.org\/ImageObject\" ><div class=\"avia-image-container-inner\"><div class=\"avia-image-overlay-wrap\"><img decoding=\"async\" fetchpriority=\"high\" class='wp-image-2468 avia-img-lazy-loading-not-2468 avia_image ' src=\"https:\/\/advancetapes.com\/wp-content\/uploads\/2020\/12\/Advance-State-of-the-art-cloth-line-300x225-2.jpg\" alt='' title='Advance-State-of-the-art-cloth-line-300x225'  height=\"225\" width=\"300\"  itemprop=\"thumbnailUrl\"  \/><\/div><\/div><\/div><\/div>\n<style type=\"text\/css\" data-created_by=\"avia_inline_auto\" id=\"style-css-av-10bff-d3206d2f78c57862e8f79d453ea51d81\">\n.flex_column.av-10bff-d3206d2f78c57862e8f79d453ea51d81{\nborder-radius:0px 0px 0px 0px;\n}\n<\/style>\n<div  class='flex_column av-10bff-d3206d2f78c57862e8f79d453ea51d81 av_two_third  avia-builder-el-9  el_after_av_one_third  el_before_av_one_third  no_margin flex_column_div  '     ><p>\n<style type=\"text\/css\" data-created_by=\"avia_inline_auto\" id=\"style-css-av-2uh53-30844eb656746697bf5d49aae586a52a\">\n#top .av-special-heading.av-2uh53-30844eb656746697bf5d49aae586a52a{\nmargin:0px 0 0 0;\npadding-bottom:0;\ncolor:#008b98;\n}\nbody .av-special-heading.av-2uh53-30844eb656746697bf5d49aae586a52a .av-special-heading-tag .heading-char{\nfont-size:25px;\n}\n.av-special-heading.av-2uh53-30844eb656746697bf5d49aae586a52a .special-heading-inner-border{\nborder-color:#008b98;\n}\n.av-special-heading.av-2uh53-30844eb656746697bf5d49aae586a52a .av-subheading{\nfont-size:15px;\n}\n<\/style>\n<div  class='av-special-heading av-2uh53-30844eb656746697bf5d49aae586a52a av-special-heading-h4 custom-color-heading blockquote modern-quote  avia-builder-el-10  el_before_av_textblock  avia-builder-el-first '><h4 class='av-special-heading-tag '  itemprop=\"headline\"  >Toiles Enduction<\/h4><div class=\"special-heading-border\"><div class=\"special-heading-inner-border\"><\/div><\/div><\/div><br \/>\n<section  class='av_textblock_section av-kj8hi49m-b12da2e1d8bed5d4bd6acf6e4f396603 '   itemscope=\"itemscope\" itemtype=\"https:\/\/schema.org\/CreativeWork\" ><div class='avia_textblock'  itemprop=\"text\" ><p>Advance Tapes fabrique des rubans adh\u00e9sifs depuis 50 ans. L\u2019ann\u00e9e 2013 a marqu\u00e9 un tournant d\u00e9cisif dans nos capacit\u00e9s de production avec l\u2019acquisition d\u2019une nouvelle ligne d\u2019enduction de toile enti\u00e8rement automatis\u00e9e. Cet investissement de 4 millions de livres sterling a n\u00e9cessit\u00e9 une plannification et une organisation importante au cours des deux derni\u00e8res ann\u00e9es.<\/p>\n<p>La nouvelle ligne d\u2019enduction procure de nombreux avantages, elle permet d\u2019augmenter notre capacit\u00e9 de production et d\u2019offrir une meilleure prestation de service. Gr\u00e2ce \u00e0 sa technologie de pointe, elle renforce notre capacit\u00e9 \u00e0 developper de nouveaux produits et \u00e0 am\u00e9liorer le contr\u00f4le qualit\u00e9 de nos produits existants<\/p>\n<\/div><\/section><br \/>\n\n<style type=\"text\/css\" data-created_by=\"avia_inline_auto\" id=\"style-css-av-251mr-0e6e75e88e235378232fd199262eb465\">\n#top .av-special-heading.av-251mr-0e6e75e88e235378232fd199262eb465{\npadding-bottom:0;\ncolor:#008b98;\n}\nbody .av-special-heading.av-251mr-0e6e75e88e235378232fd199262eb465 .av-special-heading-tag .heading-char{\nfont-size:25px;\n}\n.av-special-heading.av-251mr-0e6e75e88e235378232fd199262eb465 .special-heading-inner-border{\nborder-color:#008b98;\n}\n.av-special-heading.av-251mr-0e6e75e88e235378232fd199262eb465 .av-subheading{\nfont-size:15px;\n}\n<\/style>\n<div  class='av-special-heading av-251mr-0e6e75e88e235378232fd199262eb465 av-special-heading-h4 custom-color-heading blockquote modern-quote  avia-builder-el-12  el_after_av_textblock  el_before_av_textblock '><h4 class='av-special-heading-tag '  itemprop=\"headline\"  >Rev\u00eatement filmique<\/h4><div class=\"special-heading-border\"><div class=\"special-heading-inner-border\"><\/div><\/div><\/div><br \/>\n<section  class='av_textblock_section av-kj8hi49m-b12da2e1d8bed5d4bd6acf6e4f396603 '   itemscope=\"itemscope\" itemtype=\"https:\/\/schema.org\/CreativeWork\" ><div class='avia_textblock'  itemprop=\"text\" ><p>Advance Tapes dispose d\u2019une exp\u00e9rience et d\u2019une expertise consid\u00e9rable dans le rev\u00eatement des supports filmiques tels que le PVC ou le Poly\u00e9thyl\u00e8ne, et a pass\u00e9 des ann\u00e9es \u00e0 perfectionner le processus afin de r\u00e9pondre aux exigences sp\u00e9cifiques des clients.<\/p>\n<\/div><\/section><br \/>\n\n<style type=\"text\/css\" data-created_by=\"avia_inline_auto\" id=\"style-css-av-4lon-38932aed057ff7d09fef0668399de7cc\">\n#top .av-special-heading.av-4lon-38932aed057ff7d09fef0668399de7cc{\npadding-bottom:0;\ncolor:#008b98;\n}\nbody .av-special-heading.av-4lon-38932aed057ff7d09fef0668399de7cc .av-special-heading-tag .heading-char{\nfont-size:25px;\n}\n.av-special-heading.av-4lon-38932aed057ff7d09fef0668399de7cc .special-heading-inner-border{\nborder-color:#008b98;\n}\n.av-special-heading.av-4lon-38932aed057ff7d09fef0668399de7cc .av-subheading{\nfont-size:15px;\n}\n<\/style>\n<div  class='av-special-heading av-4lon-38932aed057ff7d09fef0668399de7cc av-special-heading-h4 custom-color-heading blockquote modern-quote  avia-builder-el-14  el_after_av_textblock  el_before_av_textblock '><h4 class='av-special-heading-tag '  itemprop=\"headline\"  >Autres types de rubans<\/h4><div class=\"special-heading-border\"><div class=\"special-heading-inner-border\"><\/div><\/div><\/div><br \/>\n<section  class='av_textblock_section av-kj8hi49m-b12da2e1d8bed5d4bd6acf6e4f396603 '   itemscope=\"itemscope\" itemtype=\"https:\/\/schema.org\/CreativeWork\" ><div class='avia_textblock'  itemprop=\"text\" ><p>Pour une liste compl\u00e8te des produits et des types de support, veuillez consulter notre page \u00ab Type de Ruban \u00bb.<\/p>\n<\/div><\/section><\/p><\/div>\n<style type=\"text\/css\" data-created_by=\"avia_inline_auto\" id=\"style-css-av-10bff-28af6979dc8cb5901ffc315c111debe3\">\n.flex_column.av-10bff-28af6979dc8cb5901ffc315c111debe3{\nborder-radius:0px 0px 0px 0px;\n}\n<\/style>\n<div  class='flex_column av-10bff-28af6979dc8cb5901ffc315c111debe3 av_one_third  avia-builder-el-16  el_after_av_two_third  el_before_av_two_third  first no_margin flex_column_div  column-top-margin'     ><style type=\"text\/css\" data-created_by=\"avia_inline_auto\" id=\"style-css-av-kj8hcmal-7c37494020a9b7216ebab2fa7c645872\">\n.avia-image-container.av-kj8hcmal-7c37494020a9b7216ebab2fa7c645872 img.avia_image{\nbox-shadow:none;\n}\n.avia-image-container.av-kj8hcmal-7c37494020a9b7216ebab2fa7c645872 .av-image-caption-overlay-center{\ncolor:#ffffff;\n}\n<\/style>\n<div  class='avia-image-container av-kj8hcmal-7c37494020a9b7216ebab2fa7c645872 av-styling- avia-align-left  avia-builder-el-17  avia-builder-el-no-sibling '   itemprop=\"image\" itemscope=\"itemscope\" itemtype=\"https:\/\/schema.org\/ImageObject\" ><div class=\"avia-image-container-inner\"><div class=\"avia-image-overlay-wrap\"><img decoding=\"async\" fetchpriority=\"high\" class='wp-image-2470 avia-img-lazy-loading-not-2470 avia_image ' src=\"https:\/\/advancetapes.com\/wp-content\/uploads\/2020\/12\/Advance-Tape-Converting-bespoke-product-300x225-1.jpg\" alt='' title='Advance-Tape-Converting-bespoke-product-300x225'  height=\"225\" width=\"300\"  itemprop=\"thumbnailUrl\"  \/><\/div><\/div><\/div><\/div>\n<style type=\"text\/css\" data-created_by=\"avia_inline_auto\" id=\"style-css-av-10bff-d3206d2f78c57862e8f79d453ea51d81\">\n.flex_column.av-10bff-d3206d2f78c57862e8f79d453ea51d81{\nborder-radius:0px 0px 0px 0px;\n}\n<\/style>\n<div  class='flex_column av-10bff-d3206d2f78c57862e8f79d453ea51d81 av_two_third  avia-builder-el-18  el_after_av_one_third  el_before_av_three_fifth  no_margin flex_column_div  column-top-margin'     ><p>\n<style type=\"text\/css\" data-created_by=\"avia_inline_auto\" id=\"style-css-av-ourv-3d2acbce855637c0d899ae8d611ebad7\">\n#top .av-special-heading.av-ourv-3d2acbce855637c0d899ae8d611ebad7{\nmargin:0px 0 0 0;\npadding-bottom:0;\ncolor:#008b98;\n}\nbody .av-special-heading.av-ourv-3d2acbce855637c0d899ae8d611ebad7 .av-special-heading-tag .heading-char{\nfont-size:25px;\n}\n.av-special-heading.av-ourv-3d2acbce855637c0d899ae8d611ebad7 .special-heading-inner-border{\nborder-color:#008b98;\n}\n.av-special-heading.av-ourv-3d2acbce855637c0d899ae8d611ebad7 .av-subheading{\nfont-size:15px;\n}\n<\/style>\n<div  class='av-special-heading av-ourv-3d2acbce855637c0d899ae8d611ebad7 av-special-heading-h2 custom-color-heading blockquote modern-quote  avia-builder-el-19  el_before_av_textblock  avia-builder-el-first '><h2 class='av-special-heading-tag '  itemprop=\"headline\"  >TRANSFORMATION<\/h2><div class=\"special-heading-border\"><div class=\"special-heading-inner-border\"><\/div><\/div><\/div><br \/>\n<section  class='av_textblock_section av-kj8hi49m-b12da2e1d8bed5d4bd6acf6e4f396603 '   itemscope=\"itemscope\" itemtype=\"https:\/\/schema.org\/CreativeWork\" ><div class='avia_textblock'  itemprop=\"text\" ><p>L\u2019expansion de nos capacit\u00e9s de d\u00e9coupe et emballage a \u00e9t\u00e9 d\u2019une importance primordiale pour progresser ces derni\u00e8res ann\u00e9es avec des investissements importants dans de nouvelles machines, y compris une machine de rembobinage enti\u00e8rement automatis\u00e9e et beaucoup plus rapide.<\/p>\n<p>L\u2019ann\u00e9e derni\u00e8re une machine de d\u00e9coupe a \u00e9t\u00e9 install\u00e9e sur notre site fran\u00e7ais afin de mieux r\u00e9pondre aux besoins d\u2019un march\u00e9 en forte croissance. Nous pouvons convertir une vari\u00e9t\u00e9 de longueurs ou de largeurs et nous avons la capacit\u00e9 de personnaliser les produits selon les exigences sp\u00e9cifiques du client.<\/p>\n<p>Advance Tapes travaille \u00e9galement en partenariat avec des sp\u00e9cialistes pour les clients qui ont des besoins sp\u00e9cifiques.<\/p>\n<\/div><\/section><\/p><\/div>\n<style type=\"text\/css\" data-created_by=\"avia_inline_auto\" id=\"style-css-av-p0en-546dfe6c6db06d250d89d32986aef4d2\">\n#top .flex_column.av-p0en-546dfe6c6db06d250d89d32986aef4d2{\nmargin-top:50px;\nmargin-bottom:0px;\n}\n.flex_column.av-p0en-546dfe6c6db06d250d89d32986aef4d2{\nborder-radius:0px 0px 0px 0px;\npadding:0px 0px 0px 0px;\n}\n.responsive #top #wrap_all .flex_column.av-p0en-546dfe6c6db06d250d89d32986aef4d2{\nmargin-top:50px;\nmargin-bottom:0px;\n}\n<\/style>\n<div  class='flex_column av-p0en-546dfe6c6db06d250d89d32986aef4d2 av_three_fifth  avia-builder-el-21  el_after_av_two_third  avia-builder-el-last  first flex_column_div av-zero-column-padding  column-top-margin'     ><style type=\"text\/css\" data-created_by=\"avia_inline_auto\" id=\"style-css-av-kj8i5oiy-189c8d18c9af06e0a21358b38ca28296\">\n.avia-video.av-kj8i5oiy-189c8d18c9af06e0a21358b38ca28296{\npadding-bottom:56%;\n}\n<\/style>\n<div  class='avia-video av-kj8i5oiy-189c8d18c9af06e0a21358b38ca28296 avia-video-custom av-no-preview-image avia-video-load-always av-lazyload-immediate av-lazyload-video-embed'  itemprop=\"video\" itemtype=\"https:\/\/schema.org\/VideoObject\"  data-original_url='https:\/\/youtu.be\/O_3yd6RMCXs'><script type='text\/html' class='av-video-tmpl'><div class='avia-iframe-wrap'><iframe loading=\"lazy\" title=\"Advance Tapes - Our New Converting Line\" width=\"1500\" height=\"844\" src=\"https:\/\/www.youtube.com\/embed\/O_3yd6RMCXs?feature=oembed&autoplay=0&loop=0&controls=1&mute=0\" frameborder=\"0\" allow=\"accelerometer; autoplay; clipboard-write; encrypted-media; gyroscope; picture-in-picture\" allowfullscreen><\/iframe><\/div><\/script><div class='av-click-to-play-overlay'><div class=\"avia_playpause_icon\"><\/div><\/div><\/div><\/div>\n\n","protected":false},"excerpt":{"rendered":"","protected":false},"author":455,"featured_media":0,"parent":0,"menu_order":0,"comment_status":"closed","ping_status":"closed","template":"","meta":{"_acf_changed":false,"footnotes":""},"class_list":["post-4509","page","type-page","status-publish","hentry"],"acf":[],"yoast_head":"<!-- This site is optimized with the Yoast SEO plugin v27.3 - https:\/\/yoast.com\/product\/yoast-seo-wordpress\/ -->\n<title>Enduction et Transformation - Advance Tapes<\/title>\n<meta name=\"robots\" content=\"index, follow, max-snippet:-1, max-image-preview:large, max-video-preview:-1\" \/>\n<link rel=\"canonical\" href=\"https:\/\/advancetapes.com\/fr\/enduction-et-transformation\/\" \/>\n<meta property=\"og:locale\" content=\"fr_FR\" \/>\n<meta property=\"og:type\" content=\"article\" \/>\n<meta property=\"og:title\" content=\"Enduction et Transformation - Advance Tapes\" \/>\n<meta property=\"og:url\" content=\"https:\/\/advancetapes.com\/fr\/enduction-et-transformation\/\" \/>\n<meta property=\"og:site_name\" content=\"Advance Tapes\" \/>\n<meta property=\"article:modified_time\" content=\"2021-02-04T01:00:17+00:00\" \/>\n<meta name=\"twitter:card\" content=\"summary_large_image\" \/>\n<meta name=\"twitter:label1\" content=\"Est. reading time\" \/>\n\t<meta name=\"twitter:data1\" content=\"12 minutes\" \/>\n<!-- \/ Yoast SEO plugin. -->","yoast_head_json":{"title":"Enduction et Transformation - Advance Tapes","robots":{"index":"index","follow":"follow","max-snippet":"max-snippet:-1","max-image-preview":"max-image-preview:large","max-video-preview":"max-video-preview:-1"},"canonical":"https:\/\/advancetapes.com\/fr\/enduction-et-transformation\/","og_locale":"fr_FR","og_type":"article","og_title":"Enduction et Transformation - Advance Tapes","og_url":"https:\/\/advancetapes.com\/fr\/enduction-et-transformation\/","og_site_name":"Advance Tapes","article_modified_time":"2021-02-04T01:00:17+00:00","twitter_card":"summary_large_image","twitter_misc":{"Est. reading time":"12 minutes"},"schema":{"@context":"https:\/\/schema.org","@graph":[{"@type":"WebPage","@id":"https:\/\/advancetapes.com\/fr\/enduction-et-transformation\/","url":"https:\/\/advancetapes.com\/fr\/enduction-et-transformation\/","name":"Enduction et Transformation - Advance Tapes","isPartOf":{"@id":"https:\/\/advancetapes.com\/fr\/#website"},"datePublished":"2021-01-24T09:02:27+00:00","dateModified":"2021-02-04T01:00:17+00:00","breadcrumb":{"@id":"https:\/\/advancetapes.com\/fr\/enduction-et-transformation\/#breadcrumb"},"inLanguage":"fr-FR","potentialAction":[{"@type":"ReadAction","target":["https:\/\/advancetapes.com\/fr\/enduction-et-transformation\/"]}]},{"@type":"BreadcrumbList","@id":"https:\/\/advancetapes.com\/fr\/enduction-et-transformation\/#breadcrumb","itemListElement":[{"@type":"ListItem","position":1,"name":"Home","item":"https:\/\/advancetapes.com\/fr\/"},{"@type":"ListItem","position":2,"name":"Enduction et Transformation"}]},{"@type":"WebSite","@id":"https:\/\/advancetapes.com\/fr\/#website","url":"https:\/\/advancetapes.com\/fr\/","name":"Advance Tapes","description":"Adding more to adhesive tape","potentialAction":[{"@type":"SearchAction","target":{"@type":"EntryPoint","urlTemplate":"https:\/\/advancetapes.com\/fr\/?s={search_term_string}"},"query-input":{"@type":"PropertyValueSpecification","valueRequired":true,"valueName":"search_term_string"}}],"inLanguage":"fr-FR"}]}},"_links":{"self":[{"href":"https:\/\/advancetapes.com\/fr\/wp-json\/wp\/v2\/pages\/4509","targetHints":{"allow":["GET"]}}],"collection":[{"href":"https:\/\/advancetapes.com\/fr\/wp-json\/wp\/v2\/pages"}],"about":[{"href":"https:\/\/advancetapes.com\/fr\/wp-json\/wp\/v2\/types\/page"}],"author":[{"embeddable":true,"href":"https:\/\/advancetapes.com\/fr\/wp-json\/wp\/v2\/users\/455"}],"replies":[{"embeddable":true,"href":"https:\/\/advancetapes.com\/fr\/wp-json\/wp\/v2\/comments?post=4509"}],"version-history":[{"count":0,"href":"https:\/\/advancetapes.com\/fr\/wp-json\/wp\/v2\/pages\/4509\/revisions"}],"wp:attachment":[{"href":"https:\/\/advancetapes.com\/fr\/wp-json\/wp\/v2\/media?parent=4509"}],"curies":[{"name":"wp","href":"https:\/\/api.w.org\/{rel}","templated":true}]}}