{"id":4328,"date":"2021-01-22T23:09:40","date_gmt":"2021-01-22T23:09:40","guid":{"rendered":"https:\/\/advancetapes.com\/daccueil\/"},"modified":"2022-09-28T12:54:06","modified_gmt":"2022-09-28T12:54:06","slug":"daccueil","status":"publish","type":"page","link":"https:\/\/advancetapes.com\/fr\/","title":{"rendered":"d&#8217;accueil"},"content":{"rendered":"<div id='layer_slider_1'  class='avia-layerslider main_color avia-shadow  avia-builder-el-0  el_before_av_one_full  avia-builder-el-first  container_wrap fullsize'  style='height: 821px; max-width: px; margin: 0 auto;'  ><\/div><div id='after_layer_slider_1'  class='main_color av_default_container_wrap container_wrap fullsize'  ><div class='container av-section-cont-open' ><div class='template-page content  av-content-full alpha units'><div class='post-entry post-entry-type-page post-entry-4328'><div class='entry-content-wrapper clearfix'>\n\n<style type=\"text\/css\" data-created_by=\"avia_inline_auto\" id=\"style-css-av-1m833-f8a3ede67f8ffc93cee36460a9b55694\">\n.flex_column.av-1m833-f8a3ede67f8ffc93cee36460a9b55694{\nborder-radius:0px 0px 0px 0px;\npadding:0px 0px 0px 0px;\n}\n<\/style>\n<div  class='flex_column av-1m833-f8a3ede67f8ffc93cee36460a9b55694 av_one_full  avia-builder-el-1  el_after_av_layerslider  el_before_av_one_fifth  avia-builder-el-first  home-section-2 first flex_column_div av-zero-column-padding  '     ><p>\n<style type=\"text\/css\" data-created_by=\"avia_inline_auto\" id=\"style-css-av-av_heading-e2503781d3183cda5ea091d07159d767\">\n#top .av-special-heading.av-av_heading-e2503781d3183cda5ea091d07159d767{\npadding-bottom:10px;\ncolor:#008b98;\nfont-size:40px;\n}\nbody .av-special-heading.av-av_heading-e2503781d3183cda5ea091d07159d767 .av-special-heading-tag .heading-char{\nfont-size:25px;\n}\n#top #wrap_all .av-special-heading.av-av_heading-e2503781d3183cda5ea091d07159d767 .av-special-heading-tag{\nfont-size:40px;\n}\n.av-special-heading.av-av_heading-e2503781d3183cda5ea091d07159d767 .special-heading-inner-border{\nborder-color:#008b98;\n}\n.av-special-heading.av-av_heading-e2503781d3183cda5ea091d07159d767 .av-subheading{\nfont-size:15px;\n}\n\n@media only screen and (min-width: 480px) and (max-width: 767px){ \n#top #wrap_all .av-special-heading.av-av_heading-e2503781d3183cda5ea091d07159d767 .av-special-heading-tag{\nfont-size:0.8em;\n}\n}\n\n@media only screen and (max-width: 479px){ \n#top #wrap_all .av-special-heading.av-av_heading-e2503781d3183cda5ea091d07159d767 .av-special-heading-tag{\nfont-size:0.8em;\n}\n}\n<\/style>\n<div  class='av-special-heading av-av_heading-e2503781d3183cda5ea091d07159d767 av-special-heading-h1 custom-color-heading blockquote modern-quote  avia-builder-el-2  el_before_av_textblock  avia-builder-el-first  av-inherit-size'><h1 class='av-special-heading-tag '  itemprop=\"headline\"  >UN FABRICANT IND\u00c9PENDANT<\/h1><div class=\"special-heading-border\"><div class=\"special-heading-inner-border\"><\/div><\/div><\/div><br \/>\n\n<style type=\"text\/css\" data-created_by=\"avia_inline_auto\" id=\"style-css-av-kj8h65uf-047bca789110ef0df1a4f638e749726f\">\n#top .av_textblock_section.av-kj8h65uf-047bca789110ef0df1a4f638e749726f .avia_textblock{\nfont-size:18px;\ncolor:#999999;\n}\n<\/style>\n<section  class='av_textblock_section av-kj8h65uf-047bca789110ef0df1a4f638e749726f '   itemscope=\"itemscope\" itemtype=\"https:\/\/schema.org\/CreativeWork\" ><div class='avia_textblock advancetape-home-para av_inherit_color'  itemprop=\"text\" ><p>Nous sommes un fabricant de ruban adh\u00e9sif depuis 1964. Advance Tapes a d\u00e9velopp\u00e9 des connaissances et une expertise approfondie dans la fabrication de rubans adh\u00e9sifs destin\u00e9s aux march\u00e9s industriels et professionnels.<\/p>\n<p>Notre gamme de produits comprend:<br \/>\n<a href=\"https:\/\/advancetapes.com\/fr\/rubans-toiles\/\">Rubans toil\u00e9s<\/a>, <a href=\"https:\/\/advancetapes.com\/fr\/advance-gaffa\/\">rubans Gaffer<\/a>, <a href=\"https:\/\/advancetapes.com\/fr\/rubans-pvc\/\">rubans PVC<\/a>, <a href=\"https:\/\/advancetapes.com\/fr\/rubans-polyethylene\/\">rubans en poly\u00e9thyl\u00e8ne<\/a>, <a href=\"https:\/\/advancetapes.com\/fr\/rubans-aluminium\/\">rubans en aluminium<\/a> et <a href=\"https:\/\/advancetapes.com\/fr\/rubans-double-face\/\">rubans double face<\/a>.<\/p>\n<p>En tant que fabricant ind\u00e9pendant de ruban adh\u00e9sif et convertisseur de ruban, Advance Tapes a un contr\u00f4le complet sur chaque \u00e9tape du processus de production. De la formulation de nos propres adh\u00e9sifs sp\u00e9cialis\u00e9s par nos chimistes internes au rev\u00eatement de l&#8217;adh\u00e9sif. Gr\u00e2ce \u00e0 la fa\u00e7on dont le produit final est format\u00e9, converti et exp\u00e9di\u00e9. Cette capacit\u00e9 nous donne la flexibilit\u00e9 d&#8217;offrir des rubans adh\u00e9sifs personnalis\u00e9s pour r\u00e9pondre aux exigences du march\u00e9<\/p>\n<\/div><\/section><\/p><\/div>\n\n<style type=\"text\/css\" data-created_by=\"avia_inline_auto\" id=\"style-css-av-1a4kz-13c73895fa4dbe6e784a7fa32898b058\">\n.flex_column.av-1a4kz-13c73895fa4dbe6e784a7fa32898b058{\nborder-radius:0px 0px 0px 0px;\npadding:0px 0px 0px 0px;\n}\n<\/style>\n<div  class='flex_column av-1a4kz-13c73895fa4dbe6e784a7fa32898b058 av_one_fifth  avia-builder-el-4  el_after_av_one_full  el_before_av_two_fifth  first flex_column_div av-zero-column-padding  column-top-margin'     ><\/div>\n\n<style type=\"text\/css\" data-created_by=\"avia_inline_auto\" id=\"style-css-av-1a4kz-36155c7735ad6a1af30c3a3be8192018\">\n.flex_column.av-1a4kz-36155c7735ad6a1af30c3a3be8192018{\nborder-radius:0px 0px 0px 0px;\npadding:0px 0px 0px 0px;\n}\n<\/style>\n<div  class='flex_column av-1a4kz-36155c7735ad6a1af30c3a3be8192018 av_two_fifth  avia-builder-el-5  el_after_av_one_fifth  el_before_av_two_fifth  flex_column_div av-zero-column-padding  column-top-margin'     ><style type=\"text\/css\" data-created_by=\"avia_inline_auto\" id=\"style-css-av-kjb5ly6k-f3cb46d51b6f6535d212070eca95e717\">\n#top #wrap_all .iconbox.av-kjb5ly6k-f3cb46d51b6f6535d212070eca95e717 .iconbox_content_title{\nfont-size:25px;\ncolor:#008295;\n}\n.iconbox.av-kjb5ly6k-f3cb46d51b6f6535d212070eca95e717 .iconbox_content_container{\nfont-size:20px;\n}\n<\/style>\n<article  class='iconbox iconbox_left av-kjb5ly6k-f3cb46d51b6f6535d212070eca95e717  avia-builder-el-6  avia-builder-el-no-sibling '  itemscope=\"itemscope\" itemtype=\"https:\/\/schema.org\/CreativeWork\" ><div class=\"iconbox_content\"><header class=\"entry-content-header\" aria-label=\"Ic\u00f4ne : \"><div class='iconbox_icon heading-color avia-iconfont avia-font-entypo-fontello' data-av_icon='\ue805' data-av_iconfont='entypo-fontello'  ><\/div><\/header><div class='iconbox_content_container '  itemprop=\"text\" ><p style=\"text-align: left; font-family: 'leaguegothic','HelveticaNeue','Helvetica Neue','Helvetica-Neue',Helvetica,Arial,sans-serif; font-weight: 400; font-size: 20px; letter-spacing: 0.6px;\"><a href=\"mailto:SALES@ADVANCETAPES.COM\">VENTES@ADVANCETAPES.COM<\/a><\/p>\n<\/div><\/div><footer class=\"entry-footer\"><\/footer><\/article><\/div>\n\n<style type=\"text\/css\" data-created_by=\"avia_inline_auto\" id=\"style-css-av-qbun-21dcd454bda5a49402513b75ee044c86\">\n.flex_column.av-qbun-21dcd454bda5a49402513b75ee044c86{\nborder-radius:0px 0px 0px 0px;\npadding:0px 0px 0px 0px;\n}\n<\/style>\n<div  class='flex_column av-qbun-21dcd454bda5a49402513b75ee044c86 av_two_fifth  avia-builder-el-7  el_after_av_two_fifth  el_before_av_section  avia-builder-el-last  flex_column_div av-zero-column-padding  column-top-margin'     ><style type=\"text\/css\" data-created_by=\"avia_inline_auto\" id=\"style-css-av-kjb5ly6k-df617ef1aa5a0c2bc359fb96f67eaaf5\">\n#top #wrap_all .iconbox.av-kjb5ly6k-df617ef1aa5a0c2bc359fb96f67eaaf5 .iconbox_content_title{\nfont-size:25px;\ncolor:#008295;\n}\n<\/style>\n<article  class='iconbox iconbox_left av-kjb5ly6k-df617ef1aa5a0c2bc359fb96f67eaaf5  avia-builder-el-8  avia-builder-el-no-sibling '  itemscope=\"itemscope\" itemtype=\"https:\/\/schema.org\/CreativeWork\" ><div class=\"iconbox_content\"><header class=\"entry-content-header\" aria-label=\"Ic\u00f4ne : \"><div class='iconbox_icon heading-color avia-iconfont avia-font-entypo-fontello' data-av_icon='\ue854' data-av_iconfont='entypo-fontello'  ><\/div><\/header><div class='iconbox_content_container '  itemprop=\"text\" ><p style=\"text-align: left; font-family: 'leaguegothic','HelveticaNeue','Helvetica Neue','Helvetica-Neue',Helvetica,Arial,sans-serif; font-weight: 400; font-size: 20px; letter-spacing: 0.6px;\"><a href=\"tel:00 33 1 60 38 11 00\">00 33 1 60 38 11 00<\/a><\/p>\n<\/div><\/div><footer class=\"entry-footer\"><\/footer><\/article><\/div>\n<\/div><\/div><\/div><!-- close content main div --><\/div><\/div><div id='av_section_1'  class='avia-section av-1dk1f-94b73bddbac2ba748206af8de1dbfbf4 main_color avia-section-small avia-no-border-styling  avia-builder-el-9  el_after_av_two_fifth  avia-builder-el-last  avia-bg-style-scroll container_wrap fullsize'  ><div class='container av-section-cont-open' ><div class='template-page content  av-content-full alpha units'><div class='post-entry post-entry-type-page post-entry-4328'><div class='entry-content-wrapper clearfix'>\n\n<style type=\"text\/css\" data-created_by=\"avia_inline_auto\" id=\"style-css-av-av_heading-27048c56e1971d208159793ea2eba79c\">\n#top .av-special-heading.av-av_heading-27048c56e1971d208159793ea2eba79c{\npadding-bottom:10px;\ncolor:#008b98;\n}\nbody .av-special-heading.av-av_heading-27048c56e1971d208159793ea2eba79c .av-special-heading-tag .heading-char{\nfont-size:25px;\n}\n.av-special-heading.av-av_heading-27048c56e1971d208159793ea2eba79c .special-heading-inner-border{\nborder-color:#008b98;\n}\n.av-special-heading.av-av_heading-27048c56e1971d208159793ea2eba79c .av-subheading{\nfont-size:15px;\n}\n<\/style>\n<div  class='av-special-heading av-av_heading-27048c56e1971d208159793ea2eba79c av-special-heading-h2 custom-color-heading blockquote modern-quote modern-centered  avia-builder-el-10  el_before_av_one_third  avia-builder-el-first '><h2 class='av-special-heading-tag '  itemprop=\"headline\"  >PRODUITS POPULAIRES<\/h2><div class=\"special-heading-border\"><div class=\"special-heading-inner-border\"><\/div><\/div><\/div>\n\n<style type=\"text\/css\" data-created_by=\"avia_inline_auto\" id=\"style-css-av-np6b-de00a231387105d6e7ee40b0134c43c1\">\n.flex_column.av-np6b-de00a231387105d6e7ee40b0134c43c1{\nborder-radius:0px 0px 0px 0px;\npadding:0px 0px 0px 0px;\n}\n<\/style>\n<div  class='flex_column av-np6b-de00a231387105d6e7ee40b0134c43c1 av_one_third  avia-builder-el-11  el_after_av_heading  el_before_av_one_third  first flex_column_div av-zero-column-padding  '     ><p>\n<style type=\"text\/css\" data-created_by=\"avia_inline_auto\" id=\"style-css-av-kjmyzx6r-9734328d383cbd755c07382d32859cbc\">\n.avia-image-container.av-kjmyzx6r-9734328d383cbd755c07382d32859cbc img.avia_image{\nbox-shadow:none;\n}\n.avia-image-container.av-kjmyzx6r-9734328d383cbd755c07382d32859cbc .av-image-caption-overlay-center{\ncolor:#ffffff;\n}\n<\/style>\n<div  class='avia-image-container av-kjmyzx6r-9734328d383cbd755c07382d32859cbc av-styling-no-styling av-hover-grow av-hide-overflow av-img-linked avia-align-center  avia-builder-el-12  el_before_av_textblock  avia-builder-el-first  uxm_img'   itemprop=\"image\" itemscope=\"itemscope\" itemtype=\"https:\/\/schema.org\/ImageObject\" ><div class=\"avia-image-container-inner\"><div class=\"avia-image-overlay-wrap\"><a href=\"https:\/\/advancetapes.com\/fr\/products\/ruban-polyethylene-protection-at6102\/\" class='avia_image '  target=\"_blank\"  rel=\"noopener noreferrer\" aria-label='Feature products 6102'><img decoding=\"async\" fetchpriority=\"high\" class='wp-image-7969 avia-img-lazy-loading-not-7969 avia_image ' src=\"https:\/\/advancetapes.com\/wp-content\/uploads\/2022\/03\/Feature-products-6102.png\" alt='' title='Feature products 6102'  height=\"150\" width=\"150\"  itemprop=\"thumbnailUrl\" srcset=\"https:\/\/advancetapes.com\/wp-content\/uploads\/2022\/03\/Feature-products-6102.png 150w, https:\/\/advancetapes.com\/wp-content\/uploads\/2022\/03\/Feature-products-6102-80x80.png 80w, https:\/\/advancetapes.com\/wp-content\/uploads\/2022\/03\/Feature-products-6102-36x36.png 36w, https:\/\/advancetapes.com\/wp-content\/uploads\/2022\/03\/Feature-products-6102-100x100.png 100w\" sizes=\"(max-width: 150px) 100vw, 150px\" \/><\/a><\/div><\/div><\/div><br \/>\n\n<style type=\"text\/css\" data-created_by=\"avia_inline_auto\" id=\"style-css-av-kjmyy7w0-35b071af0e9fa456966c58ad21591430\">\n#top .av_textblock_section.av-kjmyy7w0-35b071af0e9fa456966c58ad21591430 .avia_textblock{\nfont-size:20px;\ncolor:#999999;\n}\n<\/style>\n<section  class='av_textblock_section av-kjmyy7w0-35b071af0e9fa456966c58ad21591430 '   itemscope=\"itemscope\" itemtype=\"https:\/\/schema.org\/CreativeWork\" ><div class='avia_textblock av_inherit_color'  itemprop=\"text\" ><h6 style=\"text-align: center; text-transform: uppercase; letter-spacing: 1px; font-weight: 300; font-size: 18px;\">RUBAN POLY\u00c9THYL\u00c8NE PROTECTION<\/h6>\n<\/div><\/section><\/p><\/div>\n<style type=\"text\/css\" data-created_by=\"avia_inline_auto\" id=\"style-css-av-np6b-ddb988628247576f428f24a4a8d925d9\">\n.flex_column.av-np6b-ddb988628247576f428f24a4a8d925d9{\nborder-radius:0px 0px 0px 0px;\npadding:0px 0px 0px 0px;\n}\n<\/style>\n<div  class='flex_column av-np6b-ddb988628247576f428f24a4a8d925d9 av_one_third  avia-builder-el-14  el_after_av_one_third  el_before_av_one_third  flex_column_div av-zero-column-padding  '     ><p>\n<style type=\"text\/css\" data-created_by=\"avia_inline_auto\" id=\"style-css-av-kjmyzx6r-45a1da68abfcfadeb30974bb00984e05\">\n.avia-image-container.av-kjmyzx6r-45a1da68abfcfadeb30974bb00984e05 img.avia_image{\nbox-shadow:none;\n}\n.avia-image-container.av-kjmyzx6r-45a1da68abfcfadeb30974bb00984e05 .av-image-caption-overlay-center{\ncolor:#ffffff;\n}\n<\/style>\n<div  class='avia-image-container av-kjmyzx6r-45a1da68abfcfadeb30974bb00984e05 av-styling-no-styling av-hover-grow av-hide-overflow av-img-linked avia-align-center  avia-builder-el-15  el_before_av_textblock  avia-builder-el-first  uxm_img'   itemprop=\"image\" itemscope=\"itemscope\" itemtype=\"https:\/\/schema.org\/ImageObject\" ><div class=\"avia-image-container-inner\"><div class=\"avia-image-overlay-wrap\"><a href=\"https:\/\/advancetapes.com\/fr\/products\/at6200-ruban-toile-batiment\/\" class='avia_image '  target=\"_blank\"  rel=\"noopener noreferrer\" aria-label='Advance-Tapes_AT6200_Orange'><img decoding=\"async\" fetchpriority=\"high\" class='wp-image-2852 avia-img-lazy-loading-not-2852 avia_image ' src=\"https:\/\/advancetapes.com\/wp-content\/uploads\/2021\/01\/Advance-Tapes_AT6200_Orange-300x300.jpg\" alt='Strong Orange Building Duct Tape' title='Advance-Tapes_AT6200_Orange'  height=\"300\" width=\"300\"  itemprop=\"thumbnailUrl\" srcset=\"https:\/\/advancetapes.com\/wp-content\/uploads\/2021\/01\/Advance-Tapes_AT6200_Orange-300x300.jpg 300w, https:\/\/advancetapes.com\/wp-content\/uploads\/2021\/01\/Advance-Tapes_AT6200_Orange-80x80.jpg 80w, https:\/\/advancetapes.com\/wp-content\/uploads\/2021\/01\/Advance-Tapes_AT6200_Orange-36x36.jpg 36w, https:\/\/advancetapes.com\/wp-content\/uploads\/2021\/01\/Advance-Tapes_AT6200_Orange-180x180.jpg 180w, https:\/\/advancetapes.com\/wp-content\/uploads\/2021\/01\/Advance-Tapes_AT6200_Orange-100x100.jpg 100w, https:\/\/advancetapes.com\/wp-content\/uploads\/2021\/01\/Advance-Tapes_AT6200_Orange.jpg 600w\" sizes=\"(max-width: 300px) 100vw, 300px\" \/><\/a><\/div><\/div><\/div><br \/>\n\n<style type=\"text\/css\" data-created_by=\"avia_inline_auto\" id=\"style-css-av-kjmyy7w0-35b071af0e9fa456966c58ad21591430\">\n#top .av_textblock_section.av-kjmyy7w0-35b071af0e9fa456966c58ad21591430 .avia_textblock{\nfont-size:20px;\ncolor:#999999;\n}\n<\/style>\n<section  class='av_textblock_section av-kjmyy7w0-35b071af0e9fa456966c58ad21591430 '   itemscope=\"itemscope\" itemtype=\"https:\/\/schema.org\/CreativeWork\" ><div class='avia_textblock av_inherit_color'  itemprop=\"text\" ><h6 style=\"text-align: center; text-transform: uppercase; letter-spacing: 1px; font-weight: 300; font-size: 18px;\">ruban TOILE &#8211; BATIMENT<\/h6>\n<\/div><\/section><\/p><\/div>\n<style type=\"text\/css\" data-created_by=\"avia_inline_auto\" id=\"style-css-av-np6b-ddb988628247576f428f24a4a8d925d9\">\n.flex_column.av-np6b-ddb988628247576f428f24a4a8d925d9{\nborder-radius:0px 0px 0px 0px;\npadding:0px 0px 0px 0px;\n}\n<\/style>\n<div  class='flex_column av-np6b-ddb988628247576f428f24a4a8d925d9 av_one_third  avia-builder-el-17  el_after_av_one_third  el_before_av_hr  flex_column_div av-zero-column-padding  '     ><p>\n<style type=\"text\/css\" data-created_by=\"avia_inline_auto\" id=\"style-css-av-kjmyzx6r-8ee4b95a7b3950c58b54171de74e3d59\">\n.avia-image-container.av-kjmyzx6r-8ee4b95a7b3950c58b54171de74e3d59 img.avia_image{\nbox-shadow:none;\n}\n.avia-image-container.av-kjmyzx6r-8ee4b95a7b3950c58b54171de74e3d59 .av-image-caption-overlay-center{\ncolor:#ffffff;\n}\n<\/style>\n<div  class='avia-image-container av-kjmyzx6r-8ee4b95a7b3950c58b54171de74e3d59 av-styling-no-styling av-hover-grow av-hide-overflow av-img-linked avia-align-center  avia-builder-el-18  el_before_av_textblock  avia-builder-el-first  uxm_img'   itemprop=\"image\" itemscope=\"itemscope\" itemtype=\"https:\/\/schema.org\/ImageObject\" ><div class=\"avia-image-container-inner\"><div class=\"avia-image-overlay-wrap\"><a href=\"https:\/\/advancetapes.com\/fr\/products\/at7-ruban-pvc-isolation-electrique\/\" class='avia_image '  aria-label='Feature products AT7'><img decoding=\"async\" fetchpriority=\"high\" class='wp-image-7975 avia-img-lazy-loading-not-7975 avia_image ' src=\"https:\/\/advancetapes.com\/wp-content\/uploads\/2022\/03\/Feature-products-AT7.png\" alt='' title='Feature products AT7'  height=\"150\" width=\"150\"  itemprop=\"thumbnailUrl\" srcset=\"https:\/\/advancetapes.com\/wp-content\/uploads\/2022\/03\/Feature-products-AT7.png 150w, https:\/\/advancetapes.com\/wp-content\/uploads\/2022\/03\/Feature-products-AT7-80x80.png 80w, https:\/\/advancetapes.com\/wp-content\/uploads\/2022\/03\/Feature-products-AT7-36x36.png 36w, https:\/\/advancetapes.com\/wp-content\/uploads\/2022\/03\/Feature-products-AT7-100x100.png 100w\" sizes=\"(max-width: 150px) 100vw, 150px\" \/><\/a><\/div><\/div><\/div><br \/>\n\n<style type=\"text\/css\" data-created_by=\"avia_inline_auto\" id=\"style-css-av-kjmyy7w0-35b071af0e9fa456966c58ad21591430\">\n#top .av_textblock_section.av-kjmyy7w0-35b071af0e9fa456966c58ad21591430 .avia_textblock{\nfont-size:20px;\ncolor:#999999;\n}\n<\/style>\n<section  class='av_textblock_section av-kjmyy7w0-35b071af0e9fa456966c58ad21591430 '   itemscope=\"itemscope\" itemtype=\"https:\/\/schema.org\/CreativeWork\" ><div class='avia_textblock av_inherit_color'  itemprop=\"text\" ><h6 style=\"text-align: center; text-transform: uppercase; letter-spacing: 1px; font-weight: 300; font-size: 18px;\">ruban pvc isolation \u00e9lectrique<\/h6>\n<\/div><\/section><\/p><\/div>\n<style type=\"text\/css\" data-created_by=\"avia_inline_auto\" id=\"style-css-av-kjtsolzc-119fad7ae19dba416d074e1005f73b5b\">\n#top .hr.hr-invisible.av-kjtsolzc-119fad7ae19dba416d074e1005f73b5b{\nheight:30px;\n}\n<\/style>\n<div  class='hr av-kjtsolzc-119fad7ae19dba416d074e1005f73b5b hr-invisible  avia-builder-el-20  el_after_av_one_third  avia-builder-el-last '><span class='hr-inner '><span class=\"hr-inner-style\"><\/span><\/span><\/div>\n\n","protected":false},"excerpt":{"rendered":"","protected":false},"author":455,"featured_media":0,"parent":0,"menu_order":0,"comment_status":"closed","ping_status":"closed","template":"","meta":{"_acf_changed":false,"footnotes":""},"class_list":["post-4328","page","type-page","status-publish","hentry"],"acf":[],"yoast_head":"<!-- This site is optimized with the Yoast SEO plugin v27.4 - https:\/\/yoast.com\/product\/yoast-seo-wordpress\/ -->\n<title>d&#039;accueil - Advance Tapes<\/title>\n<meta name=\"robots\" content=\"index, follow, max-snippet:-1, max-image-preview:large, max-video-preview:-1\" \/>\n<link rel=\"canonical\" href=\"https:\/\/advancetapes.com\/fr\/\" \/>\n<meta property=\"og:locale\" content=\"fr_FR\" \/>\n<meta property=\"og:type\" content=\"article\" \/>\n<meta property=\"og:title\" content=\"d&#039;accueil - Advance Tapes\" \/>\n<meta property=\"og:url\" content=\"https:\/\/advancetapes.com\/fr\/\" \/>\n<meta property=\"og:site_name\" content=\"Advance Tapes\" \/>\n<meta property=\"article:modified_time\" content=\"2022-09-28T12:54:06+00:00\" \/>\n<meta name=\"twitter:card\" content=\"summary_large_image\" \/>\n<meta name=\"twitter:label1\" content=\"Est. reading time\" \/>\n\t<meta name=\"twitter:data1\" content=\"10 minutes\" \/>\n<!-- \/ Yoast SEO plugin. -->","yoast_head_json":{"title":"d'accueil - Advance Tapes","robots":{"index":"index","follow":"follow","max-snippet":"max-snippet:-1","max-image-preview":"max-image-preview:large","max-video-preview":"max-video-preview:-1"},"canonical":"https:\/\/advancetapes.com\/fr\/","og_locale":"fr_FR","og_type":"article","og_title":"d'accueil - Advance Tapes","og_url":"https:\/\/advancetapes.com\/fr\/","og_site_name":"Advance Tapes","article_modified_time":"2022-09-28T12:54:06+00:00","twitter_card":"summary_large_image","twitter_misc":{"Est. reading time":"10 minutes"},"schema":{"@context":"https:\/\/schema.org","@graph":[{"@type":"WebPage","@id":"https:\/\/advancetapes.com\/fr\/","url":"https:\/\/advancetapes.com\/fr\/","name":"d'accueil - Advance Tapes","isPartOf":{"@id":"https:\/\/advancetapes.com\/fr\/#website"},"datePublished":"2021-01-22T23:09:40+00:00","dateModified":"2022-09-28T12:54:06+00:00","breadcrumb":{"@id":"https:\/\/advancetapes.com\/fr\/#breadcrumb"},"inLanguage":"fr-FR","potentialAction":[{"@type":"ReadAction","target":["https:\/\/advancetapes.com\/fr\/"]}]},{"@type":"BreadcrumbList","@id":"https:\/\/advancetapes.com\/fr\/#breadcrumb","itemListElement":[{"@type":"ListItem","position":1,"name":"Home","item":"https:\/\/advancetapes.com\/fr\/"},{"@type":"ListItem","position":2,"name":"d&#8217;accueil"}]},{"@type":"WebSite","@id":"https:\/\/advancetapes.com\/fr\/#website","url":"https:\/\/advancetapes.com\/fr\/","name":"Advance Tapes","description":"Adding more to adhesive tape","potentialAction":[{"@type":"SearchAction","target":{"@type":"EntryPoint","urlTemplate":"https:\/\/advancetapes.com\/fr\/?s={search_term_string}"},"query-input":{"@type":"PropertyValueSpecification","valueRequired":true,"valueName":"search_term_string"}}],"inLanguage":"fr-FR"}]}},"_links":{"self":[{"href":"https:\/\/advancetapes.com\/fr\/wp-json\/wp\/v2\/pages\/4328","targetHints":{"allow":["GET"]}}],"collection":[{"href":"https:\/\/advancetapes.com\/fr\/wp-json\/wp\/v2\/pages"}],"about":[{"href":"https:\/\/advancetapes.com\/fr\/wp-json\/wp\/v2\/types\/page"}],"author":[{"embeddable":true,"href":"https:\/\/advancetapes.com\/fr\/wp-json\/wp\/v2\/users\/455"}],"replies":[{"embeddable":true,"href":"https:\/\/advancetapes.com\/fr\/wp-json\/wp\/v2\/comments?post=4328"}],"version-history":[{"count":1,"href":"https:\/\/advancetapes.com\/fr\/wp-json\/wp\/v2\/pages\/4328\/revisions"}],"predecessor-version":[{"id":9100,"href":"https:\/\/advancetapes.com\/fr\/wp-json\/wp\/v2\/pages\/4328\/revisions\/9100"}],"wp:attachment":[{"href":"https:\/\/advancetapes.com\/fr\/wp-json\/wp\/v2\/media?parent=4328"}],"curies":[{"name":"wp","href":"https:\/\/api.w.org\/{rel}","templated":true}]}}