{"id":8109,"date":"2021-01-02T21:51:46","date_gmt":"2022-04-04T10:25:40","guid":{"rendered":"https:\/\/advancetapes.com\/?post_type=product&#038;p=8109"},"modified":"2022-04-04T10:25:40","modified_gmt":"2022-04-04T10:25:40","slug":"verschlussplatten-klebeband","status":"publish","type":"product","link":"https:\/\/advancetapes.com\/de\/products\/verschlussplatten-klebeband\/","title":{"rendered":"Verschlussplatten-Klebeband"},"content":{"rendered":"<div  class='tabcontainer av-kjftr0sh-5cbeaf8b0626cf654d5dd98b301fff40 top_tab  avia-builder-el-0  avia-builder-el-no-sibling '>\n<section class='av_tab_section av_tab_section av-133d05-fd703717c641b04371d25ea9ebe4e4b3'  itemscope=\"itemscope\" itemtype=\"https:\/\/schema.org\/CreativeWork\" ><div id='tab-id-1-tab' class='tab active_tab' role='tab' aria-selected=\"true\" tabindex=\"0\" data-fake-id='#tab-id-1' aria-controls='tab-id-1-content'  itemprop=\"headline\" >Eigenschaften<\/div><div id='tab-id-1-content' class='tab_content active_tab_content' role='tabpanel' aria-labelledby='tab-id-1-tab' aria-hidden=\"false\"><div class='tab_inner_content invers-color'  itemprop=\"text\" ><ul>\n<li>PRS10 zertifiziert<\/li>\n<li>Einzigartiger w\u00e4rmeh\u00e4rtender Shurfire\u00ae Kleber<\/li>\n<li>Sehr starke Soforthaftung<\/li>\n<li>Stark<\/li>\n<li>Gute Best\u00e4ndigkeit gegen hohe und niedrige Temperaturen<\/li>\n<li>Einfach abrei\u00dfbar<\/li>\n<li>Wasserfeste Ausr\u00fcstung<\/li>\n<li>Kann beschriftet werden<\/li>\n<li>Nicht-korrosiver Kleber<\/li>\n<\/ul>\n<\/div><\/div><\/section>\n<section class='av_tab_section av_tab_section av-xomz1-2461bc9b5ce5e0296932e92fc71e06cb'  itemscope=\"itemscope\" itemtype=\"https:\/\/schema.org\/CreativeWork\" ><div id='tab-id-2-tab' class='tab' role='tab' aria-selected=\"false\" tabindex=\"0\" data-fake-id='#tab-id-2' aria-controls='tab-id-2-content'  itemprop=\"headline\" >Anwendung<\/div><div id='tab-id-2-content' class='tab_content' role='tabpanel' aria-labelledby='tab-id-2-tab' aria-hidden=\"true\"><div class='tab_inner_content invers-color'  itemprop=\"text\" ><ul>\n<li>Verschlie\u00dfen von Gasfeuerverschlu\u00dfplatten<\/li>\n<\/ul>\n<\/div><\/div><\/section>\n<section class='av_tab_section av_tab_section av-r8sit-2a319394d0851ebebe2bf9d1259c2b53'  itemscope=\"itemscope\" itemtype=\"https:\/\/schema.org\/CreativeWork\" ><div id='tab-id-3-tab' class='tab' role='tab' aria-selected=\"false\" tabindex=\"0\" data-fake-id='#tab-id-3' aria-controls='tab-id-3-content'  itemprop=\"headline\" >Technical<\/div><div id='tab-id-3-content' class='tab_content' role='tabpanel' aria-labelledby='tab-id-3-tab' aria-hidden=\"true\"><div class='tab_inner_content invers-color'  itemprop=\"text\" ><table cellspacing=\"0\" cellpadding=\"0\">\n<tbody>\n<tr>\n<td><strong>Produkttyp<\/strong><\/td>\n<td>Gewebe<\/td>\n<\/tr>\n<tr>\n<td><strong>Klebstoff-Typ<\/strong><\/td>\n<td>Naturkautschuk, l\u00f6semittelfrei<\/td>\n<\/tr>\n<tr>\n<td><strong>Gesamtdicke<\/strong><\/td>\n<td>0.28 mm<\/td>\n<\/tr>\n<tr>\n<td><strong>Bruchlast<\/strong><\/td>\n<td>75 N\/cm<\/td>\n<\/tr>\n<tr>\n<td><strong>Bruchdehnung<\/strong><\/td>\n<td>30%<\/td>\n<\/tr>\n<tr>\n<td><strong>Klebkraft auf Stahl<\/strong><\/td>\n<td>4.5 N\/cm<\/td>\n<\/tr>\n<tr>\n<td><strong>Klebkraft auf Bandr\u00fccken<\/strong><\/td>\n<td>3.2 N\/cm<\/td>\n<\/tr>\n<tr>\n<td><strong>Service Temperature<\/strong><\/td>\n<td>-50\u00b0C bis +110\u00b0C<\/td>\n<\/tr>\n<tr>\n<td><strong>RoHS \u00fcbereinstimmend<\/strong><\/td>\n<td>Ja<\/td>\n<\/tr>\n<tr>\n<td><strong>Spezifikation<\/strong><\/td>\n<td>PRS10 Ausgabe 2<\/td>\n<\/tr>\n<\/tbody>\n<\/table>\n<\/div><\/div><\/section>\n<section class='av_tab_section av_tab_section av-piqt-9713d900450f78df753b98739c264f83'  itemscope=\"itemscope\" itemtype=\"https:\/\/schema.org\/CreativeWork\" ><div id='tab-id-4-tab' class='tab' role='tab' aria-selected=\"false\" tabindex=\"0\" data-fake-id='#tab-id-4' aria-controls='tab-id-4-content'  itemprop=\"headline\" >Farben<\/div><div id='tab-id-4-content' class='tab_content' role='tabpanel' aria-labelledby='tab-id-4-tab' aria-hidden=\"true\"><div class='tab_inner_content invers-color'  itemprop=\"text\" ><p><span id=\"uxm_tab_pro_color\" class=\"uxm_tab_pro_color\"><\/span><span id=\"uxm_tab_pro_color_2\" class=\"uxm_tab_pro_color\"><\/span><span id=\"uxm_tab_pro_color_3\" class=\"uxm_tab_pro_color\"><\/span><span id=\"uxm_tab_pro_color_4\" class=\"uxm_tab_pro_color\"><\/span><span id=\"uxm_tab_pro_color_5\" class=\"uxm_tab_pro_color\"><\/span><span id=\"uxm_tab_pro_color_6\" class=\"uxm_tab_pro_color\"><\/span><br \/>\n<span id=\"uxm_tab_pro_color_7\" class=\"uxm_tab_pro_color\"><\/span><\/p>\n<\/div><\/div><\/section>\n<\/div>\n","protected":false},"excerpt":{"rendered":"<p>Entspricht den British Gas PRS10 &#8211; Ausgabe 2.<\/p>\n<p>AT293 ist ein starkes, gl\u00e4nzendes, extrudiertes Poly-Gewebeband mit einem einzigartigen Surefire\u00ae w\u00e4rmeh\u00e4rtenden, l\u00f6sungsmittelfreien Kautschukkleber , speziell entwickelt zum Verschlie\u00dfen von Gasfeuerverschlu\u00dfplatten.<\/p>\n<p>Das Band entspricht den Spezifikationen von British Gas PRS10, Ausgabe 2 f\u00fcr Gasfeuer-Installationen, Konvektoren, befeuerte Kessel und dekorative Gas-Ger\u00e4te mit Brennstoff-Effekt.<\/p>\n<p>AT293 hat einen einzigartigen Kleber mit hohem Tack, der auf Aluminium, Verputz, Steinen und Beton klebt, aber noch wichtiger, er schafft einen luftdichten Verschlu\u00df und zeigt an, wenn die Temperatur zu hoch wird, indem der Kleber aush\u00e4rtet und dabei Kleberr\u00fcckst\u00e4nde hinterl\u00e4\u00dft.<\/p>\n<p>Leicht anwendbar pa\u00dft sich das Band schwierigen und harten Oberfl\u00e4chen perfekt an. Durch den nicht korrosiven Kleber h\u00f6chster Qualit\u00e4t und die ausgezeichnete Wasser- und Abriebfestigkeit von AT293 wird sich der Untergrund w\u00e4hrend des Einsatzes weder verf\u00e4rben noch wird er rosten.<\/p>\n<p>Die &#8220;beschriftbare&#8221; Oberfl\u00e4che erm\u00f6glicht einfache Identifikation des Kundendienstmechanikers und des Einsatztages.<\/p>\n<p>&nbsp;<\/p>\n","protected":false},"featured_media":2801,"template":"","meta":{"_acf_changed":false},"product_brand":[],"product_cat":[348],"product_tag":[349,350,352],"class_list":{"0":"post-8109","1":"product","2":"type-product","3":"status-publish","4":"has-post-thumbnail","6":"product_cat-cloth-tape-and-duct-tapes","7":"product_tag-agriculture-de","8":"product_tag-building-de","9":"product_tag-industrial-consumables-de","11":"first","12":"instock","13":"shipping-taxable","14":"product-type-simple"},"acf":[],"yoast_head":"<!-- This site is optimized with the Yoast SEO plugin v27.3 - https:\/\/yoast.com\/product\/yoast-seo-wordpress\/ -->\n<title>Verschlussplatten-Klebeband - Advance Tapes<\/title>\n<meta name=\"robots\" content=\"index, follow, max-snippet:-1, max-image-preview:large, max-video-preview:-1\" \/>\n<link rel=\"canonical\" href=\"https:\/\/advancetapes.com\/de\/products\/verschlussplatten-klebeband\/\" \/>\n<meta property=\"og:locale\" content=\"de_DE\" \/>\n<meta property=\"og:type\" content=\"article\" \/>\n<meta property=\"og:title\" content=\"Verschlussplatten-Klebeband - Advance Tapes\" \/>\n<meta property=\"og:description\" content=\"Entspricht den British Gas PRS10 - Ausgabe 2.  AT293 ist ein starkes, gl\u00e4nzendes, extrudiertes Poly-Gewebeband mit einem einzigartigen Surefire\u00ae w\u00e4rmeh\u00e4rtenden, l\u00f6sungsmittelfreien Kautschukkleber , speziell entwickelt zum Verschlie\u00dfen von Gasfeuerverschlu\u00dfplatten.  Das Band entspricht den Spezifikationen von British Gas PRS10, Ausgabe 2 f\u00fcr Gasfeuer-Installationen, Konvektoren, befeuerte Kessel und dekorative Gas-Ger\u00e4te mit Brennstoff-Effekt.  AT293 hat einen einzigartigen Kleber mit hohem Tack, der auf Aluminium, Verputz, Steinen und Beton klebt, aber noch wichtiger, er schafft einen luftdichten Verschlu\u00df und zeigt an, wenn die Temperatur zu hoch wird, indem der Kleber aush\u00e4rtet und dabei Kleberr\u00fcckst\u00e4nde hinterl\u00e4\u00dft.  Leicht anwendbar pa\u00dft sich das Band schwierigen und harten Oberfl\u00e4chen perfekt an. Durch den nicht korrosiven Kleber h\u00f6chster Qualit\u00e4t und die ausgezeichnete Wasser- und Abriebfestigkeit von AT293 wird sich der Untergrund w\u00e4hrend des Einsatzes weder verf\u00e4rben noch wird er rosten.  Die &quot;beschriftbare&quot; Oberfl\u00e4che erm\u00f6glicht einfache Identifikation des Kundendienstmechanikers und des Einsatztages.  &nbsp;\" \/>\n<meta property=\"og:url\" content=\"https:\/\/advancetapes.com\/de\/products\/verschlussplatten-klebeband\/\" \/>\n<meta property=\"og:site_name\" content=\"Advance Tapes\" \/>\n<meta property=\"og:image\" content=\"https:\/\/advancetapes.com\/wp-content\/uploads\/2021\/01\/Advance-Tapes_AT293_Silver.jpg\" \/>\n\t<meta property=\"og:image:width\" content=\"600\" \/>\n\t<meta property=\"og:image:height\" content=\"600\" \/>\n\t<meta property=\"og:image:type\" content=\"image\/jpeg\" \/>\n<meta name=\"twitter:card\" content=\"summary_large_image\" \/>\n<meta name=\"twitter:label1\" content=\"Est. reading time\" \/>\n\t<meta name=\"twitter:data1\" content=\"1 minute\" \/>\n<!-- \/ Yoast SEO plugin. -->","yoast_head_json":{"title":"Verschlussplatten-Klebeband - Advance Tapes","robots":{"index":"index","follow":"follow","max-snippet":"max-snippet:-1","max-image-preview":"max-image-preview:large","max-video-preview":"max-video-preview:-1"},"canonical":"https:\/\/advancetapes.com\/de\/products\/verschlussplatten-klebeband\/","og_locale":"de_DE","og_type":"article","og_title":"Verschlussplatten-Klebeband - Advance Tapes","og_description":"Entspricht den British Gas PRS10 - Ausgabe 2.  AT293 ist ein starkes, gl\u00e4nzendes, extrudiertes Poly-Gewebeband mit einem einzigartigen Surefire\u00ae w\u00e4rmeh\u00e4rtenden, l\u00f6sungsmittelfreien Kautschukkleber , speziell entwickelt zum Verschlie\u00dfen von Gasfeuerverschlu\u00dfplatten.  Das Band entspricht den Spezifikationen von British Gas PRS10, Ausgabe 2 f\u00fcr Gasfeuer-Installationen, Konvektoren, befeuerte Kessel und dekorative Gas-Ger\u00e4te mit Brennstoff-Effekt.  AT293 hat einen einzigartigen Kleber mit hohem Tack, der auf Aluminium, Verputz, Steinen und Beton klebt, aber noch wichtiger, er schafft einen luftdichten Verschlu\u00df und zeigt an, wenn die Temperatur zu hoch wird, indem der Kleber aush\u00e4rtet und dabei Kleberr\u00fcckst\u00e4nde hinterl\u00e4\u00dft.  Leicht anwendbar pa\u00dft sich das Band schwierigen und harten Oberfl\u00e4chen perfekt an. Durch den nicht korrosiven Kleber h\u00f6chster Qualit\u00e4t und die ausgezeichnete Wasser- und Abriebfestigkeit von AT293 wird sich der Untergrund w\u00e4hrend des Einsatzes weder verf\u00e4rben noch wird er rosten.  Die \"beschriftbare\" Oberfl\u00e4che erm\u00f6glicht einfache Identifikation des Kundendienstmechanikers und des Einsatztages.  &nbsp;","og_url":"https:\/\/advancetapes.com\/de\/products\/verschlussplatten-klebeband\/","og_site_name":"Advance Tapes","og_image":[{"width":600,"height":600,"url":"https:\/\/advancetapes.com\/wp-content\/uploads\/2021\/01\/Advance-Tapes_AT293_Silver.jpg","type":"image\/jpeg"}],"twitter_card":"summary_large_image","twitter_misc":{"Est. reading time":"1 minute"},"schema":{"@context":"https:\/\/schema.org","@graph":[{"@type":"WebPage","@id":"https:\/\/advancetapes.com\/de\/products\/verschlussplatten-klebeband\/","url":"https:\/\/advancetapes.com\/de\/products\/verschlussplatten-klebeband\/","name":"Verschlussplatten-Klebeband - Advance Tapes","isPartOf":{"@id":"https:\/\/advancetapes.com\/de\/#website"},"primaryImageOfPage":{"@id":"https:\/\/advancetapes.com\/de\/products\/verschlussplatten-klebeband\/#primaryimage"},"image":{"@id":"https:\/\/advancetapes.com\/de\/products\/verschlussplatten-klebeband\/#primaryimage"},"thumbnailUrl":"https:\/\/advancetapes.com\/wp-content\/uploads\/2021\/01\/Advance-Tapes_AT293_Silver.jpg","datePublished":"2022-04-04T10:25:40+00:00","breadcrumb":{"@id":"https:\/\/advancetapes.com\/de\/products\/verschlussplatten-klebeband\/#breadcrumb"},"inLanguage":"de-DE","potentialAction":[{"@type":"ReadAction","target":["https:\/\/advancetapes.com\/de\/products\/verschlussplatten-klebeband\/"]}]},{"@type":"ImageObject","inLanguage":"de-DE","@id":"https:\/\/advancetapes.com\/de\/products\/verschlussplatten-klebeband\/#primaryimage","url":"https:\/\/advancetapes.com\/wp-content\/uploads\/2021\/01\/Advance-Tapes_AT293_Silver.jpg","contentUrl":"https:\/\/advancetapes.com\/wp-content\/uploads\/2021\/01\/Advance-Tapes_AT293_Silver.jpg","width":600,"height":600},{"@type":"BreadcrumbList","@id":"https:\/\/advancetapes.com\/de\/products\/verschlussplatten-klebeband\/#breadcrumb","itemListElement":[{"@type":"ListItem","position":1,"name":"Home","item":"https:\/\/advancetapes.com\/de\/"},{"@type":"ListItem","position":2,"name":"Products","item":"https:\/\/advancetapes.com\/de\/products\/"},{"@type":"ListItem","position":3,"name":"Verschlussplatten-Klebeband"}]},{"@type":"WebSite","@id":"https:\/\/advancetapes.com\/de\/#website","url":"https:\/\/advancetapes.com\/de\/","name":"Advance Tapes","description":"Adding more to adhesive tape","potentialAction":[{"@type":"SearchAction","target":{"@type":"EntryPoint","urlTemplate":"https:\/\/advancetapes.com\/de\/?s={search_term_string}"},"query-input":{"@type":"PropertyValueSpecification","valueRequired":true,"valueName":"search_term_string"}}],"inLanguage":"de-DE"}]}},"_links":{"self":[{"href":"https:\/\/advancetapes.com\/de\/wp-json\/wp\/v2\/product\/8109","targetHints":{"allow":["GET"]}}],"collection":[{"href":"https:\/\/advancetapes.com\/de\/wp-json\/wp\/v2\/product"}],"about":[{"href":"https:\/\/advancetapes.com\/de\/wp-json\/wp\/v2\/types\/product"}],"wp:featuredmedia":[{"embeddable":true,"href":"https:\/\/advancetapes.com\/de\/wp-json\/wp\/v2\/media\/2801"}],"wp:attachment":[{"href":"https:\/\/advancetapes.com\/de\/wp-json\/wp\/v2\/media?parent=8109"}],"wp:term":[{"taxonomy":"product_brand","embeddable":true,"href":"https:\/\/advancetapes.com\/de\/wp-json\/wp\/v2\/product_brand?post=8109"},{"taxonomy":"product_cat","embeddable":true,"href":"https:\/\/advancetapes.com\/de\/wp-json\/wp\/v2\/product_cat?post=8109"},{"taxonomy":"product_tag","embeddable":true,"href":"https:\/\/advancetapes.com\/de\/wp-json\/wp\/v2\/product_tag?post=8109"}],"curies":[{"name":"wp","href":"https:\/\/api.w.org\/{rel}","templated":true}]}}