{"id":7720,"date":"2021-12-17T17:52:52","date_gmt":"2021-12-17T17:52:52","guid":{"rendered":"https:\/\/advancetapes.com\/?post_type=product&#038;p=7720"},"modified":"2021-12-17T18:16:48","modified_gmt":"2021-12-17T18:16:48","slug":"doppelseitiges-bodenverlegeband","status":"publish","type":"product","link":"https:\/\/advancetapes.com\/de\/products\/doppelseitiges-bodenverlegeband\/","title":{"rendered":"AT326 Doppelseitiges Bodenverlegeband"},"content":{"rendered":"<div  class='tabcontainer av-kjftr0sh-5cbeaf8b0626cf654d5dd98b301fff40 top_tab  avia-builder-el-0  avia-builder-el-no-sibling '>\n<section class='av_tab_section av_tab_section av-124g47-183000f4942b709b398b802d8152a41f'  itemscope=\"itemscope\" itemtype=\"https:\/\/schema.org\/CreativeWork\" ><div id='tab-id-1-tab' class='tab active_tab' role='tab' aria-selected=\"true\" tabindex=\"0\" data-fake-id='#tab-id-1' aria-controls='tab-id-1-content'  itemprop=\"headline\" >Funktionen<\/div><div id='tab-id-1-content' class='tab_content active_tab_content' role='tabpanel' aria-labelledby='tab-id-1-tab' aria-hidden=\"false\"><div class='tab_inner_content invers-color'  itemprop=\"text\" ><ul>\n<li>R\u00fcckstandsfrei abziehbar<\/li>\n<li>Formanpassungsf\u00e4hig<\/li>\n<\/ul>\n<\/div><\/div><\/section>\n<section class='av_tab_section av_tab_section av-xmqcv-cedc20fa422fc5298cc8d64afcead575'  itemscope=\"itemscope\" itemtype=\"https:\/\/schema.org\/CreativeWork\" ><div id='tab-id-2-tab' class='tab' role='tab' aria-selected=\"false\" tabindex=\"0\" data-fake-id='#tab-id-2' aria-controls='tab-id-2-content'  itemprop=\"headline\" >Applications<\/div><div id='tab-id-2-content' class='tab_content' role='tabpanel' aria-labelledby='tab-id-2-tab' aria-hidden=\"true\"><div class='tab_inner_content invers-color'  itemprop=\"text\" ><ul>\n<li>Kurzfristige Teppichbefestigung f\u00fcr Ausstellungen &#8211; die untere Klebefl\u00e4che (unbedeckte Seite) am Boden erm\u00f6glicht eine einfache Reinigung ohne Besch\u00e4digung der Bodenfl\u00e4che<\/li>\n<\/ul>\n<\/div><\/div><\/section>\n<section class='av_tab_section av_tab_section av-okopb-d669ceccfed33cbd1128d32cddf77a07'  itemscope=\"itemscope\" itemtype=\"https:\/\/schema.org\/CreativeWork\" ><div id='tab-id-3-tab' class='tab' role='tab' aria-selected=\"false\" tabindex=\"0\" data-fake-id='#tab-id-3' aria-controls='tab-id-3-content'  itemprop=\"headline\" >Technical<\/div><div id='tab-id-3-content' class='tab_content' role='tabpanel' aria-labelledby='tab-id-3-tab' aria-hidden=\"true\"><div class='tab_inner_content invers-color'  itemprop=\"text\" ><div class=\"col-xs-24 col-sm-12\">\n<table cellspacing=\"0\" cellpadding=\"0\">\n<tbody>\n<tr>\n<td><strong>Produkttyp<\/strong><\/td>\n<td>Doppel-seitig<\/td>\n<\/tr>\n<tr>\n<td><strong>Klebstoff-Typ<\/strong><\/td>\n<td>Acrylat-Dispersion<\/td>\n<\/tr>\n<tr>\n<td><strong>Gesamtdicke<\/strong><\/td>\n<td>0.15 mm<\/td>\n<\/tr>\n<tr>\n<td><strong>Bruchlast<\/strong><\/td>\n<td>23 N\/cm<\/td>\n<\/tr>\n<tr>\n<td><strong>Bruchdehnung<\/strong><\/td>\n<td>160%<\/td>\n<\/tr>\n<tr>\n<td><strong>Klebkraft auf Stahl Bedeckte Seite<\/strong><\/td>\n<td>6.0 N\/cm<\/td>\n<\/tr>\n<tr>\n<td><strong>Klebkraft auf Stahl Offene Seite<\/strong><\/td>\n<td>2.0 N\/cm<\/td>\n<\/tr>\n<tr>\n<td><strong>Service Temperature<\/strong><\/td>\n<td>-5\u00b0C bis +60\u00b0C<\/td>\n<\/tr>\n<tr>\n<td><strong>RoHS \u00fcbereinstimmend<\/strong><\/td>\n<td>Ja<\/td>\n<\/tr>\n<tr>\n<td><strong>Specification<\/strong><\/td>\n<td>Vom national exhibition centre (N.E.C., Birmingham) abgenommen.<\/td>\n<\/tr>\n<\/tbody>\n<\/table>\n<\/div>\n<\/div><\/div><\/section>\n<section class='av_tab_section av_tab_section av-piqt-c78631c4603ff59fef417d06594d5e20'  itemscope=\"itemscope\" itemtype=\"https:\/\/schema.org\/CreativeWork\" ><div id='tab-id-4-tab' class='tab' role='tab' aria-selected=\"false\" tabindex=\"0\" data-fake-id='#tab-id-4' aria-controls='tab-id-4-content'  itemprop=\"headline\" >Colours<\/div><div id='tab-id-4-content' class='tab_content' role='tabpanel' aria-labelledby='tab-id-4-tab' aria-hidden=\"true\"><div class='tab_inner_content invers-color'  itemprop=\"text\" ><\/div><\/div><\/section>\n<\/div>\n","protected":false},"excerpt":{"rendered":"<p>AT326 ist eine d\u00fcnne gr\u00fcne LDPE-Folie, die bedeckte Seite ist mit einem permanenten l\u00f6semittelfreiem synthetischen Kautschuk-Kleber, die unbedeckte Seite mit einem abl\u00f6sbaren Acrylat-Kleber beschichtet. Das Band ist ausger\u00fcstet mit silikonisiertem Trennpapier.<\/p>\n<p>Das Band eignet sich f\u00fcr kurzfristige Teppichbefestigung f\u00fcr Ausstellungen<\/p>\n","protected":false},"featured_media":7727,"template":"","meta":{"_acf_changed":false},"product_brand":[],"product_cat":[376,362],"product_tag":[350,351,352],"class_list":{"0":"post-7720","1":"product","2":"type-product","3":"status-publish","4":"has-post-thumbnail","6":"product_cat-entertainment-de","7":"product_cat-heavy-duty-double-sided-sticky-tape-de","8":"product_tag-building-de","9":"product_tag-entertainment-de","10":"product_tag-industrial-consumables-de","12":"first","13":"instock","14":"shipping-taxable","15":"product-type-simple"},"acf":[],"yoast_head":"<!-- This site is optimized with the Yoast SEO plugin v27.3 - https:\/\/yoast.com\/product\/yoast-seo-wordpress\/ -->\n<title>AT326 Doppelseitiges Bodenverlegeband - Advance Tapes<\/title>\n<meta name=\"robots\" content=\"index, follow, max-snippet:-1, max-image-preview:large, max-video-preview:-1\" \/>\n<link rel=\"canonical\" href=\"https:\/\/advancetapes.com\/de\/products\/doppelseitiges-bodenverlegeband\/\" \/>\n<meta property=\"og:locale\" content=\"de_DE\" \/>\n<meta property=\"og:type\" content=\"article\" \/>\n<meta property=\"og:title\" content=\"AT326 Doppelseitiges Bodenverlegeband - Advance Tapes\" \/>\n<meta property=\"og:description\" content=\"AT326 ist eine d\u00fcnne gr\u00fcne LDPE-Folie, die bedeckte Seite ist mit einem permanenten l\u00f6semittelfreiem synthetischen Kautschuk-Kleber, die unbedeckte Seite mit einem abl\u00f6sbaren Acrylat-Kleber beschichtet. Das Band ist ausger\u00fcstet mit silikonisiertem Trennpapier.  Das Band eignet sich f\u00fcr kurzfristige Teppichbefestigung f\u00fcr Ausstellungen\" \/>\n<meta property=\"og:url\" content=\"https:\/\/advancetapes.com\/de\/products\/doppelseitiges-bodenverlegeband\/\" \/>\n<meta property=\"og:site_name\" content=\"Advance Tapes\" \/>\n<meta property=\"article:modified_time\" content=\"2021-12-17T18:16:48+00:00\" \/>\n<meta property=\"og:image\" content=\"https:\/\/advancetapes.com\/wp-content\/uploads\/2021\/12\/AT326.png\" \/>\n\t<meta property=\"og:image:width\" content=\"500\" \/>\n\t<meta property=\"og:image:height\" content=\"500\" \/>\n\t<meta property=\"og:image:type\" content=\"image\/png\" \/>\n<meta name=\"twitter:card\" content=\"summary_large_image\" \/>\n<meta name=\"twitter:label1\" content=\"Est. reading time\" \/>\n\t<meta name=\"twitter:data1\" content=\"1 minute\" \/>\n<!-- \/ Yoast SEO plugin. -->","yoast_head_json":{"title":"AT326 Doppelseitiges Bodenverlegeband - Advance Tapes","robots":{"index":"index","follow":"follow","max-snippet":"max-snippet:-1","max-image-preview":"max-image-preview:large","max-video-preview":"max-video-preview:-1"},"canonical":"https:\/\/advancetapes.com\/de\/products\/doppelseitiges-bodenverlegeband\/","og_locale":"de_DE","og_type":"article","og_title":"AT326 Doppelseitiges Bodenverlegeband - Advance Tapes","og_description":"AT326 ist eine d\u00fcnne gr\u00fcne LDPE-Folie, die bedeckte Seite ist mit einem permanenten l\u00f6semittelfreiem synthetischen Kautschuk-Kleber, die unbedeckte Seite mit einem abl\u00f6sbaren Acrylat-Kleber beschichtet. Das Band ist ausger\u00fcstet mit silikonisiertem Trennpapier.  Das Band eignet sich f\u00fcr kurzfristige Teppichbefestigung f\u00fcr Ausstellungen","og_url":"https:\/\/advancetapes.com\/de\/products\/doppelseitiges-bodenverlegeband\/","og_site_name":"Advance Tapes","article_modified_time":"2021-12-17T18:16:48+00:00","og_image":[{"width":500,"height":500,"url":"https:\/\/advancetapes.com\/wp-content\/uploads\/2021\/12\/AT326.png","type":"image\/png"}],"twitter_card":"summary_large_image","twitter_misc":{"Est. reading time":"1 minute"},"schema":{"@context":"https:\/\/schema.org","@graph":[{"@type":"WebPage","@id":"https:\/\/advancetapes.com\/de\/products\/doppelseitiges-bodenverlegeband\/","url":"https:\/\/advancetapes.com\/de\/products\/doppelseitiges-bodenverlegeband\/","name":"AT326 Doppelseitiges Bodenverlegeband - Advance Tapes","isPartOf":{"@id":"https:\/\/advancetapes.com\/de\/#website"},"primaryImageOfPage":{"@id":"https:\/\/advancetapes.com\/de\/products\/doppelseitiges-bodenverlegeband\/#primaryimage"},"image":{"@id":"https:\/\/advancetapes.com\/de\/products\/doppelseitiges-bodenverlegeband\/#primaryimage"},"thumbnailUrl":"https:\/\/advancetapes.com\/wp-content\/uploads\/2021\/12\/AT326.png","datePublished":"2021-12-17T17:52:52+00:00","dateModified":"2021-12-17T18:16:48+00:00","breadcrumb":{"@id":"https:\/\/advancetapes.com\/de\/products\/doppelseitiges-bodenverlegeband\/#breadcrumb"},"inLanguage":"de-DE","potentialAction":[{"@type":"ReadAction","target":["https:\/\/advancetapes.com\/de\/products\/doppelseitiges-bodenverlegeband\/"]}]},{"@type":"ImageObject","inLanguage":"de-DE","@id":"https:\/\/advancetapes.com\/de\/products\/doppelseitiges-bodenverlegeband\/#primaryimage","url":"https:\/\/advancetapes.com\/wp-content\/uploads\/2021\/12\/AT326.png","contentUrl":"https:\/\/advancetapes.com\/wp-content\/uploads\/2021\/12\/AT326.png","width":500,"height":500},{"@type":"BreadcrumbList","@id":"https:\/\/advancetapes.com\/de\/products\/doppelseitiges-bodenverlegeband\/#breadcrumb","itemListElement":[{"@type":"ListItem","position":1,"name":"Home","item":"https:\/\/advancetapes.com\/de\/"},{"@type":"ListItem","position":2,"name":"Products","item":"https:\/\/advancetapes.com\/de\/products\/"},{"@type":"ListItem","position":3,"name":"AT326 Doppelseitiges Bodenverlegeband"}]},{"@type":"WebSite","@id":"https:\/\/advancetapes.com\/de\/#website","url":"https:\/\/advancetapes.com\/de\/","name":"Advance Tapes","description":"Adding more to adhesive tape","potentialAction":[{"@type":"SearchAction","target":{"@type":"EntryPoint","urlTemplate":"https:\/\/advancetapes.com\/de\/?s={search_term_string}"},"query-input":{"@type":"PropertyValueSpecification","valueRequired":true,"valueName":"search_term_string"}}],"inLanguage":"de-DE"}]}},"_links":{"self":[{"href":"https:\/\/advancetapes.com\/de\/wp-json\/wp\/v2\/product\/7720","targetHints":{"allow":["GET"]}}],"collection":[{"href":"https:\/\/advancetapes.com\/de\/wp-json\/wp\/v2\/product"}],"about":[{"href":"https:\/\/advancetapes.com\/de\/wp-json\/wp\/v2\/types\/product"}],"wp:featuredmedia":[{"embeddable":true,"href":"https:\/\/advancetapes.com\/de\/wp-json\/wp\/v2\/media\/7727"}],"wp:attachment":[{"href":"https:\/\/advancetapes.com\/de\/wp-json\/wp\/v2\/media?parent=7720"}],"wp:term":[{"taxonomy":"product_brand","embeddable":true,"href":"https:\/\/advancetapes.com\/de\/wp-json\/wp\/v2\/product_brand?post=7720"},{"taxonomy":"product_cat","embeddable":true,"href":"https:\/\/advancetapes.com\/de\/wp-json\/wp\/v2\/product_cat?post=7720"},{"taxonomy":"product_tag","embeddable":true,"href":"https:\/\/advancetapes.com\/de\/wp-json\/wp\/v2\/product_tag?post=7720"}],"curies":[{"name":"wp","href":"https:\/\/api.w.org\/{rel}","templated":true}]}}