{"id":6311,"date":"2021-04-12T07:55:41","date_gmt":"2021-04-12T07:55:41","guid":{"rendered":"https:\/\/advancetapes.com\/products\/at215-advance-gaffa-fluorescent-cloth-tape-with-uv-glow\/"},"modified":"2025-09-25T11:34:36","modified_gmt":"2025-09-25T11:34:36","slug":"fluoreszierendes-gewebeband","status":"publish","type":"product","link":"https:\/\/advancetapes.com\/de\/products\/fluoreszierendes-gewebeband\/","title":{"rendered":"AT0215 Advance Gaffa\u00ae Fluoreszierendes Gewebeband"},"content":{"rendered":"<div  class='tabcontainer av-kjftr0sh-5cbeaf8b0626cf654d5dd98b301fff40 top_tab  avia-builder-el-0  avia-builder-el-no-sibling '>\n<section class='av_tab_section av_tab_section av-b3760q-893979d25680ed30c5b2de300fba2285'  itemscope=\"itemscope\" itemtype=\"https:\/\/schema.org\/CreativeWork\" ><div id='tab-id-1-tab' class='tab active_tab' role='tab' aria-selected=\"true\" tabindex=\"0\" data-fake-id='#tab-id-1' aria-controls='tab-id-1-content'  itemprop=\"headline\" >Funktionen<\/div><div id='tab-id-1-content' class='tab_content active_tab_content' role='tabpanel' aria-labelledby='tab-id-1-tab' aria-hidden=\"false\"><div class='tab_inner_content invers-color'  itemprop=\"text\" ><ul>\n<li>Hohe Sichtbarkeit und UV-Leuchteffekt<\/li>\n<li>Matte Ausr\u00fcstung<\/li>\n<li>R\u00fcckstandsfrei abziehbar<\/li>\n<li>Leicht abrollbar und abrei\u00dfbar<\/li>\n<li>Beschriftbare Oberfl\u00e4che<\/li>\n<li>Wasserfeste Ausr\u00fcstung<\/li>\n<li>Gute Abriebfestigkeit<\/li>\n<li>Formanpassungsf\u00e4hig &#8211; auch auf unebenen Untergr\u00fcnden<\/li>\n<\/ul>\n<\/div><\/div><\/section>\n<section class='av_tab_section av_tab_section av-8v881m-e988d6e35b6dde06bbffd9bb810831a4'  itemscope=\"itemscope\" itemtype=\"https:\/\/schema.org\/CreativeWork\" ><div id='tab-id-2-tab' class='tab' role='tab' aria-selected=\"false\" tabindex=\"0\" data-fake-id='#tab-id-2' aria-controls='tab-id-2-content'  itemprop=\"headline\" >Anwendungen<\/div><div id='tab-id-2-content' class='tab_content' role='tabpanel' aria-labelledby='tab-id-2-tab' aria-hidden=\"true\"><div class='tab_inner_content invers-color'  itemprop=\"text\" ><ul>\n<li>Farbcodierung auf B\u00fchne oder im Backstage-Bereich<\/li>\n<li>Sichern und B\u00fcndeln von Kabeln, wenn kabelfreundlicher Klebstoff erforderlich ist<\/li>\n<li>Kennzeichnen und Beschriften von Ger\u00e4ten wie Beleuchtungs- oder Mischpulten<\/li>\n<li>B\u00fchnenbodenmarkierung<\/li>\n<li>Kennzeichnung von Gefahrenbereichen, wie Eingangsbereiche und Notausg\u00e4nge, zur Markierung von Laufwegen<\/li>\n<\/ul>\n<\/div><\/div><\/section>\n<section class='av_tab_section av_tab_section av-6yty2i-a573e4537ba532882e67e109c7d52454'  itemscope=\"itemscope\" itemtype=\"https:\/\/schema.org\/CreativeWork\" ><div id='tab-id-3-tab' class='tab' role='tab' aria-selected=\"false\" tabindex=\"0\" data-fake-id='#tab-id-3' aria-controls='tab-id-3-content'  itemprop=\"headline\" >Technisch<\/div><div id='tab-id-3-content' class='tab_content' role='tabpanel' aria-labelledby='tab-id-3-tab' aria-hidden=\"true\"><div class='tab_inner_content invers-color'  itemprop=\"text\" ><table cellspacing=\"0\" cellpadding=\"0\">\n<tbody>\n<tr>\n<td><strong>Produkttyp:<\/strong><\/td>\n<td>Gewebe<\/td>\n<\/tr>\n<tr>\n<td><strong>Klebstoff-Typ: <\/strong><\/td>\n<td>Naturkautschuk, l\u00f6semittelfrei<\/td>\n<\/tr>\n<tr>\n<td><strong>Banddicke:<\/strong><\/td>\n<td>0.3mm<\/td>\n<\/tr>\n<tr>\n<td><strong>Bruchlast:<\/strong><\/td>\n<td>55 N\/cm<\/td>\n<\/tr>\n<tr>\n<td><strong>Bruchdehnung:<\/strong><\/td>\n<td>20%<\/td>\n<\/tr>\n<tr>\n<td><strong>Klebkraft auf Stahl:<\/strong><\/td>\n<td>3.1 N\/cm<\/td>\n<\/tr>\n<tr>\n<td><\/td>\n<td><\/td>\n<\/tr>\n<tr>\n<td><strong>Temperaturbest\u00e4ndigkeit:<\/strong><\/td>\n<td>-5\u00b0C to +80\u00b0C<\/td>\n<\/tr>\n<tr>\n<td><\/td>\n<td><\/td>\n<\/tr>\n<tr>\n<td><strong>RoHS konform:<\/strong><\/td>\n<td>Ja<\/td>\n<\/tr>\n<tr>\n<td><\/td>\n<td><\/td>\n<\/tr>\n<\/tbody>\n<\/table>\n<\/div><\/div><\/section>\n<section class='av_tab_section av_tab_section av-piqt-9713d900450f78df753b98739c264f83'  itemscope=\"itemscope\" itemtype=\"https:\/\/schema.org\/CreativeWork\" ><div id='tab-id-4-tab' class='tab' role='tab' aria-selected=\"false\" tabindex=\"0\" data-fake-id='#tab-id-4' aria-controls='tab-id-4-content'  itemprop=\"headline\" >Farben<\/div><div id='tab-id-4-content' class='tab_content' role='tabpanel' aria-labelledby='tab-id-4-tab' aria-hidden=\"true\"><div class='tab_inner_content invers-color'  itemprop=\"text\" ><p><span id=\"uxm_tab_pro_color\" class=\"uxm_tab_pro_color\"><\/span><span id=\"uxm_tab_pro_color_2\" class=\"uxm_tab_pro_color\"><\/span><span id=\"uxm_tab_pro_color_3\" class=\"uxm_tab_pro_color\"><\/span><span id=\"uxm_tab_pro_color_4\" class=\"uxm_tab_pro_color\"><\/span><span id=\"uxm_tab_pro_color_5\" class=\"uxm_tab_pro_color\"><\/span><span id=\"uxm_tab_pro_color_6\" class=\"uxm_tab_pro_color\"><\/span><span id=\"uxm_tab_pro_color_7\" class=\"uxm_tab_pro_color\"><\/span><\/p>\n<\/div><\/div><\/section>\n<\/div>\n","protected":false},"excerpt":{"rendered":"<p><strong>Ein unverzichtbares Werkzeug f\u00fcr jede Veranstaltung<\/strong><\/p>\n<p>AT215 ist der allerneueste Spross in unserem legend\u00e4ren Advance Gaffa\u00ae-Produktsortiment &#8211; dem Programm f\u00fcr professionelle Anwender in der Unterhaltungsbranche.<\/p>\n<p>Das AT215 Advance Gaffa\u00ae fluoreszierendes Gewebeband mit UV-Leuchteffekt ist mit einem speziell entwickeltem, kabelfreundlichen Naturkautschuk-Kleber beschichtet. Dank dieser Kleberformulierung l\u00e4sst sich das Klebeband von den unterschiedlichsten Oberfl\u00e4chen r\u00fcckstandsfrei abziehen.<\/p>\n<p>Zu diesen Oberfl\u00e4chen geh\u00f6ren typischerweise Kabel, lackiertes Holz, B\u00fchnenb\u00f6den und Flightcases. Aufgrund der leuchtend-hellen Farben sind die B\u00e4nder bei Tag und Nacht gut sichtbar und die Farbbest\u00e4ndigkeit ist sehr hoch sowohl bei nat\u00fcrlichem als auch unter UV-Licht. Das zeigen auch unsere eigenen Langzeittests mit k\u00fcnstlichem UV-Licht und Sonnenbestrahlung im Au\u00dfeneinsatz . Anwender, die das AT215 bereits getestet haben, best\u00e4tigen, dass es sehr einfach ist die gelbe und die gr\u00fcne Farbe unter UV-Licht zu unterscheiden, insbesondere im Vergleich mit anderen fluoreszierenden B\u00e4ndern.<\/p>\n<p>Das ist oftmals von entscheidender Bedeutung bei Live-Events. AT215 hat eine matte Oberfl\u00e4che, die beschriftet werden kann. Daher eignet es sich hervorragend zum Markieren oder Farbcodieren. Es ist leicht abrei\u00dfbar und abrollbar &#8211; ohne Zeitverschwendung! Zudem ist das Band abrieb- und wasserfest, was es zu einem perfekten Werkzeug f\u00fcr jede Veranstaltung im Freien macht.<\/p>\n","protected":false},"featured_media":6276,"template":"","meta":{"_acf_changed":false},"product_brand":[],"product_cat":[375,348,376],"product_tag":[360,351],"class_list":{"0":"post-6311","1":"product","2":"type-product","3":"status-publish","4":"has-post-thumbnail","6":"product_cat-building-de","7":"product_cat-cloth-tape-and-duct-tapes","8":"product_cat-entertainment-de","9":"product_tag-advance-gaffa-de","10":"product_tag-entertainment-de","12":"first","13":"instock","14":"shipping-taxable","15":"product-type-simple"},"acf":[],"yoast_head":"<!-- This site is optimized with the Yoast SEO plugin v27.4 - https:\/\/yoast.com\/product\/yoast-seo-wordpress\/ -->\n<title>AT0215 Advance Gaffa\u00ae Fluoreszierendes Gewebeband - Advance Tapes<\/title>\n<meta name=\"robots\" content=\"index, follow, max-snippet:-1, max-image-preview:large, max-video-preview:-1\" \/>\n<link rel=\"canonical\" href=\"https:\/\/advancetapes.com\/de\/products\/fluoreszierendes-gewebeband\/\" \/>\n<meta property=\"og:locale\" content=\"de_DE\" \/>\n<meta property=\"og:type\" content=\"article\" \/>\n<meta property=\"og:title\" content=\"AT0215 Advance Gaffa\u00ae Fluoreszierendes Gewebeband - Advance Tapes\" \/>\n<meta property=\"og:description\" content=\"Ein unverzichtbares Werkzeug f\u00fcr jede Veranstaltung  AT215 ist der allerneueste Spross in unserem legend\u00e4ren Advance Gaffa\u00ae-Produktsortiment - dem Programm f\u00fcr professionelle Anwender in der Unterhaltungsbranche.  Das AT215 Advance Gaffa\u00ae fluoreszierendes Gewebeband mit UV-Leuchteffekt ist mit einem speziell entwickeltem, kabelfreundlichen Naturkautschuk-Kleber beschichtet. Dank dieser Kleberformulierung l\u00e4sst sich das Klebeband von den unterschiedlichsten Oberfl\u00e4chen r\u00fcckstandsfrei abziehen.  Zu diesen Oberfl\u00e4chen geh\u00f6ren typischerweise Kabel, lackiertes Holz, B\u00fchnenb\u00f6den und Flightcases. Aufgrund der leuchtend-hellen Farben sind die B\u00e4nder bei Tag und Nacht gut sichtbar und die Farbbest\u00e4ndigkeit ist sehr hoch sowohl bei nat\u00fcrlichem als auch unter UV-Licht. Das zeigen auch unsere eigenen Langzeittests mit k\u00fcnstlichem UV-Licht und Sonnenbestrahlung im Au\u00dfeneinsatz . Anwender, die das AT215 bereits getestet haben, best\u00e4tigen, dass es sehr einfach ist die gelbe und die gr\u00fcne Farbe unter UV-Licht zu unterscheiden, insbesondere im Vergleich mit anderen fluoreszierenden B\u00e4ndern.  Das ist oftmals von entscheidender Bedeutung bei Live-Events. AT215 hat eine matte Oberfl\u00e4che, die beschriftet werden kann. Daher eignet es sich hervorragend zum Markieren oder Farbcodieren. Es ist leicht abrei\u00dfbar und abrollbar - ohne Zeitverschwendung! Zudem ist das Band abrieb- und wasserfest, was es zu einem perfekten Werkzeug f\u00fcr jede Veranstaltung im Freien macht.\" \/>\n<meta property=\"og:url\" content=\"https:\/\/advancetapes.com\/de\/products\/fluoreszierendes-gewebeband\/\" \/>\n<meta property=\"og:site_name\" content=\"Advance Tapes\" \/>\n<meta property=\"article:modified_time\" content=\"2025-09-25T11:34:36+00:00\" \/>\n<meta property=\"og:image\" content=\"https:\/\/advancetapes.com\/wp-content\/uploads\/2021\/04\/All-tapes-with-labels.png\" \/>\n\t<meta property=\"og:image:width\" content=\"600\" \/>\n\t<meta property=\"og:image:height\" content=\"600\" \/>\n\t<meta property=\"og:image:type\" content=\"image\/png\" \/>\n<meta name=\"twitter:card\" content=\"summary_large_image\" \/>\n<meta name=\"twitter:label1\" content=\"Est. reading time\" \/>\n\t<meta name=\"twitter:data1\" content=\"1 minute\" \/>\n<!-- \/ Yoast SEO plugin. -->","yoast_head_json":{"title":"AT0215 Advance Gaffa\u00ae Fluoreszierendes Gewebeband - Advance Tapes","robots":{"index":"index","follow":"follow","max-snippet":"max-snippet:-1","max-image-preview":"max-image-preview:large","max-video-preview":"max-video-preview:-1"},"canonical":"https:\/\/advancetapes.com\/de\/products\/fluoreszierendes-gewebeband\/","og_locale":"de_DE","og_type":"article","og_title":"AT0215 Advance Gaffa\u00ae Fluoreszierendes Gewebeband - Advance Tapes","og_description":"Ein unverzichtbares Werkzeug f\u00fcr jede Veranstaltung  AT215 ist der allerneueste Spross in unserem legend\u00e4ren Advance Gaffa\u00ae-Produktsortiment - dem Programm f\u00fcr professionelle Anwender in der Unterhaltungsbranche.  Das AT215 Advance Gaffa\u00ae fluoreszierendes Gewebeband mit UV-Leuchteffekt ist mit einem speziell entwickeltem, kabelfreundlichen Naturkautschuk-Kleber beschichtet. Dank dieser Kleberformulierung l\u00e4sst sich das Klebeband von den unterschiedlichsten Oberfl\u00e4chen r\u00fcckstandsfrei abziehen.  Zu diesen Oberfl\u00e4chen geh\u00f6ren typischerweise Kabel, lackiertes Holz, B\u00fchnenb\u00f6den und Flightcases. Aufgrund der leuchtend-hellen Farben sind die B\u00e4nder bei Tag und Nacht gut sichtbar und die Farbbest\u00e4ndigkeit ist sehr hoch sowohl bei nat\u00fcrlichem als auch unter UV-Licht. Das zeigen auch unsere eigenen Langzeittests mit k\u00fcnstlichem UV-Licht und Sonnenbestrahlung im Au\u00dfeneinsatz . Anwender, die das AT215 bereits getestet haben, best\u00e4tigen, dass es sehr einfach ist die gelbe und die gr\u00fcne Farbe unter UV-Licht zu unterscheiden, insbesondere im Vergleich mit anderen fluoreszierenden B\u00e4ndern.  Das ist oftmals von entscheidender Bedeutung bei Live-Events. AT215 hat eine matte Oberfl\u00e4che, die beschriftet werden kann. Daher eignet es sich hervorragend zum Markieren oder Farbcodieren. Es ist leicht abrei\u00dfbar und abrollbar - ohne Zeitverschwendung! Zudem ist das Band abrieb- und wasserfest, was es zu einem perfekten Werkzeug f\u00fcr jede Veranstaltung im Freien macht.","og_url":"https:\/\/advancetapes.com\/de\/products\/fluoreszierendes-gewebeband\/","og_site_name":"Advance Tapes","article_modified_time":"2025-09-25T11:34:36+00:00","og_image":[{"width":600,"height":600,"url":"https:\/\/advancetapes.com\/wp-content\/uploads\/2021\/04\/All-tapes-with-labels.png","type":"image\/png"}],"twitter_card":"summary_large_image","twitter_misc":{"Est. reading time":"1 minute"},"schema":{"@context":"https:\/\/schema.org","@graph":[{"@type":"WebPage","@id":"https:\/\/advancetapes.com\/de\/products\/fluoreszierendes-gewebeband\/","url":"https:\/\/advancetapes.com\/de\/products\/fluoreszierendes-gewebeband\/","name":"AT0215 Advance Gaffa\u00ae Fluoreszierendes Gewebeband - Advance Tapes","isPartOf":{"@id":"https:\/\/advancetapes.com\/de\/#website"},"primaryImageOfPage":{"@id":"https:\/\/advancetapes.com\/de\/products\/fluoreszierendes-gewebeband\/#primaryimage"},"image":{"@id":"https:\/\/advancetapes.com\/de\/products\/fluoreszierendes-gewebeband\/#primaryimage"},"thumbnailUrl":"https:\/\/advancetapes.com\/wp-content\/uploads\/2021\/04\/All-tapes-with-labels.png","datePublished":"2021-04-12T07:55:41+00:00","dateModified":"2025-09-25T11:34:36+00:00","breadcrumb":{"@id":"https:\/\/advancetapes.com\/de\/products\/fluoreszierendes-gewebeband\/#breadcrumb"},"inLanguage":"de-DE","potentialAction":[{"@type":"ReadAction","target":["https:\/\/advancetapes.com\/de\/products\/fluoreszierendes-gewebeband\/"]}]},{"@type":"ImageObject","inLanguage":"de-DE","@id":"https:\/\/advancetapes.com\/de\/products\/fluoreszierendes-gewebeband\/#primaryimage","url":"https:\/\/advancetapes.com\/wp-content\/uploads\/2021\/04\/All-tapes-with-labels.png","contentUrl":"https:\/\/advancetapes.com\/wp-content\/uploads\/2021\/04\/All-tapes-with-labels.png","width":600,"height":600,"caption":"fluorescent_cloth_tape"},{"@type":"BreadcrumbList","@id":"https:\/\/advancetapes.com\/de\/products\/fluoreszierendes-gewebeband\/#breadcrumb","itemListElement":[{"@type":"ListItem","position":1,"name":"Home","item":"https:\/\/advancetapes.com\/de\/"},{"@type":"ListItem","position":2,"name":"Products","item":"https:\/\/advancetapes.com\/de\/products\/"},{"@type":"ListItem","position":3,"name":"AT0215 Advance Gaffa\u00ae Fluoreszierendes Gewebeband"}]},{"@type":"WebSite","@id":"https:\/\/advancetapes.com\/de\/#website","url":"https:\/\/advancetapes.com\/de\/","name":"Advance Tapes","description":"Adding more to adhesive tape","potentialAction":[{"@type":"SearchAction","target":{"@type":"EntryPoint","urlTemplate":"https:\/\/advancetapes.com\/de\/?s={search_term_string}"},"query-input":{"@type":"PropertyValueSpecification","valueRequired":true,"valueName":"search_term_string"}}],"inLanguage":"de-DE"}]}},"_links":{"self":[{"href":"https:\/\/advancetapes.com\/de\/wp-json\/wp\/v2\/product\/6311","targetHints":{"allow":["GET"]}}],"collection":[{"href":"https:\/\/advancetapes.com\/de\/wp-json\/wp\/v2\/product"}],"about":[{"href":"https:\/\/advancetapes.com\/de\/wp-json\/wp\/v2\/types\/product"}],"wp:featuredmedia":[{"embeddable":true,"href":"https:\/\/advancetapes.com\/de\/wp-json\/wp\/v2\/media\/6276"}],"wp:attachment":[{"href":"https:\/\/advancetapes.com\/de\/wp-json\/wp\/v2\/media?parent=6311"}],"wp:term":[{"taxonomy":"product_brand","embeddable":true,"href":"https:\/\/advancetapes.com\/de\/wp-json\/wp\/v2\/product_brand?post=6311"},{"taxonomy":"product_cat","embeddable":true,"href":"https:\/\/advancetapes.com\/de\/wp-json\/wp\/v2\/product_cat?post=6311"},{"taxonomy":"product_tag","embeddable":true,"href":"https:\/\/advancetapes.com\/de\/wp-json\/wp\/v2\/product_tag?post=6311"}],"curies":[{"name":"wp","href":"https:\/\/api.w.org\/{rel}","templated":true}]}}