{"id":5874,"date":"2021-01-03T19:30:05","date_gmt":"2021-01-03T19:30:05","guid":{"rendered":"https:\/\/advancetapes.com\/products\/at209-durchsichtiges-pvc-advance-gaffa-tanzbodenband\/"},"modified":"2021-04-13T00:12:43","modified_gmt":"2021-04-13T00:12:43","slug":"at209-durchsichtiges-pvc-advance-gaffa-tanzbodenband","status":"publish","type":"product","link":"https:\/\/advancetapes.com\/de\/products\/at209-durchsichtiges-pvc-advance-gaffa-tanzbodenband\/","title":{"rendered":"AT209 Durchsichtiges PVC- Advance Gaffa \u00ae-Tanzbodenband"},"content":{"rendered":"<div  class='tabcontainer av-kjftr0sh-5cbeaf8b0626cf654d5dd98b301fff40 top_tab  avia-builder-el-0  avia-builder-el-no-sibling '>\n<section class='av_tab_section av_tab_section av-13julx-77f693ddad7ab7a7b386b38210ace5f1'  itemscope=\"itemscope\" itemtype=\"https:\/\/schema.org\/CreativeWork\" ><div id='tab-id-1-tab' class='tab active_tab' role='tab' aria-selected=\"true\" tabindex=\"0\" data-fake-id='#tab-id-1' aria-controls='tab-id-1-content'  itemprop=\"headline\" >Funktionen<\/div><div id='tab-id-1-content' class='tab_content active_tab_content' role='tabpanel' aria-labelledby='tab-id-1-tab' aria-hidden=\"false\"><div class='tab_inner_content invers-color'  itemprop=\"text\" ><ul>\n<li>Matte Oberfl\u00e4che<\/li>\n<li>Leicht abzuwickeln und abzurei\u00dfen<\/li>\n<li>Besonders formanpassungsf\u00e4hig<\/li>\n<li>Wasserfest<\/li>\n<li>Gute Abriebfestigkeit<\/li>\n<li>Kann beschriftet werden<\/li>\n<li>Nicht-korrosiver Kleber<\/li>\n<\/ul>\n<\/div><\/div><\/section>\n<section class='av_tab_section av_tab_section av-92hhw5-dea9a9b255187edf7999982854f890c7'  itemscope=\"itemscope\" itemtype=\"https:\/\/schema.org\/CreativeWork\" ><div id='tab-id-2-tab' class='tab' role='tab' aria-selected=\"false\" tabindex=\"0\" data-fake-id='#tab-id-2' aria-controls='tab-id-2-content'  itemprop=\"headline\" >Applications<\/div><div id='tab-id-2-content' class='tab_content' role='tabpanel' aria-labelledby='tab-id-2-tab' aria-hidden=\"true\"><div class='tab_inner_content invers-color'  itemprop=\"text\" ><ul>\n<li>Beitritt zu tempor\u00e4ren Tanzfl\u00e4chen<\/li>\n<li>Ideal f\u00fcr B\u00fchnen im Freien<\/li>\n<\/ul>\n<\/div><\/div><\/section>\n<section class='av_tab_section av_tab_section av-8532ut-24757e04913b7bb7843bae499e9d6e14'  itemscope=\"itemscope\" itemtype=\"https:\/\/schema.org\/CreativeWork\" ><div id='tab-id-3-tab' class='tab' role='tab' aria-selected=\"false\" tabindex=\"0\" data-fake-id='#tab-id-3' aria-controls='tab-id-3-content'  itemprop=\"headline\" >Technical<\/div><div id='tab-id-3-content' class='tab_content' role='tabpanel' aria-labelledby='tab-id-3-tab' aria-hidden=\"true\"><div class='tab_inner_content invers-color'  itemprop=\"text\" ><div class=\"col-xs-24 col-sm-12\">\n<table cellspacing=\"0\" cellpadding=\"0\">\n<tbody>\n<tr>\n<td><strong>Produkttyp<\/strong><\/td>\n<td>PVC<\/td>\n<\/tr>\n<tr>\n<td><strong>Klebstoff-Typ<\/strong><\/td>\n<td>Kautschuk-Harz auf L\u00f6semittelbasis<\/td>\n<\/tr>\n<tr>\n<td><strong>Gesamtdicke<\/strong><\/td>\n<td>0.15mm<\/td>\n<\/tr>\n<tr>\n<td><strong>Bruchlast<\/strong><\/td>\n<td>27 N\/cm<\/td>\n<\/tr>\n<tr>\n<td><strong>Bruchdehnung<\/strong><\/td>\n<td>135%<\/td>\n<\/tr>\n<tr>\n<td><strong>Klebkraft auf Stahl<\/strong><\/td>\n<td>3.6 N\/cm<\/td>\n<\/tr>\n<tr>\n<td><strong>Klebkraft auf Bandr\u00fccken<\/strong><\/td>\n<td>2.7 N\/cm<\/td>\n<\/tr>\n<tr>\n<td><strong>Service Temperature<\/strong><\/td>\n<td>-0\u00b0C to +70\u00b0C<\/td>\n<\/tr>\n<tr>\n<td><strong>RoHS \u00fcbereinstimmend<\/strong><\/td>\n<td>Ja<\/td>\n<\/tr>\n<\/tbody>\n<\/table>\n<\/div>\n<\/div><\/div><\/section>\n<section class='av_tab_section av_tab_section av-piqt-c78631c4603ff59fef417d06594d5e20'  itemscope=\"itemscope\" itemtype=\"https:\/\/schema.org\/CreativeWork\" ><div id='tab-id-4-tab' class='tab' role='tab' aria-selected=\"false\" tabindex=\"0\" data-fake-id='#tab-id-4' aria-controls='tab-id-4-content'  itemprop=\"headline\" >Colours<\/div><div id='tab-id-4-content' class='tab_content' role='tabpanel' aria-labelledby='tab-id-4-tab' aria-hidden=\"true\"><div class='tab_inner_content invers-color'  itemprop=\"text\" ><\/div><\/div><\/section>\n<\/div>\n","protected":false},"excerpt":{"rendered":"<p><strong>AT209 ist transparent mit matter Oberfl\u00e4che f\u00fcr &#8220;unsichtbare&#8221; Sto\u00dfverbindungen, es reduziert Blendlicht.<\/strong><\/p>\n<p>&nbsp;<\/p>\n<div class=\"first_para_desc\">\n<p><strong>Clear Dance Floor Tape<\/strong><\/p>\n<\/div>\n<div class=\"rest_of_desc\">\n<p>AT209 is a tough translucent PVC Tape coated with a solvent based rubber-resin adhesive specially designed for stage, dance floor and studios use.<\/p>\n<p>This clear tape can be used on all colours dance floors in temporary and semi-permanent installations. Its matt finish minimises light flare and reflection that make it perfect for joining dance floors with an \u201cinvisible\u201d join.<\/p>\n<p>AT209 is easy to unwind and to tear and also conformable to irregularities of rigid substrates which minimize assembly time.<\/p>\n<p>The tape offers durable and reliable performance in outdoor exposure. AT209 has a good water and abrasion resistance which make it ideal for use on outdoor stages or on sets where moisture may be present.<\/p>\n<\/div>\n","protected":false},"featured_media":7604,"template":"","meta":{"_acf_changed":false},"product_brand":[],"product_cat":[374],"product_tag":[],"class_list":{"0":"post-5874","1":"product","2":"type-product","3":"status-publish","4":"has-post-thumbnail","6":"product_cat-uncategorized-de","8":"first","9":"instock","10":"shipping-taxable","11":"product-type-simple"},"acf":[],"yoast_head":"<!-- This site is optimized with the Yoast SEO plugin v27.4 - https:\/\/yoast.com\/product\/yoast-seo-wordpress\/ -->\n<title>AT209 Durchsichtiges PVC- Advance Gaffa \u00ae-Tanzbodenband - Advance Tapes<\/title>\n<meta name=\"robots\" content=\"index, follow, max-snippet:-1, max-image-preview:large, max-video-preview:-1\" \/>\n<link rel=\"canonical\" href=\"https:\/\/advancetapes.com\/de\/products\/at209-durchsichtiges-pvc-advance-gaffa-tanzbodenband\/\" \/>\n<meta property=\"og:locale\" content=\"de_DE\" \/>\n<meta property=\"og:type\" content=\"article\" \/>\n<meta property=\"og:title\" content=\"AT209 Durchsichtiges PVC- Advance Gaffa \u00ae-Tanzbodenband - Advance Tapes\" \/>\n<meta property=\"og:description\" content=\"AT209 ist transparent mit matter Oberfl\u00e4che f\u00fcr &quot;unsichtbare&quot; Sto\u00dfverbindungen, es reduziert Blendlicht.  &nbsp;   Clear Dance Floor Tape     AT209 is a tough translucent PVC Tape coated with a solvent based rubber-resin adhesive specially designed for stage, dance floor and studios use.  This clear tape can be used on all colours dance floors in temporary and semi-permanent installations. Its matt finish minimises light flare and reflection that make it perfect for joining dance floors with an \u201cinvisible\u201d join.  AT209 is easy to unwind and to tear and also conformable to irregularities of rigid substrates which minimize assembly time.  The tape offers durable and reliable performance in outdoor exposure. AT209 has a good water and abrasion resistance which make it ideal for use on outdoor stages or on sets where moisture may be present.\" \/>\n<meta property=\"og:url\" content=\"https:\/\/advancetapes.com\/de\/products\/at209-durchsichtiges-pvc-advance-gaffa-tanzbodenband\/\" \/>\n<meta property=\"og:site_name\" content=\"Advance Tapes\" \/>\n<meta property=\"article:modified_time\" content=\"2021-04-13T00:12:43+00:00\" \/>\n<meta property=\"og:image\" content=\"https:\/\/advancetapes.com\/wp-content\/uploads\/2021\/01\/AT209-Advance-Gaffa-PVC-Dance-Floor-Tape-1.png\" \/>\n\t<meta property=\"og:image:width\" content=\"600\" \/>\n\t<meta property=\"og:image:height\" content=\"600\" \/>\n\t<meta property=\"og:image:type\" content=\"image\/png\" \/>\n<meta name=\"twitter:card\" content=\"summary_large_image\" \/>\n<meta name=\"twitter:label1\" content=\"Est. reading time\" \/>\n\t<meta name=\"twitter:data1\" content=\"1 minute\" \/>\n<!-- \/ Yoast SEO plugin. -->","yoast_head_json":{"title":"AT209 Durchsichtiges PVC- Advance Gaffa \u00ae-Tanzbodenband - Advance Tapes","robots":{"index":"index","follow":"follow","max-snippet":"max-snippet:-1","max-image-preview":"max-image-preview:large","max-video-preview":"max-video-preview:-1"},"canonical":"https:\/\/advancetapes.com\/de\/products\/at209-durchsichtiges-pvc-advance-gaffa-tanzbodenband\/","og_locale":"de_DE","og_type":"article","og_title":"AT209 Durchsichtiges PVC- Advance Gaffa \u00ae-Tanzbodenband - Advance Tapes","og_description":"AT209 ist transparent mit matter Oberfl\u00e4che f\u00fcr \"unsichtbare\" Sto\u00dfverbindungen, es reduziert Blendlicht.  &nbsp;   Clear Dance Floor Tape     AT209 is a tough translucent PVC Tape coated with a solvent based rubber-resin adhesive specially designed for stage, dance floor and studios use.  This clear tape can be used on all colours dance floors in temporary and semi-permanent installations. Its matt finish minimises light flare and reflection that make it perfect for joining dance floors with an \u201cinvisible\u201d join.  AT209 is easy to unwind and to tear and also conformable to irregularities of rigid substrates which minimize assembly time.  The tape offers durable and reliable performance in outdoor exposure. AT209 has a good water and abrasion resistance which make it ideal for use on outdoor stages or on sets where moisture may be present.","og_url":"https:\/\/advancetapes.com\/de\/products\/at209-durchsichtiges-pvc-advance-gaffa-tanzbodenband\/","og_site_name":"Advance Tapes","article_modified_time":"2021-04-13T00:12:43+00:00","og_image":[{"width":600,"height":600,"url":"https:\/\/advancetapes.com\/wp-content\/uploads\/2021\/01\/AT209-Advance-Gaffa-PVC-Dance-Floor-Tape-1.png","type":"image\/png"}],"twitter_card":"summary_large_image","twitter_misc":{"Est. reading time":"1 minute"},"schema":{"@context":"https:\/\/schema.org","@graph":[{"@type":"WebPage","@id":"https:\/\/advancetapes.com\/de\/products\/at209-durchsichtiges-pvc-advance-gaffa-tanzbodenband\/","url":"https:\/\/advancetapes.com\/de\/products\/at209-durchsichtiges-pvc-advance-gaffa-tanzbodenband\/","name":"AT209 Durchsichtiges PVC- Advance Gaffa \u00ae-Tanzbodenband - Advance Tapes","isPartOf":{"@id":"https:\/\/advancetapes.com\/de\/#website"},"primaryImageOfPage":{"@id":"https:\/\/advancetapes.com\/de\/products\/at209-durchsichtiges-pvc-advance-gaffa-tanzbodenband\/#primaryimage"},"image":{"@id":"https:\/\/advancetapes.com\/de\/products\/at209-durchsichtiges-pvc-advance-gaffa-tanzbodenband\/#primaryimage"},"thumbnailUrl":"https:\/\/advancetapes.com\/wp-content\/uploads\/2021\/01\/AT209-Advance-Gaffa-PVC-Dance-Floor-Tape-1.png","datePublished":"2021-01-03T19:30:05+00:00","dateModified":"2021-04-13T00:12:43+00:00","breadcrumb":{"@id":"https:\/\/advancetapes.com\/de\/products\/at209-durchsichtiges-pvc-advance-gaffa-tanzbodenband\/#breadcrumb"},"inLanguage":"de-DE","potentialAction":[{"@type":"ReadAction","target":["https:\/\/advancetapes.com\/de\/products\/at209-durchsichtiges-pvc-advance-gaffa-tanzbodenband\/"]}]},{"@type":"ImageObject","inLanguage":"de-DE","@id":"https:\/\/advancetapes.com\/de\/products\/at209-durchsichtiges-pvc-advance-gaffa-tanzbodenband\/#primaryimage","url":"https:\/\/advancetapes.com\/wp-content\/uploads\/2021\/01\/AT209-Advance-Gaffa-PVC-Dance-Floor-Tape-1.png","contentUrl":"https:\/\/advancetapes.com\/wp-content\/uploads\/2021\/01\/AT209-Advance-Gaffa-PVC-Dance-Floor-Tape-1.png","width":600,"height":600,"caption":"AT209-Advance-Gaffa-PVC-Dance-Floor-"},{"@type":"BreadcrumbList","@id":"https:\/\/advancetapes.com\/de\/products\/at209-durchsichtiges-pvc-advance-gaffa-tanzbodenband\/#breadcrumb","itemListElement":[{"@type":"ListItem","position":1,"name":"Home","item":"https:\/\/advancetapes.com\/de\/"},{"@type":"ListItem","position":2,"name":"Products","item":"https:\/\/advancetapes.com\/de\/products\/"},{"@type":"ListItem","position":3,"name":"AT209 Durchsichtiges PVC- Advance Gaffa \u00ae-Tanzbodenband"}]},{"@type":"WebSite","@id":"https:\/\/advancetapes.com\/de\/#website","url":"https:\/\/advancetapes.com\/de\/","name":"Advance Tapes","description":"Adding more to adhesive tape","potentialAction":[{"@type":"SearchAction","target":{"@type":"EntryPoint","urlTemplate":"https:\/\/advancetapes.com\/de\/?s={search_term_string}"},"query-input":{"@type":"PropertyValueSpecification","valueRequired":true,"valueName":"search_term_string"}}],"inLanguage":"de-DE"}]}},"_links":{"self":[{"href":"https:\/\/advancetapes.com\/de\/wp-json\/wp\/v2\/product\/5874","targetHints":{"allow":["GET"]}}],"collection":[{"href":"https:\/\/advancetapes.com\/de\/wp-json\/wp\/v2\/product"}],"about":[{"href":"https:\/\/advancetapes.com\/de\/wp-json\/wp\/v2\/types\/product"}],"wp:featuredmedia":[{"embeddable":true,"href":"https:\/\/advancetapes.com\/de\/wp-json\/wp\/v2\/media\/7604"}],"wp:attachment":[{"href":"https:\/\/advancetapes.com\/de\/wp-json\/wp\/v2\/media?parent=5874"}],"wp:term":[{"taxonomy":"product_brand","embeddable":true,"href":"https:\/\/advancetapes.com\/de\/wp-json\/wp\/v2\/product_brand?post=5874"},{"taxonomy":"product_cat","embeddable":true,"href":"https:\/\/advancetapes.com\/de\/wp-json\/wp\/v2\/product_cat?post=5874"},{"taxonomy":"product_tag","embeddable":true,"href":"https:\/\/advancetapes.com\/de\/wp-json\/wp\/v2\/product_tag?post=5874"}],"curies":[{"name":"wp","href":"https:\/\/api.w.org\/{rel}","templated":true}]}}