{"id":5871,"date":"2021-01-03T19:21:30","date_gmt":"2021-01-03T19:21:30","guid":{"rendered":"https:\/\/advancetapes.com\/products\/at88-pvc-betonschalungsband\/"},"modified":"2021-12-13T19:00:07","modified_gmt":"2021-12-13T19:00:07","slug":"at88-pvc-betonschalungsband","status":"publish","type":"product","link":"https:\/\/advancetapes.com\/de\/products\/at88-pvc-betonschalungsband\/","title":{"rendered":"AT88 PVC-Betonschalungsband"},"content":{"rendered":"<div  class='tabcontainer av-kjftr0sh-5cbeaf8b0626cf654d5dd98b301fff40 top_tab  avia-builder-el-0  avia-builder-el-no-sibling '>\n<section class='av_tab_section av_tab_section av-ahuzoc-6849f350d3d6abdf8c3979550d5cc9a2'  itemscope=\"itemscope\" itemtype=\"https:\/\/schema.org\/CreativeWork\" ><div id='tab-id-1-tab' class='tab active_tab' role='tab' aria-selected=\"true\" tabindex=\"0\" data-fake-id='#tab-id-1' aria-controls='tab-id-1-content'  itemprop=\"headline\" >Funktionen<\/div><div id='tab-id-1-content' class='tab_content active_tab_content' role='tabpanel' aria-labelledby='tab-id-1-tab' aria-hidden=\"false\"><div class='tab_inner_content invers-color'  itemprop=\"text\" ><ul>\n<li>Formanpassungsf\u00e4hig<\/li>\n<li>UV-und wasserbest\u00e4ndig<\/li>\n<li>Gute Abriebfestigkeit<\/li>\n<li>Nicht-korrosiver Kleber<\/li>\n<\/ul>\n<\/div><\/div><\/section>\n<section class='av_tab_section av_tab_section av-8wz0to-482fae596e97f87561add120282e3b46'  itemscope=\"itemscope\" itemtype=\"https:\/\/schema.org\/CreativeWork\" ><div id='tab-id-2-tab' class='tab' role='tab' aria-selected=\"false\" tabindex=\"0\" data-fake-id='#tab-id-2' aria-controls='tab-id-2-content'  itemprop=\"headline\" >Applications<\/div><div id='tab-id-2-content' class='tab_content' role='tabpanel' aria-labelledby='tab-id-2-tab' aria-hidden=\"true\"><div class='tab_inner_content invers-color'  itemprop=\"text\" ><ul>\n<li>Abdichtung von Schalungsformen und Schalungsboxen<\/li>\n<\/ul>\n<\/div><\/div><\/section>\n<section class='av_tab_section av_tab_section av-6tlrcs-785732b33d30884035eae3b2fe704448'  itemscope=\"itemscope\" itemtype=\"https:\/\/schema.org\/CreativeWork\" ><div id='tab-id-3-tab' class='tab' role='tab' aria-selected=\"false\" tabindex=\"0\" data-fake-id='#tab-id-3' aria-controls='tab-id-3-content'  itemprop=\"headline\" >Technical<\/div><div id='tab-id-3-content' class='tab_content' role='tabpanel' aria-labelledby='tab-id-3-tab' aria-hidden=\"true\"><div class='tab_inner_content invers-color'  itemprop=\"text\" ><div class=\"col-xs-24 col-sm-12\">\n<table cellspacing=\"0\" cellpadding=\"0\">\n<tbody>\n<tr>\n<td><strong>Produkttyp<\/strong><\/td>\n<td>PVC<\/td>\n<\/tr>\n<tr>\n<td><strong>Klebstoff-Typ<\/strong><\/td>\n<td>Kreuzvernetzter, l\u00f6semittelhaltiger Kautschuk-Harz<\/td>\n<\/tr>\n<tr>\n<td><strong>Gesamtdicke<\/strong><\/td>\n<td>0.16mm<\/td>\n<\/tr>\n<tr>\n<td><strong>Bruchlast<\/strong><\/td>\n<td>22 N\/cm<\/td>\n<\/tr>\n<tr>\n<td><strong>Bruchdehnung<\/strong><\/td>\n<td>125%<\/td>\n<\/tr>\n<tr>\n<td><strong>Klebkraft auf Stahl<\/strong><\/td>\n<td>3.0 N\/cm<\/td>\n<\/tr>\n<tr>\n<td><strong>Klebkraft auf Bandr\u00fccken<\/strong><\/td>\n<td>3.0 N\/cm<\/td>\n<\/tr>\n<tr>\n<td><strong>Service Temperature<\/strong><\/td>\n<td>-5\u00b0C to +75\u00b0C<\/td>\n<\/tr>\n<tr>\n<td><strong>RoHS \u00fcbereinstimmend<\/strong><\/td>\n<td>Ja<\/td>\n<\/tr>\n<\/tbody>\n<\/table>\n<\/div>\n<\/div><\/div><\/section>\n<section class='av_tab_section av_tab_section av-piqt-c78631c4603ff59fef417d06594d5e20'  itemscope=\"itemscope\" itemtype=\"https:\/\/schema.org\/CreativeWork\" ><div id='tab-id-4-tab' class='tab' role='tab' aria-selected=\"false\" tabindex=\"0\" data-fake-id='#tab-id-4' aria-controls='tab-id-4-content'  itemprop=\"headline\" >Colours<\/div><div id='tab-id-4-content' class='tab_content' role='tabpanel' aria-labelledby='tab-id-4-tab' aria-hidden=\"true\"><div class='tab_inner_content invers-color'  itemprop=\"text\" ><\/div><\/div><\/section>\n<\/div>\n","protected":false},"excerpt":{"rendered":"<div class=\"first_para_desc\">\n<p>AT88 ist eine plastifizierte PVC-Folie, beschichtet mit einem vernetzten Kautschukkleber auf Verd\u00fcnnerbasis, entwickelt um Schalungs\u00f6len zu widerstehen.<\/p>\n<\/div>\n<div class=\"rest_of_desc\">\n<p>Mit seinem qualitativ hochwertigen, nicht-korrosiven Kleber und seiner ausgezeichneten UV-Best\u00e4ndigkeit, Wasser- und Abriebfestigkeit werden die beklebten Oberfl\u00e4chen nicht rosten, korrodieren oder sich verf\u00e4rben.<br \/>\nAT88 sch\u00fctzt Oberfl\u00e4chen vor Schl\u00e4gen und Kratzern und klebt auf staubigen, unebenen und \u00f6ligen Oberfl\u00e4chen.<\/p>\n<\/div>\n","protected":false},"featured_media":4432,"template":"","meta":{"_acf_changed":false},"product_brand":[],"product_cat":[375,355],"product_tag":[350,352],"class_list":{"0":"post-5871","1":"product","2":"type-product","3":"status-publish","4":"has-post-thumbnail","6":"product_cat-building-de","7":"product_cat-pvc-adhesive-tape-de","8":"product_tag-building-de","9":"product_tag-industrial-consumables-de","11":"first","12":"instock","13":"shipping-taxable","14":"product-type-simple"},"acf":[],"yoast_head":"<!-- This site is optimized with the Yoast SEO plugin v27.3 - https:\/\/yoast.com\/product\/yoast-seo-wordpress\/ -->\n<title>AT88 PVC-Betonschalungsband - Advance Tapes<\/title>\n<meta name=\"robots\" content=\"index, follow, max-snippet:-1, max-image-preview:large, max-video-preview:-1\" \/>\n<link rel=\"canonical\" href=\"https:\/\/advancetapes.com\/de\/products\/at88-pvc-betonschalungsband\/\" \/>\n<meta property=\"og:locale\" content=\"de_DE\" \/>\n<meta property=\"og:type\" content=\"article\" \/>\n<meta property=\"og:title\" content=\"AT88 PVC-Betonschalungsband - Advance Tapes\" \/>\n<meta property=\"og:description\" content=\"AT88 ist eine plastifizierte PVC-Folie, beschichtet mit einem vernetzten Kautschukkleber auf Verd\u00fcnnerbasis, entwickelt um Schalungs\u00f6len zu widerstehen.     Mit seinem qualitativ hochwertigen, nicht-korrosiven Kleber und seiner ausgezeichneten UV-Best\u00e4ndigkeit, Wasser- und Abriebfestigkeit werden die beklebten Oberfl\u00e4chen nicht rosten, korrodieren oder sich verf\u00e4rben. AT88 sch\u00fctzt Oberfl\u00e4chen vor Schl\u00e4gen und Kratzern und klebt auf staubigen, unebenen und \u00f6ligen Oberfl\u00e4chen.\" \/>\n<meta property=\"og:url\" content=\"https:\/\/advancetapes.com\/de\/products\/at88-pvc-betonschalungsband\/\" \/>\n<meta property=\"og:site_name\" content=\"Advance Tapes\" \/>\n<meta property=\"article:modified_time\" content=\"2021-12-13T19:00:07+00:00\" \/>\n<meta property=\"og:image\" content=\"https:\/\/advancetapes.com\/wp-content\/uploads\/2021\/01\/Advance-Tapes_AT0066_Yellow.jpg\" \/>\n\t<meta property=\"og:image:width\" content=\"600\" \/>\n\t<meta property=\"og:image:height\" content=\"600\" \/>\n\t<meta property=\"og:image:type\" content=\"image\/jpeg\" \/>\n<meta name=\"twitter:card\" content=\"summary_large_image\" \/>\n<meta name=\"twitter:label1\" content=\"Est. reading time\" \/>\n\t<meta name=\"twitter:data1\" content=\"1 minute\" \/>\n<!-- \/ Yoast SEO plugin. -->","yoast_head_json":{"title":"AT88 PVC-Betonschalungsband - Advance Tapes","robots":{"index":"index","follow":"follow","max-snippet":"max-snippet:-1","max-image-preview":"max-image-preview:large","max-video-preview":"max-video-preview:-1"},"canonical":"https:\/\/advancetapes.com\/de\/products\/at88-pvc-betonschalungsband\/","og_locale":"de_DE","og_type":"article","og_title":"AT88 PVC-Betonschalungsband - Advance Tapes","og_description":"AT88 ist eine plastifizierte PVC-Folie, beschichtet mit einem vernetzten Kautschukkleber auf Verd\u00fcnnerbasis, entwickelt um Schalungs\u00f6len zu widerstehen.     Mit seinem qualitativ hochwertigen, nicht-korrosiven Kleber und seiner ausgezeichneten UV-Best\u00e4ndigkeit, Wasser- und Abriebfestigkeit werden die beklebten Oberfl\u00e4chen nicht rosten, korrodieren oder sich verf\u00e4rben. AT88 sch\u00fctzt Oberfl\u00e4chen vor Schl\u00e4gen und Kratzern und klebt auf staubigen, unebenen und \u00f6ligen Oberfl\u00e4chen.","og_url":"https:\/\/advancetapes.com\/de\/products\/at88-pvc-betonschalungsband\/","og_site_name":"Advance Tapes","article_modified_time":"2021-12-13T19:00:07+00:00","og_image":[{"width":600,"height":600,"url":"https:\/\/advancetapes.com\/wp-content\/uploads\/2021\/01\/Advance-Tapes_AT0066_Yellow.jpg","type":"image\/jpeg"}],"twitter_card":"summary_large_image","twitter_misc":{"Est. reading time":"1 minute"},"schema":{"@context":"https:\/\/schema.org","@graph":[{"@type":"WebPage","@id":"https:\/\/advancetapes.com\/de\/products\/at88-pvc-betonschalungsband\/","url":"https:\/\/advancetapes.com\/de\/products\/at88-pvc-betonschalungsband\/","name":"AT88 PVC-Betonschalungsband - Advance Tapes","isPartOf":{"@id":"https:\/\/advancetapes.com\/de\/#website"},"primaryImageOfPage":{"@id":"https:\/\/advancetapes.com\/de\/products\/at88-pvc-betonschalungsband\/#primaryimage"},"image":{"@id":"https:\/\/advancetapes.com\/de\/products\/at88-pvc-betonschalungsband\/#primaryimage"},"thumbnailUrl":"https:\/\/advancetapes.com\/wp-content\/uploads\/2021\/01\/Advance-Tapes_AT0066_Yellow.jpg","datePublished":"2021-01-03T19:21:30+00:00","dateModified":"2021-12-13T19:00:07+00:00","breadcrumb":{"@id":"https:\/\/advancetapes.com\/de\/products\/at88-pvc-betonschalungsband\/#breadcrumb"},"inLanguage":"de-DE","potentialAction":[{"@type":"ReadAction","target":["https:\/\/advancetapes.com\/de\/products\/at88-pvc-betonschalungsband\/"]}]},{"@type":"ImageObject","inLanguage":"de-DE","@id":"https:\/\/advancetapes.com\/de\/products\/at88-pvc-betonschalungsband\/#primaryimage","url":"https:\/\/advancetapes.com\/wp-content\/uploads\/2021\/01\/Advance-Tapes_AT0066_Yellow.jpg","contentUrl":"https:\/\/advancetapes.com\/wp-content\/uploads\/2021\/01\/Advance-Tapes_AT0066_Yellow.jpg","width":600,"height":600,"caption":"Long Term PVC Protection Tape"},{"@type":"BreadcrumbList","@id":"https:\/\/advancetapes.com\/de\/products\/at88-pvc-betonschalungsband\/#breadcrumb","itemListElement":[{"@type":"ListItem","position":1,"name":"Home","item":"https:\/\/advancetapes.com\/de\/"},{"@type":"ListItem","position":2,"name":"Products","item":"https:\/\/advancetapes.com\/de\/products\/"},{"@type":"ListItem","position":3,"name":"AT88 PVC-Betonschalungsband"}]},{"@type":"WebSite","@id":"https:\/\/advancetapes.com\/de\/#website","url":"https:\/\/advancetapes.com\/de\/","name":"Advance Tapes","description":"Adding more to adhesive tape","potentialAction":[{"@type":"SearchAction","target":{"@type":"EntryPoint","urlTemplate":"https:\/\/advancetapes.com\/de\/?s={search_term_string}"},"query-input":{"@type":"PropertyValueSpecification","valueRequired":true,"valueName":"search_term_string"}}],"inLanguage":"de-DE"}]}},"_links":{"self":[{"href":"https:\/\/advancetapes.com\/de\/wp-json\/wp\/v2\/product\/5871","targetHints":{"allow":["GET"]}}],"collection":[{"href":"https:\/\/advancetapes.com\/de\/wp-json\/wp\/v2\/product"}],"about":[{"href":"https:\/\/advancetapes.com\/de\/wp-json\/wp\/v2\/types\/product"}],"wp:featuredmedia":[{"embeddable":true,"href":"https:\/\/advancetapes.com\/de\/wp-json\/wp\/v2\/media\/4432"}],"wp:attachment":[{"href":"https:\/\/advancetapes.com\/de\/wp-json\/wp\/v2\/media?parent=5871"}],"wp:term":[{"taxonomy":"product_brand","embeddable":true,"href":"https:\/\/advancetapes.com\/de\/wp-json\/wp\/v2\/product_brand?post=5871"},{"taxonomy":"product_cat","embeddable":true,"href":"https:\/\/advancetapes.com\/de\/wp-json\/wp\/v2\/product_cat?post=5871"},{"taxonomy":"product_tag","embeddable":true,"href":"https:\/\/advancetapes.com\/de\/wp-json\/wp\/v2\/product_tag?post=5871"}],"curies":[{"name":"wp","href":"https:\/\/api.w.org\/{rel}","templated":true}]}}