{"id":5861,"date":"2021-01-03T18:53:05","date_gmt":"2021-01-03T18:53:05","guid":{"rendered":"https:\/\/advancetapes.com\/products\/at44-pvc-schutzband-mit-geringer-soforthaftung\/"},"modified":"2025-09-25T11:36:02","modified_gmt":"2025-09-25T11:36:02","slug":"at44-pvc-schutzband-mit-geringer-soforthaftung","status":"publish","type":"product","link":"https:\/\/advancetapes.com\/de\/products\/at44-pvc-schutzband-mit-geringer-soforthaftung\/","title":{"rendered":"AT0044 PVC-Schutzband mit geringer Soforthaftung"},"content":{"rendered":"<div  class='tabcontainer av-kjftr0sh-5cbeaf8b0626cf654d5dd98b301fff40 top_tab  avia-builder-el-0  avia-builder-el-no-sibling '>\n<section class='av_tab_section av_tab_section av-13rs2m-31ce7aed3c40bce29d1c08fe9d78d614'  itemscope=\"itemscope\" itemtype=\"https:\/\/schema.org\/CreativeWork\" ><div id='tab-id-1-tab' class='tab active_tab' role='tab' aria-selected=\"true\" tabindex=\"0\" data-fake-id='#tab-id-1' aria-controls='tab-id-1-content'  itemprop=\"headline\" >Funktionen<\/div><div id='tab-id-1-content' class='tab_content active_tab_content' role='tabpanel' aria-labelledby='tab-id-1-tab' aria-hidden=\"false\"><div class='tab_inner_content invers-color'  itemprop=\"text\" ><ul>\n<li>Leicht abwickelbar<\/li>\n<li>Geringe Soforthaftung<\/li>\n<li>R\u00fcckstandsfrei abzuziehen<\/li>\n<li>Flammhemmend<\/li>\n<li>Formanpassungsf\u00e4hig<\/li>\n<li>UV-und wasserbest\u00e4ndig<\/li>\n<li>Gute Abriebfestigkeit<\/li>\n<li>Nicht-korrosiver Kleber<\/li>\n<\/ul>\n<\/div><\/div><\/section>\n<section class='av_tab_section av_tab_section av-94y0la-5b2af05a056c22d01d36cdc1133f82df'  itemscope=\"itemscope\" itemtype=\"https:\/\/schema.org\/CreativeWork\" ><div id='tab-id-2-tab' class='tab' role='tab' aria-selected=\"false\" tabindex=\"0\" data-fake-id='#tab-id-2' aria-controls='tab-id-2-content'  itemprop=\"headline\" >Applications<\/div><div id='tab-id-2-content' class='tab_content' role='tabpanel' aria-labelledby='tab-id-2-tab' aria-hidden=\"true\"><div class='tab_inner_content invers-color'  itemprop=\"text\" ><ul>\n<li>Schutz und Maskierung w\u00e4hrend des Baus oder der Renovierung von Schiffen<\/li>\n<li>Au\u00dfenschutz und Maskierung, insbesondere dort, wo Brandgefahr besteht<\/li>\n<li>Schutz aus Aluminiumprofilen<\/li>\n<\/ul>\n<\/div><\/div><\/section>\n<section class='av_tab_section av_tab_section av-87cb7i-a62edc7227565c4fd06046f8bbfaacd9'  itemscope=\"itemscope\" itemtype=\"https:\/\/schema.org\/CreativeWork\" ><div id='tab-id-3-tab' class='tab' role='tab' aria-selected=\"false\" tabindex=\"0\" data-fake-id='#tab-id-3' aria-controls='tab-id-3-content'  itemprop=\"headline\" >Technical<\/div><div id='tab-id-3-content' class='tab_content' role='tabpanel' aria-labelledby='tab-id-3-tab' aria-hidden=\"true\"><div class='tab_inner_content invers-color'  itemprop=\"text\" ><table cellspacing=\"0\" cellpadding=\"0\">\n<tbody>\n<tr>\n<td><strong>Produkttyp<\/strong><\/td>\n<td>PVC<\/td>\n<\/tr>\n<tr>\n<td><strong>Klebstoff-Typ<\/strong><\/td>\n<td>Kautschuk-Harz auf L\u00f6semittelbasis<\/td>\n<\/tr>\n<tr>\n<td><strong>Gesamtdicke<\/strong><\/td>\n<td>0.13mm<\/td>\n<\/tr>\n<tr>\n<td><strong>Bruchlast<\/strong><\/td>\n<td>23 N\/cm<\/td>\n<\/tr>\n<tr>\n<td><strong>Bruchdehnung<\/strong><\/td>\n<td>150%<\/td>\n<\/tr>\n<tr>\n<td><strong>Klebkraft auf Stahl<\/strong><\/td>\n<td>0.3 N\/cm<\/td>\n<\/tr>\n<tr>\n<td><strong>Service Temperature<\/strong><\/td>\n<td>0\u00b0C to +60\u00b0C<\/td>\n<\/tr>\n<tr>\n<td><strong>RoHS \u00fcbereinstimmend<\/strong><\/td>\n<td>Ja<\/td>\n<\/tr>\n<\/tbody>\n<\/table>\n<\/div><\/div><\/section>\n<section class='av_tab_section av_tab_section av-piqt-c78631c4603ff59fef417d06594d5e20'  itemscope=\"itemscope\" itemtype=\"https:\/\/schema.org\/CreativeWork\" ><div id='tab-id-4-tab' class='tab' role='tab' aria-selected=\"false\" tabindex=\"0\" data-fake-id='#tab-id-4' aria-controls='tab-id-4-content'  itemprop=\"headline\" >Colours<\/div><div id='tab-id-4-content' class='tab_content' role='tabpanel' aria-labelledby='tab-id-4-tab' aria-hidden=\"true\"><div class='tab_inner_content invers-color'  itemprop=\"text\" ><\/div><\/div><\/section>\n<\/div>\n","protected":false},"excerpt":{"rendered":"<div class=\"first_para_desc\">\n<p>AT44 ist eine d\u00fcnne, schwarze PVC-Folie, beschichtet mit einem \u201elow Tack\u201c, UV-best\u00e4ndigen Kautschukkleber auf Verd\u00fcnnerbasis. Es ist geeignet f\u00fcr hochtemperaturbest\u00e4ndige und flammhemmende Anwendungen im Flugzeugbau, der Automobilindustrie, der Marine, Unterhaltungsindustrie, im Baubereich, Technikbereich und der Wartungsindustrie.<\/p>\n<\/div>\n<div class=\"rest_of_desc\">\n<p>Das PVC-Band ist flammhemmend, deshalb geeignet f\u00fcr den Einsatz in feuergef\u00e4hrlichen Bereichen. AT44 hat einen Kleber mit niedrigem Tack, wodurch das Band auf den meisten Oberfl\u00e4chen mehrfach ohne Kleberr\u00fcckst\u00e4nde re-positioniert werden kann.*<\/p>\n<p>Das Band bietet Schutz vor Staub und Kratzern und ist besonders abriebfest, sch\u00fctzt vor der Auswirkung von St\u00f6\u00dfen, Wasser und UV-Strahlen. Dies, kombiniert mit den anderen Eigenschaften, macht es zu einem vielseitigen Schutzband. AT44 eignet sich auch zum Abkleben von Fensterrahmen, Glas, T\u00fcren und zum tempor\u00e4ren Schutz im Bau.<br \/>\n<em><br \/>\n*Wir empfehlen in jedem Fall, dass sich der Anwender vor Einsatz von der Eignung des Bandes f\u00fcr seinen speziellen Zweck \u00fcberzeugt.<\/em><\/p>\n<\/div>\n","protected":false},"featured_media":4418,"template":"","meta":{"_acf_changed":false},"product_brand":[],"product_cat":[527,355],"product_tag":[350,351,352],"class_list":{"0":"post-5861","1":"product","2":"type-product","3":"status-publish","4":"has-post-thumbnail","6":"product_cat-atf-stock-de","7":"product_cat-pvc-adhesive-tape-de","8":"product_tag-building-de","9":"product_tag-entertainment-de","10":"product_tag-industrial-consumables-de","12":"first","13":"outofstock","14":"shipping-taxable","15":"product-type-simple"},"acf":[],"yoast_head":"<!-- This site is optimized with the Yoast SEO plugin v27.4 - https:\/\/yoast.com\/product\/yoast-seo-wordpress\/ -->\n<title>AT0044 PVC-Schutzband mit geringer Soforthaftung - Advance Tapes<\/title>\n<meta name=\"robots\" content=\"index, follow, max-snippet:-1, max-image-preview:large, max-video-preview:-1\" \/>\n<link rel=\"canonical\" href=\"https:\/\/advancetapes.com\/de\/products\/at44-pvc-schutzband-mit-geringer-soforthaftung\/\" \/>\n<meta property=\"og:locale\" content=\"de_DE\" \/>\n<meta property=\"og:type\" content=\"article\" \/>\n<meta property=\"og:title\" content=\"AT0044 PVC-Schutzband mit geringer Soforthaftung - Advance Tapes\" \/>\n<meta property=\"og:description\" content=\"AT44 ist eine d\u00fcnne, schwarze PVC-Folie, beschichtet mit einem \u201elow Tack\u201c, UV-best\u00e4ndigen Kautschukkleber auf Verd\u00fcnnerbasis. Es ist geeignet f\u00fcr hochtemperaturbest\u00e4ndige und flammhemmende Anwendungen im Flugzeugbau, der Automobilindustrie, der Marine, Unterhaltungsindustrie, im Baubereich, Technikbereich und der Wartungsindustrie.     Das PVC-Band ist flammhemmend, deshalb geeignet f\u00fcr den Einsatz in feuergef\u00e4hrlichen Bereichen. AT44 hat einen Kleber mit niedrigem Tack, wodurch das Band auf den meisten Oberfl\u00e4chen mehrfach ohne Kleberr\u00fcckst\u00e4nde re-positioniert werden kann.*  Das Band bietet Schutz vor Staub und Kratzern und ist besonders abriebfest, sch\u00fctzt vor der Auswirkung von St\u00f6\u00dfen, Wasser und UV-Strahlen. Dies, kombiniert mit den anderen Eigenschaften, macht es zu einem vielseitigen Schutzband. AT44 eignet sich auch zum Abkleben von Fensterrahmen, Glas, T\u00fcren und zum tempor\u00e4ren Schutz im Bau.  *Wir empfehlen in jedem Fall, dass sich der Anwender vor Einsatz von der Eignung des Bandes f\u00fcr seinen speziellen Zweck \u00fcberzeugt.\" \/>\n<meta property=\"og:url\" content=\"https:\/\/advancetapes.com\/de\/products\/at44-pvc-schutzband-mit-geringer-soforthaftung\/\" \/>\n<meta property=\"og:site_name\" content=\"Advance Tapes\" \/>\n<meta property=\"article:modified_time\" content=\"2025-09-25T11:36:02+00:00\" \/>\n<meta property=\"og:image\" content=\"https:\/\/advancetapes.com\/wp-content\/uploads\/2021\/01\/Advance-Tapes_AT0044_Black.jpg\" \/>\n\t<meta property=\"og:image:width\" content=\"600\" \/>\n\t<meta property=\"og:image:height\" content=\"600\" \/>\n\t<meta property=\"og:image:type\" content=\"image\/jpeg\" \/>\n<meta name=\"twitter:card\" content=\"summary_large_image\" \/>\n<meta name=\"twitter:label1\" content=\"Est. reading time\" \/>\n\t<meta name=\"twitter:data1\" content=\"1 minute\" \/>\n<!-- \/ Yoast SEO plugin. -->","yoast_head_json":{"title":"AT0044 PVC-Schutzband mit geringer Soforthaftung - Advance Tapes","robots":{"index":"index","follow":"follow","max-snippet":"max-snippet:-1","max-image-preview":"max-image-preview:large","max-video-preview":"max-video-preview:-1"},"canonical":"https:\/\/advancetapes.com\/de\/products\/at44-pvc-schutzband-mit-geringer-soforthaftung\/","og_locale":"de_DE","og_type":"article","og_title":"AT0044 PVC-Schutzband mit geringer Soforthaftung - Advance Tapes","og_description":"AT44 ist eine d\u00fcnne, schwarze PVC-Folie, beschichtet mit einem \u201elow Tack\u201c, UV-best\u00e4ndigen Kautschukkleber auf Verd\u00fcnnerbasis. Es ist geeignet f\u00fcr hochtemperaturbest\u00e4ndige und flammhemmende Anwendungen im Flugzeugbau, der Automobilindustrie, der Marine, Unterhaltungsindustrie, im Baubereich, Technikbereich und der Wartungsindustrie.     Das PVC-Band ist flammhemmend, deshalb geeignet f\u00fcr den Einsatz in feuergef\u00e4hrlichen Bereichen. AT44 hat einen Kleber mit niedrigem Tack, wodurch das Band auf den meisten Oberfl\u00e4chen mehrfach ohne Kleberr\u00fcckst\u00e4nde re-positioniert werden kann.*  Das Band bietet Schutz vor Staub und Kratzern und ist besonders abriebfest, sch\u00fctzt vor der Auswirkung von St\u00f6\u00dfen, Wasser und UV-Strahlen. Dies, kombiniert mit den anderen Eigenschaften, macht es zu einem vielseitigen Schutzband. AT44 eignet sich auch zum Abkleben von Fensterrahmen, Glas, T\u00fcren und zum tempor\u00e4ren Schutz im Bau.  *Wir empfehlen in jedem Fall, dass sich der Anwender vor Einsatz von der Eignung des Bandes f\u00fcr seinen speziellen Zweck \u00fcberzeugt.","og_url":"https:\/\/advancetapes.com\/de\/products\/at44-pvc-schutzband-mit-geringer-soforthaftung\/","og_site_name":"Advance Tapes","article_modified_time":"2025-09-25T11:36:02+00:00","og_image":[{"width":600,"height":600,"url":"https:\/\/advancetapes.com\/wp-content\/uploads\/2021\/01\/Advance-Tapes_AT0044_Black.jpg","type":"image\/jpeg"}],"twitter_card":"summary_large_image","twitter_misc":{"Est. reading time":"1 minute"},"schema":{"@context":"https:\/\/schema.org","@graph":[{"@type":"WebPage","@id":"https:\/\/advancetapes.com\/de\/products\/at44-pvc-schutzband-mit-geringer-soforthaftung\/","url":"https:\/\/advancetapes.com\/de\/products\/at44-pvc-schutzband-mit-geringer-soforthaftung\/","name":"AT0044 PVC-Schutzband mit geringer Soforthaftung - Advance Tapes","isPartOf":{"@id":"https:\/\/advancetapes.com\/de\/#website"},"primaryImageOfPage":{"@id":"https:\/\/advancetapes.com\/de\/products\/at44-pvc-schutzband-mit-geringer-soforthaftung\/#primaryimage"},"image":{"@id":"https:\/\/advancetapes.com\/de\/products\/at44-pvc-schutzband-mit-geringer-soforthaftung\/#primaryimage"},"thumbnailUrl":"https:\/\/advancetapes.com\/wp-content\/uploads\/2021\/01\/Advance-Tapes_AT0044_Black.jpg","datePublished":"2021-01-03T18:53:05+00:00","dateModified":"2025-09-25T11:36:02+00:00","breadcrumb":{"@id":"https:\/\/advancetapes.com\/de\/products\/at44-pvc-schutzband-mit-geringer-soforthaftung\/#breadcrumb"},"inLanguage":"de-DE","potentialAction":[{"@type":"ReadAction","target":["https:\/\/advancetapes.com\/de\/products\/at44-pvc-schutzband-mit-geringer-soforthaftung\/"]}]},{"@type":"ImageObject","inLanguage":"de-DE","@id":"https:\/\/advancetapes.com\/de\/products\/at44-pvc-schutzband-mit-geringer-soforthaftung\/#primaryimage","url":"https:\/\/advancetapes.com\/wp-content\/uploads\/2021\/01\/Advance-Tapes_AT0044_Black.jpg","contentUrl":"https:\/\/advancetapes.com\/wp-content\/uploads\/2021\/01\/Advance-Tapes_AT0044_Black.jpg","width":600,"height":600},{"@type":"BreadcrumbList","@id":"https:\/\/advancetapes.com\/de\/products\/at44-pvc-schutzband-mit-geringer-soforthaftung\/#breadcrumb","itemListElement":[{"@type":"ListItem","position":1,"name":"Home","item":"https:\/\/advancetapes.com\/de\/"},{"@type":"ListItem","position":2,"name":"Products","item":"https:\/\/advancetapes.com\/de\/products\/"},{"@type":"ListItem","position":3,"name":"AT0044 PVC-Schutzband mit geringer Soforthaftung"}]},{"@type":"WebSite","@id":"https:\/\/advancetapes.com\/de\/#website","url":"https:\/\/advancetapes.com\/de\/","name":"Advance Tapes","description":"Adding more to adhesive tape","potentialAction":[{"@type":"SearchAction","target":{"@type":"EntryPoint","urlTemplate":"https:\/\/advancetapes.com\/de\/?s={search_term_string}"},"query-input":{"@type":"PropertyValueSpecification","valueRequired":true,"valueName":"search_term_string"}}],"inLanguage":"de-DE"}]}},"_links":{"self":[{"href":"https:\/\/advancetapes.com\/de\/wp-json\/wp\/v2\/product\/5861","targetHints":{"allow":["GET"]}}],"collection":[{"href":"https:\/\/advancetapes.com\/de\/wp-json\/wp\/v2\/product"}],"about":[{"href":"https:\/\/advancetapes.com\/de\/wp-json\/wp\/v2\/types\/product"}],"wp:featuredmedia":[{"embeddable":true,"href":"https:\/\/advancetapes.com\/de\/wp-json\/wp\/v2\/media\/4418"}],"wp:attachment":[{"href":"https:\/\/advancetapes.com\/de\/wp-json\/wp\/v2\/media?parent=5861"}],"wp:term":[{"taxonomy":"product_brand","embeddable":true,"href":"https:\/\/advancetapes.com\/de\/wp-json\/wp\/v2\/product_brand?post=5861"},{"taxonomy":"product_cat","embeddable":true,"href":"https:\/\/advancetapes.com\/de\/wp-json\/wp\/v2\/product_cat?post=5861"},{"taxonomy":"product_tag","embeddable":true,"href":"https:\/\/advancetapes.com\/de\/wp-json\/wp\/v2\/product_tag?post=5861"}],"curies":[{"name":"wp","href":"https:\/\/api.w.org\/{rel}","templated":true}]}}