{"id":5855,"date":"2021-01-03T18:45:27","date_gmt":"2021-01-03T18:45:27","guid":{"rendered":"https:\/\/advancetapes.com\/products\/at34-hochleistungs-elektro-isolierband-aus-pvc\/"},"modified":"2021-04-13T00:00:21","modified_gmt":"2021-04-13T00:00:21","slug":"at34-hochleistungs-elektro-isolierband-aus-pvc","status":"publish","type":"product","link":"https:\/\/advancetapes.com\/de\/products\/at34-hochleistungs-elektro-isolierband-aus-pvc\/","title":{"rendered":"AT34 Hochleistungs-Elektro-Isolierband aus PVC"},"content":{"rendered":"<div  class='tabcontainer av-kjftr0sh-5cbeaf8b0626cf654d5dd98b301fff40 top_tab  avia-builder-el-0  avia-builder-el-no-sibling '>\n<section class='av_tab_section av_tab_section av-ag8h5w-4bee9098cc8fb91d3aa13f99a06fd8b4'  itemscope=\"itemscope\" itemtype=\"https:\/\/schema.org\/CreativeWork\" ><div id='tab-id-1-tab' class='tab active_tab' role='tab' aria-selected=\"true\" tabindex=\"0\" data-fake-id='#tab-id-1' aria-controls='tab-id-1-content'  itemprop=\"headline\" >Funktionen<\/div><div id='tab-id-1-content' class='tab_content active_tab_content' role='tabpanel' aria-labelledby='tab-id-1-tab' aria-hidden=\"false\"><div class='tab_inner_content invers-color'  itemprop=\"text\" ><ul>\n<li>Flammhemmend<\/li>\n<li>Selbstverl\u00f6schend<\/li>\n<li>Widerstandsf\u00e4hig gegen extreme Temperaturschwankungen<\/li>\n<li>Formanpassungsf\u00e4hig<\/li>\n<li>UV-und wasserbest\u00e4ndig<\/li>\n<li>Gute Abriebfestigkeit<\/li>\n<\/ul>\n<\/div><\/div><\/section>\n<section class='av_tab_section av_tab_section av-8p13l0-34ed3445e10b298cb8ea95ef261ade3e'  itemscope=\"itemscope\" itemtype=\"https:\/\/schema.org\/CreativeWork\" ><div id='tab-id-2-tab' class='tab' role='tab' aria-selected=\"false\" tabindex=\"0\" data-fake-id='#tab-id-2' aria-controls='tab-id-2-content'  itemprop=\"headline\" >Applications<\/div><div id='tab-id-2-content' class='tab_content' role='tabpanel' aria-labelledby='tab-id-2-tab' aria-hidden=\"true\"><div class='tab_inner_content invers-color'  itemprop=\"text\" ><ul>\n<li>Zur Isolierung bei extremen Wetterbedingungen und kalten oder hei\u00dfen Klimazonen<\/li>\n<li>Isolierarbeiten in K\u00fchlr\u00e4umen<\/li>\n<li>Isolierarbeiten in R\u00e4umen, die W\u00e4rme ausgesetzt sind<\/li>\n<\/ul>\n<\/div><\/div><\/section>\n<section class='av_tab_section av_tab_section av-83ycro-416e0c537b33323739dbf17ec5f40b3e'  itemscope=\"itemscope\" itemtype=\"https:\/\/schema.org\/CreativeWork\" ><div id='tab-id-3-tab' class='tab' role='tab' aria-selected=\"false\" tabindex=\"0\" data-fake-id='#tab-id-3' aria-controls='tab-id-3-content'  itemprop=\"headline\" >Technical<\/div><div id='tab-id-3-content' class='tab_content' role='tabpanel' aria-labelledby='tab-id-3-tab' aria-hidden=\"true\"><div class='tab_inner_content invers-color'  itemprop=\"text\" ><div class=\"col-xs-24 col-sm-12\">\n<table cellspacing=\"0\" cellpadding=\"0\">\n<tbody>\n<tr>\n<td><strong>Produkttyp<\/strong><\/td>\n<td>PVC<\/td>\n<\/tr>\n<tr>\n<td><strong>Klebstoff-Typ<\/strong><\/td>\n<td>Kreuzvernetzter, l\u00f6semittelhaltiger Kautschuk-Harz<\/td>\n<\/tr>\n<tr>\n<td><strong>Gesamtdicke<\/strong><\/td>\n<td>0.19mm<\/td>\n<\/tr>\n<tr>\n<td><strong>Bruchlast<\/strong><\/td>\n<td>30 N\/cm<\/td>\n<\/tr>\n<tr>\n<td><strong>Bruchdehnung<\/strong><\/td>\n<td>200%<\/td>\n<\/tr>\n<tr>\n<td><strong>Klebkraft auf Stahl<\/strong><\/td>\n<td>2.2 N\/cm<\/td>\n<\/tr>\n<tr>\n<td><strong>Klebkraft auf Bandr\u00fccken<\/strong><\/td>\n<td>2.0 N\/cm<\/td>\n<\/tr>\n<tr>\n<td><strong>Service Temperature<\/strong><\/td>\n<td>-20\u00b0C to +105\u00b0C<\/td>\n<\/tr>\n<tr>\n<td><strong>Breakdown Voltage<\/strong><\/td>\n<td>10 kV<\/td>\n<\/tr>\n<tr>\n<td><strong>RoHS \u00fcbereinstimmend<\/strong><\/td>\n<td>Ja<\/td>\n<\/tr>\n<tr>\n<td><strong>Specification<\/strong><\/td>\n<td>BS EN 60454 TYP 11<\/td>\n<\/tr>\n<\/tbody>\n<\/table>\n<\/div>\n<\/div><\/div><\/section>\n<section class='av_tab_section av_tab_section av-piqt-c78631c4603ff59fef417d06594d5e20'  itemscope=\"itemscope\" itemtype=\"https:\/\/schema.org\/CreativeWork\" ><div id='tab-id-4-tab' class='tab' role='tab' aria-selected=\"false\" tabindex=\"0\" data-fake-id='#tab-id-4' aria-controls='tab-id-4-content'  itemprop=\"headline\" >Colours<\/div><div id='tab-id-4-content' class='tab_content' role='tabpanel' aria-labelledby='tab-id-4-tab' aria-hidden=\"true\"><div class='tab_inner_content invers-color'  itemprop=\"text\" ><\/div><\/div><\/section>\n<\/div>\n","protected":false},"excerpt":{"rendered":"<p><strong>AT34 &#8211; hat die gr\u00f6\u00dfte Temperaturbest\u00e4ndigkeit aller unserer PVC-Elektro-Isolierb\u00e4nder.<\/strong><\/p>\n<p>&nbsp;<\/p>\n<div class=\"first_para_desc\">\n<p>AT34 ist eine PVC-Folie, beschichtet mit einem vernetzten Kautschukkleber auf Verd\u00fcnnerbasis, einsetzbar f\u00fcr elektrischen und mechanischen Schutz bis zu 10kV.<\/p>\n<\/div>\n<div class=\"rest_of_desc\">\n<p>Das Band bietet ausgezeichnete Leistung und Best\u00e4ndigkeit im Temperaturbereich zwischen -20\u00b0C bis 105\u00b0C. Es garantiert nicht nur \u00fcberragende Klebkraft in extrem kaltem und hei\u00dfem Klima f\u00fcr sehr lange Zeit, sondern ist auch widerstandsf\u00e4hig bei extremen Temperaturschwankungen.<\/p>\n<p>AT34 ist flammhemmend im aufgeklebten Zustand, deshalb einsetzbar in feuergef\u00e4hrlichen Bereichen. Es entspricht den Anforderungen von BS EN 60454 Typ 11 (fr\u00fcher BS3924).<\/p>\n<p>F\u00fcr m\u00fchelose Anwendung, da das Band extrem anpassungsf\u00e4hig ist auf glatten und unebenen Oberfl\u00e4chen. Ausgezeichnet geeignet f\u00fcr elektrische Installationen und Reparaturarbeiten; L\u00f6tverbindungen und Verschalungsstreifen; zur Isolierung von L\u00f6tstellen und Endstellen, Kabelschuhen und Anlageschl\u00e4uchen in K\u00fchlr\u00e4umen oder R\u00e4umen, die Hitze ausgesetzt sind und f\u00fcr viele andere Anwendungen.<\/p>\n<\/div>\n","protected":false},"featured_media":4406,"template":"","meta":{"_acf_changed":false},"product_brand":[],"product_cat":[355],"product_tag":[350,351,352],"class_list":{"0":"post-5855","1":"product","2":"type-product","3":"status-publish","4":"has-post-thumbnail","6":"product_cat-pvc-adhesive-tape-de","7":"product_tag-building-de","8":"product_tag-entertainment-de","9":"product_tag-industrial-consumables-de","11":"first","12":"instock","13":"shipping-taxable","14":"product-type-simple"},"acf":[],"yoast_head":"<!-- This site is optimized with the Yoast SEO plugin v27.3 - https:\/\/yoast.com\/product\/yoast-seo-wordpress\/ -->\n<title>AT34 Hochleistungs-Elektro-Isolierband aus PVC - Advance Tapes<\/title>\n<meta name=\"robots\" content=\"index, follow, max-snippet:-1, max-image-preview:large, max-video-preview:-1\" \/>\n<link rel=\"canonical\" href=\"https:\/\/advancetapes.com\/de\/products\/at34-hochleistungs-elektro-isolierband-aus-pvc\/\" \/>\n<meta property=\"og:locale\" content=\"de_DE\" \/>\n<meta property=\"og:type\" content=\"article\" \/>\n<meta property=\"og:title\" content=\"AT34 Hochleistungs-Elektro-Isolierband aus PVC - Advance Tapes\" \/>\n<meta property=\"og:description\" content=\"AT34 - hat die gr\u00f6\u00dfte Temperaturbest\u00e4ndigkeit aller unserer PVC-Elektro-Isolierb\u00e4nder.  &nbsp;   AT34 ist eine PVC-Folie, beschichtet mit einem vernetzten Kautschukkleber auf Verd\u00fcnnerbasis, einsetzbar f\u00fcr elektrischen und mechanischen Schutz bis zu 10kV.     Das Band bietet ausgezeichnete Leistung und Best\u00e4ndigkeit im Temperaturbereich zwischen -20\u00b0C bis 105\u00b0C. Es garantiert nicht nur \u00fcberragende Klebkraft in extrem kaltem und hei\u00dfem Klima f\u00fcr sehr lange Zeit, sondern ist auch widerstandsf\u00e4hig bei extremen Temperaturschwankungen.  AT34 ist flammhemmend im aufgeklebten Zustand, deshalb einsetzbar in feuergef\u00e4hrlichen Bereichen. Es entspricht den Anforderungen von BS EN 60454 Typ 11 (fr\u00fcher BS3924).  F\u00fcr m\u00fchelose Anwendung, da das Band extrem anpassungsf\u00e4hig ist auf glatten und unebenen Oberfl\u00e4chen. Ausgezeichnet geeignet f\u00fcr elektrische Installationen und Reparaturarbeiten; L\u00f6tverbindungen und Verschalungsstreifen; zur Isolierung von L\u00f6tstellen und Endstellen, Kabelschuhen und Anlageschl\u00e4uchen in K\u00fchlr\u00e4umen oder R\u00e4umen, die Hitze ausgesetzt sind und f\u00fcr viele andere Anwendungen.\" \/>\n<meta property=\"og:url\" content=\"https:\/\/advancetapes.com\/de\/products\/at34-hochleistungs-elektro-isolierband-aus-pvc\/\" \/>\n<meta property=\"og:site_name\" content=\"Advance Tapes\" \/>\n<meta property=\"article:modified_time\" content=\"2021-04-13T00:00:21+00:00\" \/>\n<meta property=\"og:image\" content=\"https:\/\/advancetapes.com\/wp-content\/uploads\/2021\/01\/Advance-Tapes_AT0034_Black.jpg\" \/>\n\t<meta property=\"og:image:width\" content=\"600\" \/>\n\t<meta property=\"og:image:height\" content=\"600\" \/>\n\t<meta property=\"og:image:type\" content=\"image\/jpeg\" \/>\n<meta name=\"twitter:card\" content=\"summary_large_image\" \/>\n<meta name=\"twitter:label1\" content=\"Est. reading time\" \/>\n\t<meta name=\"twitter:data1\" content=\"1 minute\" \/>\n<!-- \/ Yoast SEO plugin. -->","yoast_head_json":{"title":"AT34 Hochleistungs-Elektro-Isolierband aus PVC - Advance Tapes","robots":{"index":"index","follow":"follow","max-snippet":"max-snippet:-1","max-image-preview":"max-image-preview:large","max-video-preview":"max-video-preview:-1"},"canonical":"https:\/\/advancetapes.com\/de\/products\/at34-hochleistungs-elektro-isolierband-aus-pvc\/","og_locale":"de_DE","og_type":"article","og_title":"AT34 Hochleistungs-Elektro-Isolierband aus PVC - Advance Tapes","og_description":"AT34 - hat die gr\u00f6\u00dfte Temperaturbest\u00e4ndigkeit aller unserer PVC-Elektro-Isolierb\u00e4nder.  &nbsp;   AT34 ist eine PVC-Folie, beschichtet mit einem vernetzten Kautschukkleber auf Verd\u00fcnnerbasis, einsetzbar f\u00fcr elektrischen und mechanischen Schutz bis zu 10kV.     Das Band bietet ausgezeichnete Leistung und Best\u00e4ndigkeit im Temperaturbereich zwischen -20\u00b0C bis 105\u00b0C. Es garantiert nicht nur \u00fcberragende Klebkraft in extrem kaltem und hei\u00dfem Klima f\u00fcr sehr lange Zeit, sondern ist auch widerstandsf\u00e4hig bei extremen Temperaturschwankungen.  AT34 ist flammhemmend im aufgeklebten Zustand, deshalb einsetzbar in feuergef\u00e4hrlichen Bereichen. Es entspricht den Anforderungen von BS EN 60454 Typ 11 (fr\u00fcher BS3924).  F\u00fcr m\u00fchelose Anwendung, da das Band extrem anpassungsf\u00e4hig ist auf glatten und unebenen Oberfl\u00e4chen. Ausgezeichnet geeignet f\u00fcr elektrische Installationen und Reparaturarbeiten; L\u00f6tverbindungen und Verschalungsstreifen; zur Isolierung von L\u00f6tstellen und Endstellen, Kabelschuhen und Anlageschl\u00e4uchen in K\u00fchlr\u00e4umen oder R\u00e4umen, die Hitze ausgesetzt sind und f\u00fcr viele andere Anwendungen.","og_url":"https:\/\/advancetapes.com\/de\/products\/at34-hochleistungs-elektro-isolierband-aus-pvc\/","og_site_name":"Advance Tapes","article_modified_time":"2021-04-13T00:00:21+00:00","og_image":[{"width":600,"height":600,"url":"https:\/\/advancetapes.com\/wp-content\/uploads\/2021\/01\/Advance-Tapes_AT0034_Black.jpg","type":"image\/jpeg"}],"twitter_card":"summary_large_image","twitter_misc":{"Est. reading time":"1 minute"},"schema":{"@context":"https:\/\/schema.org","@graph":[{"@type":"WebPage","@id":"https:\/\/advancetapes.com\/de\/products\/at34-hochleistungs-elektro-isolierband-aus-pvc\/","url":"https:\/\/advancetapes.com\/de\/products\/at34-hochleistungs-elektro-isolierband-aus-pvc\/","name":"AT34 Hochleistungs-Elektro-Isolierband aus PVC - Advance Tapes","isPartOf":{"@id":"https:\/\/advancetapes.com\/de\/#website"},"primaryImageOfPage":{"@id":"https:\/\/advancetapes.com\/de\/products\/at34-hochleistungs-elektro-isolierband-aus-pvc\/#primaryimage"},"image":{"@id":"https:\/\/advancetapes.com\/de\/products\/at34-hochleistungs-elektro-isolierband-aus-pvc\/#primaryimage"},"thumbnailUrl":"https:\/\/advancetapes.com\/wp-content\/uploads\/2021\/01\/Advance-Tapes_AT0034_Black.jpg","datePublished":"2021-01-03T18:45:27+00:00","dateModified":"2021-04-13T00:00:21+00:00","breadcrumb":{"@id":"https:\/\/advancetapes.com\/de\/products\/at34-hochleistungs-elektro-isolierband-aus-pvc\/#breadcrumb"},"inLanguage":"de-DE","potentialAction":[{"@type":"ReadAction","target":["https:\/\/advancetapes.com\/de\/products\/at34-hochleistungs-elektro-isolierband-aus-pvc\/"]}]},{"@type":"ImageObject","inLanguage":"de-DE","@id":"https:\/\/advancetapes.com\/de\/products\/at34-hochleistungs-elektro-isolierband-aus-pvc\/#primaryimage","url":"https:\/\/advancetapes.com\/wp-content\/uploads\/2021\/01\/Advance-Tapes_AT0034_Black.jpg","contentUrl":"https:\/\/advancetapes.com\/wp-content\/uploads\/2021\/01\/Advance-Tapes_AT0034_Black.jpg","width":600,"height":600},{"@type":"BreadcrumbList","@id":"https:\/\/advancetapes.com\/de\/products\/at34-hochleistungs-elektro-isolierband-aus-pvc\/#breadcrumb","itemListElement":[{"@type":"ListItem","position":1,"name":"Home","item":"https:\/\/advancetapes.com\/de\/"},{"@type":"ListItem","position":2,"name":"Products","item":"https:\/\/advancetapes.com\/de\/products\/"},{"@type":"ListItem","position":3,"name":"AT34 Hochleistungs-Elektro-Isolierband aus PVC"}]},{"@type":"WebSite","@id":"https:\/\/advancetapes.com\/de\/#website","url":"https:\/\/advancetapes.com\/de\/","name":"Advance Tapes","description":"Adding more to adhesive tape","potentialAction":[{"@type":"SearchAction","target":{"@type":"EntryPoint","urlTemplate":"https:\/\/advancetapes.com\/de\/?s={search_term_string}"},"query-input":{"@type":"PropertyValueSpecification","valueRequired":true,"valueName":"search_term_string"}}],"inLanguage":"de-DE"}]}},"_links":{"self":[{"href":"https:\/\/advancetapes.com\/de\/wp-json\/wp\/v2\/product\/5855","targetHints":{"allow":["GET"]}}],"collection":[{"href":"https:\/\/advancetapes.com\/de\/wp-json\/wp\/v2\/product"}],"about":[{"href":"https:\/\/advancetapes.com\/de\/wp-json\/wp\/v2\/types\/product"}],"wp:featuredmedia":[{"embeddable":true,"href":"https:\/\/advancetapes.com\/de\/wp-json\/wp\/v2\/media\/4406"}],"wp:attachment":[{"href":"https:\/\/advancetapes.com\/de\/wp-json\/wp\/v2\/media?parent=5855"}],"wp:term":[{"taxonomy":"product_brand","embeddable":true,"href":"https:\/\/advancetapes.com\/de\/wp-json\/wp\/v2\/product_brand?post=5855"},{"taxonomy":"product_cat","embeddable":true,"href":"https:\/\/advancetapes.com\/de\/wp-json\/wp\/v2\/product_cat?post=5855"},{"taxonomy":"product_tag","embeddable":true,"href":"https:\/\/advancetapes.com\/de\/wp-json\/wp\/v2\/product_tag?post=5855"}],"curies":[{"name":"wp","href":"https:\/\/api.w.org\/{rel}","templated":true}]}}