{"id":5853,"date":"2021-01-03T18:41:26","date_gmt":"2021-01-03T18:41:26","guid":{"rendered":"https:\/\/advancetapes.com\/products\/at27-farbloses-pvc-klebeband\/"},"modified":"2021-04-13T20:24:03","modified_gmt":"2021-04-13T20:24:03","slug":"at27-farbloses-pvc-klebeband","status":"publish","type":"product","link":"https:\/\/advancetapes.com\/de\/products\/at27-farbloses-pvc-klebeband\/","title":{"rendered":"AT27 Farbloses PVC-Klebeband"},"content":{"rendered":"<div  class='tabcontainer av-kjftr0sh-5cbeaf8b0626cf654d5dd98b301fff40 top_tab  avia-builder-el-0  avia-builder-el-no-sibling '>\n<section class='av_tab_section av_tab_section av-aq9mpc-c5e40fd9620806d685d0514b75911bf0'  itemscope=\"itemscope\" itemtype=\"https:\/\/schema.org\/CreativeWork\" ><div id='tab-id-1-tab' class='tab active_tab' role='tab' aria-selected=\"true\" tabindex=\"0\" data-fake-id='#tab-id-1' aria-controls='tab-id-1-content'  itemprop=\"headline\" >Funktionen<\/div><div id='tab-id-1-content' class='tab_content active_tab_content' role='tabpanel' aria-labelledby='tab-id-1-tab' aria-hidden=\"false\"><div class='tab_inner_content invers-color'  itemprop=\"text\" ><ul>\n<li>Farblos<\/li>\n<li>Flammhemmend<\/li>\n<li>Selbstverl\u00f6schend<\/li>\n<li>Formanpassungsf\u00e4hig<\/li>\n<li>UV-und wasserbest\u00e4ndig<\/li>\n<li>Gute Abriebfestigkeit<\/li>\n<li>Hochtemperaturbest\u00e4ndig<\/li>\n<\/ul>\n<\/div><\/div><\/section>\n<section class='av_tab_section av_tab_section av-9wyw0w-5102fa4cd5c8a45e6f744605b79fae8c'  itemscope=\"itemscope\" itemtype=\"https:\/\/schema.org\/CreativeWork\" ><div id='tab-id-2-tab' class='tab' role='tab' aria-selected=\"false\" tabindex=\"0\" data-fake-id='#tab-id-2' aria-controls='tab-id-2-content'  itemprop=\"headline\" >Applications<\/div><div id='tab-id-2-content' class='tab_content' role='tabpanel' aria-labelledby='tab-id-2-tab' aria-hidden=\"true\"><div class='tab_inner_content invers-color'  itemprop=\"text\" ><ul>\n<li>Tempor\u00e4res Halten von Nieten w\u00e4hrend der Wartung und Reparatur von Flugzeugen<\/li>\n<li>Schutz von Dokumenten und Karten<\/li>\n<li>Treten Sie mit B\u00fchne, Tanzfl\u00e4che und Szenerie zusammen<\/li>\n<li>Schutz von lackierten Oberfl\u00e4chen<\/li>\n<\/ul>\n<\/div><\/div><\/section>\n<section class='av_tab_section av_tab_section av-6s58w0-65bc4876ea43e0fdfb60f2e1f42ba1f0'  itemscope=\"itemscope\" itemtype=\"https:\/\/schema.org\/CreativeWork\" ><div id='tab-id-3-tab' class='tab' role='tab' aria-selected=\"false\" tabindex=\"0\" data-fake-id='#tab-id-3' aria-controls='tab-id-3-content'  itemprop=\"headline\" >Technical<\/div><div id='tab-id-3-content' class='tab_content' role='tabpanel' aria-labelledby='tab-id-3-tab' aria-hidden=\"true\"><div class='tab_inner_content invers-color'  itemprop=\"text\" ><div class=\"col-xs-24 col-sm-12\">\n<table cellspacing=\"0\" cellpadding=\"0\">\n<tbody>\n<tr>\n<td><strong>Produkttyp<\/strong><\/td>\n<td>PVC<\/td>\n<\/tr>\n<tr>\n<td><strong>Klebstoff-Typ<\/strong><\/td>\n<td>Kautschuk-Harz auf L\u00f6semittelbasis<\/td>\n<\/tr>\n<tr>\n<td><strong>Gesamtdicke<\/strong><\/td>\n<td>0.15mm<\/td>\n<\/tr>\n<tr>\n<td><strong>Bruchlast<\/strong><\/td>\n<td>26 N\/cm<\/td>\n<\/tr>\n<tr>\n<td><strong>Bruchdehnung<\/strong><\/td>\n<td>130%<\/td>\n<\/tr>\n<tr>\n<td><strong>Klebkraft auf Stahl<\/strong><\/td>\n<td>3.5 N\/cm<\/td>\n<\/tr>\n<tr>\n<td><strong>Klebkraft auf Bandr\u00fccken<\/strong><\/td>\n<td>2.8 N\/cm<\/td>\n<\/tr>\n<tr>\n<td><strong>Service Temperature<\/strong><\/td>\n<td>0\u00b0C to +70\u00b0C<\/td>\n<\/tr>\n<tr>\n<td><strong>RoHS \u00fcbereinstimmend<\/strong><\/td>\n<td>Ja<\/td>\n<\/tr>\n<tr>\n<td><strong>Specification<\/strong><\/td>\n<td>DEF STAN 81-145\/3<\/td>\n<\/tr>\n<\/tbody>\n<\/table>\n<\/div>\n<\/div><\/div><\/section>\n<section class='av_tab_section av_tab_section av-piqt-c78631c4603ff59fef417d06594d5e20'  itemscope=\"itemscope\" itemtype=\"https:\/\/schema.org\/CreativeWork\" ><div id='tab-id-4-tab' class='tab' role='tab' aria-selected=\"false\" tabindex=\"0\" data-fake-id='#tab-id-4' aria-controls='tab-id-4-content'  itemprop=\"headline\" >Colours<\/div><div id='tab-id-4-content' class='tab_content' role='tabpanel' aria-labelledby='tab-id-4-tab' aria-hidden=\"true\"><div class='tab_inner_content invers-color'  itemprop=\"text\" ><p><span id=\"uxm_tab_pro_color\" class=\"uxm_tab_pro_color\"><\/span><span id=\"uxm_tab_pro_color_2\" class=\"uxm_tab_pro_color\"><\/span><span id=\"uxm_tab_pro_color_3\" class=\"uxm_tab_pro_color\"><\/span><span id=\"uxm_tab_pro_color_4\" class=\"uxm_tab_pro_color\"><\/span><span id=\"uxm_tab_pro_color_5\" class=\"uxm_tab_pro_color\"><\/span><span id=\"uxm_tab_pro_color_6\" class=\"uxm_tab_pro_color\"><\/span><span id=\"uxm_tab_pro_color_7\" class=\"uxm_tab_pro_color\"><\/span><\/p>\n<\/div><\/div><\/section>\n<\/div>\n","protected":false},"excerpt":{"rendered":"<p><strong>Entspricht den Anforderungen von DEF STAN 81-145\/3<\/strong><\/p>\n<p>&nbsp;<\/p>\n<div class=\"first_para_desc\">\n<p>AT27 ist ein durchscheinendes PVC-Reparaturband, beschichtet mit einem transparenten Kautschukkleber auf Verd\u00fcnnerbasis, ideal f\u00fcr \u201eunsichtbare\u201c Reparaturen und zum Schutz.<\/p>\n<\/div>\n<div class=\"rest_of_desc\">\n<p>Das Band ist anpassungsf\u00e4hig bei hoher Klebkraft auf strukturierter oder rauer Oberfl\u00e4che bei einfacher Handhabung. Au\u00dferdem wurde es besonders f\u00fcr die Herausforderungen beim Einsatz im Innen- und Au\u00dfenbereich entwickelt.<\/p>\n<p>Mit seinem qualitativ hochwertigen, nicht-korrosiven Kleber, seiner Abriebfestigkeit und Wasserbest\u00e4ndigkeit bietet AT27 besonderen Schutz f\u00fcr eine Vielzahl von zu sch\u00fctzenden Oberfl\u00e4chen.<\/p>\n<p>Dieses transparente PVC-Band wird eingesetzt beim Verbinden der St\u00f6\u00dfe von Kulissen, Tanzb\u00f6den und im Hinterb\u00fchnenbereich, zur Reparatur von Dokumenten, zum Schutz von gestrichenen Oberfl\u00e4chen oder zum kurzfristigen Fixieren von Nieten etc. w\u00e4hrend der Wartung von Flugzeugen.<\/p>\n<p>AT27 entspricht den Milit\u00e4rstandards DEF. STAN.81-145\/3.<\/p>\n<\/div>\n","protected":false},"featured_media":4400,"template":"","meta":{"_acf_changed":false},"product_brand":[],"product_cat":[355],"product_tag":[350,351,352,357],"class_list":{"0":"post-5853","1":"product","2":"type-product","3":"status-publish","4":"has-post-thumbnail","6":"product_cat-pvc-adhesive-tape-de","7":"product_tag-building-de","8":"product_tag-entertainment-de","9":"product_tag-industrial-consumables-de","10":"product_tag-nuclear-de","12":"first","13":"instock","14":"shipping-taxable","15":"product-type-simple"},"acf":[],"yoast_head":"<!-- This site is optimized with the Yoast SEO plugin v27.3 - https:\/\/yoast.com\/product\/yoast-seo-wordpress\/ -->\n<title>AT27 Farbloses PVC-Klebeband - Advance Tapes<\/title>\n<meta name=\"robots\" content=\"index, follow, max-snippet:-1, max-image-preview:large, max-video-preview:-1\" \/>\n<link rel=\"canonical\" href=\"https:\/\/advancetapes.com\/de\/products\/at27-farbloses-pvc-klebeband\/\" \/>\n<meta property=\"og:locale\" content=\"de_DE\" \/>\n<meta property=\"og:type\" content=\"article\" \/>\n<meta property=\"og:title\" content=\"AT27 Farbloses PVC-Klebeband - Advance Tapes\" \/>\n<meta property=\"og:description\" content=\"Entspricht den Anforderungen von DEF STAN 81-145\/3  &nbsp;   AT27 ist ein durchscheinendes PVC-Reparaturband, beschichtet mit einem transparenten Kautschukkleber auf Verd\u00fcnnerbasis, ideal f\u00fcr \u201eunsichtbare\u201c Reparaturen und zum Schutz.     Das Band ist anpassungsf\u00e4hig bei hoher Klebkraft auf strukturierter oder rauer Oberfl\u00e4che bei einfacher Handhabung. Au\u00dferdem wurde es besonders f\u00fcr die Herausforderungen beim Einsatz im Innen- und Au\u00dfenbereich entwickelt.  Mit seinem qualitativ hochwertigen, nicht-korrosiven Kleber, seiner Abriebfestigkeit und Wasserbest\u00e4ndigkeit bietet AT27 besonderen Schutz f\u00fcr eine Vielzahl von zu sch\u00fctzenden Oberfl\u00e4chen.  Dieses transparente PVC-Band wird eingesetzt beim Verbinden der St\u00f6\u00dfe von Kulissen, Tanzb\u00f6den und im Hinterb\u00fchnenbereich, zur Reparatur von Dokumenten, zum Schutz von gestrichenen Oberfl\u00e4chen oder zum kurzfristigen Fixieren von Nieten etc. w\u00e4hrend der Wartung von Flugzeugen.  AT27 entspricht den Milit\u00e4rstandards DEF. STAN.81-145\/3.\" \/>\n<meta property=\"og:url\" content=\"https:\/\/advancetapes.com\/de\/products\/at27-farbloses-pvc-klebeband\/\" \/>\n<meta property=\"og:site_name\" content=\"Advance Tapes\" \/>\n<meta property=\"article:modified_time\" content=\"2021-04-13T20:24:03+00:00\" \/>\n<meta property=\"og:image\" content=\"https:\/\/advancetapes.com\/wp-content\/uploads\/2021\/01\/Advance-Tapes_AT0027_Grey.jpg\" \/>\n\t<meta property=\"og:image:width\" content=\"600\" \/>\n\t<meta property=\"og:image:height\" content=\"600\" \/>\n\t<meta property=\"og:image:type\" content=\"image\/jpeg\" \/>\n<meta name=\"twitter:card\" content=\"summary_large_image\" \/>\n<meta name=\"twitter:label1\" content=\"Est. reading time\" \/>\n\t<meta name=\"twitter:data1\" content=\"1 minute\" \/>\n<!-- \/ Yoast SEO plugin. -->","yoast_head_json":{"title":"AT27 Farbloses PVC-Klebeband - Advance Tapes","robots":{"index":"index","follow":"follow","max-snippet":"max-snippet:-1","max-image-preview":"max-image-preview:large","max-video-preview":"max-video-preview:-1"},"canonical":"https:\/\/advancetapes.com\/de\/products\/at27-farbloses-pvc-klebeband\/","og_locale":"de_DE","og_type":"article","og_title":"AT27 Farbloses PVC-Klebeband - Advance Tapes","og_description":"Entspricht den Anforderungen von DEF STAN 81-145\/3  &nbsp;   AT27 ist ein durchscheinendes PVC-Reparaturband, beschichtet mit einem transparenten Kautschukkleber auf Verd\u00fcnnerbasis, ideal f\u00fcr \u201eunsichtbare\u201c Reparaturen und zum Schutz.     Das Band ist anpassungsf\u00e4hig bei hoher Klebkraft auf strukturierter oder rauer Oberfl\u00e4che bei einfacher Handhabung. Au\u00dferdem wurde es besonders f\u00fcr die Herausforderungen beim Einsatz im Innen- und Au\u00dfenbereich entwickelt.  Mit seinem qualitativ hochwertigen, nicht-korrosiven Kleber, seiner Abriebfestigkeit und Wasserbest\u00e4ndigkeit bietet AT27 besonderen Schutz f\u00fcr eine Vielzahl von zu sch\u00fctzenden Oberfl\u00e4chen.  Dieses transparente PVC-Band wird eingesetzt beim Verbinden der St\u00f6\u00dfe von Kulissen, Tanzb\u00f6den und im Hinterb\u00fchnenbereich, zur Reparatur von Dokumenten, zum Schutz von gestrichenen Oberfl\u00e4chen oder zum kurzfristigen Fixieren von Nieten etc. w\u00e4hrend der Wartung von Flugzeugen.  AT27 entspricht den Milit\u00e4rstandards DEF. STAN.81-145\/3.","og_url":"https:\/\/advancetapes.com\/de\/products\/at27-farbloses-pvc-klebeband\/","og_site_name":"Advance Tapes","article_modified_time":"2021-04-13T20:24:03+00:00","og_image":[{"width":600,"height":600,"url":"https:\/\/advancetapes.com\/wp-content\/uploads\/2021\/01\/Advance-Tapes_AT0027_Grey.jpg","type":"image\/jpeg"}],"twitter_card":"summary_large_image","twitter_misc":{"Est. reading time":"1 minute"},"schema":{"@context":"https:\/\/schema.org","@graph":[{"@type":"WebPage","@id":"https:\/\/advancetapes.com\/de\/products\/at27-farbloses-pvc-klebeband\/","url":"https:\/\/advancetapes.com\/de\/products\/at27-farbloses-pvc-klebeband\/","name":"AT27 Farbloses PVC-Klebeband - Advance Tapes","isPartOf":{"@id":"https:\/\/advancetapes.com\/de\/#website"},"primaryImageOfPage":{"@id":"https:\/\/advancetapes.com\/de\/products\/at27-farbloses-pvc-klebeband\/#primaryimage"},"image":{"@id":"https:\/\/advancetapes.com\/de\/products\/at27-farbloses-pvc-klebeband\/#primaryimage"},"thumbnailUrl":"https:\/\/advancetapes.com\/wp-content\/uploads\/2021\/01\/Advance-Tapes_AT0027_Grey.jpg","datePublished":"2021-01-03T18:41:26+00:00","dateModified":"2021-04-13T20:24:03+00:00","breadcrumb":{"@id":"https:\/\/advancetapes.com\/de\/products\/at27-farbloses-pvc-klebeband\/#breadcrumb"},"inLanguage":"de-DE","potentialAction":[{"@type":"ReadAction","target":["https:\/\/advancetapes.com\/de\/products\/at27-farbloses-pvc-klebeband\/"]}]},{"@type":"ImageObject","inLanguage":"de-DE","@id":"https:\/\/advancetapes.com\/de\/products\/at27-farbloses-pvc-klebeband\/#primaryimage","url":"https:\/\/advancetapes.com\/wp-content\/uploads\/2021\/01\/Advance-Tapes_AT0027_Grey.jpg","contentUrl":"https:\/\/advancetapes.com\/wp-content\/uploads\/2021\/01\/Advance-Tapes_AT0027_Grey.jpg","width":600,"height":600},{"@type":"BreadcrumbList","@id":"https:\/\/advancetapes.com\/de\/products\/at27-farbloses-pvc-klebeband\/#breadcrumb","itemListElement":[{"@type":"ListItem","position":1,"name":"Home","item":"https:\/\/advancetapes.com\/de\/"},{"@type":"ListItem","position":2,"name":"Products","item":"https:\/\/advancetapes.com\/de\/products\/"},{"@type":"ListItem","position":3,"name":"AT27 Farbloses PVC-Klebeband"}]},{"@type":"WebSite","@id":"https:\/\/advancetapes.com\/de\/#website","url":"https:\/\/advancetapes.com\/de\/","name":"Advance Tapes","description":"Adding more to adhesive tape","potentialAction":[{"@type":"SearchAction","target":{"@type":"EntryPoint","urlTemplate":"https:\/\/advancetapes.com\/de\/?s={search_term_string}"},"query-input":{"@type":"PropertyValueSpecification","valueRequired":true,"valueName":"search_term_string"}}],"inLanguage":"de-DE"}]}},"_links":{"self":[{"href":"https:\/\/advancetapes.com\/de\/wp-json\/wp\/v2\/product\/5853","targetHints":{"allow":["GET"]}}],"collection":[{"href":"https:\/\/advancetapes.com\/de\/wp-json\/wp\/v2\/product"}],"about":[{"href":"https:\/\/advancetapes.com\/de\/wp-json\/wp\/v2\/types\/product"}],"wp:featuredmedia":[{"embeddable":true,"href":"https:\/\/advancetapes.com\/de\/wp-json\/wp\/v2\/media\/4400"}],"wp:attachment":[{"href":"https:\/\/advancetapes.com\/de\/wp-json\/wp\/v2\/media?parent=5853"}],"wp:term":[{"taxonomy":"product_brand","embeddable":true,"href":"https:\/\/advancetapes.com\/de\/wp-json\/wp\/v2\/product_brand?post=5853"},{"taxonomy":"product_cat","embeddable":true,"href":"https:\/\/advancetapes.com\/de\/wp-json\/wp\/v2\/product_cat?post=5853"},{"taxonomy":"product_tag","embeddable":true,"href":"https:\/\/advancetapes.com\/de\/wp-json\/wp\/v2\/product_tag?post=5853"}],"curies":[{"name":"wp","href":"https:\/\/api.w.org\/{rel}","templated":true}]}}