{"id":5851,"date":"2021-01-03T18:34:21","date_gmt":"2021-01-03T18:34:21","guid":{"rendered":"https:\/\/advancetapes.com\/products\/at10-strapazierfahiges-rohrschutzband-aus-pvc\/"},"modified":"2025-09-25T11:37:06","modified_gmt":"2025-09-25T11:37:06","slug":"at10-strapazierfahiges-rohrschutzband-aus-pvc","status":"publish","type":"product","link":"https:\/\/advancetapes.com\/de\/products\/at10-strapazierfahiges-rohrschutzband-aus-pvc\/","title":{"rendered":"AT0010 Strapazierf\u00e4higes Rohrschutzband aus PVC"},"content":{"rendered":"<div  class='tabcontainer av-kjftr0sh-5cbeaf8b0626cf654d5dd98b301fff40 top_tab  avia-builder-el-0  avia-builder-el-no-sibling '>\n<section class='av_tab_section av_tab_section av-a7kmaw-4c7cab60b9514b1a19b37d5ea084bedf'  itemscope=\"itemscope\" itemtype=\"https:\/\/schema.org\/CreativeWork\" ><div id='tab-id-1-tab' class='tab active_tab' role='tab' aria-selected=\"true\" tabindex=\"0\" data-fake-id='#tab-id-1' aria-controls='tab-id-1-content'  itemprop=\"headline\" >Funktionen<\/div><div id='tab-id-1-content' class='tab_content active_tab_content' role='tabpanel' aria-labelledby='tab-id-1-tab' aria-hidden=\"false\"><div class='tab_inner_content invers-color'  itemprop=\"text\" ><ul>\n<li>Flammhemmend<\/li>\n<li>Selbstverl\u00f6schend<\/li>\n<li>Formanpassungsf\u00e4hig<\/li>\n<li>UV-und wasserbest\u00e4ndig<\/li>\n<li>Sehr abriebfest<\/li>\n<li>Nicht-korrosiver Kleber<\/li>\n<\/ul>\n<\/div><\/div><\/section>\n<section class='av_tab_section av_tab_section av-9w3lh4-6ea18cdf201391d7e8e553e84f599f69'  itemscope=\"itemscope\" itemtype=\"https:\/\/schema.org\/CreativeWork\" ><div id='tab-id-2-tab' class='tab' role='tab' aria-selected=\"false\" tabindex=\"0\" data-fake-id='#tab-id-2' aria-controls='tab-id-2-content'  itemprop=\"headline\" >Applications<\/div><div id='tab-id-2-content' class='tab_content' role='tabpanel' aria-labelledby='tab-id-2-tab' aria-hidden=\"true\"><div class='tab_inner_content invers-color'  itemprop=\"text\" ><ul>\n<li>Korrosions- und Scheuerschutz f\u00fcr ober- oder unterirdische Rohrleitungen<\/li>\n<\/ul>\n<\/div><\/div><\/section>\n<section class='av_tab_section av_tab_section av-6z95ug-c0c72bcbe6878ab95f10858fb64dc0ce'  itemscope=\"itemscope\" itemtype=\"https:\/\/schema.org\/CreativeWork\" ><div id='tab-id-3-tab' class='tab' role='tab' aria-selected=\"false\" tabindex=\"0\" data-fake-id='#tab-id-3' aria-controls='tab-id-3-content'  itemprop=\"headline\" >Technical<\/div><div id='tab-id-3-content' class='tab_content' role='tabpanel' aria-labelledby='tab-id-3-tab' aria-hidden=\"true\"><div class='tab_inner_content invers-color'  itemprop=\"text\" ><div class=\"col-xs-24 col-sm-12\">\n<table cellspacing=\"0\" cellpadding=\"0\">\n<tbody>\n<tr>\n<td><strong>Produkttyp<\/strong><\/td>\n<td>PVC<\/td>\n<\/tr>\n<tr>\n<td><strong>Klebstoff-Typ<\/strong><\/td>\n<td>Kreuzvernetzter, l\u00f6semittelhaltiger Kautschuk-Harz<\/td>\n<\/tr>\n<tr>\n<td><strong>Gesamtdicke<\/strong><\/td>\n<td>0.25mm<\/td>\n<\/tr>\n<tr>\n<td><strong>Bruchlast<\/strong><\/td>\n<td>44 N\/cm<\/td>\n<\/tr>\n<tr>\n<td><strong>Bruchdehnung<\/strong><\/td>\n<td>220%<\/td>\n<\/tr>\n<tr>\n<td><strong>Klebkraft auf Stahl<\/strong><\/td>\n<td>3.3 N\/cm<\/td>\n<\/tr>\n<tr>\n<td><strong>Klebkraft auf Bandr\u00fccken<\/strong><\/td>\n<td>3.0 N\/cm<\/td>\n<\/tr>\n<tr>\n<td><strong>Service Temperature<\/strong><\/td>\n<td>-5\u00b0C to +80\u00b0C<\/td>\n<\/tr>\n<tr>\n<td><strong>Breakdown Voltage<\/strong><\/td>\n<td>10 kV<\/td>\n<\/tr>\n<tr>\n<td><strong>RoHS \u00fcbereinstimmend<\/strong><\/td>\n<td>Ja<\/td>\n<\/tr>\n<tr>\n<td><strong>Specification<\/strong><\/td>\n<td>BS EN 60454 \/ TYP 2<\/td>\n<\/tr>\n<\/tbody>\n<\/table>\n<\/div>\n<\/div><\/div><\/section>\n<section class='av_tab_section av_tab_section av-piqt-c78631c4603ff59fef417d06594d5e20'  itemscope=\"itemscope\" itemtype=\"https:\/\/schema.org\/CreativeWork\" ><div id='tab-id-4-tab' class='tab' role='tab' aria-selected=\"false\" tabindex=\"0\" data-fake-id='#tab-id-4' aria-controls='tab-id-4-content'  itemprop=\"headline\" >Colours<\/div><div id='tab-id-4-content' class='tab_content' role='tabpanel' aria-labelledby='tab-id-4-tab' aria-hidden=\"true\"><div class='tab_inner_content invers-color'  itemprop=\"text\" ><\/div><\/div><\/section>\n<\/div>\n","protected":false},"excerpt":{"rendered":"<p><strong>Entspricht den Anforderungen von BSEN 60454, Typ 2<\/strong><\/p>\n<p>&nbsp;<\/p>\n<div class=\"first_para_desc\">\n<p>AT10 ist eine strapazierf\u00e4hige PVC-Folie, beschichtet mit einem nicht-korrosiven, agressiven, vernetzten Kautschukkleber auf Verd\u00fcnnerbasis.<\/p>\n<\/div>\n<div class=\"rest_of_desc\">\n<p>AT10 ist flammhemmend und selbstverl\u00f6schend und deshalb sicher einsetzbar in feuergef\u00e4hrlichen Bereichen. Das Band entspricht den Anforderungen von BS EN 60454, Typ 2.<\/p>\n<p>Das Band ist sehr abriebfest und wasserbest\u00e4ndig und kann deshalb in feuchten Bereichen eingesetzt werden. Es ist ideal zur Umwicklung von Rohren, die unter die Erde verlegt werden. Das Band ist generell ideal f\u00fcr wasserdichte Abdichtungen in Au\u00dfenbereich.<\/p>\n<p>AT10 gibt es in Schwarz und Silber, zur unauff\u00e4lligen Verklebung der farblich entsprechenden Kan\u00e4le.<\/p>\n<\/div>\n","protected":false},"featured_media":4392,"template":"","meta":{"_acf_changed":false},"product_brand":[],"product_cat":[355],"product_tag":[358,350,351,356,352],"class_list":{"0":"post-5851","1":"product","2":"type-product","3":"status-publish","4":"has-post-thumbnail","6":"product_cat-pvc-adhesive-tape-de","7":"product_tag-asbestos-de","8":"product_tag-building-de","9":"product_tag-entertainment-de","10":"product_tag-hevac-de","11":"product_tag-industrial-consumables-de","13":"first","14":"instock","15":"shipping-taxable","16":"product-type-simple"},"acf":[],"yoast_head":"<!-- This site is optimized with the Yoast SEO plugin v27.4 - https:\/\/yoast.com\/product\/yoast-seo-wordpress\/ -->\n<title>AT0010 Strapazierf\u00e4higes Rohrschutzband aus PVC - Advance Tapes<\/title>\n<meta name=\"robots\" content=\"index, follow, max-snippet:-1, max-image-preview:large, max-video-preview:-1\" \/>\n<link rel=\"canonical\" href=\"https:\/\/advancetapes.com\/de\/products\/at10-strapazierfahiges-rohrschutzband-aus-pvc\/\" \/>\n<meta property=\"og:locale\" content=\"de_DE\" \/>\n<meta property=\"og:type\" content=\"article\" \/>\n<meta property=\"og:title\" content=\"AT0010 Strapazierf\u00e4higes Rohrschutzband aus PVC - Advance Tapes\" \/>\n<meta property=\"og:description\" content=\"Entspricht den Anforderungen von BSEN 60454, Typ 2  &nbsp;   AT10 ist eine strapazierf\u00e4hige PVC-Folie, beschichtet mit einem nicht-korrosiven, agressiven, vernetzten Kautschukkleber auf Verd\u00fcnnerbasis.     AT10 ist flammhemmend und selbstverl\u00f6schend und deshalb sicher einsetzbar in feuergef\u00e4hrlichen Bereichen. Das Band entspricht den Anforderungen von BS EN 60454, Typ 2.  Das Band ist sehr abriebfest und wasserbest\u00e4ndig und kann deshalb in feuchten Bereichen eingesetzt werden. Es ist ideal zur Umwicklung von Rohren, die unter die Erde verlegt werden. Das Band ist generell ideal f\u00fcr wasserdichte Abdichtungen in Au\u00dfenbereich.  AT10 gibt es in Schwarz und Silber, zur unauff\u00e4lligen Verklebung der farblich entsprechenden Kan\u00e4le.\" \/>\n<meta property=\"og:url\" content=\"https:\/\/advancetapes.com\/de\/products\/at10-strapazierfahiges-rohrschutzband-aus-pvc\/\" \/>\n<meta property=\"og:site_name\" content=\"Advance Tapes\" \/>\n<meta property=\"article:modified_time\" content=\"2025-09-25T11:37:06+00:00\" \/>\n<meta property=\"og:image\" content=\"https:\/\/advancetapes.com\/wp-content\/uploads\/2021\/01\/Advance-Tapes_AT0010_Black.jpg\" \/>\n\t<meta property=\"og:image:width\" content=\"600\" \/>\n\t<meta property=\"og:image:height\" content=\"600\" \/>\n\t<meta property=\"og:image:type\" content=\"image\/jpeg\" \/>\n<meta name=\"twitter:card\" content=\"summary_large_image\" \/>\n<meta name=\"twitter:label1\" content=\"Est. reading time\" \/>\n\t<meta name=\"twitter:data1\" content=\"1 minute\" \/>\n<!-- \/ Yoast SEO plugin. -->","yoast_head_json":{"title":"AT0010 Strapazierf\u00e4higes Rohrschutzband aus PVC - Advance Tapes","robots":{"index":"index","follow":"follow","max-snippet":"max-snippet:-1","max-image-preview":"max-image-preview:large","max-video-preview":"max-video-preview:-1"},"canonical":"https:\/\/advancetapes.com\/de\/products\/at10-strapazierfahiges-rohrschutzband-aus-pvc\/","og_locale":"de_DE","og_type":"article","og_title":"AT0010 Strapazierf\u00e4higes Rohrschutzband aus PVC - Advance Tapes","og_description":"Entspricht den Anforderungen von BSEN 60454, Typ 2  &nbsp;   AT10 ist eine strapazierf\u00e4hige PVC-Folie, beschichtet mit einem nicht-korrosiven, agressiven, vernetzten Kautschukkleber auf Verd\u00fcnnerbasis.     AT10 ist flammhemmend und selbstverl\u00f6schend und deshalb sicher einsetzbar in feuergef\u00e4hrlichen Bereichen. Das Band entspricht den Anforderungen von BS EN 60454, Typ 2.  Das Band ist sehr abriebfest und wasserbest\u00e4ndig und kann deshalb in feuchten Bereichen eingesetzt werden. Es ist ideal zur Umwicklung von Rohren, die unter die Erde verlegt werden. Das Band ist generell ideal f\u00fcr wasserdichte Abdichtungen in Au\u00dfenbereich.  AT10 gibt es in Schwarz und Silber, zur unauff\u00e4lligen Verklebung der farblich entsprechenden Kan\u00e4le.","og_url":"https:\/\/advancetapes.com\/de\/products\/at10-strapazierfahiges-rohrschutzband-aus-pvc\/","og_site_name":"Advance Tapes","article_modified_time":"2025-09-25T11:37:06+00:00","og_image":[{"width":600,"height":600,"url":"https:\/\/advancetapes.com\/wp-content\/uploads\/2021\/01\/Advance-Tapes_AT0010_Black.jpg","type":"image\/jpeg"}],"twitter_card":"summary_large_image","twitter_misc":{"Est. reading time":"1 minute"},"schema":{"@context":"https:\/\/schema.org","@graph":[{"@type":"WebPage","@id":"https:\/\/advancetapes.com\/de\/products\/at10-strapazierfahiges-rohrschutzband-aus-pvc\/","url":"https:\/\/advancetapes.com\/de\/products\/at10-strapazierfahiges-rohrschutzband-aus-pvc\/","name":"AT0010 Strapazierf\u00e4higes Rohrschutzband aus PVC - Advance Tapes","isPartOf":{"@id":"https:\/\/advancetapes.com\/de\/#website"},"primaryImageOfPage":{"@id":"https:\/\/advancetapes.com\/de\/products\/at10-strapazierfahiges-rohrschutzband-aus-pvc\/#primaryimage"},"image":{"@id":"https:\/\/advancetapes.com\/de\/products\/at10-strapazierfahiges-rohrschutzband-aus-pvc\/#primaryimage"},"thumbnailUrl":"https:\/\/advancetapes.com\/wp-content\/uploads\/2021\/01\/Advance-Tapes_AT0010_Black.jpg","datePublished":"2021-01-03T18:34:21+00:00","dateModified":"2025-09-25T11:37:06+00:00","breadcrumb":{"@id":"https:\/\/advancetapes.com\/de\/products\/at10-strapazierfahiges-rohrschutzband-aus-pvc\/#breadcrumb"},"inLanguage":"de-DE","potentialAction":[{"@type":"ReadAction","target":["https:\/\/advancetapes.com\/de\/products\/at10-strapazierfahiges-rohrschutzband-aus-pvc\/"]}]},{"@type":"ImageObject","inLanguage":"de-DE","@id":"https:\/\/advancetapes.com\/de\/products\/at10-strapazierfahiges-rohrschutzband-aus-pvc\/#primaryimage","url":"https:\/\/advancetapes.com\/wp-content\/uploads\/2021\/01\/Advance-Tapes_AT0010_Black.jpg","contentUrl":"https:\/\/advancetapes.com\/wp-content\/uploads\/2021\/01\/Advance-Tapes_AT0010_Black.jpg","width":600,"height":600},{"@type":"BreadcrumbList","@id":"https:\/\/advancetapes.com\/de\/products\/at10-strapazierfahiges-rohrschutzband-aus-pvc\/#breadcrumb","itemListElement":[{"@type":"ListItem","position":1,"name":"Home","item":"https:\/\/advancetapes.com\/de\/"},{"@type":"ListItem","position":2,"name":"Products","item":"https:\/\/advancetapes.com\/de\/products\/"},{"@type":"ListItem","position":3,"name":"AT0010 Strapazierf\u00e4higes Rohrschutzband aus PVC"}]},{"@type":"WebSite","@id":"https:\/\/advancetapes.com\/de\/#website","url":"https:\/\/advancetapes.com\/de\/","name":"Advance Tapes","description":"Adding more to adhesive tape","potentialAction":[{"@type":"SearchAction","target":{"@type":"EntryPoint","urlTemplate":"https:\/\/advancetapes.com\/de\/?s={search_term_string}"},"query-input":{"@type":"PropertyValueSpecification","valueRequired":true,"valueName":"search_term_string"}}],"inLanguage":"de-DE"}]}},"_links":{"self":[{"href":"https:\/\/advancetapes.com\/de\/wp-json\/wp\/v2\/product\/5851","targetHints":{"allow":["GET"]}}],"collection":[{"href":"https:\/\/advancetapes.com\/de\/wp-json\/wp\/v2\/product"}],"about":[{"href":"https:\/\/advancetapes.com\/de\/wp-json\/wp\/v2\/types\/product"}],"wp:featuredmedia":[{"embeddable":true,"href":"https:\/\/advancetapes.com\/de\/wp-json\/wp\/v2\/media\/4392"}],"wp:attachment":[{"href":"https:\/\/advancetapes.com\/de\/wp-json\/wp\/v2\/media?parent=5851"}],"wp:term":[{"taxonomy":"product_brand","embeddable":true,"href":"https:\/\/advancetapes.com\/de\/wp-json\/wp\/v2\/product_brand?post=5851"},{"taxonomy":"product_cat","embeddable":true,"href":"https:\/\/advancetapes.com\/de\/wp-json\/wp\/v2\/product_cat?post=5851"},{"taxonomy":"product_tag","embeddable":true,"href":"https:\/\/advancetapes.com\/de\/wp-json\/wp\/v2\/product_tag?post=5851"}],"curies":[{"name":"wp","href":"https:\/\/api.w.org\/{rel}","templated":true}]}}