{"id":5849,"date":"2021-01-03T18:26:59","date_gmt":"2021-01-03T18:26:59","guid":{"rendered":"https:\/\/advancetapes.com\/products\/at8h-warnmarkierungsband\/"},"modified":"2022-02-17T12:43:05","modified_gmt":"2022-02-17T12:43:05","slug":"at8h-warnmarkierungsband","status":"publish","type":"product","link":"https:\/\/advancetapes.com\/de\/products\/at8h-warnmarkierungsband\/","title":{"rendered":"AT8H Warnmarkierungsband"},"content":{"rendered":"<div  class='tabcontainer av-kjftr0sh-5cbeaf8b0626cf654d5dd98b301fff40 top_tab  avia-builder-el-0  avia-builder-el-no-sibling '>\n<section class='av_tab_section av_tab_section av-bdpgrw-ad31252b3b1fdf51e1849ef043a6da68'  itemscope=\"itemscope\" itemtype=\"https:\/\/schema.org\/CreativeWork\" ><div id='tab-id-1-tab' class='tab active_tab' role='tab' aria-selected=\"true\" tabindex=\"0\" data-fake-id='#tab-id-1' aria-controls='tab-id-1-content'  itemprop=\"headline\" >Funktionen<\/div><div id='tab-id-1-content' class='tab_content active_tab_content' role='tabpanel' aria-labelledby='tab-id-1-tab' aria-hidden=\"false\"><div class='tab_inner_content invers-color'  itemprop=\"text\" ><ul>\n<li>Starke Klebkraft<\/li>\n<li>Spezielles PVC verhindert das Abheben<\/li>\n<li>UV-und wasserbest\u00e4ndig<\/li>\n<li>Gute Abriebfestigkeit<\/li>\n<li>Unmittelbar nach dem Aufkleben begehbar<\/li>\n<li>Im Innen- und Au\u00dfenbereich einsetzbar<\/li>\n<li>Nicht-korrosiver Kleber<\/li>\n<\/ul>\n<\/div><\/div><\/section>\n<section class='av_tab_section av_tab_section av-8zmm4s-e94cba755bf2f198905d9522c755f70a'  itemscope=\"itemscope\" itemtype=\"https:\/\/schema.org\/CreativeWork\" ><div id='tab-id-2-tab' class='tab' role='tab' aria-selected=\"false\" tabindex=\"0\" data-fake-id='#tab-id-2' aria-controls='tab-id-2-content'  itemprop=\"headline\" >Applications<\/div><div id='tab-id-2-content' class='tab_content' role='tabpanel' aria-labelledby='tab-id-2-tab' aria-hidden=\"true\"><div class='tab_inner_content invers-color'  itemprop=\"text\" ><ul>\n<li>(English) Social distancing floor marking<\/li>\n<li>GELB \/ SCHWARZ: Radioaktive Substanzen, Breiten- und H\u00f6henbeschr\u00e4nkungen, bewegliche Ausr\u00fcstung und Hindernisse.<\/li>\n<li>ROT \/ WEISS Brandbek\u00e4mpfungsausr\u00fcstung, Nichtraucherbereiche, Entz\u00fcndbare Stoffe<\/li>\n<li>GR\u00dcN \/ WEISS Sicherheitsausr\u00fcstung, Erste-Hilfe-Punkte, Fluchtwege, Sichere Bereiche<\/li>\n<\/ul>\n<\/div><\/div><\/section>\n<section class='av_tab_section av_tab_section av-7vwkng-d9f96ab484b5a82196f0a5eba9880c8b'  itemscope=\"itemscope\" itemtype=\"https:\/\/schema.org\/CreativeWork\" ><div id='tab-id-3-tab' class='tab' role='tab' aria-selected=\"false\" tabindex=\"0\" data-fake-id='#tab-id-3' aria-controls='tab-id-3-content'  itemprop=\"headline\" >Technical<\/div><div id='tab-id-3-content' class='tab_content' role='tabpanel' aria-labelledby='tab-id-3-tab' aria-hidden=\"true\"><div class='tab_inner_content invers-color'  itemprop=\"text\" ><div class=\"col-xs-24 col-sm-12\">\n<table cellspacing=\"0\" cellpadding=\"0\">\n<tbody>\n<tr>\n<td><strong>Produkttyp<\/strong><\/td>\n<td>PVC<\/td>\n<\/tr>\n<tr>\n<td><strong>Klebstoff-Typ<\/strong><\/td>\n<td>Kreuzvernetzter, l\u00f6semittelhaltiger Kautschuk-Harz<\/td>\n<\/tr>\n<tr>\n<td><strong>Gesamtdicke<\/strong><\/td>\n<td>0.14 mm<\/td>\n<\/tr>\n<tr>\n<td><strong>Bruchlast<\/strong><\/td>\n<td>26 N\/cm<\/td>\n<\/tr>\n<tr>\n<td><strong>Bruchdehnung<\/strong><\/td>\n<td>150 %<\/td>\n<\/tr>\n<tr>\n<td><strong>Klebkraft auf Stahl<\/strong><\/td>\n<td>3.5 N\/cm<\/td>\n<\/tr>\n<tr>\n<td><strong>Klebkraft auf Bandr\u00fccken<\/strong><\/td>\n<td>2.5 N\/cm<\/td>\n<\/tr>\n<tr>\n<td><strong>Service Temperature<\/strong><\/td>\n<td>0\u00b0C bis +60\u00b0C<\/td>\n<\/tr>\n<tr>\n<td><strong>RoHS \u00fcbereinstimmend<\/strong><\/td>\n<td>Ja<\/td>\n<\/tr>\n<\/tbody>\n<\/table>\n<\/div>\n<\/div><\/div><\/section>\n<section class='av_tab_section av_tab_section av-piqt-c78631c4603ff59fef417d06594d5e20'  itemscope=\"itemscope\" itemtype=\"https:\/\/schema.org\/CreativeWork\" ><div id='tab-id-4-tab' class='tab' role='tab' aria-selected=\"false\" tabindex=\"0\" data-fake-id='#tab-id-4' aria-controls='tab-id-4-content'  itemprop=\"headline\" >Colours<\/div><div id='tab-id-4-content' class='tab_content' role='tabpanel' aria-labelledby='tab-id-4-tab' aria-hidden=\"true\"><div class='tab_inner_content invers-color'  itemprop=\"text\" ><\/div><\/div><\/section>\n<\/div>\n","protected":false},"excerpt":{"rendered":"<p><strong>Ein PVC-Band mit geringer Dehnbarkeit &#8211; sobald AT8H aufgeklebt ist wird es weder schrumpfen noch sich abheben.<\/strong><\/p>\n<p>&nbsp;<\/p>\n<div class=\"first_para_desc\">\n<p>AT8H Warnmarkierungsband ist ein kaum dehnbares PVC-Folienband mit einem vernetzten Kautschukkleber auf Verd\u00fcnnerbasis.<\/p>\n<\/div>\n<div class=\"rest_of_desc\">\n<p>Die starke Klebkraft und Abriebfestigkeit von AT8H garantiert langfristige Verklebung auf rauen Oberfl\u00e4chen. Das Band wurde speziell zur Markierung von Gefahrenzonen wie z.B. Stufen, Treppenh\u00e4usern, B\u00f6den, Fu\u00dfg\u00e4ngerwegen, Mauern und anderen Bereichen entwickelt, f\u00fcr die Warnmarkierung vorgeschrieben ist.<\/p>\n<p>Perfekt f\u00fcr hohe Beanspruchung. Wegen ihrer geringen Dehnf\u00e4higkeit schrumpft die PVC-Folie nicht und damit heben sich die Bandenden auch nicht ab. Das Band ist nach dem Aufbringen ohne Trocknungszeit sofort begehbar.<\/p>\n<p>Dieses high-Tack-Warnband gibt es in 3 Farbkombinationen mit diagonalen Streifen in Rot\/Wei\u00df, Gelb\/Schwarz oder Gr\u00fcn\/Wei\u00df . Die deutlich unterschiedlichen Farbstreifen erm\u00f6glichen eine klar sichtbare Abgrenzung und F\u00fchrung innerhalb von Geb\u00e4uden.<\/p>\n<p>Schwarz\/Gelb: Radioaktive Substanzen, Breiten- und H\u00f6henbeschr\u00e4nkungen, bewegliche Ausr\u00fcstung und Hindernisse<\/p>\n<p>Rot\/Wei\u00df: Brandbek\u00e4mpfungsausr\u00fcstung, Nichtraucherbereiche, Entz\u00fcndbare Stoffe<\/p>\n<p>Gr\u00fcn\/Wei\u00df: Sicherheitsausr\u00fcstung, Erste-Hilfe-Punkte, Fluchtwege, Sichere Bereiche<\/p>\n<\/div>\n","protected":false},"featured_media":4384,"template":"","meta":{"_acf_changed":false},"product_brand":[],"product_cat":[375,376,355],"product_tag":[349,358,350,351,352,357],"class_list":{"0":"post-5849","1":"product","2":"type-product","3":"status-publish","4":"has-post-thumbnail","6":"product_cat-building-de","7":"product_cat-entertainment-de","8":"product_cat-pvc-adhesive-tape-de","9":"product_tag-agriculture-de","10":"product_tag-asbestos-de","11":"product_tag-building-de","12":"product_tag-entertainment-de","13":"product_tag-industrial-consumables-de","14":"product_tag-nuclear-de","16":"first","17":"instock","18":"shipping-taxable","19":"product-type-simple"},"acf":[],"yoast_head":"<!-- This site is optimized with the Yoast SEO plugin v27.4 - https:\/\/yoast.com\/product\/yoast-seo-wordpress\/ -->\n<title>AT8H Warnmarkierungsband - Advance Tapes<\/title>\n<meta name=\"description\" content=\"Dieses Warnmarkierungsband wurde entwickelt um Gefahren und Gefahrzonen zu markieren. Es ist strapazierf\u00e4hig und bietet eine starke Klebkraft.\" \/>\n<meta name=\"robots\" content=\"index, follow, max-snippet:-1, max-image-preview:large, max-video-preview:-1\" \/>\n<link rel=\"canonical\" href=\"https:\/\/advancetapes.com\/de\/products\/at8h-warnmarkierungsband\/\" \/>\n<meta property=\"og:locale\" content=\"de_DE\" \/>\n<meta property=\"og:type\" content=\"article\" \/>\n<meta property=\"og:title\" content=\"AT8H Warnmarkierungsband - Advance Tapes\" \/>\n<meta property=\"og:description\" content=\"Dieses Warnmarkierungsband wurde entwickelt um Gefahren und Gefahrzonen zu markieren. Es ist strapazierf\u00e4hig und bietet eine starke Klebkraft.\" \/>\n<meta property=\"og:url\" content=\"https:\/\/advancetapes.com\/de\/products\/at8h-warnmarkierungsband\/\" \/>\n<meta property=\"og:site_name\" content=\"Advance Tapes\" \/>\n<meta property=\"article:modified_time\" content=\"2022-02-17T12:43:05+00:00\" \/>\n<meta property=\"og:image\" content=\"https:\/\/advancetapes.com\/wp-content\/uploads\/2021\/01\/Advance-Tapes_AT0008H_YellowBlack.jpg\" \/>\n\t<meta property=\"og:image:width\" content=\"600\" \/>\n\t<meta property=\"og:image:height\" content=\"600\" \/>\n\t<meta property=\"og:image:type\" content=\"image\/jpeg\" \/>\n<meta name=\"twitter:card\" content=\"summary_large_image\" \/>\n<meta name=\"twitter:label1\" content=\"Est. reading time\" \/>\n\t<meta name=\"twitter:data1\" content=\"1 minute\" \/>\n<!-- \/ Yoast SEO plugin. -->","yoast_head_json":{"title":"AT8H Warnmarkierungsband - Advance Tapes","description":"Dieses Warnmarkierungsband wurde entwickelt um Gefahren und Gefahrzonen zu markieren. Es ist strapazierf\u00e4hig und bietet eine starke Klebkraft.","robots":{"index":"index","follow":"follow","max-snippet":"max-snippet:-1","max-image-preview":"max-image-preview:large","max-video-preview":"max-video-preview:-1"},"canonical":"https:\/\/advancetapes.com\/de\/products\/at8h-warnmarkierungsband\/","og_locale":"de_DE","og_type":"article","og_title":"AT8H Warnmarkierungsband - Advance Tapes","og_description":"Dieses Warnmarkierungsband wurde entwickelt um Gefahren und Gefahrzonen zu markieren. Es ist strapazierf\u00e4hig und bietet eine starke Klebkraft.","og_url":"https:\/\/advancetapes.com\/de\/products\/at8h-warnmarkierungsband\/","og_site_name":"Advance Tapes","article_modified_time":"2022-02-17T12:43:05+00:00","og_image":[{"width":600,"height":600,"url":"https:\/\/advancetapes.com\/wp-content\/uploads\/2021\/01\/Advance-Tapes_AT0008H_YellowBlack.jpg","type":"image\/jpeg"}],"twitter_card":"summary_large_image","twitter_misc":{"Est. reading time":"1 minute"},"schema":{"@context":"https:\/\/schema.org","@graph":[{"@type":"WebPage","@id":"https:\/\/advancetapes.com\/de\/products\/at8h-warnmarkierungsband\/","url":"https:\/\/advancetapes.com\/de\/products\/at8h-warnmarkierungsband\/","name":"AT8H Warnmarkierungsband - Advance Tapes","isPartOf":{"@id":"https:\/\/advancetapes.com\/de\/#website"},"primaryImageOfPage":{"@id":"https:\/\/advancetapes.com\/de\/products\/at8h-warnmarkierungsband\/#primaryimage"},"image":{"@id":"https:\/\/advancetapes.com\/de\/products\/at8h-warnmarkierungsband\/#primaryimage"},"thumbnailUrl":"https:\/\/advancetapes.com\/wp-content\/uploads\/2021\/01\/Advance-Tapes_AT0008H_YellowBlack.jpg","datePublished":"2021-01-03T18:26:59+00:00","dateModified":"2022-02-17T12:43:05+00:00","description":"Dieses Warnmarkierungsband wurde entwickelt um Gefahren und Gefahrzonen zu markieren. Es ist strapazierf\u00e4hig und bietet eine starke Klebkraft.","breadcrumb":{"@id":"https:\/\/advancetapes.com\/de\/products\/at8h-warnmarkierungsband\/#breadcrumb"},"inLanguage":"de-DE","potentialAction":[{"@type":"ReadAction","target":["https:\/\/advancetapes.com\/de\/products\/at8h-warnmarkierungsband\/"]}]},{"@type":"ImageObject","inLanguage":"de-DE","@id":"https:\/\/advancetapes.com\/de\/products\/at8h-warnmarkierungsband\/#primaryimage","url":"https:\/\/advancetapes.com\/wp-content\/uploads\/2021\/01\/Advance-Tapes_AT0008H_YellowBlack.jpg","contentUrl":"https:\/\/advancetapes.com\/wp-content\/uploads\/2021\/01\/Advance-Tapes_AT0008H_YellowBlack.jpg","width":600,"height":600},{"@type":"BreadcrumbList","@id":"https:\/\/advancetapes.com\/de\/products\/at8h-warnmarkierungsband\/#breadcrumb","itemListElement":[{"@type":"ListItem","position":1,"name":"Home","item":"https:\/\/advancetapes.com\/de\/"},{"@type":"ListItem","position":2,"name":"Products","item":"https:\/\/advancetapes.com\/de\/products\/"},{"@type":"ListItem","position":3,"name":"AT8H Warnmarkierungsband"}]},{"@type":"WebSite","@id":"https:\/\/advancetapes.com\/de\/#website","url":"https:\/\/advancetapes.com\/de\/","name":"Advance Tapes","description":"Adding more to adhesive tape","potentialAction":[{"@type":"SearchAction","target":{"@type":"EntryPoint","urlTemplate":"https:\/\/advancetapes.com\/de\/?s={search_term_string}"},"query-input":{"@type":"PropertyValueSpecification","valueRequired":true,"valueName":"search_term_string"}}],"inLanguage":"de-DE"}]}},"_links":{"self":[{"href":"https:\/\/advancetapes.com\/de\/wp-json\/wp\/v2\/product\/5849","targetHints":{"allow":["GET"]}}],"collection":[{"href":"https:\/\/advancetapes.com\/de\/wp-json\/wp\/v2\/product"}],"about":[{"href":"https:\/\/advancetapes.com\/de\/wp-json\/wp\/v2\/types\/product"}],"wp:featuredmedia":[{"embeddable":true,"href":"https:\/\/advancetapes.com\/de\/wp-json\/wp\/v2\/media\/4384"}],"wp:attachment":[{"href":"https:\/\/advancetapes.com\/de\/wp-json\/wp\/v2\/media?parent=5849"}],"wp:term":[{"taxonomy":"product_brand","embeddable":true,"href":"https:\/\/advancetapes.com\/de\/wp-json\/wp\/v2\/product_brand?post=5849"},{"taxonomy":"product_cat","embeddable":true,"href":"https:\/\/advancetapes.com\/de\/wp-json\/wp\/v2\/product_cat?post=5849"},{"taxonomy":"product_tag","embeddable":true,"href":"https:\/\/advancetapes.com\/de\/wp-json\/wp\/v2\/product_tag?post=5849"}],"curies":[{"name":"wp","href":"https:\/\/api.w.org\/{rel}","templated":true}]}}