{"id":5848,"date":"2021-01-03T18:21:47","date_gmt":"2021-01-03T18:21:47","guid":{"rendered":"https:\/\/advancetapes.com\/products\/at8-bodenmarkierungsband\/"},"modified":"2025-03-12T08:32:59","modified_gmt":"2025-03-12T08:32:59","slug":"at8-bodenmarkierungsband","status":"publish","type":"product","link":"https:\/\/advancetapes.com\/de\/products\/at8-bodenmarkierungsband\/","title":{"rendered":"AT0008 Bodenmarkierungsband"},"content":{"rendered":"<div  class='tabcontainer av-kjftr0sh-5cbeaf8b0626cf654d5dd98b301fff40 top_tab  avia-builder-el-0  avia-builder-el-no-sibling '>\n<section class='av_tab_section av_tab_section av-biu0ae-510a0bd8bd86f5909b3e046ebef4142c'  itemscope=\"itemscope\" itemtype=\"https:\/\/schema.org\/CreativeWork\" ><div id='tab-id-1-tab' class='tab active_tab' role='tab' aria-selected=\"true\" tabindex=\"0\" data-fake-id='#tab-id-1' aria-controls='tab-id-1-content'  itemprop=\"headline\" >Funktionen<\/div><div id='tab-id-1-content' class='tab_content active_tab_content' role='tabpanel' aria-labelledby='tab-id-1-tab' aria-hidden=\"false\"><div class='tab_inner_content invers-color'  itemprop=\"text\" ><ul>\n<li>Spezielles PVC verhindert das Abheben<\/li>\n<li>Sehr formanpassungsf\u00e4hig<\/li>\n<li>UV-und wasserbest\u00e4ndig<\/li>\n<li>Gute Abriebfestigkeit<\/li>\n<li>Unmittelbar nach dem Aufkleben begehbar<\/li>\n<li>Im Innen- und Au\u00dfenbereich einsetzbar<\/li>\n<li>Sehr aggressiver, nicht-korrosiver Kleber<\/li>\n<\/ul>\n<\/div><\/div><\/section>\n<section class='av_tab_section av_tab_section av-9c2cye-7d060ceb684bbe9b5ed5155348129689'  itemscope=\"itemscope\" itemtype=\"https:\/\/schema.org\/CreativeWork\" ><div id='tab-id-2-tab' class='tab' role='tab' aria-selected=\"false\" tabindex=\"0\" data-fake-id='#tab-id-2' aria-controls='tab-id-2-content'  itemprop=\"headline\" >Applications<\/div><div id='tab-id-2-content' class='tab_content' role='tabpanel' aria-labelledby='tab-id-2-tab' aria-hidden=\"true\"><div class='tab_inner_content invers-color'  itemprop=\"text\" ><ul>\n<li>Abgrenzung von Gangways in Fabriken und Lagern<\/li>\n<li>(English) Social distancing floor marking<\/li>\n<li>Richtungsmarkierung von B\u00f6den in Krankenh\u00e4usern, Schulen und anderen \u00f6ffentlichen Geb\u00e4uden<\/li>\n<li>Sporthallen und Gerichte markieren<\/li>\n<li>Feinlinienmaskierungsfolie<\/li>\n<\/ul>\n<\/div><\/div><\/section>\n<section class='av_tab_section av_tab_section av-7txmmu-b693e3ebe1f4782d1c3df0960aae6995'  itemscope=\"itemscope\" itemtype=\"https:\/\/schema.org\/CreativeWork\" ><div id='tab-id-3-tab' class='tab' role='tab' aria-selected=\"false\" tabindex=\"0\" data-fake-id='#tab-id-3' aria-controls='tab-id-3-content'  itemprop=\"headline\" >Technical<\/div><div id='tab-id-3-content' class='tab_content' role='tabpanel' aria-labelledby='tab-id-3-tab' aria-hidden=\"true\"><div class='tab_inner_content invers-color'  itemprop=\"text\" ><div class=\"col-xs-24 col-sm-12\">\n<table cellspacing=\"0\" cellpadding=\"0\">\n<tbody>\n<tr>\n<td><strong>Produkttyp<\/strong><\/td>\n<td>PVC<\/td>\n<\/tr>\n<tr>\n<td><strong>Klebstoff-Typ<\/strong><\/td>\n<td>Kreuzvernetzter, l\u00f6semittelhaltiger Kautschuk-Harz<\/td>\n<\/tr>\n<tr>\n<td><strong>Gesamtdicke<\/strong><\/td>\n<td>0.14 mm<\/td>\n<\/tr>\n<tr>\n<td><strong>Bruchlast<\/strong><\/td>\n<td>26 N\/cm<\/td>\n<\/tr>\n<tr>\n<td><strong>Bruchdehnung<\/strong><\/td>\n<td>150 %<\/td>\n<\/tr>\n<tr>\n<td><strong>Klebkraft auf Stahl<\/strong><\/td>\n<td>3.5 N\/cm<\/td>\n<\/tr>\n<tr>\n<td><strong>Klebkraft auf Bandr\u00fccken<\/strong><\/td>\n<td>2.5 N\/cm<\/td>\n<\/tr>\n<tr>\n<td><strong>Service Temperature<\/strong><\/td>\n<td>0\u00b0C to +60\u00b0C<\/td>\n<\/tr>\n<tr>\n<td><strong>RoHS \u00fcbereinstimmend<\/strong><\/td>\n<td>Ja<\/td>\n<\/tr>\n<\/tbody>\n<\/table>\n<\/div>\n<\/div><\/div><\/section>\n<section class='av_tab_section av_tab_section av-piqt-c78631c4603ff59fef417d06594d5e20'  itemscope=\"itemscope\" itemtype=\"https:\/\/schema.org\/CreativeWork\" ><div id='tab-id-4-tab' class='tab' role='tab' aria-selected=\"false\" tabindex=\"0\" data-fake-id='#tab-id-4' aria-controls='tab-id-4-content'  itemprop=\"headline\" >Colours<\/div><div id='tab-id-4-content' class='tab_content' role='tabpanel' aria-labelledby='tab-id-4-tab' aria-hidden=\"true\"><div class='tab_inner_content invers-color'  itemprop=\"text\" ><\/div><\/div><\/section>\n<\/div>\n","protected":false},"excerpt":{"rendered":"<p><strong>Ein PVC-Band mit geringer Dehnbarkeit &#8211; sobald AT8 aufgeklebt ist wird es weder schrumpfen noch sich abheben.<\/strong><\/p>\n<p>&nbsp;<\/p>\n<div class=\"first_para_desc\">\n<p>AT8 ist eine PVC-Folie mit geringer Dehnung, beschichtet mit einem vernetzten Kautschukkleber auf Verd\u00fcnnerbasis.<\/p>\n<\/div>\n<div class=\"rest_of_desc\">\n<p>AT8 klebt sehr gut und lange aufgrund des hohen Kleberauftrags auf rauen Oberfl\u00e4chen. Es ist abriebfest gegen starke Beanspruchung durch Fu\u00dfg\u00e4nger und Maschinen. Durch die geringe Dehnf\u00e4higkeit der PVC-Folie schrumpft AT8 nicht, sobald es aufgeklebt ist. Es ist ideal f\u00fcr Zonen mit starker Beanspruchung und ist ohne Trocknungszeit sofort begehbar.<\/p>\n<p>Dieses\u201chigh-Tack\u201c Markierungs-Band ist in vielen Farben erh\u00e4ltlich. Es ist ideal zur wirksamen Warnmarkierung und F\u00fchrung innerhalb von Geb\u00e4uden, Fabriken, Schulen, Sporthallen und \u00f6ffentlichen Pl\u00e4tzen.<\/p>\n<\/div>\n","protected":false},"featured_media":4372,"template":"","meta":{"_acf_changed":false},"product_brand":[],"product_cat":[527,375,376,355],"product_tag":[349,358,350,351,352,357],"class_list":{"0":"post-5848","1":"product","2":"type-product","3":"status-publish","4":"has-post-thumbnail","6":"product_cat-atf-stock-de","7":"product_cat-building-de","8":"product_cat-entertainment-de","9":"product_cat-pvc-adhesive-tape-de","10":"product_tag-agriculture-de","11":"product_tag-asbestos-de","12":"product_tag-building-de","13":"product_tag-entertainment-de","14":"product_tag-industrial-consumables-de","15":"product_tag-nuclear-de","17":"first","18":"instock","19":"shipping-taxable","20":"product-type-simple"},"acf":[],"yoast_head":"<!-- This site is optimized with the Yoast SEO plugin v27.3 - https:\/\/yoast.com\/product\/yoast-seo-wordpress\/ -->\n<title>AT0008 Bodenmarkierungsband - Advance Tapes<\/title>\n<meta name=\"robots\" content=\"index, follow, max-snippet:-1, max-image-preview:large, max-video-preview:-1\" \/>\n<link rel=\"canonical\" href=\"https:\/\/advancetapes.com\/de\/products\/at8-bodenmarkierungsband\/\" \/>\n<meta property=\"og:locale\" content=\"de_DE\" \/>\n<meta property=\"og:type\" content=\"article\" \/>\n<meta property=\"og:title\" content=\"AT0008 Bodenmarkierungsband - Advance Tapes\" \/>\n<meta property=\"og:description\" content=\"Ein PVC-Band mit geringer Dehnbarkeit - sobald AT8 aufgeklebt ist wird es weder schrumpfen noch sich abheben.  &nbsp;   AT8 ist eine PVC-Folie mit geringer Dehnung, beschichtet mit einem vernetzten Kautschukkleber auf Verd\u00fcnnerbasis.     AT8 klebt sehr gut und lange aufgrund des hohen Kleberauftrags auf rauen Oberfl\u00e4chen. Es ist abriebfest gegen starke Beanspruchung durch Fu\u00dfg\u00e4nger und Maschinen. Durch die geringe Dehnf\u00e4higkeit der PVC-Folie schrumpft AT8 nicht, sobald es aufgeklebt ist. Es ist ideal f\u00fcr Zonen mit starker Beanspruchung und ist ohne Trocknungszeit sofort begehbar.  Dieses\u201chigh-Tack\u201c Markierungs-Band ist in vielen Farben erh\u00e4ltlich. Es ist ideal zur wirksamen Warnmarkierung und F\u00fchrung innerhalb von Geb\u00e4uden, Fabriken, Schulen, Sporthallen und \u00f6ffentlichen Pl\u00e4tzen.\" \/>\n<meta property=\"og:url\" content=\"https:\/\/advancetapes.com\/de\/products\/at8-bodenmarkierungsband\/\" \/>\n<meta property=\"og:site_name\" content=\"Advance Tapes\" \/>\n<meta property=\"article:modified_time\" content=\"2025-03-12T08:32:59+00:00\" \/>\n<meta property=\"og:image\" content=\"https:\/\/advancetapes.com\/wp-content\/uploads\/2021\/01\/Advance-Tapes_AT0008_Yellow.jpg\" \/>\n\t<meta property=\"og:image:width\" content=\"600\" \/>\n\t<meta property=\"og:image:height\" content=\"600\" \/>\n\t<meta property=\"og:image:type\" content=\"image\/jpeg\" \/>\n<meta name=\"twitter:card\" content=\"summary_large_image\" \/>\n<meta name=\"twitter:label1\" content=\"Est. reading time\" \/>\n\t<meta name=\"twitter:data1\" content=\"1 minute\" \/>\n<!-- \/ Yoast SEO plugin. -->","yoast_head_json":{"title":"AT0008 Bodenmarkierungsband - Advance Tapes","robots":{"index":"index","follow":"follow","max-snippet":"max-snippet:-1","max-image-preview":"max-image-preview:large","max-video-preview":"max-video-preview:-1"},"canonical":"https:\/\/advancetapes.com\/de\/products\/at8-bodenmarkierungsband\/","og_locale":"de_DE","og_type":"article","og_title":"AT0008 Bodenmarkierungsband - Advance Tapes","og_description":"Ein PVC-Band mit geringer Dehnbarkeit - sobald AT8 aufgeklebt ist wird es weder schrumpfen noch sich abheben.  &nbsp;   AT8 ist eine PVC-Folie mit geringer Dehnung, beschichtet mit einem vernetzten Kautschukkleber auf Verd\u00fcnnerbasis.     AT8 klebt sehr gut und lange aufgrund des hohen Kleberauftrags auf rauen Oberfl\u00e4chen. Es ist abriebfest gegen starke Beanspruchung durch Fu\u00dfg\u00e4nger und Maschinen. Durch die geringe Dehnf\u00e4higkeit der PVC-Folie schrumpft AT8 nicht, sobald es aufgeklebt ist. Es ist ideal f\u00fcr Zonen mit starker Beanspruchung und ist ohne Trocknungszeit sofort begehbar.  Dieses\u201chigh-Tack\u201c Markierungs-Band ist in vielen Farben erh\u00e4ltlich. Es ist ideal zur wirksamen Warnmarkierung und F\u00fchrung innerhalb von Geb\u00e4uden, Fabriken, Schulen, Sporthallen und \u00f6ffentlichen Pl\u00e4tzen.","og_url":"https:\/\/advancetapes.com\/de\/products\/at8-bodenmarkierungsband\/","og_site_name":"Advance Tapes","article_modified_time":"2025-03-12T08:32:59+00:00","og_image":[{"width":600,"height":600,"url":"https:\/\/advancetapes.com\/wp-content\/uploads\/2021\/01\/Advance-Tapes_AT0008_Yellow.jpg","type":"image\/jpeg"}],"twitter_card":"summary_large_image","twitter_misc":{"Est. reading time":"1 minute"},"schema":{"@context":"https:\/\/schema.org","@graph":[{"@type":"WebPage","@id":"https:\/\/advancetapes.com\/de\/products\/at8-bodenmarkierungsband\/","url":"https:\/\/advancetapes.com\/de\/products\/at8-bodenmarkierungsband\/","name":"AT0008 Bodenmarkierungsband - Advance Tapes","isPartOf":{"@id":"https:\/\/advancetapes.com\/de\/#website"},"primaryImageOfPage":{"@id":"https:\/\/advancetapes.com\/de\/products\/at8-bodenmarkierungsband\/#primaryimage"},"image":{"@id":"https:\/\/advancetapes.com\/de\/products\/at8-bodenmarkierungsband\/#primaryimage"},"thumbnailUrl":"https:\/\/advancetapes.com\/wp-content\/uploads\/2021\/01\/Advance-Tapes_AT0008_Yellow.jpg","datePublished":"2021-01-03T18:21:47+00:00","dateModified":"2025-03-12T08:32:59+00:00","breadcrumb":{"@id":"https:\/\/advancetapes.com\/de\/products\/at8-bodenmarkierungsband\/#breadcrumb"},"inLanguage":"de-DE","potentialAction":[{"@type":"ReadAction","target":["https:\/\/advancetapes.com\/de\/products\/at8-bodenmarkierungsband\/"]}]},{"@type":"ImageObject","inLanguage":"de-DE","@id":"https:\/\/advancetapes.com\/de\/products\/at8-bodenmarkierungsband\/#primaryimage","url":"https:\/\/advancetapes.com\/wp-content\/uploads\/2021\/01\/Advance-Tapes_AT0008_Yellow.jpg","contentUrl":"https:\/\/advancetapes.com\/wp-content\/uploads\/2021\/01\/Advance-Tapes_AT0008_Yellow.jpg","width":600,"height":600,"caption":"Social Distancing Floor Marking Tape"},{"@type":"BreadcrumbList","@id":"https:\/\/advancetapes.com\/de\/products\/at8-bodenmarkierungsband\/#breadcrumb","itemListElement":[{"@type":"ListItem","position":1,"name":"Home","item":"https:\/\/advancetapes.com\/de\/"},{"@type":"ListItem","position":2,"name":"Products","item":"https:\/\/advancetapes.com\/de\/products\/"},{"@type":"ListItem","position":3,"name":"AT0008 Bodenmarkierungsband"}]},{"@type":"WebSite","@id":"https:\/\/advancetapes.com\/de\/#website","url":"https:\/\/advancetapes.com\/de\/","name":"Advance Tapes","description":"Adding more to adhesive tape","potentialAction":[{"@type":"SearchAction","target":{"@type":"EntryPoint","urlTemplate":"https:\/\/advancetapes.com\/de\/?s={search_term_string}"},"query-input":{"@type":"PropertyValueSpecification","valueRequired":true,"valueName":"search_term_string"}}],"inLanguage":"de-DE"}]}},"_links":{"self":[{"href":"https:\/\/advancetapes.com\/de\/wp-json\/wp\/v2\/product\/5848","targetHints":{"allow":["GET"]}}],"collection":[{"href":"https:\/\/advancetapes.com\/de\/wp-json\/wp\/v2\/product"}],"about":[{"href":"https:\/\/advancetapes.com\/de\/wp-json\/wp\/v2\/types\/product"}],"wp:featuredmedia":[{"embeddable":true,"href":"https:\/\/advancetapes.com\/de\/wp-json\/wp\/v2\/media\/4372"}],"wp:attachment":[{"href":"https:\/\/advancetapes.com\/de\/wp-json\/wp\/v2\/media?parent=5848"}],"wp:term":[{"taxonomy":"product_brand","embeddable":true,"href":"https:\/\/advancetapes.com\/de\/wp-json\/wp\/v2\/product_brand?post=5848"},{"taxonomy":"product_cat","embeddable":true,"href":"https:\/\/advancetapes.com\/de\/wp-json\/wp\/v2\/product_cat?post=5848"},{"taxonomy":"product_tag","embeddable":true,"href":"https:\/\/advancetapes.com\/de\/wp-json\/wp\/v2\/product_tag?post=5848"}],"curies":[{"name":"wp","href":"https:\/\/api.w.org\/{rel}","templated":true}]}}