{"id":5833,"date":"2021-01-03T17:28:43","date_gmt":"2021-01-03T17:28:43","guid":{"rendered":"https:\/\/advancetapes.com\/products\/at85-kaltverschweisendes-polyathylen-isolierband\/"},"modified":"2021-04-12T23:35:21","modified_gmt":"2021-04-12T23:35:21","slug":"at85-kaltverschweisendes-polyathylen-isolierband","status":"publish","type":"product","link":"https:\/\/advancetapes.com\/de\/products\/at85-kaltverschweisendes-polyathylen-isolierband\/","title":{"rendered":"AT85 Kaltverschwei\u00dfendes Poly\u00e4thylen-Isolierband"},"content":{"rendered":"<div  class='tabcontainer av-kjftr0sh-5cbeaf8b0626cf654d5dd98b301fff40 top_tab  avia-builder-el-0  avia-builder-el-no-sibling '>\n<section class='av_tab_section av_tab_section av-a67j9t-d1fec114c87c46737619caf3afba6918'  itemscope=\"itemscope\" itemtype=\"https:\/\/schema.org\/CreativeWork\" ><div id='tab-id-1-tab' class='tab active_tab' role='tab' aria-selected=\"true\" tabindex=\"0\" data-fake-id='#tab-id-1' aria-controls='tab-id-1-content'  itemprop=\"headline\" >Funktionen<\/div><div id='tab-id-1-content' class='tab_content active_tab_content' role='tabpanel' aria-labelledby='tab-id-1-tab' aria-hidden=\"false\"><div class='tab_inner_content invers-color'  itemprop=\"text\" ><ul>\n<li>Stark<\/li>\n<li>Flexibel<\/li>\n<li>Hohe Durchschlagsfestigkei<\/li>\n<li>Ausgezeichnete Best\u00e4ndigkeit gegen niedrige und hohe Temperaturen<\/li>\n<li>UV-und wasserbest\u00e4ndig<\/li>\n<li>Ozonbest\u00e4ndig<\/li>\n<li>Best\u00e4ndig gegen eine Reihe von Chemikalien wie Alkali, Hydraulikfl\u00fcssigkeiten und Pflanzen\u00f6l<\/li>\n<\/ul>\n<\/div><\/div><\/section>\n<section class='av_tab_section av_tab_section av-8nhss1-856eb5038ef32cadf21944000b0cf4c0'  itemscope=\"itemscope\" itemtype=\"https:\/\/schema.org\/CreativeWork\" ><div id='tab-id-2-tab' class='tab' role='tab' aria-selected=\"false\" tabindex=\"0\" data-fake-id='#tab-id-2' aria-controls='tab-id-2-content'  itemprop=\"headline\" >Applications<\/div><div id='tab-id-2-content' class='tab_content' role='tabpanel' aria-labelledby='tab-id-2-tab' aria-hidden=\"true\"><div class='tab_inner_content invers-color'  itemprop=\"text\" ><ul>\n<li>Isolierung und Abdichtung von elektrischen Verbindungen<\/li>\n<li>Tempor\u00e4re und Notfallreparatur von Sanit\u00e4rverbindungen<\/li>\n<li>Schutz gegen Seilscheuern auf Schiffen<\/li>\n<\/ul>\n<\/div><\/div><\/section>\n<section class='av_tab_section av_tab_section av-7h15wx-500cf5a04df0255c5b7cdd45c1847c96'  itemscope=\"itemscope\" itemtype=\"https:\/\/schema.org\/CreativeWork\" ><div id='tab-id-3-tab' class='tab' role='tab' aria-selected=\"false\" tabindex=\"0\" data-fake-id='#tab-id-3' aria-controls='tab-id-3-content'  itemprop=\"headline\" >Technical<\/div><div id='tab-id-3-content' class='tab_content' role='tabpanel' aria-labelledby='tab-id-3-tab' aria-hidden=\"true\"><div class='tab_inner_content invers-color'  itemprop=\"text\" ><table cellspacing=\"0\" cellpadding=\"0\">\n<tbody>\n<tr>\n<td><strong>Produkttyp<\/strong><\/td>\n<td>Poly\u00e4thylen<\/td>\n<\/tr>\n<tr>\n<td><strong>Gesamtdicke<\/strong><\/td>\n<td>0.5mm<\/td>\n<\/tr>\n<tr>\n<td><strong>Bruchlast<\/strong><\/td>\n<td>12 N\/cm<\/td>\n<\/tr>\n<tr>\n<td><strong>Bruchdehnung<\/strong><\/td>\n<td>600%<\/td>\n<\/tr>\n<tr>\n<td><strong>Service Temperature<\/strong><\/td>\n<td>-35\u00b0C to +130\u00b0C<\/td>\n<\/tr>\n<tr>\n<td><strong>Breakdown Voltage<\/strong><\/td>\n<td>34 kV\/mm<\/td>\n<\/tr>\n<tr>\n<td><strong>RoHS \u00fcbereinstimmend<\/strong><\/td>\n<td>Ja<\/td>\n<\/tr>\n<\/tbody>\n<\/table>\n<\/div><\/div><\/section>\n<section class='av_tab_section av_tab_section av-piqt-c78631c4603ff59fef417d06594d5e20'  itemscope=\"itemscope\" itemtype=\"https:\/\/schema.org\/CreativeWork\" ><div id='tab-id-4-tab' class='tab' role='tab' aria-selected=\"false\" tabindex=\"0\" data-fake-id='#tab-id-4' aria-controls='tab-id-4-content'  itemprop=\"headline\" >Colours<\/div><div id='tab-id-4-content' class='tab_content' role='tabpanel' aria-labelledby='tab-id-4-tab' aria-hidden=\"true\"><div class='tab_inner_content invers-color'  itemprop=\"text\" ><\/div><\/div><\/section>\n<\/div>\n","protected":false},"excerpt":{"rendered":"<p>AT85 ist ein starkes, schwarzes, nicht klebendes, selbstverschwei\u00dfendes Poly\u00e4thylen-Band, leicht anwendbar mit einfach zu entfernender Zwischenlage.<\/p>\n<p>Ideal zur Isolierung von Endverbindungen und Splei\u00dfen zwischen Materialien wie Butylkautschuk, PVC, Poly\u00e4thylenen, EPR und \u00f6lbasierendem Kautschuk von Starkstromkabeln bis zu 35 kV. Auch f\u00fcr Anwendungen wo hohe Durchschlagsfestigkeit gefragt ist.<\/p>\n<p>Das Band widersteht Temperaturen von -35\u00b0C bis +130\u00b0C und ist deshalb geeignet f\u00fcr anhaltend niedrige und hohe Temperaturen. AT85 bietet ausgezeichnete und zuverl\u00e4ssige Leistung bei schwierigen Umgebungsverh\u00e4ltnissen. Es bietet sehr gute Best\u00e4ndigkeit gegen Wasser, Ozon und UV-Licht sowie gegen Chemikalien, inkl. Alkalis, hydraulische Fl\u00fcssigkeiten und pflanzliche \u00d6le.<\/p>\n","protected":false},"featured_media":2993,"template":"","meta":{"_acf_changed":false},"product_brand":[],"product_cat":[370,368],"product_tag":[350,351,352],"class_list":{"0":"post-5833","1":"product","2":"type-product","3":"status-publish","4":"has-post-thumbnail","6":"product_cat-polythene-de","7":"product_cat-self-amalgamating-rubber-tape-de","8":"product_tag-building-de","9":"product_tag-entertainment-de","10":"product_tag-industrial-consumables-de","12":"first","13":"instock","14":"shipping-taxable","15":"product-type-simple"},"acf":[],"yoast_head":"<!-- This site is optimized with the Yoast SEO plugin v27.3 - https:\/\/yoast.com\/product\/yoast-seo-wordpress\/ -->\n<title>AT85 Kaltverschwei\u00dfendes Poly\u00e4thylen-Isolierband - Advance Tapes<\/title>\n<meta name=\"robots\" content=\"index, follow, max-snippet:-1, max-image-preview:large, max-video-preview:-1\" \/>\n<link rel=\"canonical\" href=\"https:\/\/advancetapes.com\/de\/products\/at85-kaltverschweisendes-polyathylen-isolierband\/\" \/>\n<meta property=\"og:locale\" content=\"de_DE\" \/>\n<meta property=\"og:type\" content=\"article\" \/>\n<meta property=\"og:title\" content=\"AT85 Kaltverschwei\u00dfendes Poly\u00e4thylen-Isolierband - Advance Tapes\" \/>\n<meta property=\"og:description\" content=\"AT85 ist ein starkes, schwarzes, nicht klebendes, selbstverschwei\u00dfendes Poly\u00e4thylen-Band, leicht anwendbar mit einfach zu entfernender Zwischenlage.  Ideal zur Isolierung von Endverbindungen und Splei\u00dfen zwischen Materialien wie Butylkautschuk, PVC, Poly\u00e4thylenen, EPR und \u00f6lbasierendem Kautschuk von Starkstromkabeln bis zu 35 kV. Auch f\u00fcr Anwendungen wo hohe Durchschlagsfestigkeit gefragt ist.  Das Band widersteht Temperaturen von -35\u00b0C bis +130\u00b0C und ist deshalb geeignet f\u00fcr anhaltend niedrige und hohe Temperaturen. AT85 bietet ausgezeichnete und zuverl\u00e4ssige Leistung bei schwierigen Umgebungsverh\u00e4ltnissen. Es bietet sehr gute Best\u00e4ndigkeit gegen Wasser, Ozon und UV-Licht sowie gegen Chemikalien, inkl. Alkalis, hydraulische Fl\u00fcssigkeiten und pflanzliche \u00d6le.\" \/>\n<meta property=\"og:url\" content=\"https:\/\/advancetapes.com\/de\/products\/at85-kaltverschweisendes-polyathylen-isolierband\/\" \/>\n<meta property=\"og:site_name\" content=\"Advance Tapes\" \/>\n<meta property=\"article:modified_time\" content=\"2021-04-12T23:35:21+00:00\" \/>\n<meta property=\"og:image\" content=\"https:\/\/advancetapes.com\/wp-content\/uploads\/2021\/01\/Advance-Tapes_AT0085_Black.jpg\" \/>\n\t<meta property=\"og:image:width\" content=\"600\" \/>\n\t<meta property=\"og:image:height\" content=\"600\" \/>\n\t<meta property=\"og:image:type\" content=\"image\/jpeg\" \/>\n<meta name=\"twitter:card\" content=\"summary_large_image\" \/>\n<meta name=\"twitter:label1\" content=\"Est. reading time\" \/>\n\t<meta name=\"twitter:data1\" content=\"1 minute\" \/>\n<!-- \/ Yoast SEO plugin. -->","yoast_head_json":{"title":"AT85 Kaltverschwei\u00dfendes Poly\u00e4thylen-Isolierband - Advance Tapes","robots":{"index":"index","follow":"follow","max-snippet":"max-snippet:-1","max-image-preview":"max-image-preview:large","max-video-preview":"max-video-preview:-1"},"canonical":"https:\/\/advancetapes.com\/de\/products\/at85-kaltverschweisendes-polyathylen-isolierband\/","og_locale":"de_DE","og_type":"article","og_title":"AT85 Kaltverschwei\u00dfendes Poly\u00e4thylen-Isolierband - Advance Tapes","og_description":"AT85 ist ein starkes, schwarzes, nicht klebendes, selbstverschwei\u00dfendes Poly\u00e4thylen-Band, leicht anwendbar mit einfach zu entfernender Zwischenlage.  Ideal zur Isolierung von Endverbindungen und Splei\u00dfen zwischen Materialien wie Butylkautschuk, PVC, Poly\u00e4thylenen, EPR und \u00f6lbasierendem Kautschuk von Starkstromkabeln bis zu 35 kV. Auch f\u00fcr Anwendungen wo hohe Durchschlagsfestigkeit gefragt ist.  Das Band widersteht Temperaturen von -35\u00b0C bis +130\u00b0C und ist deshalb geeignet f\u00fcr anhaltend niedrige und hohe Temperaturen. AT85 bietet ausgezeichnete und zuverl\u00e4ssige Leistung bei schwierigen Umgebungsverh\u00e4ltnissen. Es bietet sehr gute Best\u00e4ndigkeit gegen Wasser, Ozon und UV-Licht sowie gegen Chemikalien, inkl. Alkalis, hydraulische Fl\u00fcssigkeiten und pflanzliche \u00d6le.","og_url":"https:\/\/advancetapes.com\/de\/products\/at85-kaltverschweisendes-polyathylen-isolierband\/","og_site_name":"Advance Tapes","article_modified_time":"2021-04-12T23:35:21+00:00","og_image":[{"width":600,"height":600,"url":"https:\/\/advancetapes.com\/wp-content\/uploads\/2021\/01\/Advance-Tapes_AT0085_Black.jpg","type":"image\/jpeg"}],"twitter_card":"summary_large_image","twitter_misc":{"Est. reading time":"1 minute"},"schema":{"@context":"https:\/\/schema.org","@graph":[{"@type":"WebPage","@id":"https:\/\/advancetapes.com\/de\/products\/at85-kaltverschweisendes-polyathylen-isolierband\/","url":"https:\/\/advancetapes.com\/de\/products\/at85-kaltverschweisendes-polyathylen-isolierband\/","name":"AT85 Kaltverschwei\u00dfendes Poly\u00e4thylen-Isolierband - Advance Tapes","isPartOf":{"@id":"https:\/\/advancetapes.com\/de\/#website"},"primaryImageOfPage":{"@id":"https:\/\/advancetapes.com\/de\/products\/at85-kaltverschweisendes-polyathylen-isolierband\/#primaryimage"},"image":{"@id":"https:\/\/advancetapes.com\/de\/products\/at85-kaltverschweisendes-polyathylen-isolierband\/#primaryimage"},"thumbnailUrl":"https:\/\/advancetapes.com\/wp-content\/uploads\/2021\/01\/Advance-Tapes_AT0085_Black.jpg","datePublished":"2021-01-03T17:28:43+00:00","dateModified":"2021-04-12T23:35:21+00:00","breadcrumb":{"@id":"https:\/\/advancetapes.com\/de\/products\/at85-kaltverschweisendes-polyathylen-isolierband\/#breadcrumb"},"inLanguage":"de-DE","potentialAction":[{"@type":"ReadAction","target":["https:\/\/advancetapes.com\/de\/products\/at85-kaltverschweisendes-polyathylen-isolierband\/"]}]},{"@type":"ImageObject","inLanguage":"de-DE","@id":"https:\/\/advancetapes.com\/de\/products\/at85-kaltverschweisendes-polyathylen-isolierband\/#primaryimage","url":"https:\/\/advancetapes.com\/wp-content\/uploads\/2021\/01\/Advance-Tapes_AT0085_Black.jpg","contentUrl":"https:\/\/advancetapes.com\/wp-content\/uploads\/2021\/01\/Advance-Tapes_AT0085_Black.jpg","width":600,"height":600},{"@type":"BreadcrumbList","@id":"https:\/\/advancetapes.com\/de\/products\/at85-kaltverschweisendes-polyathylen-isolierband\/#breadcrumb","itemListElement":[{"@type":"ListItem","position":1,"name":"Home","item":"https:\/\/advancetapes.com\/de\/"},{"@type":"ListItem","position":2,"name":"Products","item":"https:\/\/advancetapes.com\/de\/products\/"},{"@type":"ListItem","position":3,"name":"AT85 Kaltverschwei\u00dfendes Poly\u00e4thylen-Isolierband"}]},{"@type":"WebSite","@id":"https:\/\/advancetapes.com\/de\/#website","url":"https:\/\/advancetapes.com\/de\/","name":"Advance Tapes","description":"Adding more to adhesive tape","potentialAction":[{"@type":"SearchAction","target":{"@type":"EntryPoint","urlTemplate":"https:\/\/advancetapes.com\/de\/?s={search_term_string}"},"query-input":{"@type":"PropertyValueSpecification","valueRequired":true,"valueName":"search_term_string"}}],"inLanguage":"de-DE"}]}},"_links":{"self":[{"href":"https:\/\/advancetapes.com\/de\/wp-json\/wp\/v2\/product\/5833","targetHints":{"allow":["GET"]}}],"collection":[{"href":"https:\/\/advancetapes.com\/de\/wp-json\/wp\/v2\/product"}],"about":[{"href":"https:\/\/advancetapes.com\/de\/wp-json\/wp\/v2\/types\/product"}],"wp:featuredmedia":[{"embeddable":true,"href":"https:\/\/advancetapes.com\/de\/wp-json\/wp\/v2\/media\/2993"}],"wp:attachment":[{"href":"https:\/\/advancetapes.com\/de\/wp-json\/wp\/v2\/media?parent=5833"}],"wp:term":[{"taxonomy":"product_brand","embeddable":true,"href":"https:\/\/advancetapes.com\/de\/wp-json\/wp\/v2\/product_brand?post=5833"},{"taxonomy":"product_cat","embeddable":true,"href":"https:\/\/advancetapes.com\/de\/wp-json\/wp\/v2\/product_cat?post=5833"},{"taxonomy":"product_tag","embeddable":true,"href":"https:\/\/advancetapes.com\/de\/wp-json\/wp\/v2\/product_tag?post=5833"}],"curies":[{"name":"wp","href":"https:\/\/api.w.org\/{rel}","templated":true}]}}