{"id":5830,"date":"2021-01-03T17:21:35","date_gmt":"2021-01-03T17:21:35","guid":{"rendered":"https:\/\/advancetapes.com\/products\/at79-selbstverschweisendes-polyathylen-klebeband\/"},"modified":"2021-04-13T00:46:44","modified_gmt":"2021-04-13T00:46:44","slug":"at79-selbstverschweisendes-polyathylen-klebeband","status":"publish","type":"product","link":"https:\/\/advancetapes.com\/de\/products\/at79-selbstverschweisendes-polyathylen-klebeband\/","title":{"rendered":"AT79 Selbstverschwei\u00dfendes Poly\u00e4thylen-Klebeband"},"content":{"rendered":"<div  class='tabcontainer av-kjftr0sh-5cbeaf8b0626cf654d5dd98b301fff40 top_tab  avia-builder-el-0  avia-builder-el-no-sibling '>\n<section class='av_tab_section av_tab_section av-bkjir1-874793bc682cc7928b4032d319cc2ef6'  itemscope=\"itemscope\" itemtype=\"https:\/\/schema.org\/CreativeWork\" ><div id='tab-id-1-tab' class='tab active_tab' role='tab' aria-selected=\"true\" tabindex=\"0\" data-fake-id='#tab-id-1' aria-controls='tab-id-1-content'  itemprop=\"headline\" >Funktionen<\/div><div id='tab-id-1-content' class='tab_content active_tab_content' role='tabpanel' aria-labelledby='tab-id-1-tab' aria-hidden=\"false\"><div class='tab_inner_content invers-color'  itemprop=\"text\" ><ul>\n<li>Stark<\/li>\n<li>Elastisch<\/li>\n<li>Hohe Durchschlagsfestigkeit<\/li>\n<li>Wasserfest<\/li>\n<li>Ozonbest\u00e4ndig<\/li>\n<li>Best\u00e4ndig gegen eine Reihe von Chemikalien wie Alkali, Hydraulikfl\u00fcssigkeiten und Pflanzen\u00f6l<\/li>\n<\/ul>\n<\/div><\/div><\/section>\n<section class='av_tab_section av_tab_section av-9qatzh-7c40b2b74ab0068d27ab2e8678468355'  itemscope=\"itemscope\" itemtype=\"https:\/\/schema.org\/CreativeWork\" ><div id='tab-id-2-tab' class='tab' role='tab' aria-selected=\"false\" tabindex=\"0\" data-fake-id='#tab-id-2' aria-controls='tab-id-2-content'  itemprop=\"headline\" >Applications<\/div><div id='tab-id-2-content' class='tab_content' role='tabpanel' aria-labelledby='tab-id-2-tab' aria-hidden=\"true\"><div class='tab_inner_content invers-color'  itemprop=\"text\" ><ul>\n<li>Tempor\u00e4re und Notfallreparatur von Sanit\u00e4rverbindungen<\/li>\n<li>Isolierung und Abdichtung von elektrischen Verbindungen<\/li>\n<li>Schutz gegen Seilscheuern auf Schiffen<\/li>\n<\/ul>\n<\/div><\/div><\/section>\n<section class='av_tab_section av_tab_section av-7iw1bh-6ad83e6718564a65b81dee7514cb1972'  itemscope=\"itemscope\" itemtype=\"https:\/\/schema.org\/CreativeWork\" ><div id='tab-id-3-tab' class='tab' role='tab' aria-selected=\"false\" tabindex=\"0\" data-fake-id='#tab-id-3' aria-controls='tab-id-3-content'  itemprop=\"headline\" >Technical<\/div><div id='tab-id-3-content' class='tab_content' role='tabpanel' aria-labelledby='tab-id-3-tab' aria-hidden=\"true\"><div class='tab_inner_content invers-color'  itemprop=\"text\" ><table cellspacing=\"0\" cellpadding=\"0\">\n<tbody>\n<tr>\n<td><strong>Produkttyp<\/strong><\/td>\n<td>Poly\u00e4thylen<\/td>\n<\/tr>\n<tr>\n<td><strong>Gesamtdicke<\/strong><\/td>\n<td>0.75mm<\/td>\n<\/tr>\n<tr>\n<td><strong>Bruchlast<\/strong><\/td>\n<td>12 N\/cm<\/td>\n<\/tr>\n<tr>\n<td><strong>Bruchdehnung<\/strong><\/td>\n<td>600%<\/td>\n<\/tr>\n<tr>\n<td><strong>Service Temperature<\/strong><\/td>\n<td>-35\u00b0C to +130\u00b0C<\/td>\n<\/tr>\n<tr>\n<td><strong>Breakdown Voltage<\/strong><\/td>\n<td>34 kV\/mm<\/td>\n<\/tr>\n<tr>\n<td><strong>RoHS \u00fcbereinstimmend<\/strong><\/td>\n<td>Ja<\/td>\n<\/tr>\n<\/tbody>\n<\/table>\n<\/div><\/div><\/section>\n<section class='av_tab_section av_tab_section av-piqt-c78631c4603ff59fef417d06594d5e20'  itemscope=\"itemscope\" itemtype=\"https:\/\/schema.org\/CreativeWork\" ><div id='tab-id-4-tab' class='tab' role='tab' aria-selected=\"false\" tabindex=\"0\" data-fake-id='#tab-id-4' aria-controls='tab-id-4-content'  itemprop=\"headline\" >Colours<\/div><div id='tab-id-4-content' class='tab_content' role='tabpanel' aria-labelledby='tab-id-4-tab' aria-hidden=\"true\"><div class='tab_inner_content invers-color'  itemprop=\"text\" ><\/div><\/div><\/section>\n<\/div>\n","protected":false},"excerpt":{"rendered":"<div class=\"first_para_desc\">\n<p>Stark und elastisch, AT79 ist ein nicht klebendes, selbstverschwei\u00dfendes Poly\u00e4thylen-Band mit einer leicht zu entfernenden Zwischenlage. Ideal f\u00fcr Isolierung, Verschluss, Spleissen und Reparieren von Leitungstrossen, Abdichtung von elektrischen Verbindungen und kurzfristige Notreparaturen von L\u00f6tstellen.<\/p>\n<\/div>\n<div class=\"rest_of_desc\">\n<p>Mit seiner Durchschlagsfestigkeit widersteht das Band Temperaturen von -35\u00b0C bis +130\u00b0C und kann deshalb bei anhaltend extremen Temperaturen eingesetzt werden. AT79 garantiert nicht nur gute Leistung in unterschiedlichen Umgebungen, es ist auch wasserfest, widerstandsf\u00e4hig gegen Ozon und viele Chemikalien inkl. Alkali, Hydraulikfl\u00fcssigkeit und pflanzliche \u00d6le.<\/p>\n<\/div>\n","protected":false},"featured_media":2989,"template":"","meta":{"_acf_changed":false},"product_brand":[],"product_cat":[370,368],"product_tag":[352],"class_list":{"0":"post-5830","1":"product","2":"type-product","3":"status-publish","4":"has-post-thumbnail","6":"product_cat-polythene-de","7":"product_cat-self-amalgamating-rubber-tape-de","8":"product_tag-industrial-consumables-de","10":"first","11":"instock","12":"shipping-taxable","13":"product-type-simple"},"acf":[],"yoast_head":"<!-- This site is optimized with the Yoast SEO plugin v27.4 - https:\/\/yoast.com\/product\/yoast-seo-wordpress\/ -->\n<title>AT79 Selbstverschwei\u00dfendes Poly\u00e4thylen-Klebeband - Advance Tapes<\/title>\n<meta name=\"robots\" content=\"index, follow, max-snippet:-1, max-image-preview:large, max-video-preview:-1\" \/>\n<link rel=\"canonical\" href=\"https:\/\/advancetapes.com\/de\/products\/at79-selbstverschweisendes-polyathylen-klebeband\/\" \/>\n<meta property=\"og:locale\" content=\"de_DE\" \/>\n<meta property=\"og:type\" content=\"article\" \/>\n<meta property=\"og:title\" content=\"AT79 Selbstverschwei\u00dfendes Poly\u00e4thylen-Klebeband - Advance Tapes\" \/>\n<meta property=\"og:description\" content=\"Stark und elastisch, AT79 ist ein nicht klebendes, selbstverschwei\u00dfendes Poly\u00e4thylen-Band mit einer leicht zu entfernenden Zwischenlage. Ideal f\u00fcr Isolierung, Verschluss, Spleissen und Reparieren von Leitungstrossen, Abdichtung von elektrischen Verbindungen und kurzfristige Notreparaturen von L\u00f6tstellen.     Mit seiner Durchschlagsfestigkeit widersteht das Band Temperaturen von -35\u00b0C bis +130\u00b0C und kann deshalb bei anhaltend extremen Temperaturen eingesetzt werden. AT79 garantiert nicht nur gute Leistung in unterschiedlichen Umgebungen, es ist auch wasserfest, widerstandsf\u00e4hig gegen Ozon und viele Chemikalien inkl. Alkali, Hydraulikfl\u00fcssigkeit und pflanzliche \u00d6le.\" \/>\n<meta property=\"og:url\" content=\"https:\/\/advancetapes.com\/de\/products\/at79-selbstverschweisendes-polyathylen-klebeband\/\" \/>\n<meta property=\"og:site_name\" content=\"Advance Tapes\" \/>\n<meta property=\"article:modified_time\" content=\"2021-04-13T00:46:44+00:00\" \/>\n<meta property=\"og:image\" content=\"https:\/\/advancetapes.com\/wp-content\/uploads\/2021\/01\/Advance-Tapes_AT0079_Black.jpg\" \/>\n\t<meta property=\"og:image:width\" content=\"600\" \/>\n\t<meta property=\"og:image:height\" content=\"600\" \/>\n\t<meta property=\"og:image:type\" content=\"image\/jpeg\" \/>\n<meta name=\"twitter:card\" content=\"summary_large_image\" \/>\n<meta name=\"twitter:label1\" content=\"Est. reading time\" \/>\n\t<meta name=\"twitter:data1\" content=\"1 minute\" \/>\n<!-- \/ Yoast SEO plugin. -->","yoast_head_json":{"title":"AT79 Selbstverschwei\u00dfendes Poly\u00e4thylen-Klebeband - Advance Tapes","robots":{"index":"index","follow":"follow","max-snippet":"max-snippet:-1","max-image-preview":"max-image-preview:large","max-video-preview":"max-video-preview:-1"},"canonical":"https:\/\/advancetapes.com\/de\/products\/at79-selbstverschweisendes-polyathylen-klebeband\/","og_locale":"de_DE","og_type":"article","og_title":"AT79 Selbstverschwei\u00dfendes Poly\u00e4thylen-Klebeband - Advance Tapes","og_description":"Stark und elastisch, AT79 ist ein nicht klebendes, selbstverschwei\u00dfendes Poly\u00e4thylen-Band mit einer leicht zu entfernenden Zwischenlage. Ideal f\u00fcr Isolierung, Verschluss, Spleissen und Reparieren von Leitungstrossen, Abdichtung von elektrischen Verbindungen und kurzfristige Notreparaturen von L\u00f6tstellen.     Mit seiner Durchschlagsfestigkeit widersteht das Band Temperaturen von -35\u00b0C bis +130\u00b0C und kann deshalb bei anhaltend extremen Temperaturen eingesetzt werden. AT79 garantiert nicht nur gute Leistung in unterschiedlichen Umgebungen, es ist auch wasserfest, widerstandsf\u00e4hig gegen Ozon und viele Chemikalien inkl. Alkali, Hydraulikfl\u00fcssigkeit und pflanzliche \u00d6le.","og_url":"https:\/\/advancetapes.com\/de\/products\/at79-selbstverschweisendes-polyathylen-klebeband\/","og_site_name":"Advance Tapes","article_modified_time":"2021-04-13T00:46:44+00:00","og_image":[{"width":600,"height":600,"url":"https:\/\/advancetapes.com\/wp-content\/uploads\/2021\/01\/Advance-Tapes_AT0079_Black.jpg","type":"image\/jpeg"}],"twitter_card":"summary_large_image","twitter_misc":{"Est. reading time":"1 minute"},"schema":{"@context":"https:\/\/schema.org","@graph":[{"@type":"WebPage","@id":"https:\/\/advancetapes.com\/de\/products\/at79-selbstverschweisendes-polyathylen-klebeband\/","url":"https:\/\/advancetapes.com\/de\/products\/at79-selbstverschweisendes-polyathylen-klebeband\/","name":"AT79 Selbstverschwei\u00dfendes Poly\u00e4thylen-Klebeband - Advance Tapes","isPartOf":{"@id":"https:\/\/advancetapes.com\/de\/#website"},"primaryImageOfPage":{"@id":"https:\/\/advancetapes.com\/de\/products\/at79-selbstverschweisendes-polyathylen-klebeband\/#primaryimage"},"image":{"@id":"https:\/\/advancetapes.com\/de\/products\/at79-selbstverschweisendes-polyathylen-klebeband\/#primaryimage"},"thumbnailUrl":"https:\/\/advancetapes.com\/wp-content\/uploads\/2021\/01\/Advance-Tapes_AT0079_Black.jpg","datePublished":"2021-01-03T17:21:35+00:00","dateModified":"2021-04-13T00:46:44+00:00","breadcrumb":{"@id":"https:\/\/advancetapes.com\/de\/products\/at79-selbstverschweisendes-polyathylen-klebeband\/#breadcrumb"},"inLanguage":"de-DE","potentialAction":[{"@type":"ReadAction","target":["https:\/\/advancetapes.com\/de\/products\/at79-selbstverschweisendes-polyathylen-klebeband\/"]}]},{"@type":"ImageObject","inLanguage":"de-DE","@id":"https:\/\/advancetapes.com\/de\/products\/at79-selbstverschweisendes-polyathylen-klebeband\/#primaryimage","url":"https:\/\/advancetapes.com\/wp-content\/uploads\/2021\/01\/Advance-Tapes_AT0079_Black.jpg","contentUrl":"https:\/\/advancetapes.com\/wp-content\/uploads\/2021\/01\/Advance-Tapes_AT0079_Black.jpg","width":600,"height":600},{"@type":"BreadcrumbList","@id":"https:\/\/advancetapes.com\/de\/products\/at79-selbstverschweisendes-polyathylen-klebeband\/#breadcrumb","itemListElement":[{"@type":"ListItem","position":1,"name":"Home","item":"https:\/\/advancetapes.com\/de\/"},{"@type":"ListItem","position":2,"name":"Products","item":"https:\/\/advancetapes.com\/de\/products\/"},{"@type":"ListItem","position":3,"name":"AT79 Selbstverschwei\u00dfendes Poly\u00e4thylen-Klebeband"}]},{"@type":"WebSite","@id":"https:\/\/advancetapes.com\/de\/#website","url":"https:\/\/advancetapes.com\/de\/","name":"Advance Tapes","description":"Adding more to adhesive tape","potentialAction":[{"@type":"SearchAction","target":{"@type":"EntryPoint","urlTemplate":"https:\/\/advancetapes.com\/de\/?s={search_term_string}"},"query-input":{"@type":"PropertyValueSpecification","valueRequired":true,"valueName":"search_term_string"}}],"inLanguage":"de-DE"}]}},"_links":{"self":[{"href":"https:\/\/advancetapes.com\/de\/wp-json\/wp\/v2\/product\/5830","targetHints":{"allow":["GET"]}}],"collection":[{"href":"https:\/\/advancetapes.com\/de\/wp-json\/wp\/v2\/product"}],"about":[{"href":"https:\/\/advancetapes.com\/de\/wp-json\/wp\/v2\/types\/product"}],"wp:featuredmedia":[{"embeddable":true,"href":"https:\/\/advancetapes.com\/de\/wp-json\/wp\/v2\/media\/2989"}],"wp:attachment":[{"href":"https:\/\/advancetapes.com\/de\/wp-json\/wp\/v2\/media?parent=5830"}],"wp:term":[{"taxonomy":"product_brand","embeddable":true,"href":"https:\/\/advancetapes.com\/de\/wp-json\/wp\/v2\/product_brand?post=5830"},{"taxonomy":"product_cat","embeddable":true,"href":"https:\/\/advancetapes.com\/de\/wp-json\/wp\/v2\/product_cat?post=5830"},{"taxonomy":"product_tag","embeddable":true,"href":"https:\/\/advancetapes.com\/de\/wp-json\/wp\/v2\/product_tag?post=5830"}],"curies":[{"name":"wp","href":"https:\/\/api.w.org\/{rel}","templated":true}]}}