{"id":5812,"date":"2021-01-03T00:29:48","date_gmt":"2021-01-03T00:29:48","guid":{"rendered":"https:\/\/advancetapes.com\/products\/at544-35-micron-zinnkaschiertes-kupfer-abdeck-klebeband\/"},"modified":"2021-04-13T00:45:09","modified_gmt":"2021-04-13T00:45:09","slug":"at544-35-micron-zinnkaschiertes-kupfer-abdeck-klebeband","status":"publish","type":"product","link":"https:\/\/advancetapes.com\/de\/products\/at544-35-micron-zinnkaschiertes-kupfer-abdeck-klebeband\/","title":{"rendered":"AT544 35 Micron Zinnkaschiertes Kupfer Abdeck-Klebeband"},"content":{"rendered":"<div  class='tabcontainer av-kjftr0sh-5cbeaf8b0626cf654d5dd98b301fff40 top_tab  avia-builder-el-0  avia-builder-el-no-sibling '>\n<section class='av_tab_section av_tab_section av-12zlax-36aadfca11ae2fadc88afac30ec43943'  itemscope=\"itemscope\" itemtype=\"https:\/\/schema.org\/CreativeWork\" ><div id='tab-id-1-tab' class='tab active_tab' role='tab' aria-selected=\"true\" tabindex=\"0\" data-fake-id='#tab-id-1' aria-controls='tab-id-1-content'  itemprop=\"headline\" >Funktionen<\/div><div id='tab-id-1-content' class='tab_content active_tab_content' role='tabpanel' aria-labelledby='tab-id-1-tab' aria-hidden=\"false\"><div class='tab_inner_content invers-color'  itemprop=\"text\" ><ul>\n<li>Leitf\u00e4higer Akrylkleber<\/li>\n<li>Entfernbarer Abdeckstreifen aus Polyester<\/li>\n<li>Gute Best\u00e4ndigkeit gegen hohe und niedrige Temperaturen<\/li>\n<li>Ausgezeichnete Best\u00e4ndigkeit gegen Ozon,\u00d6l,chemische Materialien und Wasser<\/li>\n<li>Leicht abrollbar<\/li>\n<\/ul>\n<\/div><\/div><\/section>\n<section class='av_tab_section av_tab_section av-w7t2h-f6f2bcd7cea4be4999c049de7dccd02c'  itemscope=\"itemscope\" itemtype=\"https:\/\/schema.org\/CreativeWork\" ><div id='tab-id-2-tab' class='tab' role='tab' aria-selected=\"false\" tabindex=\"0\" data-fake-id='#tab-id-2' aria-controls='tab-id-2-content'  itemprop=\"headline\" >Applications<\/div><div id='tab-id-2-content' class='tab_content' role='tabpanel' aria-labelledby='tab-id-2-tab' aria-hidden=\"true\"><div class='tab_inner_content invers-color'  itemprop=\"text\" ><ul>\n<li>Ein sehr spezifisches Streifen-Abdeckband auf Basis einer 35 Mikron verzinnten Kupferfolie, die mit einem elektrisch leitenden Acrylkleber und einem abnehmbaren Polyester-Abdeckband beschichtet ist. Wird vor dem Pulverbeschichten oder Spr\u00fchlackieren auf die T\u00fcrinnenseiten von Elektronikschr\u00e4nken aufgebracht. Das Abdeckband wird dann entfernt, um eine saubere und elektrisch kontaktierbare Zinnschicht freizulegen. Diese Zinnschicht kann dann durch Kontakt mit einer geeigneten Moosgummit\u00fcrdichtung eine vollst\u00e4ndige EMI-Abschirmung bilden.<\/li>\n<\/ul>\n<\/div><\/div><\/section>\n<section class='av_tab_section av_tab_section av-r04w9-0b1672316cfebb41d887f0e84dd21ce4'  itemscope=\"itemscope\" itemtype=\"https:\/\/schema.org\/CreativeWork\" ><div id='tab-id-3-tab' class='tab' role='tab' aria-selected=\"false\" tabindex=\"0\" data-fake-id='#tab-id-3' aria-controls='tab-id-3-content'  itemprop=\"headline\" >Technical<\/div><div id='tab-id-3-content' class='tab_content' role='tabpanel' aria-labelledby='tab-id-3-tab' aria-hidden=\"true\"><div class='tab_inner_content invers-color'  itemprop=\"text\" ><div class=\"col-xs-24 col-sm-12\">\n<table cellspacing=\"0\" cellpadding=\"0\">\n<tbody>\n<tr>\n<td><strong>Produkttyp<\/strong><\/td>\n<td>Aluminium<\/td>\n<\/tr>\n<tr>\n<td><strong>Klebstoff-Typ<\/strong><\/td>\n<td>Leitf\u00e4higer Acrylatkleber auf L\u00f6semittelbasis<\/td>\n<\/tr>\n<tr>\n<td><strong>Gesamtdicke<\/strong><\/td>\n<td>0.035 mm<\/td>\n<\/tr>\n<tr>\n<td><strong>Bruchlast<\/strong><\/td>\n<td>40 N\/cm<\/td>\n<\/tr>\n<tr>\n<td><strong>Bruchdehnung<\/strong><\/td>\n<td>5%<\/td>\n<\/tr>\n<tr>\n<td><strong>Klebkraft auf Stahl<\/strong><\/td>\n<td>5.0 N\/cm<\/td>\n<\/tr>\n<tr>\n<td><strong>Service Temperature<\/strong><\/td>\n<td>-20\u00b0C to +155\u00b0C<\/td>\n<\/tr>\n<tr>\n<td><strong>Specification<\/strong><\/td>\n<td>Milit\u00e4r spezifikation MIL-T-47012, BS EN 60454 &#8211; Teil 2, ASTM D &#8211; 1000 und den Anforderungen von UL51 f\u00fcr Flammhemmung.<\/td>\n<\/tr>\n<tr>\n<td><strong>RoHS \u00fcbereinstimmend<\/strong><\/td>\n<td>Ja<\/td>\n<\/tr>\n<\/tbody>\n<\/table>\n<\/div>\n<\/div><\/div><\/section>\n<section class='av_tab_section av_tab_section av-piqt-c78631c4603ff59fef417d06594d5e20'  itemscope=\"itemscope\" itemtype=\"https:\/\/schema.org\/CreativeWork\" ><div id='tab-id-4-tab' class='tab' role='tab' aria-selected=\"false\" tabindex=\"0\" data-fake-id='#tab-id-4' aria-controls='tab-id-4-content'  itemprop=\"headline\" >Colours<\/div><div id='tab-id-4-content' class='tab_content' role='tabpanel' aria-labelledby='tab-id-4-tab' aria-hidden=\"true\"><div class='tab_inner_content invers-color'  itemprop=\"text\" ><\/div><\/div><\/section>\n<\/div>\n","protected":false},"excerpt":{"rendered":"<p><strong>Entspricht der Milit\u00e4r spezifikation MIL-T-47012, BS EN 60454 &#8211; Teil 2, ASTM D &#8211; 1000 und den Anforderungen von UL51 f\u00fcr Flammhemmung.<\/strong><\/p>\n<p>&nbsp;<\/p>\n<div class=\"first_para_desc\">\n<p>AT544 ist ein sehr spezifisches Abdeckband in Streifen auf einer 35 Mikron zinnkaschierten Kupferfolie, ausger\u00fcstet mit einem elektrisch leitf\u00e4higen Acrylkleber auf L\u00f6sungsmittelbasis und einem entfernbaren Polyester-Abdeckband.<\/p>\n<\/div>\n<div class=\"rest_of_desc\">\n<p>Aufgebracht auf dem Innent\u00fcr-Bereich von Elektronikschr\u00e4nken vor der Pulverbeschichtung oder Spray-Lackierung. Dieses Abdeckband wird dann entfernt und gibt eine saubere, leitf\u00e4hige d\u00fcnne Schicht frei. Diese d\u00fcnne Schicht bietet dann in Verbindung mit einer passenden Schaumgummi-T\u00fcrdichtung eine vollst\u00e4ndige elektromagnetische Abschirmung (EMI).<\/p>\n<p>Es ist auch widerstandsf\u00e4hig gegen Ozon, \u00d6le, Chemikalien und Wasser, sogar bei extremen Temperaturen von -20\u00b0C bis zu +155\u00b0C. Der Bandaufbau wurde hausintern getestet und entspricht nur den UL510 Anforderungen f\u00fcr Flammhemmung.<\/p>\n<\/div>\n","protected":false},"featured_media":2935,"template":"","meta":{"_acf_changed":false},"product_brand":[],"product_cat":[365],"product_tag":[352],"class_list":{"0":"post-5812","1":"product","2":"type-product","3":"status-publish","4":"has-post-thumbnail","6":"product_cat-multi-purpose-adhesive-foil-tapes-de","7":"product_tag-industrial-consumables-de","9":"first","10":"instock","11":"shipping-taxable","12":"product-type-simple"},"acf":[],"yoast_head":"<!-- This site is optimized with the Yoast SEO plugin v27.3 - https:\/\/yoast.com\/product\/yoast-seo-wordpress\/ -->\n<title>AT544 35 Micron Zinnkaschiertes Kupfer Abdeck-Klebeband - Advance Tapes<\/title>\n<meta name=\"robots\" content=\"index, follow, max-snippet:-1, max-image-preview:large, max-video-preview:-1\" \/>\n<link rel=\"canonical\" href=\"https:\/\/advancetapes.com\/de\/products\/at544-35-micron-zinnkaschiertes-kupfer-abdeck-klebeband\/\" \/>\n<meta property=\"og:locale\" content=\"de_DE\" \/>\n<meta property=\"og:type\" content=\"article\" \/>\n<meta property=\"og:title\" content=\"AT544 35 Micron Zinnkaschiertes Kupfer Abdeck-Klebeband - Advance Tapes\" \/>\n<meta property=\"og:description\" content=\"Entspricht der Milit\u00e4r spezifikation MIL-T-47012, BS EN 60454 - Teil 2, ASTM D - 1000 und den Anforderungen von UL51 f\u00fcr Flammhemmung.  &nbsp;   AT544 ist ein sehr spezifisches Abdeckband in Streifen auf einer 35 Mikron zinnkaschierten Kupferfolie, ausger\u00fcstet mit einem elektrisch leitf\u00e4higen Acrylkleber auf L\u00f6sungsmittelbasis und einem entfernbaren Polyester-Abdeckband.     Aufgebracht auf dem Innent\u00fcr-Bereich von Elektronikschr\u00e4nken vor der Pulverbeschichtung oder Spray-Lackierung. Dieses Abdeckband wird dann entfernt und gibt eine saubere, leitf\u00e4hige d\u00fcnne Schicht frei. Diese d\u00fcnne Schicht bietet dann in Verbindung mit einer passenden Schaumgummi-T\u00fcrdichtung eine vollst\u00e4ndige elektromagnetische Abschirmung (EMI).  Es ist auch widerstandsf\u00e4hig gegen Ozon, \u00d6le, Chemikalien und Wasser, sogar bei extremen Temperaturen von -20\u00b0C bis zu +155\u00b0C. Der Bandaufbau wurde hausintern getestet und entspricht nur den UL510 Anforderungen f\u00fcr Flammhemmung.\" \/>\n<meta property=\"og:url\" content=\"https:\/\/advancetapes.com\/de\/products\/at544-35-micron-zinnkaschiertes-kupfer-abdeck-klebeband\/\" \/>\n<meta property=\"og:site_name\" content=\"Advance Tapes\" \/>\n<meta property=\"article:modified_time\" content=\"2021-04-13T00:45:09+00:00\" \/>\n<meta property=\"og:image\" content=\"https:\/\/advancetapes.com\/wp-content\/uploads\/2021\/01\/Advance-Tapes_AT0544_Blue.jpg\" \/>\n\t<meta property=\"og:image:width\" content=\"600\" \/>\n\t<meta property=\"og:image:height\" content=\"600\" \/>\n\t<meta property=\"og:image:type\" content=\"image\/jpeg\" \/>\n<meta name=\"twitter:card\" content=\"summary_large_image\" \/>\n<meta name=\"twitter:label1\" content=\"Est. reading time\" \/>\n\t<meta name=\"twitter:data1\" content=\"1 minute\" \/>\n<!-- \/ Yoast SEO plugin. -->","yoast_head_json":{"title":"AT544 35 Micron Zinnkaschiertes Kupfer Abdeck-Klebeband - Advance Tapes","robots":{"index":"index","follow":"follow","max-snippet":"max-snippet:-1","max-image-preview":"max-image-preview:large","max-video-preview":"max-video-preview:-1"},"canonical":"https:\/\/advancetapes.com\/de\/products\/at544-35-micron-zinnkaschiertes-kupfer-abdeck-klebeband\/","og_locale":"de_DE","og_type":"article","og_title":"AT544 35 Micron Zinnkaschiertes Kupfer Abdeck-Klebeband - Advance Tapes","og_description":"Entspricht der Milit\u00e4r spezifikation MIL-T-47012, BS EN 60454 - Teil 2, ASTM D - 1000 und den Anforderungen von UL51 f\u00fcr Flammhemmung.  &nbsp;   AT544 ist ein sehr spezifisches Abdeckband in Streifen auf einer 35 Mikron zinnkaschierten Kupferfolie, ausger\u00fcstet mit einem elektrisch leitf\u00e4higen Acrylkleber auf L\u00f6sungsmittelbasis und einem entfernbaren Polyester-Abdeckband.     Aufgebracht auf dem Innent\u00fcr-Bereich von Elektronikschr\u00e4nken vor der Pulverbeschichtung oder Spray-Lackierung. Dieses Abdeckband wird dann entfernt und gibt eine saubere, leitf\u00e4hige d\u00fcnne Schicht frei. Diese d\u00fcnne Schicht bietet dann in Verbindung mit einer passenden Schaumgummi-T\u00fcrdichtung eine vollst\u00e4ndige elektromagnetische Abschirmung (EMI).  Es ist auch widerstandsf\u00e4hig gegen Ozon, \u00d6le, Chemikalien und Wasser, sogar bei extremen Temperaturen von -20\u00b0C bis zu +155\u00b0C. Der Bandaufbau wurde hausintern getestet und entspricht nur den UL510 Anforderungen f\u00fcr Flammhemmung.","og_url":"https:\/\/advancetapes.com\/de\/products\/at544-35-micron-zinnkaschiertes-kupfer-abdeck-klebeband\/","og_site_name":"Advance Tapes","article_modified_time":"2021-04-13T00:45:09+00:00","og_image":[{"width":600,"height":600,"url":"https:\/\/advancetapes.com\/wp-content\/uploads\/2021\/01\/Advance-Tapes_AT0544_Blue.jpg","type":"image\/jpeg"}],"twitter_card":"summary_large_image","twitter_misc":{"Est. reading time":"1 minute"},"schema":{"@context":"https:\/\/schema.org","@graph":[{"@type":"WebPage","@id":"https:\/\/advancetapes.com\/de\/products\/at544-35-micron-zinnkaschiertes-kupfer-abdeck-klebeband\/","url":"https:\/\/advancetapes.com\/de\/products\/at544-35-micron-zinnkaschiertes-kupfer-abdeck-klebeband\/","name":"AT544 35 Micron Zinnkaschiertes Kupfer Abdeck-Klebeband - Advance Tapes","isPartOf":{"@id":"https:\/\/advancetapes.com\/de\/#website"},"primaryImageOfPage":{"@id":"https:\/\/advancetapes.com\/de\/products\/at544-35-micron-zinnkaschiertes-kupfer-abdeck-klebeband\/#primaryimage"},"image":{"@id":"https:\/\/advancetapes.com\/de\/products\/at544-35-micron-zinnkaschiertes-kupfer-abdeck-klebeband\/#primaryimage"},"thumbnailUrl":"https:\/\/advancetapes.com\/wp-content\/uploads\/2021\/01\/Advance-Tapes_AT0544_Blue.jpg","datePublished":"2021-01-03T00:29:48+00:00","dateModified":"2021-04-13T00:45:09+00:00","breadcrumb":{"@id":"https:\/\/advancetapes.com\/de\/products\/at544-35-micron-zinnkaschiertes-kupfer-abdeck-klebeband\/#breadcrumb"},"inLanguage":"de-DE","potentialAction":[{"@type":"ReadAction","target":["https:\/\/advancetapes.com\/de\/products\/at544-35-micron-zinnkaschiertes-kupfer-abdeck-klebeband\/"]}]},{"@type":"ImageObject","inLanguage":"de-DE","@id":"https:\/\/advancetapes.com\/de\/products\/at544-35-micron-zinnkaschiertes-kupfer-abdeck-klebeband\/#primaryimage","url":"https:\/\/advancetapes.com\/wp-content\/uploads\/2021\/01\/Advance-Tapes_AT0544_Blue.jpg","contentUrl":"https:\/\/advancetapes.com\/wp-content\/uploads\/2021\/01\/Advance-Tapes_AT0544_Blue.jpg","width":600,"height":600},{"@type":"BreadcrumbList","@id":"https:\/\/advancetapes.com\/de\/products\/at544-35-micron-zinnkaschiertes-kupfer-abdeck-klebeband\/#breadcrumb","itemListElement":[{"@type":"ListItem","position":1,"name":"Home","item":"https:\/\/advancetapes.com\/de\/"},{"@type":"ListItem","position":2,"name":"Products","item":"https:\/\/advancetapes.com\/de\/products\/"},{"@type":"ListItem","position":3,"name":"AT544 35 Micron Zinnkaschiertes Kupfer Abdeck-Klebeband"}]},{"@type":"WebSite","@id":"https:\/\/advancetapes.com\/de\/#website","url":"https:\/\/advancetapes.com\/de\/","name":"Advance Tapes","description":"Adding more to adhesive tape","potentialAction":[{"@type":"SearchAction","target":{"@type":"EntryPoint","urlTemplate":"https:\/\/advancetapes.com\/de\/?s={search_term_string}"},"query-input":{"@type":"PropertyValueSpecification","valueRequired":true,"valueName":"search_term_string"}}],"inLanguage":"de-DE"}]}},"_links":{"self":[{"href":"https:\/\/advancetapes.com\/de\/wp-json\/wp\/v2\/product\/5812","targetHints":{"allow":["GET"]}}],"collection":[{"href":"https:\/\/advancetapes.com\/de\/wp-json\/wp\/v2\/product"}],"about":[{"href":"https:\/\/advancetapes.com\/de\/wp-json\/wp\/v2\/types\/product"}],"wp:featuredmedia":[{"embeddable":true,"href":"https:\/\/advancetapes.com\/de\/wp-json\/wp\/v2\/media\/2935"}],"wp:attachment":[{"href":"https:\/\/advancetapes.com\/de\/wp-json\/wp\/v2\/media?parent=5812"}],"wp:term":[{"taxonomy":"product_brand","embeddable":true,"href":"https:\/\/advancetapes.com\/de\/wp-json\/wp\/v2\/product_brand?post=5812"},{"taxonomy":"product_cat","embeddable":true,"href":"https:\/\/advancetapes.com\/de\/wp-json\/wp\/v2\/product_cat?post=5812"},{"taxonomy":"product_tag","embeddable":true,"href":"https:\/\/advancetapes.com\/de\/wp-json\/wp\/v2\/product_tag?post=5812"}],"curies":[{"name":"wp","href":"https:\/\/api.w.org\/{rel}","templated":true}]}}