{"id":5811,"date":"2021-01-03T00:26:29","date_gmt":"2021-01-03T00:26:29","guid":{"rendered":"https:\/\/advancetapes.com\/products\/at541-40-micron-aluminium-abdeck-klebeband\/"},"modified":"2021-04-13T00:44:03","modified_gmt":"2021-04-13T00:44:03","slug":"at541-40-micron-aluminium-abdeck-klebeband","status":"publish","type":"product","link":"https:\/\/advancetapes.com\/de\/products\/at541-40-micron-aluminium-abdeck-klebeband\/","title":{"rendered":"AT541 40 Micron Aluminium Abdeck-Klebeband"},"content":{"rendered":"<div  class='tabcontainer av-kjftr0sh-5cbeaf8b0626cf654d5dd98b301fff40 top_tab  avia-builder-el-0  avia-builder-el-no-sibling '>\n<section class='av_tab_section av_tab_section av-14ny51-5afcc8bc833877810f3c581035fbbb39'  itemscope=\"itemscope\" itemtype=\"https:\/\/schema.org\/CreativeWork\" ><div id='tab-id-1-tab' class='tab active_tab' role='tab' aria-selected=\"true\" tabindex=\"0\" data-fake-id='#tab-id-1' aria-controls='tab-id-1-content'  itemprop=\"headline\" >Funktionen<\/div><div id='tab-id-1-content' class='tab_content active_tab_content' role='tabpanel' aria-labelledby='tab-id-1-tab' aria-hidden=\"false\"><div class='tab_inner_content invers-color'  itemprop=\"text\" ><ul>\n<li>Laminiert mit einem selbstklebenden, entfernbarem Polyester-Abdeckband<\/li>\n<li>Leicht abrollbar<\/li>\n<li>Leitf\u00e4higer Akrylkleber<\/li>\n<li>Gute Best\u00e4ndigkeit gegen chemische Materialien,W\u00e4rme, S\u00e4ure und Laugensalz<\/li>\n<li>Gute Best\u00e4ndigkeit gegen hohe und niedrige Temperaturen<\/li>\n<\/ul>\n<\/div><\/div><\/section>\n<section class='av_tab_section av_tab_section av-3ed2l-099a54a93766d5805a02a9e6c0fea07e'  itemscope=\"itemscope\" itemtype=\"https:\/\/schema.org\/CreativeWork\" ><div id='tab-id-2-tab' class='tab' role='tab' aria-selected=\"false\" tabindex=\"0\" data-fake-id='#tab-id-2' aria-controls='tab-id-2-content'  itemprop=\"headline\" >Applications<\/div><div id='tab-id-2-content' class='tab_content' role='tabpanel' aria-labelledby='tab-id-2-tab' aria-hidden=\"true\"><div class='tab_inner_content invers-color'  itemprop=\"text\" ><ul>\n<li>Vor der Pulverbeschichtung aufgetragen, h\u00e4lt das Polyester-Abdeckband Temperaturen im Pulvermantel von bis zu + 200 \u00b0 C stand. Nach der Verarbeitung wird das Abdeckband von dem Aluminium entfernt, ohne einen Kleber\u00fcckstand zu hinterlassen, wodurch ein leitf\u00e4higer Weg zur Platte geschaffen wird.<\/li>\n<\/ul>\n<\/div><\/div><\/section>\n<section class='av_tab_section av_tab_section av-tq6zh-70777fcf081540d3f72fadf967dfb7a3'  itemscope=\"itemscope\" itemtype=\"https:\/\/schema.org\/CreativeWork\" ><div id='tab-id-3-tab' class='tab' role='tab' aria-selected=\"false\" tabindex=\"0\" data-fake-id='#tab-id-3' aria-controls='tab-id-3-content'  itemprop=\"headline\" >Technical<\/div><div id='tab-id-3-content' class='tab_content' role='tabpanel' aria-labelledby='tab-id-3-tab' aria-hidden=\"true\"><div class='tab_inner_content invers-color'  itemprop=\"text\" ><div class=\"col-xs-24 col-sm-12\">\n<table cellspacing=\"0\" cellpadding=\"0\">\n<tbody>\n<tr>\n<td><strong>Produkttyp<\/strong><\/td>\n<td>Aluminium<\/td>\n<\/tr>\n<tr>\n<td><strong>Klebstoff-Typ<\/strong><\/td>\n<td>leitf\u00e4higer, w\u00e4rmeh\u00e4rtender Acrylatkleber auf L\u00f6semittelbasis<\/td>\n<\/tr>\n<tr>\n<td><strong>Gesamtdicke<\/strong><\/td>\n<td>0.040 mm<\/td>\n<\/tr>\n<tr>\n<td><strong>Bruchlast<\/strong><\/td>\n<td>25 N\/cm<\/td>\n<\/tr>\n<tr>\n<td><strong>Bruchdehnung<\/strong><\/td>\n<td>8%<\/td>\n<\/tr>\n<tr>\n<td><strong>Klebkraft auf Stahl<\/strong><\/td>\n<td>4.5 N\/cm<\/td>\n<\/tr>\n<tr>\n<td><strong>Service Temperature<\/strong><\/td>\n<td>-20\u00b0C to +155\u00b0C<\/td>\n<\/tr>\n<tr>\n<td><strong>RoHS \u00fcbereinstimmend<\/strong><\/td>\n<td>Ja<\/td>\n<\/tr>\n<tr>\n<td><strong>Specification<\/strong><\/td>\n<td>Milit\u00e4r-Spezifikation MIL-T-47012, BS EN 60454 &#8211; Teil 2, ASTM D-1000 und den Anforderungen f\u00fcr Flammhemmung von UL 510.<\/td>\n<\/tr>\n<\/tbody>\n<\/table>\n<\/div>\n<\/div><\/div><\/section>\n<section class='av_tab_section av_tab_section av-piqt-c78631c4603ff59fef417d06594d5e20'  itemscope=\"itemscope\" itemtype=\"https:\/\/schema.org\/CreativeWork\" ><div id='tab-id-4-tab' class='tab' role='tab' aria-selected=\"false\" tabindex=\"0\" data-fake-id='#tab-id-4' aria-controls='tab-id-4-content'  itemprop=\"headline\" >Colours<\/div><div id='tab-id-4-content' class='tab_content' role='tabpanel' aria-labelledby='tab-id-4-tab' aria-hidden=\"true\"><div class='tab_inner_content invers-color'  itemprop=\"text\" ><\/div><\/div><\/section>\n<\/div>\n","protected":false},"excerpt":{"rendered":"<p><strong>Entspricht der Milit\u00e4r-Spezifikation MIL-T-47012, BS EN 60454 &#8211; Teil 2, ASTM D-1000 und den Anforderungen f\u00fcr Flammhemmung von UL 510.<\/strong><\/p>\n<p>&nbsp;<\/p>\n<div class=\"first_para_desc\">\n<p>AT541 ist ein Abdeckband in Streifen auf einer 40 Mikron Aluminiumfolie, beschichtet mit einem elektrisch leitf\u00e4higen, w\u00e4rmeh\u00e4rtenden Acrylkleber auf L\u00f6sungsmittelbasis, laminiert mit einem selbstklebenden, entfernbaren Abdeckband aus Polyester.<\/p>\n<\/div>\n<div class=\"rest_of_desc\">\n<p>Aufgebracht vor der Pulverbeschichtung widersteht das Polyester Abdeckband der Hitze des Pulverbeschichtungsprozesses bis zu +200\u00b0C. Nach dem Proze\u00df kann das Abdeckband r\u00fcckstandsfrei vom Aluminium entfernt werden und hinterl\u00e4\u00dft eine leitende Verbindung bis zum Paneel.<\/p>\n<p>AT541 ist widerstandsf\u00e4hig gegen Chemikalien, Hitze, S\u00e4uren und Alkalien. Der Bandaufbau wurde hausintern getestet und entspricht nur den UL510 Anforderungen f\u00fcr Flammhemmung.<\/p>\n<p><strong>Wichtige Notiz:<\/strong><strong><br \/>\nBeim Einsatz des Bandes sollte die galvanische Materialvertr\u00e4glichkeit ber\u00fccksichtigt werden.<\/strong><\/p>\n<\/div>\n","protected":false},"featured_media":2933,"template":"","meta":{"_acf_changed":false},"product_brand":[],"product_cat":[365],"product_tag":[352],"class_list":{"0":"post-5811","1":"product","2":"type-product","3":"status-publish","4":"has-post-thumbnail","6":"product_cat-multi-purpose-adhesive-foil-tapes-de","7":"product_tag-industrial-consumables-de","9":"first","10":"instock","11":"shipping-taxable","12":"product-type-simple"},"acf":[],"yoast_head":"<!-- This site is optimized with the Yoast SEO plugin v27.4 - https:\/\/yoast.com\/product\/yoast-seo-wordpress\/ -->\n<title>AT541 40 Micron Aluminium Abdeck-Klebeband - Advance Tapes<\/title>\n<meta name=\"robots\" content=\"index, follow, max-snippet:-1, max-image-preview:large, max-video-preview:-1\" \/>\n<link rel=\"canonical\" href=\"https:\/\/advancetapes.com\/de\/products\/at541-40-micron-aluminium-abdeck-klebeband\/\" \/>\n<meta property=\"og:locale\" content=\"de_DE\" \/>\n<meta property=\"og:type\" content=\"article\" \/>\n<meta property=\"og:title\" content=\"AT541 40 Micron Aluminium Abdeck-Klebeband - Advance Tapes\" \/>\n<meta property=\"og:description\" content=\"Entspricht der Milit\u00e4r-Spezifikation MIL-T-47012, BS EN 60454 - Teil 2, ASTM D-1000 und den Anforderungen f\u00fcr Flammhemmung von UL 510.  &nbsp;   AT541 ist ein Abdeckband in Streifen auf einer 40 Mikron Aluminiumfolie, beschichtet mit einem elektrisch leitf\u00e4higen, w\u00e4rmeh\u00e4rtenden Acrylkleber auf L\u00f6sungsmittelbasis, laminiert mit einem selbstklebenden, entfernbaren Abdeckband aus Polyester.     Aufgebracht vor der Pulverbeschichtung widersteht das Polyester Abdeckband der Hitze des Pulverbeschichtungsprozesses bis zu +200\u00b0C. Nach dem Proze\u00df kann das Abdeckband r\u00fcckstandsfrei vom Aluminium entfernt werden und hinterl\u00e4\u00dft eine leitende Verbindung bis zum Paneel.  AT541 ist widerstandsf\u00e4hig gegen Chemikalien, Hitze, S\u00e4uren und Alkalien. Der Bandaufbau wurde hausintern getestet und entspricht nur den UL510 Anforderungen f\u00fcr Flammhemmung.  Wichtige Notiz: Beim Einsatz des Bandes sollte die galvanische Materialvertr\u00e4glichkeit ber\u00fccksichtigt werden.\" \/>\n<meta property=\"og:url\" content=\"https:\/\/advancetapes.com\/de\/products\/at541-40-micron-aluminium-abdeck-klebeband\/\" \/>\n<meta property=\"og:site_name\" content=\"Advance Tapes\" \/>\n<meta property=\"article:modified_time\" content=\"2021-04-13T00:44:03+00:00\" \/>\n<meta property=\"og:image\" content=\"https:\/\/advancetapes.com\/wp-content\/uploads\/2021\/01\/Advance-Tapes_AT0541_Blue.jpg\" \/>\n\t<meta property=\"og:image:width\" content=\"600\" \/>\n\t<meta property=\"og:image:height\" content=\"600\" \/>\n\t<meta property=\"og:image:type\" content=\"image\/jpeg\" \/>\n<meta name=\"twitter:card\" content=\"summary_large_image\" \/>\n<meta name=\"twitter:label1\" content=\"Est. reading time\" \/>\n\t<meta name=\"twitter:data1\" content=\"1 minute\" \/>\n<!-- \/ Yoast SEO plugin. -->","yoast_head_json":{"title":"AT541 40 Micron Aluminium Abdeck-Klebeband - Advance Tapes","robots":{"index":"index","follow":"follow","max-snippet":"max-snippet:-1","max-image-preview":"max-image-preview:large","max-video-preview":"max-video-preview:-1"},"canonical":"https:\/\/advancetapes.com\/de\/products\/at541-40-micron-aluminium-abdeck-klebeband\/","og_locale":"de_DE","og_type":"article","og_title":"AT541 40 Micron Aluminium Abdeck-Klebeband - Advance Tapes","og_description":"Entspricht der Milit\u00e4r-Spezifikation MIL-T-47012, BS EN 60454 - Teil 2, ASTM D-1000 und den Anforderungen f\u00fcr Flammhemmung von UL 510.  &nbsp;   AT541 ist ein Abdeckband in Streifen auf einer 40 Mikron Aluminiumfolie, beschichtet mit einem elektrisch leitf\u00e4higen, w\u00e4rmeh\u00e4rtenden Acrylkleber auf L\u00f6sungsmittelbasis, laminiert mit einem selbstklebenden, entfernbaren Abdeckband aus Polyester.     Aufgebracht vor der Pulverbeschichtung widersteht das Polyester Abdeckband der Hitze des Pulverbeschichtungsprozesses bis zu +200\u00b0C. Nach dem Proze\u00df kann das Abdeckband r\u00fcckstandsfrei vom Aluminium entfernt werden und hinterl\u00e4\u00dft eine leitende Verbindung bis zum Paneel.  AT541 ist widerstandsf\u00e4hig gegen Chemikalien, Hitze, S\u00e4uren und Alkalien. Der Bandaufbau wurde hausintern getestet und entspricht nur den UL510 Anforderungen f\u00fcr Flammhemmung.  Wichtige Notiz: Beim Einsatz des Bandes sollte die galvanische Materialvertr\u00e4glichkeit ber\u00fccksichtigt werden.","og_url":"https:\/\/advancetapes.com\/de\/products\/at541-40-micron-aluminium-abdeck-klebeband\/","og_site_name":"Advance Tapes","article_modified_time":"2021-04-13T00:44:03+00:00","og_image":[{"width":600,"height":600,"url":"https:\/\/advancetapes.com\/wp-content\/uploads\/2021\/01\/Advance-Tapes_AT0541_Blue.jpg","type":"image\/jpeg"}],"twitter_card":"summary_large_image","twitter_misc":{"Est. reading time":"1 minute"},"schema":{"@context":"https:\/\/schema.org","@graph":[{"@type":"WebPage","@id":"https:\/\/advancetapes.com\/de\/products\/at541-40-micron-aluminium-abdeck-klebeband\/","url":"https:\/\/advancetapes.com\/de\/products\/at541-40-micron-aluminium-abdeck-klebeband\/","name":"AT541 40 Micron Aluminium Abdeck-Klebeband - Advance Tapes","isPartOf":{"@id":"https:\/\/advancetapes.com\/de\/#website"},"primaryImageOfPage":{"@id":"https:\/\/advancetapes.com\/de\/products\/at541-40-micron-aluminium-abdeck-klebeband\/#primaryimage"},"image":{"@id":"https:\/\/advancetapes.com\/de\/products\/at541-40-micron-aluminium-abdeck-klebeband\/#primaryimage"},"thumbnailUrl":"https:\/\/advancetapes.com\/wp-content\/uploads\/2021\/01\/Advance-Tapes_AT0541_Blue.jpg","datePublished":"2021-01-03T00:26:29+00:00","dateModified":"2021-04-13T00:44:03+00:00","breadcrumb":{"@id":"https:\/\/advancetapes.com\/de\/products\/at541-40-micron-aluminium-abdeck-klebeband\/#breadcrumb"},"inLanguage":"de-DE","potentialAction":[{"@type":"ReadAction","target":["https:\/\/advancetapes.com\/de\/products\/at541-40-micron-aluminium-abdeck-klebeband\/"]}]},{"@type":"ImageObject","inLanguage":"de-DE","@id":"https:\/\/advancetapes.com\/de\/products\/at541-40-micron-aluminium-abdeck-klebeband\/#primaryimage","url":"https:\/\/advancetapes.com\/wp-content\/uploads\/2021\/01\/Advance-Tapes_AT0541_Blue.jpg","contentUrl":"https:\/\/advancetapes.com\/wp-content\/uploads\/2021\/01\/Advance-Tapes_AT0541_Blue.jpg","width":600,"height":600},{"@type":"BreadcrumbList","@id":"https:\/\/advancetapes.com\/de\/products\/at541-40-micron-aluminium-abdeck-klebeband\/#breadcrumb","itemListElement":[{"@type":"ListItem","position":1,"name":"Home","item":"https:\/\/advancetapes.com\/de\/"},{"@type":"ListItem","position":2,"name":"Products","item":"https:\/\/advancetapes.com\/products\/"},{"@type":"ListItem","position":3,"name":"AT541 40 Micron Aluminium Abdeck-Klebeband"}]},{"@type":"WebSite","@id":"https:\/\/advancetapes.com\/de\/#website","url":"https:\/\/advancetapes.com\/de\/","name":"Advance Tapes","description":"Adding more to adhesive tape","potentialAction":[{"@type":"SearchAction","target":{"@type":"EntryPoint","urlTemplate":"https:\/\/advancetapes.com\/de\/?s={search_term_string}"},"query-input":{"@type":"PropertyValueSpecification","valueRequired":true,"valueName":"search_term_string"}}],"inLanguage":"de-DE"}]}},"_links":{"self":[{"href":"https:\/\/advancetapes.com\/de\/wp-json\/wp\/v2\/product\/5811","targetHints":{"allow":["GET"]}}],"collection":[{"href":"https:\/\/advancetapes.com\/de\/wp-json\/wp\/v2\/product"}],"about":[{"href":"https:\/\/advancetapes.com\/de\/wp-json\/wp\/v2\/types\/product"}],"wp:featuredmedia":[{"embeddable":true,"href":"https:\/\/advancetapes.com\/de\/wp-json\/wp\/v2\/media\/2933"}],"wp:attachment":[{"href":"https:\/\/advancetapes.com\/de\/wp-json\/wp\/v2\/media?parent=5811"}],"wp:term":[{"taxonomy":"product_brand","embeddable":true,"href":"https:\/\/advancetapes.com\/de\/wp-json\/wp\/v2\/product_brand?post=5811"},{"taxonomy":"product_cat","embeddable":true,"href":"https:\/\/advancetapes.com\/de\/wp-json\/wp\/v2\/product_cat?post=5811"},{"taxonomy":"product_tag","embeddable":true,"href":"https:\/\/advancetapes.com\/de\/wp-json\/wp\/v2\/product_tag?post=5811"}],"curies":[{"name":"wp","href":"https:\/\/api.w.org\/{rel}","templated":true}]}}