{"id":5808,"date":"2021-01-03T00:14:59","date_gmt":"2021-01-03T00:14:59","guid":{"rendered":"https:\/\/advancetapes.com\/products\/at526-35-micron-kupfer-abschirm-klebeband-leitender-kleber\/"},"modified":"2021-04-13T00:41:21","modified_gmt":"2021-04-13T00:41:21","slug":"at526-35-micron-kupfer-abschirm-klebeband-leitender-kleber","status":"publish","type":"product","link":"https:\/\/advancetapes.com\/de\/products\/at526-35-micron-kupfer-abschirm-klebeband-leitender-kleber\/","title":{"rendered":"AT526 35 Micron Kupfer Abschirm-Klebeband, Leitender Kleber"},"content":{"rendered":"<div  class='tabcontainer av-kjftr0sh-5cbeaf8b0626cf654d5dd98b301fff40 top_tab  avia-builder-el-0  avia-builder-el-no-sibling '>\n<section class='av_tab_section av_tab_section av-eknt-1524dbf7f49d698d893601c42f7c2862'  itemscope=\"itemscope\" itemtype=\"https:\/\/schema.org\/CreativeWork\" ><div id='tab-id-1-tab' class='tab active_tab' role='tab' aria-selected=\"true\" tabindex=\"0\" data-fake-id='#tab-id-1' aria-controls='tab-id-1-content'  itemprop=\"headline\" >Funktionen<\/div><div id='tab-id-1-content' class='tab_content active_tab_content' role='tabpanel' aria-labelledby='tab-id-1-tab' aria-hidden=\"false\"><div class='tab_inner_content invers-color'  itemprop=\"text\" ><ul>\n<li>Leitf\u00e4higer Akrylkleber<\/li>\n<li>Gute Best\u00e4ndigkeit gegen hohe und niedrige Temperaturen<\/li>\n<li>Kann leicht verl\u00f6tet werden<\/li>\n<li>Leicht abrollbar<\/li>\n<\/ul>\n<\/div><\/div><\/section>\n<section class='av_tab_section av_tab_section av-yn9z5-99074b828619f2b2fc03977e60772733'  itemscope=\"itemscope\" itemtype=\"https:\/\/schema.org\/CreativeWork\" ><div id='tab-id-2-tab' class='tab' role='tab' aria-selected=\"false\" tabindex=\"0\" data-fake-id='#tab-id-2' aria-controls='tab-id-2-content'  itemprop=\"headline\" >Applications<\/div><div id='tab-id-2-content' class='tab_content' role='tabpanel' aria-labelledby='tab-id-2-tab' aria-hidden=\"true\"><div class='tab_inner_content invers-color'  itemprop=\"text\" ><ul>\n<li>Wird f\u00fcr EMI \/ RFI und statische Abschirmung verwendet<\/li>\n<\/ul>\n<\/div><\/div><\/section>\n<section class='av_tab_section av_tab_section av-2vtmh-a82c15c1cc32a247737e139a42222954'  itemscope=\"itemscope\" itemtype=\"https:\/\/schema.org\/CreativeWork\" ><div id='tab-id-3-tab' class='tab' role='tab' aria-selected=\"false\" tabindex=\"0\" data-fake-id='#tab-id-3' aria-controls='tab-id-3-content'  itemprop=\"headline\" >Technical<\/div><div id='tab-id-3-content' class='tab_content' role='tabpanel' aria-labelledby='tab-id-3-tab' aria-hidden=\"true\"><div class='tab_inner_content invers-color'  itemprop=\"text\" ><table cellspacing=\"0\" cellpadding=\"0\">\n<tbody>\n<tr>\n<td><strong>Produkttyp<\/strong><\/td>\n<td>Aluminium<\/td>\n<\/tr>\n<tr>\n<td><strong>Klebstoff-Typ<\/strong><\/td>\n<td>leitf\u00e4higer, w\u00e4rmeh\u00e4rtender Acrylatkleber auf L\u00f6semittelbasi<\/td>\n<\/tr>\n<tr>\n<td><strong>Gesamtdicke<\/strong><\/td>\n<td>0.035 mm<\/td>\n<\/tr>\n<tr>\n<td><strong>Bruchlast<\/strong><\/td>\n<td>40 N\/cm<\/td>\n<\/tr>\n<tr>\n<td><strong>Klebkraft auf Stahl<\/strong><\/td>\n<td>4.5 N\/cm<\/td>\n<\/tr>\n<tr>\n<td><strong>Service Temperature<\/strong><\/td>\n<td>-20\u00b0C to +155\u00b0C<\/td>\n<\/tr>\n<tr>\n<td><strong>RoHS \u00fcbereinstimmend<\/strong><\/td>\n<td>Ja<\/td>\n<\/tr>\n<tr>\n<td><strong>Specification<\/strong><\/td>\n<td>Milit\u00e4r-Spezifikation MIL-T-47012, BS EN 60454 &#8211; Teil 2, ASTM D-1000 und den Anforderungen f\u00fcr Flammhemmung von UL 510.<\/td>\n<\/tr>\n<\/tbody>\n<\/table>\n<\/div><\/div><\/section>\n<section class='av_tab_section av_tab_section av-piqt-c78631c4603ff59fef417d06594d5e20'  itemscope=\"itemscope\" itemtype=\"https:\/\/schema.org\/CreativeWork\" ><div id='tab-id-4-tab' class='tab' role='tab' aria-selected=\"false\" tabindex=\"0\" data-fake-id='#tab-id-4' aria-controls='tab-id-4-content'  itemprop=\"headline\" >Colours<\/div><div id='tab-id-4-content' class='tab_content' role='tabpanel' aria-labelledby='tab-id-4-tab' aria-hidden=\"true\"><div class='tab_inner_content invers-color'  itemprop=\"text\" ><\/div><\/div><\/section>\n<\/div>\n","protected":false},"excerpt":{"rendered":"<p><strong>Entspricht der Milit\u00e4r-Spezifikation MIL-T-47012, BS EN 60454 &#8211; Teil 2, ASTM D-1000 und den Anforderungen f\u00fcr Flammhemmung von UL 510.<\/strong><\/p>\n<p>&nbsp;<\/p>\n<div class=\"first_para_desc\">\n<p>AT526 ist eine 35 Mikron Kupferfolie, beschichtet mit einem leitf\u00e4higen, w\u00e4rmeh\u00e4rtenden Acrylkleber auf Verd\u00fcnnerbasis, ausger\u00fcstet mit einem silikonisierten Trennpapier.<\/p>\n<\/div>\n<div class=\"rest_of_desc\">\n<p>Geeignet f\u00fcr EMI\/RFI und statische Abschirmarbeiten, kann das Band leicht gel\u00f6tet werden und widersteht niedrigen und hohen Temperaturen von -20\u00b0C bis +155\u00b0C.<\/p>\n<p>AT526 wurde gem. folgender Methoden getestet:<br \/>\nASTM D-1000 und entspricht BS EN 60545 \u2013 Teil 2 (fr\u00fcher VDE 0340, BS3924).<br \/>\nAT526 wurde getestet und entspricht den Anforderungen f\u00fcr Flammhemmung nach UL 510 (UL Guide OANZ 2, File Nr. E 86214 (M)).<\/p>\n<\/div>\n","protected":false},"featured_media":2919,"template":"","meta":{"_acf_changed":false},"product_brand":[],"product_cat":[365],"product_tag":[352],"class_list":{"0":"post-5808","1":"product","2":"type-product","3":"status-publish","4":"has-post-thumbnail","6":"product_cat-multi-purpose-adhesive-foil-tapes-de","7":"product_tag-industrial-consumables-de","9":"first","10":"instock","11":"shipping-taxable","12":"product-type-simple"},"acf":[],"yoast_head":"<!-- This site is optimized with the Yoast SEO plugin v27.3 - https:\/\/yoast.com\/product\/yoast-seo-wordpress\/ -->\n<title>AT526 35 Micron Kupfer Abschirm-Klebeband, Leitender Kleber - Advance Tapes<\/title>\n<meta name=\"robots\" content=\"index, follow, max-snippet:-1, max-image-preview:large, max-video-preview:-1\" \/>\n<link rel=\"canonical\" href=\"https:\/\/advancetapes.com\/de\/products\/at526-35-micron-kupfer-abschirm-klebeband-leitender-kleber\/\" \/>\n<meta property=\"og:locale\" content=\"de_DE\" \/>\n<meta property=\"og:type\" content=\"article\" \/>\n<meta property=\"og:title\" content=\"AT526 35 Micron Kupfer Abschirm-Klebeband, Leitender Kleber - Advance Tapes\" \/>\n<meta property=\"og:description\" content=\"Entspricht der Milit\u00e4r-Spezifikation MIL-T-47012, BS EN 60454 - Teil 2, ASTM D-1000 und den Anforderungen f\u00fcr Flammhemmung von UL 510.  &nbsp;   AT526 ist eine 35 Mikron Kupferfolie, beschichtet mit einem leitf\u00e4higen, w\u00e4rmeh\u00e4rtenden Acrylkleber auf Verd\u00fcnnerbasis, ausger\u00fcstet mit einem silikonisierten Trennpapier.     Geeignet f\u00fcr EMI\/RFI und statische Abschirmarbeiten, kann das Band leicht gel\u00f6tet werden und widersteht niedrigen und hohen Temperaturen von -20\u00b0C bis +155\u00b0C.  AT526 wurde gem. folgender Methoden getestet: ASTM D-1000 und entspricht BS EN 60545 \u2013 Teil 2 (fr\u00fcher VDE 0340, BS3924). AT526 wurde getestet und entspricht den Anforderungen f\u00fcr Flammhemmung nach UL 510 (UL Guide OANZ 2, File Nr. E 86214 (M)).\" \/>\n<meta property=\"og:url\" content=\"https:\/\/advancetapes.com\/de\/products\/at526-35-micron-kupfer-abschirm-klebeband-leitender-kleber\/\" \/>\n<meta property=\"og:site_name\" content=\"Advance Tapes\" \/>\n<meta property=\"article:modified_time\" content=\"2021-04-13T00:41:21+00:00\" \/>\n<meta property=\"og:image\" content=\"https:\/\/advancetapes.com\/wp-content\/uploads\/2021\/01\/Advance-Tapes_AT0526_Copper.jpg\" \/>\n\t<meta property=\"og:image:width\" content=\"600\" \/>\n\t<meta property=\"og:image:height\" content=\"600\" \/>\n\t<meta property=\"og:image:type\" content=\"image\/jpeg\" \/>\n<meta name=\"twitter:card\" content=\"summary_large_image\" \/>\n<meta name=\"twitter:label1\" content=\"Est. reading time\" \/>\n\t<meta name=\"twitter:data1\" content=\"1 minute\" \/>\n<!-- \/ Yoast SEO plugin. -->","yoast_head_json":{"title":"AT526 35 Micron Kupfer Abschirm-Klebeband, Leitender Kleber - Advance Tapes","robots":{"index":"index","follow":"follow","max-snippet":"max-snippet:-1","max-image-preview":"max-image-preview:large","max-video-preview":"max-video-preview:-1"},"canonical":"https:\/\/advancetapes.com\/de\/products\/at526-35-micron-kupfer-abschirm-klebeband-leitender-kleber\/","og_locale":"de_DE","og_type":"article","og_title":"AT526 35 Micron Kupfer Abschirm-Klebeband, Leitender Kleber - Advance Tapes","og_description":"Entspricht der Milit\u00e4r-Spezifikation MIL-T-47012, BS EN 60454 - Teil 2, ASTM D-1000 und den Anforderungen f\u00fcr Flammhemmung von UL 510.  &nbsp;   AT526 ist eine 35 Mikron Kupferfolie, beschichtet mit einem leitf\u00e4higen, w\u00e4rmeh\u00e4rtenden Acrylkleber auf Verd\u00fcnnerbasis, ausger\u00fcstet mit einem silikonisierten Trennpapier.     Geeignet f\u00fcr EMI\/RFI und statische Abschirmarbeiten, kann das Band leicht gel\u00f6tet werden und widersteht niedrigen und hohen Temperaturen von -20\u00b0C bis +155\u00b0C.  AT526 wurde gem. folgender Methoden getestet: ASTM D-1000 und entspricht BS EN 60545 \u2013 Teil 2 (fr\u00fcher VDE 0340, BS3924). AT526 wurde getestet und entspricht den Anforderungen f\u00fcr Flammhemmung nach UL 510 (UL Guide OANZ 2, File Nr. E 86214 (M)).","og_url":"https:\/\/advancetapes.com\/de\/products\/at526-35-micron-kupfer-abschirm-klebeband-leitender-kleber\/","og_site_name":"Advance Tapes","article_modified_time":"2021-04-13T00:41:21+00:00","og_image":[{"width":600,"height":600,"url":"https:\/\/advancetapes.com\/wp-content\/uploads\/2021\/01\/Advance-Tapes_AT0526_Copper.jpg","type":"image\/jpeg"}],"twitter_card":"summary_large_image","twitter_misc":{"Est. reading time":"1 minute"},"schema":{"@context":"https:\/\/schema.org","@graph":[{"@type":"WebPage","@id":"https:\/\/advancetapes.com\/de\/products\/at526-35-micron-kupfer-abschirm-klebeband-leitender-kleber\/","url":"https:\/\/advancetapes.com\/de\/products\/at526-35-micron-kupfer-abschirm-klebeband-leitender-kleber\/","name":"AT526 35 Micron Kupfer Abschirm-Klebeband, Leitender Kleber - Advance Tapes","isPartOf":{"@id":"https:\/\/advancetapes.com\/de\/#website"},"primaryImageOfPage":{"@id":"https:\/\/advancetapes.com\/de\/products\/at526-35-micron-kupfer-abschirm-klebeband-leitender-kleber\/#primaryimage"},"image":{"@id":"https:\/\/advancetapes.com\/de\/products\/at526-35-micron-kupfer-abschirm-klebeband-leitender-kleber\/#primaryimage"},"thumbnailUrl":"https:\/\/advancetapes.com\/wp-content\/uploads\/2021\/01\/Advance-Tapes_AT0526_Copper.jpg","datePublished":"2021-01-03T00:14:59+00:00","dateModified":"2021-04-13T00:41:21+00:00","breadcrumb":{"@id":"https:\/\/advancetapes.com\/de\/products\/at526-35-micron-kupfer-abschirm-klebeband-leitender-kleber\/#breadcrumb"},"inLanguage":"de-DE","potentialAction":[{"@type":"ReadAction","target":["https:\/\/advancetapes.com\/de\/products\/at526-35-micron-kupfer-abschirm-klebeband-leitender-kleber\/"]}]},{"@type":"ImageObject","inLanguage":"de-DE","@id":"https:\/\/advancetapes.com\/de\/products\/at526-35-micron-kupfer-abschirm-klebeband-leitender-kleber\/#primaryimage","url":"https:\/\/advancetapes.com\/wp-content\/uploads\/2021\/01\/Advance-Tapes_AT0526_Copper.jpg","contentUrl":"https:\/\/advancetapes.com\/wp-content\/uploads\/2021\/01\/Advance-Tapes_AT0526_Copper.jpg","width":600,"height":600},{"@type":"BreadcrumbList","@id":"https:\/\/advancetapes.com\/de\/products\/at526-35-micron-kupfer-abschirm-klebeband-leitender-kleber\/#breadcrumb","itemListElement":[{"@type":"ListItem","position":1,"name":"Home","item":"https:\/\/advancetapes.com\/de\/"},{"@type":"ListItem","position":2,"name":"Products","item":"https:\/\/advancetapes.com\/de\/products\/"},{"@type":"ListItem","position":3,"name":"AT526 35 Micron Kupfer Abschirm-Klebeband, Leitender Kleber"}]},{"@type":"WebSite","@id":"https:\/\/advancetapes.com\/de\/#website","url":"https:\/\/advancetapes.com\/de\/","name":"Advance Tapes","description":"Adding more to adhesive tape","potentialAction":[{"@type":"SearchAction","target":{"@type":"EntryPoint","urlTemplate":"https:\/\/advancetapes.com\/de\/?s={search_term_string}"},"query-input":{"@type":"PropertyValueSpecification","valueRequired":true,"valueName":"search_term_string"}}],"inLanguage":"de-DE"}]}},"_links":{"self":[{"href":"https:\/\/advancetapes.com\/de\/wp-json\/wp\/v2\/product\/5808","targetHints":{"allow":["GET"]}}],"collection":[{"href":"https:\/\/advancetapes.com\/de\/wp-json\/wp\/v2\/product"}],"about":[{"href":"https:\/\/advancetapes.com\/de\/wp-json\/wp\/v2\/types\/product"}],"wp:featuredmedia":[{"embeddable":true,"href":"https:\/\/advancetapes.com\/de\/wp-json\/wp\/v2\/media\/2919"}],"wp:attachment":[{"href":"https:\/\/advancetapes.com\/de\/wp-json\/wp\/v2\/media?parent=5808"}],"wp:term":[{"taxonomy":"product_brand","embeddable":true,"href":"https:\/\/advancetapes.com\/de\/wp-json\/wp\/v2\/product_brand?post=5808"},{"taxonomy":"product_cat","embeddable":true,"href":"https:\/\/advancetapes.com\/de\/wp-json\/wp\/v2\/product_cat?post=5808"},{"taxonomy":"product_tag","embeddable":true,"href":"https:\/\/advancetapes.com\/de\/wp-json\/wp\/v2\/product_tag?post=5808"}],"curies":[{"name":"wp","href":"https:\/\/api.w.org\/{rel}","templated":true}]}}