{"id":5806,"date":"2021-01-03T00:07:11","date_gmt":"2021-01-03T00:07:11","guid":{"rendered":"https:\/\/advancetapes.com\/products\/at521-40-micron-aluminium-abschirm-klebeband\/"},"modified":"2021-04-13T00:23:13","modified_gmt":"2021-04-13T00:23:13","slug":"at521-40-micron-aluminium-abschirm-klebeband","status":"publish","type":"product","link":"https:\/\/advancetapes.com\/de\/products\/at521-40-micron-aluminium-abschirm-klebeband\/","title":{"rendered":"AT521 40 Micron Aluminium Abschirm-Klebeband"},"content":{"rendered":"<div  class='tabcontainer av-kjftr0sh-5cbeaf8b0626cf654d5dd98b301fff40 top_tab  avia-builder-el-0  avia-builder-el-no-sibling '>\n<section class='av_tab_section av_tab_section av-12sk76-9ed5fcad00bf1c90d5b62fbb7c7e9b08'  itemscope=\"itemscope\" itemtype=\"https:\/\/schema.org\/CreativeWork\" ><div id='tab-id-1-tab' class='tab active_tab' role='tab' aria-selected=\"true\" tabindex=\"0\" data-fake-id='#tab-id-1' aria-controls='tab-id-1-content'  itemprop=\"headline\" >Funktionen<\/div><div id='tab-id-1-content' class='tab_content active_tab_content' role='tabpanel' aria-labelledby='tab-id-1-tab' aria-hidden=\"false\"><div class='tab_inner_content invers-color'  itemprop=\"text\" ><ul>\n<li>Conductive acrylic adhesive<\/li>\n<li>Good shielding effectiveness and z-axis conductivity<\/li>\n<li>High and Low Temperature Resistant<\/li>\n<li>Resistant to Chemical, Heat, Acid and Alkali<\/li>\n<li>Easy unwind<\/li>\n<\/ul>\n<\/div><\/div><\/section>\n<section class='av_tab_section av_tab_section av-w7gpe-eebd728fa296ab2c14615aab0c3b72d8'  itemscope=\"itemscope\" itemtype=\"https:\/\/schema.org\/CreativeWork\" ><div id='tab-id-2-tab' class='tab' role='tab' aria-selected=\"false\" tabindex=\"0\" data-fake-id='#tab-id-2' aria-controls='tab-id-2-content'  itemprop=\"headline\" >Applications<\/div><div id='tab-id-2-content' class='tab_content' role='tabpanel' aria-labelledby='tab-id-2-tab' aria-hidden=\"true\"><div class='tab_inner_content invers-color'  itemprop=\"text\" ><ul>\n<li>Wird f\u00fcr EMI \/ RFI und statische Abschirmung verwendet<\/li>\n<\/ul>\n<\/div><\/div><\/section>\n<section class='av_tab_section av_tab_section av-qkidm-093cf212e5318e2e0a945d6d6b5c2732'  itemscope=\"itemscope\" itemtype=\"https:\/\/schema.org\/CreativeWork\" ><div id='tab-id-3-tab' class='tab' role='tab' aria-selected=\"false\" tabindex=\"0\" data-fake-id='#tab-id-3' aria-controls='tab-id-3-content'  itemprop=\"headline\" >Technical<\/div><div id='tab-id-3-content' class='tab_content' role='tabpanel' aria-labelledby='tab-id-3-tab' aria-hidden=\"true\"><div class='tab_inner_content invers-color'  itemprop=\"text\" ><div class=\"col-xs-24 col-sm-12\">\n<table cellspacing=\"0\" cellpadding=\"0\">\n<tbody>\n<tr>\n<td><strong>Produkttyp<\/strong><\/td>\n<td>Aluminium<\/td>\n<\/tr>\n<tr>\n<td><strong>Klebstoff-Typ<\/strong><\/td>\n<td>Leitf\u00e4higer Acrylatkleber auf L\u00f6semittelbasis<\/td>\n<\/tr>\n<tr>\n<td><strong>Gesamtdicke<\/strong><\/td>\n<td>0.040 mm<\/td>\n<\/tr>\n<tr>\n<td><strong>Bruchlast<\/strong><\/td>\n<td>25 N\/cm<\/td>\n<\/tr>\n<tr>\n<td><strong>Bruchdehnung<\/strong><\/td>\n<td>8%<\/td>\n<\/tr>\n<tr>\n<td><strong>Klebkraft auf Stahl<\/strong><\/td>\n<td>4.5 N\/cm<\/td>\n<\/tr>\n<tr>\n<td><strong>Service Temperature<\/strong><\/td>\n<td>-20\u00b0C to +155\u00b0C<\/td>\n<\/tr>\n<tr>\n<td><strong>RoHS \u00fcbereinstimmend<\/strong><\/td>\n<td>Ja<\/td>\n<\/tr>\n<tr>\n<td><strong>Specification<\/strong><\/td>\n<td>Milit\u00e4r Spezifikation MIL-T-47012, BS EN 60454 &#8211; Teil 2, Testmethode Relevant, ASTM D &#8211; 1000 Testmethode hausintern und nach flammhemmenden Anforderungen gem. UL510.<\/td>\n<\/tr>\n<\/tbody>\n<\/table>\n<\/div>\n<\/div><\/div><\/section>\n<section class='av_tab_section av_tab_section av-piqt-c78631c4603ff59fef417d06594d5e20'  itemscope=\"itemscope\" itemtype=\"https:\/\/schema.org\/CreativeWork\" ><div id='tab-id-4-tab' class='tab' role='tab' aria-selected=\"false\" tabindex=\"0\" data-fake-id='#tab-id-4' aria-controls='tab-id-4-content'  itemprop=\"headline\" >Colours<\/div><div id='tab-id-4-content' class='tab_content' role='tabpanel' aria-labelledby='tab-id-4-tab' aria-hidden=\"true\"><div class='tab_inner_content invers-color'  itemprop=\"text\" ><\/div><\/div><\/section>\n<\/div>\n","protected":false},"excerpt":{"rendered":"<p><strong>Entspricht Milit\u00e4r Spezifikation MIL-T-47012, BS EN 60454 &#8211; Teil 2, Testmethode Relevant, ASTM D &#8211; 1000 Testmethode hausintern und nach flammhemmenden Anforderungen gem. UL510.<\/strong><\/p>\n<p>&nbsp;<\/p>\n<div class=\"first_para_desc\">\n<p>AT521 ist ein 40 Mikron Aluminium-Band, beschichtet mit einem elektrisch leitenden Acrylkleber auf Verd\u00fcnnerbasis, entwickelt zur guten Abschirmung und Leitf\u00e4higkeit durch seinen entfernbaren Silikon-Liner. Das Band wurde getestet und entspricht ASTM D-1000 und BS EN 60454, Teil 2. Au\u00dferdem wurde es getestet und entspricht der Milit\u00e4r-Spezifikation MIL \u2013 T \u2013 47012. Die Bandaufbau wurde hausintern nach den Anforderungen von UL501 f\u00fcr Flammhemmung erfolgreich getestet. AT521 ist einsetzbar f\u00fcr EMI \/ RFI und elektrostatische Abschirmung dank seiner Widerstandsf\u00e4higkeit gegen Chemikalien, Hitze, S\u00e4ure und Alkalien. AT521 ist sehr temperaturbest\u00e4ndig und haltbar im Temperaturbereich von -20\u00b0C bis +110\u00b0C. Das Aluminiumband ist leicht abzuwickeln, einfach einsetzbar und \u00e4sthetisch sehr ansprechend.\u00a0<strong>Wichtige Notiz:<\/strong>\u00a0Beim Einsatz des Bandes sollte die galvanische Materialvertr\u00e4glichkeit ber\u00fccksichtigt werden. Mehr Informationen finden Sie im Technischen Datenblatt \u00fcber dieses Band.<\/p>\n<\/div>\n","protected":false},"featured_media":2911,"template":"","meta":{"_acf_changed":false},"product_brand":[],"product_cat":[365],"product_tag":[352],"class_list":{"0":"post-5806","1":"product","2":"type-product","3":"status-publish","4":"has-post-thumbnail","6":"product_cat-multi-purpose-adhesive-foil-tapes-de","7":"product_tag-industrial-consumables-de","9":"first","10":"instock","11":"shipping-taxable","12":"product-type-simple"},"acf":[],"yoast_head":"<!-- This site is optimized with the Yoast SEO plugin v27.4 - https:\/\/yoast.com\/product\/yoast-seo-wordpress\/ -->\n<title>AT521 40 Micron Aluminium Abschirm-Klebeband - Advance Tapes<\/title>\n<meta name=\"robots\" content=\"index, follow, max-snippet:-1, max-image-preview:large, max-video-preview:-1\" \/>\n<link rel=\"canonical\" href=\"https:\/\/advancetapes.com\/de\/products\/at521-40-micron-aluminium-abschirm-klebeband\/\" \/>\n<meta property=\"og:locale\" content=\"de_DE\" \/>\n<meta property=\"og:type\" content=\"article\" \/>\n<meta property=\"og:title\" content=\"AT521 40 Micron Aluminium Abschirm-Klebeband - Advance Tapes\" \/>\n<meta property=\"og:description\" content=\"Entspricht Milit\u00e4r Spezifikation MIL-T-47012, BS EN 60454 - Teil 2, Testmethode Relevant, ASTM D - 1000 Testmethode hausintern und nach flammhemmenden Anforderungen gem. UL510.  &nbsp;   AT521 ist ein 40 Mikron Aluminium-Band, beschichtet mit einem elektrisch leitenden Acrylkleber auf Verd\u00fcnnerbasis, entwickelt zur guten Abschirmung und Leitf\u00e4higkeit durch seinen entfernbaren Silikon-Liner. Das Band wurde getestet und entspricht ASTM D-1000 und BS EN 60454, Teil 2. Au\u00dferdem wurde es getestet und entspricht der Milit\u00e4r-Spezifikation MIL \u2013 T \u2013 47012. Die Bandaufbau wurde hausintern nach den Anforderungen von UL501 f\u00fcr Flammhemmung erfolgreich getestet. AT521 ist einsetzbar f\u00fcr EMI \/ RFI und elektrostatische Abschirmung dank seiner Widerstandsf\u00e4higkeit gegen Chemikalien, Hitze, S\u00e4ure und Alkalien. AT521 ist sehr temperaturbest\u00e4ndig und haltbar im Temperaturbereich von -20\u00b0C bis +110\u00b0C. Das Aluminiumband ist leicht abzuwickeln, einfach einsetzbar und \u00e4sthetisch sehr ansprechend.\u00a0Wichtige Notiz:\u00a0Beim Einsatz des Bandes sollte die galvanische Materialvertr\u00e4glichkeit ber\u00fccksichtigt werden. Mehr Informationen finden Sie im Technischen Datenblatt \u00fcber dieses Band.\" \/>\n<meta property=\"og:url\" content=\"https:\/\/advancetapes.com\/de\/products\/at521-40-micron-aluminium-abschirm-klebeband\/\" \/>\n<meta property=\"og:site_name\" content=\"Advance Tapes\" \/>\n<meta property=\"article:modified_time\" content=\"2021-04-13T00:23:13+00:00\" \/>\n<meta property=\"og:image\" content=\"https:\/\/advancetapes.com\/wp-content\/uploads\/2021\/01\/Advance-Tapes_AT0521_Silver.jpg\" \/>\n\t<meta property=\"og:image:width\" content=\"600\" \/>\n\t<meta property=\"og:image:height\" content=\"600\" \/>\n\t<meta property=\"og:image:type\" content=\"image\/jpeg\" \/>\n<meta name=\"twitter:card\" content=\"summary_large_image\" \/>\n<meta name=\"twitter:label1\" content=\"Est. reading time\" \/>\n\t<meta name=\"twitter:data1\" content=\"1 minute\" \/>\n<!-- \/ Yoast SEO plugin. -->","yoast_head_json":{"title":"AT521 40 Micron Aluminium Abschirm-Klebeband - Advance Tapes","robots":{"index":"index","follow":"follow","max-snippet":"max-snippet:-1","max-image-preview":"max-image-preview:large","max-video-preview":"max-video-preview:-1"},"canonical":"https:\/\/advancetapes.com\/de\/products\/at521-40-micron-aluminium-abschirm-klebeband\/","og_locale":"de_DE","og_type":"article","og_title":"AT521 40 Micron Aluminium Abschirm-Klebeband - Advance Tapes","og_description":"Entspricht Milit\u00e4r Spezifikation MIL-T-47012, BS EN 60454 - Teil 2, Testmethode Relevant, ASTM D - 1000 Testmethode hausintern und nach flammhemmenden Anforderungen gem. UL510.  &nbsp;   AT521 ist ein 40 Mikron Aluminium-Band, beschichtet mit einem elektrisch leitenden Acrylkleber auf Verd\u00fcnnerbasis, entwickelt zur guten Abschirmung und Leitf\u00e4higkeit durch seinen entfernbaren Silikon-Liner. Das Band wurde getestet und entspricht ASTM D-1000 und BS EN 60454, Teil 2. Au\u00dferdem wurde es getestet und entspricht der Milit\u00e4r-Spezifikation MIL \u2013 T \u2013 47012. Die Bandaufbau wurde hausintern nach den Anforderungen von UL501 f\u00fcr Flammhemmung erfolgreich getestet. AT521 ist einsetzbar f\u00fcr EMI \/ RFI und elektrostatische Abschirmung dank seiner Widerstandsf\u00e4higkeit gegen Chemikalien, Hitze, S\u00e4ure und Alkalien. AT521 ist sehr temperaturbest\u00e4ndig und haltbar im Temperaturbereich von -20\u00b0C bis +110\u00b0C. Das Aluminiumband ist leicht abzuwickeln, einfach einsetzbar und \u00e4sthetisch sehr ansprechend.\u00a0Wichtige Notiz:\u00a0Beim Einsatz des Bandes sollte die galvanische Materialvertr\u00e4glichkeit ber\u00fccksichtigt werden. Mehr Informationen finden Sie im Technischen Datenblatt \u00fcber dieses Band.","og_url":"https:\/\/advancetapes.com\/de\/products\/at521-40-micron-aluminium-abschirm-klebeband\/","og_site_name":"Advance Tapes","article_modified_time":"2021-04-13T00:23:13+00:00","og_image":[{"width":600,"height":600,"url":"https:\/\/advancetapes.com\/wp-content\/uploads\/2021\/01\/Advance-Tapes_AT0521_Silver.jpg","type":"image\/jpeg"}],"twitter_card":"summary_large_image","twitter_misc":{"Est. reading time":"1 minute"},"schema":{"@context":"https:\/\/schema.org","@graph":[{"@type":"WebPage","@id":"https:\/\/advancetapes.com\/de\/products\/at521-40-micron-aluminium-abschirm-klebeband\/","url":"https:\/\/advancetapes.com\/de\/products\/at521-40-micron-aluminium-abschirm-klebeband\/","name":"AT521 40 Micron Aluminium Abschirm-Klebeband - Advance Tapes","isPartOf":{"@id":"https:\/\/advancetapes.com\/de\/#website"},"primaryImageOfPage":{"@id":"https:\/\/advancetapes.com\/de\/products\/at521-40-micron-aluminium-abschirm-klebeband\/#primaryimage"},"image":{"@id":"https:\/\/advancetapes.com\/de\/products\/at521-40-micron-aluminium-abschirm-klebeband\/#primaryimage"},"thumbnailUrl":"https:\/\/advancetapes.com\/wp-content\/uploads\/2021\/01\/Advance-Tapes_AT0521_Silver.jpg","datePublished":"2021-01-03T00:07:11+00:00","dateModified":"2021-04-13T00:23:13+00:00","breadcrumb":{"@id":"https:\/\/advancetapes.com\/de\/products\/at521-40-micron-aluminium-abschirm-klebeband\/#breadcrumb"},"inLanguage":"de-DE","potentialAction":[{"@type":"ReadAction","target":["https:\/\/advancetapes.com\/de\/products\/at521-40-micron-aluminium-abschirm-klebeband\/"]}]},{"@type":"ImageObject","inLanguage":"de-DE","@id":"https:\/\/advancetapes.com\/de\/products\/at521-40-micron-aluminium-abschirm-klebeband\/#primaryimage","url":"https:\/\/advancetapes.com\/wp-content\/uploads\/2021\/01\/Advance-Tapes_AT0521_Silver.jpg","contentUrl":"https:\/\/advancetapes.com\/wp-content\/uploads\/2021\/01\/Advance-Tapes_AT0521_Silver.jpg","width":600,"height":600},{"@type":"BreadcrumbList","@id":"https:\/\/advancetapes.com\/de\/products\/at521-40-micron-aluminium-abschirm-klebeband\/#breadcrumb","itemListElement":[{"@type":"ListItem","position":1,"name":"Home","item":"https:\/\/advancetapes.com\/de\/"},{"@type":"ListItem","position":2,"name":"Products","item":"https:\/\/advancetapes.com\/products\/"},{"@type":"ListItem","position":3,"name":"AT521 40 Micron Aluminium Abschirm-Klebeband"}]},{"@type":"WebSite","@id":"https:\/\/advancetapes.com\/de\/#website","url":"https:\/\/advancetapes.com\/de\/","name":"Advance Tapes","description":"Adding more to adhesive tape","potentialAction":[{"@type":"SearchAction","target":{"@type":"EntryPoint","urlTemplate":"https:\/\/advancetapes.com\/de\/?s={search_term_string}"},"query-input":{"@type":"PropertyValueSpecification","valueRequired":true,"valueName":"search_term_string"}}],"inLanguage":"de-DE"}]}},"_links":{"self":[{"href":"https:\/\/advancetapes.com\/de\/wp-json\/wp\/v2\/product\/5806","targetHints":{"allow":["GET"]}}],"collection":[{"href":"https:\/\/advancetapes.com\/de\/wp-json\/wp\/v2\/product"}],"about":[{"href":"https:\/\/advancetapes.com\/de\/wp-json\/wp\/v2\/types\/product"}],"wp:featuredmedia":[{"embeddable":true,"href":"https:\/\/advancetapes.com\/de\/wp-json\/wp\/v2\/media\/2911"}],"wp:attachment":[{"href":"https:\/\/advancetapes.com\/de\/wp-json\/wp\/v2\/media?parent=5806"}],"wp:term":[{"taxonomy":"product_brand","embeddable":true,"href":"https:\/\/advancetapes.com\/de\/wp-json\/wp\/v2\/product_brand?post=5806"},{"taxonomy":"product_cat","embeddable":true,"href":"https:\/\/advancetapes.com\/de\/wp-json\/wp\/v2\/product_cat?post=5806"},{"taxonomy":"product_tag","embeddable":true,"href":"https:\/\/advancetapes.com\/de\/wp-json\/wp\/v2\/product_tag?post=5806"}],"curies":[{"name":"wp","href":"https:\/\/api.w.org\/{rel}","templated":true}]}}