{"id":5803,"date":"2021-01-02T23:51:31","date_gmt":"2021-01-02T23:51:31","guid":{"rendered":"https:\/\/advancetapes.com\/products\/at501-gitternetzverstarktes-aluminium-klebeband\/"},"modified":"2025-03-12T09:03:33","modified_gmt":"2025-03-12T09:03:33","slug":"at501-gitternetzverstarktes-aluminium-klebeband","status":"publish","type":"product","link":"https:\/\/advancetapes.com\/de\/products\/at501-gitternetzverstarktes-aluminium-klebeband\/","title":{"rendered":"AT0501 Gitternetzverst\u00e4rktes Aluminium-Klebeband"},"content":{"rendered":"<div  class='tabcontainer av-kjftr0sh-5cbeaf8b0626cf654d5dd98b301fff40 top_tab  avia-builder-el-0  avia-builder-el-no-sibling '>\n<section class='av_tab_section av_tab_section av-14a926-7000f2aede016b633ae295d7ac911fbc'  itemscope=\"itemscope\" itemtype=\"https:\/\/schema.org\/CreativeWork\" ><div id='tab-id-1-tab' class='tab active_tab' role='tab' aria-selected=\"true\" tabindex=\"0\" data-fake-id='#tab-id-1' aria-controls='tab-id-1-content'  itemprop=\"headline\" >Funktionen<\/div><div id='tab-id-1-content' class='tab_content active_tab_content' role='tabpanel' aria-labelledby='tab-id-1-tab' aria-hidden=\"false\"><div class='tab_inner_content invers-color'  itemprop=\"text\" ><ul>\n<li>\u00a0Flammhemmend<\/li>\n<li>\u00a0Widersteht hohen und niedrigen Temperaturen<\/li>\n<li>Leicht abrollbar<\/li>\n<li>Wasserfest<\/li>\n<li>Netzverst\u00e4rkt<\/li>\n<\/ul>\n<\/div><\/div><\/section>\n<section class='av_tab_section av_tab_section av-vgqi6-0b0fac4c2d1b8ff15094629f5bc21a10'  itemscope=\"itemscope\" itemtype=\"https:\/\/schema.org\/CreativeWork\" ><div id='tab-id-2-tab' class='tab' role='tab' aria-selected=\"false\" tabindex=\"0\" data-fake-id='#tab-id-2' aria-controls='tab-id-2-content'  itemprop=\"headline\" >Applications<\/div><div id='tab-id-2-content' class='tab_content' role='tabpanel' aria-labelledby='tab-id-2-tab' aria-hidden=\"true\"><div class='tab_inner_content invers-color'  itemprop=\"text\" ><ul>\n<li>Verbinden von foliengesichtigen D\u00e4mmplatten und Rohrabschnitten<\/li>\n<li>Faserisolierung zwischen der Innenhaut und dem Rumpf von Flugzeugen<\/li>\n<li>Dichtstellen in Metallkan\u00e4len<\/li>\n<\/ul>\n<\/div><\/div><\/section>\n<section class='av_tab_section av_tab_section av-p0jpi-faeaa5d6c1b890b7b1efd3922af0f708'  itemscope=\"itemscope\" itemtype=\"https:\/\/schema.org\/CreativeWork\" ><div id='tab-id-3-tab' class='tab' role='tab' aria-selected=\"false\" tabindex=\"0\" data-fake-id='#tab-id-3' aria-controls='tab-id-3-content'  itemprop=\"headline\" >Technical<\/div><div id='tab-id-3-content' class='tab_content' role='tabpanel' aria-labelledby='tab-id-3-tab' aria-hidden=\"true\"><div class='tab_inner_content invers-color'  itemprop=\"text\" ><div class=\"col-xs-24 col-sm-12\">\n<table cellspacing=\"0\" cellpadding=\"0\">\n<tbody>\n<tr>\n<td><strong>Produkttyp<\/strong><\/td>\n<td>Aluminium<\/td>\n<\/tr>\n<tr>\n<td><strong>Klebstoff-Typ<\/strong><\/td>\n<td>Acrylat-Dispersion<\/td>\n<\/tr>\n<tr>\n<td><strong>Gesamtdicke<\/strong><\/td>\n<td>0.14 mm<\/td>\n<\/tr>\n<tr>\n<td><strong>Bruchlast<\/strong><\/td>\n<td>45 N\/cm<\/td>\n<\/tr>\n<tr>\n<td><strong>Bruchdehnung<\/strong><\/td>\n<td>5%<\/td>\n<\/tr>\n<tr>\n<td><strong>Klebkraft auf Stahl<\/strong><\/td>\n<td>6 N\/cm<\/td>\n<\/tr>\n<tr>\n<td><strong>Service Temperature<\/strong><\/td>\n<td>-40\u00b0C bis +120\u00b0C<\/td>\n<\/tr>\n<tr>\n<td><strong>Specification<\/strong><\/td>\n<td>BS476 Klasse 0<\/td>\n<\/tr>\n<tr>\n<td><strong>RoHS \u00fcbereinstimmend<\/strong><\/td>\n<td>Ja<\/td>\n<\/tr>\n<\/tbody>\n<\/table>\n<\/div>\n<\/div><\/div><\/section>\n<section class='av_tab_section av_tab_section av-piqt-c78631c4603ff59fef417d06594d5e20'  itemscope=\"itemscope\" itemtype=\"https:\/\/schema.org\/CreativeWork\" ><div id='tab-id-4-tab' class='tab' role='tab' aria-selected=\"false\" tabindex=\"0\" data-fake-id='#tab-id-4' aria-controls='tab-id-4-content'  itemprop=\"headline\" >Colours<\/div><div id='tab-id-4-content' class='tab_content' role='tabpanel' aria-labelledby='tab-id-4-tab' aria-hidden=\"true\"><div class='tab_inner_content invers-color'  itemprop=\"text\" ><\/div><\/div><\/section>\n<\/div>\n","protected":false},"excerpt":{"rendered":"<p><strong>Entspricht BS476 Klasse 0<\/strong><\/p>\n<p>&nbsp;<\/p>\n<div class=\"first_para_desc\">\n<p>AT501 ist ein gitternetzverst\u00e4rktes, 120 Mikron Aluminiumband, kaschiert mit laminiertem Kraftpapier, beschichtet mit einem druckempfindlichen Acrylat-Dispersions-Kleber auf der Kraftseite. Das Band ist mit einem Poly\u00e4thylen beschichteten Trennpapier ausger\u00fcstet.<\/p>\n<\/div>\n<div class=\"rest_of_desc\">\n<p>In aufgebrachtem Zustand ist AT501 flammhemmend, deshalb besonders geeignet f\u00fcr feuergef\u00e4hrliche R\u00e4ume. Entspricht BS476 Klasse 0.<\/p>\n<\/div>\n","protected":false},"featured_media":8205,"template":"","meta":{"_acf_changed":false},"product_brand":[],"product_cat":[527,365],"product_tag":[350,356,352],"class_list":{"0":"post-5803","1":"product","2":"type-product","3":"status-publish","4":"has-post-thumbnail","6":"product_cat-atf-stock-de","7":"product_cat-multi-purpose-adhesive-foil-tapes-de","8":"product_tag-building-de","9":"product_tag-hevac-de","10":"product_tag-industrial-consumables-de","12":"first","13":"instock","14":"shipping-taxable","15":"product-type-simple"},"acf":[],"yoast_head":"<!-- This site is optimized with the Yoast SEO plugin v27.3 - https:\/\/yoast.com\/product\/yoast-seo-wordpress\/ -->\n<title>AT0501 Gitternetzverst\u00e4rktes Aluminium-Klebeband - Advance Tapes<\/title>\n<meta name=\"robots\" content=\"index, follow, max-snippet:-1, max-image-preview:large, max-video-preview:-1\" \/>\n<link rel=\"canonical\" href=\"https:\/\/advancetapes.com\/de\/products\/at501-gitternetzverstarktes-aluminium-klebeband\/\" \/>\n<meta property=\"og:locale\" content=\"de_DE\" \/>\n<meta property=\"og:type\" content=\"article\" \/>\n<meta property=\"og:title\" content=\"AT0501 Gitternetzverst\u00e4rktes Aluminium-Klebeband - Advance Tapes\" \/>\n<meta property=\"og:description\" content=\"Entspricht BS476 Klasse 0  &nbsp;   AT501 ist ein gitternetzverst\u00e4rktes, 120 Mikron Aluminiumband, kaschiert mit laminiertem Kraftpapier, beschichtet mit einem druckempfindlichen Acrylat-Dispersions-Kleber auf der Kraftseite. Das Band ist mit einem Poly\u00e4thylen beschichteten Trennpapier ausger\u00fcstet.     In aufgebrachtem Zustand ist AT501 flammhemmend, deshalb besonders geeignet f\u00fcr feuergef\u00e4hrliche R\u00e4ume. Entspricht BS476 Klasse 0.\" \/>\n<meta property=\"og:url\" content=\"https:\/\/advancetapes.com\/de\/products\/at501-gitternetzverstarktes-aluminium-klebeband\/\" \/>\n<meta property=\"og:site_name\" content=\"Advance Tapes\" \/>\n<meta property=\"article:modified_time\" content=\"2025-03-12T09:03:33+00:00\" \/>\n<meta property=\"og:image\" content=\"https:\/\/advancetapes.com\/wp-content\/uploads\/2021\/01\/AT501-new-version-1030x1003.png\" \/>\n\t<meta property=\"og:image:width\" content=\"1030\" \/>\n\t<meta property=\"og:image:height\" content=\"1003\" \/>\n\t<meta property=\"og:image:type\" content=\"image\/png\" \/>\n<meta name=\"twitter:card\" content=\"summary_large_image\" \/>\n<meta name=\"twitter:label1\" content=\"Est. reading time\" \/>\n\t<meta name=\"twitter:data1\" content=\"1 minute\" \/>\n<!-- \/ Yoast SEO plugin. -->","yoast_head_json":{"title":"AT0501 Gitternetzverst\u00e4rktes Aluminium-Klebeband - Advance Tapes","robots":{"index":"index","follow":"follow","max-snippet":"max-snippet:-1","max-image-preview":"max-image-preview:large","max-video-preview":"max-video-preview:-1"},"canonical":"https:\/\/advancetapes.com\/de\/products\/at501-gitternetzverstarktes-aluminium-klebeband\/","og_locale":"de_DE","og_type":"article","og_title":"AT0501 Gitternetzverst\u00e4rktes Aluminium-Klebeband - Advance Tapes","og_description":"Entspricht BS476 Klasse 0  &nbsp;   AT501 ist ein gitternetzverst\u00e4rktes, 120 Mikron Aluminiumband, kaschiert mit laminiertem Kraftpapier, beschichtet mit einem druckempfindlichen Acrylat-Dispersions-Kleber auf der Kraftseite. Das Band ist mit einem Poly\u00e4thylen beschichteten Trennpapier ausger\u00fcstet.     In aufgebrachtem Zustand ist AT501 flammhemmend, deshalb besonders geeignet f\u00fcr feuergef\u00e4hrliche R\u00e4ume. Entspricht BS476 Klasse 0.","og_url":"https:\/\/advancetapes.com\/de\/products\/at501-gitternetzverstarktes-aluminium-klebeband\/","og_site_name":"Advance Tapes","article_modified_time":"2025-03-12T09:03:33+00:00","og_image":[{"width":1030,"height":1003,"url":"https:\/\/advancetapes.com\/wp-content\/uploads\/2021\/01\/AT501-new-version-1030x1003.png","type":"image\/png"}],"twitter_card":"summary_large_image","twitter_misc":{"Est. reading time":"1 minute"},"schema":{"@context":"https:\/\/schema.org","@graph":[{"@type":"WebPage","@id":"https:\/\/advancetapes.com\/de\/products\/at501-gitternetzverstarktes-aluminium-klebeband\/","url":"https:\/\/advancetapes.com\/de\/products\/at501-gitternetzverstarktes-aluminium-klebeband\/","name":"AT0501 Gitternetzverst\u00e4rktes Aluminium-Klebeband - Advance Tapes","isPartOf":{"@id":"https:\/\/advancetapes.com\/de\/#website"},"primaryImageOfPage":{"@id":"https:\/\/advancetapes.com\/de\/products\/at501-gitternetzverstarktes-aluminium-klebeband\/#primaryimage"},"image":{"@id":"https:\/\/advancetapes.com\/de\/products\/at501-gitternetzverstarktes-aluminium-klebeband\/#primaryimage"},"thumbnailUrl":"https:\/\/advancetapes.com\/wp-content\/uploads\/2021\/01\/AT501-new-version.png","datePublished":"2021-01-02T23:51:31+00:00","dateModified":"2025-03-12T09:03:33+00:00","breadcrumb":{"@id":"https:\/\/advancetapes.com\/de\/products\/at501-gitternetzverstarktes-aluminium-klebeband\/#breadcrumb"},"inLanguage":"de-DE","potentialAction":[{"@type":"ReadAction","target":["https:\/\/advancetapes.com\/de\/products\/at501-gitternetzverstarktes-aluminium-klebeband\/"]}]},{"@type":"ImageObject","inLanguage":"de-DE","@id":"https:\/\/advancetapes.com\/de\/products\/at501-gitternetzverstarktes-aluminium-klebeband\/#primaryimage","url":"https:\/\/advancetapes.com\/wp-content\/uploads\/2021\/01\/AT501-new-version.png","contentUrl":"https:\/\/advancetapes.com\/wp-content\/uploads\/2021\/01\/AT501-new-version.png","width":2588,"height":2520},{"@type":"BreadcrumbList","@id":"https:\/\/advancetapes.com\/de\/products\/at501-gitternetzverstarktes-aluminium-klebeband\/#breadcrumb","itemListElement":[{"@type":"ListItem","position":1,"name":"Home","item":"https:\/\/advancetapes.com\/de\/"},{"@type":"ListItem","position":2,"name":"Products","item":"https:\/\/advancetapes.com\/de\/products\/"},{"@type":"ListItem","position":3,"name":"AT0501 Gitternetzverst\u00e4rktes Aluminium-Klebeband"}]},{"@type":"WebSite","@id":"https:\/\/advancetapes.com\/de\/#website","url":"https:\/\/advancetapes.com\/de\/","name":"Advance Tapes","description":"Adding more to adhesive tape","potentialAction":[{"@type":"SearchAction","target":{"@type":"EntryPoint","urlTemplate":"https:\/\/advancetapes.com\/de\/?s={search_term_string}"},"query-input":{"@type":"PropertyValueSpecification","valueRequired":true,"valueName":"search_term_string"}}],"inLanguage":"de-DE"}]}},"_links":{"self":[{"href":"https:\/\/advancetapes.com\/de\/wp-json\/wp\/v2\/product\/5803","targetHints":{"allow":["GET"]}}],"collection":[{"href":"https:\/\/advancetapes.com\/de\/wp-json\/wp\/v2\/product"}],"about":[{"href":"https:\/\/advancetapes.com\/de\/wp-json\/wp\/v2\/types\/product"}],"wp:featuredmedia":[{"embeddable":true,"href":"https:\/\/advancetapes.com\/de\/wp-json\/wp\/v2\/media\/8205"}],"wp:attachment":[{"href":"https:\/\/advancetapes.com\/de\/wp-json\/wp\/v2\/media?parent=5803"}],"wp:term":[{"taxonomy":"product_brand","embeddable":true,"href":"https:\/\/advancetapes.com\/de\/wp-json\/wp\/v2\/product_brand?post=5803"},{"taxonomy":"product_cat","embeddable":true,"href":"https:\/\/advancetapes.com\/de\/wp-json\/wp\/v2\/product_cat?post=5803"},{"taxonomy":"product_tag","embeddable":true,"href":"https:\/\/advancetapes.com\/de\/wp-json\/wp\/v2\/product_tag?post=5803"}],"curies":[{"name":"wp","href":"https:\/\/api.w.org\/{rel}","templated":true}]}}