{"id":5801,"date":"2021-01-02T23:42:38","date_gmt":"2021-01-02T23:42:38","guid":{"rendered":"https:\/\/advancetapes.com\/products\/at205-mattschwarzes-aluminium-advance-gaffa-band\/"},"modified":"2025-03-12T08:57:59","modified_gmt":"2025-03-12T08:57:59","slug":"at205-mattschwarzes-aluminium-advance-gaffa-band","status":"publish","type":"product","link":"https:\/\/advancetapes.com\/de\/products\/at205-mattschwarzes-aluminium-advance-gaffa-band\/","title":{"rendered":"AT0205 Mattschwarzes Aluminium Advance Gaffa \u00ae-Band"},"content":{"rendered":"<div  class='tabcontainer av-kjftr0sh-5cbeaf8b0626cf654d5dd98b301fff40 top_tab  avia-builder-el-0  avia-builder-el-no-sibling '>\n<section class='av_tab_section av_tab_section av-157g9q-644a8bc6533cb41c8bc25217cb96c1fc'  itemscope=\"itemscope\" itemtype=\"https:\/\/schema.org\/CreativeWork\" ><div id='tab-id-1-tab' class='tab active_tab' role='tab' aria-selected=\"true\" tabindex=\"0\" data-fake-id='#tab-id-1' aria-controls='tab-id-1-content'  itemprop=\"headline\" >Funktionen<\/div><div id='tab-id-1-content' class='tab_content active_tab_content' role='tabpanel' aria-labelledby='tab-id-1-tab' aria-hidden=\"false\"><div class='tab_inner_content invers-color'  itemprop=\"text\" ><ul>\n<li>Matte Ausr\u00fcstung; nicht-reflektierende Oberfl\u00e4che<\/li>\n<li>Flammhemmend<\/li>\n<li>Selbstverl\u00f6schend<\/li>\n<li>Hervorragende Temperaturbest\u00e4ndigkeit<\/li>\n<li>Wasserfest<\/li>\n<li>Flexibel<\/li>\n<\/ul>\n<\/div><\/div><\/section>\n<section class='av_tab_section av_tab_section av-wwfly-a18a78755f52fa81480daa8237a0ee94'  itemscope=\"itemscope\" itemtype=\"https:\/\/schema.org\/CreativeWork\" ><div id='tab-id-2-tab' class='tab' role='tab' aria-selected=\"false\" tabindex=\"0\" data-fake-id='#tab-id-2' aria-controls='tab-id-2-content'  itemprop=\"headline\" >Applications<\/div><div id='tab-id-2-content' class='tab_content' role='tabpanel' aria-labelledby='tab-id-2-tab' aria-hidden=\"true\"><div class='tab_inner_content invers-color'  itemprop=\"text\" ><ul>\n<li>Zur Verhinderung von Lichtleckagen an W\u00e4rme erzeugenden Ger\u00e4ten wie Projektoren, Leuchtdosen, Stallt\u00fcren und \u00e4hnlichen Ger\u00e4ten<\/li>\n<\/ul>\n<\/div><\/div><\/section>\n<section class='av_tab_section av_tab_section av-q31i6-d88d3688e3c4efbc1b8441d0fb3dd102'  itemscope=\"itemscope\" itemtype=\"https:\/\/schema.org\/CreativeWork\" ><div id='tab-id-3-tab' class='tab' role='tab' aria-selected=\"false\" tabindex=\"0\" data-fake-id='#tab-id-3' aria-controls='tab-id-3-content'  itemprop=\"headline\" >Technical<\/div><div id='tab-id-3-content' class='tab_content' role='tabpanel' aria-labelledby='tab-id-3-tab' aria-hidden=\"true\"><div class='tab_inner_content invers-color'  itemprop=\"text\" ><div class=\"col-xs-24 col-sm-12\">\n<table cellspacing=\"0\" cellpadding=\"0\">\n<tbody>\n<tr>\n<td><strong>Produkttyp<\/strong><\/td>\n<td>Aluminium<\/td>\n<\/tr>\n<tr>\n<td><strong>Klebstoff-Typ<\/strong><\/td>\n<td>Acrylat-Dispersion<\/td>\n<\/tr>\n<tr>\n<td><strong>Gesamtdicke<\/strong><\/td>\n<td>0.09 mm<\/td>\n<\/tr>\n<tr>\n<td><strong>Bruchlast<\/strong><\/td>\n<td>35 N\/cm<\/td>\n<\/tr>\n<tr>\n<td><strong>Bruchdehnung<\/strong><\/td>\n<td>11%<\/td>\n<\/tr>\n<tr>\n<td><strong>Klebkraft auf Stahl<\/strong><\/td>\n<td>4.0 N\/cm<\/td>\n<\/tr>\n<tr>\n<td><strong>Klebkraft auf Bandr\u00fccken<\/strong><\/td>\n<td>4.0 N\/cm<\/td>\n<\/tr>\n<tr>\n<td><strong>Service Temperature<\/strong><\/td>\n<td>-20\u00b0C bis +150\u00b0C<\/td>\n<\/tr>\n<tr>\n<td><strong>RoHS \u00fcbereinstimmend<\/strong><\/td>\n<td>Ja<\/td>\n<\/tr>\n<\/tbody>\n<\/table>\n<\/div>\n<\/div><\/div><\/section>\n<section class='av_tab_section av_tab_section av-piqt-c78631c4603ff59fef417d06594d5e20'  itemscope=\"itemscope\" itemtype=\"https:\/\/schema.org\/CreativeWork\" ><div id='tab-id-4-tab' class='tab' role='tab' aria-selected=\"false\" tabindex=\"0\" data-fake-id='#tab-id-4' aria-controls='tab-id-4-content'  itemprop=\"headline\" >Colours<\/div><div id='tab-id-4-content' class='tab_content' role='tabpanel' aria-labelledby='tab-id-4-tab' aria-hidden=\"true\"><div class='tab_inner_content invers-color'  itemprop=\"text\" ><\/div><\/div><\/section>\n<\/div>\n","protected":false},"excerpt":{"rendered":"<div class=\"col-xs-24 col-sm-12 product-page__images\">\n<div class=\"sp-wrap sp-non-touch\">\n<div class=\"sp-thumbs sp-tb-active\"><\/div>\n<\/div>\n<\/div>\n<div class=\"col-xs-24 col-sm-12\">\n<p>&nbsp;<\/p>\n<p><strong>Ein matt-schwarzes Aluminiumband mit nicht reflektierender Oberfl\u00e4che zur Vermeidung von blendendem Licht.<\/strong><\/p>\n<p>&nbsp;<\/p>\n<div class=\"first_para_desc\">\n<p><strong>Aluminium Foil Tape<\/strong><\/p>\n<\/div>\n<div class=\"rest_of_desc\">\n<p>AT205 is a pressure sensitive matt black lacquered aluminium foil tape with a high temperature dispersion acrylic adhesive.<\/p>\n<p>The tape offers excellent flame retardant properties when in position and has an excellent temperature range that makes it ideal for use on heat generating equipment and is also water resistant, enabling the tape to be used where damp or moisture is present.<\/p>\n<p>Its matt black finish and non reflective surface minimises light glare during application. Ideal for blocking light leakages from floor cans, projectors, barn doors and other light sources.<\/p>\n<\/div>\n<\/div>\n","protected":false},"featured_media":2891,"template":"","meta":{"_acf_changed":false},"product_brand":[],"product_cat":[527,376,365],"product_tag":[360,350,351,352],"class_list":{"0":"post-5801","1":"product","2":"type-product","3":"status-publish","4":"has-post-thumbnail","6":"product_cat-atf-stock-de","7":"product_cat-entertainment-de","8":"product_cat-multi-purpose-adhesive-foil-tapes-de","9":"product_tag-advance-gaffa-de","10":"product_tag-building-de","11":"product_tag-entertainment-de","12":"product_tag-industrial-consumables-de","14":"first","15":"instock","16":"shipping-taxable","17":"product-type-simple"},"acf":[],"yoast_head":"<!-- This site is optimized with the Yoast SEO plugin v27.3 - https:\/\/yoast.com\/product\/yoast-seo-wordpress\/ -->\n<title>AT0205 Mattschwarzes Aluminium Advance Gaffa \u00ae-Band - Advance Tapes<\/title>\n<meta name=\"robots\" content=\"index, follow, max-snippet:-1, max-image-preview:large, max-video-preview:-1\" \/>\n<link rel=\"canonical\" href=\"https:\/\/advancetapes.com\/de\/products\/at205-mattschwarzes-aluminium-advance-gaffa-band\/\" \/>\n<meta property=\"og:locale\" content=\"de_DE\" \/>\n<meta property=\"og:type\" content=\"article\" \/>\n<meta property=\"og:title\" content=\"AT0205 Mattschwarzes Aluminium Advance Gaffa \u00ae-Band - Advance Tapes\" \/>\n<meta property=\"og:description\" content=\"&nbsp;  Ein matt-schwarzes Aluminiumband mit nicht reflektierender Oberfl\u00e4che zur Vermeidung von blendendem Licht.  &nbsp;   Aluminium Foil Tape     AT205 is a pressure sensitive matt black lacquered aluminium foil tape with a high temperature dispersion acrylic adhesive.  The tape offers excellent flame retardant properties when in position and has an excellent temperature range that makes it ideal for use on heat generating equipment and is also water resistant, enabling the tape to be used where damp or moisture is present.  Its matt black finish and non reflective surface minimises light glare during application. Ideal for blocking light leakages from floor cans, projectors, barn doors and other light sources.\" \/>\n<meta property=\"og:url\" content=\"https:\/\/advancetapes.com\/de\/products\/at205-mattschwarzes-aluminium-advance-gaffa-band\/\" \/>\n<meta property=\"og:site_name\" content=\"Advance Tapes\" \/>\n<meta property=\"article:modified_time\" content=\"2025-03-12T08:57:59+00:00\" \/>\n<meta property=\"og:image\" content=\"https:\/\/advancetapes.com\/wp-content\/uploads\/2021\/01\/AT0205-100.jpg\" \/>\n\t<meta property=\"og:image:width\" content=\"750\" \/>\n\t<meta property=\"og:image:height\" content=\"750\" \/>\n\t<meta property=\"og:image:type\" content=\"image\/jpeg\" \/>\n<meta name=\"twitter:card\" content=\"summary_large_image\" \/>\n<meta name=\"twitter:label1\" content=\"Est. reading time\" \/>\n\t<meta name=\"twitter:data1\" content=\"1 minute\" \/>\n<!-- \/ Yoast SEO plugin. -->","yoast_head_json":{"title":"AT0205 Mattschwarzes Aluminium Advance Gaffa \u00ae-Band - Advance Tapes","robots":{"index":"index","follow":"follow","max-snippet":"max-snippet:-1","max-image-preview":"max-image-preview:large","max-video-preview":"max-video-preview:-1"},"canonical":"https:\/\/advancetapes.com\/de\/products\/at205-mattschwarzes-aluminium-advance-gaffa-band\/","og_locale":"de_DE","og_type":"article","og_title":"AT0205 Mattschwarzes Aluminium Advance Gaffa \u00ae-Band - Advance Tapes","og_description":"&nbsp;  Ein matt-schwarzes Aluminiumband mit nicht reflektierender Oberfl\u00e4che zur Vermeidung von blendendem Licht.  &nbsp;   Aluminium Foil Tape     AT205 is a pressure sensitive matt black lacquered aluminium foil tape with a high temperature dispersion acrylic adhesive.  The tape offers excellent flame retardant properties when in position and has an excellent temperature range that makes it ideal for use on heat generating equipment and is also water resistant, enabling the tape to be used where damp or moisture is present.  Its matt black finish and non reflective surface minimises light glare during application. Ideal for blocking light leakages from floor cans, projectors, barn doors and other light sources.","og_url":"https:\/\/advancetapes.com\/de\/products\/at205-mattschwarzes-aluminium-advance-gaffa-band\/","og_site_name":"Advance Tapes","article_modified_time":"2025-03-12T08:57:59+00:00","og_image":[{"width":750,"height":750,"url":"https:\/\/advancetapes.com\/wp-content\/uploads\/2021\/01\/AT0205-100.jpg","type":"image\/jpeg"}],"twitter_card":"summary_large_image","twitter_misc":{"Est. reading time":"1 minute"},"schema":{"@context":"https:\/\/schema.org","@graph":[{"@type":"WebPage","@id":"https:\/\/advancetapes.com\/de\/products\/at205-mattschwarzes-aluminium-advance-gaffa-band\/","url":"https:\/\/advancetapes.com\/de\/products\/at205-mattschwarzes-aluminium-advance-gaffa-band\/","name":"AT0205 Mattschwarzes Aluminium Advance Gaffa \u00ae-Band - Advance Tapes","isPartOf":{"@id":"https:\/\/advancetapes.com\/de\/#website"},"primaryImageOfPage":{"@id":"https:\/\/advancetapes.com\/de\/products\/at205-mattschwarzes-aluminium-advance-gaffa-band\/#primaryimage"},"image":{"@id":"https:\/\/advancetapes.com\/de\/products\/at205-mattschwarzes-aluminium-advance-gaffa-band\/#primaryimage"},"thumbnailUrl":"https:\/\/advancetapes.com\/wp-content\/uploads\/2021\/01\/AT0205-100.jpg","datePublished":"2021-01-02T23:42:38+00:00","dateModified":"2025-03-12T08:57:59+00:00","breadcrumb":{"@id":"https:\/\/advancetapes.com\/de\/products\/at205-mattschwarzes-aluminium-advance-gaffa-band\/#breadcrumb"},"inLanguage":"de-DE","potentialAction":[{"@type":"ReadAction","target":["https:\/\/advancetapes.com\/de\/products\/at205-mattschwarzes-aluminium-advance-gaffa-band\/"]}]},{"@type":"ImageObject","inLanguage":"de-DE","@id":"https:\/\/advancetapes.com\/de\/products\/at205-mattschwarzes-aluminium-advance-gaffa-band\/#primaryimage","url":"https:\/\/advancetapes.com\/wp-content\/uploads\/2021\/01\/AT0205-100.jpg","contentUrl":"https:\/\/advancetapes.com\/wp-content\/uploads\/2021\/01\/AT0205-100.jpg","width":750,"height":750},{"@type":"BreadcrumbList","@id":"https:\/\/advancetapes.com\/de\/products\/at205-mattschwarzes-aluminium-advance-gaffa-band\/#breadcrumb","itemListElement":[{"@type":"ListItem","position":1,"name":"Home","item":"https:\/\/advancetapes.com\/de\/"},{"@type":"ListItem","position":2,"name":"Products","item":"https:\/\/advancetapes.com\/de\/products\/"},{"@type":"ListItem","position":3,"name":"AT0205 Mattschwarzes Aluminium Advance Gaffa \u00ae-Band"}]},{"@type":"WebSite","@id":"https:\/\/advancetapes.com\/de\/#website","url":"https:\/\/advancetapes.com\/de\/","name":"Advance Tapes","description":"Adding more to adhesive tape","potentialAction":[{"@type":"SearchAction","target":{"@type":"EntryPoint","urlTemplate":"https:\/\/advancetapes.com\/de\/?s={search_term_string}"},"query-input":{"@type":"PropertyValueSpecification","valueRequired":true,"valueName":"search_term_string"}}],"inLanguage":"de-DE"}]}},"_links":{"self":[{"href":"https:\/\/advancetapes.com\/de\/wp-json\/wp\/v2\/product\/5801","targetHints":{"allow":["GET"]}}],"collection":[{"href":"https:\/\/advancetapes.com\/de\/wp-json\/wp\/v2\/product"}],"about":[{"href":"https:\/\/advancetapes.com\/de\/wp-json\/wp\/v2\/types\/product"}],"wp:featuredmedia":[{"embeddable":true,"href":"https:\/\/advancetapes.com\/de\/wp-json\/wp\/v2\/media\/2891"}],"wp:attachment":[{"href":"https:\/\/advancetapes.com\/de\/wp-json\/wp\/v2\/media?parent=5801"}],"wp:term":[{"taxonomy":"product_brand","embeddable":true,"href":"https:\/\/advancetapes.com\/de\/wp-json\/wp\/v2\/product_brand?post=5801"},{"taxonomy":"product_cat","embeddable":true,"href":"https:\/\/advancetapes.com\/de\/wp-json\/wp\/v2\/product_cat?post=5801"},{"taxonomy":"product_tag","embeddable":true,"href":"https:\/\/advancetapes.com\/de\/wp-json\/wp\/v2\/product_tag?post=5801"}],"curies":[{"name":"wp","href":"https:\/\/api.w.org\/{rel}","templated":true}]}}