{"id":5800,"date":"2021-01-02T23:38:16","date_gmt":"2021-01-02T23:38:16","guid":{"rendered":"https:\/\/advancetapes.com\/products\/at395-umgekehrt-gewickeltesdoppelseitiges-transferband\/"},"modified":"2021-04-12T23:06:22","modified_gmt":"2021-04-12T23:06:22","slug":"at395-umgekehrt-gewickeltesdoppelseitiges-transferband","status":"publish","type":"product","link":"https:\/\/advancetapes.com\/de\/products\/at395-umgekehrt-gewickeltesdoppelseitiges-transferband\/","title":{"rendered":"AT395 Umgekehrt Gewickeltesdoppelseitiges Transferband"},"content":{"rendered":"<div  class='tabcontainer av-kjftr0sh-5cbeaf8b0626cf654d5dd98b301fff40 top_tab  avia-builder-el-0  avia-builder-el-no-sibling '>\n<section class='av_tab_section av_tab_section av-10hhfu-a4f8e3ffb28593902b03d4fcb9c021d9'  itemscope=\"itemscope\" itemtype=\"https:\/\/schema.org\/CreativeWork\" ><div id='tab-id-1-tab' class='tab active_tab' role='tab' aria-selected=\"true\" tabindex=\"0\" data-fake-id='#tab-id-1' aria-controls='tab-id-1-content'  itemprop=\"headline\" >Funktionen<\/div><div id='tab-id-1-content' class='tab_content active_tab_content' role='tabpanel' aria-labelledby='tab-id-1-tab' aria-hidden=\"false\"><div class='tab_inner_content invers-color'  itemprop=\"text\" ><ul>\n<li>Ausgezeichneter Temperaturbereich<\/li>\n<li>UV-best\u00e4ndig<\/li>\n<li>Hohe Soforthaftung<\/li>\n<\/ul>\n<\/div><\/div><\/section>\n<section class='av_tab_section av_tab_section av-x29he-6acdabb3e91a27c21d7e1ccbb69e64a7'  itemscope=\"itemscope\" itemtype=\"https:\/\/schema.org\/CreativeWork\" ><div id='tab-id-2-tab' class='tab' role='tab' aria-selected=\"false\" tabindex=\"0\" data-fake-id='#tab-id-2' aria-controls='tab-id-2-content'  itemprop=\"headline\" >Applications<\/div><div id='tab-id-2-content' class='tab_content' role='tabpanel' aria-labelledby='tab-id-2-tab' aria-hidden=\"true\"><div class='tab_inner_content invers-color'  itemprop=\"text\" ><ul>\n<li>Leiterplattenverbindung<\/li>\n<li>Herstellung von selbstklebenden Umschl\u00e4gen<\/li>\n<li>Herstellung von Blisterpackungen<\/li>\n<li>Point-of-Sale-Fixierung<\/li>\n<\/ul>\n<\/div><\/div><\/section>\n<section class='av_tab_section av_tab_section av-qwx4a-2acc0e0683f1e55bcc45473f8caa8132'  itemscope=\"itemscope\" itemtype=\"https:\/\/schema.org\/CreativeWork\" ><div id='tab-id-3-tab' class='tab' role='tab' aria-selected=\"false\" tabindex=\"0\" data-fake-id='#tab-id-3' aria-controls='tab-id-3-content'  itemprop=\"headline\" >Technical<\/div><div id='tab-id-3-content' class='tab_content' role='tabpanel' aria-labelledby='tab-id-3-tab' aria-hidden=\"true\"><div class='tab_inner_content invers-color'  itemprop=\"text\" ><table cellspacing=\"0\" cellpadding=\"0\">\n<tbody>\n<tr>\n<td><strong>Produkttyp<\/strong><\/td>\n<td>Doppel-seitig<\/td>\n<\/tr>\n<tr>\n<td><strong>Klebstoff-Typ<\/strong><\/td>\n<td>Acrylat auf L\u00f6semittelbasis<\/td>\n<\/tr>\n<tr>\n<td><strong>Gesamtdicke<\/strong><\/td>\n<td>0.04 mm<\/td>\n<\/tr>\n<tr>\n<td><strong>Klebkraft auf Stahl Bedeckte Seite<\/strong><\/td>\n<td>3.5 N\/cm<\/td>\n<\/tr>\n<tr>\n<td><strong>Klebkraft auf Stahl Offene Seite<\/strong><\/td>\n<td>3.5 N\/cm<\/td>\n<\/tr>\n<tr>\n<td><strong>Service Temperature<\/strong><\/td>\n<td>-10\u00b0C to +100\u00b0C<\/td>\n<\/tr>\n<tr>\n<td><strong>Max Service Temperature (Short Term)<\/strong><\/td>\n<td>+130\u00b0C<\/td>\n<\/tr>\n<tr>\n<td><strong>RoHS \u00fcbereinstimmend<\/strong><\/td>\n<td>Ja<\/td>\n<\/tr>\n<\/tbody>\n<\/table>\n<\/div><\/div><\/section>\n<section class='av_tab_section av_tab_section av-piqt-c78631c4603ff59fef417d06594d5e20'  itemscope=\"itemscope\" itemtype=\"https:\/\/schema.org\/CreativeWork\" ><div id='tab-id-4-tab' class='tab' role='tab' aria-selected=\"false\" tabindex=\"0\" data-fake-id='#tab-id-4' aria-controls='tab-id-4-content'  itemprop=\"headline\" >Colours<\/div><div id='tab-id-4-content' class='tab_content' role='tabpanel' aria-labelledby='tab-id-4-tab' aria-hidden=\"true\"><div class='tab_inner_content invers-color'  itemprop=\"text\" ><\/div><\/div><\/section>\n<\/div>\n","protected":false},"excerpt":{"rendered":"<p><strong>(Fran\u00e7ais) Le plus \u00e9pais parmi les rubans adh\u00e9sif double face PVC<\/strong><\/p>\n<p>&nbsp;<\/p>\n<div class=\"first_para_desc\">\n<p>AT395 ist ein transparenter, fiberglasverst\u00e4rkter Acrylkleber auf L\u00f6sungsmittelbasis auf einem braunen, silikonisierten Trennpapier. Er wird auf einem 25 mm Plastikkern geliefert, passend f\u00fcr Handabroller.<br \/>\nAT395 kann wegen seiner Widerstandsf\u00e4higkeit gegen Feuchtigkeit und UV-Licht im Au\u00dfenbereich eingesetzt werden.<\/p>\n<\/div>\n","protected":false},"featured_media":2889,"template":"","meta":{"_acf_changed":false},"product_brand":[],"product_cat":[362],"product_tag":[352],"class_list":{"0":"post-5800","1":"product","2":"type-product","3":"status-publish","4":"has-post-thumbnail","6":"product_cat-heavy-duty-double-sided-sticky-tape-de","7":"product_tag-industrial-consumables-de","9":"first","10":"instock","11":"shipping-taxable","12":"product-type-simple"},"acf":[],"yoast_head":"<!-- This site is optimized with the Yoast SEO plugin v27.3 - https:\/\/yoast.com\/product\/yoast-seo-wordpress\/ -->\n<title>AT395 Umgekehrt Gewickeltesdoppelseitiges Transferband - Advance Tapes<\/title>\n<meta name=\"robots\" content=\"index, follow, max-snippet:-1, max-image-preview:large, max-video-preview:-1\" \/>\n<link rel=\"canonical\" href=\"https:\/\/advancetapes.com\/de\/products\/at395-umgekehrt-gewickeltesdoppelseitiges-transferband\/\" \/>\n<meta property=\"og:locale\" content=\"de_DE\" \/>\n<meta property=\"og:type\" content=\"article\" \/>\n<meta property=\"og:title\" content=\"AT395 Umgekehrt Gewickeltesdoppelseitiges Transferband - Advance Tapes\" \/>\n<meta property=\"og:description\" content=\"(Fran\u00e7ais) Le plus \u00e9pais parmi les rubans adh\u00e9sif double face PVC  &nbsp;   AT395 ist ein transparenter, fiberglasverst\u00e4rkter Acrylkleber auf L\u00f6sungsmittelbasis auf einem braunen, silikonisierten Trennpapier. Er wird auf einem 25 mm Plastikkern geliefert, passend f\u00fcr Handabroller. AT395 kann wegen seiner Widerstandsf\u00e4higkeit gegen Feuchtigkeit und UV-Licht im Au\u00dfenbereich eingesetzt werden.\" \/>\n<meta property=\"og:url\" content=\"https:\/\/advancetapes.com\/de\/products\/at395-umgekehrt-gewickeltesdoppelseitiges-transferband\/\" \/>\n<meta property=\"og:site_name\" content=\"Advance Tapes\" \/>\n<meta property=\"article:modified_time\" content=\"2021-04-12T23:06:22+00:00\" \/>\n<meta property=\"og:image\" content=\"https:\/\/advancetapes.com\/wp-content\/uploads\/2021\/01\/Advance-Tapes_AT0395_Yellow.jpg\" \/>\n\t<meta property=\"og:image:width\" content=\"600\" \/>\n\t<meta property=\"og:image:height\" content=\"600\" \/>\n\t<meta property=\"og:image:type\" content=\"image\/jpeg\" \/>\n<meta name=\"twitter:card\" content=\"summary_large_image\" \/>\n<meta name=\"twitter:label1\" content=\"Est. reading time\" \/>\n\t<meta name=\"twitter:data1\" content=\"1 minute\" \/>\n<!-- \/ Yoast SEO plugin. -->","yoast_head_json":{"title":"AT395 Umgekehrt Gewickeltesdoppelseitiges Transferband - Advance Tapes","robots":{"index":"index","follow":"follow","max-snippet":"max-snippet:-1","max-image-preview":"max-image-preview:large","max-video-preview":"max-video-preview:-1"},"canonical":"https:\/\/advancetapes.com\/de\/products\/at395-umgekehrt-gewickeltesdoppelseitiges-transferband\/","og_locale":"de_DE","og_type":"article","og_title":"AT395 Umgekehrt Gewickeltesdoppelseitiges Transferband - Advance Tapes","og_description":"(Fran\u00e7ais) Le plus \u00e9pais parmi les rubans adh\u00e9sif double face PVC  &nbsp;   AT395 ist ein transparenter, fiberglasverst\u00e4rkter Acrylkleber auf L\u00f6sungsmittelbasis auf einem braunen, silikonisierten Trennpapier. Er wird auf einem 25 mm Plastikkern geliefert, passend f\u00fcr Handabroller. AT395 kann wegen seiner Widerstandsf\u00e4higkeit gegen Feuchtigkeit und UV-Licht im Au\u00dfenbereich eingesetzt werden.","og_url":"https:\/\/advancetapes.com\/de\/products\/at395-umgekehrt-gewickeltesdoppelseitiges-transferband\/","og_site_name":"Advance Tapes","article_modified_time":"2021-04-12T23:06:22+00:00","og_image":[{"width":600,"height":600,"url":"https:\/\/advancetapes.com\/wp-content\/uploads\/2021\/01\/Advance-Tapes_AT0395_Yellow.jpg","type":"image\/jpeg"}],"twitter_card":"summary_large_image","twitter_misc":{"Est. reading time":"1 minute"},"schema":{"@context":"https:\/\/schema.org","@graph":[{"@type":"WebPage","@id":"https:\/\/advancetapes.com\/de\/products\/at395-umgekehrt-gewickeltesdoppelseitiges-transferband\/","url":"https:\/\/advancetapes.com\/de\/products\/at395-umgekehrt-gewickeltesdoppelseitiges-transferband\/","name":"AT395 Umgekehrt Gewickeltesdoppelseitiges Transferband - Advance Tapes","isPartOf":{"@id":"https:\/\/advancetapes.com\/de\/#website"},"primaryImageOfPage":{"@id":"https:\/\/advancetapes.com\/de\/products\/at395-umgekehrt-gewickeltesdoppelseitiges-transferband\/#primaryimage"},"image":{"@id":"https:\/\/advancetapes.com\/de\/products\/at395-umgekehrt-gewickeltesdoppelseitiges-transferband\/#primaryimage"},"thumbnailUrl":"https:\/\/advancetapes.com\/wp-content\/uploads\/2021\/01\/Advance-Tapes_AT0395_Yellow.jpg","datePublished":"2021-01-02T23:38:16+00:00","dateModified":"2021-04-12T23:06:22+00:00","breadcrumb":{"@id":"https:\/\/advancetapes.com\/de\/products\/at395-umgekehrt-gewickeltesdoppelseitiges-transferband\/#breadcrumb"},"inLanguage":"de-DE","potentialAction":[{"@type":"ReadAction","target":["https:\/\/advancetapes.com\/de\/products\/at395-umgekehrt-gewickeltesdoppelseitiges-transferband\/"]}]},{"@type":"ImageObject","inLanguage":"de-DE","@id":"https:\/\/advancetapes.com\/de\/products\/at395-umgekehrt-gewickeltesdoppelseitiges-transferband\/#primaryimage","url":"https:\/\/advancetapes.com\/wp-content\/uploads\/2021\/01\/Advance-Tapes_AT0395_Yellow.jpg","contentUrl":"https:\/\/advancetapes.com\/wp-content\/uploads\/2021\/01\/Advance-Tapes_AT0395_Yellow.jpg","width":600,"height":600},{"@type":"BreadcrumbList","@id":"https:\/\/advancetapes.com\/de\/products\/at395-umgekehrt-gewickeltesdoppelseitiges-transferband\/#breadcrumb","itemListElement":[{"@type":"ListItem","position":1,"name":"Home","item":"https:\/\/advancetapes.com\/de\/"},{"@type":"ListItem","position":2,"name":"Products","item":"https:\/\/advancetapes.com\/de\/products\/"},{"@type":"ListItem","position":3,"name":"AT395 Umgekehrt Gewickeltesdoppelseitiges Transferband"}]},{"@type":"WebSite","@id":"https:\/\/advancetapes.com\/de\/#website","url":"https:\/\/advancetapes.com\/de\/","name":"Advance Tapes","description":"Adding more to adhesive tape","potentialAction":[{"@type":"SearchAction","target":{"@type":"EntryPoint","urlTemplate":"https:\/\/advancetapes.com\/de\/?s={search_term_string}"},"query-input":{"@type":"PropertyValueSpecification","valueRequired":true,"valueName":"search_term_string"}}],"inLanguage":"de-DE"}]}},"_links":{"self":[{"href":"https:\/\/advancetapes.com\/de\/wp-json\/wp\/v2\/product\/5800","targetHints":{"allow":["GET"]}}],"collection":[{"href":"https:\/\/advancetapes.com\/de\/wp-json\/wp\/v2\/product"}],"about":[{"href":"https:\/\/advancetapes.com\/de\/wp-json\/wp\/v2\/types\/product"}],"wp:featuredmedia":[{"embeddable":true,"href":"https:\/\/advancetapes.com\/de\/wp-json\/wp\/v2\/media\/2889"}],"wp:attachment":[{"href":"https:\/\/advancetapes.com\/de\/wp-json\/wp\/v2\/media?parent=5800"}],"wp:term":[{"taxonomy":"product_brand","embeddable":true,"href":"https:\/\/advancetapes.com\/de\/wp-json\/wp\/v2\/product_brand?post=5800"},{"taxonomy":"product_cat","embeddable":true,"href":"https:\/\/advancetapes.com\/de\/wp-json\/wp\/v2\/product_cat?post=5800"},{"taxonomy":"product_tag","embeddable":true,"href":"https:\/\/advancetapes.com\/de\/wp-json\/wp\/v2\/product_tag?post=5800"}],"curies":[{"name":"wp","href":"https:\/\/api.w.org\/{rel}","templated":true}]}}