{"id":5788,"date":"2021-01-02T22:59:55","date_gmt":"2021-01-02T22:59:55","guid":{"rendered":"https:\/\/advancetapes.com\/products\/wasserdichtes-textilband-in-nuklearqualitat-at712\/"},"modified":"2025-03-12T09:06:47","modified_gmt":"2025-03-12T09:06:47","slug":"wasserdichtes-textilband-in-nuklearqualitat-at712","status":"publish","type":"product","link":"https:\/\/advancetapes.com\/de\/products\/wasserdichtes-textilband-in-nuklearqualitat-at712\/","title":{"rendered":"AT0712 Wasserdichtes Textilband In Nuklearqualit\u00e4t"},"content":{"rendered":"<div  class='tabcontainer av-kjftr0sh-5cbeaf8b0626cf654d5dd98b301fff40 top_tab  avia-builder-el-0  avia-builder-el-no-sibling '>\n<section class='av_tab_section av_tab_section av-121m8y-3a1435e78ee6da9d723265c9fff4e302'  itemscope=\"itemscope\" itemtype=\"https:\/\/schema.org\/CreativeWork\" ><div id='tab-id-1-tab' class='tab active_tab' role='tab' aria-selected=\"true\" tabindex=\"0\" data-fake-id='#tab-id-1' aria-controls='tab-id-1-content'  itemprop=\"headline\" >Funktionen<\/div><div id='tab-id-1-content' class='tab_content active_tab_content' role='tabpanel' aria-labelledby='tab-id-1-tab' aria-hidden=\"false\"><div class='tab_inner_content invers-color'  itemprop=\"text\" ><ul>\n<li>Sehr leicht abzurei\u00dfen<\/li>\n<li>Sehr gute Best\u00e4ndigkeit gegen Wasser<\/li>\n<li>Gute Abriebfestigkeit<\/li>\n<li>Kann beschriftet werden<\/li>\n<li>Minimale Reaktion mit der Oberfl\u00e4chevon Spezialst\u00e4hlen<\/li>\n<li>Einzeln eingeschweisst und auf Kunstoffkern geliefert, um niedrigen Halogengehalt zu gew\u00e4hrleisten.<\/li>\n<\/ul>\n<\/div><\/div><\/section>\n<section class='av_tab_section av_tab_section av-uelsa-a4d90417de620f06635b9eb357be95c4'  itemscope=\"itemscope\" itemtype=\"https:\/\/schema.org\/CreativeWork\" ><div id='tab-id-2-tab' class='tab' role='tab' aria-selected=\"false\" tabindex=\"0\" data-fake-id='#tab-id-2' aria-controls='tab-id-2-content'  itemprop=\"headline\" >Applications<\/div><div id='tab-id-2-content' class='tab_content' role='tabpanel' aria-labelledby='tab-id-2-tab' aria-hidden=\"true\"><div class='tab_inner_content invers-color'  itemprop=\"text\" ><ul>\n<li>Folien verbinden<\/li>\n<li>Dichtkissen und Folien<\/li>\n<li>Schutz von Edelstahlrohren<\/li>\n<li>Unterst\u00fctzen Sie tempor\u00e4re Vorh\u00e4nge<\/li>\n<li>Abdichtender Schutzoverall<\/li>\n<\/ul>\n<\/div><\/div><\/section>\n<section class='av_tab_section av_tab_section av-q9x5u-178cc0ad06118d386efc9086d1cc393d'  itemscope=\"itemscope\" itemtype=\"https:\/\/schema.org\/CreativeWork\" ><div id='tab-id-3-tab' class='tab' role='tab' aria-selected=\"false\" tabindex=\"0\" data-fake-id='#tab-id-3' aria-controls='tab-id-3-content'  itemprop=\"headline\" >Technical<\/div><div id='tab-id-3-content' class='tab_content' role='tabpanel' aria-labelledby='tab-id-3-tab' aria-hidden=\"true\"><div class='tab_inner_content invers-color'  itemprop=\"text\" ><div class=\"col-xs-24 col-sm-12\">\n<table cellspacing=\"0\" cellpadding=\"0\">\n<tbody>\n<tr>\n<td><strong>Produkttyp<\/strong><\/td>\n<td>Gewebe<\/td>\n<\/tr>\n<tr>\n<td><strong>Klebstoff-Typ<\/strong><\/td>\n<td>Naturkautschuk, l\u00f6semittelfrei<\/td>\n<\/tr>\n<tr>\n<td><strong>Gesamtdicke<\/strong><\/td>\n<td>0.27 mm<\/td>\n<\/tr>\n<tr>\n<td><strong>Bruchlast<\/strong><\/td>\n<td>41 N\/cm<\/td>\n<\/tr>\n<tr>\n<td><strong>Bruchdehnung<\/strong><\/td>\n<td>18%<\/td>\n<\/tr>\n<tr>\n<td><strong>Klebkraft auf Stahl<\/strong><\/td>\n<td>6.0 N\/cm<\/td>\n<\/tr>\n<tr>\n<td><strong>Klebkraft auf Bandr\u00fccken<\/strong><\/td>\n<td>3.5 N\/cm<\/td>\n<\/tr>\n<tr>\n<td><strong>Service Temperature<\/strong><\/td>\n<td>-35\u00b0C to +70\u00b0C<\/td>\n<\/tr>\n<tr>\n<td><strong>RoHS \u00fcbereinstimmend<\/strong><\/td>\n<td>Ja<\/td>\n<\/tr>\n<tr>\n<td><strong>Specification<\/strong><\/td>\n<td>EDF (Frankreich)<\/td>\n<\/tr>\n<\/tbody>\n<\/table>\n<\/div>\n<\/div><\/div><\/section>\n<section class='av_tab_section av_tab_section av-piqt-c78631c4603ff59fef417d06594d5e20'  itemscope=\"itemscope\" itemtype=\"https:\/\/schema.org\/CreativeWork\" ><div id='tab-id-4-tab' class='tab' role='tab' aria-selected=\"false\" tabindex=\"0\" data-fake-id='#tab-id-4' aria-controls='tab-id-4-content'  itemprop=\"headline\" >Colours<\/div><div id='tab-id-4-content' class='tab_content' role='tabpanel' aria-labelledby='tab-id-4-tab' aria-hidden=\"true\"><div class='tab_inner_content invers-color'  itemprop=\"text\" ><\/div><\/div><\/section>\n<\/div>\n","protected":false},"excerpt":{"rendered":"<p><strong>AT712 in Wei\u00df entspricht den Anforderungen von EDF (Frankreich).<br \/>\nSpezifikation Gesamt-Halogene 1000PPM max. und Schwefel 1000PPM max.\u00a0 <\/strong><strong>Feuerklasse M1<\/strong><\/p>\n<p>&nbsp;<\/p>\n<p>AT712 ist ein extrudiertes, r\u00fcckstandsfreies*, gl\u00e4nzendes Poly-Gewebeband, beschichtet mit einem aggressiven, wei\u00dfen, druckempfindlichen, l\u00f6sungsmittelfreien Kautschukkleber, speziell entwickelt f\u00fcr Kernkraftwerke und Unterseeboote.<\/p>\n<p>Das Band ist einzeln verpackt und auf einem Plastikkern hergestellt, um den niedrigen Halogengehalt einzuhalten und zum Schutz vor Verunreinigung durch Papierfasern und andere R\u00fcckst\u00e4nde. Mit seiner minimalen Reaktion auf speziellen Stahloberfl\u00e4chen ist AT712 ideal zum Schutz von Edelstahlrohren. Dieses leicht rei\u00dfbare Nuklear-Band kann auch zum Verschlu\u00df von Schutzkleidung, S\u00e4cken und Folien eingesetzt werden.<\/p>\n<p><em>*Wir empfehlen, da\u00df sich der Anwender vor Einsatz von der Eignung des Bandes f\u00fcr seine Anwendung \u00fcberzeugt.<\/em><\/p>\n<div class=\"rest_of_desc\"><\/div>\n","protected":false},"featured_media":13407,"template":"","meta":{"_acf_changed":false},"product_brand":[],"product_cat":[527,348],"product_tag":[358,350,356,352,357],"class_list":{"0":"post-5788","1":"product","2":"type-product","3":"status-publish","4":"has-post-thumbnail","6":"product_cat-atf-stock-de","7":"product_cat-cloth-tape-and-duct-tapes","8":"product_tag-asbestos-de","9":"product_tag-building-de","10":"product_tag-hevac-de","11":"product_tag-industrial-consumables-de","12":"product_tag-nuclear-de","14":"first","15":"instock","16":"shipping-taxable","17":"product-type-simple"},"acf":[],"yoast_head":"<!-- This site is optimized with the Yoast SEO plugin v27.3 - https:\/\/yoast.com\/product\/yoast-seo-wordpress\/ -->\n<title>AT0712 Wasserdichtes Textilband In Nuklearqualit\u00e4t - Advance Tapes<\/title>\n<meta name=\"robots\" content=\"index, follow, max-snippet:-1, max-image-preview:large, max-video-preview:-1\" \/>\n<link rel=\"canonical\" href=\"https:\/\/advancetapes.com\/de\/products\/wasserdichtes-textilband-in-nuklearqualitat-at712\/\" \/>\n<meta property=\"og:locale\" content=\"de_DE\" \/>\n<meta property=\"og:type\" content=\"article\" \/>\n<meta property=\"og:title\" content=\"AT0712 Wasserdichtes Textilband In Nuklearqualit\u00e4t - Advance Tapes\" \/>\n<meta property=\"og:description\" content=\"AT712 in Wei\u00df entspricht den Anforderungen von EDF (Frankreich). Spezifikation Gesamt-Halogene 1000PPM max. und Schwefel 1000PPM max.\u00a0 Feuerklasse M1  &nbsp;  AT712 ist ein extrudiertes, r\u00fcckstandsfreies*, gl\u00e4nzendes Poly-Gewebeband, beschichtet mit einem aggressiven, wei\u00dfen, druckempfindlichen, l\u00f6sungsmittelfreien Kautschukkleber, speziell entwickelt f\u00fcr Kernkraftwerke und Unterseeboote.  Das Band ist einzeln verpackt und auf einem Plastikkern hergestellt, um den niedrigen Halogengehalt einzuhalten und zum Schutz vor Verunreinigung durch Papierfasern und andere R\u00fcckst\u00e4nde. Mit seiner minimalen Reaktion auf speziellen Stahloberfl\u00e4chen ist AT712 ideal zum Schutz von Edelstahlrohren. Dieses leicht rei\u00dfbare Nuklear-Band kann auch zum Verschlu\u00df von Schutzkleidung, S\u00e4cken und Folien eingesetzt werden.  *Wir empfehlen, da\u00df sich der Anwender vor Einsatz von der Eignung des Bandes f\u00fcr seine Anwendung \u00fcberzeugt.\" \/>\n<meta property=\"og:url\" content=\"https:\/\/advancetapes.com\/de\/products\/wasserdichtes-textilband-in-nuklearqualitat-at712\/\" \/>\n<meta property=\"og:site_name\" content=\"Advance Tapes\" \/>\n<meta property=\"article:modified_time\" content=\"2025-03-12T09:06:47+00:00\" \/>\n<meta property=\"og:image\" content=\"https:\/\/advancetapes.com\/wp-content\/uploads\/2021\/01\/AT712-White-scaled.png\" \/>\n\t<meta property=\"og:image:width\" content=\"2560\" \/>\n\t<meta property=\"og:image:height\" content=\"2560\" \/>\n\t<meta property=\"og:image:type\" content=\"image\/png\" \/>\n<meta name=\"twitter:card\" content=\"summary_large_image\" \/>\n<meta name=\"twitter:label1\" content=\"Est. reading time\" \/>\n\t<meta name=\"twitter:data1\" content=\"1 minute\" \/>\n<!-- \/ Yoast SEO plugin. -->","yoast_head_json":{"title":"AT0712 Wasserdichtes Textilband In Nuklearqualit\u00e4t - Advance Tapes","robots":{"index":"index","follow":"follow","max-snippet":"max-snippet:-1","max-image-preview":"max-image-preview:large","max-video-preview":"max-video-preview:-1"},"canonical":"https:\/\/advancetapes.com\/de\/products\/wasserdichtes-textilband-in-nuklearqualitat-at712\/","og_locale":"de_DE","og_type":"article","og_title":"AT0712 Wasserdichtes Textilband In Nuklearqualit\u00e4t - Advance Tapes","og_description":"AT712 in Wei\u00df entspricht den Anforderungen von EDF (Frankreich). Spezifikation Gesamt-Halogene 1000PPM max. und Schwefel 1000PPM max.\u00a0 Feuerklasse M1  &nbsp;  AT712 ist ein extrudiertes, r\u00fcckstandsfreies*, gl\u00e4nzendes Poly-Gewebeband, beschichtet mit einem aggressiven, wei\u00dfen, druckempfindlichen, l\u00f6sungsmittelfreien Kautschukkleber, speziell entwickelt f\u00fcr Kernkraftwerke und Unterseeboote.  Das Band ist einzeln verpackt und auf einem Plastikkern hergestellt, um den niedrigen Halogengehalt einzuhalten und zum Schutz vor Verunreinigung durch Papierfasern und andere R\u00fcckst\u00e4nde. Mit seiner minimalen Reaktion auf speziellen Stahloberfl\u00e4chen ist AT712 ideal zum Schutz von Edelstahlrohren. Dieses leicht rei\u00dfbare Nuklear-Band kann auch zum Verschlu\u00df von Schutzkleidung, S\u00e4cken und Folien eingesetzt werden.  *Wir empfehlen, da\u00df sich der Anwender vor Einsatz von der Eignung des Bandes f\u00fcr seine Anwendung \u00fcberzeugt.","og_url":"https:\/\/advancetapes.com\/de\/products\/wasserdichtes-textilband-in-nuklearqualitat-at712\/","og_site_name":"Advance Tapes","article_modified_time":"2025-03-12T09:06:47+00:00","og_image":[{"width":2560,"height":2560,"url":"https:\/\/advancetapes.com\/wp-content\/uploads\/2021\/01\/AT712-White-scaled.png","type":"image\/png"}],"twitter_card":"summary_large_image","twitter_misc":{"Est. reading time":"1 minute"},"schema":{"@context":"https:\/\/schema.org","@graph":[{"@type":"WebPage","@id":"https:\/\/advancetapes.com\/de\/products\/wasserdichtes-textilband-in-nuklearqualitat-at712\/","url":"https:\/\/advancetapes.com\/de\/products\/wasserdichtes-textilband-in-nuklearqualitat-at712\/","name":"AT0712 Wasserdichtes Textilband In Nuklearqualit\u00e4t - Advance Tapes","isPartOf":{"@id":"https:\/\/advancetapes.com\/de\/#website"},"primaryImageOfPage":{"@id":"https:\/\/advancetapes.com\/de\/products\/wasserdichtes-textilband-in-nuklearqualitat-at712\/#primaryimage"},"image":{"@id":"https:\/\/advancetapes.com\/de\/products\/wasserdichtes-textilband-in-nuklearqualitat-at712\/#primaryimage"},"thumbnailUrl":"https:\/\/advancetapes.com\/wp-content\/uploads\/2021\/01\/AT712-White-scaled.png","datePublished":"2021-01-02T22:59:55+00:00","dateModified":"2025-03-12T09:06:47+00:00","breadcrumb":{"@id":"https:\/\/advancetapes.com\/de\/products\/wasserdichtes-textilband-in-nuklearqualitat-at712\/#breadcrumb"},"inLanguage":"de-DE","potentialAction":[{"@type":"ReadAction","target":["https:\/\/advancetapes.com\/de\/products\/wasserdichtes-textilband-in-nuklearqualitat-at712\/"]}]},{"@type":"ImageObject","inLanguage":"de-DE","@id":"https:\/\/advancetapes.com\/de\/products\/wasserdichtes-textilband-in-nuklearqualitat-at712\/#primaryimage","url":"https:\/\/advancetapes.com\/wp-content\/uploads\/2021\/01\/AT712-White-scaled.png","contentUrl":"https:\/\/advancetapes.com\/wp-content\/uploads\/2021\/01\/AT712-White-scaled.png","width":2560,"height":2560},{"@type":"BreadcrumbList","@id":"https:\/\/advancetapes.com\/de\/products\/wasserdichtes-textilband-in-nuklearqualitat-at712\/#breadcrumb","itemListElement":[{"@type":"ListItem","position":1,"name":"Home","item":"https:\/\/advancetapes.com\/de\/"},{"@type":"ListItem","position":2,"name":"Products","item":"https:\/\/advancetapes.com\/de\/products\/"},{"@type":"ListItem","position":3,"name":"AT0712 Wasserdichtes Textilband In Nuklearqualit\u00e4t"}]},{"@type":"WebSite","@id":"https:\/\/advancetapes.com\/de\/#website","url":"https:\/\/advancetapes.com\/de\/","name":"Advance Tapes","description":"Adding more to adhesive tape","potentialAction":[{"@type":"SearchAction","target":{"@type":"EntryPoint","urlTemplate":"https:\/\/advancetapes.com\/de\/?s={search_term_string}"},"query-input":{"@type":"PropertyValueSpecification","valueRequired":true,"valueName":"search_term_string"}}],"inLanguage":"de-DE"}]}},"_links":{"self":[{"href":"https:\/\/advancetapes.com\/de\/wp-json\/wp\/v2\/product\/5788","targetHints":{"allow":["GET"]}}],"collection":[{"href":"https:\/\/advancetapes.com\/de\/wp-json\/wp\/v2\/product"}],"about":[{"href":"https:\/\/advancetapes.com\/de\/wp-json\/wp\/v2\/types\/product"}],"wp:featuredmedia":[{"embeddable":true,"href":"https:\/\/advancetapes.com\/de\/wp-json\/wp\/v2\/media\/13407"}],"wp:attachment":[{"href":"https:\/\/advancetapes.com\/de\/wp-json\/wp\/v2\/media?parent=5788"}],"wp:term":[{"taxonomy":"product_brand","embeddable":true,"href":"https:\/\/advancetapes.com\/de\/wp-json\/wp\/v2\/product_brand?post=5788"},{"taxonomy":"product_cat","embeddable":true,"href":"https:\/\/advancetapes.com\/de\/wp-json\/wp\/v2\/product_cat?post=5788"},{"taxonomy":"product_tag","embeddable":true,"href":"https:\/\/advancetapes.com\/de\/wp-json\/wp\/v2\/product_tag?post=5788"}],"curies":[{"name":"wp","href":"https:\/\/api.w.org\/{rel}","templated":true}]}}