{"id":5785,"date":"2021-01-02T22:46:43","date_gmt":"2021-01-02T22:46:43","guid":{"rendered":"https:\/\/advancetapes.com\/products\/at4003-glasfaser-gewebeband-klasse-h-180c\/"},"modified":"2022-04-04T16:26:20","modified_gmt":"2022-04-04T16:26:20","slug":"at4003-glasfaser-gewebeband-klasse-h-180c","status":"publish","type":"product","link":"https:\/\/advancetapes.com\/de\/products\/at4003-glasfaser-gewebeband-klasse-h-180c\/","title":{"rendered":"AT4003 Glasfaser-Gewebeband, Klasse H, 180\u00b0C"},"content":{"rendered":"<div  class='tabcontainer av-kjftr0sh-5cbeaf8b0626cf654d5dd98b301fff40 top_tab  avia-builder-el-0  avia-builder-el-no-sibling '>\n<section class='av_tab_section av_tab_section av-14s8e2-eb7aca3382cd0ed06392edc97e8948de'  itemscope=\"itemscope\" itemtype=\"https:\/\/schema.org\/CreativeWork\" ><div id='tab-id-1-tab' class='tab active_tab' role='tab' aria-selected=\"true\" tabindex=\"0\" data-fake-id='#tab-id-1' aria-controls='tab-id-1-content'  itemprop=\"headline\" >Funktionen<\/div><div id='tab-id-1-content' class='tab_content active_tab_content' role='tabpanel' aria-labelledby='tab-id-1-tab' aria-hidden=\"false\"><div class='tab_inner_content invers-color'  itemprop=\"text\" ><ul>\n<li>Silikonkleber<\/li>\n<li>Sehr hohe Temperaturbest\u00e4ndigkeit<\/li>\n<li>Flammhemmend nach UL 510<\/li>\n<li>Hervorragende Best\u00e4ndigkeit gegen S\u00e4uren und \u00d6le<\/li>\n<\/ul>\n<\/div><\/div><\/section>\n<section class='av_tab_section av_tab_section av-zpj8a-245897d17c0ad01a97bd607c5b56b860'  itemscope=\"itemscope\" itemtype=\"https:\/\/schema.org\/CreativeWork\" ><div id='tab-id-2-tab' class='tab' role='tab' aria-selected=\"false\" tabindex=\"0\" data-fake-id='#tab-id-2' aria-controls='tab-id-2-content'  itemprop=\"headline\" >Applications<\/div><div id='tab-id-2-content' class='tab_content' role='tabpanel' aria-labelledby='tab-id-2-tab' aria-hidden=\"true\"><div class='tab_inner_content invers-color'  itemprop=\"text\" ><ul>\n<li>Elektrische Isolierung der Spulen<\/li>\n<li>Isolierung von quadratischen Leitern in Traktionsmotoren und Generatoren<\/li>\n<li>Dehnungsband von Spulen und Ankerwicklungen<\/li>\n<li>Terminierungsgeb\u00e4ude zum Schutz der \u00e4u\u00dferen Wicklungslage<\/li>\n<\/ul>\n<\/div><\/div><\/section>\n<section class='av_tab_section av_tab_section av-sg8le-eaca6aae9adf8ed2622fc3d65881ba08'  itemscope=\"itemscope\" itemtype=\"https:\/\/schema.org\/CreativeWork\" ><div id='tab-id-3-tab' class='tab' role='tab' aria-selected=\"false\" tabindex=\"0\" data-fake-id='#tab-id-3' aria-controls='tab-id-3-content'  itemprop=\"headline\" >Technical<\/div><div id='tab-id-3-content' class='tab_content' role='tabpanel' aria-labelledby='tab-id-3-tab' aria-hidden=\"true\"><div class='tab_inner_content invers-color'  itemprop=\"text\" ><div class=\"col-xs-24 col-sm-12\">\n<table cellspacing=\"0\" cellpadding=\"0\">\n<tbody>\n<tr>\n<td><strong>Produkttyp<\/strong><\/td>\n<td>Gewebe<\/td>\n<\/tr>\n<tr>\n<td><strong>Klebstoff-Typ<\/strong><\/td>\n<td>Silikon<\/td>\n<\/tr>\n<tr>\n<td><strong>Gesamtdicke<\/strong><\/td>\n<td>0.18 mm<\/td>\n<\/tr>\n<tr>\n<td><strong>Bruchlast<\/strong><\/td>\n<td>280 N\/cm<\/td>\n<\/tr>\n<tr>\n<td><strong>Bruchdehnung<\/strong><\/td>\n<td>5%<\/td>\n<\/tr>\n<tr>\n<td><strong>Klebkraft auf Stahl<\/strong><\/td>\n<td>2.8 N\/cm<\/td>\n<\/tr>\n<tr>\n<td><strong>Service Temperature<\/strong><\/td>\n<td>0\u00b0C to +180\u00b0C<\/td>\n<\/tr>\n<tr>\n<td><strong>Breakdown Voltage<\/strong><\/td>\n<td>2.5 kV<\/td>\n<\/tr>\n<tr>\n<td><strong>RoHS \u00fcbereinstimmend<\/strong><\/td>\n<td>Ja<\/td>\n<\/tr>\n<tr>\n<td><strong>Specification<\/strong><\/td>\n<td>FLAMMHEMMEND NACH UL 510. BS EN 60454-3-8 TYP 3<\/td>\n<\/tr>\n<\/tbody>\n<\/table>\n<\/div>\n<\/div><\/div><\/section>\n<section class='av_tab_section av_tab_section av-piqt-c78631c4603ff59fef417d06594d5e20'  itemscope=\"itemscope\" itemtype=\"https:\/\/schema.org\/CreativeWork\" ><div id='tab-id-4-tab' class='tab' role='tab' aria-selected=\"false\" tabindex=\"0\" data-fake-id='#tab-id-4' aria-controls='tab-id-4-content'  itemprop=\"headline\" >Colours<\/div><div id='tab-id-4-content' class='tab_content' role='tabpanel' aria-labelledby='tab-id-4-tab' aria-hidden=\"true\"><div class='tab_inner_content invers-color'  itemprop=\"text\" ><\/div><\/div><\/section>\n<\/div>\n","protected":false},"excerpt":{"rendered":"<p><strong>AT4003 ist anerkannt von UL und entspricht BS EN 60454-3-8 Typ 3<\/strong><\/p>\n<p>AT4003 ist ein flammhemmendes, einseitig beschichtetes Glasfaser-Gewebeband mit einem Silikonkleber, eingesetzt zur Elektroisolation von Spulen, zur Isolation von Flachleitern in Stellmotoren und Generatoren, zur Druckumwicklung von Spulen und Ankerwicklungen.<\/p>\n<p>Geeignet f\u00fcr Elektroisolations-Anwendungen ist das Band s\u00e4urebest\u00e4ndig, best\u00e4ndig gegen \u00d6le und extrem hohen Temperaturen (bis zu +180\u00b0C). AT 4003 hat hohe mechanische Festigkeit und unterst\u00fctzt deshalb das Tragen von Lasten.<\/p>\n<p>Das Band entspricht den Anforderungen von UL510 f\u00fcr Flammhemmung und ist anerkannt von UL. AT4003 entspricht auch EN BS 60454-3-8, Typ 3.<\/p>\n<p>&nbsp;<\/p>\n<p>&nbsp;<\/p>\n<div class=\"first_para_desc\">\n<p>&nbsp;<\/p>\n<\/div>\n","protected":false},"featured_media":2837,"template":"","meta":{"_acf_changed":false},"product_brand":[],"product_cat":[348],"product_tag":[351,352],"class_list":{"0":"post-5785","1":"product","2":"type-product","3":"status-publish","4":"has-post-thumbnail","6":"product_cat-cloth-tape-and-duct-tapes","7":"product_tag-entertainment-de","8":"product_tag-industrial-consumables-de","10":"first","11":"instock","12":"shipping-taxable","13":"product-type-simple"},"acf":[],"yoast_head":"<!-- This site is optimized with the Yoast SEO plugin v27.4 - https:\/\/yoast.com\/product\/yoast-seo-wordpress\/ -->\n<title>AT4003 Glasfaser-Gewebeband, Klasse H, 180\u00b0C - Advance Tapes<\/title>\n<meta name=\"robots\" content=\"index, follow, max-snippet:-1, max-image-preview:large, max-video-preview:-1\" \/>\n<link rel=\"canonical\" href=\"https:\/\/advancetapes.com\/de\/products\/at4003-glasfaser-gewebeband-klasse-h-180c\/\" \/>\n<meta property=\"og:locale\" content=\"de_DE\" \/>\n<meta property=\"og:type\" content=\"article\" \/>\n<meta property=\"og:title\" content=\"AT4003 Glasfaser-Gewebeband, Klasse H, 180\u00b0C - Advance Tapes\" \/>\n<meta property=\"og:description\" content=\"AT4003 ist anerkannt von UL und entspricht BS EN 60454-3-8 Typ 3  AT4003 ist ein flammhemmendes, einseitig beschichtetes Glasfaser-Gewebeband mit einem Silikonkleber, eingesetzt zur Elektroisolation von Spulen, zur Isolation von Flachleitern in Stellmotoren und Generatoren, zur Druckumwicklung von Spulen und Ankerwicklungen.  Geeignet f\u00fcr Elektroisolations-Anwendungen ist das Band s\u00e4urebest\u00e4ndig, best\u00e4ndig gegen \u00d6le und extrem hohen Temperaturen (bis zu +180\u00b0C). AT 4003 hat hohe mechanische Festigkeit und unterst\u00fctzt deshalb das Tragen von Lasten.  Das Band entspricht den Anforderungen von UL510 f\u00fcr Flammhemmung und ist anerkannt von UL. AT4003 entspricht auch EN BS 60454-3-8, Typ 3.  &nbsp;  &nbsp;   &nbsp;\" \/>\n<meta property=\"og:url\" content=\"https:\/\/advancetapes.com\/de\/products\/at4003-glasfaser-gewebeband-klasse-h-180c\/\" \/>\n<meta property=\"og:site_name\" content=\"Advance Tapes\" \/>\n<meta property=\"article:modified_time\" content=\"2022-04-04T16:26:20+00:00\" \/>\n<meta property=\"og:image\" content=\"https:\/\/advancetapes.com\/wp-content\/uploads\/2021\/01\/Advance-Tapes_AT4003_White-1.jpg\" \/>\n\t<meta property=\"og:image:width\" content=\"600\" \/>\n\t<meta property=\"og:image:height\" content=\"600\" \/>\n\t<meta property=\"og:image:type\" content=\"image\/jpeg\" \/>\n<meta name=\"twitter:card\" content=\"summary_large_image\" \/>\n<meta name=\"twitter:label1\" content=\"Est. reading time\" \/>\n\t<meta name=\"twitter:data1\" content=\"1 minute\" \/>\n<!-- \/ Yoast SEO plugin. -->","yoast_head_json":{"title":"AT4003 Glasfaser-Gewebeband, Klasse H, 180\u00b0C - Advance Tapes","robots":{"index":"index","follow":"follow","max-snippet":"max-snippet:-1","max-image-preview":"max-image-preview:large","max-video-preview":"max-video-preview:-1"},"canonical":"https:\/\/advancetapes.com\/de\/products\/at4003-glasfaser-gewebeband-klasse-h-180c\/","og_locale":"de_DE","og_type":"article","og_title":"AT4003 Glasfaser-Gewebeband, Klasse H, 180\u00b0C - Advance Tapes","og_description":"AT4003 ist anerkannt von UL und entspricht BS EN 60454-3-8 Typ 3  AT4003 ist ein flammhemmendes, einseitig beschichtetes Glasfaser-Gewebeband mit einem Silikonkleber, eingesetzt zur Elektroisolation von Spulen, zur Isolation von Flachleitern in Stellmotoren und Generatoren, zur Druckumwicklung von Spulen und Ankerwicklungen.  Geeignet f\u00fcr Elektroisolations-Anwendungen ist das Band s\u00e4urebest\u00e4ndig, best\u00e4ndig gegen \u00d6le und extrem hohen Temperaturen (bis zu +180\u00b0C). AT 4003 hat hohe mechanische Festigkeit und unterst\u00fctzt deshalb das Tragen von Lasten.  Das Band entspricht den Anforderungen von UL510 f\u00fcr Flammhemmung und ist anerkannt von UL. AT4003 entspricht auch EN BS 60454-3-8, Typ 3.  &nbsp;  &nbsp;   &nbsp;","og_url":"https:\/\/advancetapes.com\/de\/products\/at4003-glasfaser-gewebeband-klasse-h-180c\/","og_site_name":"Advance Tapes","article_modified_time":"2022-04-04T16:26:20+00:00","og_image":[{"width":600,"height":600,"url":"https:\/\/advancetapes.com\/wp-content\/uploads\/2021\/01\/Advance-Tapes_AT4003_White-1.jpg","type":"image\/jpeg"}],"twitter_card":"summary_large_image","twitter_misc":{"Est. reading time":"1 minute"},"schema":{"@context":"https:\/\/schema.org","@graph":[{"@type":"WebPage","@id":"https:\/\/advancetapes.com\/de\/products\/at4003-glasfaser-gewebeband-klasse-h-180c\/","url":"https:\/\/advancetapes.com\/de\/products\/at4003-glasfaser-gewebeband-klasse-h-180c\/","name":"AT4003 Glasfaser-Gewebeband, Klasse H, 180\u00b0C - Advance Tapes","isPartOf":{"@id":"https:\/\/advancetapes.com\/de\/#website"},"primaryImageOfPage":{"@id":"https:\/\/advancetapes.com\/de\/products\/at4003-glasfaser-gewebeband-klasse-h-180c\/#primaryimage"},"image":{"@id":"https:\/\/advancetapes.com\/de\/products\/at4003-glasfaser-gewebeband-klasse-h-180c\/#primaryimage"},"thumbnailUrl":"https:\/\/advancetapes.com\/wp-content\/uploads\/2021\/01\/Advance-Tapes_AT4003_White-1.jpg","datePublished":"2021-01-02T22:46:43+00:00","dateModified":"2022-04-04T16:26:20+00:00","breadcrumb":{"@id":"https:\/\/advancetapes.com\/de\/products\/at4003-glasfaser-gewebeband-klasse-h-180c\/#breadcrumb"},"inLanguage":"de-DE","potentialAction":[{"@type":"ReadAction","target":["https:\/\/advancetapes.com\/de\/products\/at4003-glasfaser-gewebeband-klasse-h-180c\/"]}]},{"@type":"ImageObject","inLanguage":"de-DE","@id":"https:\/\/advancetapes.com\/de\/products\/at4003-glasfaser-gewebeband-klasse-h-180c\/#primaryimage","url":"https:\/\/advancetapes.com\/wp-content\/uploads\/2021\/01\/Advance-Tapes_AT4003_White-1.jpg","contentUrl":"https:\/\/advancetapes.com\/wp-content\/uploads\/2021\/01\/Advance-Tapes_AT4003_White-1.jpg","width":600,"height":600},{"@type":"BreadcrumbList","@id":"https:\/\/advancetapes.com\/de\/products\/at4003-glasfaser-gewebeband-klasse-h-180c\/#breadcrumb","itemListElement":[{"@type":"ListItem","position":1,"name":"Home","item":"https:\/\/advancetapes.com\/de\/"},{"@type":"ListItem","position":2,"name":"Products","item":"https:\/\/advancetapes.com\/de\/products\/"},{"@type":"ListItem","position":3,"name":"AT4003 Glasfaser-Gewebeband, Klasse H, 180\u00b0C"}]},{"@type":"WebSite","@id":"https:\/\/advancetapes.com\/de\/#website","url":"https:\/\/advancetapes.com\/de\/","name":"Advance Tapes","description":"Adding more to adhesive tape","potentialAction":[{"@type":"SearchAction","target":{"@type":"EntryPoint","urlTemplate":"https:\/\/advancetapes.com\/de\/?s={search_term_string}"},"query-input":{"@type":"PropertyValueSpecification","valueRequired":true,"valueName":"search_term_string"}}],"inLanguage":"de-DE"}]}},"_links":{"self":[{"href":"https:\/\/advancetapes.com\/de\/wp-json\/wp\/v2\/product\/5785","targetHints":{"allow":["GET"]}}],"collection":[{"href":"https:\/\/advancetapes.com\/de\/wp-json\/wp\/v2\/product"}],"about":[{"href":"https:\/\/advancetapes.com\/de\/wp-json\/wp\/v2\/types\/product"}],"wp:featuredmedia":[{"embeddable":true,"href":"https:\/\/advancetapes.com\/de\/wp-json\/wp\/v2\/media\/2837"}],"wp:attachment":[{"href":"https:\/\/advancetapes.com\/de\/wp-json\/wp\/v2\/media?parent=5785"}],"wp:term":[{"taxonomy":"product_brand","embeddable":true,"href":"https:\/\/advancetapes.com\/de\/wp-json\/wp\/v2\/product_brand?post=5785"},{"taxonomy":"product_cat","embeddable":true,"href":"https:\/\/advancetapes.com\/de\/wp-json\/wp\/v2\/product_cat?post=5785"},{"taxonomy":"product_tag","embeddable":true,"href":"https:\/\/advancetapes.com\/de\/wp-json\/wp\/v2\/product_tag?post=5785"}],"curies":[{"name":"wp","href":"https:\/\/api.w.org\/{rel}","templated":true}]}}