{"id":5783,"date":"2021-01-02T22:20:26","date_gmt":"2021-01-02T22:20:26","guid":{"rendered":"https:\/\/advancetapes.com\/products\/at4001-glasfaser-gewebeband-klasse-b-130c\/"},"modified":"2022-04-04T15:57:48","modified_gmt":"2022-04-04T15:57:48","slug":"at4001-glasfaser-gewebeband-klasse-b-130c","status":"publish","type":"product","link":"https:\/\/advancetapes.com\/de\/products\/at4001-glasfaser-gewebeband-klasse-b-130c\/","title":{"rendered":"AT4001 Glasfaser-Gewebeband, Klasse B, 130\u00b0C"},"content":{"rendered":"<div  class='tabcontainer av-kjftr0sh-5cbeaf8b0626cf654d5dd98b301fff40 top_tab  avia-builder-el-0  avia-builder-el-no-sibling '>\n<section class='av_tab_section av_tab_section av-128xch-f3bebbea0b2f084860c5478b8c0b3e99'  itemscope=\"itemscope\" itemtype=\"https:\/\/schema.org\/CreativeWork\" ><div id='tab-id-1-tab' class='tab active_tab' role='tab' aria-selected=\"true\" tabindex=\"0\" data-fake-id='#tab-id-1' aria-controls='tab-id-1-content'  itemprop=\"headline\" >Funktionen<\/div><div id='tab-id-1-content' class='tab_content active_tab_content' role='tabpanel' aria-labelledby='tab-id-1-tab' aria-hidden=\"false\"><div class='tab_inner_content invers-color'  itemprop=\"text\" ><ul>\n<li>Hohe mechanische Festigkeit<\/li>\n<li>Hohe Temperaturbest\u00e4ndigkeit<\/li>\n<li>W\u00e4rmeh\u00e4rtender Kautschukkleber<\/li>\n<\/ul>\n<\/div><\/div><\/section>\n<section class='av_tab_section av_tab_section av-ujgx5-d0619ae89aee21e439b5759a79a1f825'  itemscope=\"itemscope\" itemtype=\"https:\/\/schema.org\/CreativeWork\" ><div id='tab-id-2-tab' class='tab' role='tab' aria-selected=\"false\" tabindex=\"0\" data-fake-id='#tab-id-2' aria-controls='tab-id-2-content'  itemprop=\"headline\" >Applications<\/div><div id='tab-id-2-content' class='tab_content' role='tabpanel' aria-labelledby='tab-id-2-tab' aria-hidden=\"true\"><div class='tab_inner_content invers-color'  itemprop=\"text\" ><ul>\n<li>Elektrische Isolierung der Spulen<\/li>\n<li>Isolierung von quadratischen Leitern in Traktionsmotoren und Generatoren<\/li>\n<li>Dehnungsband von Spulen und Ankerwicklungen<\/li>\n<li>Terminierungsgeb\u00e4ude zum Schutz der \u00e4u\u00dferen Wicklungslage<\/li>\n<\/ul>\n<\/div><\/div><\/section>\n<section class='av_tab_section av_tab_section av-tpoe1-40fcd8001dd92616fc9251ba3148a20f'  itemscope=\"itemscope\" itemtype=\"https:\/\/schema.org\/CreativeWork\" ><div id='tab-id-3-tab' class='tab' role='tab' aria-selected=\"false\" tabindex=\"0\" data-fake-id='#tab-id-3' aria-controls='tab-id-3-content'  itemprop=\"headline\" >Technical<\/div><div id='tab-id-3-content' class='tab_content' role='tabpanel' aria-labelledby='tab-id-3-tab' aria-hidden=\"true\"><div class='tab_inner_content invers-color'  itemprop=\"text\" ><div class=\"col-xs-24 col-sm-12\">\n<table cellspacing=\"0\" cellpadding=\"0\">\n<tbody>\n<tr>\n<td><strong>Produkttyp<\/strong><\/td>\n<td>Gewebe<\/td>\n<\/tr>\n<tr>\n<td><strong>Klebstoff-Typ<\/strong><\/td>\n<td>W\u00e4rmeh\u00e4rtender, l\u00f6semittelbasierender Kautschuk-Harz<\/td>\n<\/tr>\n<tr>\n<td><strong>Gesamtdicke<\/strong><\/td>\n<td>0.18mm<\/td>\n<\/tr>\n<tr>\n<td><strong>Bruchlast<\/strong><\/td>\n<td>280 N\/cm<\/td>\n<\/tr>\n<tr>\n<td><strong>Bruchdehnung<\/strong><\/td>\n<td>5%<\/td>\n<\/tr>\n<tr>\n<td><strong>Klebkraft auf Stahl<\/strong><\/td>\n<td>3.0 N\/cm<\/td>\n<\/tr>\n<tr>\n<td><strong>Service Temperature<\/strong><\/td>\n<td>0\u00b0C to +130\u00b0C<\/td>\n<\/tr>\n<tr>\n<td><strong>Breakdown Voltage<\/strong><\/td>\n<td>2.5 kV<\/td>\n<\/tr>\n<tr>\n<td><strong>RoHS \u00fcbereinstimmend<\/strong><\/td>\n<td>Ja<\/td>\n<\/tr>\n<tr>\n<td><strong>Specification<\/strong><\/td>\n<td>ABGENOMMEN VON UL. BS EN 60454-3-8 TYP 1<\/td>\n<\/tr>\n<\/tbody>\n<\/table>\n<\/div>\n<\/div><\/div><\/section>\n<section class='av_tab_section av_tab_section av-piqt-c78631c4603ff59fef417d06594d5e20'  itemscope=\"itemscope\" itemtype=\"https:\/\/schema.org\/CreativeWork\" ><div id='tab-id-4-tab' class='tab' role='tab' aria-selected=\"false\" tabindex=\"0\" data-fake-id='#tab-id-4' aria-controls='tab-id-4-content'  itemprop=\"headline\" >Colours<\/div><div id='tab-id-4-content' class='tab_content' role='tabpanel' aria-labelledby='tab-id-4-tab' aria-hidden=\"true\"><div class='tab_inner_content invers-color'  itemprop=\"text\" ><\/div><\/div><\/section>\n<\/div>\n","protected":false},"excerpt":{"rendered":"<p><strong>AT4001 ist anerkannt von UL und entspricht BS EN 60454-3-8, Typ 1<\/strong><\/p>\n<p>AT4001 ist ein einseitig beschichtetes Glasgewebe-Band mit einem w\u00e4rmeh\u00e4rtenden, l\u00f6sungsmittelhaltigen Kautschukkleber, eingesetzt zur Elektroisolation von Spulen, Isolation von Flachleitern in Stellmotoren und Generatoren und zur Druckumwicklung von Spulen und Ankerwicklungen.<\/p>\n<p>Es hat sehr hohe Temperaturbest\u00e4ndigkeit bis 130\u00b0C und hohe mechanische Festigkeit. Dadurch hilft das Band, Gewicht zu tragen.<\/p>\n<p>AT4001 ist flammhemmend nach UL510 und entspricht BS EN 60454-3-8, Typ 1.<\/p>\n","protected":false},"featured_media":2829,"template":"","meta":{"_acf_changed":false},"product_brand":[],"product_cat":[348],"product_tag":[352],"class_list":{"0":"post-5783","1":"product","2":"type-product","3":"status-publish","4":"has-post-thumbnail","6":"product_cat-cloth-tape-and-duct-tapes","7":"product_tag-industrial-consumables-de","9":"first","10":"instock","11":"shipping-taxable","12":"product-type-simple"},"acf":[],"yoast_head":"<!-- This site is optimized with the Yoast SEO plugin v27.3 - https:\/\/yoast.com\/product\/yoast-seo-wordpress\/ -->\n<title>AT4001 Glasfaser-Gewebeband, Klasse B, 130\u00b0C - Advance Tapes<\/title>\n<meta name=\"robots\" content=\"index, follow, max-snippet:-1, max-image-preview:large, max-video-preview:-1\" \/>\n<link rel=\"canonical\" href=\"https:\/\/advancetapes.com\/de\/products\/at4001-glasfaser-gewebeband-klasse-b-130c\/\" \/>\n<meta property=\"og:locale\" content=\"de_DE\" \/>\n<meta property=\"og:type\" content=\"article\" \/>\n<meta property=\"og:title\" content=\"AT4001 Glasfaser-Gewebeband, Klasse B, 130\u00b0C - Advance Tapes\" \/>\n<meta property=\"og:description\" content=\"AT4001 ist anerkannt von UL und entspricht BS EN 60454-3-8, Typ 1  AT4001 ist ein einseitig beschichtetes Glasgewebe-Band mit einem w\u00e4rmeh\u00e4rtenden, l\u00f6sungsmittelhaltigen Kautschukkleber, eingesetzt zur Elektroisolation von Spulen, Isolation von Flachleitern in Stellmotoren und Generatoren und zur Druckumwicklung von Spulen und Ankerwicklungen.  Es hat sehr hohe Temperaturbest\u00e4ndigkeit bis 130\u00b0C und hohe mechanische Festigkeit. Dadurch hilft das Band, Gewicht zu tragen.  AT4001 ist flammhemmend nach UL510 und entspricht BS EN 60454-3-8, Typ 1.\" \/>\n<meta property=\"og:url\" content=\"https:\/\/advancetapes.com\/de\/products\/at4001-glasfaser-gewebeband-klasse-b-130c\/\" \/>\n<meta property=\"og:site_name\" content=\"Advance Tapes\" \/>\n<meta property=\"article:modified_time\" content=\"2022-04-04T15:57:48+00:00\" \/>\n<meta property=\"og:image\" content=\"https:\/\/advancetapes.com\/wp-content\/uploads\/2021\/01\/Advance-Tapes_AT4001_White.jpg\" \/>\n\t<meta property=\"og:image:width\" content=\"600\" \/>\n\t<meta property=\"og:image:height\" content=\"600\" \/>\n\t<meta property=\"og:image:type\" content=\"image\/jpeg\" \/>\n<meta name=\"twitter:card\" content=\"summary_large_image\" \/>\n<meta name=\"twitter:label1\" content=\"Est. reading time\" \/>\n\t<meta name=\"twitter:data1\" content=\"1 minute\" \/>\n<!-- \/ Yoast SEO plugin. -->","yoast_head_json":{"title":"AT4001 Glasfaser-Gewebeband, Klasse B, 130\u00b0C - Advance Tapes","robots":{"index":"index","follow":"follow","max-snippet":"max-snippet:-1","max-image-preview":"max-image-preview:large","max-video-preview":"max-video-preview:-1"},"canonical":"https:\/\/advancetapes.com\/de\/products\/at4001-glasfaser-gewebeband-klasse-b-130c\/","og_locale":"de_DE","og_type":"article","og_title":"AT4001 Glasfaser-Gewebeband, Klasse B, 130\u00b0C - Advance Tapes","og_description":"AT4001 ist anerkannt von UL und entspricht BS EN 60454-3-8, Typ 1  AT4001 ist ein einseitig beschichtetes Glasgewebe-Band mit einem w\u00e4rmeh\u00e4rtenden, l\u00f6sungsmittelhaltigen Kautschukkleber, eingesetzt zur Elektroisolation von Spulen, Isolation von Flachleitern in Stellmotoren und Generatoren und zur Druckumwicklung von Spulen und Ankerwicklungen.  Es hat sehr hohe Temperaturbest\u00e4ndigkeit bis 130\u00b0C und hohe mechanische Festigkeit. Dadurch hilft das Band, Gewicht zu tragen.  AT4001 ist flammhemmend nach UL510 und entspricht BS EN 60454-3-8, Typ 1.","og_url":"https:\/\/advancetapes.com\/de\/products\/at4001-glasfaser-gewebeband-klasse-b-130c\/","og_site_name":"Advance Tapes","article_modified_time":"2022-04-04T15:57:48+00:00","og_image":[{"width":600,"height":600,"url":"https:\/\/advancetapes.com\/wp-content\/uploads\/2021\/01\/Advance-Tapes_AT4001_White.jpg","type":"image\/jpeg"}],"twitter_card":"summary_large_image","twitter_misc":{"Est. reading time":"1 minute"},"schema":{"@context":"https:\/\/schema.org","@graph":[{"@type":"WebPage","@id":"https:\/\/advancetapes.com\/de\/products\/at4001-glasfaser-gewebeband-klasse-b-130c\/","url":"https:\/\/advancetapes.com\/de\/products\/at4001-glasfaser-gewebeband-klasse-b-130c\/","name":"AT4001 Glasfaser-Gewebeband, Klasse B, 130\u00b0C - Advance Tapes","isPartOf":{"@id":"https:\/\/advancetapes.com\/de\/#website"},"primaryImageOfPage":{"@id":"https:\/\/advancetapes.com\/de\/products\/at4001-glasfaser-gewebeband-klasse-b-130c\/#primaryimage"},"image":{"@id":"https:\/\/advancetapes.com\/de\/products\/at4001-glasfaser-gewebeband-klasse-b-130c\/#primaryimage"},"thumbnailUrl":"https:\/\/advancetapes.com\/wp-content\/uploads\/2021\/01\/Advance-Tapes_AT4001_White.jpg","datePublished":"2021-01-02T22:20:26+00:00","dateModified":"2022-04-04T15:57:48+00:00","breadcrumb":{"@id":"https:\/\/advancetapes.com\/de\/products\/at4001-glasfaser-gewebeband-klasse-b-130c\/#breadcrumb"},"inLanguage":"de-DE","potentialAction":[{"@type":"ReadAction","target":["https:\/\/advancetapes.com\/de\/products\/at4001-glasfaser-gewebeband-klasse-b-130c\/"]}]},{"@type":"ImageObject","inLanguage":"de-DE","@id":"https:\/\/advancetapes.com\/de\/products\/at4001-glasfaser-gewebeband-klasse-b-130c\/#primaryimage","url":"https:\/\/advancetapes.com\/wp-content\/uploads\/2021\/01\/Advance-Tapes_AT4001_White.jpg","contentUrl":"https:\/\/advancetapes.com\/wp-content\/uploads\/2021\/01\/Advance-Tapes_AT4001_White.jpg","width":600,"height":600},{"@type":"BreadcrumbList","@id":"https:\/\/advancetapes.com\/de\/products\/at4001-glasfaser-gewebeband-klasse-b-130c\/#breadcrumb","itemListElement":[{"@type":"ListItem","position":1,"name":"Home","item":"https:\/\/advancetapes.com\/de\/"},{"@type":"ListItem","position":2,"name":"Products","item":"https:\/\/advancetapes.com\/de\/products\/"},{"@type":"ListItem","position":3,"name":"AT4001 Glasfaser-Gewebeband, Klasse B, 130\u00b0C"}]},{"@type":"WebSite","@id":"https:\/\/advancetapes.com\/de\/#website","url":"https:\/\/advancetapes.com\/de\/","name":"Advance Tapes","description":"Adding more to adhesive tape","potentialAction":[{"@type":"SearchAction","target":{"@type":"EntryPoint","urlTemplate":"https:\/\/advancetapes.com\/de\/?s={search_term_string}"},"query-input":{"@type":"PropertyValueSpecification","valueRequired":true,"valueName":"search_term_string"}}],"inLanguage":"de-DE"}]}},"_links":{"self":[{"href":"https:\/\/advancetapes.com\/de\/wp-json\/wp\/v2\/product\/5783","targetHints":{"allow":["GET"]}}],"collection":[{"href":"https:\/\/advancetapes.com\/de\/wp-json\/wp\/v2\/product"}],"about":[{"href":"https:\/\/advancetapes.com\/de\/wp-json\/wp\/v2\/types\/product"}],"wp:featuredmedia":[{"embeddable":true,"href":"https:\/\/advancetapes.com\/de\/wp-json\/wp\/v2\/media\/2829"}],"wp:attachment":[{"href":"https:\/\/advancetapes.com\/de\/wp-json\/wp\/v2\/media?parent=5783"}],"wp:term":[{"taxonomy":"product_brand","embeddable":true,"href":"https:\/\/advancetapes.com\/de\/wp-json\/wp\/v2\/product_brand?post=5783"},{"taxonomy":"product_cat","embeddable":true,"href":"https:\/\/advancetapes.com\/de\/wp-json\/wp\/v2\/product_cat?post=5783"},{"taxonomy":"product_tag","embeddable":true,"href":"https:\/\/advancetapes.com\/de\/wp-json\/wp\/v2\/product_tag?post=5783"}],"curies":[{"name":"wp","href":"https:\/\/api.w.org\/{rel}","templated":true}]}}