{"id":5782,"date":"2021-01-02T22:16:49","date_gmt":"2021-01-02T22:16:49","guid":{"rendered":"https:\/\/advancetapes.com\/products\/at2002-hochspezifiziertes-flammhemmendes-gewebeband-far-25-853a\/"},"modified":"2021-04-13T00:38:04","modified_gmt":"2021-04-13T00:38:04","slug":"at2002-hochspezifiziertes-flammhemmendes-gewebeband-far-25-853a","status":"publish","type":"product","link":"https:\/\/advancetapes.com\/de\/products\/at2002-hochspezifiziertes-flammhemmendes-gewebeband-far-25-853a\/","title":{"rendered":"AT2002 Hochspezifiziertes flammhemmendes Gewebeband &#8211; FAR 25.853(a)"},"content":{"rendered":"<div  class='tabcontainer av-kjftr0sh-5cbeaf8b0626cf654d5dd98b301fff40 top_tab  avia-builder-el-0  avia-builder-el-no-sibling '>\n<section class='av_tab_section av_tab_section av-136u0t-5f4607965295a31357501bc0e79df8b4'  itemscope=\"itemscope\" itemtype=\"https:\/\/schema.org\/CreativeWork\" ><div id='tab-id-1-tab' class='tab active_tab' role='tab' aria-selected=\"true\" tabindex=\"0\" data-fake-id='#tab-id-1' aria-controls='tab-id-1-content'  itemprop=\"headline\" >Funktionen<\/div><div id='tab-id-1-content' class='tab_content active_tab_content' role='tabpanel' aria-labelledby='tab-id-1-tab' aria-hidden=\"false\"><div class='tab_inner_content invers-color'  itemprop=\"text\" ><ul>\n<li>Flammhemmend &#8211; abgenommen nachFAR 25.853<\/li>\n<li>Band zur leichten Identifizierung mit den Spezifikationen bedruckt<\/li>\n<li>Bei 50\u00b0C 4 Tage lang r\u00fcckstandsfreiabzuziehen<\/li>\n<li>Ausgezeichnete Klebkraft<\/li>\n<li>Wasserfest<\/li>\n<li>Gute Abriebfestigkeit<\/li>\n<li>Kann beschriftet werden<\/li>\n<\/ul>\n<\/div><\/div><\/section>\n<section class='av_tab_section av_tab_section av-xaj9x-1a03eaf116616a3fc1832048e4bbbc81'  itemscope=\"itemscope\" itemtype=\"https:\/\/schema.org\/CreativeWork\" ><div id='tab-id-2-tab' class='tab' role='tab' aria-selected=\"false\" tabindex=\"0\" data-fake-id='#tab-id-2' aria-controls='tab-id-2-content'  itemprop=\"headline\" >Applications<\/div><div id='tab-id-2-content' class='tab_content' role='tabpanel' aria-labelledby='tab-id-2-tab' aria-hidden=\"true\"><div class='tab_inner_content invers-color'  itemprop=\"text\" ><ul>\n<li>Schutz und Verbindung beim Bau und \/ oder der Wartung von Flugzeugen, Schiffen, U-Booten und Z\u00fcgen<\/li>\n<li>Abdichtungen zwischen den schwer entflammbaren Platten<\/li>\n<li>Verbinden von Hartfaserw\u00e4nden in Lader\u00e4umen, bekannt als &#8220;Cargo Tape&#8221;<\/li>\n<li>Verbindung von FR-Material auf Offshore-Bohrinseln<\/li>\n<\/ul>\n<\/div><\/div><\/section>\n<section class='av_tab_section av_tab_section av-2siq5-4acdc5546d8620742fd60bab65a321ba'  itemscope=\"itemscope\" itemtype=\"https:\/\/schema.org\/CreativeWork\" ><div id='tab-id-3-tab' class='tab' role='tab' aria-selected=\"false\" tabindex=\"0\" data-fake-id='#tab-id-3' aria-controls='tab-id-3-content'  itemprop=\"headline\" >Technical<\/div><div id='tab-id-3-content' class='tab_content' role='tabpanel' aria-labelledby='tab-id-3-tab' aria-hidden=\"true\"><div class='tab_inner_content invers-color'  itemprop=\"text\" ><div class=\"col-xs-24 col-sm-12\">\n<table cellspacing=\"0\" cellpadding=\"0\">\n<tbody>\n<tr>\n<td><strong>Produkttyp<\/strong><\/td>\n<td>Gewebe<\/td>\n<\/tr>\n<tr>\n<td><strong>Klebstoff-Typ<\/strong><\/td>\n<td>Naturkautschuk, l\u00f6semittelfrei<\/td>\n<\/tr>\n<tr>\n<td><strong>Gesamtdicke<\/strong><\/td>\n<td>0.23 mm<\/td>\n<\/tr>\n<tr>\n<td><strong>Bruchlast<\/strong><\/td>\n<td>38 N\/cm<\/td>\n<\/tr>\n<tr>\n<td><strong>Bruchdehnung<\/strong><\/td>\n<td>45%<\/td>\n<\/tr>\n<tr>\n<td><strong>Klebkraft auf Stahl<\/strong><\/td>\n<td>6.0 N\/cm<\/td>\n<\/tr>\n<tr>\n<td><strong>Klebkraft auf Bandr\u00fccken<\/strong><\/td>\n<td>4.5 N\/cm<\/td>\n<\/tr>\n<tr>\n<td><strong>Service Temperature<\/strong><\/td>\n<td>-10\u00b0C to +60\u00b0C<\/td>\n<\/tr>\n<tr>\n<td><strong>RoHS \u00fcbereinstimmend<\/strong><\/td>\n<td>Ja<\/td>\n<\/tr>\n<tr>\n<td><strong>Specification<\/strong><\/td>\n<td>FAR 25.853(a)<\/td>\n<\/tr>\n<\/tbody>\n<\/table>\n<\/div>\n<\/div><\/div><\/section>\n<section class='av_tab_section av_tab_section av-piqt-c78631c4603ff59fef417d06594d5e20'  itemscope=\"itemscope\" itemtype=\"https:\/\/schema.org\/CreativeWork\" ><div id='tab-id-4-tab' class='tab' role='tab' aria-selected=\"false\" tabindex=\"0\" data-fake-id='#tab-id-4' aria-controls='tab-id-4-content'  itemprop=\"headline\" >Colours<\/div><div id='tab-id-4-content' class='tab_content' role='tabpanel' aria-labelledby='tab-id-4-tab' aria-hidden=\"true\"><div class='tab_inner_content invers-color'  itemprop=\"text\" ><\/div><\/div><\/section>\n<\/div>\n","protected":false},"excerpt":{"rendered":"<p><strong>AT2002 entspricht den Federal Aviation Bestimmungen.<br \/>\nFAR 25.852 beinhaltet Flammhemmung. Sicher f\u00fcr den Einsatz in Flugzeugen, auf Schiffen, U-Booten,in Z\u00fcgen und in der Automobil-Industrie.<\/strong><\/p>\n<p>&nbsp;<\/p>\n<div class=\"first_para_desc\">\n<p>AT2002 ist ein flammhemmendes, laminiertes Gewebeband mit selbstverl\u00f6schenden Eigenschaften. Es ist beschichtet mit einem speziellen druckempfindlichen, l\u00f6sungsmittelfreien Kautschukkleber.<\/p>\n<\/div>\n<div class=\"rest_of_desc\">\n<p>Ideal zum Einsatz in der Luftfahrt, Industrie und der Marine, ist es besonders abrieb- und wasserfest. Es widersteht Temperaturen von bis zu +60\u00b0C. Durch die Anpassungsf\u00e4higkeit ist das Band leicht auf glatten und unebenen Oberfl\u00e4chen eingesetzt werden.<\/p>\n<p>Dieses flammhemmende Gewebeband l\u00e4\u00dft sich r\u00fcckstandsfrei* von den meisten Oberfl\u00e4chen nach 4 Tagen im Einsatz bei +50\u00b0C entfernen.<\/p>\n<p><strong>FAR 25.852 (a)<\/strong><br \/>\nAT2002 entspricht den Federal Aviation Bestimmungen FAR 25.853 (a) f\u00fcr Flammhemmung. Das Band l\u00e4\u00dft sich sicher in Flugzeugen, Schiffen, U-Booten, Z\u00fcgen und in der Automobil-Industrie einsetzen. Diese Spezifizierung ist auf das Band gedruckt, damit es leicht identifiziert werden kann.<\/p>\n<\/div>\n","protected":false},"featured_media":2825,"template":"","meta":{"_acf_changed":false},"product_brand":[],"product_cat":[348,376],"product_tag":[352],"class_list":{"0":"post-5782","1":"product","2":"type-product","3":"status-publish","4":"has-post-thumbnail","6":"product_cat-cloth-tape-and-duct-tapes","7":"product_cat-entertainment-de","8":"product_tag-industrial-consumables-de","10":"first","11":"instock","12":"shipping-taxable","13":"product-type-simple"},"acf":[],"yoast_head":"<!-- This site is optimized with the Yoast SEO plugin v27.3 - https:\/\/yoast.com\/product\/yoast-seo-wordpress\/ -->\n<title>AT2002 Hochspezifiziertes flammhemmendes Gewebeband - FAR 25.853(a) - Advance Tapes<\/title>\n<meta name=\"robots\" content=\"index, follow, max-snippet:-1, max-image-preview:large, max-video-preview:-1\" \/>\n<link rel=\"canonical\" href=\"https:\/\/advancetapes.com\/de\/products\/at2002-hochspezifiziertes-flammhemmendes-gewebeband-far-25-853a\/\" \/>\n<meta property=\"og:locale\" content=\"de_DE\" \/>\n<meta property=\"og:type\" content=\"article\" \/>\n<meta property=\"og:title\" content=\"AT2002 Hochspezifiziertes flammhemmendes Gewebeband - FAR 25.853(a) - Advance Tapes\" \/>\n<meta property=\"og:description\" content=\"AT2002 entspricht den Federal Aviation Bestimmungen. FAR 25.852 beinhaltet Flammhemmung. Sicher f\u00fcr den Einsatz in Flugzeugen, auf Schiffen, U-Booten,in Z\u00fcgen und in der Automobil-Industrie.  &nbsp;   AT2002 ist ein flammhemmendes, laminiertes Gewebeband mit selbstverl\u00f6schenden Eigenschaften. Es ist beschichtet mit einem speziellen druckempfindlichen, l\u00f6sungsmittelfreien Kautschukkleber.     Ideal zum Einsatz in der Luftfahrt, Industrie und der Marine, ist es besonders abrieb- und wasserfest. Es widersteht Temperaturen von bis zu +60\u00b0C. Durch die Anpassungsf\u00e4higkeit ist das Band leicht auf glatten und unebenen Oberfl\u00e4chen eingesetzt werden.  Dieses flammhemmende Gewebeband l\u00e4\u00dft sich r\u00fcckstandsfrei* von den meisten Oberfl\u00e4chen nach 4 Tagen im Einsatz bei +50\u00b0C entfernen.  FAR 25.852 (a) AT2002 entspricht den Federal Aviation Bestimmungen FAR 25.853 (a) f\u00fcr Flammhemmung. Das Band l\u00e4\u00dft sich sicher in Flugzeugen, Schiffen, U-Booten, Z\u00fcgen und in der Automobil-Industrie einsetzen. Diese Spezifizierung ist auf das Band gedruckt, damit es leicht identifiziert werden kann.\" \/>\n<meta property=\"og:url\" content=\"https:\/\/advancetapes.com\/de\/products\/at2002-hochspezifiziertes-flammhemmendes-gewebeband-far-25-853a\/\" \/>\n<meta property=\"og:site_name\" content=\"Advance Tapes\" \/>\n<meta property=\"article:modified_time\" content=\"2021-04-13T00:38:04+00:00\" \/>\n<meta property=\"og:image\" content=\"https:\/\/advancetapes.com\/wp-content\/uploads\/2021\/01\/Advance-Tapes_AT2002_White.jpg\" \/>\n\t<meta property=\"og:image:width\" content=\"600\" \/>\n\t<meta property=\"og:image:height\" content=\"600\" \/>\n\t<meta property=\"og:image:type\" content=\"image\/jpeg\" \/>\n<meta name=\"twitter:card\" content=\"summary_large_image\" \/>\n<meta name=\"twitter:label1\" content=\"Est. reading time\" \/>\n\t<meta name=\"twitter:data1\" content=\"1 minute\" \/>\n<!-- \/ Yoast SEO plugin. -->","yoast_head_json":{"title":"AT2002 Hochspezifiziertes flammhemmendes Gewebeband - FAR 25.853(a) - Advance Tapes","robots":{"index":"index","follow":"follow","max-snippet":"max-snippet:-1","max-image-preview":"max-image-preview:large","max-video-preview":"max-video-preview:-1"},"canonical":"https:\/\/advancetapes.com\/de\/products\/at2002-hochspezifiziertes-flammhemmendes-gewebeband-far-25-853a\/","og_locale":"de_DE","og_type":"article","og_title":"AT2002 Hochspezifiziertes flammhemmendes Gewebeband - FAR 25.853(a) - Advance Tapes","og_description":"AT2002 entspricht den Federal Aviation Bestimmungen. FAR 25.852 beinhaltet Flammhemmung. Sicher f\u00fcr den Einsatz in Flugzeugen, auf Schiffen, U-Booten,in Z\u00fcgen und in der Automobil-Industrie.  &nbsp;   AT2002 ist ein flammhemmendes, laminiertes Gewebeband mit selbstverl\u00f6schenden Eigenschaften. Es ist beschichtet mit einem speziellen druckempfindlichen, l\u00f6sungsmittelfreien Kautschukkleber.     Ideal zum Einsatz in der Luftfahrt, Industrie und der Marine, ist es besonders abrieb- und wasserfest. Es widersteht Temperaturen von bis zu +60\u00b0C. Durch die Anpassungsf\u00e4higkeit ist das Band leicht auf glatten und unebenen Oberfl\u00e4chen eingesetzt werden.  Dieses flammhemmende Gewebeband l\u00e4\u00dft sich r\u00fcckstandsfrei* von den meisten Oberfl\u00e4chen nach 4 Tagen im Einsatz bei +50\u00b0C entfernen.  FAR 25.852 (a) AT2002 entspricht den Federal Aviation Bestimmungen FAR 25.853 (a) f\u00fcr Flammhemmung. Das Band l\u00e4\u00dft sich sicher in Flugzeugen, Schiffen, U-Booten, Z\u00fcgen und in der Automobil-Industrie einsetzen. Diese Spezifizierung ist auf das Band gedruckt, damit es leicht identifiziert werden kann.","og_url":"https:\/\/advancetapes.com\/de\/products\/at2002-hochspezifiziertes-flammhemmendes-gewebeband-far-25-853a\/","og_site_name":"Advance Tapes","article_modified_time":"2021-04-13T00:38:04+00:00","og_image":[{"width":600,"height":600,"url":"https:\/\/advancetapes.com\/wp-content\/uploads\/2021\/01\/Advance-Tapes_AT2002_White.jpg","type":"image\/jpeg"}],"twitter_card":"summary_large_image","twitter_misc":{"Est. reading time":"1 minute"},"schema":{"@context":"https:\/\/schema.org","@graph":[{"@type":"WebPage","@id":"https:\/\/advancetapes.com\/de\/products\/at2002-hochspezifiziertes-flammhemmendes-gewebeband-far-25-853a\/","url":"https:\/\/advancetapes.com\/de\/products\/at2002-hochspezifiziertes-flammhemmendes-gewebeband-far-25-853a\/","name":"AT2002 Hochspezifiziertes flammhemmendes Gewebeband - FAR 25.853(a) - Advance Tapes","isPartOf":{"@id":"https:\/\/advancetapes.com\/de\/#website"},"primaryImageOfPage":{"@id":"https:\/\/advancetapes.com\/de\/products\/at2002-hochspezifiziertes-flammhemmendes-gewebeband-far-25-853a\/#primaryimage"},"image":{"@id":"https:\/\/advancetapes.com\/de\/products\/at2002-hochspezifiziertes-flammhemmendes-gewebeband-far-25-853a\/#primaryimage"},"thumbnailUrl":"https:\/\/advancetapes.com\/wp-content\/uploads\/2021\/01\/Advance-Tapes_AT2002_White.jpg","datePublished":"2021-01-02T22:16:49+00:00","dateModified":"2021-04-13T00:38:04+00:00","breadcrumb":{"@id":"https:\/\/advancetapes.com\/de\/products\/at2002-hochspezifiziertes-flammhemmendes-gewebeband-far-25-853a\/#breadcrumb"},"inLanguage":"de-DE","potentialAction":[{"@type":"ReadAction","target":["https:\/\/advancetapes.com\/de\/products\/at2002-hochspezifiziertes-flammhemmendes-gewebeband-far-25-853a\/"]}]},{"@type":"ImageObject","inLanguage":"de-DE","@id":"https:\/\/advancetapes.com\/de\/products\/at2002-hochspezifiziertes-flammhemmendes-gewebeband-far-25-853a\/#primaryimage","url":"https:\/\/advancetapes.com\/wp-content\/uploads\/2021\/01\/Advance-Tapes_AT2002_White.jpg","contentUrl":"https:\/\/advancetapes.com\/wp-content\/uploads\/2021\/01\/Advance-Tapes_AT2002_White.jpg","width":600,"height":600},{"@type":"BreadcrumbList","@id":"https:\/\/advancetapes.com\/de\/products\/at2002-hochspezifiziertes-flammhemmendes-gewebeband-far-25-853a\/#breadcrumb","itemListElement":[{"@type":"ListItem","position":1,"name":"Home","item":"https:\/\/advancetapes.com\/de\/"},{"@type":"ListItem","position":2,"name":"Products","item":"https:\/\/advancetapes.com\/de\/products\/"},{"@type":"ListItem","position":3,"name":"AT2002 Hochspezifiziertes flammhemmendes Gewebeband &#8211; FAR 25.853(a)"}]},{"@type":"WebSite","@id":"https:\/\/advancetapes.com\/de\/#website","url":"https:\/\/advancetapes.com\/de\/","name":"Advance Tapes","description":"Adding more to adhesive tape","potentialAction":[{"@type":"SearchAction","target":{"@type":"EntryPoint","urlTemplate":"https:\/\/advancetapes.com\/de\/?s={search_term_string}"},"query-input":{"@type":"PropertyValueSpecification","valueRequired":true,"valueName":"search_term_string"}}],"inLanguage":"de-DE"}]}},"_links":{"self":[{"href":"https:\/\/advancetapes.com\/de\/wp-json\/wp\/v2\/product\/5782","targetHints":{"allow":["GET"]}}],"collection":[{"href":"https:\/\/advancetapes.com\/de\/wp-json\/wp\/v2\/product"}],"about":[{"href":"https:\/\/advancetapes.com\/de\/wp-json\/wp\/v2\/types\/product"}],"wp:featuredmedia":[{"embeddable":true,"href":"https:\/\/advancetapes.com\/de\/wp-json\/wp\/v2\/media\/2825"}],"wp:attachment":[{"href":"https:\/\/advancetapes.com\/de\/wp-json\/wp\/v2\/media?parent=5782"}],"wp:term":[{"taxonomy":"product_brand","embeddable":true,"href":"https:\/\/advancetapes.com\/de\/wp-json\/wp\/v2\/product_brand?post=5782"},{"taxonomy":"product_cat","embeddable":true,"href":"https:\/\/advancetapes.com\/de\/wp-json\/wp\/v2\/product_cat?post=5782"},{"taxonomy":"product_tag","embeddable":true,"href":"https:\/\/advancetapes.com\/de\/wp-json\/wp\/v2\/product_tag?post=5782"}],"curies":[{"name":"wp","href":"https:\/\/api.w.org\/{rel}","templated":true}]}}