{"id":5780,"date":"2021-01-02T22:11:44","date_gmt":"2021-01-02T22:11:44","guid":{"rendered":"https:\/\/advancetapes.com\/products\/at713-matt-wasserdichtes-textilband-innuklearqualitat\/"},"modified":"2021-04-13T00:37:10","modified_gmt":"2021-04-13T00:37:10","slug":"at713-matt-wasserdichtes-textilband-innuklearqualitat","status":"publish","type":"product","link":"https:\/\/advancetapes.com\/de\/products\/at713-matt-wasserdichtes-textilband-innuklearqualitat\/","title":{"rendered":"AT713 Matt Wasserdichtes Textilband InNuklearqualit\u00e4t"},"content":{"rendered":"<div  class='tabcontainer av-kjftr0sh-5cbeaf8b0626cf654d5dd98b301fff40 top_tab  avia-builder-el-0  avia-builder-el-no-sibling '>\n<section class='av_tab_section av_tab_section av-14s629-12c45a4053614ab3551519f617c3ea1d'  itemscope=\"itemscope\" itemtype=\"https:\/\/schema.org\/CreativeWork\" ><div id='tab-id-1-tab' class='tab active_tab' role='tab' aria-selected=\"true\" tabindex=\"0\" data-fake-id='#tab-id-1' aria-controls='tab-id-1-content'  itemprop=\"headline\" >Funktionen<\/div><div id='tab-id-1-content' class='tab_content active_tab_content' role='tabpanel' aria-labelledby='tab-id-1-tab' aria-hidden=\"false\"><div class='tab_inner_content invers-color'  itemprop=\"text\" ><ul>\n<li>Stark<\/li>\n<li>R\u00fcckstandsfrei abzuziehen<\/li>\n<li>Flexibel<\/li>\n<li>Sehr leicht abzurei\u00dfen<\/li>\n<li>Sehr gute Best\u00e4ndigkeit gegen Wasser<\/li>\n<li>Gute Abriebfestigkeit<\/li>\n<li>Kann beschriftet werden<\/li>\n<\/ul>\n<\/div><\/div><\/section>\n<section class='av_tab_section av_tab_section av-yq9xd-3631e83b4d94aa26daf92292ee006d05'  itemscope=\"itemscope\" itemtype=\"https:\/\/schema.org\/CreativeWork\" ><div id='tab-id-2-tab' class='tab' role='tab' aria-selected=\"false\" tabindex=\"0\" data-fake-id='#tab-id-2' aria-controls='tab-id-2-content'  itemprop=\"headline\" >Applications<\/div><div id='tab-id-2-content' class='tab_content' role='tabpanel' aria-labelledby='tab-id-2-tab' aria-hidden=\"true\"><div class='tab_inner_content invers-color'  itemprop=\"text\" ><ul>\n<li>Folien verbinden<\/li>\n<li>Dichtkissen und Folien<\/li>\n<li>Schutz von Edelstahlrohren<\/li>\n<li>Unterst\u00fctzen Sie tempor\u00e4re Vorh\u00e4nge<\/li>\n<li>Abdichtender Schutzoverall<\/li>\n<\/ul>\n<\/div><\/div><\/section>\n<section class='av_tab_section av_tab_section av-qj8s9-72f1f6169c11cb5e573a31e916c3ef05'  itemscope=\"itemscope\" itemtype=\"https:\/\/schema.org\/CreativeWork\" ><div id='tab-id-3-tab' class='tab' role='tab' aria-selected=\"false\" tabindex=\"0\" data-fake-id='#tab-id-3' aria-controls='tab-id-3-content'  itemprop=\"headline\" >Technical<\/div><div id='tab-id-3-content' class='tab_content' role='tabpanel' aria-labelledby='tab-id-3-tab' aria-hidden=\"true\"><div class='tab_inner_content invers-color'  itemprop=\"text\" ><div class=\"col-xs-24 col-sm-12\">\n<table cellspacing=\"0\" cellpadding=\"0\">\n<tbody>\n<tr>\n<td><strong>Produkttyp<\/strong><\/td>\n<td>Gewebe<\/td>\n<\/tr>\n<tr>\n<td><strong>Klebstoff-Typ<\/strong><\/td>\n<td>Naturkautschuk, l\u00f6semittelfrei<\/td>\n<\/tr>\n<tr>\n<td><strong>Gesamtdicke<\/strong><\/td>\n<td>0.27 mm<\/td>\n<\/tr>\n<tr>\n<td><strong>Bruchlast<\/strong><\/td>\n<td>41 N\/cm<\/td>\n<\/tr>\n<tr>\n<td><strong>Bruchdehnung<\/strong><\/td>\n<td>18%<\/td>\n<\/tr>\n<tr>\n<td><strong>Klebkraft auf Stahl<\/strong><\/td>\n<td>6.0 N\/cm<\/td>\n<\/tr>\n<tr>\n<td><strong>Klebkraft auf Bandr\u00fccken<\/strong><\/td>\n<td>3.5 N\/cm<\/td>\n<\/tr>\n<tr>\n<td><strong>Service Temperature<\/strong><\/td>\n<td>-35\u00b0C to +70\u00b0C<\/td>\n<\/tr>\n<tr>\n<td><strong>RoHS \u00fcbereinstimmend<\/strong><\/td>\n<td>Naturkautschuk, l\u00f6semittelfrei<\/td>\n<\/tr>\n<\/tbody>\n<\/table>\n<\/div>\n<\/div><\/div><\/section>\n<section class='av_tab_section av_tab_section av-piqt-c78631c4603ff59fef417d06594d5e20'  itemscope=\"itemscope\" itemtype=\"https:\/\/schema.org\/CreativeWork\" ><div id='tab-id-4-tab' class='tab' role='tab' aria-selected=\"false\" tabindex=\"0\" data-fake-id='#tab-id-4' aria-controls='tab-id-4-content'  itemprop=\"headline\" >Colours<\/div><div id='tab-id-4-content' class='tab_content' role='tabpanel' aria-labelledby='tab-id-4-tab' aria-hidden=\"true\"><div class='tab_inner_content invers-color'  itemprop=\"text\" ><\/div><\/div><\/section>\n<\/div>\n","protected":false},"excerpt":{"rendered":"<p><strong>Ein starkes Nuklear-Band<\/strong><\/p>\n<p>&nbsp;<\/p>\n<div class=\"first_para_desc\">\n<p>AT713 ist ein starkes, extrudiertes, r\u00fcckstandsfreies*, mattes Poly-Gewebeband, beschichtet mit einem aggressiven, wei\u00dfen, druckempfindlichen, l\u00f6sungsmittelfreien Kautschukkleber, speziell entwickelt zum Einsatz in Kernkraftwerken und auf U-Booten.<\/p>\n<\/div>\n<div class=\"rest_of_desc\">\n<p>Dieses Nuklear-Band ist geeignet f\u00fcr den Einsatz im Au\u00dfenbereich, da es wasser- und abriebfest ist. Es klebt sehr gut in einem Temperaturbereich von -35\u00b0C bis +70\u00b0C. Sehr anpassungsf\u00e4hig ist AT713 ausgezeichnet geeignet zum Verschlu\u00df von Schutzanz\u00fcgen, S\u00e4cken und Folien.<\/p>\n<p><em>*Wir empfehlen, da\u00df sich der Anwender vor Einsatz von der Eignung des Bandes f\u00fcr seine Anwendung \u00fcberzeugt.<\/em><\/p>\n<\/div>\n","protected":false},"featured_media":2821,"template":"","meta":{"_acf_changed":false},"product_brand":[],"product_cat":[348],"product_tag":[352,357],"class_list":{"0":"post-5780","1":"product","2":"type-product","3":"status-publish","4":"has-post-thumbnail","6":"product_cat-cloth-tape-and-duct-tapes","7":"product_tag-industrial-consumables-de","8":"product_tag-nuclear-de","10":"first","11":"instock","12":"shipping-taxable","13":"product-type-simple"},"acf":[],"yoast_head":"<!-- This site is optimized with the Yoast SEO plugin v27.3 - https:\/\/yoast.com\/product\/yoast-seo-wordpress\/ -->\n<title>AT713 Matt Wasserdichtes Textilband InNuklearqualit\u00e4t - Advance Tapes<\/title>\n<meta name=\"robots\" content=\"index, follow, max-snippet:-1, max-image-preview:large, max-video-preview:-1\" \/>\n<link rel=\"canonical\" href=\"https:\/\/advancetapes.com\/de\/products\/at713-matt-wasserdichtes-textilband-innuklearqualitat\/\" \/>\n<meta property=\"og:locale\" content=\"de_DE\" \/>\n<meta property=\"og:type\" content=\"article\" \/>\n<meta property=\"og:title\" content=\"AT713 Matt Wasserdichtes Textilband InNuklearqualit\u00e4t - Advance Tapes\" \/>\n<meta property=\"og:description\" content=\"Ein starkes Nuklear-Band  &nbsp;   AT713 ist ein starkes, extrudiertes, r\u00fcckstandsfreies*, mattes Poly-Gewebeband, beschichtet mit einem aggressiven, wei\u00dfen, druckempfindlichen, l\u00f6sungsmittelfreien Kautschukkleber, speziell entwickelt zum Einsatz in Kernkraftwerken und auf U-Booten.     Dieses Nuklear-Band ist geeignet f\u00fcr den Einsatz im Au\u00dfenbereich, da es wasser- und abriebfest ist. Es klebt sehr gut in einem Temperaturbereich von -35\u00b0C bis +70\u00b0C. Sehr anpassungsf\u00e4hig ist AT713 ausgezeichnet geeignet zum Verschlu\u00df von Schutzanz\u00fcgen, S\u00e4cken und Folien.  *Wir empfehlen, da\u00df sich der Anwender vor Einsatz von der Eignung des Bandes f\u00fcr seine Anwendung \u00fcberzeugt.\" \/>\n<meta property=\"og:url\" content=\"https:\/\/advancetapes.com\/de\/products\/at713-matt-wasserdichtes-textilband-innuklearqualitat\/\" \/>\n<meta property=\"og:site_name\" content=\"Advance Tapes\" \/>\n<meta property=\"article:modified_time\" content=\"2021-04-13T00:37:10+00:00\" \/>\n<meta property=\"og:image\" content=\"https:\/\/advancetapes.com\/wp-content\/uploads\/2021\/01\/Advance-Tapes_AT711_Yellow.jpg\" \/>\n\t<meta property=\"og:image:width\" content=\"600\" \/>\n\t<meta property=\"og:image:height\" content=\"600\" \/>\n\t<meta property=\"og:image:type\" content=\"image\/jpeg\" \/>\n<meta name=\"twitter:card\" content=\"summary_large_image\" \/>\n<meta name=\"twitter:label1\" content=\"Est. reading time\" \/>\n\t<meta name=\"twitter:data1\" content=\"1 minute\" \/>\n<!-- \/ Yoast SEO plugin. -->","yoast_head_json":{"title":"AT713 Matt Wasserdichtes Textilband InNuklearqualit\u00e4t - Advance Tapes","robots":{"index":"index","follow":"follow","max-snippet":"max-snippet:-1","max-image-preview":"max-image-preview:large","max-video-preview":"max-video-preview:-1"},"canonical":"https:\/\/advancetapes.com\/de\/products\/at713-matt-wasserdichtes-textilband-innuklearqualitat\/","og_locale":"de_DE","og_type":"article","og_title":"AT713 Matt Wasserdichtes Textilband InNuklearqualit\u00e4t - Advance Tapes","og_description":"Ein starkes Nuklear-Band  &nbsp;   AT713 ist ein starkes, extrudiertes, r\u00fcckstandsfreies*, mattes Poly-Gewebeband, beschichtet mit einem aggressiven, wei\u00dfen, druckempfindlichen, l\u00f6sungsmittelfreien Kautschukkleber, speziell entwickelt zum Einsatz in Kernkraftwerken und auf U-Booten.     Dieses Nuklear-Band ist geeignet f\u00fcr den Einsatz im Au\u00dfenbereich, da es wasser- und abriebfest ist. Es klebt sehr gut in einem Temperaturbereich von -35\u00b0C bis +70\u00b0C. Sehr anpassungsf\u00e4hig ist AT713 ausgezeichnet geeignet zum Verschlu\u00df von Schutzanz\u00fcgen, S\u00e4cken und Folien.  *Wir empfehlen, da\u00df sich der Anwender vor Einsatz von der Eignung des Bandes f\u00fcr seine Anwendung \u00fcberzeugt.","og_url":"https:\/\/advancetapes.com\/de\/products\/at713-matt-wasserdichtes-textilband-innuklearqualitat\/","og_site_name":"Advance Tapes","article_modified_time":"2021-04-13T00:37:10+00:00","og_image":[{"width":600,"height":600,"url":"https:\/\/advancetapes.com\/wp-content\/uploads\/2021\/01\/Advance-Tapes_AT711_Yellow.jpg","type":"image\/jpeg"}],"twitter_card":"summary_large_image","twitter_misc":{"Est. reading time":"1 minute"},"schema":{"@context":"https:\/\/schema.org","@graph":[{"@type":"WebPage","@id":"https:\/\/advancetapes.com\/de\/products\/at713-matt-wasserdichtes-textilband-innuklearqualitat\/","url":"https:\/\/advancetapes.com\/de\/products\/at713-matt-wasserdichtes-textilband-innuklearqualitat\/","name":"AT713 Matt Wasserdichtes Textilband InNuklearqualit\u00e4t - Advance Tapes","isPartOf":{"@id":"https:\/\/advancetapes.com\/de\/#website"},"primaryImageOfPage":{"@id":"https:\/\/advancetapes.com\/de\/products\/at713-matt-wasserdichtes-textilband-innuklearqualitat\/#primaryimage"},"image":{"@id":"https:\/\/advancetapes.com\/de\/products\/at713-matt-wasserdichtes-textilband-innuklearqualitat\/#primaryimage"},"thumbnailUrl":"https:\/\/advancetapes.com\/wp-content\/uploads\/2021\/01\/Advance-Tapes_AT711_Yellow.jpg","datePublished":"2021-01-02T22:11:44+00:00","dateModified":"2021-04-13T00:37:10+00:00","breadcrumb":{"@id":"https:\/\/advancetapes.com\/de\/products\/at713-matt-wasserdichtes-textilband-innuklearqualitat\/#breadcrumb"},"inLanguage":"de-DE","potentialAction":[{"@type":"ReadAction","target":["https:\/\/advancetapes.com\/de\/products\/at713-matt-wasserdichtes-textilband-innuklearqualitat\/"]}]},{"@type":"ImageObject","inLanguage":"de-DE","@id":"https:\/\/advancetapes.com\/de\/products\/at713-matt-wasserdichtes-textilband-innuklearqualitat\/#primaryimage","url":"https:\/\/advancetapes.com\/wp-content\/uploads\/2021\/01\/Advance-Tapes_AT711_Yellow.jpg","contentUrl":"https:\/\/advancetapes.com\/wp-content\/uploads\/2021\/01\/Advance-Tapes_AT711_Yellow.jpg","width":600,"height":600},{"@type":"BreadcrumbList","@id":"https:\/\/advancetapes.com\/de\/products\/at713-matt-wasserdichtes-textilband-innuklearqualitat\/#breadcrumb","itemListElement":[{"@type":"ListItem","position":1,"name":"Home","item":"https:\/\/advancetapes.com\/de\/"},{"@type":"ListItem","position":2,"name":"Products","item":"https:\/\/advancetapes.com\/de\/products\/"},{"@type":"ListItem","position":3,"name":"AT713 Matt Wasserdichtes Textilband InNuklearqualit\u00e4t"}]},{"@type":"WebSite","@id":"https:\/\/advancetapes.com\/de\/#website","url":"https:\/\/advancetapes.com\/de\/","name":"Advance Tapes","description":"Adding more to adhesive tape","potentialAction":[{"@type":"SearchAction","target":{"@type":"EntryPoint","urlTemplate":"https:\/\/advancetapes.com\/de\/?s={search_term_string}"},"query-input":{"@type":"PropertyValueSpecification","valueRequired":true,"valueName":"search_term_string"}}],"inLanguage":"de-DE"}]}},"_links":{"self":[{"href":"https:\/\/advancetapes.com\/de\/wp-json\/wp\/v2\/product\/5780","targetHints":{"allow":["GET"]}}],"collection":[{"href":"https:\/\/advancetapes.com\/de\/wp-json\/wp\/v2\/product"}],"about":[{"href":"https:\/\/advancetapes.com\/de\/wp-json\/wp\/v2\/types\/product"}],"wp:featuredmedia":[{"embeddable":true,"href":"https:\/\/advancetapes.com\/de\/wp-json\/wp\/v2\/media\/2821"}],"wp:attachment":[{"href":"https:\/\/advancetapes.com\/de\/wp-json\/wp\/v2\/media?parent=5780"}],"wp:term":[{"taxonomy":"product_brand","embeddable":true,"href":"https:\/\/advancetapes.com\/de\/wp-json\/wp\/v2\/product_brand?post=5780"},{"taxonomy":"product_cat","embeddable":true,"href":"https:\/\/advancetapes.com\/de\/wp-json\/wp\/v2\/product_cat?post=5780"},{"taxonomy":"product_tag","embeddable":true,"href":"https:\/\/advancetapes.com\/de\/wp-json\/wp\/v2\/product_tag?post=5780"}],"curies":[{"name":"wp","href":"https:\/\/api.w.org\/{rel}","templated":true}]}}