{"id":5774,"date":"2021-01-02T21:40:49","date_gmt":"2021-01-02T21:40:49","guid":{"rendered":"https:\/\/advancetapes.com\/products\/gewebeband-glanzend-gaffa-at202\/"},"modified":"2024-12-04T14:42:03","modified_gmt":"2024-12-04T14:42:03","slug":"gewebeband-satiniert-advance-gaffa-at202","status":"publish","type":"product","link":"https:\/\/advancetapes.com\/de\/products\/gewebeband-satiniert-advance-gaffa-at202\/","title":{"rendered":"AT0202 Advance Gaffa\u00ae Gewebeband mit satinierter Oberfl\u00e4che"},"content":{"rendered":"<div  class='tabcontainer av-kjftr0sh-5cbeaf8b0626cf654d5dd98b301fff40 top_tab  avia-builder-el-0  avia-builder-el-no-sibling '>\n<section class='av_tab_section av_tab_section av-21onc-61b841e71bbcf445d66b16e24de95df3'  itemscope=\"itemscope\" itemtype=\"https:\/\/schema.org\/CreativeWork\" ><div id='tab-id-1-tab' class='tab active_tab' role='tab' aria-selected=\"true\" tabindex=\"0\" data-fake-id='#tab-id-1' aria-controls='tab-id-1-content'  itemprop=\"headline\" >Funktionen<\/div><div id='tab-id-1-content' class='tab_content active_tab_content' role='tabpanel' aria-labelledby='tab-id-1-tab' aria-hidden=\"false\"><div class='tab_inner_content invers-color'  itemprop=\"text\" ><ul>\n<li>Satinierte Ausr\u00fcstung<\/li>\n<li>Kabelfreundlicher Kleber<\/li>\n<li>Sehr leicht abzuwickeln und abzurei\u00dfen<\/li>\n<li>Gro\u00dfer Temperaturbereich<\/li>\n<li>Gute Abreibfestigkeit<\/li>\n<li>Wasserfeste Ausrustung<\/li>\n<li>Kann beschriftet werden<\/li>\n<li>Breite Farbpalette<\/li>\n<\/ul>\n<\/div><\/div><\/section>\n<section class='av_tab_section av_tab_section av-fah00-732fcc73fc176d4ab5cb34c737355210'  itemscope=\"itemscope\" itemtype=\"https:\/\/schema.org\/CreativeWork\" ><div id='tab-id-2-tab' class='tab' role='tab' aria-selected=\"false\" tabindex=\"0\" data-fake-id='#tab-id-2' aria-controls='tab-id-2-content'  itemprop=\"headline\" >Applications<\/div><div id='tab-id-2-content' class='tab_content' role='tabpanel' aria-labelledby='tab-id-2-tab' aria-hidden=\"true\"><div class='tab_inner_content invers-color'  itemprop=\"text\" ><ul>\n<li>Zum Verbinden und Sichern von Kulissen in Bereichen hinter der B\u00fchne, wo eine gl\u00e4nzende Oberfl\u00e4che bevorzugt wird, um eine bessere Sichtbarkeit in dunklen Bereichen zu erzielen<\/li>\n<li>Sicherung von Kabeln und Instrumentenleitungen<\/li>\n<\/ul>\n<\/div><\/div><\/section>\n<section class='av_tab_section av_tab_section av-bnas0-bdf3d3704332134b5f707726fe454081'  itemscope=\"itemscope\" itemtype=\"https:\/\/schema.org\/CreativeWork\" ><div id='tab-id-3-tab' class='tab' role='tab' aria-selected=\"false\" tabindex=\"0\" data-fake-id='#tab-id-3' aria-controls='tab-id-3-content'  itemprop=\"headline\" >Technical<\/div><div id='tab-id-3-content' class='tab_content' role='tabpanel' aria-labelledby='tab-id-3-tab' aria-hidden=\"true\"><div class='tab_inner_content invers-color'  itemprop=\"text\" ><div class=\"col-xs-24 col-sm-12\">\n<table cellspacing=\"0\" cellpadding=\"0\">\n<tbody>\n<tr>\n<td><strong>Produkttyp<\/strong><\/td>\n<td>GewebeCloth<\/td>\n<\/tr>\n<tr>\n<td><strong>Klebstoff-Typ<\/strong><\/td>\n<td>Naturkautschuk, l\u00f6semittelfrei<\/td>\n<\/tr>\n<tr>\n<td><strong>Gesamtdicke<\/strong><\/td>\n<td>0.22 mm<\/td>\n<\/tr>\n<tr>\n<td><strong>Bruchlast<\/strong><\/td>\n<td>33 N\/cm<\/td>\n<\/tr>\n<tr>\n<td><strong>Bruchdehnung<\/strong><\/td>\n<td>13%<\/td>\n<\/tr>\n<tr>\n<td><strong>Klebkraft auf Stahl<\/strong><\/td>\n<td>5.5 N\/cm<\/td>\n<\/tr>\n<tr>\n<td><strong>Klebkraft auf Bandr\u00fccken<\/strong><\/td>\n<td>3.5 N\/cm<\/td>\n<\/tr>\n<tr>\n<td><strong>Service Temperature<\/strong><\/td>\n<td>-50\u00b0C to +80\u00b0C<\/td>\n<\/tr>\n<tr>\n<td><strong>RoHS \u00fcbereinstimmend<\/strong><\/td>\n<td>Ja<\/td>\n<\/tr>\n<\/tbody>\n<\/table>\n<\/div>\n<\/div><\/div><\/section>\n<section class='av_tab_section av_tab_section av-piqt-c78631c4603ff59fef417d06594d5e20'  itemscope=\"itemscope\" itemtype=\"https:\/\/schema.org\/CreativeWork\" ><div id='tab-id-4-tab' class='tab' role='tab' aria-selected=\"false\" tabindex=\"0\" data-fake-id='#tab-id-4' aria-controls='tab-id-4-content'  itemprop=\"headline\" >Colours<\/div><div id='tab-id-4-content' class='tab_content' role='tabpanel' aria-labelledby='tab-id-4-tab' aria-hidden=\"true\"><div class='tab_inner_content invers-color'  itemprop=\"text\" ><\/div><\/div><\/section>\n<\/div>\n","protected":false},"excerpt":{"rendered":"<p><strong>Ein kabelfreundliches Advance Gaffa\u00ae Tape<\/strong><\/p>\n<p>AT202 ist ein extrudiertes, satiniertes Polygewebe-Band mit einem wei\u00dfen, druckempfindlichen, l\u00f6sungsmittelfreien Kautschukkleber. Durch seinen kabelfreundlichen Kleber ist es ideal zum Schutz von Kabeln und Anschlu\u00dfleitungen von Me\u00dfger\u00e4ten, f\u00fcr die r\u00fcckstandsfreie Entfernung notwendig ist.<\/p>\n<div class=\"first_para_desc\">\n<p>Das leicht zu handhabende Advance Gaffa\u00ae Tape ist sehr widerstandsf\u00e4hig gegen Abrieb, Wasser und schlechtes Wetter. Einsetzbar f\u00fcr Innen- und Au\u00dfenanwendungen ist AT202 gut einsetzbar bei niedrigen und hohen Temperaturen von -50\u00b0C bis +80\u00b0C.<\/p>\n<\/div>\n<p>AT202 hat eine satinierte Oberfl\u00e4che und ist deshalb in dunklen Bereichen sichtbar, wie z.B. in Aufnahmestudios, im Hinterb\u00fchnenbereich und hinter den Kulissen. Geeignet f\u00fcr viele verschiedene Anwendungen einschl. zum Verbinden von Kulissen.<\/p>\n<p>Es ist beschriftbar und in vielen Farben erh\u00e4ltlich, deshalb ideal zum Farbcodieren.<\/p>\n<div class=\"rest_of_desc\"><\/div>\n","protected":false},"featured_media":7701,"template":"","meta":{"_acf_changed":false},"product_brand":[],"product_cat":[527,348,376],"product_tag":[360,351,352],"class_list":{"0":"post-5774","1":"product","2":"type-product","3":"status-publish","4":"has-post-thumbnail","6":"product_cat-atf-stock-de","7":"product_cat-cloth-tape-and-duct-tapes","8":"product_cat-entertainment-de","9":"product_tag-advance-gaffa-de","10":"product_tag-entertainment-de","11":"product_tag-industrial-consumables-de","13":"first","14":"instock","15":"shipping-taxable","16":"product-type-simple"},"acf":[],"yoast_head":"<!-- This site is optimized with the Yoast SEO plugin v27.4 - https:\/\/yoast.com\/product\/yoast-seo-wordpress\/ -->\n<title>Advance Gaffa\u00ae Gewebeband mit satinierter Oberfl\u00e4che<\/title>\n<meta name=\"description\" content=\"AT202 Advance Gaffa\u00ae Gewebeband mit satinierter Oberfl\u00e4che entworfen f\u00fcr die Veranstaltungsindustrie hat einen kabel-freundlicher Kleber.\" \/>\n<meta name=\"robots\" content=\"index, follow, max-snippet:-1, max-image-preview:large, max-video-preview:-1\" \/>\n<link rel=\"canonical\" href=\"https:\/\/advancetapes.com\/de\/products\/gewebeband-satiniert-advance-gaffa-at202\/\" \/>\n<meta property=\"og:locale\" content=\"de_DE\" \/>\n<meta property=\"og:type\" content=\"article\" \/>\n<meta property=\"og:title\" content=\"Advance Gaffa\u00ae Gewebeband mit satinierter Oberfl\u00e4che\" \/>\n<meta property=\"og:description\" content=\"AT202 Advance Gaffa\u00ae Gewebeband mit satinierter Oberfl\u00e4che entworfen f\u00fcr die Veranstaltungsindustrie hat einen kabel-freundlicher Kleber.\" \/>\n<meta property=\"og:url\" content=\"https:\/\/advancetapes.com\/de\/products\/gewebeband-satiniert-advance-gaffa-at202\/\" \/>\n<meta property=\"og:site_name\" content=\"Advance Tapes\" \/>\n<meta property=\"article:modified_time\" content=\"2024-12-04T14:42:03+00:00\" \/>\n<meta property=\"og:image\" content=\"https:\/\/advancetapes.com\/wp-content\/uploads\/2021\/01\/AT202.png\" \/>\n\t<meta property=\"og:image:width\" content=\"500\" \/>\n\t<meta property=\"og:image:height\" content=\"500\" \/>\n\t<meta property=\"og:image:type\" content=\"image\/png\" \/>\n<meta name=\"twitter:card\" content=\"summary_large_image\" \/>\n<meta name=\"twitter:label1\" content=\"Est. reading time\" \/>\n\t<meta name=\"twitter:data1\" content=\"1 minute\" \/>\n<!-- \/ Yoast SEO plugin. -->","yoast_head_json":{"title":"Advance Gaffa\u00ae Gewebeband mit satinierter Oberfl\u00e4che","description":"AT202 Advance Gaffa\u00ae Gewebeband mit satinierter Oberfl\u00e4che entworfen f\u00fcr die Veranstaltungsindustrie hat einen kabel-freundlicher Kleber.","robots":{"index":"index","follow":"follow","max-snippet":"max-snippet:-1","max-image-preview":"max-image-preview:large","max-video-preview":"max-video-preview:-1"},"canonical":"https:\/\/advancetapes.com\/de\/products\/gewebeband-satiniert-advance-gaffa-at202\/","og_locale":"de_DE","og_type":"article","og_title":"Advance Gaffa\u00ae Gewebeband mit satinierter Oberfl\u00e4che","og_description":"AT202 Advance Gaffa\u00ae Gewebeband mit satinierter Oberfl\u00e4che entworfen f\u00fcr die Veranstaltungsindustrie hat einen kabel-freundlicher Kleber.","og_url":"https:\/\/advancetapes.com\/de\/products\/gewebeband-satiniert-advance-gaffa-at202\/","og_site_name":"Advance Tapes","article_modified_time":"2024-12-04T14:42:03+00:00","og_image":[{"width":500,"height":500,"url":"https:\/\/advancetapes.com\/wp-content\/uploads\/2021\/01\/AT202.png","type":"image\/png"}],"twitter_card":"summary_large_image","twitter_misc":{"Est. reading time":"1 minute"},"schema":{"@context":"https:\/\/schema.org","@graph":[{"@type":"WebPage","@id":"https:\/\/advancetapes.com\/de\/products\/gewebeband-satiniert-advance-gaffa-at202\/","url":"https:\/\/advancetapes.com\/de\/products\/gewebeband-satiniert-advance-gaffa-at202\/","name":"Advance Gaffa\u00ae Gewebeband mit satinierter Oberfl\u00e4che","isPartOf":{"@id":"https:\/\/advancetapes.com\/de\/#website"},"primaryImageOfPage":{"@id":"https:\/\/advancetapes.com\/de\/products\/gewebeband-satiniert-advance-gaffa-at202\/#primaryimage"},"image":{"@id":"https:\/\/advancetapes.com\/de\/products\/gewebeband-satiniert-advance-gaffa-at202\/#primaryimage"},"thumbnailUrl":"https:\/\/advancetapes.com\/wp-content\/uploads\/2021\/01\/AT202.png","datePublished":"2021-01-02T21:40:49+00:00","dateModified":"2024-12-04T14:42:03+00:00","description":"AT202 Advance Gaffa\u00ae Gewebeband mit satinierter Oberfl\u00e4che entworfen f\u00fcr die Veranstaltungsindustrie hat einen kabel-freundlicher Kleber.","breadcrumb":{"@id":"https:\/\/advancetapes.com\/de\/products\/gewebeband-satiniert-advance-gaffa-at202\/#breadcrumb"},"inLanguage":"de-DE","potentialAction":[{"@type":"ReadAction","target":["https:\/\/advancetapes.com\/de\/products\/gewebeband-satiniert-advance-gaffa-at202\/"]}]},{"@type":"ImageObject","inLanguage":"de-DE","@id":"https:\/\/advancetapes.com\/de\/products\/gewebeband-satiniert-advance-gaffa-at202\/#primaryimage","url":"https:\/\/advancetapes.com\/wp-content\/uploads\/2021\/01\/AT202.png","contentUrl":"https:\/\/advancetapes.com\/wp-content\/uploads\/2021\/01\/AT202.png","width":500,"height":500},{"@type":"BreadcrumbList","@id":"https:\/\/advancetapes.com\/de\/products\/gewebeband-satiniert-advance-gaffa-at202\/#breadcrumb","itemListElement":[{"@type":"ListItem","position":1,"name":"Home","item":"https:\/\/advancetapes.com\/de\/"},{"@type":"ListItem","position":2,"name":"Products","item":"https:\/\/advancetapes.com\/de\/products\/"},{"@type":"ListItem","position":3,"name":"AT0202 Advance Gaffa\u00ae Gewebeband mit satinierter Oberfl\u00e4che"}]},{"@type":"WebSite","@id":"https:\/\/advancetapes.com\/de\/#website","url":"https:\/\/advancetapes.com\/de\/","name":"Advance Tapes","description":"Adding more to adhesive tape","potentialAction":[{"@type":"SearchAction","target":{"@type":"EntryPoint","urlTemplate":"https:\/\/advancetapes.com\/de\/?s={search_term_string}"},"query-input":{"@type":"PropertyValueSpecification","valueRequired":true,"valueName":"search_term_string"}}],"inLanguage":"de-DE"}]}},"_links":{"self":[{"href":"https:\/\/advancetapes.com\/de\/wp-json\/wp\/v2\/product\/5774","targetHints":{"allow":["GET"]}}],"collection":[{"href":"https:\/\/advancetapes.com\/de\/wp-json\/wp\/v2\/product"}],"about":[{"href":"https:\/\/advancetapes.com\/de\/wp-json\/wp\/v2\/types\/product"}],"wp:featuredmedia":[{"embeddable":true,"href":"https:\/\/advancetapes.com\/de\/wp-json\/wp\/v2\/media\/7701"}],"wp:attachment":[{"href":"https:\/\/advancetapes.com\/de\/wp-json\/wp\/v2\/media?parent=5774"}],"wp:term":[{"taxonomy":"product_brand","embeddable":true,"href":"https:\/\/advancetapes.com\/de\/wp-json\/wp\/v2\/product_brand?post=5774"},{"taxonomy":"product_cat","embeddable":true,"href":"https:\/\/advancetapes.com\/de\/wp-json\/wp\/v2\/product_cat?post=5774"},{"taxonomy":"product_tag","embeddable":true,"href":"https:\/\/advancetapes.com\/de\/wp-json\/wp\/v2\/product_tag?post=5774"}],"curies":[{"name":"wp","href":"https:\/\/api.w.org\/{rel}","templated":true}]}}