{"id":5770,"date":"2021-01-02T21:16:42","date_gmt":"2021-01-02T21:16:42","guid":{"rendered":"https:\/\/advancetapes.com\/products\/at182-hochleistungs-gewebeband-flammhemmend\/"},"modified":"2021-04-13T00:34:50","modified_gmt":"2021-04-13T00:34:50","slug":"at182-hochleistungs-gewebeband-flammhemmend","status":"publish","type":"product","link":"https:\/\/advancetapes.com\/de\/products\/at182-hochleistungs-gewebeband-flammhemmend\/","title":{"rendered":"AT182 Hochleistungs-Gewebeband, Flammhemmend"},"content":{"rendered":"<div  class='tabcontainer av-kjftr0sh-5cbeaf8b0626cf654d5dd98b301fff40 top_tab  avia-builder-el-0  avia-builder-el-no-sibling '>\n<section class='av_tab_section av_tab_section av-1xp43-d656dde626fff53e63c0f777175c36cb'  itemscope=\"itemscope\" itemtype=\"https:\/\/schema.org\/CreativeWork\" ><div id='tab-id-1-tab' class='tab active_tab' role='tab' aria-selected=\"true\" tabindex=\"0\" data-fake-id='#tab-id-1' aria-controls='tab-id-1-content'  itemprop=\"headline\" >Funktionen<\/div><div id='tab-id-1-content' class='tab_content active_tab_content' role='tabpanel' aria-labelledby='tab-id-1-tab' aria-hidden=\"false\"><div class='tab_inner_content invers-color'  itemprop=\"text\" ><ul>\n<li>Stark<\/li>\n<li>Flammhemmende Beschichtung<\/li>\n<li>Leicht abzuwickeln und sehr leicht abzurei\u00dfen<\/li>\n<li>R\u00fcckstandsfrei abziehbar<\/li>\n<li>Gute Abriebfestigkeit<\/li>\n<li>Wasserfeste Ausr\u00fcstung<\/li>\n<li>Kann beschriftet warden<\/li>\n<li>Formanpassungsf\u00e4hig<\/li>\n<\/ul>\n<\/div><\/div><\/section>\n<section class='av_tab_section av_tab_section av-dywsj-f8100ec4c6697562fe5b3c64c29c7ee5'  itemscope=\"itemscope\" itemtype=\"https:\/\/schema.org\/CreativeWork\" ><div id='tab-id-2-tab' class='tab' role='tab' aria-selected=\"false\" tabindex=\"0\" data-fake-id='#tab-id-2' aria-controls='tab-id-2-content'  itemprop=\"headline\" >Applications<\/div><div id='tab-id-2-content' class='tab_content' role='tabpanel' aria-labelledby='tab-id-2-tab' aria-hidden=\"true\"><div class='tab_inner_content invers-color'  itemprop=\"text\" ><ul>\n<li>Verbinden und Abdichten von PE-Folien<\/li>\n<li>Identifikation w\u00e4hrend der Montageprozesse<\/li>\n<li>Sichern und B\u00fcndeln von Kabeln.<\/li>\n<\/ul>\n<\/div><\/div><\/section>\n<section class='av_tab_section av_tab_section av-8kpa3-f93e68b87d21ef71851e14b65893d6d1'  itemscope=\"itemscope\" itemtype=\"https:\/\/schema.org\/CreativeWork\" ><div id='tab-id-3-tab' class='tab' role='tab' aria-selected=\"false\" tabindex=\"0\" data-fake-id='#tab-id-3' aria-controls='tab-id-3-content'  itemprop=\"headline\" >Technical<\/div><div id='tab-id-3-content' class='tab_content' role='tabpanel' aria-labelledby='tab-id-3-tab' aria-hidden=\"true\"><div class='tab_inner_content invers-color'  itemprop=\"text\" ><div class=\"col-xs-24 col-sm-12\">\n<table cellspacing=\"0\" cellpadding=\"0\">\n<tbody>\n<tr>\n<td><strong>Produkttyp<\/strong><\/td>\n<td>Gewebe<\/td>\n<\/tr>\n<tr>\n<td><strong>Klebstoff-Typ<\/strong><\/td>\n<td>Solvent free rubber &#8211; resin<\/td>\n<\/tr>\n<tr>\n<td><strong>Gesamtdicke<\/strong><\/td>\n<td>0.26 mm<\/td>\n<\/tr>\n<tr>\n<td><strong>Bruchlast<\/strong><\/td>\n<td>40 N\/cm<\/td>\n<\/tr>\n<tr>\n<td><strong>Bruchdehnung<\/strong><\/td>\n<td>20%<\/td>\n<\/tr>\n<tr>\n<td><strong>Klebkraft auf Stahl<\/strong><\/td>\n<td>4.5 N\/cm<\/td>\n<\/tr>\n<tr>\n<td><strong>Klebkraft auf Bandr\u00fccken<\/strong><\/td>\n<td>2.6 N\/cm<\/td>\n<\/tr>\n<tr>\n<td><strong>Service Temperature<\/strong><\/td>\n<td>-10\u00b0C to +80\u00b0C<\/td>\n<\/tr>\n<tr>\n<td><strong>RoHS \u00fcbereinstimmend<\/strong><\/td>\n<td>Ja<\/td>\n<\/tr>\n<\/tbody>\n<\/table>\n<\/div>\n<\/div><\/div><\/section>\n<section class='av_tab_section av_tab_section av-piqt-c78631c4603ff59fef417d06594d5e20'  itemscope=\"itemscope\" itemtype=\"https:\/\/schema.org\/CreativeWork\" ><div id='tab-id-4-tab' class='tab' role='tab' aria-selected=\"false\" tabindex=\"0\" data-fake-id='#tab-id-4' aria-controls='tab-id-4-content'  itemprop=\"headline\" >Colours<\/div><div id='tab-id-4-content' class='tab_content' role='tabpanel' aria-labelledby='tab-id-4-tab' aria-hidden=\"true\"><div class='tab_inner_content invers-color'  itemprop=\"text\" ><\/div><\/div><\/section><\/div>\n","protected":false},"excerpt":{"rendered":"<div class=\"first_para_desc\">\n<p>AT182 ist ein r\u00fcckstandsfreies*, extrudiertes Poly\u00e4thylen-Gewebeband mit matter Oberfl\u00e4chen, ausger\u00fcstet mit einem aggressiven, l\u00f6sungsmittelfreien Kautschukkleber, speziell entwickelt f\u00fcr den Bau, die Industrie und die Luftfahrt.<\/p>\n<\/div>\n<div class=\"rest_of_desc\">\n<p>Das starke Gewebeband ist flammhemmend und deshalb besonders f\u00fcr feuergef\u00e4hrliche Bereiche geeignet. Auch geeignet f\u00fcr den Au\u00dfeneinsatz ist AT182 abrieb- und wasserfest.<br \/>\nEinsetzbar auf einer Vielzahl von Oberfl\u00e4chen bei niedrigen und hohen Temperaturen (von -10\u00b0C bis +80\u00b0C). Das Band mit matter Oberfl\u00e4che ist beschriftbar und in vielen Farben erh\u00e4ltlich. Dadurch ist es ideal f\u00fcr Farbmarkierungen und zur Kennzeichnung.<br \/>\n<em><br \/>\n*Wir empfehlen, da\u00df sich der Anwender vor Einsatz von der Eignung des Bandes f\u00fcr seine Anwendung \u00fcberzeugt.<\/em><\/p>\n<\/div>\n","protected":false},"featured_media":2753,"template":"","meta":{"_acf_changed":false},"product_brand":[],"product_cat":[348],"product_tag":[350],"class_list":{"0":"post-5770","1":"product","2":"type-product","3":"status-publish","4":"has-post-thumbnail","6":"product_cat-cloth-tape-and-duct-tapes","7":"product_tag-building-de","9":"first","10":"instock","11":"shipping-taxable","12":"product-type-simple"},"acf":[],"yoast_head":"<!-- This site is optimized with the Yoast SEO plugin v27.4 - https:\/\/yoast.com\/product\/yoast-seo-wordpress\/ -->\n<title>AT182 Hochleistungs-Gewebeband, Flammhemmend - Advance Tapes<\/title>\n<meta name=\"robots\" content=\"index, follow, max-snippet:-1, max-image-preview:large, max-video-preview:-1\" \/>\n<link rel=\"canonical\" href=\"https:\/\/advancetapes.com\/de\/products\/at182-hochleistungs-gewebeband-flammhemmend\/\" \/>\n<meta property=\"og:locale\" content=\"de_DE\" \/>\n<meta property=\"og:type\" content=\"article\" \/>\n<meta property=\"og:title\" content=\"AT182 Hochleistungs-Gewebeband, Flammhemmend - Advance Tapes\" \/>\n<meta property=\"og:description\" content=\"AT182 ist ein r\u00fcckstandsfreies*, extrudiertes Poly\u00e4thylen-Gewebeband mit matter Oberfl\u00e4chen, ausger\u00fcstet mit einem aggressiven, l\u00f6sungsmittelfreien Kautschukkleber, speziell entwickelt f\u00fcr den Bau, die Industrie und die Luftfahrt.     Das starke Gewebeband ist flammhemmend und deshalb besonders f\u00fcr feuergef\u00e4hrliche Bereiche geeignet. Auch geeignet f\u00fcr den Au\u00dfeneinsatz ist AT182 abrieb- und wasserfest. Einsetzbar auf einer Vielzahl von Oberfl\u00e4chen bei niedrigen und hohen Temperaturen (von -10\u00b0C bis +80\u00b0C). Das Band mit matter Oberfl\u00e4che ist beschriftbar und in vielen Farben erh\u00e4ltlich. Dadurch ist es ideal f\u00fcr Farbmarkierungen und zur Kennzeichnung.  *Wir empfehlen, da\u00df sich der Anwender vor Einsatz von der Eignung des Bandes f\u00fcr seine Anwendung \u00fcberzeugt.\" \/>\n<meta property=\"og:url\" content=\"https:\/\/advancetapes.com\/de\/products\/at182-hochleistungs-gewebeband-flammhemmend\/\" \/>\n<meta property=\"og:site_name\" content=\"Advance Tapes\" \/>\n<meta property=\"article:modified_time\" content=\"2021-04-13T00:34:50+00:00\" \/>\n<meta property=\"og:image\" content=\"https:\/\/advancetapes.com\/wp-content\/uploads\/2021\/01\/Advance-Tapes_AT182_White.jpg\" \/>\n\t<meta property=\"og:image:width\" content=\"600\" \/>\n\t<meta property=\"og:image:height\" content=\"600\" \/>\n\t<meta property=\"og:image:type\" content=\"image\/jpeg\" \/>\n<meta name=\"twitter:card\" content=\"summary_large_image\" \/>\n<meta name=\"twitter:label1\" content=\"Est. reading time\" \/>\n\t<meta name=\"twitter:data1\" content=\"1 minute\" \/>\n<!-- \/ Yoast SEO plugin. -->","yoast_head_json":{"title":"AT182 Hochleistungs-Gewebeband, Flammhemmend - Advance Tapes","robots":{"index":"index","follow":"follow","max-snippet":"max-snippet:-1","max-image-preview":"max-image-preview:large","max-video-preview":"max-video-preview:-1"},"canonical":"https:\/\/advancetapes.com\/de\/products\/at182-hochleistungs-gewebeband-flammhemmend\/","og_locale":"de_DE","og_type":"article","og_title":"AT182 Hochleistungs-Gewebeband, Flammhemmend - Advance Tapes","og_description":"AT182 ist ein r\u00fcckstandsfreies*, extrudiertes Poly\u00e4thylen-Gewebeband mit matter Oberfl\u00e4chen, ausger\u00fcstet mit einem aggressiven, l\u00f6sungsmittelfreien Kautschukkleber, speziell entwickelt f\u00fcr den Bau, die Industrie und die Luftfahrt.     Das starke Gewebeband ist flammhemmend und deshalb besonders f\u00fcr feuergef\u00e4hrliche Bereiche geeignet. Auch geeignet f\u00fcr den Au\u00dfeneinsatz ist AT182 abrieb- und wasserfest. Einsetzbar auf einer Vielzahl von Oberfl\u00e4chen bei niedrigen und hohen Temperaturen (von -10\u00b0C bis +80\u00b0C). Das Band mit matter Oberfl\u00e4che ist beschriftbar und in vielen Farben erh\u00e4ltlich. Dadurch ist es ideal f\u00fcr Farbmarkierungen und zur Kennzeichnung.  *Wir empfehlen, da\u00df sich der Anwender vor Einsatz von der Eignung des Bandes f\u00fcr seine Anwendung \u00fcberzeugt.","og_url":"https:\/\/advancetapes.com\/de\/products\/at182-hochleistungs-gewebeband-flammhemmend\/","og_site_name":"Advance Tapes","article_modified_time":"2021-04-13T00:34:50+00:00","og_image":[{"width":600,"height":600,"url":"https:\/\/advancetapes.com\/wp-content\/uploads\/2021\/01\/Advance-Tapes_AT182_White.jpg","type":"image\/jpeg"}],"twitter_card":"summary_large_image","twitter_misc":{"Est. reading time":"1 minute"},"schema":{"@context":"https:\/\/schema.org","@graph":[{"@type":"WebPage","@id":"https:\/\/advancetapes.com\/de\/products\/at182-hochleistungs-gewebeband-flammhemmend\/","url":"https:\/\/advancetapes.com\/de\/products\/at182-hochleistungs-gewebeband-flammhemmend\/","name":"AT182 Hochleistungs-Gewebeband, Flammhemmend - Advance Tapes","isPartOf":{"@id":"https:\/\/advancetapes.com\/de\/#website"},"primaryImageOfPage":{"@id":"https:\/\/advancetapes.com\/de\/products\/at182-hochleistungs-gewebeband-flammhemmend\/#primaryimage"},"image":{"@id":"https:\/\/advancetapes.com\/de\/products\/at182-hochleistungs-gewebeband-flammhemmend\/#primaryimage"},"thumbnailUrl":"https:\/\/advancetapes.com\/wp-content\/uploads\/2021\/01\/Advance-Tapes_AT182_White.jpg","datePublished":"2021-01-02T21:16:42+00:00","dateModified":"2021-04-13T00:34:50+00:00","breadcrumb":{"@id":"https:\/\/advancetapes.com\/de\/products\/at182-hochleistungs-gewebeband-flammhemmend\/#breadcrumb"},"inLanguage":"de-DE","potentialAction":[{"@type":"ReadAction","target":["https:\/\/advancetapes.com\/de\/products\/at182-hochleistungs-gewebeband-flammhemmend\/"]}]},{"@type":"ImageObject","inLanguage":"de-DE","@id":"https:\/\/advancetapes.com\/de\/products\/at182-hochleistungs-gewebeband-flammhemmend\/#primaryimage","url":"https:\/\/advancetapes.com\/wp-content\/uploads\/2021\/01\/Advance-Tapes_AT182_White.jpg","contentUrl":"https:\/\/advancetapes.com\/wp-content\/uploads\/2021\/01\/Advance-Tapes_AT182_White.jpg","width":600,"height":600},{"@type":"BreadcrumbList","@id":"https:\/\/advancetapes.com\/de\/products\/at182-hochleistungs-gewebeband-flammhemmend\/#breadcrumb","itemListElement":[{"@type":"ListItem","position":1,"name":"Home","item":"https:\/\/advancetapes.com\/de\/"},{"@type":"ListItem","position":2,"name":"Products","item":"https:\/\/advancetapes.com\/products\/"},{"@type":"ListItem","position":3,"name":"AT182 Hochleistungs-Gewebeband, Flammhemmend"}]},{"@type":"WebSite","@id":"https:\/\/advancetapes.com\/de\/#website","url":"https:\/\/advancetapes.com\/de\/","name":"Advance Tapes","description":"Adding more to adhesive tape","potentialAction":[{"@type":"SearchAction","target":{"@type":"EntryPoint","urlTemplate":"https:\/\/advancetapes.com\/de\/?s={search_term_string}"},"query-input":{"@type":"PropertyValueSpecification","valueRequired":true,"valueName":"search_term_string"}}],"inLanguage":"de-DE"}]}},"_links":{"self":[{"href":"https:\/\/advancetapes.com\/de\/wp-json\/wp\/v2\/product\/5770","targetHints":{"allow":["GET"]}}],"collection":[{"href":"https:\/\/advancetapes.com\/de\/wp-json\/wp\/v2\/product"}],"about":[{"href":"https:\/\/advancetapes.com\/de\/wp-json\/wp\/v2\/types\/product"}],"wp:featuredmedia":[{"embeddable":true,"href":"https:\/\/advancetapes.com\/de\/wp-json\/wp\/v2\/media\/2753"}],"wp:attachment":[{"href":"https:\/\/advancetapes.com\/de\/wp-json\/wp\/v2\/media?parent=5770"}],"wp:term":[{"taxonomy":"product_brand","embeddable":true,"href":"https:\/\/advancetapes.com\/de\/wp-json\/wp\/v2\/product_brand?post=5770"},{"taxonomy":"product_cat","embeddable":true,"href":"https:\/\/advancetapes.com\/de\/wp-json\/wp\/v2\/product_cat?post=5770"},{"taxonomy":"product_tag","embeddable":true,"href":"https:\/\/advancetapes.com\/de\/wp-json\/wp\/v2\/product_tag?post=5770"}],"curies":[{"name":"wp","href":"https:\/\/api.w.org\/{rel}","templated":true}]}}