{"id":5767,"date":"2021-01-02T21:05:27","date_gmt":"2021-01-02T21:05:27","guid":{"rendered":"https:\/\/advancetapes.com\/products\/qualitativ-hochwertiges-wasserfestes-gewebeband-mit-glanzender-oberflache-at175\/"},"modified":"2025-03-12T08:48:12","modified_gmt":"2025-03-12T08:48:12","slug":"hochwertiges-wasserfestes-gewebeband-fuer-industrielle-anwendungen","status":"publish","type":"product","link":"https:\/\/advancetapes.com\/de\/products\/hochwertiges-wasserfestes-gewebeband-fuer-industrielle-anwendungen\/","title":{"rendered":"AT0175 Hochwertiges, wasserfestes  Gewebeband f\u00fcr industrielle Anwendungen"},"content":{"rendered":"<div  class='tabcontainer av-kjftr0sh-5cbeaf8b0626cf654d5dd98b301fff40 top_tab  avia-builder-el-0  avia-builder-el-no-sibling '>\n<section class='av_tab_section av_tab_section av-15cj1a-8ad683940bd7067cfd3b57f7e03f9673'  itemscope=\"itemscope\" itemtype=\"https:\/\/schema.org\/CreativeWork\" ><div id='tab-id-1-tab' class='tab active_tab' role='tab' aria-selected=\"true\" tabindex=\"0\" data-fake-id='#tab-id-1' aria-controls='tab-id-1-content'  itemprop=\"headline\" >Funktionen<\/div><div id='tab-id-1-content' class='tab_content active_tab_content' role='tabpanel' aria-labelledby='tab-id-1-tab' aria-hidden=\"false\"><div class='tab_inner_content invers-color'  itemprop=\"text\" ><ul>\n<li>Starke Soforthaftung<\/li>\n<li>Leicht abzuwickeln und sehr leicht abzurei\u00dfen<\/li>\n<li>Formanpassungsf\u00e4hig<\/li>\n<li>Gute Abriebfestigkeit<\/li>\n<li>Sehr gute Best\u00e4ndigkeit gegen Wasser<\/li>\n<li>Kann beschriftet werden<\/li>\n<li>Breite Farbpalette<\/li>\n<\/ul>\n<\/div><\/div><\/section>\n<section class='av_tab_section av_tab_section av-vja7q-a6645aa2613b8c093d5c42c7cec504e1'  itemscope=\"itemscope\" itemtype=\"https:\/\/schema.org\/CreativeWork\" ><div id='tab-id-2-tab' class='tab' role='tab' aria-selected=\"false\" tabindex=\"0\" data-fake-id='#tab-id-2' aria-controls='tab-id-2-content'  itemprop=\"headline\" >Applications<\/div><div id='tab-id-2-content' class='tab_content' role='tabpanel' aria-labelledby='tab-id-2-tab' aria-hidden=\"true\"><div class='tab_inner_content invers-color'  itemprop=\"text\" ><ul>\n<li>Ungenutzte \u00d6ffnungen im Automobilbau ausblenden<\/li>\n<li>Unterlags- und Teppichverbindung und Teppichkante<\/li>\n<li>Abdichtung von Metall- und Kunststoffkan\u00e4len<\/li>\n<li>Abkleben auf Metall- und Betonfl\u00e4chen<\/li>\n<li>Herstellung von Einzelsitzen an Rennwagen<\/li>\n<li>Umreifungs Schaum f\u00fcr Schalld\u00e4mmung in der Automobilindustrie<\/li>\n<li>Tabbed, Holding und Protection auf Automobilproduktions Linien<\/li>\n<li>Tank Tape &#8216;- Vorderkantenschutz an Tragfl\u00e4chen von Motorsportfahrzeugen<\/li>\n<\/ul>\n<\/div><\/div><\/section>\n<section class='av_tab_section av_tab_section av-pma06-b1ebb8753989fb21ef8ef066ac7e8ee5'  itemscope=\"itemscope\" itemtype=\"https:\/\/schema.org\/CreativeWork\" ><div id='tab-id-3-tab' class='tab' role='tab' aria-selected=\"false\" tabindex=\"0\" data-fake-id='#tab-id-3' aria-controls='tab-id-3-content'  itemprop=\"headline\" >Technical<\/div><div id='tab-id-3-content' class='tab_content' role='tabpanel' aria-labelledby='tab-id-3-tab' aria-hidden=\"true\"><div class='tab_inner_content invers-color'  itemprop=\"text\" ><div class=\"col-xs-24 col-sm-12\">\n<table cellspacing=\"0\" cellpadding=\"0\">\n<tbody>\n<tr>\n<td><strong>Produkttyp<\/strong><\/td>\n<td>Gewebe<\/td>\n<\/tr>\n<tr>\n<td><strong>Klebstoff-Typ<\/strong><\/td>\n<td>Naturkautschuk, l\u00f6semittelfrei<\/td>\n<\/tr>\n<tr>\n<td><strong>Gesamtdicke<\/strong><\/td>\n<td>0.23 mm<\/td>\n<\/tr>\n<tr>\n<td><strong>Bruchlast<\/strong><\/td>\n<td>32 N\/cm<\/td>\n<\/tr>\n<tr>\n<td><strong>Bruchdehnung<\/strong><\/td>\n<td>24%<\/td>\n<\/tr>\n<tr>\n<td><strong>Klebkraft auf Bandr\u00fccken<\/strong><\/td>\n<td>5.5 N\/cm<\/td>\n<\/tr>\n<tr>\n<td><strong>Klebkraft auf Stahl<\/strong><\/td>\n<td>3.5 N\/cm<\/td>\n<\/tr>\n<tr>\n<td><strong>Service Temperature<\/strong><\/td>\n<td>-50\u00b0C to +80\u00b0C<\/td>\n<\/tr>\n<tr>\n<td><strong>RoHS \u00fcbereinstimmend<\/strong><\/td>\n<td>Ja<\/td>\n<\/tr>\n<\/tbody>\n<\/table>\n<\/div>\n<\/div><\/div><\/section>\n<section class='av_tab_section av_tab_section av-piqt-c78631c4603ff59fef417d06594d5e20'  itemscope=\"itemscope\" itemtype=\"https:\/\/schema.org\/CreativeWork\" ><div id='tab-id-4-tab' class='tab' role='tab' aria-selected=\"false\" tabindex=\"0\" data-fake-id='#tab-id-4' aria-controls='tab-id-4-content'  itemprop=\"headline\" >Colours<\/div><div id='tab-id-4-content' class='tab_content' role='tabpanel' aria-labelledby='tab-id-4-tab' aria-hidden=\"true\"><div class='tab_inner_content invers-color'  itemprop=\"text\" ><\/div><\/div><\/section>\n<\/div>\n","protected":false},"excerpt":{"rendered":"<p><strong>AT175 gibt es in Spezialfarben nach Kundenwunsch durch unseren Advance Rapid Colour Service.<\/strong><\/p>\n<div class=\"first_para_desc\"><\/div>\n<div class=\"rest_of_desc\">\n<p>AT175 ist ein leicht rei\u00dfbares, satiniertes, extrudiertes Poly\u00e4thylen-Gewebeband mit hohem Tack, ausger\u00fcstet mit einem druckempfindlichen, l\u00f6sungsmittelfreien Kautschukkleber. Geeignet f\u00fcr Au\u00dfenanwendungen klebt dieses Gewebeband sehr gut innerhalb eines gro\u00dfen Temperaturbereichs von -50\u00b0C bis +80\u00b0C.<\/p>\n<\/div>\n<p>Durch seine gute Abriebfestigkeit und die Widerstandsf\u00e4higkeit gegen Wasser ist das Band f\u00fcr viele Anwendungen geeignet: Abdichten von Metall- und Plastikrohren; Abdecken von Metall- und Betonoberfl\u00e4chen; Abdecken nicht gebrauchter \u00d6ffnungen in der Automobil-Herstellung. Auch als bekannt als &#8220;Panzerband&#8221; zum Vorderkantenschutz von Tragfl\u00fcgeln an Motorsport-Fahrzeugen und vieles andere mehr.<\/p>\n<p>AT175 ist standardm\u00e4\u00dfig in vielen Farben erh\u00e4ltlich und kann auf Kundenwunsch in Sonderfarben durch unseren Advance Rapid Colour Service hergestellt werden. Vorteilhaft f\u00fcr Anwender, die genaue Farbvorgaben einhalten m\u00fcssen, wie z.B. f\u00fcr Firmen, Ausstellungen, bei Renovierungsarbeiten, f\u00fcr L\u00e4den und Hotels.<\/p>\n","protected":false},"featured_media":7648,"template":"","meta":{"_acf_changed":false},"product_brand":[],"product_cat":[527,375,348,376],"product_tag":[359,349,350,351,356,352,357],"class_list":{"0":"post-5767","1":"product","2":"type-product","3":"status-publish","4":"has-post-thumbnail","6":"product_cat-atf-stock-de","7":"product_cat-building-de","8":"product_cat-cloth-tape-and-duct-tapes","9":"product_cat-entertainment-de","10":"product_tag-advance-arc-de","11":"product_tag-agriculture-de","12":"product_tag-building-de","13":"product_tag-entertainment-de","14":"product_tag-hevac-de","15":"product_tag-industrial-consumables-de","16":"product_tag-nuclear-de","18":"first","19":"instock","20":"shipping-taxable","21":"product-type-simple"},"acf":[],"yoast_head":"<!-- This site is optimized with the Yoast SEO plugin v27.3 - https:\/\/yoast.com\/product\/yoast-seo-wordpress\/ -->\n<title>Gewebeband f\u00fcr industrielle Anwendungen<\/title>\n<meta name=\"description\" content=\"Geeignet f\u00fcr Au\u00dfenanwendungen klebt dieses Gewebeband sehr gut innerhalb eines gro\u00dfen Temperaturbereichs von -50\u00b0C bis +80\u00b0C.\" \/>\n<meta name=\"robots\" content=\"index, follow, max-snippet:-1, max-image-preview:large, max-video-preview:-1\" \/>\n<link rel=\"canonical\" href=\"https:\/\/advancetapes.com\/de\/products\/hochwertiges-wasserfestes-gewebeband-fuer-industrielle-anwendungen\/\" \/>\n<meta property=\"og:locale\" content=\"de_DE\" \/>\n<meta property=\"og:type\" content=\"article\" \/>\n<meta property=\"og:title\" content=\"Gewebeband f\u00fcr industrielle Anwendungen\" \/>\n<meta property=\"og:description\" content=\"Geeignet f\u00fcr Au\u00dfenanwendungen klebt dieses Gewebeband sehr gut innerhalb eines gro\u00dfen Temperaturbereichs von -50\u00b0C bis +80\u00b0C.\" \/>\n<meta property=\"og:url\" content=\"https:\/\/advancetapes.com\/de\/products\/hochwertiges-wasserfestes-gewebeband-fuer-industrielle-anwendungen\/\" \/>\n<meta property=\"og:site_name\" content=\"Advance Tapes\" \/>\n<meta property=\"article:modified_time\" content=\"2025-03-12T08:48:12+00:00\" \/>\n<meta property=\"og:image\" content=\"https:\/\/advancetapes.com\/wp-content\/uploads\/2021\/01\/AT175.png\" \/>\n\t<meta property=\"og:image:width\" content=\"500\" \/>\n\t<meta property=\"og:image:height\" content=\"500\" \/>\n\t<meta property=\"og:image:type\" content=\"image\/png\" \/>\n<meta name=\"twitter:card\" content=\"summary_large_image\" \/>\n<meta name=\"twitter:label1\" content=\"Est. reading time\" \/>\n\t<meta name=\"twitter:data1\" content=\"1 minute\" \/>\n<!-- \/ Yoast SEO plugin. -->","yoast_head_json":{"title":"Gewebeband f\u00fcr industrielle Anwendungen","description":"Geeignet f\u00fcr Au\u00dfenanwendungen klebt dieses Gewebeband sehr gut innerhalb eines gro\u00dfen Temperaturbereichs von -50\u00b0C bis +80\u00b0C.","robots":{"index":"index","follow":"follow","max-snippet":"max-snippet:-1","max-image-preview":"max-image-preview:large","max-video-preview":"max-video-preview:-1"},"canonical":"https:\/\/advancetapes.com\/de\/products\/hochwertiges-wasserfestes-gewebeband-fuer-industrielle-anwendungen\/","og_locale":"de_DE","og_type":"article","og_title":"Gewebeband f\u00fcr industrielle Anwendungen","og_description":"Geeignet f\u00fcr Au\u00dfenanwendungen klebt dieses Gewebeband sehr gut innerhalb eines gro\u00dfen Temperaturbereichs von -50\u00b0C bis +80\u00b0C.","og_url":"https:\/\/advancetapes.com\/de\/products\/hochwertiges-wasserfestes-gewebeband-fuer-industrielle-anwendungen\/","og_site_name":"Advance Tapes","article_modified_time":"2025-03-12T08:48:12+00:00","og_image":[{"width":500,"height":500,"url":"https:\/\/advancetapes.com\/wp-content\/uploads\/2021\/01\/AT175.png","type":"image\/png"}],"twitter_card":"summary_large_image","twitter_misc":{"Est. reading time":"1 minute"},"schema":{"@context":"https:\/\/schema.org","@graph":[{"@type":"WebPage","@id":"https:\/\/advancetapes.com\/de\/products\/hochwertiges-wasserfestes-gewebeband-fuer-industrielle-anwendungen\/","url":"https:\/\/advancetapes.com\/de\/products\/hochwertiges-wasserfestes-gewebeband-fuer-industrielle-anwendungen\/","name":"Gewebeband f\u00fcr industrielle Anwendungen","isPartOf":{"@id":"https:\/\/advancetapes.com\/de\/#website"},"primaryImageOfPage":{"@id":"https:\/\/advancetapes.com\/de\/products\/hochwertiges-wasserfestes-gewebeband-fuer-industrielle-anwendungen\/#primaryimage"},"image":{"@id":"https:\/\/advancetapes.com\/de\/products\/hochwertiges-wasserfestes-gewebeband-fuer-industrielle-anwendungen\/#primaryimage"},"thumbnailUrl":"https:\/\/advancetapes.com\/wp-content\/uploads\/2021\/01\/AT175.png","datePublished":"2021-01-02T21:05:27+00:00","dateModified":"2025-03-12T08:48:12+00:00","description":"Geeignet f\u00fcr Au\u00dfenanwendungen klebt dieses Gewebeband sehr gut innerhalb eines gro\u00dfen Temperaturbereichs von -50\u00b0C bis +80\u00b0C.","breadcrumb":{"@id":"https:\/\/advancetapes.com\/de\/products\/hochwertiges-wasserfestes-gewebeband-fuer-industrielle-anwendungen\/#breadcrumb"},"inLanguage":"de-DE","potentialAction":[{"@type":"ReadAction","target":["https:\/\/advancetapes.com\/de\/products\/hochwertiges-wasserfestes-gewebeband-fuer-industrielle-anwendungen\/"]}]},{"@type":"ImageObject","inLanguage":"de-DE","@id":"https:\/\/advancetapes.com\/de\/products\/hochwertiges-wasserfestes-gewebeband-fuer-industrielle-anwendungen\/#primaryimage","url":"https:\/\/advancetapes.com\/wp-content\/uploads\/2021\/01\/AT175.png","contentUrl":"https:\/\/advancetapes.com\/wp-content\/uploads\/2021\/01\/AT175.png","width":500,"height":500,"caption":"Industrial Waterproof Duct Tape"},{"@type":"BreadcrumbList","@id":"https:\/\/advancetapes.com\/de\/products\/hochwertiges-wasserfestes-gewebeband-fuer-industrielle-anwendungen\/#breadcrumb","itemListElement":[{"@type":"ListItem","position":1,"name":"Home","item":"https:\/\/advancetapes.com\/de\/"},{"@type":"ListItem","position":2,"name":"Products","item":"https:\/\/advancetapes.com\/de\/products\/"},{"@type":"ListItem","position":3,"name":"AT0175 Hochwertiges, wasserfestes Gewebeband f\u00fcr industrielle Anwendungen"}]},{"@type":"WebSite","@id":"https:\/\/advancetapes.com\/de\/#website","url":"https:\/\/advancetapes.com\/de\/","name":"Advance Tapes","description":"Adding more to adhesive tape","potentialAction":[{"@type":"SearchAction","target":{"@type":"EntryPoint","urlTemplate":"https:\/\/advancetapes.com\/de\/?s={search_term_string}"},"query-input":{"@type":"PropertyValueSpecification","valueRequired":true,"valueName":"search_term_string"}}],"inLanguage":"de-DE"}]}},"_links":{"self":[{"href":"https:\/\/advancetapes.com\/de\/wp-json\/wp\/v2\/product\/5767","targetHints":{"allow":["GET"]}}],"collection":[{"href":"https:\/\/advancetapes.com\/de\/wp-json\/wp\/v2\/product"}],"about":[{"href":"https:\/\/advancetapes.com\/de\/wp-json\/wp\/v2\/types\/product"}],"wp:featuredmedia":[{"embeddable":true,"href":"https:\/\/advancetapes.com\/de\/wp-json\/wp\/v2\/media\/7648"}],"wp:attachment":[{"href":"https:\/\/advancetapes.com\/de\/wp-json\/wp\/v2\/media?parent=5767"}],"wp:term":[{"taxonomy":"product_brand","embeddable":true,"href":"https:\/\/advancetapes.com\/de\/wp-json\/wp\/v2\/product_brand?post=5767"},{"taxonomy":"product_cat","embeddable":true,"href":"https:\/\/advancetapes.com\/de\/wp-json\/wp\/v2\/product_cat?post=5767"},{"taxonomy":"product_tag","embeddable":true,"href":"https:\/\/advancetapes.com\/de\/wp-json\/wp\/v2\/product_tag?post=5767"}],"curies":[{"name":"wp","href":"https:\/\/api.w.org\/{rel}","templated":true}]}}