{"id":5763,"date":"2021-01-02T20:53:49","date_gmt":"2021-01-02T20:53:49","guid":{"rendered":"https:\/\/advancetapes.com\/products\/at171-kaschiertes-polygewebeband\/"},"modified":"2025-03-12T08:46:34","modified_gmt":"2025-03-12T08:46:34","slug":"at171-kaschiertes-polygewebeband","status":"publish","type":"product","link":"https:\/\/advancetapes.com\/de\/products\/at171-kaschiertes-polygewebeband\/","title":{"rendered":"AT0171 Kaschiertes Polygewebeband"},"content":{"rendered":"<div  class='tabcontainer av-kjftr0sh-5cbeaf8b0626cf654d5dd98b301fff40 top_tab  avia-builder-el-0  avia-builder-el-no-sibling '>\n<section class='av_tab_section av_tab_section av-13m5no-076295b7491168cb57dd64a9fcc941ce'  itemscope=\"itemscope\" itemtype=\"https:\/\/schema.org\/CreativeWork\" ><div id='tab-id-1-tab' class='tab active_tab' role='tab' aria-selected=\"true\" tabindex=\"0\" data-fake-id='#tab-id-1' aria-controls='tab-id-1-content'  itemprop=\"headline\" >Funktionen<\/div><div id='tab-id-1-content' class='tab_content active_tab_content' role='tabpanel' aria-labelledby='tab-id-1-tab' aria-hidden=\"false\"><div class='tab_inner_content invers-color'  itemprop=\"text\" ><ul>\n<li>Gl\u00e4nzende Ausr\u00fcstung<\/li>\n<li>Leicht abzuwickeln und abzurei\u00dfen<\/li>\n<li>Sehr gute Anfassklebkraft<\/li>\n<li>Gute Abriebfestigkeit<\/li>\n<li>Wasserfeste Ausr\u00fcstung<\/li>\n<li>Formanpassungsf\u00e4hig<\/li>\n<li>Nicht-korrosiver Kleber<\/li>\n<\/ul>\n<\/div><\/div><\/section>\n<section class='av_tab_section av_tab_section av-wejz8-730963767d1c8d1d4def4021617e444e'  itemscope=\"itemscope\" itemtype=\"https:\/\/schema.org\/CreativeWork\" ><div id='tab-id-2-tab' class='tab' role='tab' aria-selected=\"false\" tabindex=\"0\" data-fake-id='#tab-id-2' aria-controls='tab-id-2-content'  itemprop=\"headline\" >Applications<\/div><div id='tab-id-2-content' class='tab_content' role='tabpanel' aria-labelledby='tab-id-2-tab' aria-hidden=\"true\"><div class='tab_inner_content invers-color'  itemprop=\"text\" ><ul>\n<li>F\u00fcr kurzzeitigen Einsatz, einschlie\u00dflich:<\/li>\n<li>Verbinden und Abdichten von PE-Folien<\/li>\n<li>Verschlie\u00dfen von S\u00e4cken<\/li>\n<li>Abdichten von Doppelverglasungen<\/li>\n<\/ul>\n<\/div><\/div><\/section>\n<section class='av_tab_section av_tab_section av-rmmxo-930303f585772a996491cd32f8cc8333'  itemscope=\"itemscope\" itemtype=\"https:\/\/schema.org\/CreativeWork\" ><div id='tab-id-3-tab' class='tab' role='tab' aria-selected=\"false\" tabindex=\"0\" data-fake-id='#tab-id-3' aria-controls='tab-id-3-content'  itemprop=\"headline\" >Technical<\/div><div id='tab-id-3-content' class='tab_content' role='tabpanel' aria-labelledby='tab-id-3-tab' aria-hidden=\"true\"><div class='tab_inner_content invers-color'  itemprop=\"text\" ><div class=\"col-xs-24 col-sm-12\">\n<table cellspacing=\"0\" cellpadding=\"0\">\n<tbody>\n<tr>\n<td><strong>Produkttyp<\/strong><\/td>\n<td>Gewebe<\/td>\n<\/tr>\n<tr>\n<td><strong>Klebstoff-Typ<\/strong><\/td>\n<td>Naturkautschuk, l\u00f6semittelfrei<\/td>\n<\/tr>\n<tr>\n<td><strong>Gesamtdicke<\/strong><\/td>\n<td>0.18 mm<\/td>\n<\/tr>\n<tr>\n<td><strong>Bruchlast<\/strong><\/td>\n<td>30 N\/cm<\/td>\n<\/tr>\n<tr>\n<td><strong>Bruchdehnung<\/strong><\/td>\n<td>15%<\/td>\n<\/tr>\n<tr>\n<td><strong>Klebkraft auf Stahl<\/strong><\/td>\n<td>3.7 N\/cm<\/td>\n<\/tr>\n<tr>\n<td><strong>Klebkraft auf Bandr\u00fccken<\/strong><\/td>\n<td>2.3 N\/cm<\/td>\n<\/tr>\n<tr>\n<td><strong>Service Temperature<\/strong><\/td>\n<td>-50\u00b0C to +65\u00b0C<\/td>\n<\/tr>\n<tr>\n<td><strong>RoHS \u00fcbereinstimmend<\/strong><\/td>\n<td>Ja<\/td>\n<\/tr>\n<\/tbody>\n<\/table>\n<\/div>\n<\/div><\/div><\/section>\n<section class='av_tab_section av_tab_section av-piqt-c78631c4603ff59fef417d06594d5e20'  itemscope=\"itemscope\" itemtype=\"https:\/\/schema.org\/CreativeWork\" ><div id='tab-id-4-tab' class='tab' role='tab' aria-selected=\"false\" tabindex=\"0\" data-fake-id='#tab-id-4' aria-controls='tab-id-4-content'  itemprop=\"headline\" >Colours<\/div><div id='tab-id-4-content' class='tab_content' role='tabpanel' aria-labelledby='tab-id-4-tab' aria-hidden=\"true\"><div class='tab_inner_content invers-color'  itemprop=\"text\" ><\/div><\/div><\/section>\n<\/div>\n","protected":false},"excerpt":{"rendered":"<div class=\"col-xs-24 col-sm-12 product-page__images\">\n<div class=\"sp-wrap sp-non-touch\">\n<div class=\"sp-thumbs sp-tb-active\"><\/div>\n<\/div>\n<\/div>\n<div class=\"col-xs-24 col-sm-12\">\n<p>&nbsp;<\/p>\n<p><strong>Standardband f\u00fcr L\u00fcftungskan\u00e4le<\/strong><\/p>\n<p>&nbsp;<\/p>\n<div class=\"first_para_desc\">\n<p>AT171 is a cloth duct tape coated with an aggressive pressure sensitive solvent free rubber \u2013 resin adhesive used in various professional trades such agriculture, building, asbestos removal, entertainment, HEVAC, Nuclear, aerospace and industrial consumables.<\/p>\n<\/div>\n<div class=\"rest_of_desc\">\n<p>This duct tape offers high performance, durability and resistance against extreme temperatures (from -50\u00b0C to +65\u00b0C), which means it will adhere and conform perfectly at low or high temperatures to a wide variety of surfaces. Waterproof and abrasion resistant, AT171 guarantees an efficient sealing.<\/p>\n<p>Short term applications includes : sealing bags and double glazing units, and joining polythene sheeting.<\/p>\n<\/div>\n<\/div>\n","protected":false},"featured_media":2725,"template":"","meta":{"_acf_changed":false},"product_brand":[],"product_cat":[527,348],"product_tag":[349,358,350,351,356,352,357],"class_list":{"0":"post-5763","1":"product","2":"type-product","3":"status-publish","4":"has-post-thumbnail","6":"product_cat-atf-stock-de","7":"product_cat-cloth-tape-and-duct-tapes","8":"product_tag-agriculture-de","9":"product_tag-asbestos-de","10":"product_tag-building-de","11":"product_tag-entertainment-de","12":"product_tag-hevac-de","13":"product_tag-industrial-consumables-de","14":"product_tag-nuclear-de","16":"first","17":"instock","18":"shipping-taxable","19":"product-type-simple"},"acf":[],"yoast_head":"<!-- This site is optimized with the Yoast SEO plugin v27.5 - https:\/\/yoast.com\/product\/yoast-seo-wordpress\/ -->\n<title>AT0171 Kaschiertes Polygewebeband - Advance Tapes<\/title>\n<meta name=\"robots\" content=\"index, follow, max-snippet:-1, max-image-preview:large, max-video-preview:-1\" \/>\n<link rel=\"canonical\" href=\"https:\/\/advancetapes.com\/de\/products\/at171-kaschiertes-polygewebeband\/\" \/>\n<meta property=\"og:locale\" content=\"de_DE\" \/>\n<meta property=\"og:type\" content=\"article\" \/>\n<meta property=\"og:title\" content=\"AT0171 Kaschiertes Polygewebeband - Advance Tapes\" \/>\n<meta property=\"og:description\" content=\"&nbsp;  Standardband f\u00fcr L\u00fcftungskan\u00e4le  &nbsp;   AT171 is a cloth duct tape coated with an aggressive pressure sensitive solvent free rubber \u2013 resin adhesive used in various professional trades such agriculture, building, asbestos removal, entertainment, HEVAC, Nuclear, aerospace and industrial consumables.     This duct tape offers high performance, durability and resistance against extreme temperatures (from -50\u00b0C to +65\u00b0C), which means it will adhere and conform perfectly at low or high temperatures to a wide variety of surfaces. Waterproof and abrasion resistant, AT171 guarantees an efficient sealing.  Short term applications includes : sealing bags and double glazing units, and joining polythene sheeting.\" \/>\n<meta property=\"og:url\" content=\"https:\/\/advancetapes.com\/de\/products\/at171-kaschiertes-polygewebeband\/\" \/>\n<meta property=\"og:site_name\" content=\"Advance Tapes\" \/>\n<meta property=\"article:modified_time\" content=\"2025-03-12T08:46:34+00:00\" \/>\n<meta property=\"og:image\" content=\"https:\/\/advancetapes.com\/wp-content\/uploads\/2021\/01\/Advance-Tapes_AT171_Grey.jpg\" \/>\n\t<meta property=\"og:image:width\" content=\"600\" \/>\n\t<meta property=\"og:image:height\" content=\"600\" \/>\n\t<meta property=\"og:image:type\" content=\"image\/jpeg\" \/>\n<meta name=\"twitter:card\" content=\"summary_large_image\" \/>\n<meta name=\"twitter:label1\" content=\"Est. reading time\" \/>\n\t<meta name=\"twitter:data1\" content=\"1 minute\" \/>\n<!-- \/ Yoast SEO plugin. -->","yoast_head_json":{"title":"AT0171 Kaschiertes Polygewebeband - Advance Tapes","robots":{"index":"index","follow":"follow","max-snippet":"max-snippet:-1","max-image-preview":"max-image-preview:large","max-video-preview":"max-video-preview:-1"},"canonical":"https:\/\/advancetapes.com\/de\/products\/at171-kaschiertes-polygewebeband\/","og_locale":"de_DE","og_type":"article","og_title":"AT0171 Kaschiertes Polygewebeband - Advance Tapes","og_description":"&nbsp;  Standardband f\u00fcr L\u00fcftungskan\u00e4le  &nbsp;   AT171 is a cloth duct tape coated with an aggressive pressure sensitive solvent free rubber \u2013 resin adhesive used in various professional trades such agriculture, building, asbestos removal, entertainment, HEVAC, Nuclear, aerospace and industrial consumables.     This duct tape offers high performance, durability and resistance against extreme temperatures (from -50\u00b0C to +65\u00b0C), which means it will adhere and conform perfectly at low or high temperatures to a wide variety of surfaces. Waterproof and abrasion resistant, AT171 guarantees an efficient sealing.  Short term applications includes : sealing bags and double glazing units, and joining polythene sheeting.","og_url":"https:\/\/advancetapes.com\/de\/products\/at171-kaschiertes-polygewebeband\/","og_site_name":"Advance Tapes","article_modified_time":"2025-03-12T08:46:34+00:00","og_image":[{"width":600,"height":600,"url":"https:\/\/advancetapes.com\/wp-content\/uploads\/2021\/01\/Advance-Tapes_AT171_Grey.jpg","type":"image\/jpeg"}],"twitter_card":"summary_large_image","twitter_misc":{"Est. reading time":"1 minute"},"schema":{"@context":"https:\/\/schema.org","@graph":[{"@type":"WebPage","@id":"https:\/\/advancetapes.com\/de\/products\/at171-kaschiertes-polygewebeband\/","url":"https:\/\/advancetapes.com\/de\/products\/at171-kaschiertes-polygewebeband\/","name":"AT0171 Kaschiertes Polygewebeband - Advance Tapes","isPartOf":{"@id":"https:\/\/advancetapes.com\/de\/#website"},"primaryImageOfPage":{"@id":"https:\/\/advancetapes.com\/de\/products\/at171-kaschiertes-polygewebeband\/#primaryimage"},"image":{"@id":"https:\/\/advancetapes.com\/de\/products\/at171-kaschiertes-polygewebeband\/#primaryimage"},"thumbnailUrl":"https:\/\/advancetapes.com\/wp-content\/uploads\/2021\/01\/Advance-Tapes_AT171_Grey.jpg","datePublished":"2021-01-02T20:53:49+00:00","dateModified":"2025-03-12T08:46:34+00:00","breadcrumb":{"@id":"https:\/\/advancetapes.com\/de\/products\/at171-kaschiertes-polygewebeband\/#breadcrumb"},"inLanguage":"de-DE","potentialAction":[{"@type":"ReadAction","target":["https:\/\/advancetapes.com\/de\/products\/at171-kaschiertes-polygewebeband\/"]}]},{"@type":"ImageObject","inLanguage":"de-DE","@id":"https:\/\/advancetapes.com\/de\/products\/at171-kaschiertes-polygewebeband\/#primaryimage","url":"https:\/\/advancetapes.com\/wp-content\/uploads\/2021\/01\/Advance-Tapes_AT171_Grey.jpg","contentUrl":"https:\/\/advancetapes.com\/wp-content\/uploads\/2021\/01\/Advance-Tapes_AT171_Grey.jpg","width":600,"height":600,"caption":"Standard Building Duct Tape"},{"@type":"BreadcrumbList","@id":"https:\/\/advancetapes.com\/de\/products\/at171-kaschiertes-polygewebeband\/#breadcrumb","itemListElement":[{"@type":"ListItem","position":1,"name":"Home","item":"https:\/\/advancetapes.com\/de\/"},{"@type":"ListItem","position":2,"name":"Products","item":"https:\/\/advancetapes.com\/products\/"},{"@type":"ListItem","position":3,"name":"AT0171 Kaschiertes Polygewebeband"}]},{"@type":"WebSite","@id":"https:\/\/advancetapes.com\/de\/#website","url":"https:\/\/advancetapes.com\/de\/","name":"Advance Tapes","description":"Adding more to adhesive tape","potentialAction":[{"@type":"SearchAction","target":{"@type":"EntryPoint","urlTemplate":"https:\/\/advancetapes.com\/de\/?s={search_term_string}"},"query-input":{"@type":"PropertyValueSpecification","valueRequired":true,"valueName":"search_term_string"}}],"inLanguage":"de-DE"}]}},"_links":{"self":[{"href":"https:\/\/advancetapes.com\/de\/wp-json\/wp\/v2\/product\/5763","targetHints":{"allow":["GET"]}}],"collection":[{"href":"https:\/\/advancetapes.com\/de\/wp-json\/wp\/v2\/product"}],"about":[{"href":"https:\/\/advancetapes.com\/de\/wp-json\/wp\/v2\/types\/product"}],"wp:featuredmedia":[{"embeddable":true,"href":"https:\/\/advancetapes.com\/de\/wp-json\/wp\/v2\/media\/2725"}],"wp:attachment":[{"href":"https:\/\/advancetapes.com\/de\/wp-json\/wp\/v2\/media?parent=5763"}],"wp:term":[{"taxonomy":"product_brand","embeddable":true,"href":"https:\/\/advancetapes.com\/de\/wp-json\/wp\/v2\/product_brand?post=5763"},{"taxonomy":"product_cat","embeddable":true,"href":"https:\/\/advancetapes.com\/de\/wp-json\/wp\/v2\/product_cat?post=5763"},{"taxonomy":"product_tag","embeddable":true,"href":"https:\/\/advancetapes.com\/de\/wp-json\/wp\/v2\/product_tag?post=5763"}],"curies":[{"name":"wp","href":"https:\/\/api.w.org\/{rel}","templated":true}]}}