{"id":5755,"date":"2021-01-02T20:32:21","date_gmt":"2021-01-02T20:32:21","guid":{"rendered":"https:\/\/advancetapes.com\/products\/at165-extra-starkes-wasserdichtes-gewebeband\/"},"modified":"2025-09-25T11:40:16","modified_gmt":"2025-09-25T11:40:16","slug":"at165-extra-starkes-wasserdichtes-gewebeband","status":"publish","type":"product","link":"https:\/\/advancetapes.com\/de\/products\/at165-extra-starkes-wasserdichtes-gewebeband\/","title":{"rendered":"AT0165 Extra starkes, wasserdichtes Gewebeband"},"content":{"rendered":"<div  class='tabcontainer av-kjftr0sh-5cbeaf8b0626cf654d5dd98b301fff40 top_tab  avia-builder-el-0  avia-builder-el-no-sibling '>\n<section class='av_tab_section av_tab_section av-1135ex-7fc43d5c6fd48f98538f36b1ad48b02a'  itemscope=\"itemscope\" itemtype=\"https:\/\/schema.org\/CreativeWork\" ><div id='tab-id-1-tab' class='tab active_tab' role='tab' aria-selected=\"true\" tabindex=\"0\" data-fake-id='#tab-id-1' aria-controls='tab-id-1-content'  itemprop=\"headline\" >Funktionen<\/div><div id='tab-id-1-content' class='tab_content active_tab_content' role='tabpanel' aria-labelledby='tab-id-1-tab' aria-hidden=\"false\"><div class='tab_inner_content invers-color'  itemprop=\"text\" ><ul>\n<li>Stark<\/li>\n<li>Leicht abrei\u00dfbar<\/li>\n<li>Leicht abrollbar<\/li>\n<li>Flexibel<\/li>\n<li>Wasserfest<\/li>\n<li>Gute Abriebfestigkeit<\/li>\n<li>Sehr gute Durchstichfestigkeit<\/li>\n<\/ul>\n<\/div><\/div><\/section>\n<section class='av_tab_section av_tab_section av-yv6k1-2c2b9942469f2330d7c2a9b0d5a11b59'  itemscope=\"itemscope\" itemtype=\"https:\/\/schema.org\/CreativeWork\" ><div id='tab-id-2-tab' class='tab' role='tab' aria-selected=\"false\" tabindex=\"0\" data-fake-id='#tab-id-2' aria-controls='tab-id-2-content'  itemprop=\"headline\" >Applications<\/div><div id='tab-id-2-content' class='tab_content' role='tabpanel' aria-labelledby='tab-id-2-tab' aria-hidden=\"true\"><div class='tab_inner_content invers-color'  itemprop=\"text\" ><ul>\n<li>Befestigen von Druckplatten auf dem Stahlzylinder um sicher zu sein, dass sich die Platte nicht bewegt.<\/li>\n<li>Starkes, wasserdichtes Gewebeband zur kurzzeitigen Verwendung in der Unterhaltungsindustrie<\/li>\n<\/ul>\n<\/div><\/div><\/section>\n<section class='av_tab_section av_tab_section av-anbd-5a6adda2cb7f01ca91675b82b0aa9b9a'  itemscope=\"itemscope\" itemtype=\"https:\/\/schema.org\/CreativeWork\" ><div id='tab-id-3-tab' class='tab' role='tab' aria-selected=\"false\" tabindex=\"0\" data-fake-id='#tab-id-3' aria-controls='tab-id-3-content'  itemprop=\"headline\" >Technical<\/div><div id='tab-id-3-content' class='tab_content' role='tabpanel' aria-labelledby='tab-id-3-tab' aria-hidden=\"true\"><div class='tab_inner_content invers-color'  itemprop=\"text\" ><div class=\"col-xs-24 col-sm-12\">\n<table cellspacing=\"0\" cellpadding=\"0\">\n<tbody>\n<tr>\n<td><strong>Produkttyp<\/strong><\/td>\n<td>Gewebe<\/td>\n<\/tr>\n<tr>\n<td><strong>Klebstoff-Typ<\/strong><\/td>\n<td>Naturkautschuk, l\u00f6semittelfrei<\/td>\n<\/tr>\n<tr>\n<td><strong>Gesamtdicke<\/strong><\/td>\n<td>0.22 mm<\/td>\n<\/tr>\n<tr>\n<td><strong>Bruchlast<\/strong><\/td>\n<td>35 N\/cm<\/td>\n<\/tr>\n<tr>\n<td><strong>Bruchdehnung<\/strong><\/td>\n<td>20%<\/td>\n<\/tr>\n<tr>\n<td><strong>Klebkraft auf Stahl<\/strong><\/td>\n<td>4.0 N\/cm<\/td>\n<\/tr>\n<tr>\n<td><strong>Klebkraft auf Bandr\u00fccken<\/strong><\/td>\n<td>2.5 N\/cm<\/td>\n<\/tr>\n<tr>\n<td><strong>Service Temperature<\/strong><\/td>\n<td>-50\u00b0C to +65\u00b0C<\/td>\n<\/tr>\n<tr>\n<td><strong>RoHS \u00fcbereinstimmend<\/strong><\/td>\n<td>Ja<\/td>\n<\/tr>\n<\/tbody>\n<\/table>\n<\/div>\n<\/div><\/div><\/section>\n<section class='av_tab_section av_tab_section av-piqt-c78631c4603ff59fef417d06594d5e20'  itemscope=\"itemscope\" itemtype=\"https:\/\/schema.org\/CreativeWork\" ><div id='tab-id-4-tab' class='tab' role='tab' aria-selected=\"false\" tabindex=\"0\" data-fake-id='#tab-id-4' aria-controls='tab-id-4-content'  itemprop=\"headline\" >Colours<\/div><div id='tab-id-4-content' class='tab_content' role='tabpanel' aria-labelledby='tab-id-4-tab' aria-hidden=\"true\"><div class='tab_inner_content invers-color'  itemprop=\"text\" ><\/div><\/div><\/section>\n<\/div>\n","protected":false},"excerpt":{"rendered":"<p>AT165 ist ein starkes, wasserfestes, laminiertes Gewebeband mit gl\u00e4nzender Oberfl\u00e4che, beschichtet mit einem aggressiven, druckempfindlichen, l\u00f6sungsmittelfreien Kautschukkleber.<\/p>\n<p>Dieses starke Gewebeband ist besonders abrieb-, wasser- und durchstichfest und ideal bei schlechtem Wetter. AT165 widersteht Temperaturen von -50\u00b0C bis +65\u00b0C und kann deshalb bei anhaltend extremen Temperaturen eingesetzt werden. Leicht anzuwenden pa\u00dft es sich glatten und unebenen Oberfl\u00e4chen gut an.<\/p>\n<p>Ideal f\u00fcr kurzzeitigen Einsatz in der Unterhaltungsindustrie oder zum Befestigen von photopolymeren Druckplatten auf Stahldruckzylindern, damit diese nicht verrutschen.<\/p>\n","protected":false},"featured_media":2709,"template":"","meta":{"_acf_changed":false},"product_brand":[],"product_cat":[348,374],"product_tag":[522],"class_list":{"0":"post-5755","1":"product","2":"type-product","3":"status-publish","4":"has-post-thumbnail","6":"product_cat-cloth-tape-and-duct-tapes","7":"product_cat-uncategorized-de","8":"product_tag-atf-stock","10":"first","11":"instock","12":"shipping-taxable","13":"product-type-simple"},"acf":[],"yoast_head":"<!-- This site is optimized with the Yoast SEO plugin v27.4 - https:\/\/yoast.com\/product\/yoast-seo-wordpress\/ -->\n<title>AT0165 Extra starkes, wasserdichtes Gewebeband - Advance Tapes<\/title>\n<meta name=\"robots\" content=\"index, follow, max-snippet:-1, max-image-preview:large, max-video-preview:-1\" \/>\n<link rel=\"canonical\" href=\"https:\/\/advancetapes.com\/de\/products\/at165-extra-starkes-wasserdichtes-gewebeband\/\" \/>\n<meta property=\"og:locale\" content=\"de_DE\" \/>\n<meta property=\"og:type\" content=\"article\" \/>\n<meta property=\"og:title\" content=\"AT0165 Extra starkes, wasserdichtes Gewebeband - Advance Tapes\" \/>\n<meta property=\"og:description\" content=\"AT165 ist ein starkes, wasserfestes, laminiertes Gewebeband mit gl\u00e4nzender Oberfl\u00e4che, beschichtet mit einem aggressiven, druckempfindlichen, l\u00f6sungsmittelfreien Kautschukkleber.  Dieses starke Gewebeband ist besonders abrieb-, wasser- und durchstichfest und ideal bei schlechtem Wetter. AT165 widersteht Temperaturen von -50\u00b0C bis +65\u00b0C und kann deshalb bei anhaltend extremen Temperaturen eingesetzt werden. Leicht anzuwenden pa\u00dft es sich glatten und unebenen Oberfl\u00e4chen gut an.  Ideal f\u00fcr kurzzeitigen Einsatz in der Unterhaltungsindustrie oder zum Befestigen von photopolymeren Druckplatten auf Stahldruckzylindern, damit diese nicht verrutschen.\" \/>\n<meta property=\"og:url\" content=\"https:\/\/advancetapes.com\/de\/products\/at165-extra-starkes-wasserdichtes-gewebeband\/\" \/>\n<meta property=\"og:site_name\" content=\"Advance Tapes\" \/>\n<meta property=\"article:modified_time\" content=\"2025-09-25T11:40:16+00:00\" \/>\n<meta property=\"og:image\" content=\"https:\/\/advancetapes.com\/wp-content\/uploads\/2021\/01\/Advance-Tapes_AT165_Black.jpg\" \/>\n\t<meta property=\"og:image:width\" content=\"600\" \/>\n\t<meta property=\"og:image:height\" content=\"600\" \/>\n\t<meta property=\"og:image:type\" content=\"image\/jpeg\" \/>\n<meta name=\"twitter:card\" content=\"summary_large_image\" \/>\n<meta name=\"twitter:label1\" content=\"Est. reading time\" \/>\n\t<meta name=\"twitter:data1\" content=\"1 minute\" \/>\n<!-- \/ Yoast SEO plugin. -->","yoast_head_json":{"title":"AT0165 Extra starkes, wasserdichtes Gewebeband - Advance Tapes","robots":{"index":"index","follow":"follow","max-snippet":"max-snippet:-1","max-image-preview":"max-image-preview:large","max-video-preview":"max-video-preview:-1"},"canonical":"https:\/\/advancetapes.com\/de\/products\/at165-extra-starkes-wasserdichtes-gewebeband\/","og_locale":"de_DE","og_type":"article","og_title":"AT0165 Extra starkes, wasserdichtes Gewebeband - Advance Tapes","og_description":"AT165 ist ein starkes, wasserfestes, laminiertes Gewebeband mit gl\u00e4nzender Oberfl\u00e4che, beschichtet mit einem aggressiven, druckempfindlichen, l\u00f6sungsmittelfreien Kautschukkleber.  Dieses starke Gewebeband ist besonders abrieb-, wasser- und durchstichfest und ideal bei schlechtem Wetter. AT165 widersteht Temperaturen von -50\u00b0C bis +65\u00b0C und kann deshalb bei anhaltend extremen Temperaturen eingesetzt werden. Leicht anzuwenden pa\u00dft es sich glatten und unebenen Oberfl\u00e4chen gut an.  Ideal f\u00fcr kurzzeitigen Einsatz in der Unterhaltungsindustrie oder zum Befestigen von photopolymeren Druckplatten auf Stahldruckzylindern, damit diese nicht verrutschen.","og_url":"https:\/\/advancetapes.com\/de\/products\/at165-extra-starkes-wasserdichtes-gewebeband\/","og_site_name":"Advance Tapes","article_modified_time":"2025-09-25T11:40:16+00:00","og_image":[{"width":600,"height":600,"url":"https:\/\/advancetapes.com\/wp-content\/uploads\/2021\/01\/Advance-Tapes_AT165_Black.jpg","type":"image\/jpeg"}],"twitter_card":"summary_large_image","twitter_misc":{"Est. reading time":"1 minute"},"schema":{"@context":"https:\/\/schema.org","@graph":[{"@type":"WebPage","@id":"https:\/\/advancetapes.com\/de\/products\/at165-extra-starkes-wasserdichtes-gewebeband\/","url":"https:\/\/advancetapes.com\/de\/products\/at165-extra-starkes-wasserdichtes-gewebeband\/","name":"AT0165 Extra starkes, wasserdichtes Gewebeband - Advance Tapes","isPartOf":{"@id":"https:\/\/advancetapes.com\/de\/#website"},"primaryImageOfPage":{"@id":"https:\/\/advancetapes.com\/de\/products\/at165-extra-starkes-wasserdichtes-gewebeband\/#primaryimage"},"image":{"@id":"https:\/\/advancetapes.com\/de\/products\/at165-extra-starkes-wasserdichtes-gewebeband\/#primaryimage"},"thumbnailUrl":"https:\/\/advancetapes.com\/wp-content\/uploads\/2021\/01\/Advance-Tapes_AT165_Black.jpg","datePublished":"2021-01-02T20:32:21+00:00","dateModified":"2025-09-25T11:40:16+00:00","breadcrumb":{"@id":"https:\/\/advancetapes.com\/de\/products\/at165-extra-starkes-wasserdichtes-gewebeband\/#breadcrumb"},"inLanguage":"de-DE","potentialAction":[{"@type":"ReadAction","target":["https:\/\/advancetapes.com\/de\/products\/at165-extra-starkes-wasserdichtes-gewebeband\/"]}]},{"@type":"ImageObject","inLanguage":"de-DE","@id":"https:\/\/advancetapes.com\/de\/products\/at165-extra-starkes-wasserdichtes-gewebeband\/#primaryimage","url":"https:\/\/advancetapes.com\/wp-content\/uploads\/2021\/01\/Advance-Tapes_AT165_Black.jpg","contentUrl":"https:\/\/advancetapes.com\/wp-content\/uploads\/2021\/01\/Advance-Tapes_AT165_Black.jpg","width":600,"height":600},{"@type":"BreadcrumbList","@id":"https:\/\/advancetapes.com\/de\/products\/at165-extra-starkes-wasserdichtes-gewebeband\/#breadcrumb","itemListElement":[{"@type":"ListItem","position":1,"name":"Home","item":"https:\/\/advancetapes.com\/de\/"},{"@type":"ListItem","position":2,"name":"Products","item":"https:\/\/advancetapes.com\/de\/products\/"},{"@type":"ListItem","position":3,"name":"AT0165 Extra starkes, wasserdichtes Gewebeband"}]},{"@type":"WebSite","@id":"https:\/\/advancetapes.com\/de\/#website","url":"https:\/\/advancetapes.com\/de\/","name":"Advance Tapes","description":"Adding more to adhesive tape","potentialAction":[{"@type":"SearchAction","target":{"@type":"EntryPoint","urlTemplate":"https:\/\/advancetapes.com\/de\/?s={search_term_string}"},"query-input":{"@type":"PropertyValueSpecification","valueRequired":true,"valueName":"search_term_string"}}],"inLanguage":"de-DE"}]}},"_links":{"self":[{"href":"https:\/\/advancetapes.com\/de\/wp-json\/wp\/v2\/product\/5755","targetHints":{"allow":["GET"]}}],"collection":[{"href":"https:\/\/advancetapes.com\/de\/wp-json\/wp\/v2\/product"}],"about":[{"href":"https:\/\/advancetapes.com\/de\/wp-json\/wp\/v2\/types\/product"}],"wp:featuredmedia":[{"embeddable":true,"href":"https:\/\/advancetapes.com\/de\/wp-json\/wp\/v2\/media\/2709"}],"wp:attachment":[{"href":"https:\/\/advancetapes.com\/de\/wp-json\/wp\/v2\/media?parent=5755"}],"wp:term":[{"taxonomy":"product_brand","embeddable":true,"href":"https:\/\/advancetapes.com\/de\/wp-json\/wp\/v2\/product_brand?post=5755"},{"taxonomy":"product_cat","embeddable":true,"href":"https:\/\/advancetapes.com\/de\/wp-json\/wp\/v2\/product_cat?post=5755"},{"taxonomy":"product_tag","embeddable":true,"href":"https:\/\/advancetapes.com\/de\/wp-json\/wp\/v2\/product_tag?post=5755"}],"curies":[{"name":"wp","href":"https:\/\/api.w.org\/{rel}","templated":true}]}}