{"id":5753,"date":"2021-01-02T20:27:35","date_gmt":"2021-01-02T20:27:35","guid":{"rendered":"https:\/\/advancetapes.com\/products\/at163-warmehartendes-dichtungsband\/"},"modified":"2025-03-12T08:42:07","modified_gmt":"2025-03-12T08:42:07","slug":"at163-warmehartendes-dichtungsband","status":"publish","type":"product","link":"https:\/\/advancetapes.com\/de\/products\/at163-warmehartendes-dichtungsband\/","title":{"rendered":"AT0163 W\u00e4rmeh\u00e4rtendes Dichtungsband"},"content":{"rendered":"<div  class='tabcontainer av-kjftr0sh-5cbeaf8b0626cf654d5dd98b301fff40 top_tab  avia-builder-el-0  avia-builder-el-no-sibling '>\n<section class='av_tab_section av_tab_section av-149rya-8f3671af57cede4e11cf8d1cefc84eda'  itemscope=\"itemscope\" itemtype=\"https:\/\/schema.org\/CreativeWork\" ><div id='tab-id-1-tab' class='tab active_tab' role='tab' aria-selected=\"true\" tabindex=\"0\" data-fake-id='#tab-id-1' aria-controls='tab-id-1-content'  itemprop=\"headline\" >Funktionen<\/div><div id='tab-id-1-content' class='tab_content active_tab_content' role='tabpanel' aria-labelledby='tab-id-1-tab' aria-hidden=\"false\"><div class='tab_inner_content invers-color'  itemprop=\"text\" ><ul>\n<li>Stark<\/li>\n<li>Starke Soforthaftung<\/li>\n<li>W\u00e4rmeh\u00e4rtender Kleber<\/li>\n<li>Bis 110\u00b0C r\u00fcckstandsfrei abziehbar<\/li>\n<li>Formanpassungsf\u00e4hig<\/li>\n<li>Best\u00e4ndig gegen Wasser und Salzwasser<\/li>\n<li>Gute Abriebfestigkeit<\/li>\n<li>Kann beschriftet warden<\/li>\n<\/ul>\n<\/div><\/div><\/section>\n<section class='av_tab_section av_tab_section av-ww3wq-25eae93dbd060e4bd4619bd057781017'  itemscope=\"itemscope\" itemtype=\"https:\/\/schema.org\/CreativeWork\" ><div id='tab-id-2-tab' class='tab' role='tab' aria-selected=\"false\" tabindex=\"0\" data-fake-id='#tab-id-2' aria-controls='tab-id-2-content'  itemprop=\"headline\" >Applications<\/div><div id='tab-id-2-content' class='tab_content' role='tabpanel' aria-labelledby='tab-id-2-tab' aria-hidden=\"true\"><div class='tab_inner_content invers-color'  itemprop=\"text\" ><ul>\n<li>Sto\u00dfabdichtung bei L\u00fcftungsrohren aus Metall oder Kunststoff<\/li>\n<li>Abdichten von Isoliermaterialien mit weicher oder faseriger Oberfl\u00e4che<\/li>\n<li>Umwickeln der Versorgungsschl\u00e4uche f\u00fcr Tiefseetaucher<\/li>\n<li>Schuss Explosionsschutz<\/li>\n<li>Shot Peening Prozessschutz<\/li>\n<li>Offshore Bohrinselschutz<\/li>\n<\/ul>\n<\/div><\/div><\/section>\n<section class='av_tab_section av_tab_section av-rh98y-9b03fb60f2c923d52734a21defd2015e'  itemscope=\"itemscope\" itemtype=\"https:\/\/schema.org\/CreativeWork\" ><div id='tab-id-3-tab' class='tab' role='tab' aria-selected=\"false\" tabindex=\"0\" data-fake-id='#tab-id-3' aria-controls='tab-id-3-content'  itemprop=\"headline\" >Technical<\/div><div id='tab-id-3-content' class='tab_content' role='tabpanel' aria-labelledby='tab-id-3-tab' aria-hidden=\"true\"><div class='tab_inner_content invers-color'  itemprop=\"text\" ><div class=\"col-xs-24 col-sm-12\">\n<table cellspacing=\"0\" cellpadding=\"0\">\n<tbody>\n<tr>\n<td><strong>Produkttyp<\/strong><\/td>\n<td>Gewebe<\/td>\n<\/tr>\n<tr>\n<td><strong>Klebstoff-Typ<\/strong><\/td>\n<td>Naturkautschuk, l\u00f6semittelfrei<\/td>\n<\/tr>\n<tr>\n<td><strong>Gesamtdicke<\/strong><\/td>\n<td>0.30 mm<\/td>\n<\/tr>\n<tr>\n<td><strong>Bruchlast<\/strong><\/td>\n<td>70 N\/cm<\/td>\n<\/tr>\n<tr>\n<td><strong>Bruchdehnung<\/strong><\/td>\n<td>30%<\/td>\n<\/tr>\n<tr>\n<td><strong>Klebkraft auf Stahl<\/strong><\/td>\n<td>7.4 N\/cm<\/td>\n<\/tr>\n<tr>\n<td><strong>Klebkraft auf Bandr\u00fccken<\/strong><\/td>\n<td>3.2 N\/cm<\/td>\n<\/tr>\n<tr>\n<td><strong>Service Temperature<\/strong><\/td>\n<td>-50\u00b0C to +110\u00b0C<\/td>\n<\/tr>\n<tr>\n<td><strong>RoHS \u00fcbereinstimmend<\/strong><\/td>\n<td>Ja<\/td>\n<\/tr>\n<\/tbody>\n<\/table>\n<\/div>\n<\/div><\/div><\/section>\n<section class='av_tab_section av_tab_section av-piqt-c78631c4603ff59fef417d06594d5e20'  itemscope=\"itemscope\" itemtype=\"https:\/\/schema.org\/CreativeWork\" ><div id='tab-id-4-tab' class='tab' role='tab' aria-selected=\"false\" tabindex=\"0\" data-fake-id='#tab-id-4' aria-controls='tab-id-4-content'  itemprop=\"headline\" >Colours<\/div><div id='tab-id-4-content' class='tab_content' role='tabpanel' aria-labelledby='tab-id-4-tab' aria-hidden=\"true\"><div class='tab_inner_content invers-color'  itemprop=\"text\" ><\/div><\/div><\/section>\n<\/div>\n","protected":false},"excerpt":{"rendered":"<p><strong>L\u00e4sst sich r\u00fcckstandsfrei bei bis zu 110\u00b0C* von den meisten Oberfl\u00e4chen wieder abziehen.<br \/>\nWasser- und salzwasserfest, ideal f\u00fcr Eins\u00e4tze bei der Marine.<\/strong><\/p>\n<div class=\"first_para_desc\">\n<p>AT163 ist ein qualitativ hochwertiges, extrudiertes, silberes Poly\u00e4thylen-Gewebeband, beschichtet mit einem w\u00e4rmeh\u00e4rtenden, druckempfindlichen, l\u00f6sungsmittelfreien Kautschukkleber. Es ist deshalb sehr hitzebest\u00e4ndig, stark und hat hohe Klebkraft.<\/p>\n<\/div>\n<div class=\"rest_of_desc\">\n<p>Das Duct-Tape hat einen w\u00e4rmeh\u00e4rtenden Kleber, der bei Temperaturen von \u00fcber +110\u00b0C aush\u00e4rtet. Diese Eigenschaft ist ein Indikator f\u00fcr die Umgebungstemperatur. Unter 110\u00b0C hinterl\u00e4ss,t das Band keine Kleberr\u00fcckst\u00e4nde*.<\/p>\n<p>AT163 ist besonders widerstandsf\u00e4hig gegen Wasser und Salzwasser. Diese Eigenschaft kombiniert mit der guten Abriebfestigkeit macht es ideal f\u00fcr Marine-Eins\u00e4tze auf See.<\/p>\n<p>Extrem flexibel passt es sich Biegungen und Konturen an. Einsetzbar zum Verbinden von St\u00f6\u00dfen harter Kunststoffe, von Luftsch\u00e4chten der gesamten Heizungs-, und L\u00fcftungs-Industrie. Zur L\u00e4ngenverbindung von flexiblen Rohren und zum Verbinden weicher Polysterol-Isolationen, PE-Folien, St\u00f6\u00dfen und Verst\u00e4rken von L\u00f6taugen. Schutz gegen Abrieb bei aufblasbaren PE-Geb\u00e4uden.<\/p>\n<p>*Wir empfehlen, dass sich der Anwender vor Einsatz von der Eignung des Bandes f\u00fcr seine Anwendung \u00fcberzeugt.<\/p>\n<p>&nbsp;<\/p>\n<\/div>\n","protected":false},"featured_media":2699,"template":"","meta":{"_acf_changed":false},"product_brand":[],"product_cat":[527,348],"product_tag":[349,350,351,352,357],"class_list":{"0":"post-5753","1":"product","2":"type-product","3":"status-publish","4":"has-post-thumbnail","6":"product_cat-atf-stock-de","7":"product_cat-cloth-tape-and-duct-tapes","8":"product_tag-agriculture-de","9":"product_tag-building-de","10":"product_tag-entertainment-de","11":"product_tag-industrial-consumables-de","12":"product_tag-nuclear-de","14":"first","15":"instock","16":"shipping-taxable","17":"product-type-simple"},"acf":[],"yoast_head":"<!-- This site is optimized with the Yoast SEO plugin v27.3 - https:\/\/yoast.com\/product\/yoast-seo-wordpress\/ -->\n<title>AT0163 W\u00e4rmeh\u00e4rtendes Dichtungsband - Advance Tapes<\/title>\n<meta name=\"robots\" content=\"index, follow, max-snippet:-1, max-image-preview:large, max-video-preview:-1\" \/>\n<link rel=\"canonical\" href=\"https:\/\/advancetapes.com\/de\/products\/at163-warmehartendes-dichtungsband\/\" \/>\n<meta property=\"og:locale\" content=\"de_DE\" \/>\n<meta property=\"og:type\" content=\"article\" \/>\n<meta property=\"og:title\" content=\"AT0163 W\u00e4rmeh\u00e4rtendes Dichtungsband - Advance Tapes\" \/>\n<meta property=\"og:description\" content=\"L\u00e4sst sich r\u00fcckstandsfrei bei bis zu 110\u00b0C* von den meisten Oberfl\u00e4chen wieder abziehen. Wasser- und salzwasserfest, ideal f\u00fcr Eins\u00e4tze bei der Marine.   AT163 ist ein qualitativ hochwertiges, extrudiertes, silberes Poly\u00e4thylen-Gewebeband, beschichtet mit einem w\u00e4rmeh\u00e4rtenden, druckempfindlichen, l\u00f6sungsmittelfreien Kautschukkleber. Es ist deshalb sehr hitzebest\u00e4ndig, stark und hat hohe Klebkraft.     Das Duct-Tape hat einen w\u00e4rmeh\u00e4rtenden Kleber, der bei Temperaturen von \u00fcber +110\u00b0C aush\u00e4rtet. Diese Eigenschaft ist ein Indikator f\u00fcr die Umgebungstemperatur. Unter 110\u00b0C hinterl\u00e4ss,t das Band keine Kleberr\u00fcckst\u00e4nde*.  AT163 ist besonders widerstandsf\u00e4hig gegen Wasser und Salzwasser. Diese Eigenschaft kombiniert mit der guten Abriebfestigkeit macht es ideal f\u00fcr Marine-Eins\u00e4tze auf See.  Extrem flexibel passt es sich Biegungen und Konturen an. Einsetzbar zum Verbinden von St\u00f6\u00dfen harter Kunststoffe, von Luftsch\u00e4chten der gesamten Heizungs-, und L\u00fcftungs-Industrie. Zur L\u00e4ngenverbindung von flexiblen Rohren und zum Verbinden weicher Polysterol-Isolationen, PE-Folien, St\u00f6\u00dfen und Verst\u00e4rken von L\u00f6taugen. Schutz gegen Abrieb bei aufblasbaren PE-Geb\u00e4uden.  *Wir empfehlen, dass sich der Anwender vor Einsatz von der Eignung des Bandes f\u00fcr seine Anwendung \u00fcberzeugt.  &nbsp;\" \/>\n<meta property=\"og:url\" content=\"https:\/\/advancetapes.com\/de\/products\/at163-warmehartendes-dichtungsband\/\" \/>\n<meta property=\"og:site_name\" content=\"Advance Tapes\" \/>\n<meta property=\"article:modified_time\" content=\"2025-03-12T08:42:07+00:00\" \/>\n<meta property=\"og:image\" content=\"https:\/\/advancetapes.com\/wp-content\/uploads\/2021\/01\/Advance-Tapes_AT163_Silver.jpg\" \/>\n\t<meta property=\"og:image:width\" content=\"600\" \/>\n\t<meta property=\"og:image:height\" content=\"600\" \/>\n\t<meta property=\"og:image:type\" content=\"image\/jpeg\" \/>\n<meta name=\"twitter:card\" content=\"summary_large_image\" \/>\n<meta name=\"twitter:label1\" content=\"Est. reading time\" \/>\n\t<meta name=\"twitter:data1\" content=\"1 minute\" \/>\n<!-- \/ Yoast SEO plugin. -->","yoast_head_json":{"title":"AT0163 W\u00e4rmeh\u00e4rtendes Dichtungsband - Advance Tapes","robots":{"index":"index","follow":"follow","max-snippet":"max-snippet:-1","max-image-preview":"max-image-preview:large","max-video-preview":"max-video-preview:-1"},"canonical":"https:\/\/advancetapes.com\/de\/products\/at163-warmehartendes-dichtungsband\/","og_locale":"de_DE","og_type":"article","og_title":"AT0163 W\u00e4rmeh\u00e4rtendes Dichtungsband - Advance Tapes","og_description":"L\u00e4sst sich r\u00fcckstandsfrei bei bis zu 110\u00b0C* von den meisten Oberfl\u00e4chen wieder abziehen. Wasser- und salzwasserfest, ideal f\u00fcr Eins\u00e4tze bei der Marine.   AT163 ist ein qualitativ hochwertiges, extrudiertes, silberes Poly\u00e4thylen-Gewebeband, beschichtet mit einem w\u00e4rmeh\u00e4rtenden, druckempfindlichen, l\u00f6sungsmittelfreien Kautschukkleber. Es ist deshalb sehr hitzebest\u00e4ndig, stark und hat hohe Klebkraft.     Das Duct-Tape hat einen w\u00e4rmeh\u00e4rtenden Kleber, der bei Temperaturen von \u00fcber +110\u00b0C aush\u00e4rtet. Diese Eigenschaft ist ein Indikator f\u00fcr die Umgebungstemperatur. Unter 110\u00b0C hinterl\u00e4ss,t das Band keine Kleberr\u00fcckst\u00e4nde*.  AT163 ist besonders widerstandsf\u00e4hig gegen Wasser und Salzwasser. Diese Eigenschaft kombiniert mit der guten Abriebfestigkeit macht es ideal f\u00fcr Marine-Eins\u00e4tze auf See.  Extrem flexibel passt es sich Biegungen und Konturen an. Einsetzbar zum Verbinden von St\u00f6\u00dfen harter Kunststoffe, von Luftsch\u00e4chten der gesamten Heizungs-, und L\u00fcftungs-Industrie. Zur L\u00e4ngenverbindung von flexiblen Rohren und zum Verbinden weicher Polysterol-Isolationen, PE-Folien, St\u00f6\u00dfen und Verst\u00e4rken von L\u00f6taugen. Schutz gegen Abrieb bei aufblasbaren PE-Geb\u00e4uden.  *Wir empfehlen, dass sich der Anwender vor Einsatz von der Eignung des Bandes f\u00fcr seine Anwendung \u00fcberzeugt.  &nbsp;","og_url":"https:\/\/advancetapes.com\/de\/products\/at163-warmehartendes-dichtungsband\/","og_site_name":"Advance Tapes","article_modified_time":"2025-03-12T08:42:07+00:00","og_image":[{"width":600,"height":600,"url":"https:\/\/advancetapes.com\/wp-content\/uploads\/2021\/01\/Advance-Tapes_AT163_Silver.jpg","type":"image\/jpeg"}],"twitter_card":"summary_large_image","twitter_misc":{"Est. reading time":"1 minute"},"schema":{"@context":"https:\/\/schema.org","@graph":[{"@type":"WebPage","@id":"https:\/\/advancetapes.com\/de\/products\/at163-warmehartendes-dichtungsband\/","url":"https:\/\/advancetapes.com\/de\/products\/at163-warmehartendes-dichtungsband\/","name":"AT0163 W\u00e4rmeh\u00e4rtendes Dichtungsband - Advance Tapes","isPartOf":{"@id":"https:\/\/advancetapes.com\/de\/#website"},"primaryImageOfPage":{"@id":"https:\/\/advancetapes.com\/de\/products\/at163-warmehartendes-dichtungsband\/#primaryimage"},"image":{"@id":"https:\/\/advancetapes.com\/de\/products\/at163-warmehartendes-dichtungsband\/#primaryimage"},"thumbnailUrl":"https:\/\/advancetapes.com\/wp-content\/uploads\/2021\/01\/Advance-Tapes_AT163_Silver.jpg","datePublished":"2021-01-02T20:27:35+00:00","dateModified":"2025-03-12T08:42:07+00:00","breadcrumb":{"@id":"https:\/\/advancetapes.com\/de\/products\/at163-warmehartendes-dichtungsband\/#breadcrumb"},"inLanguage":"de-DE","potentialAction":[{"@type":"ReadAction","target":["https:\/\/advancetapes.com\/de\/products\/at163-warmehartendes-dichtungsband\/"]}]},{"@type":"ImageObject","inLanguage":"de-DE","@id":"https:\/\/advancetapes.com\/de\/products\/at163-warmehartendes-dichtungsband\/#primaryimage","url":"https:\/\/advancetapes.com\/wp-content\/uploads\/2021\/01\/Advance-Tapes_AT163_Silver.jpg","contentUrl":"https:\/\/advancetapes.com\/wp-content\/uploads\/2021\/01\/Advance-Tapes_AT163_Silver.jpg","width":600,"height":600,"caption":"All Weather Duct Tape"},{"@type":"BreadcrumbList","@id":"https:\/\/advancetapes.com\/de\/products\/at163-warmehartendes-dichtungsband\/#breadcrumb","itemListElement":[{"@type":"ListItem","position":1,"name":"Home","item":"https:\/\/advancetapes.com\/de\/"},{"@type":"ListItem","position":2,"name":"Products","item":"https:\/\/advancetapes.com\/de\/products\/"},{"@type":"ListItem","position":3,"name":"AT0163 W\u00e4rmeh\u00e4rtendes Dichtungsband"}]},{"@type":"WebSite","@id":"https:\/\/advancetapes.com\/de\/#website","url":"https:\/\/advancetapes.com\/de\/","name":"Advance Tapes","description":"Adding more to adhesive tape","potentialAction":[{"@type":"SearchAction","target":{"@type":"EntryPoint","urlTemplate":"https:\/\/advancetapes.com\/de\/?s={search_term_string}"},"query-input":{"@type":"PropertyValueSpecification","valueRequired":true,"valueName":"search_term_string"}}],"inLanguage":"de-DE"}]}},"_links":{"self":[{"href":"https:\/\/advancetapes.com\/de\/wp-json\/wp\/v2\/product\/5753","targetHints":{"allow":["GET"]}}],"collection":[{"href":"https:\/\/advancetapes.com\/de\/wp-json\/wp\/v2\/product"}],"about":[{"href":"https:\/\/advancetapes.com\/de\/wp-json\/wp\/v2\/types\/product"}],"wp:featuredmedia":[{"embeddable":true,"href":"https:\/\/advancetapes.com\/de\/wp-json\/wp\/v2\/media\/2699"}],"wp:attachment":[{"href":"https:\/\/advancetapes.com\/de\/wp-json\/wp\/v2\/media?parent=5753"}],"wp:term":[{"taxonomy":"product_brand","embeddable":true,"href":"https:\/\/advancetapes.com\/de\/wp-json\/wp\/v2\/product_brand?post=5753"},{"taxonomy":"product_cat","embeddable":true,"href":"https:\/\/advancetapes.com\/de\/wp-json\/wp\/v2\/product_cat?post=5753"},{"taxonomy":"product_tag","embeddable":true,"href":"https:\/\/advancetapes.com\/de\/wp-json\/wp\/v2\/product_tag?post=5753"}],"curies":[{"name":"wp","href":"https:\/\/api.w.org\/{rel}","templated":true}]}}