{"id":5752,"date":"2021-01-02T20:19:36","date_gmt":"2021-01-02T20:19:36","guid":{"rendered":"https:\/\/advancetapes.com\/products\/at160-premium-quality-matt-waterproof-cloth-tape\/"},"modified":"2025-09-25T11:40:45","modified_gmt":"2025-09-25T11:40:45","slug":"at160-wasserdichtes-mattes-gewebeband","status":"publish","type":"product","link":"https:\/\/advancetapes.com\/de\/products\/at160-wasserdichtes-mattes-gewebeband\/","title":{"rendered":"AT0160 Wasserdichtes Gewebeband in Premiumqualit\u00e4t mit matter Oberfl\u00e4che"},"content":{"rendered":"<div  class='tabcontainer av-kjftr0sh-5cbeaf8b0626cf654d5dd98b301fff40 top_tab  avia-builder-el-0  avia-builder-el-no-sibling '>\n<section class='av_tab_section av_tab_section av-12br42-63d3bd448f96160d7400c9c37d681755'  itemscope=\"itemscope\" itemtype=\"https:\/\/schema.org\/CreativeWork\" ><div id='tab-id-1-tab' class='tab active_tab' role='tab' aria-selected=\"true\" tabindex=\"0\" data-fake-id='#tab-id-1' aria-controls='tab-id-1-content'  itemprop=\"headline\" >Funktionen<\/div><div id='tab-id-1-content' class='tab_content active_tab_content' role='tabpanel' aria-labelledby='tab-id-1-tab' aria-hidden=\"false\"><div class='tab_inner_content invers-color'  itemprop=\"text\" ><ul>\n<li>Sehr stark<\/li>\n<li>Formanpassungsf\u00e4hig<\/li>\n<li>Besonders wasserfest<\/li>\n<li>Gute Abrieb- und Durchstichfestigkeit<\/li>\n<li>Sehr gute Best\u00e4ndigkeit f\u00fcr Eins\u00e4tze im Freien<\/li>\n<li>Breite Farbpalette<\/li>\n<li>Kann beschriftet werden<\/li>\n<\/ul>\n<\/div><\/div><\/section>\n<section class='av_tab_section av_tab_section av-zd90a-0967393b280bb1d96611d96b6aa60788'  itemscope=\"itemscope\" itemtype=\"https:\/\/schema.org\/CreativeWork\" ><div id='tab-id-2-tab' class='tab' role='tab' aria-selected=\"false\" tabindex=\"0\" data-fake-id='#tab-id-2' aria-controls='tab-id-2-content'  itemprop=\"headline\" >Applications<\/div><div id='tab-id-2-content' class='tab_content' role='tabpanel' aria-labelledby='tab-id-2-tab' aria-hidden=\"true\"><div class='tab_inner_content invers-color'  itemprop=\"text\" ><ul>\n<li>Schutz von Turbinenschaufeln w\u00e4hrend der Feinbearbeitung<\/li>\n<li>Farbcodieren und Abdichten von Munitionskisten und Notreparaturen bei Milit\u00e4reinheiten<\/li>\n<li>Verbinden von schweren PE-Folien und Wandplatten<\/li>\n<li>Splei\u00dfen und Verbinden w\u00e4hrend Verarbeitungsprozessen<\/li>\n<li>Steinschlagschutz (AML)<\/li>\n<li>Abdichtung von Fibertrommeln<\/li>\n<\/ul>\n<\/div><\/div><\/section>\n<section class='av_tab_section av_tab_section av-t8w4y-f4a6b0aee83851fda4744243de011925'  itemscope=\"itemscope\" itemtype=\"https:\/\/schema.org\/CreativeWork\" ><div id='tab-id-3-tab' class='tab' role='tab' aria-selected=\"false\" tabindex=\"0\" data-fake-id='#tab-id-3' aria-controls='tab-id-3-content'  itemprop=\"headline\" >Technical<\/div><div id='tab-id-3-content' class='tab_content' role='tabpanel' aria-labelledby='tab-id-3-tab' aria-hidden=\"true\"><div class='tab_inner_content invers-color'  itemprop=\"text\" ><div class=\"col-xs-24 col-sm-12\">\n<table cellspacing=\"0\" cellpadding=\"0\">\n<tbody>\n<tr>\n<td><strong>Produkttyp<\/strong><\/td>\n<td>Gewebe<\/td>\n<\/tr>\n<tr>\n<td><strong>Klebstoff-Typ<\/strong><\/td>\n<td>Naturkautschuk, l\u00f6semittelfre<\/td>\n<\/tr>\n<tr>\n<td><strong>Gesamtdicke<\/strong><\/td>\n<td>0.33 mm<\/td>\n<\/tr>\n<tr>\n<td><strong>Bruchlast<\/strong><\/td>\n<td>85 N\/cm<\/td>\n<\/tr>\n<tr>\n<td><strong>Bruchdehnung<\/strong><\/td>\n<td>8%<\/td>\n<\/tr>\n<tr>\n<td><strong>Klebkraft auf Stahl<\/strong><\/td>\n<td>3.5 N\/cm<\/td>\n<\/tr>\n<tr>\n<td><strong>Klebkraft auf Bandr\u00fccken<\/strong><\/td>\n<td>2.2 N\/cm<\/td>\n<\/tr>\n<tr>\n<td><strong>Service Temperature<\/strong><\/td>\n<td>-50\u00b0C to +80\u00b0C<\/td>\n<\/tr>\n<tr>\n<td><strong>RoHS \u00fcbereinstimmend<\/strong><\/td>\n<td>Ja<\/td>\n<\/tr>\n<tr>\n<td><strong>Specification<\/strong><\/td>\n<td>DEF STAN 81-25<\/td>\n<\/tr>\n<\/tbody>\n<\/table>\n<\/div>\n<\/div><\/div><\/section>\n<section class='av_tab_section av_tab_section av-piqt-c78631c4603ff59fef417d06594d5e20'  itemscope=\"itemscope\" itemtype=\"https:\/\/schema.org\/CreativeWork\" ><div id='tab-id-4-tab' class='tab' role='tab' aria-selected=\"false\" tabindex=\"0\" data-fake-id='#tab-id-4' aria-controls='tab-id-4-content'  itemprop=\"headline\" >Colours<\/div><div id='tab-id-4-content' class='tab_content' role='tabpanel' aria-labelledby='tab-id-4-tab' aria-hidden=\"true\"><div class='tab_inner_content invers-color'  itemprop=\"text\" ><\/div><\/div><\/section>\n<\/div>\n","protected":false},"excerpt":{"rendered":"<p><strong>Entspricht DEF STAN 81-145\/2<\/strong><\/p>\n<p>&nbsp;<\/p>\n<div class=\"first_para_desc\">\n<p>AT160 ist ein sehr starkes, mattes, wasserdichtes, extrudiertes Poly\u00e4thylen-Gewebeband, ausger\u00fcstet mit einem druckempfindlichen, aggressiven, l\u00f6sungsmittelfreien Kautschukkleber. Dieses matte Gewebeband ist abriebfest, wasserabweisend und durchstichfest. Es ist deshalb ideal f\u00fcr langfristigen Einsatz im Au\u00dfenbereich. Au\u00dferdem widersteht es niedrigen und hohen Temperaturen (von -50\u00b0C bis +80\u00b0C). Anpassungsf\u00e4hig, AT160 kann auf glatten und unebenen Oberfl\u00e4chen leicht aufgebracht werden. Ideal zum Verbinden von PE-Folien, Verbundplatten und sogar zum Schutz von Turbinenschaufeln in Luftfahrt und Marine, zum Farbcodieren, Verschlie\u00dfen von Munitionskisten und f\u00fcr Notreparaturen bei den Streitkr\u00e4ften. Das Band entspricht DEF.STAN. 81-145 2a.<\/p>\n<\/div>\n","protected":false},"featured_media":7925,"template":"","meta":{"_acf_changed":false},"product_brand":[],"product_cat":[527,348],"product_tag":[349,350,351,352,357],"class_list":{"0":"post-5752","1":"product","2":"type-product","3":"status-publish","4":"has-post-thumbnail","6":"product_cat-atf-stock-de","7":"product_cat-cloth-tape-and-duct-tapes","8":"product_tag-agriculture-de","9":"product_tag-building-de","10":"product_tag-entertainment-de","11":"product_tag-industrial-consumables-de","12":"product_tag-nuclear-de","14":"first","15":"instock","16":"shipping-taxable","17":"product-type-simple"},"acf":[],"yoast_head":"<!-- This site is optimized with the Yoast SEO plugin v27.3 - https:\/\/yoast.com\/product\/yoast-seo-wordpress\/ -->\n<title>AT0160 Wasserdichtes Gewebeband in Premiumqualit\u00e4t mit matter Oberfl\u00e4che - Advance Tapes<\/title>\n<meta name=\"description\" content=\"AT160 ist ein wasserdichtes Gewebeband mit matter Oberfl\u00e4che in Pr\u00e4miumqualit\u00e4t, das abrieb- und durchstichfest ist.\" \/>\n<meta name=\"robots\" content=\"index, follow, max-snippet:-1, max-image-preview:large, max-video-preview:-1\" \/>\n<link rel=\"canonical\" href=\"https:\/\/advancetapes.com\/de\/products\/at160-wasserdichtes-mattes-gewebeband\/\" \/>\n<meta property=\"og:locale\" content=\"de_DE\" \/>\n<meta property=\"og:type\" content=\"article\" \/>\n<meta property=\"og:title\" content=\"AT0160 Wasserdichtes Gewebeband in Premiumqualit\u00e4t mit matter Oberfl\u00e4che - Advance Tapes\" \/>\n<meta property=\"og:description\" content=\"AT160 ist ein wasserdichtes Gewebeband mit matter Oberfl\u00e4che in Pr\u00e4miumqualit\u00e4t, das abrieb- und durchstichfest ist.\" \/>\n<meta property=\"og:url\" content=\"https:\/\/advancetapes.com\/de\/products\/at160-wasserdichtes-mattes-gewebeband\/\" \/>\n<meta property=\"og:site_name\" content=\"Advance Tapes\" \/>\n<meta property=\"article:modified_time\" content=\"2025-09-25T11:40:45+00:00\" \/>\n<meta property=\"og:image\" content=\"https:\/\/advancetapes.com\/wp-content\/uploads\/2021\/01\/AT160-final-white-background-1030x687.png\" \/>\n\t<meta property=\"og:image:width\" content=\"1030\" \/>\n\t<meta property=\"og:image:height\" content=\"687\" \/>\n\t<meta property=\"og:image:type\" content=\"image\/png\" \/>\n<meta name=\"twitter:card\" content=\"summary_large_image\" \/>\n<meta name=\"twitter:label1\" content=\"Est. reading time\" \/>\n\t<meta name=\"twitter:data1\" content=\"1 minute\" \/>\n<!-- \/ Yoast SEO plugin. -->","yoast_head_json":{"title":"AT0160 Wasserdichtes Gewebeband in Premiumqualit\u00e4t mit matter Oberfl\u00e4che - Advance Tapes","description":"AT160 ist ein wasserdichtes Gewebeband mit matter Oberfl\u00e4che in Pr\u00e4miumqualit\u00e4t, das abrieb- und durchstichfest ist.","robots":{"index":"index","follow":"follow","max-snippet":"max-snippet:-1","max-image-preview":"max-image-preview:large","max-video-preview":"max-video-preview:-1"},"canonical":"https:\/\/advancetapes.com\/de\/products\/at160-wasserdichtes-mattes-gewebeband\/","og_locale":"de_DE","og_type":"article","og_title":"AT0160 Wasserdichtes Gewebeband in Premiumqualit\u00e4t mit matter Oberfl\u00e4che - Advance Tapes","og_description":"AT160 ist ein wasserdichtes Gewebeband mit matter Oberfl\u00e4che in Pr\u00e4miumqualit\u00e4t, das abrieb- und durchstichfest ist.","og_url":"https:\/\/advancetapes.com\/de\/products\/at160-wasserdichtes-mattes-gewebeband\/","og_site_name":"Advance Tapes","article_modified_time":"2025-09-25T11:40:45+00:00","og_image":[{"width":1030,"height":687,"url":"https:\/\/advancetapes.com\/wp-content\/uploads\/2021\/01\/AT160-final-white-background-1030x687.png","type":"image\/png"}],"twitter_card":"summary_large_image","twitter_misc":{"Est. reading time":"1 minute"},"schema":{"@context":"https:\/\/schema.org","@graph":[{"@type":"WebPage","@id":"https:\/\/advancetapes.com\/de\/products\/at160-wasserdichtes-mattes-gewebeband\/","url":"https:\/\/advancetapes.com\/de\/products\/at160-wasserdichtes-mattes-gewebeband\/","name":"AT0160 Wasserdichtes Gewebeband in Premiumqualit\u00e4t mit matter Oberfl\u00e4che - Advance Tapes","isPartOf":{"@id":"https:\/\/advancetapes.com\/de\/#website"},"primaryImageOfPage":{"@id":"https:\/\/advancetapes.com\/de\/products\/at160-wasserdichtes-mattes-gewebeband\/#primaryimage"},"image":{"@id":"https:\/\/advancetapes.com\/de\/products\/at160-wasserdichtes-mattes-gewebeband\/#primaryimage"},"thumbnailUrl":"https:\/\/advancetapes.com\/wp-content\/uploads\/2021\/01\/AT160-final-white-background.png","datePublished":"2021-01-02T20:19:36+00:00","dateModified":"2025-09-25T11:40:45+00:00","description":"AT160 ist ein wasserdichtes Gewebeband mit matter Oberfl\u00e4che in Pr\u00e4miumqualit\u00e4t, das abrieb- und durchstichfest ist.","breadcrumb":{"@id":"https:\/\/advancetapes.com\/de\/products\/at160-wasserdichtes-mattes-gewebeband\/#breadcrumb"},"inLanguage":"de-DE","potentialAction":[{"@type":"ReadAction","target":["https:\/\/advancetapes.com\/de\/products\/at160-wasserdichtes-mattes-gewebeband\/"]}]},{"@type":"ImageObject","inLanguage":"de-DE","@id":"https:\/\/advancetapes.com\/de\/products\/at160-wasserdichtes-mattes-gewebeband\/#primaryimage","url":"https:\/\/advancetapes.com\/wp-content\/uploads\/2021\/01\/AT160-final-white-background.png","contentUrl":"https:\/\/advancetapes.com\/wp-content\/uploads\/2021\/01\/AT160-final-white-background.png","width":4896,"height":3264},{"@type":"BreadcrumbList","@id":"https:\/\/advancetapes.com\/de\/products\/at160-wasserdichtes-mattes-gewebeband\/#breadcrumb","itemListElement":[{"@type":"ListItem","position":1,"name":"Home","item":"https:\/\/advancetapes.com\/de\/"},{"@type":"ListItem","position":2,"name":"Products","item":"https:\/\/advancetapes.com\/de\/products\/"},{"@type":"ListItem","position":3,"name":"AT0160 Wasserdichtes Gewebeband in Premiumqualit\u00e4t mit matter Oberfl\u00e4che"}]},{"@type":"WebSite","@id":"https:\/\/advancetapes.com\/de\/#website","url":"https:\/\/advancetapes.com\/de\/","name":"Advance Tapes","description":"Adding more to adhesive tape","potentialAction":[{"@type":"SearchAction","target":{"@type":"EntryPoint","urlTemplate":"https:\/\/advancetapes.com\/de\/?s={search_term_string}"},"query-input":{"@type":"PropertyValueSpecification","valueRequired":true,"valueName":"search_term_string"}}],"inLanguage":"de-DE"}]}},"_links":{"self":[{"href":"https:\/\/advancetapes.com\/de\/wp-json\/wp\/v2\/product\/5752","targetHints":{"allow":["GET"]}}],"collection":[{"href":"https:\/\/advancetapes.com\/de\/wp-json\/wp\/v2\/product"}],"about":[{"href":"https:\/\/advancetapes.com\/de\/wp-json\/wp\/v2\/types\/product"}],"wp:featuredmedia":[{"embeddable":true,"href":"https:\/\/advancetapes.com\/de\/wp-json\/wp\/v2\/media\/7925"}],"wp:attachment":[{"href":"https:\/\/advancetapes.com\/de\/wp-json\/wp\/v2\/media?parent=5752"}],"wp:term":[{"taxonomy":"product_brand","embeddable":true,"href":"https:\/\/advancetapes.com\/de\/wp-json\/wp\/v2\/product_brand?post=5752"},{"taxonomy":"product_cat","embeddable":true,"href":"https:\/\/advancetapes.com\/de\/wp-json\/wp\/v2\/product_cat?post=5752"},{"taxonomy":"product_tag","embeddable":true,"href":"https:\/\/advancetapes.com\/de\/wp-json\/wp\/v2\/product_tag?post=5752"}],"curies":[{"name":"wp","href":"https:\/\/api.w.org\/{rel}","templated":true}]}}