{"id":5751,"date":"2021-01-02T20:11:14","date_gmt":"2021-01-02T20:11:14","guid":{"rendered":"https:\/\/advancetapes.com\/products\/at159-qualitativ-hochwertiges-wasserfestes-gewebeband-mit-matter-oberflache\/"},"modified":"2025-03-12T08:38:20","modified_gmt":"2025-03-12T08:38:20","slug":"at159-qualitativ-hochwertiges-wasserfestes-gewebeband-mit-matter-oberflache","status":"publish","type":"product","link":"https:\/\/advancetapes.com\/de\/products\/at159-qualitativ-hochwertiges-wasserfestes-gewebeband-mit-matter-oberflache\/","title":{"rendered":"AT0159 Qualitativ hochwertiges wasserfestes Gewebeband mit matter Oberfl\u00e4che"},"content":{"rendered":"<div  class='tabcontainer av-kjftr0sh-5cbeaf8b0626cf654d5dd98b301fff40 top_tab  avia-builder-el-0  avia-builder-el-no-sibling '>\n<section class='av_tab_section av_tab_section av-12f83v-5e24256fd3021024a80a158de0ddc61f'  itemscope=\"itemscope\" itemtype=\"https:\/\/schema.org\/CreativeWork\" ><div id='tab-id-1-tab' class='tab active_tab' role='tab' aria-selected=\"true\" tabindex=\"0\" data-fake-id='#tab-id-1' aria-controls='tab-id-1-content'  itemprop=\"headline\" >Funktionen<\/div><div id='tab-id-1-content' class='tab_content active_tab_content' role='tabpanel' aria-labelledby='tab-id-1-tab' aria-hidden=\"false\"><div class='tab_inner_content invers-color'  itemprop=\"text\" ><ul>\n<li>Stark<\/li>\n<li>Aggressiver Kleber<\/li>\n<li>Leicht abrei\u00dfbar<\/li>\n<li>Formanpassungsf\u00e4hig<\/li>\n<li>Wasserfeste Ausr\u00fcstung<\/li>\n<li>Gute Abriebfestigkeit<\/li>\n<li>Breite Farbpalette<\/li>\n<li>Kann beschriftet werden<\/li>\n<\/ul>\n<\/div><\/div><\/section>\n<section class='av_tab_section av_tab_section av-zkjcj-214e541fb49288f1568270ad90fa14d1'  itemscope=\"itemscope\" itemtype=\"https:\/\/schema.org\/CreativeWork\" ><div id='tab-id-2-tab' class='tab' role='tab' aria-selected=\"false\" tabindex=\"0\" data-fake-id='#tab-id-2' aria-controls='tab-id-2-content'  itemprop=\"headline\" >Applications<\/div><div id='tab-id-2-content' class='tab_content' role='tabpanel' aria-labelledby='tab-id-2-tab' aria-hidden=\"true\"><div class='tab_inner_content invers-color'  itemprop=\"text\" ><ul>\n<li>Binden von B\u00fcchern, Buchr\u00fccken und Scheckb\u00fcchern<\/li>\n<li>Fixieren von Windschutzscheiben nach dem Einkleben bis zur Trocknung des Klebers<\/li>\n<li>Sportst\u00e4tten Markierungen (Melbourne Tennis Champs)<\/li>\n<li>Sichern und B\u00fcndeln von Kabeln.<\/li>\n<li>Sicherung von Leuchten und Ger\u00e4ten.<\/li>\n<li>Beitritt und Schutz von farbigen Tanzfl\u00e4chen<\/li>\n<li>Abdichtung von Fibertrommeln<\/li>\n<\/ul>\n<\/div><\/div><\/section>\n<section class='av_tab_section av_tab_section av-srq2r-07399bae8b0870d46be476acd1440a79'  itemscope=\"itemscope\" itemtype=\"https:\/\/schema.org\/CreativeWork\" ><div id='tab-id-3-tab' class='tab' role='tab' aria-selected=\"false\" tabindex=\"0\" data-fake-id='#tab-id-3' aria-controls='tab-id-3-content'  itemprop=\"headline\" >Technical<\/div><div id='tab-id-3-content' class='tab_content' role='tabpanel' aria-labelledby='tab-id-3-tab' aria-hidden=\"true\"><div class='tab_inner_content invers-color'  itemprop=\"text\" ><div class=\"col-xs-24 col-sm-12\">\n<table cellspacing=\"0\" cellpadding=\"0\">\n<tbody>\n<tr>\n<td><strong>Produkttyp<\/strong><\/td>\n<td>Gewebe<\/td>\n<\/tr>\n<tr>\n<td><strong>Klebstoff-Typ<\/strong><\/td>\n<td>Naturkautschuk, l\u00f6semittelfrei<\/td>\n<\/tr>\n<tr>\n<td><strong>Gesamtdicke<\/strong><\/td>\n<td>0.28 mm<\/td>\n<\/tr>\n<tr>\n<td><strong>Bruchlast<\/strong><\/td>\n<td>46 N\/cm<\/td>\n<\/tr>\n<tr>\n<td><strong>Bruchdehnung<\/strong><\/td>\n<td>16%<\/td>\n<\/tr>\n<tr>\n<td><strong>Klebkraft auf Stahl<\/strong><\/td>\n<td>4.0 N\/cm<\/td>\n<\/tr>\n<tr>\n<td><strong>Klebkraft auf Bandr\u00fccken<\/strong><\/td>\n<td>2.4 N\/cm<\/td>\n<\/tr>\n<tr>\n<td><strong>Service Temperature<\/strong><\/td>\n<td>-50\u00b0C bis +80\u00b0C<\/td>\n<\/tr>\n<tr>\n<td><strong>RoHS \u00fcbereinstimmend<\/strong><\/td>\n<td>Ja<\/td>\n<\/tr>\n<\/tbody>\n<\/table>\n<\/div>\n<\/div><\/div><\/section>\n<section class='av_tab_section av_tab_section av-piqt-c78631c4603ff59fef417d06594d5e20'  itemscope=\"itemscope\" itemtype=\"https:\/\/schema.org\/CreativeWork\" ><div id='tab-id-4-tab' class='tab' role='tab' aria-selected=\"false\" tabindex=\"0\" data-fake-id='#tab-id-4' aria-controls='tab-id-4-content'  itemprop=\"headline\" >Colours<\/div><div id='tab-id-4-content' class='tab_content' role='tabpanel' aria-labelledby='tab-id-4-tab' aria-hidden=\"true\"><div class='tab_inner_content invers-color'  itemprop=\"text\" ><\/div><\/div><\/section>\n<\/div>\n","protected":false},"excerpt":{"rendered":"<p><strong>AT159 kann auf Kundenwunsch in speziellen Farben hergestellt werden durch unseren Advance Rapid Colour Service.<\/strong><\/p>\n<p>&nbsp;<\/p>\n<div class=\"first_para_desc\">\n<p>AT159 is a strong polythene extruded, matt cloth tape coated with an aggressive, pressure sensitive solvent free rubber \u2013 resin adhesive designed for applications requiring strong adhesion and abrasion resistance.<\/p>\n<\/div>\n<div class=\"rest_of_desc\">\n<p>Suitable for external applications, this matt cloth tape offers high resistance against abrasion, water and adverse weather. AT159 can withstand the elements, so it adheres and conforms perfectly to smooth and rough surfaces over a wide temperature range from -50\u00b0C to +80\u00b0C.<\/p>\n<\/div>\n","protected":false},"featured_media":8259,"template":"","meta":{"_acf_changed":false},"product_brand":[],"product_cat":[527,348,376],"product_tag":[350,351,352],"class_list":{"0":"post-5751","1":"product","2":"type-product","3":"status-publish","4":"has-post-thumbnail","6":"product_cat-atf-stock-de","7":"product_cat-cloth-tape-and-duct-tapes","8":"product_cat-entertainment-de","9":"product_tag-building-de","10":"product_tag-entertainment-de","11":"product_tag-industrial-consumables-de","13":"first","14":"instock","15":"shipping-taxable","16":"product-type-simple"},"acf":[],"yoast_head":"<!-- This site is optimized with the Yoast SEO plugin v27.3 - https:\/\/yoast.com\/product\/yoast-seo-wordpress\/ -->\n<title>AT0159 Qualitativ hochwertiges wasserfestes Gewebeband mit matter Oberfl\u00e4che - Advance Tapes<\/title>\n<meta name=\"robots\" content=\"index, follow, max-snippet:-1, max-image-preview:large, max-video-preview:-1\" \/>\n<link rel=\"canonical\" href=\"https:\/\/advancetapes.com\/de\/products\/at159-qualitativ-hochwertiges-wasserfestes-gewebeband-mit-matter-oberflache\/\" \/>\n<meta property=\"og:locale\" content=\"de_DE\" \/>\n<meta property=\"og:type\" content=\"article\" \/>\n<meta property=\"og:title\" content=\"AT0159 Qualitativ hochwertiges wasserfestes Gewebeband mit matter Oberfl\u00e4che - Advance Tapes\" \/>\n<meta property=\"og:description\" content=\"AT159 kann auf Kundenwunsch in speziellen Farben hergestellt werden durch unseren Advance Rapid Colour Service.  &nbsp;   AT159 is a strong polythene extruded, matt cloth tape coated with an aggressive, pressure sensitive solvent free rubber \u2013 resin adhesive designed for applications requiring strong adhesion and abrasion resistance.     Suitable for external applications, this matt cloth tape offers high resistance against abrasion, water and adverse weather. AT159 can withstand the elements, so it adheres and conforms perfectly to smooth and rough surfaces over a wide temperature range from -50\u00b0C to +80\u00b0C.\" \/>\n<meta property=\"og:url\" content=\"https:\/\/advancetapes.com\/de\/products\/at159-qualitativ-hochwertiges-wasserfestes-gewebeband-mit-matter-oberflache\/\" \/>\n<meta property=\"og:site_name\" content=\"Advance Tapes\" \/>\n<meta property=\"article:modified_time\" content=\"2025-03-12T08:38:20+00:00\" \/>\n<meta property=\"og:image\" content=\"https:\/\/advancetapes.com\/wp-content\/uploads\/2021\/01\/AT159-Black-1030x1030.jpg\" \/>\n\t<meta property=\"og:image:width\" content=\"1030\" \/>\n\t<meta property=\"og:image:height\" content=\"1030\" \/>\n\t<meta property=\"og:image:type\" content=\"image\/jpeg\" \/>\n<meta name=\"twitter:card\" content=\"summary_large_image\" \/>\n<meta name=\"twitter:label1\" content=\"Est. reading time\" \/>\n\t<meta name=\"twitter:data1\" content=\"1 minute\" \/>\n<!-- \/ Yoast SEO plugin. -->","yoast_head_json":{"title":"AT0159 Qualitativ hochwertiges wasserfestes Gewebeband mit matter Oberfl\u00e4che - Advance Tapes","robots":{"index":"index","follow":"follow","max-snippet":"max-snippet:-1","max-image-preview":"max-image-preview:large","max-video-preview":"max-video-preview:-1"},"canonical":"https:\/\/advancetapes.com\/de\/products\/at159-qualitativ-hochwertiges-wasserfestes-gewebeband-mit-matter-oberflache\/","og_locale":"de_DE","og_type":"article","og_title":"AT0159 Qualitativ hochwertiges wasserfestes Gewebeband mit matter Oberfl\u00e4che - Advance Tapes","og_description":"AT159 kann auf Kundenwunsch in speziellen Farben hergestellt werden durch unseren Advance Rapid Colour Service.  &nbsp;   AT159 is a strong polythene extruded, matt cloth tape coated with an aggressive, pressure sensitive solvent free rubber \u2013 resin adhesive designed for applications requiring strong adhesion and abrasion resistance.     Suitable for external applications, this matt cloth tape offers high resistance against abrasion, water and adverse weather. AT159 can withstand the elements, so it adheres and conforms perfectly to smooth and rough surfaces over a wide temperature range from -50\u00b0C to +80\u00b0C.","og_url":"https:\/\/advancetapes.com\/de\/products\/at159-qualitativ-hochwertiges-wasserfestes-gewebeband-mit-matter-oberflache\/","og_site_name":"Advance Tapes","article_modified_time":"2025-03-12T08:38:20+00:00","og_image":[{"width":1030,"height":1030,"url":"https:\/\/advancetapes.com\/wp-content\/uploads\/2021\/01\/AT159-Black-1030x1030.jpg","type":"image\/jpeg"}],"twitter_card":"summary_large_image","twitter_misc":{"Est. reading time":"1 minute"},"schema":{"@context":"https:\/\/schema.org","@graph":[{"@type":"WebPage","@id":"https:\/\/advancetapes.com\/de\/products\/at159-qualitativ-hochwertiges-wasserfestes-gewebeband-mit-matter-oberflache\/","url":"https:\/\/advancetapes.com\/de\/products\/at159-qualitativ-hochwertiges-wasserfestes-gewebeband-mit-matter-oberflache\/","name":"AT0159 Qualitativ hochwertiges wasserfestes Gewebeband mit matter Oberfl\u00e4che - Advance Tapes","isPartOf":{"@id":"https:\/\/advancetapes.com\/de\/#website"},"primaryImageOfPage":{"@id":"https:\/\/advancetapes.com\/de\/products\/at159-qualitativ-hochwertiges-wasserfestes-gewebeband-mit-matter-oberflache\/#primaryimage"},"image":{"@id":"https:\/\/advancetapes.com\/de\/products\/at159-qualitativ-hochwertiges-wasserfestes-gewebeband-mit-matter-oberflache\/#primaryimage"},"thumbnailUrl":"https:\/\/advancetapes.com\/wp-content\/uploads\/2021\/01\/AT159-Black-scaled.jpg","datePublished":"2021-01-02T20:11:14+00:00","dateModified":"2025-03-12T08:38:20+00:00","breadcrumb":{"@id":"https:\/\/advancetapes.com\/de\/products\/at159-qualitativ-hochwertiges-wasserfestes-gewebeband-mit-matter-oberflache\/#breadcrumb"},"inLanguage":"de-DE","potentialAction":[{"@type":"ReadAction","target":["https:\/\/advancetapes.com\/de\/products\/at159-qualitativ-hochwertiges-wasserfestes-gewebeband-mit-matter-oberflache\/"]}]},{"@type":"ImageObject","inLanguage":"de-DE","@id":"https:\/\/advancetapes.com\/de\/products\/at159-qualitativ-hochwertiges-wasserfestes-gewebeband-mit-matter-oberflache\/#primaryimage","url":"https:\/\/advancetapes.com\/wp-content\/uploads\/2021\/01\/AT159-Black-scaled.jpg","contentUrl":"https:\/\/advancetapes.com\/wp-content\/uploads\/2021\/01\/AT159-Black-scaled.jpg","width":2560,"height":2560},{"@type":"BreadcrumbList","@id":"https:\/\/advancetapes.com\/de\/products\/at159-qualitativ-hochwertiges-wasserfestes-gewebeband-mit-matter-oberflache\/#breadcrumb","itemListElement":[{"@type":"ListItem","position":1,"name":"Home","item":"https:\/\/advancetapes.com\/de\/"},{"@type":"ListItem","position":2,"name":"Products","item":"https:\/\/advancetapes.com\/de\/products\/"},{"@type":"ListItem","position":3,"name":"AT0159 Qualitativ hochwertiges wasserfestes Gewebeband mit matter Oberfl\u00e4che"}]},{"@type":"WebSite","@id":"https:\/\/advancetapes.com\/de\/#website","url":"https:\/\/advancetapes.com\/de\/","name":"Advance Tapes","description":"Adding more to adhesive tape","potentialAction":[{"@type":"SearchAction","target":{"@type":"EntryPoint","urlTemplate":"https:\/\/advancetapes.com\/de\/?s={search_term_string}"},"query-input":{"@type":"PropertyValueSpecification","valueRequired":true,"valueName":"search_term_string"}}],"inLanguage":"de-DE"}]}},"_links":{"self":[{"href":"https:\/\/advancetapes.com\/de\/wp-json\/wp\/v2\/product\/5751","targetHints":{"allow":["GET"]}}],"collection":[{"href":"https:\/\/advancetapes.com\/de\/wp-json\/wp\/v2\/product"}],"about":[{"href":"https:\/\/advancetapes.com\/de\/wp-json\/wp\/v2\/types\/product"}],"wp:featuredmedia":[{"embeddable":true,"href":"https:\/\/advancetapes.com\/de\/wp-json\/wp\/v2\/media\/8259"}],"wp:attachment":[{"href":"https:\/\/advancetapes.com\/de\/wp-json\/wp\/v2\/media?parent=5751"}],"wp:term":[{"taxonomy":"product_brand","embeddable":true,"href":"https:\/\/advancetapes.com\/de\/wp-json\/wp\/v2\/product_brand?post=5751"},{"taxonomy":"product_cat","embeddable":true,"href":"https:\/\/advancetapes.com\/de\/wp-json\/wp\/v2\/product_cat?post=5751"},{"taxonomy":"product_tag","embeddable":true,"href":"https:\/\/advancetapes.com\/de\/wp-json\/wp\/v2\/product_tag?post=5751"}],"curies":[{"name":"wp","href":"https:\/\/api.w.org\/{rel}","templated":true}]}}