{"id":5746,"date":"2021-01-03T19:42:26","date_gmt":"2021-01-03T19:42:26","guid":{"rendered":"https:\/\/advancetapes.com\/products\/at2000-antirutsch-band\/"},"modified":"2024-12-04T14:56:16","modified_gmt":"2024-12-04T14:56:16","slug":"at2000-antirutsch-band","status":"publish","type":"product","link":"https:\/\/advancetapes.com\/de\/products\/at2000-antirutsch-band\/","title":{"rendered":"AT2000 Antirutsch-Band"},"content":{"rendered":"<div  class='tabcontainer av-kjftr0sh-5cbeaf8b0626cf654d5dd98b301fff40 top_tab  avia-builder-el-0  avia-builder-el-no-sibling '>\n<section class='av_tab_section av_tab_section av-14mn81-c73b21bea39f9274a0b65a58b1c8d2b8'  itemscope=\"itemscope\" itemtype=\"https:\/\/schema.org\/CreativeWork\" ><div id='tab-id-1-tab' class='tab active_tab' role='tab' aria-selected=\"true\" tabindex=\"0\" data-fake-id='#tab-id-1' aria-controls='tab-id-1-content'  itemprop=\"headline\" >Funktionen<\/div><div id='tab-id-1-content' class='tab_content active_tab_content' role='tabpanel' aria-labelledby='tab-id-1-tab' aria-hidden=\"false\"><div class='tab_inner_content invers-color'  itemprop=\"text\" ><ul>\n<li>Rutschsichere Oberfl\u00e4che<\/li>\n<li>UV-und wasserbest\u00e4ndig<\/li>\n<li>Haltbar<\/li>\n<li>Verwendung im Innen- und Au\u00dfenbereich<\/li>\n<li>Geeignet zur Einhaltung der Sicherheitsvorschriften<\/li>\n<\/ul>\n<\/div><\/div><\/section>\n<section class='av_tab_section av_tab_section av-9shhw1-49a63f92513c2bbae70a7317196387c6'  itemscope=\"itemscope\" itemtype=\"https:\/\/schema.org\/CreativeWork\" ><div id='tab-id-2-tab' class='tab' role='tab' aria-selected=\"false\" tabindex=\"0\" data-fake-id='#tab-id-2' aria-controls='tab-id-2-content'  itemprop=\"headline\" >Applications<\/div><div id='tab-id-2-content' class='tab_content' role='tabpanel' aria-labelledby='tab-id-2-tab' aria-hidden=\"true\"><div class='tab_inner_content invers-color'  itemprop=\"text\" ><ul>\n<li>Anti-Rutsch-Profil auf Treppen und Leitertreppen<\/li>\n<li>Anti-Rutsch-Lauffl\u00e4che an Maschinen- und Fahrzeugfu\u00dfplatten<\/li>\n<li>F\u00fcr den Einsatz auf nassen oder rutschigen Fl\u00e4chen<\/li>\n<li>Bietet zus\u00e4tzlichen Halt auf Rampen und Gehwegen<\/li>\n<\/ul>\n<\/div><\/div><\/section>\n<section class='av_tab_section av_tab_section av-77l8dd-682164b0842e85744440c6aeb44c5fe5'  itemscope=\"itemscope\" itemtype=\"https:\/\/schema.org\/CreativeWork\" ><div id='tab-id-3-tab' class='tab' role='tab' aria-selected=\"false\" tabindex=\"0\" data-fake-id='#tab-id-3' aria-controls='tab-id-3-content'  itemprop=\"headline\" >Technical<\/div><div id='tab-id-3-content' class='tab_content' role='tabpanel' aria-labelledby='tab-id-3-tab' aria-hidden=\"true\"><div class='tab_inner_content invers-color'  itemprop=\"text\" ><table cellspacing=\"0\" cellpadding=\"0\">\n<tbody>\n<tr>\n<td><strong>Produkttyp<\/strong><\/td>\n<td>PVC<\/td>\n<\/tr>\n<tr>\n<td><strong>Klebstoff-Typ<\/strong><\/td>\n<td>Solvent based acrylic<\/td>\n<\/tr>\n<tr>\n<td><strong>Gesamtdicke<\/strong><\/td>\n<td>1.0mm<\/td>\n<\/tr>\n<tr>\n<td><strong>Bruchlast<\/strong><\/td>\n<td>40 N\/cm<\/td>\n<\/tr>\n<tr>\n<td><strong>Bruchdehnung<\/strong><\/td>\n<td>100%<\/td>\n<\/tr>\n<tr>\n<td><strong>Klebkraft auf Stahl<\/strong><\/td>\n<td>4.0 N\/cm<\/td>\n<\/tr>\n<tr>\n<td><strong>Service Temperature<\/strong><\/td>\n<td>-5\u00b0C to +50\u00b0C<\/td>\n<\/tr>\n<tr>\n<td><strong>RoHS \u00fcbereinstimmend<\/strong><\/td>\n<td>Yes<\/td>\n<\/tr>\n<\/tbody>\n<\/table>\n<\/div><\/div><\/section>\n<section class='av_tab_section av_tab_section av-piqt-c78631c4603ff59fef417d06594d5e20'  itemscope=\"itemscope\" itemtype=\"https:\/\/schema.org\/CreativeWork\" ><div id='tab-id-4-tab' class='tab' role='tab' aria-selected=\"false\" tabindex=\"0\" data-fake-id='#tab-id-4' aria-controls='tab-id-4-content'  itemprop=\"headline\" >Colours<\/div><div id='tab-id-4-content' class='tab_content' role='tabpanel' aria-labelledby='tab-id-4-tab' aria-hidden=\"true\"><div class='tab_inner_content invers-color'  itemprop=\"text\" ><\/div><\/div><\/section>\n<\/div>\n","protected":false},"excerpt":{"rendered":"<div class=\"first_para_desc\">\n<p>AT2000 ist eine Aluminiumoxid\/Silikonkarbid-Schleifk\u00f6rnung, verbunden mit einem starken, dauerhaften PVC-Tr\u00e4ger, beschichtet mit Acrylkleber auf Verd\u00fcnnerbasis und versehen mit einem Trennpapier. Einsetzbar f\u00fcr die verschiedenen Anforderungen von Fachleuten und Industrien z.B. im Bau, der Elektro- und Unterhaltungs und Heizungsindustrie, f\u00fcr L\u00fcftung und Sanit\u00e4r, den Flugzeug- und Schiffsbau und beim Milit\u00e4r.<\/p>\n<\/div>\n<div class=\"rest_of_desc\">\n<p>Geeignet zum Einsatz f\u00fcr alle Bereiche, die Griffigkeit brauchen wie z.B. Fu\u00dfplatten auf Maschinen und Fahrzeugen, Treppenkanten, Tritten, Leitern, Rampen, Fu\u00dfwegen, Korridoren and allen anderen Gefahrenzonen.<\/p>\n<p>AT2000 kann sowohl im Innen- als auch im Au\u00dfenbereich auf einer Vielzahl von Oberfl\u00e4chen (trocken, na\u00df, \u00f6lig) eingesetzt werden und sorgt f\u00fcr eine dauerhafte, zuverl\u00e4ssig nicht rutschende Oberfl\u00e4che. Dar\u00fcber hinaus unterst\u00fctzt das Anti-Rutschband bei der Erf\u00fcllung von Arbeitsschutzbestimmungen, indem es sofort das Risiko von Unf\u00e4llen durch Ausrutschen reduziert.<\/p>\n<\/div>\n","protected":false},"featured_media":4474,"template":"","meta":{"_acf_changed":false},"product_brand":[],"product_cat":[527,375,376,355],"product_tag":[350,351,356,352],"class_list":{"0":"post-5746","1":"product","2":"type-product","3":"status-publish","4":"has-post-thumbnail","6":"product_cat-atf-stock-de","7":"product_cat-building-de","8":"product_cat-entertainment-de","9":"product_cat-pvc-adhesive-tape-de","10":"product_tag-building-de","11":"product_tag-entertainment-de","12":"product_tag-hevac-de","13":"product_tag-industrial-consumables-de","15":"first","16":"outofstock","17":"shipping-taxable","18":"product-type-simple"},"acf":[],"yoast_head":"<!-- This site is optimized with the Yoast SEO plugin v27.4 - https:\/\/yoast.com\/product\/yoast-seo-wordpress\/ -->\n<title>AT2000 Antirutsch-Band - Advance Tapes<\/title>\n<meta name=\"robots\" content=\"index, follow, max-snippet:-1, max-image-preview:large, max-video-preview:-1\" \/>\n<link rel=\"canonical\" href=\"https:\/\/advancetapes.com\/de\/products\/at2000-antirutsch-band\/\" \/>\n<meta property=\"og:locale\" content=\"de_DE\" \/>\n<meta property=\"og:type\" content=\"article\" \/>\n<meta property=\"og:title\" content=\"AT2000 Antirutsch-Band - Advance Tapes\" \/>\n<meta property=\"og:description\" content=\"AT2000 ist eine Aluminiumoxid\/Silikonkarbid-Schleifk\u00f6rnung, verbunden mit einem starken, dauerhaften PVC-Tr\u00e4ger, beschichtet mit Acrylkleber auf Verd\u00fcnnerbasis und versehen mit einem Trennpapier. Einsetzbar f\u00fcr die verschiedenen Anforderungen von Fachleuten und Industrien z.B. im Bau, der Elektro- und Unterhaltungs und Heizungsindustrie, f\u00fcr L\u00fcftung und Sanit\u00e4r, den Flugzeug- und Schiffsbau und beim Milit\u00e4r.     Geeignet zum Einsatz f\u00fcr alle Bereiche, die Griffigkeit brauchen wie z.B. Fu\u00dfplatten auf Maschinen und Fahrzeugen, Treppenkanten, Tritten, Leitern, Rampen, Fu\u00dfwegen, Korridoren and allen anderen Gefahrenzonen.  AT2000 kann sowohl im Innen- als auch im Au\u00dfenbereich auf einer Vielzahl von Oberfl\u00e4chen (trocken, na\u00df, \u00f6lig) eingesetzt werden und sorgt f\u00fcr eine dauerhafte, zuverl\u00e4ssig nicht rutschende Oberfl\u00e4che. Dar\u00fcber hinaus unterst\u00fctzt das Anti-Rutschband bei der Erf\u00fcllung von Arbeitsschutzbestimmungen, indem es sofort das Risiko von Unf\u00e4llen durch Ausrutschen reduziert.\" \/>\n<meta property=\"og:url\" content=\"https:\/\/advancetapes.com\/de\/products\/at2000-antirutsch-band\/\" \/>\n<meta property=\"og:site_name\" content=\"Advance Tapes\" \/>\n<meta property=\"article:modified_time\" content=\"2024-12-04T14:56:16+00:00\" \/>\n<meta property=\"og:image\" content=\"https:\/\/advancetapes.com\/wp-content\/uploads\/2021\/01\/Advance-Tapes_AT2000_group.jpg\" \/>\n\t<meta property=\"og:image:width\" content=\"600\" \/>\n\t<meta property=\"og:image:height\" content=\"600\" \/>\n\t<meta property=\"og:image:type\" content=\"image\/jpeg\" \/>\n<meta name=\"twitter:card\" content=\"summary_large_image\" \/>\n<meta name=\"twitter:label1\" content=\"Est. reading time\" \/>\n\t<meta name=\"twitter:data1\" content=\"1 minute\" \/>\n<!-- \/ Yoast SEO plugin. -->","yoast_head_json":{"title":"AT2000 Antirutsch-Band - Advance Tapes","robots":{"index":"index","follow":"follow","max-snippet":"max-snippet:-1","max-image-preview":"max-image-preview:large","max-video-preview":"max-video-preview:-1"},"canonical":"https:\/\/advancetapes.com\/de\/products\/at2000-antirutsch-band\/","og_locale":"de_DE","og_type":"article","og_title":"AT2000 Antirutsch-Band - Advance Tapes","og_description":"AT2000 ist eine Aluminiumoxid\/Silikonkarbid-Schleifk\u00f6rnung, verbunden mit einem starken, dauerhaften PVC-Tr\u00e4ger, beschichtet mit Acrylkleber auf Verd\u00fcnnerbasis und versehen mit einem Trennpapier. Einsetzbar f\u00fcr die verschiedenen Anforderungen von Fachleuten und Industrien z.B. im Bau, der Elektro- und Unterhaltungs und Heizungsindustrie, f\u00fcr L\u00fcftung und Sanit\u00e4r, den Flugzeug- und Schiffsbau und beim Milit\u00e4r.     Geeignet zum Einsatz f\u00fcr alle Bereiche, die Griffigkeit brauchen wie z.B. Fu\u00dfplatten auf Maschinen und Fahrzeugen, Treppenkanten, Tritten, Leitern, Rampen, Fu\u00dfwegen, Korridoren and allen anderen Gefahrenzonen.  AT2000 kann sowohl im Innen- als auch im Au\u00dfenbereich auf einer Vielzahl von Oberfl\u00e4chen (trocken, na\u00df, \u00f6lig) eingesetzt werden und sorgt f\u00fcr eine dauerhafte, zuverl\u00e4ssig nicht rutschende Oberfl\u00e4che. Dar\u00fcber hinaus unterst\u00fctzt das Anti-Rutschband bei der Erf\u00fcllung von Arbeitsschutzbestimmungen, indem es sofort das Risiko von Unf\u00e4llen durch Ausrutschen reduziert.","og_url":"https:\/\/advancetapes.com\/de\/products\/at2000-antirutsch-band\/","og_site_name":"Advance Tapes","article_modified_time":"2024-12-04T14:56:16+00:00","og_image":[{"width":600,"height":600,"url":"https:\/\/advancetapes.com\/wp-content\/uploads\/2021\/01\/Advance-Tapes_AT2000_group.jpg","type":"image\/jpeg"}],"twitter_card":"summary_large_image","twitter_misc":{"Est. reading time":"1 minute"},"schema":{"@context":"https:\/\/schema.org","@graph":[{"@type":"WebPage","@id":"https:\/\/advancetapes.com\/de\/products\/at2000-antirutsch-band\/","url":"https:\/\/advancetapes.com\/de\/products\/at2000-antirutsch-band\/","name":"AT2000 Antirutsch-Band - Advance Tapes","isPartOf":{"@id":"https:\/\/advancetapes.com\/de\/#website"},"primaryImageOfPage":{"@id":"https:\/\/advancetapes.com\/de\/products\/at2000-antirutsch-band\/#primaryimage"},"image":{"@id":"https:\/\/advancetapes.com\/de\/products\/at2000-antirutsch-band\/#primaryimage"},"thumbnailUrl":"https:\/\/advancetapes.com\/wp-content\/uploads\/2021\/01\/Advance-Tapes_AT2000_group.jpg","datePublished":"2021-01-03T19:42:26+00:00","dateModified":"2024-12-04T14:56:16+00:00","breadcrumb":{"@id":"https:\/\/advancetapes.com\/de\/products\/at2000-antirutsch-band\/#breadcrumb"},"inLanguage":"de-DE","potentialAction":[{"@type":"ReadAction","target":["https:\/\/advancetapes.com\/de\/products\/at2000-antirutsch-band\/"]}]},{"@type":"ImageObject","inLanguage":"de-DE","@id":"https:\/\/advancetapes.com\/de\/products\/at2000-antirutsch-band\/#primaryimage","url":"https:\/\/advancetapes.com\/wp-content\/uploads\/2021\/01\/Advance-Tapes_AT2000_group.jpg","contentUrl":"https:\/\/advancetapes.com\/wp-content\/uploads\/2021\/01\/Advance-Tapes_AT2000_group.jpg","width":600,"height":600},{"@type":"BreadcrumbList","@id":"https:\/\/advancetapes.com\/de\/products\/at2000-antirutsch-band\/#breadcrumb","itemListElement":[{"@type":"ListItem","position":1,"name":"Home","item":"https:\/\/advancetapes.com\/de\/"},{"@type":"ListItem","position":2,"name":"Products","item":"https:\/\/advancetapes.com\/de\/products\/"},{"@type":"ListItem","position":3,"name":"AT2000 Antirutsch-Band"}]},{"@type":"WebSite","@id":"https:\/\/advancetapes.com\/de\/#website","url":"https:\/\/advancetapes.com\/de\/","name":"Advance Tapes","description":"Adding more to adhesive tape","potentialAction":[{"@type":"SearchAction","target":{"@type":"EntryPoint","urlTemplate":"https:\/\/advancetapes.com\/de\/?s={search_term_string}"},"query-input":{"@type":"PropertyValueSpecification","valueRequired":true,"valueName":"search_term_string"}}],"inLanguage":"de-DE"}]}},"_links":{"self":[{"href":"https:\/\/advancetapes.com\/de\/wp-json\/wp\/v2\/product\/5746","targetHints":{"allow":["GET"]}}],"collection":[{"href":"https:\/\/advancetapes.com\/de\/wp-json\/wp\/v2\/product"}],"about":[{"href":"https:\/\/advancetapes.com\/de\/wp-json\/wp\/v2\/types\/product"}],"wp:featuredmedia":[{"embeddable":true,"href":"https:\/\/advancetapes.com\/de\/wp-json\/wp\/v2\/media\/4474"}],"wp:attachment":[{"href":"https:\/\/advancetapes.com\/de\/wp-json\/wp\/v2\/media?parent=5746"}],"wp:term":[{"taxonomy":"product_brand","embeddable":true,"href":"https:\/\/advancetapes.com\/de\/wp-json\/wp\/v2\/product_brand?post=5746"},{"taxonomy":"product_cat","embeddable":true,"href":"https:\/\/advancetapes.com\/de\/wp-json\/wp\/v2\/product_cat?post=5746"},{"taxonomy":"product_tag","embeddable":true,"href":"https:\/\/advancetapes.com\/de\/wp-json\/wp\/v2\/product_tag?post=5746"}],"curies":[{"name":"wp","href":"https:\/\/api.w.org\/{rel}","templated":true}]}}