{"id":4835,"date":"2021-01-24T12:27:26","date_gmt":"2021-01-24T12:27:26","guid":{"rendered":"https:\/\/advancetapes.com\/pvc\/"},"modified":"2021-01-26T16:12:16","modified_gmt":"2021-01-26T16:12:16","slug":"pvc","status":"publish","type":"page","link":"https:\/\/advancetapes.com\/de\/pvc\/","title":{"rendered":"PVC"},"content":{"rendered":"\n<style type=\"text\/css\" data-created_by=\"avia_inline_auto\" id=\"style-css-av-1m833-3ce70b3eafff02ef001514831f58d9f0\">\n.flex_column.av-1m833-3ce70b3eafff02ef001514831f58d9f0{\nborder-radius:0px 0px 0px 0px;\npadding:0px 0px 0px 0px;\n}\n<\/style>\n<div  class='flex_column av-1m833-3ce70b3eafff02ef001514831f58d9f0 av_one_half  avia-builder-el-0  el_before_av_one_half  avia-builder-el-first  first flex_column_div av-zero-column-padding  '     ><p>\n<style type=\"text\/css\" data-created_by=\"avia_inline_auto\" id=\"style-css-av-kj9z70kl-b8f329f9a3bb528d34fe51205ac44bb1\">\n#top .av-special-heading.av-kj9z70kl-b8f329f9a3bb528d34fe51205ac44bb1{\npadding-bottom:10px;\ncolor:#008b98;\n}\nbody .av-special-heading.av-kj9z70kl-b8f329f9a3bb528d34fe51205ac44bb1 .av-special-heading-tag .heading-char{\nfont-size:25px;\n}\n.av-special-heading.av-kj9z70kl-b8f329f9a3bb528d34fe51205ac44bb1 .special-heading-inner-border{\nborder-color:#008b98;\n}\n.av-special-heading.av-kj9z70kl-b8f329f9a3bb528d34fe51205ac44bb1 .av-subheading{\nfont-size:15px;\n}\n<\/style>\n<div  class='av-special-heading av-kj9z70kl-b8f329f9a3bb528d34fe51205ac44bb1 av-special-heading-h1 custom-color-heading blockquote modern-quote  avia-builder-el-1  el_before_av_textblock  avia-builder-el-first '><h1 class='av-special-heading-tag '  itemprop=\"headline\"  >PVC<\/h1><div class=\"special-heading-border\"><div class=\"special-heading-inner-border\"><\/div><\/div><\/div><br \/>\n<section  class='av_textblock_section av-kj8h65uf-edea984f2e0287259c52cc1cbe9cc71f '   itemscope=\"itemscope\" itemtype=\"https:\/\/schema.org\/CreativeWork\" ><div class='avia_textblock'  itemprop=\"text\" ><p>Wir produzieren ein breites Sortiment von PVC-Klebeb\u00e4nder f\u00fcr unterschiedliche Anwendungen in unterschiedlichen Industrien: Multizwecklebeb\u00e4nder, elektrische Klebeb\u00e4nder, Markierungs- und Warnmarkierungsklebeb\u00e4nder, Abdichtungsb\u00e4nder, Dampfschutzklebeb\u00e4nder, Schutzklebeb\u00e4nder f\u00fcr Baugewerbe und Industrie.<\/p>\n<\/div><\/section><\/p><\/div>\n\n<style type=\"text\/css\" data-created_by=\"avia_inline_auto\" id=\"style-css-av-rukf-84d0dbd71e2f174eb2a263e0cb6bf5dc\">\n.flex_column.av-rukf-84d0dbd71e2f174eb2a263e0cb6bf5dc{\nborder-radius:0px 0px 0px 0px;\npadding:0px 0px 0px 0px;\n}\n<\/style>\n<div  class='flex_column av-rukf-84d0dbd71e2f174eb2a263e0cb6bf5dc av_one_half  avia-builder-el-3  el_after_av_one_half  el_before_av_section  avia-builder-el-last  flex_column_div av-zero-column-padding  '     ><div  class='avia-slideshow av-kj9ntoqk-c64c56e57ec25f726f8c7df02c39a525 avia-slideshow-extra_large av_slideshow avia-slide-slider  avia-builder-el-4  avia-builder-el-no-sibling  av-slideshow-ui av-control-default av-slideshow-autoplay av-loop-endless av-loop-manual-endless av-default-height-applied avia-slideshow-1' data-slideshow-options=\"{&quot;animation&quot;:&quot;slide&quot;,&quot;autoplay&quot;:true,&quot;loop_autoplay&quot;:&quot;endless&quot;,&quot;interval&quot;:5,&quot;loop_manual&quot;:&quot;manual-endless&quot;,&quot;autoplay_stopper&quot;:false,&quot;noNavigation&quot;:false,&quot;bg_slider&quot;:false,&quot;keep_padding&quot;:false,&quot;hoverpause&quot;:false,&quot;show_slide_delay&quot;:0}\"  itemprop=\"image\" itemscope=\"itemscope\" itemtype=\"https:\/\/schema.org\/ImageObject\" ><ul class='avia-slideshow-inner ' style='padding-bottom: 75%;'><li  class='avia-slideshow-slide av-kj9ntoqk-c64c56e57ec25f726f8c7df02c39a525__0  slide-1 slide-odd'><div data-rel='slideshow-1' class='avia-slide-wrap '   ><img decoding=\"async\" fetchpriority=\"high\" class=\"wp-image-2601 avia-img-lazy-loading-not-2601\"  src=\"https:\/\/advancetapes.com\/wp-content\/uploads\/2020\/12\/PVC-building-tape.jpg\" width=\"800\" height=\"600\" title='PVC-building-tape' alt=''  itemprop=\"thumbnailUrl\" srcset=\"https:\/\/advancetapes.com\/wp-content\/uploads\/2020\/12\/PVC-building-tape.jpg 800w, https:\/\/advancetapes.com\/wp-content\/uploads\/2020\/12\/PVC-building-tape-600x450.jpg 600w, https:\/\/advancetapes.com\/wp-content\/uploads\/2020\/12\/PVC-building-tape-300x225.jpg 300w, https:\/\/advancetapes.com\/wp-content\/uploads\/2020\/12\/PVC-building-tape-768x576.jpg 768w, https:\/\/advancetapes.com\/wp-content\/uploads\/2020\/12\/PVC-building-tape-705x529.jpg 705w\" sizes=\"(max-width: 800px) 100vw, 800px\" \/><\/div><\/li><li  class='avia-slideshow-slide av-kj9ntoqk-c64c56e57ec25f726f8c7df02c39a525__1  slide-2 slide-even'><div data-rel='slideshow-1' class='avia-slide-wrap '   ><img decoding=\"async\" fetchpriority=\"high\" class=\"wp-image-2603 avia-img-lazy-loading-not-2603\"  src=\"https:\/\/advancetapes.com\/wp-content\/uploads\/2020\/12\/PVC-lane-tape.jpg\" width=\"800\" height=\"600\" title='PVC-lane-tape' alt=''  itemprop=\"thumbnailUrl\" srcset=\"https:\/\/advancetapes.com\/wp-content\/uploads\/2020\/12\/PVC-lane-tape.jpg 800w, https:\/\/advancetapes.com\/wp-content\/uploads\/2020\/12\/PVC-lane-tape-600x450.jpg 600w, https:\/\/advancetapes.com\/wp-content\/uploads\/2020\/12\/PVC-lane-tape-300x225.jpg 300w, https:\/\/advancetapes.com\/wp-content\/uploads\/2020\/12\/PVC-lane-tape-768x576.jpg 768w, https:\/\/advancetapes.com\/wp-content\/uploads\/2020\/12\/PVC-lane-tape-705x529.jpg 705w\" sizes=\"(max-width: 800px) 100vw, 800px\" \/><\/div><\/li><li  class='avia-slideshow-slide av-kj9ntoqk-c64c56e57ec25f726f8c7df02c39a525__2  slide-3 slide-odd'><div data-rel='slideshow-1' class='avia-slide-wrap '   ><img decoding=\"async\" fetchpriority=\"high\" class=\"wp-image-2605 avia-img-lazy-loading-not-2605\"  src=\"https:\/\/advancetapes.com\/wp-content\/uploads\/2020\/12\/PVC-tape-1.jpg\" width=\"1000\" height=\"659\" title='PVC-tape (1)' alt=''  itemprop=\"thumbnailUrl\" srcset=\"https:\/\/advancetapes.com\/wp-content\/uploads\/2020\/12\/PVC-tape-1.jpg 1000w, https:\/\/advancetapes.com\/wp-content\/uploads\/2020\/12\/PVC-tape-1-600x395.jpg 600w, https:\/\/advancetapes.com\/wp-content\/uploads\/2020\/12\/PVC-tape-1-300x198.jpg 300w, https:\/\/advancetapes.com\/wp-content\/uploads\/2020\/12\/PVC-tape-1-768x506.jpg 768w, https:\/\/advancetapes.com\/wp-content\/uploads\/2020\/12\/PVC-tape-1-705x465.jpg 705w\" sizes=\"(max-width: 1000px) 100vw, 1000px\" \/><\/div><\/li><\/ul><div class='avia-slideshow-arrows avia-slideshow-controls' ><a href='#prev' class='prev-slide  avia-svg-icon avia-font-svg_entypo-fontello' data-av_svg_icon='left-open-big' data-av_iconset='svg_entypo-fontello' tabindex='-1' title=\"Zur\u00fcck\"><svg version=\"1.1\" xmlns=\"http:\/\/www.w3.org\/2000\/svg\" width=\"15\" height=\"32\" viewBox=\"0 0 15 32\" preserveAspectRatio=\"xMidYMid meet\" aria-labelledby='av-svg-title-1' aria-describedby='av-svg-desc-1' role=\"graphics-symbol\" aria-hidden=\"true\">\n<title id='av-svg-title-1'>Zur\u00fcck<\/title>\n<desc id='av-svg-desc-1'>Zur\u00fcck<\/desc>\n<path d=\"M14.464 27.84q0.832 0.832 0 1.536-0.832 0.832-1.536 0l-12.544-12.608q-0.768-0.768 0-1.6l12.544-12.608q0.704-0.832 1.536 0 0.832 0.704 0 1.536l-11.456 11.904z\"><\/path>\n<\/svg><span class='avia_hidden_link_text'>Zur\u00fcck<\/span><\/a><a href='#next' class='next-slide  avia-svg-icon avia-font-svg_entypo-fontello' data-av_svg_icon='right-open-big' data-av_iconset='svg_entypo-fontello' tabindex='-1' title=\"Weiter\"><svg version=\"1.1\" xmlns=\"http:\/\/www.w3.org\/2000\/svg\" width=\"15\" height=\"32\" viewBox=\"0 0 15 32\" preserveAspectRatio=\"xMidYMid meet\" aria-labelledby='av-svg-title-2' aria-describedby='av-svg-desc-2' role=\"graphics-symbol\" aria-hidden=\"true\">\n<title id='av-svg-title-2'>Weiter<\/title>\n<desc id='av-svg-desc-2'>Weiter<\/desc>\n<path d=\"M0.416 27.84l11.456-11.84-11.456-11.904q-0.832-0.832 0-1.536 0.832-0.832 1.536 0l12.544 12.608q0.768 0.832 0 1.6l-12.544 12.608q-0.704 0.832-1.536 0-0.832-0.704 0-1.536z\"><\/path>\n<\/svg><span class='avia_hidden_link_text'>Weiter<\/span><\/a><\/div><div class='avia-slideshow-dots avia-slideshow-controls'><a href='#1' class='goto-slide active' >1<\/a><a href='#2' class='goto-slide ' >2<\/a><a href='#3' class='goto-slide ' >3<\/a><\/div><\/div><\/div>\n<\/div><\/div><\/div><!-- close content main div --><\/div><\/div>\n<style type=\"text\/css\" data-created_by=\"avia_inline_auto\" id=\"style-css-av-kj9of43m-9f24bac2fce598f4fe9d74149666f53c\">\n.avia-section.av-kj9of43m-9f24bac2fce598f4fe9d74149666f53c{\nbackground-color:#e6e7e8;\nbackground-image:unset;\n}\n<\/style>\n<div id='av_section_1'  class='avia-section av-kj9of43m-9f24bac2fce598f4fe9d74149666f53c main_color avia-section-no-padding avia-no-border-styling  avia-builder-el-5  el_after_av_one_half  el_before_av_textblock  avia-bg-style-scroll av-minimum-height av-minimum-height-custom av-height-custom  container_wrap fullsize'   data-av_minimum_height_px='50'><div class='container av-section-cont-open' style='height:50px'><div class='template-page content  av-content-full alpha units'><div class='post-entry post-entry-type-page post-entry-4835'><div class='entry-content-wrapper clearfix'>\n\n<style type=\"text\/css\" data-created_by=\"avia_inline_auto\" id=\"style-css-av-dna8u-4175f4137996dffd4d5a2e5306796ca0\">\n.flex_column.av-dna8u-4175f4137996dffd4d5a2e5306796ca0{\nborder-radius:0px 0px 0px 0px;\npadding:0px 0px 0px 0px;\n}\n<\/style>\n<div  class='flex_column av-dna8u-4175f4137996dffd4d5a2e5306796ca0 av_one_half  avia-builder-el-6  el_before_av_one_half  avia-builder-el-first  first flex_column_div av-zero-column-padding  '     ><section  class='av_textblock_section av-kj8h65uf-edea984f2e0287259c52cc1cbe9cc71f '   itemscope=\"itemscope\" itemtype=\"https:\/\/schema.org\/CreativeWork\" ><div class='avia_textblock'  itemprop=\"text\" ><h4 style=\"text-align: left;\"><strong>Products<\/strong> : PVC Tape<\/h4>\n<\/div><\/section><\/div>\n<style type=\"text\/css\" data-created_by=\"avia_inline_auto\" id=\"style-css-av-y686-2c8ef9193b532c25d473c91a090163a0\">\n.flex_column.av-y686-2c8ef9193b532c25d473c91a090163a0{\nborder-radius:0px 0px 0px 0px;\npadding:0px 0px 0px 0px;\n}\n<\/style>\n<div  class='flex_column av-y686-2c8ef9193b532c25d473c91a090163a0 av_one_half  avia-builder-el-8  el_after_av_one_half  avia-builder-el-last  flex_column_div av-zero-column-padding  '     ><section  class='av_textblock_section av-kj8h65uf-edea984f2e0287259c52cc1cbe9cc71f '   itemscope=\"itemscope\" itemtype=\"https:\/\/schema.org\/CreativeWork\" ><div class='avia_textblock'  itemprop=\"text\" ><p style=\"text-align: right;\"><a href=\"#need-help\">Need Help?<\/a><\/p>\n<\/div><\/section><\/div><\/div><\/div><\/div><!-- close content main div --><\/div><\/div><div id='after_section_1'  class='main_color av_default_container_wrap container_wrap fullsize'  ><div class='container av-section-cont-open' ><div class='template-page content  av-content-full alpha units'><div class='post-entry post-entry-type-page post-entry-4835'><div class='entry-content-wrapper clearfix'><section  class='av_textblock_section av-kjpuncv3-4e0cbe337b7d31a12fa190fd0084406f '   itemscope=\"itemscope\" itemtype=\"https:\/\/schema.org\/CreativeWork\" ><div class='avia_textblock'  itemprop=\"text\" ><p>[product_table columns=&#8221;name,sku,category,image,buy&#8221; image_size=&#8221;50&#8243; category=&#8221;adhesive-pvc-tape&#8221;]<\/p>\n<\/div><\/section><\/p>\n","protected":false},"excerpt":{"rendered":"","protected":false},"author":455,"featured_media":0,"parent":0,"menu_order":0,"comment_status":"closed","ping_status":"closed","template":"","meta":{"_acf_changed":false,"footnotes":""},"class_list":["post-4835","page","type-page","status-publish","hentry"],"acf":[],"yoast_head":"<!-- This site is optimized with the Yoast SEO plugin v27.3 - https:\/\/yoast.com\/product\/yoast-seo-wordpress\/ -->\n<title>PVC - Advance Tapes<\/title>\n<meta name=\"robots\" content=\"index, follow, max-snippet:-1, max-image-preview:large, max-video-preview:-1\" \/>\n<link rel=\"canonical\" href=\"https:\/\/advancetapes.com\/de\/pvc\/\" \/>\n<meta property=\"og:locale\" content=\"de_DE\" \/>\n<meta property=\"og:type\" content=\"article\" \/>\n<meta property=\"og:title\" content=\"PVC - Advance Tapes\" \/>\n<meta property=\"og:url\" content=\"https:\/\/advancetapes.com\/de\/pvc\/\" \/>\n<meta property=\"og:site_name\" content=\"Advance Tapes\" \/>\n<meta property=\"article:modified_time\" content=\"2021-01-26T16:12:16+00:00\" \/>\n<meta name=\"twitter:card\" content=\"summary_large_image\" \/>\n<meta name=\"twitter:label1\" content=\"Est. reading time\" \/>\n\t<meta name=\"twitter:data1\" content=\"5 minutes\" \/>\n<!-- \/ Yoast SEO plugin. -->","yoast_head_json":{"title":"PVC - Advance Tapes","robots":{"index":"index","follow":"follow","max-snippet":"max-snippet:-1","max-image-preview":"max-image-preview:large","max-video-preview":"max-video-preview:-1"},"canonical":"https:\/\/advancetapes.com\/de\/pvc\/","og_locale":"de_DE","og_type":"article","og_title":"PVC - Advance Tapes","og_url":"https:\/\/advancetapes.com\/de\/pvc\/","og_site_name":"Advance Tapes","article_modified_time":"2021-01-26T16:12:16+00:00","twitter_card":"summary_large_image","twitter_misc":{"Est. reading time":"5 minutes"},"schema":{"@context":"https:\/\/schema.org","@graph":[{"@type":"WebPage","@id":"https:\/\/advancetapes.com\/de\/pvc\/","url":"https:\/\/advancetapes.com\/de\/pvc\/","name":"PVC - Advance Tapes","isPartOf":{"@id":"https:\/\/advancetapes.com\/de\/#website"},"datePublished":"2021-01-24T12:27:26+00:00","dateModified":"2021-01-26T16:12:16+00:00","breadcrumb":{"@id":"https:\/\/advancetapes.com\/de\/pvc\/#breadcrumb"},"inLanguage":"de-DE","potentialAction":[{"@type":"ReadAction","target":["https:\/\/advancetapes.com\/de\/pvc\/"]}]},{"@type":"BreadcrumbList","@id":"https:\/\/advancetapes.com\/de\/pvc\/#breadcrumb","itemListElement":[{"@type":"ListItem","position":1,"name":"Home","item":"https:\/\/advancetapes.com\/de\/"},{"@type":"ListItem","position":2,"name":"PVC"}]},{"@type":"WebSite","@id":"https:\/\/advancetapes.com\/de\/#website","url":"https:\/\/advancetapes.com\/de\/","name":"Advance Tapes","description":"Adding more to adhesive tape","potentialAction":[{"@type":"SearchAction","target":{"@type":"EntryPoint","urlTemplate":"https:\/\/advancetapes.com\/de\/?s={search_term_string}"},"query-input":{"@type":"PropertyValueSpecification","valueRequired":true,"valueName":"search_term_string"}}],"inLanguage":"de-DE"}]}},"_links":{"self":[{"href":"https:\/\/advancetapes.com\/de\/wp-json\/wp\/v2\/pages\/4835","targetHints":{"allow":["GET"]}}],"collection":[{"href":"https:\/\/advancetapes.com\/de\/wp-json\/wp\/v2\/pages"}],"about":[{"href":"https:\/\/advancetapes.com\/de\/wp-json\/wp\/v2\/types\/page"}],"author":[{"embeddable":true,"href":"https:\/\/advancetapes.com\/de\/wp-json\/wp\/v2\/users\/455"}],"replies":[{"embeddable":true,"href":"https:\/\/advancetapes.com\/de\/wp-json\/wp\/v2\/comments?post=4835"}],"version-history":[{"count":0,"href":"https:\/\/advancetapes.com\/de\/wp-json\/wp\/v2\/pages\/4835\/revisions"}],"wp:attachment":[{"href":"https:\/\/advancetapes.com\/de\/wp-json\/wp\/v2\/media?parent=4835"}],"curies":[{"name":"wp","href":"https:\/\/api.w.org\/{rel}","templated":true}]}}