{"id":4737,"date":"2021-01-24T11:45:05","date_gmt":"2021-01-24T11:45:05","guid":{"rendered":"https:\/\/advancetapes.com\/surefire-adhesive\/"},"modified":"2021-01-26T16:11:56","modified_gmt":"2021-01-26T16:11:56","slug":"surefire-adhesive","status":"publish","type":"page","link":"https:\/\/advancetapes.com\/de\/surefire-adhesive\/","title":{"rendered":"Surefire Adhesive\u00ae"},"content":{"rendered":"\n<style type=\"text\/css\" data-created_by=\"avia_inline_auto\" id=\"style-css-av-kk8bs66w-64567f77f0f8736da1406e4342bbaa4b\">\n.avia-section.av-kk8bs66w-64567f77f0f8736da1406e4342bbaa4b{\nmargin-top:0px;\nmargin-bottom:0px;\n}\n<\/style>\n<div id='av_section_1'  class='avia-section av-kk8bs66w-64567f77f0f8736da1406e4342bbaa4b main_color avia-section-no-padding avia-no-border-styling  avia-builder-el-0  el_before_av_section  avia-builder-el-first  advance-brands-section-1 avia-bg-style-scroll container_wrap fullsize'  ><div class='container av-section-cont-open' ><main  role=\"main\" itemprop=\"mainContentOfPage\"  class='template-page content  av-content-full alpha units'><div class='post-entry post-entry-type-page post-entry-4737'><div class='entry-content-wrapper clearfix'>\n\n<style type=\"text\/css\" data-created_by=\"avia_inline_auto\" id=\"style-css-av-1m833-3ce70b3eafff02ef001514831f58d9f0\">\n.flex_column.av-1m833-3ce70b3eafff02ef001514831f58d9f0{\nborder-radius:0px 0px 0px 0px;\npadding:0px 0px 0px 0px;\n}\n<\/style>\n<div  class='flex_column av-1m833-3ce70b3eafff02ef001514831f58d9f0 av_one_half  avia-builder-el-1  el_before_av_one_half  avia-builder-el-first  first flex_column_div av-zero-column-padding  '     ><p>\n<style type=\"text\/css\" data-created_by=\"avia_inline_auto\" id=\"style-css-av-a6kys-d00480321021c4252ca38ecc6759ec07\">\n#top .av-special-heading.av-a6kys-d00480321021c4252ca38ecc6759ec07{\npadding-bottom:10px;\ncolor:#008b98;\n}\nbody .av-special-heading.av-a6kys-d00480321021c4252ca38ecc6759ec07 .av-special-heading-tag .heading-char{\nfont-size:25px;\n}\n.av-special-heading.av-a6kys-d00480321021c4252ca38ecc6759ec07 .special-heading-inner-border{\nborder-color:#008b98;\n}\n.av-special-heading.av-a6kys-d00480321021c4252ca38ecc6759ec07 .av-subheading{\nfont-size:15px;\n}\n<\/style>\n<div  class='av-special-heading av-a6kys-d00480321021c4252ca38ecc6759ec07 av-special-heading-h1 custom-color-heading blockquote modern-quote  avia-builder-el-2  el_before_av_textblock  avia-builder-el-first '><h1 class='av-special-heading-tag '  itemprop=\"headline\"  >Surefire Adhesive\u00ae<\/h1><div class=\"special-heading-border\"><div class=\"special-heading-inner-border\"><\/div><\/div><\/div><br \/>\n<section  class='av_textblock_section av-kj8h65uf-edea984f2e0287259c52cc1cbe9cc71f '   itemscope=\"itemscope\" itemtype=\"https:\/\/schema.org\/CreativeWork\" ><div class='avia_textblock'  itemprop=\"text\" ><p>Der Surefire\u00ae Adh\u00e4siv ist der unverwechselbare und einzigartige Klebstoff, der auf dem Advance Premier Closure Plate Tape, AT293, gem\u00e4\u00df PRS 10, Ausgabe 2, verwendet wird.<\/p>\n<p>Dieses Klebeband wurde in Zusammenarbeit mit British Gas entwickelt und wird verwendet, um die Verschlussplatte an der R\u00fcckseite eines Gasfeuers zu versiegeln. Wie Sie im Gesch\u00e4ft erfahren, kann ein schlecht angepasstes oder schlecht gewartetes Feuer sehr gef\u00e4hrlich sein. Advance Tapes hat daher einen hochklebrigen, einzigartigen Klebstoff entwickelt, der an Aluminium, Gips, Ziegel und Beton haftet, aber vor allem eine luftdichte Versiegelung erzeugt und hervorhebt, wenn die Temperatur durch Duroplast zu hoch wird.<\/p>\n<\/div><\/section><\/p><\/div>\n<style type=\"text\/css\" data-created_by=\"avia_inline_auto\" id=\"style-css-av-rukf-84d0dbd71e2f174eb2a263e0cb6bf5dc\">\n.flex_column.av-rukf-84d0dbd71e2f174eb2a263e0cb6bf5dc{\nborder-radius:0px 0px 0px 0px;\npadding:0px 0px 0px 0px;\n}\n<\/style>\n<div  class='flex_column av-rukf-84d0dbd71e2f174eb2a263e0cb6bf5dc av_one_half  avia-builder-el-4  el_after_av_one_half  avia-builder-el-last  flex_column_div av-zero-column-padding  '     ><style type=\"text\/css\" data-created_by=\"avia_inline_auto\" id=\"style-css-av-kj8h70yu-c35ce45d5fc09c09d9ffb6ac48dbd504\">\n.avia-image-container.av-kj8h70yu-c35ce45d5fc09c09d9ffb6ac48dbd504 img.avia_image{\nbox-shadow:none;\n}\n.avia-image-container.av-kj8h70yu-c35ce45d5fc09c09d9ffb6ac48dbd504 .av-image-caption-overlay-center{\ncolor:#ffffff;\n}\n<\/style>\n<div  class='avia-image-container av-kj8h70yu-c35ce45d5fc09c09d9ffb6ac48dbd504 av-styling- avia-align-center  avia-builder-el-5  avia-builder-el-no-sibling '   itemprop=\"image\" itemscope=\"itemscope\" itemtype=\"https:\/\/schema.org\/ImageObject\" ><div class=\"avia-image-container-inner\"><div class=\"avia-image-overlay-wrap\"><img decoding=\"async\" fetchpriority=\"high\" class='wp-image-2535 avia-img-lazy-loading-not-2535 avia_image ' src=\"https:\/\/advancetapes.com\/wp-content\/uploads\/2020\/12\/Advance-Surefire-Adhesive-product-group.jpg\" alt='' title='Advance-Surefire-Adhesive-product-group'  height=\"600\" width=\"800\"  itemprop=\"thumbnailUrl\" srcset=\"https:\/\/advancetapes.com\/wp-content\/uploads\/2020\/12\/Advance-Surefire-Adhesive-product-group.jpg 800w, https:\/\/advancetapes.com\/wp-content\/uploads\/2020\/12\/Advance-Surefire-Adhesive-product-group-600x450.jpg 600w, https:\/\/advancetapes.com\/wp-content\/uploads\/2020\/12\/Advance-Surefire-Adhesive-product-group-300x225.jpg 300w, https:\/\/advancetapes.com\/wp-content\/uploads\/2020\/12\/Advance-Surefire-Adhesive-product-group-768x576.jpg 768w, https:\/\/advancetapes.com\/wp-content\/uploads\/2020\/12\/Advance-Surefire-Adhesive-product-group-705x529.jpg 705w\" sizes=\"(max-width: 800px) 100vw, 800px\" \/><\/div><\/div><\/div><\/div><\/div><\/div><\/main><!-- close content main element --><\/div><\/div>\n<style type=\"text\/css\" data-created_by=\"avia_inline_auto\" id=\"style-css-av-kk8bskp8-e1b9ca63a10ceadf3c13a9811f272f01\">\n.avia-section.av-kk8bskp8-e1b9ca63a10ceadf3c13a9811f272f01{\nbackground-color:#f2f2f2;\nbackground-image:unset;\n}\n<\/style>\n<div id='av_section_2'  class='avia-section av-kk8bskp8-e1b9ca63a10ceadf3c13a9811f272f01 main_color avia-section-default avia-no-border-styling  avia-builder-el-6  el_after_av_section  avia-builder-el-last  avia-bg-style-scroll container_wrap fullsize'  ><div class='container av-section-cont-open' ><div class='template-page content  av-content-full alpha units'><div class='post-entry post-entry-type-page post-entry-4737'><div class='entry-content-wrapper clearfix'>\n<section  class='av_textblock_section av-kjpuncv3-4e0cbe337b7d31a12fa190fd0084406f '   itemscope=\"itemscope\" itemtype=\"https:\/\/schema.org\/CreativeWork\" ><div class='avia_textblock'  itemprop=\"text\" ><p>[product_table columns=&#8221;name,sku,category,image,buy&#8221; image_size=&#8221;50&#8243; tag=&#8221;surefire-adhesive&#8221;]<\/p>\n<\/div><\/section>\n<\/p>\n","protected":false},"excerpt":{"rendered":"","protected":false},"author":455,"featured_media":0,"parent":0,"menu_order":0,"comment_status":"closed","ping_status":"closed","template":"","meta":{"_acf_changed":false,"footnotes":""},"class_list":["post-4737","page","type-page","status-publish","hentry"],"acf":[],"yoast_head":"<!-- This site is optimized with the Yoast SEO plugin v27.4 - https:\/\/yoast.com\/product\/yoast-seo-wordpress\/ -->\n<title>Surefire Adhesive\u00ae - Advance Tapes<\/title>\n<meta name=\"robots\" content=\"index, follow, max-snippet:-1, max-image-preview:large, max-video-preview:-1\" \/>\n<link rel=\"canonical\" href=\"https:\/\/advancetapes.com\/de\/surefire-adhesive\/\" \/>\n<meta property=\"og:locale\" content=\"de_DE\" \/>\n<meta property=\"og:type\" content=\"article\" \/>\n<meta property=\"og:title\" content=\"Surefire Adhesive\u00ae - Advance Tapes\" \/>\n<meta property=\"og:url\" content=\"https:\/\/advancetapes.com\/de\/surefire-adhesive\/\" \/>\n<meta property=\"og:site_name\" content=\"Advance Tapes\" \/>\n<meta property=\"article:modified_time\" content=\"2021-01-26T16:11:56+00:00\" \/>\n<meta name=\"twitter:card\" content=\"summary_large_image\" \/>\n<meta name=\"twitter:label1\" content=\"Est. reading time\" \/>\n\t<meta name=\"twitter:data1\" content=\"4 minutes\" \/>\n<!-- \/ Yoast SEO plugin. -->","yoast_head_json":{"title":"Surefire Adhesive\u00ae - Advance Tapes","robots":{"index":"index","follow":"follow","max-snippet":"max-snippet:-1","max-image-preview":"max-image-preview:large","max-video-preview":"max-video-preview:-1"},"canonical":"https:\/\/advancetapes.com\/de\/surefire-adhesive\/","og_locale":"de_DE","og_type":"article","og_title":"Surefire Adhesive\u00ae - Advance Tapes","og_url":"https:\/\/advancetapes.com\/de\/surefire-adhesive\/","og_site_name":"Advance Tapes","article_modified_time":"2021-01-26T16:11:56+00:00","twitter_card":"summary_large_image","twitter_misc":{"Est. reading time":"4 minutes"},"schema":{"@context":"https:\/\/schema.org","@graph":[{"@type":"WebPage","@id":"https:\/\/advancetapes.com\/de\/surefire-adhesive\/","url":"https:\/\/advancetapes.com\/de\/surefire-adhesive\/","name":"Surefire Adhesive\u00ae - Advance Tapes","isPartOf":{"@id":"https:\/\/advancetapes.com\/de\/#website"},"datePublished":"2021-01-24T11:45:05+00:00","dateModified":"2021-01-26T16:11:56+00:00","breadcrumb":{"@id":"https:\/\/advancetapes.com\/de\/surefire-adhesive\/#breadcrumb"},"inLanguage":"de-DE","potentialAction":[{"@type":"ReadAction","target":["https:\/\/advancetapes.com\/de\/surefire-adhesive\/"]}]},{"@type":"BreadcrumbList","@id":"https:\/\/advancetapes.com\/de\/surefire-adhesive\/#breadcrumb","itemListElement":[{"@type":"ListItem","position":1,"name":"Home","item":"https:\/\/advancetapes.com\/de\/"},{"@type":"ListItem","position":2,"name":"Surefire Adhesive\u00ae"}]},{"@type":"WebSite","@id":"https:\/\/advancetapes.com\/de\/#website","url":"https:\/\/advancetapes.com\/de\/","name":"Advance Tapes","description":"Adding more to adhesive tape","potentialAction":[{"@type":"SearchAction","target":{"@type":"EntryPoint","urlTemplate":"https:\/\/advancetapes.com\/de\/?s={search_term_string}"},"query-input":{"@type":"PropertyValueSpecification","valueRequired":true,"valueName":"search_term_string"}}],"inLanguage":"de-DE"}]}},"_links":{"self":[{"href":"https:\/\/advancetapes.com\/de\/wp-json\/wp\/v2\/pages\/4737","targetHints":{"allow":["GET"]}}],"collection":[{"href":"https:\/\/advancetapes.com\/de\/wp-json\/wp\/v2\/pages"}],"about":[{"href":"https:\/\/advancetapes.com\/de\/wp-json\/wp\/v2\/types\/page"}],"author":[{"embeddable":true,"href":"https:\/\/advancetapes.com\/de\/wp-json\/wp\/v2\/users\/455"}],"replies":[{"embeddable":true,"href":"https:\/\/advancetapes.com\/de\/wp-json\/wp\/v2\/comments?post=4737"}],"version-history":[{"count":0,"href":"https:\/\/advancetapes.com\/de\/wp-json\/wp\/v2\/pages\/4737\/revisions"}],"wp:attachment":[{"href":"https:\/\/advancetapes.com\/de\/wp-json\/wp\/v2\/media?parent=4737"}],"curies":[{"name":"wp","href":"https:\/\/api.w.org\/{rel}","templated":true}]}}