{"id":4695,"date":"2021-01-24T11:26:45","date_gmt":"2021-01-24T11:26:45","guid":{"rendered":"https:\/\/advancetapes.com\/bestehender-arbeitsschutz\/"},"modified":"2021-01-24T11:26:46","modified_gmt":"2021-01-24T11:26:46","slug":"bestehender-arbeitsschutz","status":"publish","type":"page","link":"https:\/\/advancetapes.com\/de\/bestehender-arbeitsschutz\/","title":{"rendered":"Bestehender Arbeitsschutz"},"content":{"rendered":"\n<style type=\"text\/css\" data-created_by=\"avia_inline_auto\" id=\"style-css-av-1m833-3ce70b3eafff02ef001514831f58d9f0\">\n.flex_column.av-1m833-3ce70b3eafff02ef001514831f58d9f0{\nborder-radius:0px 0px 0px 0px;\npadding:0px 0px 0px 0px;\n}\n<\/style>\n<div  class='flex_column av-1m833-3ce70b3eafff02ef001514831f58d9f0 av_one_half  avia-builder-el-0  el_before_av_one_half  avia-builder-el-first  first flex_column_div av-zero-column-padding  '     ><style type=\"text\/css\" data-created_by=\"avia_inline_auto\" id=\"style-css-av-kk8jqsi3-6b897f8902036d46621fcbdfb885a82c\">\n#top .av_textblock_section.av-kk8jqsi3-6b897f8902036d46621fcbdfb885a82c .avia_textblock{\ncolor:#008b98;\n}\n<\/style>\n<section  class='av_textblock_section av-kk8jqsi3-6b897f8902036d46621fcbdfb885a82c '   itemscope=\"itemscope\" itemtype=\"https:\/\/schema.org\/CreativeWork\" ><div class='avia_textblock our-health-safety-heading av_inherit_color'  itemprop=\"text\" ><h1>Bestehender Arbeitsschutz<\/h1>\n<\/div><\/section><br \/>\n<section  class='av_textblock_section av-kj8h65uf-edea984f2e0287259c52cc1cbe9cc71f '   itemscope=\"itemscope\" itemtype=\"https:\/\/schema.org\/CreativeWork\" ><div class='avia_textblock'  itemprop=\"text\" ><p>Das Wohlbefinden der Mitarbeiter, Lieferanten, Besucher und Kunden liegt Advance Tapes sehr am Herzen. Deshalb legen wir gr\u00f6\u00dften Wert auf die Aufrechterhaltung der Qualit\u00e4t unserer Arbeitssicherheit, die wir laufend kommunizieren, um sie im Bewusstsein unserer Mitarbeiter zu verankern.<\/p>\n<\/div><\/section><\/p><\/div>\n<style type=\"text\/css\" data-created_by=\"avia_inline_auto\" id=\"style-css-av-rukf-84d0dbd71e2f174eb2a263e0cb6bf5dc\">\n.flex_column.av-rukf-84d0dbd71e2f174eb2a263e0cb6bf5dc{\nborder-radius:0px 0px 0px 0px;\npadding:0px 0px 0px 0px;\n}\n<\/style>\n<div  class='flex_column av-rukf-84d0dbd71e2f174eb2a263e0cb6bf5dc av_one_half  avia-builder-el-3  el_after_av_one_half  el_before_av_section  avia-builder-el-last  flex_column_div av-zero-column-padding  '     ><style type=\"text\/css\" data-created_by=\"avia_inline_auto\" id=\"style-css-av-kj8h70yu-debdfa590ae6aa739b20404b144bec33\">\n.avia-image-container.av-kj8h70yu-debdfa590ae6aa739b20404b144bec33 img.avia_image{\nbox-shadow:none;\n}\n.avia-image-container.av-kj8h70yu-debdfa590ae6aa739b20404b144bec33 .av-image-caption-overlay-center{\ncolor:#ffffff;\n}\n<\/style>\n<div  class='avia-image-container av-kj8h70yu-debdfa590ae6aa739b20404b144bec33 av-styling- avia-align-center  avia-builder-el-4  avia-builder-el-no-sibling '   itemprop=\"image\" itemscope=\"itemscope\" itemtype=\"https:\/\/schema.org\/ImageObject\" ><div class=\"avia-image-container-inner\"><div class=\"avia-image-overlay-wrap\"><img decoding=\"async\" fetchpriority=\"high\" class='wp-image-2493 avia-img-lazy-loading-not-2493 avia_image ' src=\"https:\/\/advancetapes.com\/wp-content\/uploads\/2020\/12\/British-Safety-Council-Member-Logo.jpg\" alt='' title='British-Safety-Council-Member-Logo'  height=\"600\" width=\"800\"  itemprop=\"thumbnailUrl\" srcset=\"https:\/\/advancetapes.com\/wp-content\/uploads\/2020\/12\/British-Safety-Council-Member-Logo.jpg 800w, https:\/\/advancetapes.com\/wp-content\/uploads\/2020\/12\/British-Safety-Council-Member-Logo-600x450.jpg 600w, https:\/\/advancetapes.com\/wp-content\/uploads\/2020\/12\/British-Safety-Council-Member-Logo-300x225.jpg 300w, https:\/\/advancetapes.com\/wp-content\/uploads\/2020\/12\/British-Safety-Council-Member-Logo-768x576.jpg 768w, https:\/\/advancetapes.com\/wp-content\/uploads\/2020\/12\/British-Safety-Council-Member-Logo-705x529.jpg 705w\" sizes=\"(max-width: 800px) 100vw, 800px\" \/><\/div><\/div><\/div><\/div><\/p>\n<\/div><\/div><\/div><!-- close content main div --><\/div><\/div>\n<style type=\"text\/css\" data-created_by=\"avia_inline_auto\" id=\"style-css-av-kj8l72dk-43a8333cd71ddbcbb76e7d7bb6c4f034\">\n.avia-section.av-kj8l72dk-43a8333cd71ddbcbb76e7d7bb6c4f034{\nbackground-color:#e6e7e8;\nbackground-image:unset;\n}\n<\/style>\n<div id='av_section_1'  class='avia-section av-kj8l72dk-43a8333cd71ddbcbb76e7d7bb6c4f034 main_color avia-section-default avia-no-border-styling  avia-builder-el-5  el_after_av_one_half  avia-builder-el-last  avia-bg-style-scroll container_wrap fullsize'  ><div class='container av-section-cont-open' ><div class='template-page content  av-content-full alpha units'><div class='post-entry post-entry-type-page post-entry-4695'><div class='entry-content-wrapper clearfix'>\n<section  class='av_textblock_section av-kj8h65uf-edea984f2e0287259c52cc1cbe9cc71f '   itemscope=\"itemscope\" itemtype=\"https:\/\/schema.org\/CreativeWork\" ><div class='avia_textblock'  itemprop=\"text\" ><p>Wir nutzen bew\u00e4hrte Methoden zur Gefahrenanalyse m\u00f6glicher Probleme, die sich in unserem Betrieb ergeben k\u00f6nnten und haben Schutzma\u00dfnahmen eingef\u00fchrt, um die M\u00f6glichkeit von Unf\u00e4llen zu minimieren. In Laufe der letzten Jahre haben wir im gesamten Betriebsbereich wesentliche Fortschritte bei der Arbeitssicherheit erzielt.<\/p>\n<\/div><\/section>\n\n","protected":false},"excerpt":{"rendered":"","protected":false},"author":455,"featured_media":0,"parent":0,"menu_order":0,"comment_status":"closed","ping_status":"closed","template":"","meta":{"_acf_changed":false,"footnotes":""},"class_list":["post-4695","page","type-page","status-publish","hentry"],"acf":[],"yoast_head":"<!-- This site is optimized with the Yoast SEO plugin v27.4 - https:\/\/yoast.com\/product\/yoast-seo-wordpress\/ -->\n<title>Bestehender Arbeitsschutz - Advance Tapes<\/title>\n<meta name=\"robots\" content=\"index, follow, max-snippet:-1, max-image-preview:large, max-video-preview:-1\" \/>\n<link rel=\"canonical\" href=\"https:\/\/advancetapes.com\/de\/bestehender-arbeitsschutz\/\" \/>\n<meta property=\"og:locale\" content=\"de_DE\" \/>\n<meta property=\"og:type\" content=\"article\" \/>\n<meta property=\"og:title\" content=\"Bestehender Arbeitsschutz - Advance Tapes\" \/>\n<meta property=\"og:url\" content=\"https:\/\/advancetapes.com\/de\/bestehender-arbeitsschutz\/\" \/>\n<meta property=\"og:site_name\" content=\"Advance Tapes\" \/>\n<meta property=\"article:modified_time\" content=\"2021-01-24T11:26:46+00:00\" \/>\n<meta name=\"twitter:card\" content=\"summary_large_image\" \/>\n<meta name=\"twitter:label1\" content=\"Est. reading time\" \/>\n\t<meta name=\"twitter:data1\" content=\"3 minutes\" \/>\n<!-- \/ Yoast SEO plugin. -->","yoast_head_json":{"title":"Bestehender Arbeitsschutz - Advance Tapes","robots":{"index":"index","follow":"follow","max-snippet":"max-snippet:-1","max-image-preview":"max-image-preview:large","max-video-preview":"max-video-preview:-1"},"canonical":"https:\/\/advancetapes.com\/de\/bestehender-arbeitsschutz\/","og_locale":"de_DE","og_type":"article","og_title":"Bestehender Arbeitsschutz - Advance Tapes","og_url":"https:\/\/advancetapes.com\/de\/bestehender-arbeitsschutz\/","og_site_name":"Advance Tapes","article_modified_time":"2021-01-24T11:26:46+00:00","twitter_card":"summary_large_image","twitter_misc":{"Est. reading time":"3 minutes"},"schema":{"@context":"https:\/\/schema.org","@graph":[{"@type":"WebPage","@id":"https:\/\/advancetapes.com\/de\/bestehender-arbeitsschutz\/","url":"https:\/\/advancetapes.com\/de\/bestehender-arbeitsschutz\/","name":"Bestehender Arbeitsschutz - Advance Tapes","isPartOf":{"@id":"https:\/\/advancetapes.com\/de\/#website"},"datePublished":"2021-01-24T11:26:45+00:00","dateModified":"2021-01-24T11:26:46+00:00","breadcrumb":{"@id":"https:\/\/advancetapes.com\/de\/bestehender-arbeitsschutz\/#breadcrumb"},"inLanguage":"de-DE","potentialAction":[{"@type":"ReadAction","target":["https:\/\/advancetapes.com\/de\/bestehender-arbeitsschutz\/"]}]},{"@type":"BreadcrumbList","@id":"https:\/\/advancetapes.com\/de\/bestehender-arbeitsschutz\/#breadcrumb","itemListElement":[{"@type":"ListItem","position":1,"name":"Home","item":"https:\/\/advancetapes.com\/de\/"},{"@type":"ListItem","position":2,"name":"Bestehender Arbeitsschutz"}]},{"@type":"WebSite","@id":"https:\/\/advancetapes.com\/de\/#website","url":"https:\/\/advancetapes.com\/de\/","name":"Advance Tapes","description":"Adding more to adhesive tape","potentialAction":[{"@type":"SearchAction","target":{"@type":"EntryPoint","urlTemplate":"https:\/\/advancetapes.com\/de\/?s={search_term_string}"},"query-input":{"@type":"PropertyValueSpecification","valueRequired":true,"valueName":"search_term_string"}}],"inLanguage":"de-DE"}]}},"_links":{"self":[{"href":"https:\/\/advancetapes.com\/de\/wp-json\/wp\/v2\/pages\/4695","targetHints":{"allow":["GET"]}}],"collection":[{"href":"https:\/\/advancetapes.com\/de\/wp-json\/wp\/v2\/pages"}],"about":[{"href":"https:\/\/advancetapes.com\/de\/wp-json\/wp\/v2\/types\/page"}],"author":[{"embeddable":true,"href":"https:\/\/advancetapes.com\/de\/wp-json\/wp\/v2\/users\/455"}],"replies":[{"embeddable":true,"href":"https:\/\/advancetapes.com\/de\/wp-json\/wp\/v2\/comments?post=4695"}],"version-history":[{"count":0,"href":"https:\/\/advancetapes.com\/de\/wp-json\/wp\/v2\/pages\/4695\/revisions"}],"wp:attachment":[{"href":"https:\/\/advancetapes.com\/de\/wp-json\/wp\/v2\/media?parent=4695"}],"curies":[{"name":"wp","href":"https:\/\/api.w.org\/{rel}","templated":true}]}}